{"id":90263,"date":"2022-02-27T12:00:07","date_gmt":"2022-02-27T11:00:07","guid":{"rendered":"https:\/\/www.sestogrado.it\/?post_type=product&#038;p=90263"},"modified":"2026-03-22T18:29:58","modified_gmt":"2026-03-22T17:29:58","slug":"millet-mixt-255-zaino-alpinismo-scialpinismo","status":"publish","type":"product","link":"https:\/\/www.sestogrado.it\/en\/prodotto\/millet-mixt-255-zaino-alpinismo-scialpinismo\/","title":{"rendered":"Millet Mixt 25+5 zaino alpinismo scialpinismo"},"content":{"rendered":"<p>Il Millet Mixt 25+5 \u00e8 uno zaino da alpinismo tecnico e scialpinismo con apertura top e sistema di caricamento sci laterale. E&#8217; uno zaino tecnico e robusto, che non ti deluder\u00e0 mai, indipendentemente dalla situazione in cui ti trovi. Il Mixt 25+5 offre agli appassionati di montagna una soluzione leggera e ultra funzionale: \u00e8 pensato per attivit\u00e0 dall&#8217;escursionismo allo scialpinismo, nonch\u00e9 all&#8217;alpinismo in tutte le stagioni. Il sistema di chiusura rapida permette di modulare la capacit\u00e0 di stoccaggio con un&#8217;estensione ulteriore di 5 litri. Il Millet Mixt 25+5 \u00e8 attrezzato per trasportare in comodit\u00e0 e sicurezza materiali come sci, piccozze, un casco o una corda all&#8217;esterno. Ultraleggero e incredibilmente robusto, il Millet Mixt 25+5 dispone di tessuto ripstop impermeabile, per le imprevedibili situazioni avverse in alta quota.<\/p>\n<p>Pu\u00f2 essere reso pi\u00f9 leggero grazie alle cinghie rimovibili e offre tasche intelligenti ad accesso rapido;\u00a0 per soli 690 g di peso.<\/p>\n<p>-cinghia dello sterno regolabile<br \/>\n-cinghia sternale rimovibile<br \/>\n-tracolla removibile<br \/>\n-cinghie ergonomiche<br \/>\n-2 cinghie di compressione laterali<br \/>\n-cinghie di regolazione del carico<br \/>\n-portabottiglie su tracolla<br \/>\n-tasca per smartphone sulla tracolla<br \/>\n-portasci laterale<br \/>\n-porta corda<br \/>\n-porta piccozza fpp\u2122<br \/>\n-si srotola per aprire<br \/>\n-apertura rapida della clip<br \/>\n-sistema estensibile di 5 litri<br \/>\n-1 tasca frontale in rete<br \/>\n-1 tasca frontale con zip<br \/>\n-1 tasca interna in rete con cerniera<br \/>\n-scomparto del sistema di idratazione<br \/>\n-portachiavi<\/p>\n<div class=\"embed-responsive embed-responsive-16by9\"><iframe title=\"MILLET | MIXT25+5\" width=\"500\" height=\"281\" src=\"https:\/\/www.youtube.com\/embed\/hzjWS2a0Q4k?feature=oembed\" frameborder=\"0\" allow=\"accelerometer; autoplay; clipboard-write; encrypted-media; gyroscope; picture-in-picture; web-share\" referrerpolicy=\"strict-origin-when-cross-origin\" allowfullscreen><\/iframe><\/div>\n<p>Il Millet Mixt 25+10 \u00e8 l&#8217;ideale per chi cerca uno zaino versatile e funzionale in diverse occasioni in quota.<\/p>\n<p>&nbsp;<\/p>\n<p>Nel 1934, venne lanciato sul mercato il primo zaino Millet. L\u2019attrezzatura Millet si distingue per leggerezza, durata e alta qualit\u00e0. L\u2019azienda si basa sull\u2019esperienza dei migliori alpinisti, come ad esempio Reinhold Messner. Nel 1978 l\u2019alpinista altoatesino ha conquistato la vetta pi\u00f9 alta del mondo: senza maschera di ossigeno, ma con l\u00b4attrezzatura Millet.<\/p>\n","protected":false},"excerpt":{"rendered":"<p>Il Millet Mixt 25+5 \u00e8 uno zaino da alpinismo tecnico e scialpinismo con apertura top e sistema di caricamento sci [&hellip;]<\/p>\n","protected":false},"featured_media":212958,"comment_status":"open","ping_status":"closed","template":"","meta":{"_acf_changed":false},"product_brand":[312],"product_cat":[389,1431],"product_tag":[],"class_list":{"0":"post-90263","1":"product","2":"type-product","3":"status-publish","4":"has-post-thumbnail","6":"product_brand-millet","7":"product_cat-zaini-alpinismo","8":"product_cat-scialpinismo-zaini","10":"first","11":"instock","12":"sale","13":"taxable","14":"shipping-taxable","15":"purchasable","16":"product-type-variable"},"acf":[],"yoast_head":"<!-- This site is optimized with the Yoast SEO plugin v26.4 - https:\/\/yoast.com\/wordpress\/plugins\/seo\/ -->\n<title>Millet Mixt 25+5 zaino alpinismo scialpinismo - Sestogrado<\/title>\n<meta name=\"description\" content=\"Il Millet Mixt 25+5 \u00e8 uno zaino da alpinismo e scialpinismo con apertura top e sistema di caricamento sci laterale. E&#039; uno zaino tecnico e robusto, che non ti deluder\u00e0 mai, indipendentemente dalla situazione in cui ti trovi. Il Mixt 25+5 offre agli appassionati di montagna una soluzione leggera e ultra funzionale: \u00e8 pensato per attivit\u00e0 dall&#039;escursionismo allo scialpinismo, nonch\u00e9 all&#039;alpinismo in tutte le stagioni. Il sistema di chiusura rapida permette di modulare la capacit\u00e0 di stoccaggio con un&#039;estensione ulteriore di 5 litri. Il Millet Mixt 25+5 \u00e8 attrezzato per trasportare in comodit\u00e0 e sicurezza materiali come sci, piccozze, un casco o una corda all&#039;esterno. Ultraleggero e incredibilmente robusto, il Millet Mixt 25+5 dispone di tessuto ripstop impermeabile, per le imprevedibili situazioni avverse in alta quota.Pu\u00f2 essere reso pi\u00f9 leggero grazie alle cinghie rimovibili e offre tasche intelligenti ad accesso rapido;\u00a0 per soli 690 g di peso.\" \/>\n<meta name=\"robots\" content=\"index, follow, max-snippet:-1, max-image-preview:large, max-video-preview:-1\" \/>\n<link rel=\"canonical\" href=\"https:\/\/www.sestogrado.it\/en\/prodotto\/millet-mixt-255-zaino-alpinismo-scialpinismo\/\" \/>\n<meta property=\"og:locale\" content=\"en_US\" \/>\n<meta property=\"og:type\" content=\"article\" \/>\n<meta property=\"og:title\" content=\"Millet Mixt 25+5 zaino alpinismo scialpinismo - Sestogrado\" \/>\n<meta property=\"og:description\" content=\"Il Millet Mixt 25+5 \u00e8 uno zaino da alpinismo e scialpinismo con apertura top e sistema di caricamento sci laterale. E&#039; uno zaino tecnico e robusto, che non ti deluder\u00e0 mai, indipendentemente dalla situazione in cui ti trovi. Il Mixt 25+5 offre agli appassionati di montagna una soluzione leggera e ultra funzionale: \u00e8 pensato per attivit\u00e0 dall&#039;escursionismo allo scialpinismo, nonch\u00e9 all&#039;alpinismo in tutte le stagioni. Il sistema di chiusura rapida permette di modulare la capacit\u00e0 di stoccaggio con un&#039;estensione ulteriore di 5 litri. Il Millet Mixt 25+5 \u00e8 attrezzato per trasportare in comodit\u00e0 e sicurezza materiali come sci, piccozze, un casco o una corda all&#039;esterno. Ultraleggero e incredibilmente robusto, il Millet Mixt 25+5 dispone di tessuto ripstop impermeabile, per le imprevedibili situazioni avverse in alta quota.Pu\u00f2 essere reso pi\u00f9 leggero grazie alle cinghie rimovibili e offre tasche intelligenti ad accesso rapido;\u00a0 per soli 690 g di peso.\" \/>\n<meta property=\"og:url\" content=\"https:\/\/www.sestogrado.it\/en\/prodotto\/millet-mixt-255-zaino-alpinismo-scialpinismo\/\" \/>\n<meta property=\"og:site_name\" content=\"Sestogrado\" \/>\n<meta property=\"article:publisher\" content=\"https:\/\/www.facebook.com\/pages\/Sestogrado\/1542635979353017?ref=bookmarks\" \/>\n<meta property=\"article:modified_time\" content=\"2026-03-22T17:29:58+00:00\" \/>\n<meta property=\"og:image\" content=\"https:\/\/www.sestogrado.it\/wp-content\/uploads\/2022\/02\/01-16.jpg\" \/>\n\t<meta property=\"og:image:width\" content=\"1000\" \/>\n\t<meta property=\"og:image:height\" content=\"1000\" \/>\n\t<meta property=\"og:image:type\" content=\"image\/jpeg\" \/>\n<meta name=\"twitter:label1\" content=\"Availability\" \/>\n\t<meta name=\"twitter:data1\" content=\"In stock\" \/>\n<script type=\"application\/ld+json\" class=\"yoast-schema-graph\">{\"@context\":\"https:\/\/schema.org\",\"@graph\":[{\"@type\":\"WebPage\",\"@id\":\"https:\/\/www.sestogrado.it\/en\/prodotto\/millet-mixt-255-zaino-alpinismo-scialpinismo\/\",\"url\":\"https:\/\/www.sestogrado.it\/en\/prodotto\/millet-mixt-255-zaino-alpinismo-scialpinismo\/\",\"name\":\"Millet Mixt 25+5 zaino alpinismo scialpinismo - Sestogrado\",\"isPartOf\":{\"@id\":\"https:\/\/www.sestogrado.it\/en\/#website\"},\"primaryImageOfPage\":{\"@id\":\"https:\/\/www.sestogrado.it\/en\/prodotto\/millet-mixt-255-zaino-alpinismo-scialpinismo\/#primaryimage\"},\"image\":{\"@id\":\"https:\/\/www.sestogrado.it\/prodotto\/millet-mixt-255-zaino-alpinismo-scialpinismo\/#primaryimage\"},\"thumbnailUrl\":\"https:\/\/www.sestogrado.it\/wp-content\/uploads\/2022\/02\/01-16.jpg\",\"datePublished\":\"2022-02-27T11:00:07+00:00\",\"dateModified\":\"2026-03-22T17:29:58+00:00\",\"description\":\"Il Millet Mixt 25+5 \u00e8 uno zaino da alpinismo e scialpinismo con apertura top e sistema di caricamento sci laterale. E' uno zaino tecnico e robusto, che non ti deluder\u00e0 mai, indipendentemente dalla situazione in cui ti trovi. Il Mixt 25+5 offre agli appassionati di montagna una soluzione leggera e ultra funzionale: \u00e8 pensato per attivit\u00e0 dall'escursionismo allo scialpinismo, nonch\u00e9 all'alpinismo in tutte le stagioni. Il sistema di chiusura rapida permette di modulare la capacit\u00e0 di stoccaggio con un'estensione ulteriore di 5 litri. Il Millet Mixt 25+5 \u00e8 attrezzato per trasportare in comodit\u00e0 e sicurezza materiali come sci, piccozze, un casco o una corda all'esterno. Ultraleggero e incredibilmente robusto, il Millet Mixt 25+5 dispone di tessuto ripstop impermeabile, per le imprevedibili situazioni avverse in alta quota.Pu\u00f2 essere reso pi\u00f9 leggero grazie alle cinghie rimovibili e offre tasche intelligenti ad accesso rapido;\u00a0 per soli 690 g di peso.\",\"breadcrumb\":{\"@id\":\"https:\/\/www.sestogrado.it\/en\/prodotto\/millet-mixt-255-zaino-alpinismo-scialpinismo\/#breadcrumb\"},\"inLanguage\":\"en-US\",\"potentialAction\":[{\"@type\":\"ReadAction\",\"target\":[[\"https:\/\/www.sestogrado.it\/en\/prodotto\/millet-mixt-255-zaino-alpinismo-scialpinismo\/\"]]}]},{\"@type\":\"ImageObject\",\"inLanguage\":\"en-US\",\"@id\":\"https:\/\/www.sestogrado.it\/en\/prodotto\/millet-mixt-255-zaino-alpinismo-scialpinismo\/#primaryimage\",\"url\":\"https:\/\/www.sestogrado.it\/wp-content\/uploads\/2022\/02\/01-16.jpg\",\"contentUrl\":\"https:\/\/www.sestogrado.it\/wp-content\/uploads\/2022\/02\/01-16.jpg\",\"width\":1000,\"height\":1000,\"caption\":\"mixt 25 verde bottiglia\"},{\"@type\":\"BreadcrumbList\",\"@id\":\"https:\/\/www.sestogrado.it\/en\/prodotto\/millet-mixt-255-zaino-alpinismo-scialpinismo\/#breadcrumb\",\"itemListElement\":[{\"@type\":\"ListItem\",\"position\":1,\"name\":\"Home\",\"item\":\"https:\/\/www.sestogrado.it\/en\/\"},{\"@type\":\"ListItem\",\"position\":2,\"name\":\"Shop\",\"item\":\"https:\/\/www.sestogrado.it\/en\/shop\/\"},{\"@type\":\"ListItem\",\"position\":3,\"name\":\"Millet Mixt 25+5 zaino alpinismo\"}]},{\"@type\":\"WebSite\",\"@id\":\"https:\/\/www.sestogrado.it\/en\/#website\",\"url\":\"https:\/\/www.sestogrado.it\/en\/\",\"name\":\"Sestogrado\",\"description\":\"yes we climb\",\"publisher\":{\"@id\":\"https:\/\/www.sestogrado.it\/en\/#organization\"},\"potentialAction\":[{\"@type\":\"SearchAction\",\"target\":{\"@type\":\"EntryPoint\",\"urlTemplate\":\"https:\/\/www.sestogrado.it\/en\/?s={search_term_string}\"},\"query-input\":{\"@type\":\"PropertyValueSpecification\",\"valueRequired\":true,\"valueName\":\"search_term_string\"}}],\"inLanguage\":\"en-US\"},{\"@type\":\"Organization\",\"@id\":\"https:\/\/www.sestogrado.it\/en\/#organization\",\"name\":\"Sestogrado\",\"url\":\"https:\/\/www.sestogrado.it\/en\/\",\"logo\":{\"@type\":\"ImageObject\",\"inLanguage\":\"en-US\",\"@id\":\"https:\/\/www.sestogrado.it\/en\/#\/schema\/logo\/image\/\",\"url\":\"https:\/\/www.sestogrado.it\/wp-content\/uploads\/2015\/03\/sestogrado-favicon.png\",\"contentUrl\":\"https:\/\/www.sestogrado.it\/wp-content\/uploads\/2015\/03\/sestogrado-favicon.png\",\"width\":260,\"height\":260,\"caption\":\"Sestogrado\"},\"image\":{\"@id\":\"https:\/\/www.sestogrado.it\/en\/#\/schema\/logo\/image\/\"},\"sameAs\":[\"https:\/\/www.facebook.com\/pages\/Sestogrado\/1542635979353017?ref=bookmarks\",\"https:\/\/www.youtube.com\/channel\/UC847kAfTkaJsWpc1jtQwr3Q\"],\"hasMerchantReturnPolicy\":{\"@type\":\"MerchantReturnPolicy\",\"merchantReturnLink\":\"https:\/\/www.sestogrado.it\/en\/termini-e-condizioni\/\"}}]}<\/script>\n<meta property=\"product:brand\" content=\"Millet\" \/>\n<meta property=\"og:availability\" content=\"instock\" \/>\n<meta property=\"product:availability\" content=\"instock\" \/>\n<meta property=\"product:condition\" content=\"new\" \/>\n<!-- \/ Yoast SEO plugin. -->","yoast_head_json":{"title":"Millet Mixt 25+5 zaino alpinismo scialpinismo - Sestogrado","description":"Il Millet Mixt 25+5 \u00e8 uno zaino da alpinismo e scialpinismo con apertura top e sistema di caricamento sci laterale. E' uno zaino tecnico e robusto, che non ti deluder\u00e0 mai, indipendentemente dalla situazione in cui ti trovi. Il Mixt 25+5 offre agli appassionati di montagna una soluzione leggera e ultra funzionale: \u00e8 pensato per attivit\u00e0 dall'escursionismo allo scialpinismo, nonch\u00e9 all'alpinismo in tutte le stagioni. Il sistema di chiusura rapida permette di modulare la capacit\u00e0 di stoccaggio con un'estensione ulteriore di 5 litri. Il Millet Mixt 25+5 \u00e8 attrezzato per trasportare in comodit\u00e0 e sicurezza materiali come sci, piccozze, un casco o una corda all'esterno. Ultraleggero e incredibilmente robusto, il Millet Mixt 25+5 dispone di tessuto ripstop impermeabile, per le imprevedibili situazioni avverse in alta quota.Pu\u00f2 essere reso pi\u00f9 leggero grazie alle cinghie rimovibili e offre tasche intelligenti ad accesso rapido;\u00a0 per soli 690 g di peso.","robots":{"index":"index","follow":"follow","max-snippet":"max-snippet:-1","max-image-preview":"max-image-preview:large","max-video-preview":"max-video-preview:-1"},"canonical":"https:\/\/www.sestogrado.it\/en\/prodotto\/millet-mixt-255-zaino-alpinismo-scialpinismo\/","og_locale":"en_US","og_type":"article","og_title":"Millet Mixt 25+5 zaino alpinismo scialpinismo - Sestogrado","og_description":"Il Millet Mixt 25+5 \u00e8 uno zaino da alpinismo e scialpinismo con apertura top e sistema di caricamento sci laterale. E' uno zaino tecnico e robusto, che non ti deluder\u00e0 mai, indipendentemente dalla situazione in cui ti trovi. Il Mixt 25+5 offre agli appassionati di montagna una soluzione leggera e ultra funzionale: \u00e8 pensato per attivit\u00e0 dall'escursionismo allo scialpinismo, nonch\u00e9 all'alpinismo in tutte le stagioni. Il sistema di chiusura rapida permette di modulare la capacit\u00e0 di stoccaggio con un'estensione ulteriore di 5 litri. Il Millet Mixt 25+5 \u00e8 attrezzato per trasportare in comodit\u00e0 e sicurezza materiali come sci, piccozze, un casco o una corda all'esterno. Ultraleggero e incredibilmente robusto, il Millet Mixt 25+5 dispone di tessuto ripstop impermeabile, per le imprevedibili situazioni avverse in alta quota.Pu\u00f2 essere reso pi\u00f9 leggero grazie alle cinghie rimovibili e offre tasche intelligenti ad accesso rapido;\u00a0 per soli 690 g di peso.","og_url":"https:\/\/www.sestogrado.it\/en\/prodotto\/millet-mixt-255-zaino-alpinismo-scialpinismo\/","og_site_name":"Sestogrado","article_publisher":"https:\/\/www.facebook.com\/pages\/Sestogrado\/1542635979353017?ref=bookmarks","article_modified_time":"2026-03-22T17:29:58+00:00","og_image":[{"width":1000,"height":1000,"url":"https:\/\/www.sestogrado.it\/wp-content\/uploads\/2022\/02\/01-16.jpg","type":"image\/jpeg"}],"twitter_misc":{"Availability":"In stock"},"schema":{"@context":"https:\/\/schema.org","@graph":[{"@type":"WebPage","@id":"https:\/\/www.sestogrado.it\/en\/prodotto\/millet-mixt-255-zaino-alpinismo-scialpinismo\/","url":"https:\/\/www.sestogrado.it\/en\/prodotto\/millet-mixt-255-zaino-alpinismo-scialpinismo\/","name":"Millet Mixt 25+5 zaino alpinismo scialpinismo - Sestogrado","isPartOf":{"@id":"https:\/\/www.sestogrado.it\/en\/#website"},"primaryImageOfPage":{"@id":"https:\/\/www.sestogrado.it\/en\/prodotto\/millet-mixt-255-zaino-alpinismo-scialpinismo\/#primaryimage"},"image":{"@id":"https:\/\/www.sestogrado.it\/prodotto\/millet-mixt-255-zaino-alpinismo-scialpinismo\/#primaryimage"},"thumbnailUrl":"https:\/\/www.sestogrado.it\/wp-content\/uploads\/2022\/02\/01-16.jpg","datePublished":"2022-02-27T11:00:07+00:00","dateModified":"2026-03-22T17:29:58+00:00","description":"Il Millet Mixt 25+5 \u00e8 uno zaino da alpinismo e scialpinismo con apertura top e sistema di caricamento sci laterale. E' uno zaino tecnico e robusto, che non ti deluder\u00e0 mai, indipendentemente dalla situazione in cui ti trovi. Il Mixt 25+5 offre agli appassionati di montagna una soluzione leggera e ultra funzionale: \u00e8 pensato per attivit\u00e0 dall'escursionismo allo scialpinismo, nonch\u00e9 all'alpinismo in tutte le stagioni. Il sistema di chiusura rapida permette di modulare la capacit\u00e0 di stoccaggio con un'estensione ulteriore di 5 litri. Il Millet Mixt 25+5 \u00e8 attrezzato per trasportare in comodit\u00e0 e sicurezza materiali come sci, piccozze, un casco o una corda all'esterno. Ultraleggero e incredibilmente robusto, il Millet Mixt 25+5 dispone di tessuto ripstop impermeabile, per le imprevedibili situazioni avverse in alta quota.Pu\u00f2 essere reso pi\u00f9 leggero grazie alle cinghie rimovibili e offre tasche intelligenti ad accesso rapido;\u00a0 per soli 690 g di peso.","breadcrumb":{"@id":"https:\/\/www.sestogrado.it\/en\/prodotto\/millet-mixt-255-zaino-alpinismo-scialpinismo\/#breadcrumb"},"inLanguage":"en-US","potentialAction":[{"@type":"ReadAction","target":[["https:\/\/www.sestogrado.it\/en\/prodotto\/millet-mixt-255-zaino-alpinismo-scialpinismo\/"]]}]},{"@type":"ImageObject","inLanguage":"en-US","@id":"https:\/\/www.sestogrado.it\/en\/prodotto\/millet-mixt-255-zaino-alpinismo-scialpinismo\/#primaryimage","url":"https:\/\/www.sestogrado.it\/wp-content\/uploads\/2022\/02\/01-16.jpg","contentUrl":"https:\/\/www.sestogrado.it\/wp-content\/uploads\/2022\/02\/01-16.jpg","width":1000,"height":1000,"caption":"mixt 25 verde bottiglia"},{"@type":"BreadcrumbList","@id":"https:\/\/www.sestogrado.it\/en\/prodotto\/millet-mixt-255-zaino-alpinismo-scialpinismo\/#breadcrumb","itemListElement":[{"@type":"ListItem","position":1,"name":"Home","item":"https:\/\/www.sestogrado.it\/en\/"},{"@type":"ListItem","position":2,"name":"Shop","item":"https:\/\/www.sestogrado.it\/en\/shop\/"},{"@type":"ListItem","position":3,"name":"Millet Mixt 25+5 zaino alpinismo"}]},{"@type":"WebSite","@id":"https:\/\/www.sestogrado.it\/en\/#website","url":"https:\/\/www.sestogrado.it\/en\/","name":"Sestogrado","description":"yes we climb","publisher":{"@id":"https:\/\/www.sestogrado.it\/en\/#organization"},"potentialAction":[{"@type":"SearchAction","target":{"@type":"EntryPoint","urlTemplate":"https:\/\/www.sestogrado.it\/en\/?s={search_term_string}"},"query-input":{"@type":"PropertyValueSpecification","valueRequired":true,"valueName":"search_term_string"}}],"inLanguage":"en-US"},{"@type":"Organization","@id":"https:\/\/www.sestogrado.it\/en\/#organization","name":"Sestogrado","url":"https:\/\/www.sestogrado.it\/en\/","logo":{"@type":"ImageObject","inLanguage":"en-US","@id":"https:\/\/www.sestogrado.it\/en\/#\/schema\/logo\/image\/","url":"https:\/\/www.sestogrado.it\/wp-content\/uploads\/2015\/03\/sestogrado-favicon.png","contentUrl":"https:\/\/www.sestogrado.it\/wp-content\/uploads\/2015\/03\/sestogrado-favicon.png","width":260,"height":260,"caption":"Sestogrado"},"image":{"@id":"https:\/\/www.sestogrado.it\/en\/#\/schema\/logo\/image\/"},"sameAs":["https:\/\/www.facebook.com\/pages\/Sestogrado\/1542635979353017?ref=bookmarks","https:\/\/www.youtube.com\/channel\/UC847kAfTkaJsWpc1jtQwr3Q"],"hasMerchantReturnPolicy":{"@type":"MerchantReturnPolicy","merchantReturnLink":"https:\/\/www.sestogrado.it\/en\/termini-e-condizioni\/"}}]},"product_brand":"Millet","og_availability":"instock","product_availability":"instock","product_condition":"new"},"_links":{"self":[{"href":"https:\/\/www.sestogrado.it\/en\/wp-json\/wp\/v2\/product\/90263","targetHints":{"allow":["GET"]}}],"collection":[{"href":"https:\/\/www.sestogrado.it\/en\/wp-json\/wp\/v2\/product"}],"about":[{"href":"https:\/\/www.sestogrado.it\/en\/wp-json\/wp\/v2\/types\/product"}],"replies":[{"embeddable":true,"href":"https:\/\/www.sestogrado.it\/en\/wp-json\/wp\/v2\/comments?post=90263"}],"wp:featuredmedia":[{"embeddable":true,"href":"https:\/\/www.sestogrado.it\/en\/wp-json\/wp\/v2\/media\/212958"}],"wp:attachment":[{"href":"https:\/\/www.sestogrado.it\/en\/wp-json\/wp\/v2\/media?parent=90263"}],"wp:term":[{"taxonomy":"product_brand","embeddable":true,"href":"https:\/\/www.sestogrado.it\/en\/wp-json\/wp\/v2\/product_brand?post=90263"},{"taxonomy":"product_cat","embeddable":true,"href":"https:\/\/www.sestogrado.it\/en\/wp-json\/wp\/v2\/product_cat?post=90263"},{"taxonomy":"product_tag","embeddable":true,"href":"https:\/\/www.sestogrado.it\/en\/wp-json\/wp\/v2\/product_tag?post=90263"}],"curies":[{"name":"wp","href":"https:\/\/api.w.org\/{rel}","templated":true}]}}