{"id":89446,"date":"2021-12-21T16:33:02","date_gmt":"2021-12-21T15:33:02","guid":{"rendered":"https:\/\/www.sestogrado.it\/?post_type=product&#038;p=89446"},"modified":"2026-04-12T17:00:40","modified_gmt":"2026-04-12T15:00:40","slug":"camp-alp-race-imbrago-scialpinismo-ultra-leggero","status":"publish","type":"product","link":"https:\/\/www.sestogrado.it\/en\/prodotto\/camp-alp-race-imbrago-scialpinismo-ultra-leggero\/","title":{"rendered":"CAMP ALP RACE imbrago scialpinismo ultra leggero"},"content":{"rendered":"<p class=\"qtranxs-available-languages-message qtranxs-available-languages-message-en\">Sorry, this entry is only available in <a href=\"https:\/\/www.sestogrado.it\/it\/wp-json\/wp\/v2\/product\/89446\" class=\"qtranxs-available-language-link qtranxs-available-language-link-it\" title=\"Italiano\">Italiano<\/a>.<\/p>","protected":false},"excerpt":{"rendered":"<p>Sorry, this entry is only available in Italiano.<\/p>\n","protected":false},"featured_media":89447,"comment_status":"open","ping_status":"closed","template":"","meta":{"_acf_changed":false},"product_brand":[31],"product_cat":[1336],"product_tag":[],"class_list":{"0":"post-89446","1":"product","2":"type-product","3":"status-publish","4":"has-post-thumbnail","6":"product_brand-camp","7":"product_cat-scialpinismo","9":"first","10":"instock","11":"sale","12":"taxable","13":"shipping-taxable","14":"purchasable","15":"product-type-variable"},"acf":[],"yoast_head":"<!-- This site is optimized with the Yoast SEO plugin v26.4 - https:\/\/yoast.com\/wordpress\/plugins\/seo\/ -->\n<title>CAMP ALP RACE imbrago scialpinismo ultra leggero - Sestogrado<\/title>\n<meta name=\"description\" content=\"Prendetela in mano, sentite quanto \u00e8 leggera e poi ripiegatela per infilarla senza problemi nella tasca della giacca: con i suoi 68 grammi da record, estremamente compattabile, CAMP ALP RACE imbrago per scialpinismo \u00e8 il nuovo riferimento per le competizioni di scialpinismo. L\u2019evoluzione \u201clight &amp; fast\u201d prosegue grazie all\u2019innovativa costruzione in nylon monofilamento, superleggero e traspirante, combinato con polietilene ad alta resistenza, eccezionalmente durevole e antiabrasione: un mix che significa leggerezza ai limiti del possibile e assoluta libert\u00e0 di movimento. Un cordino elastico con tanka consente la regolazione della cintura mentre la stabilit\u00e0 dei cosciali \u00e8 garantita da un secondo cordino, analogo al precedente, che grazie ad un semplice nodo permette di personalizzare ulteriormente l\u2019imbragatura. I punti di fissaggio dei cordini sono realizzati in Hypalon\u00ae per la massima resistenza all\u2019usura. E in Hypalon\u00ae \u00e8 anche il singolo slot porta materiale, dotato di cordino amovibile per il fissaggio dei moschettoni del set da ferrata nelle gare che lo richiedono.\" \/>\n<meta name=\"robots\" content=\"index, follow, max-snippet:-1, max-image-preview:large, max-video-preview:-1\" \/>\n<link rel=\"canonical\" href=\"https:\/\/www.sestogrado.it\/en\/prodotto\/camp-alp-race-imbrago-scialpinismo-ultra-leggero\/\" \/>\n<meta property=\"og:locale\" content=\"en_US\" \/>\n<meta property=\"og:type\" content=\"article\" \/>\n<meta property=\"og:title\" content=\"CAMP ALP RACE imbrago scialpinismo ultra leggero - Sestogrado\" \/>\n<meta property=\"og:description\" content=\"Prendetela in mano, sentite quanto \u00e8 leggera e poi ripiegatela per infilarla senza problemi nella tasca della giacca: con i suoi 68 grammi da record, estremamente compattabile, CAMP ALP RACE imbrago per scialpinismo \u00e8 il nuovo riferimento per le competizioni di scialpinismo. L\u2019evoluzione \u201clight &amp; fast\u201d prosegue grazie all\u2019innovativa costruzione in nylon monofilamento, superleggero e traspirante, combinato con polietilene ad alta resistenza, eccezionalmente durevole e antiabrasione: un mix che significa leggerezza ai limiti del possibile e assoluta libert\u00e0 di movimento. Un cordino elastico con tanka consente la regolazione della cintura mentre la stabilit\u00e0 dei cosciali \u00e8 garantita da un secondo cordino, analogo al precedente, che grazie ad un semplice nodo permette di personalizzare ulteriormente l\u2019imbragatura. I punti di fissaggio dei cordini sono realizzati in Hypalon\u00ae per la massima resistenza all\u2019usura. E in Hypalon\u00ae \u00e8 anche il singolo slot porta materiale, dotato di cordino amovibile per il fissaggio dei moschettoni del set da ferrata nelle gare che lo richiedono.\" \/>\n<meta property=\"og:url\" content=\"https:\/\/www.sestogrado.it\/en\/prodotto\/camp-alp-race-imbrago-scialpinismo-ultra-leggero\/\" \/>\n<meta property=\"og:site_name\" content=\"Sestogrado\" \/>\n<meta property=\"article:publisher\" content=\"https:\/\/www.facebook.com\/pages\/Sestogrado\/1542635979353017?ref=bookmarks\" \/>\n<meta property=\"article:modified_time\" content=\"2026-04-12T15:00:40+00:00\" \/>\n<meta property=\"og:image\" content=\"https:\/\/www.sestogrado.it\/wp-content\/uploads\/2021\/12\/3168-M.jpg\" \/>\n\t<meta property=\"og:image:width\" content=\"1200\" \/>\n\t<meta property=\"og:image:height\" content=\"1200\" \/>\n\t<meta property=\"og:image:type\" content=\"image\/jpeg\" \/>\n<meta name=\"twitter:label1\" content=\"Availability\" \/>\n\t<meta name=\"twitter:data1\" content=\"In stock\" \/>\n<script type=\"application\/ld+json\" class=\"yoast-schema-graph\">{\"@context\":\"https:\/\/schema.org\",\"@graph\":[{\"@type\":\"WebPage\",\"@id\":\"https:\/\/www.sestogrado.it\/en\/prodotto\/camp-alp-race-imbrago-scialpinismo-ultra-leggero\/\",\"url\":\"https:\/\/www.sestogrado.it\/en\/prodotto\/camp-alp-race-imbrago-scialpinismo-ultra-leggero\/\",\"name\":\"CAMP ALP RACE imbrago scialpinismo ultra leggero - Sestogrado\",\"isPartOf\":{\"@id\":\"https:\/\/www.sestogrado.it\/en\/#website\"},\"primaryImageOfPage\":{\"@id\":\"https:\/\/www.sestogrado.it\/en\/prodotto\/camp-alp-race-imbrago-scialpinismo-ultra-leggero\/#primaryimage\"},\"image\":{\"@id\":\"https:\/\/www.sestogrado.it\/prodotto\/camp-alp-race-imbrago-scialpinismo-ultra-leggero\/#primaryimage\"},\"thumbnailUrl\":\"https:\/\/www.sestogrado.it\/wp-content\/uploads\/2021\/12\/3168-M.jpg\",\"datePublished\":\"2021-12-21T15:33:02+00:00\",\"dateModified\":\"2026-04-12T15:00:40+00:00\",\"description\":\"Prendetela in mano, sentite quanto \u00e8 leggera e poi ripiegatela per infilarla senza problemi nella tasca della giacca: con i suoi 68 grammi da record, estremamente compattabile, CAMP ALP RACE imbrago per scialpinismo \u00e8 il nuovo riferimento per le competizioni di scialpinismo. L\u2019evoluzione \u201clight & fast\u201d prosegue grazie all\u2019innovativa costruzione in nylon monofilamento, superleggero e traspirante, combinato con polietilene ad alta resistenza, eccezionalmente durevole e antiabrasione: un mix che significa leggerezza ai limiti del possibile e assoluta libert\u00e0 di movimento. Un cordino elastico con tanka consente la regolazione della cintura mentre la stabilit\u00e0 dei cosciali \u00e8 garantita da un secondo cordino, analogo al precedente, che grazie ad un semplice nodo permette di personalizzare ulteriormente l\u2019imbragatura. I punti di fissaggio dei cordini sono realizzati in Hypalon\u00ae per la massima resistenza all\u2019usura. E in Hypalon\u00ae \u00e8 anche il singolo slot porta materiale, dotato di cordino amovibile per il fissaggio dei moschettoni del set da ferrata nelle gare che lo richiedono.\",\"breadcrumb\":{\"@id\":\"https:\/\/www.sestogrado.it\/en\/prodotto\/camp-alp-race-imbrago-scialpinismo-ultra-leggero\/#breadcrumb\"},\"inLanguage\":\"en-US\",\"potentialAction\":[{\"@type\":\"ReadAction\",\"target\":[[\"https:\/\/www.sestogrado.it\/en\/prodotto\/camp-alp-race-imbrago-scialpinismo-ultra-leggero\/\"]]}]},{\"@type\":\"ImageObject\",\"inLanguage\":\"en-US\",\"@id\":\"https:\/\/www.sestogrado.it\/en\/prodotto\/camp-alp-race-imbrago-scialpinismo-ultra-leggero\/#primaryimage\",\"url\":\"https:\/\/www.sestogrado.it\/wp-content\/uploads\/2021\/12\/3168-M.jpg\",\"contentUrl\":\"https:\/\/www.sestogrado.it\/wp-content\/uploads\/2021\/12\/3168-M.jpg\",\"width\":1200,\"height\":1200,\"caption\":\"CAMP ALP RACE imbrago\"},{\"@type\":\"BreadcrumbList\",\"@id\":\"https:\/\/www.sestogrado.it\/en\/prodotto\/camp-alp-race-imbrago-scialpinismo-ultra-leggero\/#breadcrumb\",\"itemListElement\":[{\"@type\":\"ListItem\",\"position\":1,\"name\":\"Home\",\"item\":\"https:\/\/www.sestogrado.it\/en\/\"},{\"@type\":\"ListItem\",\"position\":2,\"name\":\"Shop\",\"item\":\"https:\/\/www.sestogrado.it\/en\/shop\/\"},{\"@type\":\"ListItem\",\"position\":3,\"name\":\"CAMP ALP RACE imbrago scialpinismo ultra leggero\"}]},{\"@type\":\"WebSite\",\"@id\":\"https:\/\/www.sestogrado.it\/en\/#website\",\"url\":\"https:\/\/www.sestogrado.it\/en\/\",\"name\":\"Sestogrado\",\"description\":\"yes we climb\",\"publisher\":{\"@id\":\"https:\/\/www.sestogrado.it\/en\/#organization\"},\"potentialAction\":[{\"@type\":\"SearchAction\",\"target\":{\"@type\":\"EntryPoint\",\"urlTemplate\":\"https:\/\/www.sestogrado.it\/en\/?s={search_term_string}\"},\"query-input\":{\"@type\":\"PropertyValueSpecification\",\"valueRequired\":true,\"valueName\":\"search_term_string\"}}],\"inLanguage\":\"en-US\"},{\"@type\":\"Organization\",\"@id\":\"https:\/\/www.sestogrado.it\/en\/#organization\",\"name\":\"Sestogrado\",\"url\":\"https:\/\/www.sestogrado.it\/en\/\",\"logo\":{\"@type\":\"ImageObject\",\"inLanguage\":\"en-US\",\"@id\":\"https:\/\/www.sestogrado.it\/en\/#\/schema\/logo\/image\/\",\"url\":\"https:\/\/www.sestogrado.it\/wp-content\/uploads\/2015\/03\/sestogrado-favicon.png\",\"contentUrl\":\"https:\/\/www.sestogrado.it\/wp-content\/uploads\/2015\/03\/sestogrado-favicon.png\",\"width\":260,\"height\":260,\"caption\":\"Sestogrado\"},\"image\":{\"@id\":\"https:\/\/www.sestogrado.it\/en\/#\/schema\/logo\/image\/\"},\"sameAs\":[\"https:\/\/www.facebook.com\/pages\/Sestogrado\/1542635979353017?ref=bookmarks\",\"https:\/\/www.youtube.com\/channel\/UC847kAfTkaJsWpc1jtQwr3Q\"],\"hasMerchantReturnPolicy\":{\"@type\":\"MerchantReturnPolicy\",\"merchantReturnLink\":\"https:\/\/www.sestogrado.it\/en\/termini-e-condizioni\/\"}}]}<\/script>\n<meta property=\"product:brand\" content=\"Camp\" \/>\n<meta property=\"og:availability\" content=\"instock\" \/>\n<meta property=\"product:availability\" content=\"instock\" \/>\n<meta property=\"product:condition\" content=\"new\" \/>\n<!-- \/ Yoast SEO plugin. -->","yoast_head_json":{"title":"CAMP ALP RACE imbrago scialpinismo ultra leggero - Sestogrado","description":"Prendetela in mano, sentite quanto \u00e8 leggera e poi ripiegatela per infilarla senza problemi nella tasca della giacca: con i suoi 68 grammi da record, estremamente compattabile, CAMP ALP RACE imbrago per scialpinismo \u00e8 il nuovo riferimento per le competizioni di scialpinismo. L\u2019evoluzione \u201clight & fast\u201d prosegue grazie all\u2019innovativa costruzione in nylon monofilamento, superleggero e traspirante, combinato con polietilene ad alta resistenza, eccezionalmente durevole e antiabrasione: un mix che significa leggerezza ai limiti del possibile e assoluta libert\u00e0 di movimento. Un cordino elastico con tanka consente la regolazione della cintura mentre la stabilit\u00e0 dei cosciali \u00e8 garantita da un secondo cordino, analogo al precedente, che grazie ad un semplice nodo permette di personalizzare ulteriormente l\u2019imbragatura. I punti di fissaggio dei cordini sono realizzati in Hypalon\u00ae per la massima resistenza all\u2019usura. E in Hypalon\u00ae \u00e8 anche il singolo slot porta materiale, dotato di cordino amovibile per il fissaggio dei moschettoni del set da ferrata nelle gare che lo richiedono.","robots":{"index":"index","follow":"follow","max-snippet":"max-snippet:-1","max-image-preview":"max-image-preview:large","max-video-preview":"max-video-preview:-1"},"canonical":"https:\/\/www.sestogrado.it\/en\/prodotto\/camp-alp-race-imbrago-scialpinismo-ultra-leggero\/","og_locale":"en_US","og_type":"article","og_title":"CAMP ALP RACE imbrago scialpinismo ultra leggero - Sestogrado","og_description":"Prendetela in mano, sentite quanto \u00e8 leggera e poi ripiegatela per infilarla senza problemi nella tasca della giacca: con i suoi 68 grammi da record, estremamente compattabile, CAMP ALP RACE imbrago per scialpinismo \u00e8 il nuovo riferimento per le competizioni di scialpinismo. L\u2019evoluzione \u201clight & fast\u201d prosegue grazie all\u2019innovativa costruzione in nylon monofilamento, superleggero e traspirante, combinato con polietilene ad alta resistenza, eccezionalmente durevole e antiabrasione: un mix che significa leggerezza ai limiti del possibile e assoluta libert\u00e0 di movimento. Un cordino elastico con tanka consente la regolazione della cintura mentre la stabilit\u00e0 dei cosciali \u00e8 garantita da un secondo cordino, analogo al precedente, che grazie ad un semplice nodo permette di personalizzare ulteriormente l\u2019imbragatura. I punti di fissaggio dei cordini sono realizzati in Hypalon\u00ae per la massima resistenza all\u2019usura. E in Hypalon\u00ae \u00e8 anche il singolo slot porta materiale, dotato di cordino amovibile per il fissaggio dei moschettoni del set da ferrata nelle gare che lo richiedono.","og_url":"https:\/\/www.sestogrado.it\/en\/prodotto\/camp-alp-race-imbrago-scialpinismo-ultra-leggero\/","og_site_name":"Sestogrado","article_publisher":"https:\/\/www.facebook.com\/pages\/Sestogrado\/1542635979353017?ref=bookmarks","article_modified_time":"2026-04-12T15:00:40+00:00","og_image":[{"width":1200,"height":1200,"url":"https:\/\/www.sestogrado.it\/wp-content\/uploads\/2021\/12\/3168-M.jpg","type":"image\/jpeg"}],"twitter_misc":{"Availability":"In stock"},"schema":{"@context":"https:\/\/schema.org","@graph":[{"@type":"WebPage","@id":"https:\/\/www.sestogrado.it\/en\/prodotto\/camp-alp-race-imbrago-scialpinismo-ultra-leggero\/","url":"https:\/\/www.sestogrado.it\/en\/prodotto\/camp-alp-race-imbrago-scialpinismo-ultra-leggero\/","name":"CAMP ALP RACE imbrago scialpinismo ultra leggero - Sestogrado","isPartOf":{"@id":"https:\/\/www.sestogrado.it\/en\/#website"},"primaryImageOfPage":{"@id":"https:\/\/www.sestogrado.it\/en\/prodotto\/camp-alp-race-imbrago-scialpinismo-ultra-leggero\/#primaryimage"},"image":{"@id":"https:\/\/www.sestogrado.it\/prodotto\/camp-alp-race-imbrago-scialpinismo-ultra-leggero\/#primaryimage"},"thumbnailUrl":"https:\/\/www.sestogrado.it\/wp-content\/uploads\/2021\/12\/3168-M.jpg","datePublished":"2021-12-21T15:33:02+00:00","dateModified":"2026-04-12T15:00:40+00:00","description":"Prendetela in mano, sentite quanto \u00e8 leggera e poi ripiegatela per infilarla senza problemi nella tasca della giacca: con i suoi 68 grammi da record, estremamente compattabile, CAMP ALP RACE imbrago per scialpinismo \u00e8 il nuovo riferimento per le competizioni di scialpinismo. L\u2019evoluzione \u201clight & fast\u201d prosegue grazie all\u2019innovativa costruzione in nylon monofilamento, superleggero e traspirante, combinato con polietilene ad alta resistenza, eccezionalmente durevole e antiabrasione: un mix che significa leggerezza ai limiti del possibile e assoluta libert\u00e0 di movimento. Un cordino elastico con tanka consente la regolazione della cintura mentre la stabilit\u00e0 dei cosciali \u00e8 garantita da un secondo cordino, analogo al precedente, che grazie ad un semplice nodo permette di personalizzare ulteriormente l\u2019imbragatura. I punti di fissaggio dei cordini sono realizzati in Hypalon\u00ae per la massima resistenza all\u2019usura. E in Hypalon\u00ae \u00e8 anche il singolo slot porta materiale, dotato di cordino amovibile per il fissaggio dei moschettoni del set da ferrata nelle gare che lo richiedono.","breadcrumb":{"@id":"https:\/\/www.sestogrado.it\/en\/prodotto\/camp-alp-race-imbrago-scialpinismo-ultra-leggero\/#breadcrumb"},"inLanguage":"en-US","potentialAction":[{"@type":"ReadAction","target":[["https:\/\/www.sestogrado.it\/en\/prodotto\/camp-alp-race-imbrago-scialpinismo-ultra-leggero\/"]]}]},{"@type":"ImageObject","inLanguage":"en-US","@id":"https:\/\/www.sestogrado.it\/en\/prodotto\/camp-alp-race-imbrago-scialpinismo-ultra-leggero\/#primaryimage","url":"https:\/\/www.sestogrado.it\/wp-content\/uploads\/2021\/12\/3168-M.jpg","contentUrl":"https:\/\/www.sestogrado.it\/wp-content\/uploads\/2021\/12\/3168-M.jpg","width":1200,"height":1200,"caption":"CAMP ALP RACE imbrago"},{"@type":"BreadcrumbList","@id":"https:\/\/www.sestogrado.it\/en\/prodotto\/camp-alp-race-imbrago-scialpinismo-ultra-leggero\/#breadcrumb","itemListElement":[{"@type":"ListItem","position":1,"name":"Home","item":"https:\/\/www.sestogrado.it\/en\/"},{"@type":"ListItem","position":2,"name":"Shop","item":"https:\/\/www.sestogrado.it\/en\/shop\/"},{"@type":"ListItem","position":3,"name":"CAMP ALP RACE imbrago scialpinismo ultra leggero"}]},{"@type":"WebSite","@id":"https:\/\/www.sestogrado.it\/en\/#website","url":"https:\/\/www.sestogrado.it\/en\/","name":"Sestogrado","description":"yes we climb","publisher":{"@id":"https:\/\/www.sestogrado.it\/en\/#organization"},"potentialAction":[{"@type":"SearchAction","target":{"@type":"EntryPoint","urlTemplate":"https:\/\/www.sestogrado.it\/en\/?s={search_term_string}"},"query-input":{"@type":"PropertyValueSpecification","valueRequired":true,"valueName":"search_term_string"}}],"inLanguage":"en-US"},{"@type":"Organization","@id":"https:\/\/www.sestogrado.it\/en\/#organization","name":"Sestogrado","url":"https:\/\/www.sestogrado.it\/en\/","logo":{"@type":"ImageObject","inLanguage":"en-US","@id":"https:\/\/www.sestogrado.it\/en\/#\/schema\/logo\/image\/","url":"https:\/\/www.sestogrado.it\/wp-content\/uploads\/2015\/03\/sestogrado-favicon.png","contentUrl":"https:\/\/www.sestogrado.it\/wp-content\/uploads\/2015\/03\/sestogrado-favicon.png","width":260,"height":260,"caption":"Sestogrado"},"image":{"@id":"https:\/\/www.sestogrado.it\/en\/#\/schema\/logo\/image\/"},"sameAs":["https:\/\/www.facebook.com\/pages\/Sestogrado\/1542635979353017?ref=bookmarks","https:\/\/www.youtube.com\/channel\/UC847kAfTkaJsWpc1jtQwr3Q"],"hasMerchantReturnPolicy":{"@type":"MerchantReturnPolicy","merchantReturnLink":"https:\/\/www.sestogrado.it\/en\/termini-e-condizioni\/"}}]},"product_brand":"Camp","og_availability":"instock","product_availability":"instock","product_condition":"new"},"_links":{"self":[{"href":"https:\/\/www.sestogrado.it\/en\/wp-json\/wp\/v2\/product\/89446","targetHints":{"allow":["GET"]}}],"collection":[{"href":"https:\/\/www.sestogrado.it\/en\/wp-json\/wp\/v2\/product"}],"about":[{"href":"https:\/\/www.sestogrado.it\/en\/wp-json\/wp\/v2\/types\/product"}],"replies":[{"embeddable":true,"href":"https:\/\/www.sestogrado.it\/en\/wp-json\/wp\/v2\/comments?post=89446"}],"wp:featuredmedia":[{"embeddable":true,"href":"https:\/\/www.sestogrado.it\/en\/wp-json\/wp\/v2\/media\/89447"}],"wp:attachment":[{"href":"https:\/\/www.sestogrado.it\/en\/wp-json\/wp\/v2\/media?parent=89446"}],"wp:term":[{"taxonomy":"product_brand","embeddable":true,"href":"https:\/\/www.sestogrado.it\/en\/wp-json\/wp\/v2\/product_brand?post=89446"},{"taxonomy":"product_cat","embeddable":true,"href":"https:\/\/www.sestogrado.it\/en\/wp-json\/wp\/v2\/product_cat?post=89446"},{"taxonomy":"product_tag","embeddable":true,"href":"https:\/\/www.sestogrado.it\/en\/wp-json\/wp\/v2\/product_tag?post=89446"}],"curies":[{"name":"wp","href":"https:\/\/api.w.org\/{rel}","templated":true}]}}