{"id":8926,"date":"2022-02-04T14:31:49","date_gmt":"2022-02-04T13:31:49","guid":{"rendered":"http:\/\/www.sestogrado.it\/?post_type=product&#038;p=8926"},"modified":"2024-08-23T15:53:01","modified_gmt":"2024-08-23T13:53:01","slug":"di-roccia-di-sole-falesie-arrampicate-in-sicilia","status":"publish","type":"product","link":"https:\/\/www.sestogrado.it\/en\/prodotto\/di-roccia-di-sole-falesie-arrampicate-in-sicilia\/","title":{"rendered":"Di Roccia di Sole"},"content":{"rendered":"<p>Di Roccia di Sole \u00e8 la guida da arrampicata che si deve prendere per andare ad arrampicare in Sicilia.<\/p>\n<p>Quattro edizioni in poco pi\u00f9 di dieci anni. Solo questo dato da l\u2019idea dell\u2019evoluzione che ha avuto il mondo dell\u2019arrampicata in Sicilia. Tante le novit\u00e0, iniziando dai nuovi settori presentati a Palermo e a Siracusa, l\u2019aggiunta di tutte le nuove vie chiodate recentemente a San Vito Lo Capo, e l\u2019aggiornamento delle valutazioni delle vie. Nuovi anche i capitoli dedicati al boulder e al dws, attivit\u00e0 sempre pi\u00f9 praticate nell\u2019isola. Siracusa \u00e8 oramai uno spot internazionale per il deep water soloing, e le aree boulder tra Catania e Messina sono sempre pi\u00f9 frequentate. Anche le vie lunghe sono aumentate, alcuni dei grandi nomi dell\u2019arrampicata mondiale hanno lasciato la loro firma sulle pareti pi\u00f9 alte, tra Palermo e Trapani le vie pi\u00f9 belle e spettacolari. Per descrivere tutto ci\u00f2 gli autori sono diventati tre, e accanto a Massimo e Peppe si \u00e8 aggiunta la palermitana Chiara Cianciolo, forte arrampicatrice sportiva.<br \/>\nUn universo verticale descritto nei particolari con dedizione e passione, un valido strumento, bello e corposo, per muoversi agevolmente tra le rocce dell\u2019isola.<\/p>\n<h1>Info sugli Autori<\/h1>\n<p><strong>Massimo Cappuccio<\/strong> classe 1966, naturalista e guida ambientale. Ha iniziato ad arrampicare negli anni novanta, \u00e8 divenuto Istruttore d\u2019arrampicata sportiva tra i primi nella Sicilia orientale e fin dagli esordi si \u00e8 impegnato per lo sviluppo e la promozione di questo sport. Nell\u2019area di Siracusa, dove vive, ha chiodato i primi settori, ha aperto diverse vie lunghe (trad e sportive) e ha realizzato la prima palestra indoor. Grande viaggiatore, appassionato di trekking e mountain bike, ha viaggiato nelle aree pi\u00f9 remote dei cinque continenti. Oggi \u00e8 anche organizzatore di eventi sportivi che promuovono il territorio siciliano attraverso l\u2019arrampicata e il turismo sportivo.<\/p>\n<p><strong>Chiara Cianciolo<\/strong>, palermitana, classe 1976, ha cominciato ad arrampicare all\u2019et\u00e0 di 16 anni, sotto la guida di Roby Manfr\u00e8. Lo sport outdoor e l\u2019arrampicata sportiva in particolare sono da sempre la sua passione. Dal 2008 il lavoro di ricercatrice all\u2019Universit\u00e0 l\u2019ha portata a vivere e ad arrampicare dalla Spagna agli Stati Uniti alla Nuova Zelanda e alla Svizzera, dove attualmente risiede. Nonostante la lunga permanenza all\u2019estero, le soleggiate falesie di casa rimangono la sua meta preferita e, grazie alle numerose rimpatriate, rimane costantemente informata e partecipe degli ultimi sviluppi dell\u2019arrampicata in Sicilia.<\/p>\n<p><strong>Giuseppe \u201cPeppe\u201d Gallo<\/strong>, nato nel 1965 a Palermo \u00e8 istruttore nazionale di alpinismo del CAI. Ha maturato la sua esperienza lungo tutto l\u2019arco alpino, salendo itinerari di grande pregio su roccia e su ghiaccio, partecipando anche a una spedizione extraeuropea. Grande conoscitore del territorio siciliano e dell\u2019Etna, alle cui falde vive e lavora, \u00e8 da tempo impegnato nello sviluppo dell\u2019arrampicata in questa regione, dove ha ripetuto tutte le salite pi\u00f9 classiche aprendo numerosi nuovi itinerari.<\/p>\n<p>&nbsp;<\/p>\n<p>Sfoglia il pdf:<\/p>\n<div class=\"embed-responsive embed-responsive-16by9\"><iframe title=\"Di roccia di sole - Arrampicate in Sicilia\" src=\"https:\/\/e.issuu.com\/embed.html?u=edizioni_versante_sud&#038;d=issuu_ita_cdfbd3a2acdaa9&#038;pageNumber=1\" style=\"border:none; width: 500px; height: 383px;\" allow=\"clipboard-write,allow-top-navigation,allow-top-navigation-by-user-activation,allow-downloads,allow-scripts,allow-same-origin,allow-popups,allow-modals,allow-popups-to-escape-sandbox,allow-forms\"  allowfullscreen=\"true\"><\/iframe><\/div>","protected":false},"excerpt":{"rendered":"<p>Di Roccia di Sole \u00e8 la guida da arrampicata che si deve prendere per andare ad arrampicare in Sicilia. Quattro [&hellip;]<\/p>\n","protected":false},"featured_media":93835,"comment_status":"open","ping_status":"closed","template":"","meta":{"_acf_changed":false},"product_brand":[99],"product_cat":[98],"product_tag":[1258,1259,1254,1260],"class_list":{"0":"post-8926","1":"product","2":"type-product","3":"status-publish","4":"has-post-thumbnail","6":"product_brand-versante-sud","7":"product_cat-libri","8":"product_tag-arrampicare-in-sicilia","9":"product_tag-arrampicate-in-sicilia","10":"product_tag-falesie-sicilia","11":"product_tag-guida-falesie-sicilia","13":"first","14":"instock","15":"taxable","16":"shipping-taxable","17":"purchasable","18":"product-type-simple"},"acf":[],"yoast_head":"<!-- This site is optimized with the Yoast SEO plugin v26.4 - https:\/\/yoast.com\/wordpress\/plugins\/seo\/ -->\n<title>Di Roccia di Sole - Sestogrado<\/title>\n<meta name=\"description\" content=\"Di roccia di sole - Falesie - Arrampicate in Sicilia \u00e8 la nuova guida sulle falesie della Sicilia, scritta da Massimo Cappuccio e Giuseppe Gallo, edita da Versante Sud. Cinque edizioni in quasi vent\u2019anni, danno un\u2019idea dell\u2019evoluzione che ha avuto il mondo dell\u2019arrampicata in Sicilia. In particolare, dopo l\u2019esplosione dell\u2019arrampicata prima nel\u00a0palermitano\u00a0e poi nel\u00a0trapanese, nell\u2019area di\u00a0San Vito lo Capo, ecco che tocca alla zona orientale, con\u00a0Canicattini\u00a0che sta emergendo come terzo polo Siciliano.\u00a0Tante le novita\u0300, non solo per le\u00a0falesie\u00a0ma anche per quanto riguarda il\u00a0boulder\u00a0e il\u00a0deep water solo. L\u2019aumento anche delle\u00a0vie\u00a0lunghe, ha portato il progetto alla\u00a0separazione tra falesie e multipitch\u00a0(volume che uscira\u0300 a seguito di quello qui presentato) in due differenti volume, come gia\u0300 accaduto a molte altre importanti aree di scalata trattate nella nostra collana. Un universo verticale\u00a0descritto nei particolari con dedizione e passione, un valido strumento, bello e corposo, per muoversi agevolmente tra le rocce dell\u2019isola.\" \/>\n<meta name=\"robots\" content=\"index, follow, max-snippet:-1, max-image-preview:large, max-video-preview:-1\" \/>\n<link rel=\"canonical\" href=\"https:\/\/www.sestogrado.it\/en\/prodotto\/di-roccia-di-sole-falesie-arrampicate-in-sicilia\/\" \/>\n<meta property=\"og:locale\" content=\"en_US\" \/>\n<meta property=\"og:type\" content=\"article\" \/>\n<meta property=\"og:title\" content=\"Di Roccia di Sole - Sestogrado\" \/>\n<meta property=\"og:description\" content=\"Di roccia di sole - Falesie - Arrampicate in Sicilia \u00e8 la nuova guida sulle falesie della Sicilia, scritta da Massimo Cappuccio e Giuseppe Gallo, edita da Versante Sud. Cinque edizioni in quasi vent\u2019anni, danno un\u2019idea dell\u2019evoluzione che ha avuto il mondo dell\u2019arrampicata in Sicilia. In particolare, dopo l\u2019esplosione dell\u2019arrampicata prima nel\u00a0palermitano\u00a0e poi nel\u00a0trapanese, nell\u2019area di\u00a0San Vito lo Capo, ecco che tocca alla zona orientale, con\u00a0Canicattini\u00a0che sta emergendo come terzo polo Siciliano.\u00a0Tante le novita\u0300, non solo per le\u00a0falesie\u00a0ma anche per quanto riguarda il\u00a0boulder\u00a0e il\u00a0deep water solo. L\u2019aumento anche delle\u00a0vie\u00a0lunghe, ha portato il progetto alla\u00a0separazione tra falesie e multipitch\u00a0(volume che uscira\u0300 a seguito di quello qui presentato) in due differenti volume, come gia\u0300 accaduto a molte altre importanti aree di scalata trattate nella nostra collana. Un universo verticale\u00a0descritto nei particolari con dedizione e passione, un valido strumento, bello e corposo, per muoversi agevolmente tra le rocce dell\u2019isola.\" \/>\n<meta property=\"og:url\" content=\"https:\/\/www.sestogrado.it\/en\/prodotto\/di-roccia-di-sole-falesie-arrampicate-in-sicilia\/\" \/>\n<meta property=\"og:site_name\" content=\"Sestogrado\" \/>\n<meta property=\"article:publisher\" content=\"https:\/\/www.facebook.com\/pages\/Sestogrado\/1542635979353017?ref=bookmarks\" \/>\n<meta property=\"article:modified_time\" content=\"2024-08-23T13:53:01+00:00\" \/>\n<meta property=\"og:image\" content=\"https:\/\/www.sestogrado.it\/wp-content\/uploads\/2021\/11\/bgcdt.jpg\" \/>\n\t<meta property=\"og:image:width\" content=\"1000\" \/>\n\t<meta property=\"og:image:height\" content=\"1000\" \/>\n\t<meta property=\"og:image:type\" content=\"image\/jpeg\" \/>\n<meta name=\"twitter:label1\" content=\"Price\" \/>\n\t<meta name=\"twitter:data1\" content=\"&euro;&nbsp;35,00\" \/>\n\t<meta name=\"twitter:label2\" content=\"Availability\" \/>\n\t<meta name=\"twitter:data2\" content=\"In stock\" \/>\n<script type=\"application\/ld+json\" class=\"yoast-schema-graph\">{\"@context\":\"https:\/\/schema.org\",\"@graph\":[{\"@type\":\"WebPage\",\"@id\":\"https:\/\/www.sestogrado.it\/en\/prodotto\/di-roccia-di-sole-falesie-arrampicate-in-sicilia\/\",\"url\":\"https:\/\/www.sestogrado.it\/en\/prodotto\/di-roccia-di-sole-falesie-arrampicate-in-sicilia\/\",\"name\":\"Di Roccia di Sole - Sestogrado\",\"isPartOf\":{\"@id\":\"https:\/\/www.sestogrado.it\/en\/#website\"},\"primaryImageOfPage\":{\"@id\":\"https:\/\/www.sestogrado.it\/en\/prodotto\/di-roccia-di-sole-falesie-arrampicate-in-sicilia\/#primaryimage\"},\"image\":{\"@id\":\"https:\/\/www.sestogrado.it\/prodotto\/di-roccia-di-sole-falesie-arrampicate-in-sicilia\/#primaryimage\"},\"thumbnailUrl\":\"https:\/\/www.sestogrado.it\/wp-content\/uploads\/2021\/11\/bgcdt.jpg\",\"datePublished\":\"2022-02-04T13:31:49+00:00\",\"dateModified\":\"2024-08-23T13:53:01+00:00\",\"description\":\"Di roccia di sole - Falesie - Arrampicate in Sicilia \u00e8 la nuova guida sulle falesie della Sicilia, scritta da Massimo Cappuccio e Giuseppe Gallo, edita da Versante Sud. Cinque edizioni in quasi vent\u2019anni, danno un\u2019idea dell\u2019evoluzione che ha avuto il mondo dell\u2019arrampicata in Sicilia. In particolare, dopo l\u2019esplosione dell\u2019arrampicata prima nel\u00a0palermitano\u00a0e poi nel\u00a0trapanese, nell\u2019area di\u00a0San Vito lo Capo, ecco che tocca alla zona orientale, con\u00a0Canicattini\u00a0che sta emergendo come terzo polo Siciliano.\u00a0Tante le novita\u0300, non solo per le\u00a0falesie\u00a0ma anche per quanto riguarda il\u00a0boulder\u00a0e il\u00a0deep water solo. L\u2019aumento anche delle\u00a0vie\u00a0lunghe, ha portato il progetto alla\u00a0separazione tra falesie e multipitch\u00a0(volume che uscira\u0300 a seguito di quello qui presentato) in due differenti volume, come gia\u0300 accaduto a molte altre importanti aree di scalata trattate nella nostra collana. Un universo verticale\u00a0descritto nei particolari con dedizione e passione, un valido strumento, bello e corposo, per muoversi agevolmente tra le rocce dell\u2019isola.\",\"breadcrumb\":{\"@id\":\"https:\/\/www.sestogrado.it\/en\/prodotto\/di-roccia-di-sole-falesie-arrampicate-in-sicilia\/#breadcrumb\"},\"inLanguage\":\"en-US\",\"potentialAction\":[{\"@type\":\"ReadAction\",\"target\":[[\"https:\/\/www.sestogrado.it\/en\/prodotto\/di-roccia-di-sole-falesie-arrampicate-in-sicilia\/\"]]}]},{\"@type\":\"ImageObject\",\"inLanguage\":\"en-US\",\"@id\":\"https:\/\/www.sestogrado.it\/en\/prodotto\/di-roccia-di-sole-falesie-arrampicate-in-sicilia\/#primaryimage\",\"url\":\"https:\/\/www.sestogrado.it\/wp-content\/uploads\/2021\/11\/bgcdt.jpg\",\"contentUrl\":\"https:\/\/www.sestogrado.it\/wp-content\/uploads\/2021\/11\/bgcdt.jpg\",\"width\":1000,\"height\":1000,\"caption\":\"di roccia e di sole\"},{\"@type\":\"BreadcrumbList\",\"@id\":\"https:\/\/www.sestogrado.it\/en\/prodotto\/di-roccia-di-sole-falesie-arrampicate-in-sicilia\/#breadcrumb\",\"itemListElement\":[{\"@type\":\"ListItem\",\"position\":1,\"name\":\"Home\",\"item\":\"https:\/\/www.sestogrado.it\/en\/\"},{\"@type\":\"ListItem\",\"position\":2,\"name\":\"Shop\",\"item\":\"https:\/\/www.sestogrado.it\/en\/shop\/\"},{\"@type\":\"ListItem\",\"position\":3,\"name\":\"Di roccia di sole &#8211; Falesie &#8211; Arrampicate in Sicilia\"}]},{\"@type\":\"WebSite\",\"@id\":\"https:\/\/www.sestogrado.it\/en\/#website\",\"url\":\"https:\/\/www.sestogrado.it\/en\/\",\"name\":\"Sestogrado\",\"description\":\"yes we climb\",\"publisher\":{\"@id\":\"https:\/\/www.sestogrado.it\/en\/#organization\"},\"potentialAction\":[{\"@type\":\"SearchAction\",\"target\":{\"@type\":\"EntryPoint\",\"urlTemplate\":\"https:\/\/www.sestogrado.it\/en\/?s={search_term_string}\"},\"query-input\":{\"@type\":\"PropertyValueSpecification\",\"valueRequired\":true,\"valueName\":\"search_term_string\"}}],\"inLanguage\":\"en-US\"},{\"@type\":\"Organization\",\"@id\":\"https:\/\/www.sestogrado.it\/en\/#organization\",\"name\":\"Sestogrado\",\"url\":\"https:\/\/www.sestogrado.it\/en\/\",\"logo\":{\"@type\":\"ImageObject\",\"inLanguage\":\"en-US\",\"@id\":\"https:\/\/www.sestogrado.it\/en\/#\/schema\/logo\/image\/\",\"url\":\"https:\/\/www.sestogrado.it\/wp-content\/uploads\/2015\/03\/sestogrado-favicon.png\",\"contentUrl\":\"https:\/\/www.sestogrado.it\/wp-content\/uploads\/2015\/03\/sestogrado-favicon.png\",\"width\":260,\"height\":260,\"caption\":\"Sestogrado\"},\"image\":{\"@id\":\"https:\/\/www.sestogrado.it\/en\/#\/schema\/logo\/image\/\"},\"sameAs\":[\"https:\/\/www.facebook.com\/pages\/Sestogrado\/1542635979353017?ref=bookmarks\",\"https:\/\/www.youtube.com\/channel\/UC847kAfTkaJsWpc1jtQwr3Q\"],\"hasMerchantReturnPolicy\":{\"@type\":\"MerchantReturnPolicy\",\"merchantReturnLink\":\"https:\/\/www.sestogrado.it\/en\/termini-e-condizioni\/\"}}]}<\/script>\n<meta property=\"product:brand\" content=\"Versante Sud\" \/>\n<meta property=\"product:price:amount\" content=\"35.00\" \/>\n<meta property=\"product:price:currency\" content=\"EUR\" \/>\n<meta property=\"og:availability\" content=\"instock\" \/>\n<meta property=\"product:availability\" content=\"instock\" \/>\n<meta property=\"product:condition\" content=\"new\" \/>\n<!-- \/ Yoast SEO plugin. -->","yoast_head_json":{"title":"Di Roccia di Sole - Sestogrado","description":"Di roccia di sole - Falesie - Arrampicate in Sicilia \u00e8 la nuova guida sulle falesie della Sicilia, scritta da Massimo Cappuccio e Giuseppe Gallo, edita da Versante Sud. Cinque edizioni in quasi vent\u2019anni, danno un\u2019idea dell\u2019evoluzione che ha avuto il mondo dell\u2019arrampicata in Sicilia. In particolare, dopo l\u2019esplosione dell\u2019arrampicata prima nel\u00a0palermitano\u00a0e poi nel\u00a0trapanese, nell\u2019area di\u00a0San Vito lo Capo, ecco che tocca alla zona orientale, con\u00a0Canicattini\u00a0che sta emergendo come terzo polo Siciliano.\u00a0Tante le novita\u0300, non solo per le\u00a0falesie\u00a0ma anche per quanto riguarda il\u00a0boulder\u00a0e il\u00a0deep water solo. L\u2019aumento anche delle\u00a0vie\u00a0lunghe, ha portato il progetto alla\u00a0separazione tra falesie e multipitch\u00a0(volume che uscira\u0300 a seguito di quello qui presentato) in due differenti volume, come gia\u0300 accaduto a molte altre importanti aree di scalata trattate nella nostra collana. Un universo verticale\u00a0descritto nei particolari con dedizione e passione, un valido strumento, bello e corposo, per muoversi agevolmente tra le rocce dell\u2019isola.","robots":{"index":"index","follow":"follow","max-snippet":"max-snippet:-1","max-image-preview":"max-image-preview:large","max-video-preview":"max-video-preview:-1"},"canonical":"https:\/\/www.sestogrado.it\/en\/prodotto\/di-roccia-di-sole-falesie-arrampicate-in-sicilia\/","og_locale":"en_US","og_type":"article","og_title":"Di Roccia di Sole - Sestogrado","og_description":"Di roccia di sole - Falesie - Arrampicate in Sicilia \u00e8 la nuova guida sulle falesie della Sicilia, scritta da Massimo Cappuccio e Giuseppe Gallo, edita da Versante Sud. Cinque edizioni in quasi vent\u2019anni, danno un\u2019idea dell\u2019evoluzione che ha avuto il mondo dell\u2019arrampicata in Sicilia. In particolare, dopo l\u2019esplosione dell\u2019arrampicata prima nel\u00a0palermitano\u00a0e poi nel\u00a0trapanese, nell\u2019area di\u00a0San Vito lo Capo, ecco che tocca alla zona orientale, con\u00a0Canicattini\u00a0che sta emergendo come terzo polo Siciliano.\u00a0Tante le novita\u0300, non solo per le\u00a0falesie\u00a0ma anche per quanto riguarda il\u00a0boulder\u00a0e il\u00a0deep water solo. L\u2019aumento anche delle\u00a0vie\u00a0lunghe, ha portato il progetto alla\u00a0separazione tra falesie e multipitch\u00a0(volume che uscira\u0300 a seguito di quello qui presentato) in due differenti volume, come gia\u0300 accaduto a molte altre importanti aree di scalata trattate nella nostra collana. Un universo verticale\u00a0descritto nei particolari con dedizione e passione, un valido strumento, bello e corposo, per muoversi agevolmente tra le rocce dell\u2019isola.","og_url":"https:\/\/www.sestogrado.it\/en\/prodotto\/di-roccia-di-sole-falesie-arrampicate-in-sicilia\/","og_site_name":"Sestogrado","article_publisher":"https:\/\/www.facebook.com\/pages\/Sestogrado\/1542635979353017?ref=bookmarks","article_modified_time":"2024-08-23T13:53:01+00:00","og_image":[{"width":1000,"height":1000,"url":"https:\/\/www.sestogrado.it\/wp-content\/uploads\/2021\/11\/bgcdt.jpg","type":"image\/jpeg"}],"twitter_misc":{"Price":"&euro;&nbsp;35,00","Availability":"In stock"},"schema":{"@context":"https:\/\/schema.org","@graph":[{"@type":"WebPage","@id":"https:\/\/www.sestogrado.it\/en\/prodotto\/di-roccia-di-sole-falesie-arrampicate-in-sicilia\/","url":"https:\/\/www.sestogrado.it\/en\/prodotto\/di-roccia-di-sole-falesie-arrampicate-in-sicilia\/","name":"Di Roccia di Sole - Sestogrado","isPartOf":{"@id":"https:\/\/www.sestogrado.it\/en\/#website"},"primaryImageOfPage":{"@id":"https:\/\/www.sestogrado.it\/en\/prodotto\/di-roccia-di-sole-falesie-arrampicate-in-sicilia\/#primaryimage"},"image":{"@id":"https:\/\/www.sestogrado.it\/prodotto\/di-roccia-di-sole-falesie-arrampicate-in-sicilia\/#primaryimage"},"thumbnailUrl":"https:\/\/www.sestogrado.it\/wp-content\/uploads\/2021\/11\/bgcdt.jpg","datePublished":"2022-02-04T13:31:49+00:00","dateModified":"2024-08-23T13:53:01+00:00","description":"Di roccia di sole - Falesie - Arrampicate in Sicilia \u00e8 la nuova guida sulle falesie della Sicilia, scritta da Massimo Cappuccio e Giuseppe Gallo, edita da Versante Sud. Cinque edizioni in quasi vent\u2019anni, danno un\u2019idea dell\u2019evoluzione che ha avuto il mondo dell\u2019arrampicata in Sicilia. In particolare, dopo l\u2019esplosione dell\u2019arrampicata prima nel\u00a0palermitano\u00a0e poi nel\u00a0trapanese, nell\u2019area di\u00a0San Vito lo Capo, ecco che tocca alla zona orientale, con\u00a0Canicattini\u00a0che sta emergendo come terzo polo Siciliano.\u00a0Tante le novita\u0300, non solo per le\u00a0falesie\u00a0ma anche per quanto riguarda il\u00a0boulder\u00a0e il\u00a0deep water solo. L\u2019aumento anche delle\u00a0vie\u00a0lunghe, ha portato il progetto alla\u00a0separazione tra falesie e multipitch\u00a0(volume che uscira\u0300 a seguito di quello qui presentato) in due differenti volume, come gia\u0300 accaduto a molte altre importanti aree di scalata trattate nella nostra collana. Un universo verticale\u00a0descritto nei particolari con dedizione e passione, un valido strumento, bello e corposo, per muoversi agevolmente tra le rocce dell\u2019isola.","breadcrumb":{"@id":"https:\/\/www.sestogrado.it\/en\/prodotto\/di-roccia-di-sole-falesie-arrampicate-in-sicilia\/#breadcrumb"},"inLanguage":"en-US","potentialAction":[{"@type":"ReadAction","target":[["https:\/\/www.sestogrado.it\/en\/prodotto\/di-roccia-di-sole-falesie-arrampicate-in-sicilia\/"]]}]},{"@type":"ImageObject","inLanguage":"en-US","@id":"https:\/\/www.sestogrado.it\/en\/prodotto\/di-roccia-di-sole-falesie-arrampicate-in-sicilia\/#primaryimage","url":"https:\/\/www.sestogrado.it\/wp-content\/uploads\/2021\/11\/bgcdt.jpg","contentUrl":"https:\/\/www.sestogrado.it\/wp-content\/uploads\/2021\/11\/bgcdt.jpg","width":1000,"height":1000,"caption":"di roccia e di sole"},{"@type":"BreadcrumbList","@id":"https:\/\/www.sestogrado.it\/en\/prodotto\/di-roccia-di-sole-falesie-arrampicate-in-sicilia\/#breadcrumb","itemListElement":[{"@type":"ListItem","position":1,"name":"Home","item":"https:\/\/www.sestogrado.it\/en\/"},{"@type":"ListItem","position":2,"name":"Shop","item":"https:\/\/www.sestogrado.it\/en\/shop\/"},{"@type":"ListItem","position":3,"name":"Di roccia di sole &#8211; Falesie &#8211; Arrampicate in Sicilia"}]},{"@type":"WebSite","@id":"https:\/\/www.sestogrado.it\/en\/#website","url":"https:\/\/www.sestogrado.it\/en\/","name":"Sestogrado","description":"yes we climb","publisher":{"@id":"https:\/\/www.sestogrado.it\/en\/#organization"},"potentialAction":[{"@type":"SearchAction","target":{"@type":"EntryPoint","urlTemplate":"https:\/\/www.sestogrado.it\/en\/?s={search_term_string}"},"query-input":{"@type":"PropertyValueSpecification","valueRequired":true,"valueName":"search_term_string"}}],"inLanguage":"en-US"},{"@type":"Organization","@id":"https:\/\/www.sestogrado.it\/en\/#organization","name":"Sestogrado","url":"https:\/\/www.sestogrado.it\/en\/","logo":{"@type":"ImageObject","inLanguage":"en-US","@id":"https:\/\/www.sestogrado.it\/en\/#\/schema\/logo\/image\/","url":"https:\/\/www.sestogrado.it\/wp-content\/uploads\/2015\/03\/sestogrado-favicon.png","contentUrl":"https:\/\/www.sestogrado.it\/wp-content\/uploads\/2015\/03\/sestogrado-favicon.png","width":260,"height":260,"caption":"Sestogrado"},"image":{"@id":"https:\/\/www.sestogrado.it\/en\/#\/schema\/logo\/image\/"},"sameAs":["https:\/\/www.facebook.com\/pages\/Sestogrado\/1542635979353017?ref=bookmarks","https:\/\/www.youtube.com\/channel\/UC847kAfTkaJsWpc1jtQwr3Q"],"hasMerchantReturnPolicy":{"@type":"MerchantReturnPolicy","merchantReturnLink":"https:\/\/www.sestogrado.it\/en\/termini-e-condizioni\/"}}]},"product_brand":"Versante Sud","product_price_amount":"35.00","product_price_currency":"EUR","og_availability":"instock","product_availability":"instock","product_condition":"new"},"_links":{"self":[{"href":"https:\/\/www.sestogrado.it\/en\/wp-json\/wp\/v2\/product\/8926","targetHints":{"allow":["GET"]}}],"collection":[{"href":"https:\/\/www.sestogrado.it\/en\/wp-json\/wp\/v2\/product"}],"about":[{"href":"https:\/\/www.sestogrado.it\/en\/wp-json\/wp\/v2\/types\/product"}],"replies":[{"embeddable":true,"href":"https:\/\/www.sestogrado.it\/en\/wp-json\/wp\/v2\/comments?post=8926"}],"wp:featuredmedia":[{"embeddable":true,"href":"https:\/\/www.sestogrado.it\/en\/wp-json\/wp\/v2\/media\/93835"}],"wp:attachment":[{"href":"https:\/\/www.sestogrado.it\/en\/wp-json\/wp\/v2\/media?parent=8926"}],"wp:term":[{"taxonomy":"product_brand","embeddable":true,"href":"https:\/\/www.sestogrado.it\/en\/wp-json\/wp\/v2\/product_brand?post=8926"},{"taxonomy":"product_cat","embeddable":true,"href":"https:\/\/www.sestogrado.it\/en\/wp-json\/wp\/v2\/product_cat?post=8926"},{"taxonomy":"product_tag","embeddable":true,"href":"https:\/\/www.sestogrado.it\/en\/wp-json\/wp\/v2\/product_tag?post=8926"}],"curies":[{"name":"wp","href":"https:\/\/api.w.org\/{rel}","templated":true}]}}