{"id":88575,"date":"2023-11-14T08:00:01","date_gmt":"2023-11-14T07:00:01","guid":{"rendered":"https:\/\/www.sestogrado.it\/?post_type=product&#038;p=88575"},"modified":"2026-04-23T07:56:00","modified_gmt":"2026-04-23T05:56:00","slug":"camp-ski-raptor-20-zaino-scialpinismo-20-litri","status":"publish","type":"product","link":"https:\/\/www.sestogrado.it\/en\/prodotto\/camp-ski-raptor-20-zaino-scialpinismo-20-litri\/","title":{"rendered":"Camp Ski Raptor 20 zaino scialpinismo 20 litri"},"content":{"rendered":"<p class=\"qtranxs-available-languages-message qtranxs-available-languages-message-en\">Sorry, this entry is only available in <a href=\"https:\/\/www.sestogrado.it\/it\/wp-json\/wp\/v2\/product\/88575\" class=\"qtranxs-available-language-link qtranxs-available-language-link-it\" title=\"Italiano\">Italiano<\/a>.<\/p>","protected":false},"excerpt":{"rendered":"<p>Sorry, this entry is only available in Italiano.<\/p>\n","protected":false},"featured_media":146625,"comment_status":"open","ping_status":"closed","template":"","meta":{"_acf_changed":false},"product_brand":[31],"product_cat":[1431],"product_tag":[],"class_list":{"0":"post-88575","1":"product","2":"type-product","3":"status-publish","4":"has-post-thumbnail","6":"product_brand-camp","7":"product_cat-scialpinismo-zaini","9":"first","10":"instock","11":"sale","12":"taxable","13":"shipping-taxable","14":"purchasable","15":"product-type-variable"},"acf":[],"yoast_head":"<!-- This site is optimized with the Yoast SEO plugin v26.4 - https:\/\/yoast.com\/wordpress\/plugins\/seo\/ -->\n<title>Camp Ski Raptor 20 zaino scialpinismo 20 litri - Sestogrado<\/title>\n<meta name=\"description\" content=\"Il Camp Ski Raptor 20 \u00e8 uno zaino da scialpinismo da 20 litri tecnico e particolare. Leggerezza, funzionalit\u00e0, comodit\u00e0 e robustezza sono le parole d\u2019ordine di un prodotto che va oltre lo scialpinismo classico, rispondendo anche alle esigenze degli appassionati di freeride che vivono la neve all\u2019insegna dell\u2019avventura e della fantasia. E in quest\u2019ottica, alla classica versione da 30 litri ne \u00e8 stata aggiunta una pi\u00f9 essenziale, da 20 litri, pronta sia ad essere protagonista nelle uscite brevi e veloci sia a diventare il miglior compagno delle persone di corporatura pi\u00f9 minuta \u2013 in particolare delle ragazze \u2013 grazie alla dimensione ridotta dello schienale. Molto robusto grazie alla costruzione in nylon 420D, lo Ski Raptor 20 si distingue per un sistema porta sci estremamente efficace, caratterizzato dalla possibilit\u00e0 di spostare l\u2019asola inferiore per le code verso lo schienale o all\u2019esterno a seconda del contenuto dello zaino. La prima opzione ottimizza il trasporto degli attrezzi con zaino vuoto o quasi vuoto, mentre la seconda \u00e8 ideale quando lo Ski Raptor \u00e8 pieno. Tra gli altri dettagli che garantiscono il comfort spiccano gli spallacci imbottiti con bordatura esterna e lo schienale ergonomico e ventilato. Porta piccozza, porta bastoncini, porta casco e numerosi altri accessori esaltano la funzionalit\u00e0 di un prodotto senza compromessi, pensato per chi sa bene che in montagna, una volta in cima, si \u00e8 soltanto a met\u00e0 dell\u2019opera. Perch\u00e9 ai nostri piedi, candido e immacolato, sta un fantastico pendio tutto da sciare.\" \/>\n<meta name=\"robots\" content=\"index, follow, max-snippet:-1, max-image-preview:large, max-video-preview:-1\" \/>\n<link rel=\"canonical\" href=\"https:\/\/www.sestogrado.it\/en\/prodotto\/camp-ski-raptor-20-zaino-scialpinismo-20-litri\/\" \/>\n<meta property=\"og:locale\" content=\"en_US\" \/>\n<meta property=\"og:type\" content=\"article\" \/>\n<meta property=\"og:title\" content=\"Camp Ski Raptor 20 zaino scialpinismo 20 litri - Sestogrado\" \/>\n<meta property=\"og:description\" content=\"Il Camp Ski Raptor 20 \u00e8 uno zaino da scialpinismo da 20 litri tecnico e particolare. Leggerezza, funzionalit\u00e0, comodit\u00e0 e robustezza sono le parole d\u2019ordine di un prodotto che va oltre lo scialpinismo classico, rispondendo anche alle esigenze degli appassionati di freeride che vivono la neve all\u2019insegna dell\u2019avventura e della fantasia. E in quest\u2019ottica, alla classica versione da 30 litri ne \u00e8 stata aggiunta una pi\u00f9 essenziale, da 20 litri, pronta sia ad essere protagonista nelle uscite brevi e veloci sia a diventare il miglior compagno delle persone di corporatura pi\u00f9 minuta \u2013 in particolare delle ragazze \u2013 grazie alla dimensione ridotta dello schienale. Molto robusto grazie alla costruzione in nylon 420D, lo Ski Raptor 20 si distingue per un sistema porta sci estremamente efficace, caratterizzato dalla possibilit\u00e0 di spostare l\u2019asola inferiore per le code verso lo schienale o all\u2019esterno a seconda del contenuto dello zaino. La prima opzione ottimizza il trasporto degli attrezzi con zaino vuoto o quasi vuoto, mentre la seconda \u00e8 ideale quando lo Ski Raptor \u00e8 pieno. Tra gli altri dettagli che garantiscono il comfort spiccano gli spallacci imbottiti con bordatura esterna e lo schienale ergonomico e ventilato. Porta piccozza, porta bastoncini, porta casco e numerosi altri accessori esaltano la funzionalit\u00e0 di un prodotto senza compromessi, pensato per chi sa bene che in montagna, una volta in cima, si \u00e8 soltanto a met\u00e0 dell\u2019opera. Perch\u00e9 ai nostri piedi, candido e immacolato, sta un fantastico pendio tutto da sciare.\" \/>\n<meta property=\"og:url\" content=\"https:\/\/www.sestogrado.it\/en\/prodotto\/camp-ski-raptor-20-zaino-scialpinismo-20-litri\/\" \/>\n<meta property=\"og:site_name\" content=\"Sestogrado\" \/>\n<meta property=\"article:publisher\" content=\"https:\/\/www.facebook.com\/pages\/Sestogrado\/1542635979353017?ref=bookmarks\" \/>\n<meta property=\"article:modified_time\" content=\"2026-04-23T05:56:00+00:00\" \/>\n<meta property=\"og:image\" content=\"https:\/\/www.sestogrado.it\/wp-content\/uploads\/2021\/12\/01-10.jpg\" \/>\n\t<meta property=\"og:image:width\" content=\"1200\" \/>\n\t<meta property=\"og:image:height\" content=\"1200\" \/>\n\t<meta property=\"og:image:type\" content=\"image\/jpeg\" \/>\n<meta name=\"twitter:label1\" content=\"Availability\" \/>\n\t<meta name=\"twitter:data1\" content=\"In stock\" \/>\n<script type=\"application\/ld+json\" class=\"yoast-schema-graph\">{\"@context\":\"https:\/\/schema.org\",\"@graph\":[{\"@type\":\"WebPage\",\"@id\":\"https:\/\/www.sestogrado.it\/en\/prodotto\/camp-ski-raptor-20-zaino-scialpinismo-20-litri\/\",\"url\":\"https:\/\/www.sestogrado.it\/en\/prodotto\/camp-ski-raptor-20-zaino-scialpinismo-20-litri\/\",\"name\":\"Camp Ski Raptor 20 zaino scialpinismo 20 litri - Sestogrado\",\"isPartOf\":{\"@id\":\"https:\/\/www.sestogrado.it\/en\/#website\"},\"primaryImageOfPage\":{\"@id\":\"https:\/\/www.sestogrado.it\/en\/prodotto\/camp-ski-raptor-20-zaino-scialpinismo-20-litri\/#primaryimage\"},\"image\":{\"@id\":\"https:\/\/www.sestogrado.it\/prodotto\/camp-ski-raptor-20-zaino-scialpinismo-20-litri\/#primaryimage\"},\"thumbnailUrl\":\"https:\/\/www.sestogrado.it\/wp-content\/uploads\/2021\/12\/01-10.jpg\",\"datePublished\":\"2023-11-14T07:00:01+00:00\",\"dateModified\":\"2026-04-23T05:56:00+00:00\",\"description\":\"Il Camp Ski Raptor 20 \u00e8 uno zaino da scialpinismo da 20 litri tecnico e particolare. Leggerezza, funzionalit\u00e0, comodit\u00e0 e robustezza sono le parole d\u2019ordine di un prodotto che va oltre lo scialpinismo classico, rispondendo anche alle esigenze degli appassionati di freeride che vivono la neve all\u2019insegna dell\u2019avventura e della fantasia. E in quest\u2019ottica, alla classica versione da 30 litri ne \u00e8 stata aggiunta una pi\u00f9 essenziale, da 20 litri, pronta sia ad essere protagonista nelle uscite brevi e veloci sia a diventare il miglior compagno delle persone di corporatura pi\u00f9 minuta \u2013 in particolare delle ragazze \u2013 grazie alla dimensione ridotta dello schienale. Molto robusto grazie alla costruzione in nylon 420D, lo Ski Raptor 20 si distingue per un sistema porta sci estremamente efficace, caratterizzato dalla possibilit\u00e0 di spostare l\u2019asola inferiore per le code verso lo schienale o all\u2019esterno a seconda del contenuto dello zaino. La prima opzione ottimizza il trasporto degli attrezzi con zaino vuoto o quasi vuoto, mentre la seconda \u00e8 ideale quando lo Ski Raptor \u00e8 pieno. Tra gli altri dettagli che garantiscono il comfort spiccano gli spallacci imbottiti con bordatura esterna e lo schienale ergonomico e ventilato. Porta piccozza, porta bastoncini, porta casco e numerosi altri accessori esaltano la funzionalit\u00e0 di un prodotto senza compromessi, pensato per chi sa bene che in montagna, una volta in cima, si \u00e8 soltanto a met\u00e0 dell\u2019opera. Perch\u00e9 ai nostri piedi, candido e immacolato, sta un fantastico pendio tutto da sciare.\",\"breadcrumb\":{\"@id\":\"https:\/\/www.sestogrado.it\/en\/prodotto\/camp-ski-raptor-20-zaino-scialpinismo-20-litri\/#breadcrumb\"},\"inLanguage\":\"en-US\",\"potentialAction\":[{\"@type\":\"ReadAction\",\"target\":[[\"https:\/\/www.sestogrado.it\/en\/prodotto\/camp-ski-raptor-20-zaino-scialpinismo-20-litri\/\"]]}]},{\"@type\":\"ImageObject\",\"inLanguage\":\"en-US\",\"@id\":\"https:\/\/www.sestogrado.it\/en\/prodotto\/camp-ski-raptor-20-zaino-scialpinismo-20-litri\/#primaryimage\",\"url\":\"https:\/\/www.sestogrado.it\/wp-content\/uploads\/2021\/12\/01-10.jpg\",\"contentUrl\":\"https:\/\/www.sestogrado.it\/wp-content\/uploads\/2021\/12\/01-10.jpg\",\"width\":1200,\"height\":1200,\"caption\":\"ski raptor 20 nero\"},{\"@type\":\"BreadcrumbList\",\"@id\":\"https:\/\/www.sestogrado.it\/en\/prodotto\/camp-ski-raptor-20-zaino-scialpinismo-20-litri\/#breadcrumb\",\"itemListElement\":[{\"@type\":\"ListItem\",\"position\":1,\"name\":\"Home\",\"item\":\"https:\/\/www.sestogrado.it\/en\/\"},{\"@type\":\"ListItem\",\"position\":2,\"name\":\"Shop\",\"item\":\"https:\/\/www.sestogrado.it\/en\/shop\/\"},{\"@type\":\"ListItem\",\"position\":3,\"name\":\"Camp Ski Raptor 20 zaino scialpinismo 20 litri\"}]},{\"@type\":\"WebSite\",\"@id\":\"https:\/\/www.sestogrado.it\/en\/#website\",\"url\":\"https:\/\/www.sestogrado.it\/en\/\",\"name\":\"Sestogrado\",\"description\":\"yes we climb\",\"publisher\":{\"@id\":\"https:\/\/www.sestogrado.it\/en\/#organization\"},\"potentialAction\":[{\"@type\":\"SearchAction\",\"target\":{\"@type\":\"EntryPoint\",\"urlTemplate\":\"https:\/\/www.sestogrado.it\/en\/?s={search_term_string}\"},\"query-input\":{\"@type\":\"PropertyValueSpecification\",\"valueRequired\":true,\"valueName\":\"search_term_string\"}}],\"inLanguage\":\"en-US\"},{\"@type\":\"Organization\",\"@id\":\"https:\/\/www.sestogrado.it\/en\/#organization\",\"name\":\"Sestogrado\",\"url\":\"https:\/\/www.sestogrado.it\/en\/\",\"logo\":{\"@type\":\"ImageObject\",\"inLanguage\":\"en-US\",\"@id\":\"https:\/\/www.sestogrado.it\/en\/#\/schema\/logo\/image\/\",\"url\":\"https:\/\/www.sestogrado.it\/wp-content\/uploads\/2015\/03\/sestogrado-favicon.png\",\"contentUrl\":\"https:\/\/www.sestogrado.it\/wp-content\/uploads\/2015\/03\/sestogrado-favicon.png\",\"width\":260,\"height\":260,\"caption\":\"Sestogrado\"},\"image\":{\"@id\":\"https:\/\/www.sestogrado.it\/en\/#\/schema\/logo\/image\/\"},\"sameAs\":[\"https:\/\/www.facebook.com\/pages\/Sestogrado\/1542635979353017?ref=bookmarks\",\"https:\/\/www.youtube.com\/channel\/UC847kAfTkaJsWpc1jtQwr3Q\"],\"hasMerchantReturnPolicy\":{\"@type\":\"MerchantReturnPolicy\",\"merchantReturnLink\":\"https:\/\/www.sestogrado.it\/en\/termini-e-condizioni\/\"}}]}<\/script>\n<meta property=\"product:brand\" content=\"Camp\" \/>\n<meta property=\"og:availability\" content=\"instock\" \/>\n<meta property=\"product:availability\" content=\"instock\" \/>\n<meta property=\"product:condition\" content=\"new\" \/>\n<!-- \/ Yoast SEO plugin. -->","yoast_head_json":{"title":"Camp Ski Raptor 20 zaino scialpinismo 20 litri - Sestogrado","description":"Il Camp Ski Raptor 20 \u00e8 uno zaino da scialpinismo da 20 litri tecnico e particolare. Leggerezza, funzionalit\u00e0, comodit\u00e0 e robustezza sono le parole d\u2019ordine di un prodotto che va oltre lo scialpinismo classico, rispondendo anche alle esigenze degli appassionati di freeride che vivono la neve all\u2019insegna dell\u2019avventura e della fantasia. E in quest\u2019ottica, alla classica versione da 30 litri ne \u00e8 stata aggiunta una pi\u00f9 essenziale, da 20 litri, pronta sia ad essere protagonista nelle uscite brevi e veloci sia a diventare il miglior compagno delle persone di corporatura pi\u00f9 minuta \u2013 in particolare delle ragazze \u2013 grazie alla dimensione ridotta dello schienale. Molto robusto grazie alla costruzione in nylon 420D, lo Ski Raptor 20 si distingue per un sistema porta sci estremamente efficace, caratterizzato dalla possibilit\u00e0 di spostare l\u2019asola inferiore per le code verso lo schienale o all\u2019esterno a seconda del contenuto dello zaino. La prima opzione ottimizza il trasporto degli attrezzi con zaino vuoto o quasi vuoto, mentre la seconda \u00e8 ideale quando lo Ski Raptor \u00e8 pieno. Tra gli altri dettagli che garantiscono il comfort spiccano gli spallacci imbottiti con bordatura esterna e lo schienale ergonomico e ventilato. Porta piccozza, porta bastoncini, porta casco e numerosi altri accessori esaltano la funzionalit\u00e0 di un prodotto senza compromessi, pensato per chi sa bene che in montagna, una volta in cima, si \u00e8 soltanto a met\u00e0 dell\u2019opera. Perch\u00e9 ai nostri piedi, candido e immacolato, sta un fantastico pendio tutto da sciare.","robots":{"index":"index","follow":"follow","max-snippet":"max-snippet:-1","max-image-preview":"max-image-preview:large","max-video-preview":"max-video-preview:-1"},"canonical":"https:\/\/www.sestogrado.it\/en\/prodotto\/camp-ski-raptor-20-zaino-scialpinismo-20-litri\/","og_locale":"en_US","og_type":"article","og_title":"Camp Ski Raptor 20 zaino scialpinismo 20 litri - Sestogrado","og_description":"Il Camp Ski Raptor 20 \u00e8 uno zaino da scialpinismo da 20 litri tecnico e particolare. Leggerezza, funzionalit\u00e0, comodit\u00e0 e robustezza sono le parole d\u2019ordine di un prodotto che va oltre lo scialpinismo classico, rispondendo anche alle esigenze degli appassionati di freeride che vivono la neve all\u2019insegna dell\u2019avventura e della fantasia. E in quest\u2019ottica, alla classica versione da 30 litri ne \u00e8 stata aggiunta una pi\u00f9 essenziale, da 20 litri, pronta sia ad essere protagonista nelle uscite brevi e veloci sia a diventare il miglior compagno delle persone di corporatura pi\u00f9 minuta \u2013 in particolare delle ragazze \u2013 grazie alla dimensione ridotta dello schienale. Molto robusto grazie alla costruzione in nylon 420D, lo Ski Raptor 20 si distingue per un sistema porta sci estremamente efficace, caratterizzato dalla possibilit\u00e0 di spostare l\u2019asola inferiore per le code verso lo schienale o all\u2019esterno a seconda del contenuto dello zaino. La prima opzione ottimizza il trasporto degli attrezzi con zaino vuoto o quasi vuoto, mentre la seconda \u00e8 ideale quando lo Ski Raptor \u00e8 pieno. Tra gli altri dettagli che garantiscono il comfort spiccano gli spallacci imbottiti con bordatura esterna e lo schienale ergonomico e ventilato. Porta piccozza, porta bastoncini, porta casco e numerosi altri accessori esaltano la funzionalit\u00e0 di un prodotto senza compromessi, pensato per chi sa bene che in montagna, una volta in cima, si \u00e8 soltanto a met\u00e0 dell\u2019opera. Perch\u00e9 ai nostri piedi, candido e immacolato, sta un fantastico pendio tutto da sciare.","og_url":"https:\/\/www.sestogrado.it\/en\/prodotto\/camp-ski-raptor-20-zaino-scialpinismo-20-litri\/","og_site_name":"Sestogrado","article_publisher":"https:\/\/www.facebook.com\/pages\/Sestogrado\/1542635979353017?ref=bookmarks","article_modified_time":"2026-04-23T05:56:00+00:00","og_image":[{"width":1200,"height":1200,"url":"https:\/\/www.sestogrado.it\/wp-content\/uploads\/2021\/12\/01-10.jpg","type":"image\/jpeg"}],"twitter_misc":{"Availability":"In stock"},"schema":{"@context":"https:\/\/schema.org","@graph":[{"@type":"WebPage","@id":"https:\/\/www.sestogrado.it\/en\/prodotto\/camp-ski-raptor-20-zaino-scialpinismo-20-litri\/","url":"https:\/\/www.sestogrado.it\/en\/prodotto\/camp-ski-raptor-20-zaino-scialpinismo-20-litri\/","name":"Camp Ski Raptor 20 zaino scialpinismo 20 litri - Sestogrado","isPartOf":{"@id":"https:\/\/www.sestogrado.it\/en\/#website"},"primaryImageOfPage":{"@id":"https:\/\/www.sestogrado.it\/en\/prodotto\/camp-ski-raptor-20-zaino-scialpinismo-20-litri\/#primaryimage"},"image":{"@id":"https:\/\/www.sestogrado.it\/prodotto\/camp-ski-raptor-20-zaino-scialpinismo-20-litri\/#primaryimage"},"thumbnailUrl":"https:\/\/www.sestogrado.it\/wp-content\/uploads\/2021\/12\/01-10.jpg","datePublished":"2023-11-14T07:00:01+00:00","dateModified":"2026-04-23T05:56:00+00:00","description":"Il Camp Ski Raptor 20 \u00e8 uno zaino da scialpinismo da 20 litri tecnico e particolare. Leggerezza, funzionalit\u00e0, comodit\u00e0 e robustezza sono le parole d\u2019ordine di un prodotto che va oltre lo scialpinismo classico, rispondendo anche alle esigenze degli appassionati di freeride che vivono la neve all\u2019insegna dell\u2019avventura e della fantasia. E in quest\u2019ottica, alla classica versione da 30 litri ne \u00e8 stata aggiunta una pi\u00f9 essenziale, da 20 litri, pronta sia ad essere protagonista nelle uscite brevi e veloci sia a diventare il miglior compagno delle persone di corporatura pi\u00f9 minuta \u2013 in particolare delle ragazze \u2013 grazie alla dimensione ridotta dello schienale. Molto robusto grazie alla costruzione in nylon 420D, lo Ski Raptor 20 si distingue per un sistema porta sci estremamente efficace, caratterizzato dalla possibilit\u00e0 di spostare l\u2019asola inferiore per le code verso lo schienale o all\u2019esterno a seconda del contenuto dello zaino. La prima opzione ottimizza il trasporto degli attrezzi con zaino vuoto o quasi vuoto, mentre la seconda \u00e8 ideale quando lo Ski Raptor \u00e8 pieno. Tra gli altri dettagli che garantiscono il comfort spiccano gli spallacci imbottiti con bordatura esterna e lo schienale ergonomico e ventilato. Porta piccozza, porta bastoncini, porta casco e numerosi altri accessori esaltano la funzionalit\u00e0 di un prodotto senza compromessi, pensato per chi sa bene che in montagna, una volta in cima, si \u00e8 soltanto a met\u00e0 dell\u2019opera. Perch\u00e9 ai nostri piedi, candido e immacolato, sta un fantastico pendio tutto da sciare.","breadcrumb":{"@id":"https:\/\/www.sestogrado.it\/en\/prodotto\/camp-ski-raptor-20-zaino-scialpinismo-20-litri\/#breadcrumb"},"inLanguage":"en-US","potentialAction":[{"@type":"ReadAction","target":[["https:\/\/www.sestogrado.it\/en\/prodotto\/camp-ski-raptor-20-zaino-scialpinismo-20-litri\/"]]}]},{"@type":"ImageObject","inLanguage":"en-US","@id":"https:\/\/www.sestogrado.it\/en\/prodotto\/camp-ski-raptor-20-zaino-scialpinismo-20-litri\/#primaryimage","url":"https:\/\/www.sestogrado.it\/wp-content\/uploads\/2021\/12\/01-10.jpg","contentUrl":"https:\/\/www.sestogrado.it\/wp-content\/uploads\/2021\/12\/01-10.jpg","width":1200,"height":1200,"caption":"ski raptor 20 nero"},{"@type":"BreadcrumbList","@id":"https:\/\/www.sestogrado.it\/en\/prodotto\/camp-ski-raptor-20-zaino-scialpinismo-20-litri\/#breadcrumb","itemListElement":[{"@type":"ListItem","position":1,"name":"Home","item":"https:\/\/www.sestogrado.it\/en\/"},{"@type":"ListItem","position":2,"name":"Shop","item":"https:\/\/www.sestogrado.it\/en\/shop\/"},{"@type":"ListItem","position":3,"name":"Camp Ski Raptor 20 zaino scialpinismo 20 litri"}]},{"@type":"WebSite","@id":"https:\/\/www.sestogrado.it\/en\/#website","url":"https:\/\/www.sestogrado.it\/en\/","name":"Sestogrado","description":"yes we climb","publisher":{"@id":"https:\/\/www.sestogrado.it\/en\/#organization"},"potentialAction":[{"@type":"SearchAction","target":{"@type":"EntryPoint","urlTemplate":"https:\/\/www.sestogrado.it\/en\/?s={search_term_string}"},"query-input":{"@type":"PropertyValueSpecification","valueRequired":true,"valueName":"search_term_string"}}],"inLanguage":"en-US"},{"@type":"Organization","@id":"https:\/\/www.sestogrado.it\/en\/#organization","name":"Sestogrado","url":"https:\/\/www.sestogrado.it\/en\/","logo":{"@type":"ImageObject","inLanguage":"en-US","@id":"https:\/\/www.sestogrado.it\/en\/#\/schema\/logo\/image\/","url":"https:\/\/www.sestogrado.it\/wp-content\/uploads\/2015\/03\/sestogrado-favicon.png","contentUrl":"https:\/\/www.sestogrado.it\/wp-content\/uploads\/2015\/03\/sestogrado-favicon.png","width":260,"height":260,"caption":"Sestogrado"},"image":{"@id":"https:\/\/www.sestogrado.it\/en\/#\/schema\/logo\/image\/"},"sameAs":["https:\/\/www.facebook.com\/pages\/Sestogrado\/1542635979353017?ref=bookmarks","https:\/\/www.youtube.com\/channel\/UC847kAfTkaJsWpc1jtQwr3Q"],"hasMerchantReturnPolicy":{"@type":"MerchantReturnPolicy","merchantReturnLink":"https:\/\/www.sestogrado.it\/en\/termini-e-condizioni\/"}}]},"product_brand":"Camp","og_availability":"instock","product_availability":"instock","product_condition":"new"},"_links":{"self":[{"href":"https:\/\/www.sestogrado.it\/en\/wp-json\/wp\/v2\/product\/88575","targetHints":{"allow":["GET"]}}],"collection":[{"href":"https:\/\/www.sestogrado.it\/en\/wp-json\/wp\/v2\/product"}],"about":[{"href":"https:\/\/www.sestogrado.it\/en\/wp-json\/wp\/v2\/types\/product"}],"replies":[{"embeddable":true,"href":"https:\/\/www.sestogrado.it\/en\/wp-json\/wp\/v2\/comments?post=88575"}],"wp:featuredmedia":[{"embeddable":true,"href":"https:\/\/www.sestogrado.it\/en\/wp-json\/wp\/v2\/media\/146625"}],"wp:attachment":[{"href":"https:\/\/www.sestogrado.it\/en\/wp-json\/wp\/v2\/media?parent=88575"}],"wp:term":[{"taxonomy":"product_brand","embeddable":true,"href":"https:\/\/www.sestogrado.it\/en\/wp-json\/wp\/v2\/product_brand?post=88575"},{"taxonomy":"product_cat","embeddable":true,"href":"https:\/\/www.sestogrado.it\/en\/wp-json\/wp\/v2\/product_cat?post=88575"},{"taxonomy":"product_tag","embeddable":true,"href":"https:\/\/www.sestogrado.it\/en\/wp-json\/wp\/v2\/product_tag?post=88575"}],"curies":[{"name":"wp","href":"https:\/\/api.w.org\/{rel}","templated":true}]}}