{"id":8798,"date":"2016-10-11T09:22:58","date_gmt":"2016-10-11T07:22:58","guid":{"rendered":"http:\/\/www.sestogrado.it\/?post_type=product&#038;p=8798"},"modified":"2026-03-10T13:02:52","modified_gmt":"2026-03-10T12:02:52","slug":"beal-virus-10-0-corda-arrampicata","status":"publish","type":"product","link":"https:\/\/www.sestogrado.it\/en\/prodotto\/beal-virus-10-0-corda-arrampicata\/","title":{"rendered":"Beal Virus 10.0 rope"},"content":{"rendered":"<p>As the ultimate rope when it comes to versatility, the VIRUS 10 works\u00a0with the majority of belay devices and in all conditions. Its diamete<\/p>\n<div class=\"table-responsive\"><table class=\"table\" border=\"0\" width=\"100%\" cellspacing=\"5\" cellpadding=\"0\">\n<tbody>\n<tr>\n<td style=\"width: 50.996%\"><strong>KEY FEATURES:<\/strong><br \/>\n\u2022 Handling and compactness<br \/>\n\u2022 Versatility<br \/>\n\u2022 Improved control<\/td>\n<td style=\"width: 48.004%\" valign=\"top\"><strong>USE:\u00a0<\/strong><br \/>\nMulti-disciplined climbers.<\/td>\n<\/tr>\n<\/tbody>\n<\/table><\/div>\n<p>&nbsp;<\/p>\n<p>BEAL has been making rope history since the 80\u2019s. Passion and research led to the development of the concept of dynamic ropes, changing the climbing world forever. The\u00a0BEAL team is fully integrated into its work, caring about new technology applications, test reports, as well as emotions and enthusiasms. Evolution is what lets BEAL anticipate changes and stay tuned with climbers\u2019 everyday needs.<\/p>","protected":false},"excerpt":{"rendered":"<p>As the ultimate rope when it comes to versatility, the VIRUS 10 works\u00a0with the majority of belay devices and in [&hellip;]<\/p>\n","protected":false},"featured_media":82371,"comment_status":"open","ping_status":"closed","template":"","meta":{"_acf_changed":false},"product_brand":[84],"product_cat":[136],"product_tag":[413,416],"class_list":{"0":"post-8798","1":"product","2":"type-product","3":"status-publish","4":"has-post-thumbnail","6":"product_brand-beal","7":"product_cat-corde-corde","8":"product_tag-corda-singola","9":"product_tag-corda-singola-dinamica","11":"first","12":"instock","13":"sale","14":"taxable","15":"shipping-taxable","16":"purchasable","17":"product-type-variable"},"acf":[],"yoast_head":"<!-- This site is optimized with the Yoast SEO plugin v26.4 - https:\/\/yoast.com\/wordpress\/plugins\/seo\/ -->\n<title>Beal Virus 10.0 rope - Sestogrado<\/title>\n<meta name=\"description\" content=\"La Beal Virus 10.0 \u00e8 una corda da arrampicata parte della linea Active di Beal, sviluppata per lavorare le vie. La Virus 10.0 \u00e8 una corda ideata per soddisfare le esigenze dell&#039;arrampicata indoor ed in falesia; possiede una eccellente capacit\u00e0 di ammortizzare le cadute grazie ad una bassa forza di impatto (7,8kN).\" \/>\n<meta name=\"robots\" content=\"index, follow, max-snippet:-1, max-image-preview:large, max-video-preview:-1\" \/>\n<link rel=\"canonical\" href=\"https:\/\/www.sestogrado.it\/en\/prodotto\/beal-virus-10-0-corda-arrampicata\/\" \/>\n<meta property=\"og:locale\" content=\"en_US\" \/>\n<meta property=\"og:type\" content=\"article\" \/>\n<meta property=\"og:title\" content=\"Beal Virus 10.0 rope - Sestogrado\" \/>\n<meta property=\"og:description\" content=\"La Beal Virus 10.0 \u00e8 una corda da arrampicata parte della linea Active di Beal, sviluppata per lavorare le vie. La Virus 10.0 \u00e8 una corda ideata per soddisfare le esigenze dell&#039;arrampicata indoor ed in falesia; possiede una eccellente capacit\u00e0 di ammortizzare le cadute grazie ad una bassa forza di impatto (7,8kN).\" \/>\n<meta property=\"og:url\" content=\"https:\/\/www.sestogrado.it\/en\/prodotto\/beal-virus-10-0-corda-arrampicata\/\" \/>\n<meta property=\"og:site_name\" content=\"Sestogrado\" \/>\n<meta property=\"article:publisher\" content=\"https:\/\/www.facebook.com\/pages\/Sestogrado\/1542635979353017?ref=bookmarks\" \/>\n<meta property=\"article:modified_time\" content=\"2026-03-10T12:02:52+00:00\" \/>\n<meta property=\"og:image\" content=\"https:\/\/www.sestogrado.it\/wp-content\/uploads\/2016\/10\/virus.jpg\" \/>\n\t<meta property=\"og:image:width\" content=\"1000\" \/>\n\t<meta property=\"og:image:height\" content=\"1000\" \/>\n\t<meta property=\"og:image:type\" content=\"image\/jpeg\" \/>\n<meta name=\"twitter:label1\" content=\"Availability\" \/>\n\t<meta name=\"twitter:data1\" content=\"In stock\" \/>\n<script type=\"application\/ld+json\" class=\"yoast-schema-graph\">{\"@context\":\"https:\/\/schema.org\",\"@graph\":[{\"@type\":\"WebPage\",\"@id\":\"https:\/\/www.sestogrado.it\/en\/prodotto\/beal-virus-10-0-corda-arrampicata\/\",\"url\":\"https:\/\/www.sestogrado.it\/en\/prodotto\/beal-virus-10-0-corda-arrampicata\/\",\"name\":\"Beal Virus 10.0 rope - Sestogrado\",\"isPartOf\":{\"@id\":\"https:\/\/www.sestogrado.it\/en\/#website\"},\"primaryImageOfPage\":{\"@id\":\"https:\/\/www.sestogrado.it\/en\/prodotto\/beal-virus-10-0-corda-arrampicata\/#primaryimage\"},\"image\":{\"@id\":\"https:\/\/www.sestogrado.it\/prodotto\/beal-virus-10-0-corda-arrampicata\/#primaryimage\"},\"thumbnailUrl\":\"https:\/\/www.sestogrado.it\/wp-content\/uploads\/2016\/10\/virus.jpg\",\"datePublished\":\"2016-10-11T07:22:58+00:00\",\"dateModified\":\"2026-03-10T12:02:52+00:00\",\"description\":\"La Beal Virus 10.0 \u00e8 una corda da arrampicata parte della linea Active di Beal, sviluppata per lavorare le vie. La Virus 10.0 \u00e8 una corda ideata per soddisfare le esigenze dell'arrampicata indoor ed in falesia; possiede una eccellente capacit\u00e0 di ammortizzare le cadute grazie ad una bassa forza di impatto (7,8kN).\",\"breadcrumb\":{\"@id\":\"https:\/\/www.sestogrado.it\/en\/prodotto\/beal-virus-10-0-corda-arrampicata\/#breadcrumb\"},\"inLanguage\":\"en-US\",\"potentialAction\":[{\"@type\":\"ReadAction\",\"target\":[[\"https:\/\/www.sestogrado.it\/en\/prodotto\/beal-virus-10-0-corda-arrampicata\/\"]]}]},{\"@type\":\"ImageObject\",\"inLanguage\":\"en-US\",\"@id\":\"https:\/\/www.sestogrado.it\/en\/prodotto\/beal-virus-10-0-corda-arrampicata\/#primaryimage\",\"url\":\"https:\/\/www.sestogrado.it\/wp-content\/uploads\/2016\/10\/virus.jpg\",\"contentUrl\":\"https:\/\/www.sestogrado.it\/wp-content\/uploads\/2016\/10\/virus.jpg\",\"width\":1000,\"height\":1000,\"caption\":\"beal virus 10.0\"},{\"@type\":\"BreadcrumbList\",\"@id\":\"https:\/\/www.sestogrado.it\/en\/prodotto\/beal-virus-10-0-corda-arrampicata\/#breadcrumb\",\"itemListElement\":[{\"@type\":\"ListItem\",\"position\":1,\"name\":\"Home\",\"item\":\"https:\/\/www.sestogrado.it\/en\/\"},{\"@type\":\"ListItem\",\"position\":2,\"name\":\"Shop\",\"item\":\"https:\/\/www.sestogrado.it\/en\/shop\/\"},{\"@type\":\"ListItem\",\"position\":3,\"name\":\"Beal Virus 10.0 corda arrampicata\"}]},{\"@type\":\"WebSite\",\"@id\":\"https:\/\/www.sestogrado.it\/en\/#website\",\"url\":\"https:\/\/www.sestogrado.it\/en\/\",\"name\":\"Sestogrado\",\"description\":\"yes we climb\",\"publisher\":{\"@id\":\"https:\/\/www.sestogrado.it\/en\/#organization\"},\"potentialAction\":[{\"@type\":\"SearchAction\",\"target\":{\"@type\":\"EntryPoint\",\"urlTemplate\":\"https:\/\/www.sestogrado.it\/en\/?s={search_term_string}\"},\"query-input\":{\"@type\":\"PropertyValueSpecification\",\"valueRequired\":true,\"valueName\":\"search_term_string\"}}],\"inLanguage\":\"en-US\"},{\"@type\":\"Organization\",\"@id\":\"https:\/\/www.sestogrado.it\/en\/#organization\",\"name\":\"Sestogrado\",\"url\":\"https:\/\/www.sestogrado.it\/en\/\",\"logo\":{\"@type\":\"ImageObject\",\"inLanguage\":\"en-US\",\"@id\":\"https:\/\/www.sestogrado.it\/en\/#\/schema\/logo\/image\/\",\"url\":\"https:\/\/www.sestogrado.it\/wp-content\/uploads\/2015\/03\/sestogrado-favicon.png\",\"contentUrl\":\"https:\/\/www.sestogrado.it\/wp-content\/uploads\/2015\/03\/sestogrado-favicon.png\",\"width\":260,\"height\":260,\"caption\":\"Sestogrado\"},\"image\":{\"@id\":\"https:\/\/www.sestogrado.it\/en\/#\/schema\/logo\/image\/\"},\"sameAs\":[\"https:\/\/www.facebook.com\/pages\/Sestogrado\/1542635979353017?ref=bookmarks\",\"https:\/\/www.youtube.com\/channel\/UC847kAfTkaJsWpc1jtQwr3Q\"],\"hasMerchantReturnPolicy\":{\"@type\":\"MerchantReturnPolicy\",\"merchantReturnLink\":\"https:\/\/www.sestogrado.it\/en\/termini-e-condizioni\/\"}}]}<\/script>\n<meta property=\"product:brand\" content=\"Beal\" \/>\n<meta property=\"og:availability\" content=\"instock\" \/>\n<meta property=\"product:availability\" content=\"instock\" \/>\n<meta property=\"product:condition\" content=\"new\" \/>\n<!-- \/ Yoast SEO plugin. -->","yoast_head_json":{"title":"Beal Virus 10.0 rope - Sestogrado","description":"La Beal Virus 10.0 \u00e8 una corda da arrampicata parte della linea Active di Beal, sviluppata per lavorare le vie. La Virus 10.0 \u00e8 una corda ideata per soddisfare le esigenze dell'arrampicata indoor ed in falesia; possiede una eccellente capacit\u00e0 di ammortizzare le cadute grazie ad una bassa forza di impatto (7,8kN).","robots":{"index":"index","follow":"follow","max-snippet":"max-snippet:-1","max-image-preview":"max-image-preview:large","max-video-preview":"max-video-preview:-1"},"canonical":"https:\/\/www.sestogrado.it\/en\/prodotto\/beal-virus-10-0-corda-arrampicata\/","og_locale":"en_US","og_type":"article","og_title":"Beal Virus 10.0 rope - Sestogrado","og_description":"La Beal Virus 10.0 \u00e8 una corda da arrampicata parte della linea Active di Beal, sviluppata per lavorare le vie. La Virus 10.0 \u00e8 una corda ideata per soddisfare le esigenze dell'arrampicata indoor ed in falesia; possiede una eccellente capacit\u00e0 di ammortizzare le cadute grazie ad una bassa forza di impatto (7,8kN).","og_url":"https:\/\/www.sestogrado.it\/en\/prodotto\/beal-virus-10-0-corda-arrampicata\/","og_site_name":"Sestogrado","article_publisher":"https:\/\/www.facebook.com\/pages\/Sestogrado\/1542635979353017?ref=bookmarks","article_modified_time":"2026-03-10T12:02:52+00:00","og_image":[{"width":1000,"height":1000,"url":"https:\/\/www.sestogrado.it\/wp-content\/uploads\/2016\/10\/virus.jpg","type":"image\/jpeg"}],"twitter_misc":{"Availability":"In stock"},"schema":{"@context":"https:\/\/schema.org","@graph":[{"@type":"WebPage","@id":"https:\/\/www.sestogrado.it\/en\/prodotto\/beal-virus-10-0-corda-arrampicata\/","url":"https:\/\/www.sestogrado.it\/en\/prodotto\/beal-virus-10-0-corda-arrampicata\/","name":"Beal Virus 10.0 rope - Sestogrado","isPartOf":{"@id":"https:\/\/www.sestogrado.it\/en\/#website"},"primaryImageOfPage":{"@id":"https:\/\/www.sestogrado.it\/en\/prodotto\/beal-virus-10-0-corda-arrampicata\/#primaryimage"},"image":{"@id":"https:\/\/www.sestogrado.it\/prodotto\/beal-virus-10-0-corda-arrampicata\/#primaryimage"},"thumbnailUrl":"https:\/\/www.sestogrado.it\/wp-content\/uploads\/2016\/10\/virus.jpg","datePublished":"2016-10-11T07:22:58+00:00","dateModified":"2026-03-10T12:02:52+00:00","description":"La Beal Virus 10.0 \u00e8 una corda da arrampicata parte della linea Active di Beal, sviluppata per lavorare le vie. La Virus 10.0 \u00e8 una corda ideata per soddisfare le esigenze dell'arrampicata indoor ed in falesia; possiede una eccellente capacit\u00e0 di ammortizzare le cadute grazie ad una bassa forza di impatto (7,8kN).","breadcrumb":{"@id":"https:\/\/www.sestogrado.it\/en\/prodotto\/beal-virus-10-0-corda-arrampicata\/#breadcrumb"},"inLanguage":"en-US","potentialAction":[{"@type":"ReadAction","target":[["https:\/\/www.sestogrado.it\/en\/prodotto\/beal-virus-10-0-corda-arrampicata\/"]]}]},{"@type":"ImageObject","inLanguage":"en-US","@id":"https:\/\/www.sestogrado.it\/en\/prodotto\/beal-virus-10-0-corda-arrampicata\/#primaryimage","url":"https:\/\/www.sestogrado.it\/wp-content\/uploads\/2016\/10\/virus.jpg","contentUrl":"https:\/\/www.sestogrado.it\/wp-content\/uploads\/2016\/10\/virus.jpg","width":1000,"height":1000,"caption":"beal virus 10.0"},{"@type":"BreadcrumbList","@id":"https:\/\/www.sestogrado.it\/en\/prodotto\/beal-virus-10-0-corda-arrampicata\/#breadcrumb","itemListElement":[{"@type":"ListItem","position":1,"name":"Home","item":"https:\/\/www.sestogrado.it\/en\/"},{"@type":"ListItem","position":2,"name":"Shop","item":"https:\/\/www.sestogrado.it\/en\/shop\/"},{"@type":"ListItem","position":3,"name":"Beal Virus 10.0 corda arrampicata"}]},{"@type":"WebSite","@id":"https:\/\/www.sestogrado.it\/en\/#website","url":"https:\/\/www.sestogrado.it\/en\/","name":"Sestogrado","description":"yes we climb","publisher":{"@id":"https:\/\/www.sestogrado.it\/en\/#organization"},"potentialAction":[{"@type":"SearchAction","target":{"@type":"EntryPoint","urlTemplate":"https:\/\/www.sestogrado.it\/en\/?s={search_term_string}"},"query-input":{"@type":"PropertyValueSpecification","valueRequired":true,"valueName":"search_term_string"}}],"inLanguage":"en-US"},{"@type":"Organization","@id":"https:\/\/www.sestogrado.it\/en\/#organization","name":"Sestogrado","url":"https:\/\/www.sestogrado.it\/en\/","logo":{"@type":"ImageObject","inLanguage":"en-US","@id":"https:\/\/www.sestogrado.it\/en\/#\/schema\/logo\/image\/","url":"https:\/\/www.sestogrado.it\/wp-content\/uploads\/2015\/03\/sestogrado-favicon.png","contentUrl":"https:\/\/www.sestogrado.it\/wp-content\/uploads\/2015\/03\/sestogrado-favicon.png","width":260,"height":260,"caption":"Sestogrado"},"image":{"@id":"https:\/\/www.sestogrado.it\/en\/#\/schema\/logo\/image\/"},"sameAs":["https:\/\/www.facebook.com\/pages\/Sestogrado\/1542635979353017?ref=bookmarks","https:\/\/www.youtube.com\/channel\/UC847kAfTkaJsWpc1jtQwr3Q"],"hasMerchantReturnPolicy":{"@type":"MerchantReturnPolicy","merchantReturnLink":"https:\/\/www.sestogrado.it\/en\/termini-e-condizioni\/"}}]},"product_brand":"Beal","og_availability":"instock","product_availability":"instock","product_condition":"new"},"_links":{"self":[{"href":"https:\/\/www.sestogrado.it\/en\/wp-json\/wp\/v2\/product\/8798","targetHints":{"allow":["GET"]}}],"collection":[{"href":"https:\/\/www.sestogrado.it\/en\/wp-json\/wp\/v2\/product"}],"about":[{"href":"https:\/\/www.sestogrado.it\/en\/wp-json\/wp\/v2\/types\/product"}],"replies":[{"embeddable":true,"href":"https:\/\/www.sestogrado.it\/en\/wp-json\/wp\/v2\/comments?post=8798"}],"wp:featuredmedia":[{"embeddable":true,"href":"https:\/\/www.sestogrado.it\/en\/wp-json\/wp\/v2\/media\/82371"}],"wp:attachment":[{"href":"https:\/\/www.sestogrado.it\/en\/wp-json\/wp\/v2\/media?parent=8798"}],"wp:term":[{"taxonomy":"product_brand","embeddable":true,"href":"https:\/\/www.sestogrado.it\/en\/wp-json\/wp\/v2\/product_brand?post=8798"},{"taxonomy":"product_cat","embeddable":true,"href":"https:\/\/www.sestogrado.it\/en\/wp-json\/wp\/v2\/product_cat?post=8798"},{"taxonomy":"product_tag","embeddable":true,"href":"https:\/\/www.sestogrado.it\/en\/wp-json\/wp\/v2\/product_tag?post=8798"}],"curies":[{"name":"wp","href":"https:\/\/api.w.org\/{rel}","templated":true}]}}