{"id":87790,"date":"2021-12-09T16:26:54","date_gmt":"2021-12-09T15:26:54","guid":{"rendered":"https:\/\/www.sestogrado.it\/?post_type=product&#038;p=87790"},"modified":"2026-03-08T20:57:19","modified_gmt":"2026-03-08T19:57:19","slug":"grivel-g10-new-classic-evo-rampone-universale-a-10-punte","status":"publish","type":"product","link":"https:\/\/www.sestogrado.it\/en\/prodotto\/grivel-g10-new-classic-evo-rampone-universale-a-10-punte\/","title":{"rendered":"Grivel G10 New classic EVO rampone universale a 10 punte"},"content":{"rendered":"<p class=\"qtranxs-available-languages-message qtranxs-available-languages-message-en\">Sorry, this entry is only available in <a href=\"https:\/\/www.sestogrado.it\/it\/wp-json\/wp\/v2\/product\/87790\" class=\"qtranxs-available-language-link qtranxs-available-language-link-it\" title=\"Italiano\">Italiano<\/a>.<\/p>","protected":false},"excerpt":{"rendered":"<p>Sorry, this entry is only available in Italiano.<\/p>\n","protected":false},"featured_media":87791,"comment_status":"open","ping_status":"closed","template":"","meta":{"_acf_changed":false},"product_brand":[126],"product_cat":[153],"product_tag":[],"class_list":{"0":"post-87790","1":"product","2":"type-product","3":"status-publish","4":"has-post-thumbnail","6":"product_brand-grivel","7":"product_cat-ramponi","9":"first","10":"instock","11":"sale","12":"taxable","13":"shipping-taxable","14":"purchasable","15":"product-type-simple"},"acf":[],"yoast_head":"<!-- This site is optimized with the Yoast SEO plugin v26.4 - https:\/\/yoast.com\/wordpress\/plugins\/seo\/ -->\n<title>Grivel G10 New classic EVO rampone universale a 10 punte - Sestogrado<\/title>\n<meta name=\"description\" content=\"Il Grivel G10 New Classic EVO \u00e8 il rampone universale creato sia per gli esperti che per i neofiti. Possiede 10 punte leggermente arrotondate in acciaio di cui 6 anteriori e 4 posteriori, non troppo lunghe che facilitano la camminata. Non ingombrante, \u00e8 comodo da trasportare negli zaini. Barretta nel centro regolabile a seconda della misura della scarpa. Dotato del famoso sistema Antibott proattivo Grivel sia nella parte anteriore che posteriore.\u00a0Dotati di sistema New Classic in versione EVO, sono un rampone universale in grado di accogliere qualsiasi tipo di scarpone, anche quelli sprovvisti di bordo anteriore e posteriore. Il nuovo sistema di allacciatura posteriore EVO \u00e8 pi\u00f9 moderno, leggero e minimale, rispetto alla versione precedente. La nuova leva e staffa posteriori sono pi\u00f9 semplici. La fettuccia \u00e8 pi\u00f9 leggera e sottile (12mm invece di 14mm) e la fibbia \u00e8 pi\u00f9 minimale, facile da usare e con forte tenuta.\" \/>\n<meta name=\"robots\" content=\"index, follow, max-snippet:-1, max-image-preview:large, max-video-preview:-1\" \/>\n<link rel=\"canonical\" href=\"https:\/\/www.sestogrado.it\/en\/prodotto\/grivel-g10-new-classic-evo-rampone-universale-a-10-punte\/\" \/>\n<meta property=\"og:locale\" content=\"en_US\" \/>\n<meta property=\"og:type\" content=\"article\" \/>\n<meta property=\"og:title\" content=\"Grivel G10 New classic EVO rampone universale a 10 punte - Sestogrado\" \/>\n<meta property=\"og:description\" content=\"Il Grivel G10 New Classic EVO \u00e8 il rampone universale creato sia per gli esperti che per i neofiti. Possiede 10 punte leggermente arrotondate in acciaio di cui 6 anteriori e 4 posteriori, non troppo lunghe che facilitano la camminata. Non ingombrante, \u00e8 comodo da trasportare negli zaini. Barretta nel centro regolabile a seconda della misura della scarpa. Dotato del famoso sistema Antibott proattivo Grivel sia nella parte anteriore che posteriore.\u00a0Dotati di sistema New Classic in versione EVO, sono un rampone universale in grado di accogliere qualsiasi tipo di scarpone, anche quelli sprovvisti di bordo anteriore e posteriore. Il nuovo sistema di allacciatura posteriore EVO \u00e8 pi\u00f9 moderno, leggero e minimale, rispetto alla versione precedente. La nuova leva e staffa posteriori sono pi\u00f9 semplici. La fettuccia \u00e8 pi\u00f9 leggera e sottile (12mm invece di 14mm) e la fibbia \u00e8 pi\u00f9 minimale, facile da usare e con forte tenuta.\" \/>\n<meta property=\"og:url\" content=\"https:\/\/www.sestogrado.it\/en\/prodotto\/grivel-g10-new-classic-evo-rampone-universale-a-10-punte\/\" \/>\n<meta property=\"og:site_name\" content=\"Sestogrado\" \/>\n<meta property=\"article:publisher\" content=\"https:\/\/www.facebook.com\/pages\/Sestogrado\/1542635979353017?ref=bookmarks\" \/>\n<meta property=\"article:modified_time\" content=\"2026-03-08T19:57:19+00:00\" \/>\n<meta property=\"og:image\" content=\"https:\/\/www.sestogrado.it\/wp-content\/uploads\/2021\/12\/g10-classic-evo.jpg\" \/>\n\t<meta property=\"og:image:width\" content=\"1600\" \/>\n\t<meta property=\"og:image:height\" content=\"1600\" \/>\n\t<meta property=\"og:image:type\" content=\"image\/jpeg\" \/>\n<meta name=\"twitter:label1\" content=\"Price\" \/>\n\t<meta name=\"twitter:data1\" content=\"&euro;&nbsp;119,00\" \/>\n\t<meta name=\"twitter:label2\" content=\"Availability\" \/>\n\t<meta name=\"twitter:data2\" content=\"In stock\" \/>\n<script type=\"application\/ld+json\" class=\"yoast-schema-graph\">{\"@context\":\"https:\/\/schema.org\",\"@graph\":[{\"@type\":\"WebPage\",\"@id\":\"https:\/\/www.sestogrado.it\/en\/prodotto\/grivel-g10-new-classic-evo-rampone-universale-a-10-punte\/\",\"url\":\"https:\/\/www.sestogrado.it\/en\/prodotto\/grivel-g10-new-classic-evo-rampone-universale-a-10-punte\/\",\"name\":\"Grivel G10 New classic EVO rampone universale a 10 punte - Sestogrado\",\"isPartOf\":{\"@id\":\"https:\/\/www.sestogrado.it\/en\/#website\"},\"primaryImageOfPage\":{\"@id\":\"https:\/\/www.sestogrado.it\/en\/prodotto\/grivel-g10-new-classic-evo-rampone-universale-a-10-punte\/#primaryimage\"},\"image\":{\"@id\":\"https:\/\/www.sestogrado.it\/prodotto\/grivel-g10-new-classic-evo-rampone-universale-a-10-punte\/#primaryimage\"},\"thumbnailUrl\":\"https:\/\/www.sestogrado.it\/wp-content\/uploads\/2021\/12\/g10-classic-evo.jpg\",\"datePublished\":\"2021-12-09T15:26:54+00:00\",\"dateModified\":\"2026-03-08T19:57:19+00:00\",\"description\":\"Il Grivel G10 New Classic EVO \u00e8 il rampone universale creato sia per gli esperti che per i neofiti. Possiede 10 punte leggermente arrotondate in acciaio di cui 6 anteriori e 4 posteriori, non troppo lunghe che facilitano la camminata. Non ingombrante, \u00e8 comodo da trasportare negli zaini. Barretta nel centro regolabile a seconda della misura della scarpa. Dotato del famoso sistema Antibott proattivo Grivel sia nella parte anteriore che posteriore.\u00a0Dotati di sistema New Classic in versione EVO, sono un rampone universale in grado di accogliere qualsiasi tipo di scarpone, anche quelli sprovvisti di bordo anteriore e posteriore. Il nuovo sistema di allacciatura posteriore EVO \u00e8 pi\u00f9 moderno, leggero e minimale, rispetto alla versione precedente. La nuova leva e staffa posteriori sono pi\u00f9 semplici. La fettuccia \u00e8 pi\u00f9 leggera e sottile (12mm invece di 14mm) e la fibbia \u00e8 pi\u00f9 minimale, facile da usare e con forte tenuta.\",\"breadcrumb\":{\"@id\":\"https:\/\/www.sestogrado.it\/en\/prodotto\/grivel-g10-new-classic-evo-rampone-universale-a-10-punte\/#breadcrumb\"},\"inLanguage\":\"en-US\",\"potentialAction\":[{\"@type\":\"ReadAction\",\"target\":[[\"https:\/\/www.sestogrado.it\/en\/prodotto\/grivel-g10-new-classic-evo-rampone-universale-a-10-punte\/\"]]}]},{\"@type\":\"ImageObject\",\"inLanguage\":\"en-US\",\"@id\":\"https:\/\/www.sestogrado.it\/en\/prodotto\/grivel-g10-new-classic-evo-rampone-universale-a-10-punte\/#primaryimage\",\"url\":\"https:\/\/www.sestogrado.it\/wp-content\/uploads\/2021\/12\/g10-classic-evo.jpg\",\"contentUrl\":\"https:\/\/www.sestogrado.it\/wp-content\/uploads\/2021\/12\/g10-classic-evo.jpg\",\"width\":1600,\"height\":1600,\"caption\":\"g10-classic-evo\"},{\"@type\":\"BreadcrumbList\",\"@id\":\"https:\/\/www.sestogrado.it\/en\/prodotto\/grivel-g10-new-classic-evo-rampone-universale-a-10-punte\/#breadcrumb\",\"itemListElement\":[{\"@type\":\"ListItem\",\"position\":1,\"name\":\"Home\",\"item\":\"https:\/\/www.sestogrado.it\/en\/\"},{\"@type\":\"ListItem\",\"position\":2,\"name\":\"Shop\",\"item\":\"https:\/\/www.sestogrado.it\/en\/shop\/\"},{\"@type\":\"ListItem\",\"position\":3,\"name\":\"Grivel G10 New classic EVO rampone universale a 10 punte\"}]},{\"@type\":\"WebSite\",\"@id\":\"https:\/\/www.sestogrado.it\/en\/#website\",\"url\":\"https:\/\/www.sestogrado.it\/en\/\",\"name\":\"Sestogrado\",\"description\":\"yes we climb\",\"publisher\":{\"@id\":\"https:\/\/www.sestogrado.it\/en\/#organization\"},\"potentialAction\":[{\"@type\":\"SearchAction\",\"target\":{\"@type\":\"EntryPoint\",\"urlTemplate\":\"https:\/\/www.sestogrado.it\/en\/?s={search_term_string}\"},\"query-input\":{\"@type\":\"PropertyValueSpecification\",\"valueRequired\":true,\"valueName\":\"search_term_string\"}}],\"inLanguage\":\"en-US\"},{\"@type\":\"Organization\",\"@id\":\"https:\/\/www.sestogrado.it\/en\/#organization\",\"name\":\"Sestogrado\",\"url\":\"https:\/\/www.sestogrado.it\/en\/\",\"logo\":{\"@type\":\"ImageObject\",\"inLanguage\":\"en-US\",\"@id\":\"https:\/\/www.sestogrado.it\/en\/#\/schema\/logo\/image\/\",\"url\":\"https:\/\/www.sestogrado.it\/wp-content\/uploads\/2015\/03\/sestogrado-favicon.png\",\"contentUrl\":\"https:\/\/www.sestogrado.it\/wp-content\/uploads\/2015\/03\/sestogrado-favicon.png\",\"width\":260,\"height\":260,\"caption\":\"Sestogrado\"},\"image\":{\"@id\":\"https:\/\/www.sestogrado.it\/en\/#\/schema\/logo\/image\/\"},\"sameAs\":[\"https:\/\/www.facebook.com\/pages\/Sestogrado\/1542635979353017?ref=bookmarks\",\"https:\/\/www.youtube.com\/channel\/UC847kAfTkaJsWpc1jtQwr3Q\"],\"hasMerchantReturnPolicy\":{\"@type\":\"MerchantReturnPolicy\",\"merchantReturnLink\":\"https:\/\/www.sestogrado.it\/en\/termini-e-condizioni\/\"}}]}<\/script>\n<meta property=\"product:brand\" content=\"Grivel\" \/>\n<meta property=\"product:price:amount\" content=\"119.00\" \/>\n<meta property=\"product:price:currency\" content=\"EUR\" \/>\n<meta property=\"og:availability\" content=\"instock\" \/>\n<meta property=\"product:availability\" content=\"instock\" \/>\n<meta property=\"product:condition\" content=\"new\" \/>\n<!-- \/ Yoast SEO plugin. -->","yoast_head_json":{"title":"Grivel G10 New classic EVO rampone universale a 10 punte - Sestogrado","description":"Il Grivel G10 New Classic EVO \u00e8 il rampone universale creato sia per gli esperti che per i neofiti. Possiede 10 punte leggermente arrotondate in acciaio di cui 6 anteriori e 4 posteriori, non troppo lunghe che facilitano la camminata. Non ingombrante, \u00e8 comodo da trasportare negli zaini. Barretta nel centro regolabile a seconda della misura della scarpa. Dotato del famoso sistema Antibott proattivo Grivel sia nella parte anteriore che posteriore.\u00a0Dotati di sistema New Classic in versione EVO, sono un rampone universale in grado di accogliere qualsiasi tipo di scarpone, anche quelli sprovvisti di bordo anteriore e posteriore. Il nuovo sistema di allacciatura posteriore EVO \u00e8 pi\u00f9 moderno, leggero e minimale, rispetto alla versione precedente. La nuova leva e staffa posteriori sono pi\u00f9 semplici. La fettuccia \u00e8 pi\u00f9 leggera e sottile (12mm invece di 14mm) e la fibbia \u00e8 pi\u00f9 minimale, facile da usare e con forte tenuta.","robots":{"index":"index","follow":"follow","max-snippet":"max-snippet:-1","max-image-preview":"max-image-preview:large","max-video-preview":"max-video-preview:-1"},"canonical":"https:\/\/www.sestogrado.it\/en\/prodotto\/grivel-g10-new-classic-evo-rampone-universale-a-10-punte\/","og_locale":"en_US","og_type":"article","og_title":"Grivel G10 New classic EVO rampone universale a 10 punte - Sestogrado","og_description":"Il Grivel G10 New Classic EVO \u00e8 il rampone universale creato sia per gli esperti che per i neofiti. Possiede 10 punte leggermente arrotondate in acciaio di cui 6 anteriori e 4 posteriori, non troppo lunghe che facilitano la camminata. Non ingombrante, \u00e8 comodo da trasportare negli zaini. Barretta nel centro regolabile a seconda della misura della scarpa. Dotato del famoso sistema Antibott proattivo Grivel sia nella parte anteriore che posteriore.\u00a0Dotati di sistema New Classic in versione EVO, sono un rampone universale in grado di accogliere qualsiasi tipo di scarpone, anche quelli sprovvisti di bordo anteriore e posteriore. Il nuovo sistema di allacciatura posteriore EVO \u00e8 pi\u00f9 moderno, leggero e minimale, rispetto alla versione precedente. La nuova leva e staffa posteriori sono pi\u00f9 semplici. La fettuccia \u00e8 pi\u00f9 leggera e sottile (12mm invece di 14mm) e la fibbia \u00e8 pi\u00f9 minimale, facile da usare e con forte tenuta.","og_url":"https:\/\/www.sestogrado.it\/en\/prodotto\/grivel-g10-new-classic-evo-rampone-universale-a-10-punte\/","og_site_name":"Sestogrado","article_publisher":"https:\/\/www.facebook.com\/pages\/Sestogrado\/1542635979353017?ref=bookmarks","article_modified_time":"2026-03-08T19:57:19+00:00","og_image":[{"width":1600,"height":1600,"url":"https:\/\/www.sestogrado.it\/wp-content\/uploads\/2021\/12\/g10-classic-evo.jpg","type":"image\/jpeg"}],"twitter_misc":{"Price":"&euro;&nbsp;119,00","Availability":"In stock"},"schema":{"@context":"https:\/\/schema.org","@graph":[{"@type":"WebPage","@id":"https:\/\/www.sestogrado.it\/en\/prodotto\/grivel-g10-new-classic-evo-rampone-universale-a-10-punte\/","url":"https:\/\/www.sestogrado.it\/en\/prodotto\/grivel-g10-new-classic-evo-rampone-universale-a-10-punte\/","name":"Grivel G10 New classic EVO rampone universale a 10 punte - Sestogrado","isPartOf":{"@id":"https:\/\/www.sestogrado.it\/en\/#website"},"primaryImageOfPage":{"@id":"https:\/\/www.sestogrado.it\/en\/prodotto\/grivel-g10-new-classic-evo-rampone-universale-a-10-punte\/#primaryimage"},"image":{"@id":"https:\/\/www.sestogrado.it\/prodotto\/grivel-g10-new-classic-evo-rampone-universale-a-10-punte\/#primaryimage"},"thumbnailUrl":"https:\/\/www.sestogrado.it\/wp-content\/uploads\/2021\/12\/g10-classic-evo.jpg","datePublished":"2021-12-09T15:26:54+00:00","dateModified":"2026-03-08T19:57:19+00:00","description":"Il Grivel G10 New Classic EVO \u00e8 il rampone universale creato sia per gli esperti che per i neofiti. Possiede 10 punte leggermente arrotondate in acciaio di cui 6 anteriori e 4 posteriori, non troppo lunghe che facilitano la camminata. Non ingombrante, \u00e8 comodo da trasportare negli zaini. Barretta nel centro regolabile a seconda della misura della scarpa. Dotato del famoso sistema Antibott proattivo Grivel sia nella parte anteriore che posteriore.\u00a0Dotati di sistema New Classic in versione EVO, sono un rampone universale in grado di accogliere qualsiasi tipo di scarpone, anche quelli sprovvisti di bordo anteriore e posteriore. Il nuovo sistema di allacciatura posteriore EVO \u00e8 pi\u00f9 moderno, leggero e minimale, rispetto alla versione precedente. La nuova leva e staffa posteriori sono pi\u00f9 semplici. La fettuccia \u00e8 pi\u00f9 leggera e sottile (12mm invece di 14mm) e la fibbia \u00e8 pi\u00f9 minimale, facile da usare e con forte tenuta.","breadcrumb":{"@id":"https:\/\/www.sestogrado.it\/en\/prodotto\/grivel-g10-new-classic-evo-rampone-universale-a-10-punte\/#breadcrumb"},"inLanguage":"en-US","potentialAction":[{"@type":"ReadAction","target":[["https:\/\/www.sestogrado.it\/en\/prodotto\/grivel-g10-new-classic-evo-rampone-universale-a-10-punte\/"]]}]},{"@type":"ImageObject","inLanguage":"en-US","@id":"https:\/\/www.sestogrado.it\/en\/prodotto\/grivel-g10-new-classic-evo-rampone-universale-a-10-punte\/#primaryimage","url":"https:\/\/www.sestogrado.it\/wp-content\/uploads\/2021\/12\/g10-classic-evo.jpg","contentUrl":"https:\/\/www.sestogrado.it\/wp-content\/uploads\/2021\/12\/g10-classic-evo.jpg","width":1600,"height":1600,"caption":"g10-classic-evo"},{"@type":"BreadcrumbList","@id":"https:\/\/www.sestogrado.it\/en\/prodotto\/grivel-g10-new-classic-evo-rampone-universale-a-10-punte\/#breadcrumb","itemListElement":[{"@type":"ListItem","position":1,"name":"Home","item":"https:\/\/www.sestogrado.it\/en\/"},{"@type":"ListItem","position":2,"name":"Shop","item":"https:\/\/www.sestogrado.it\/en\/shop\/"},{"@type":"ListItem","position":3,"name":"Grivel G10 New classic EVO rampone universale a 10 punte"}]},{"@type":"WebSite","@id":"https:\/\/www.sestogrado.it\/en\/#website","url":"https:\/\/www.sestogrado.it\/en\/","name":"Sestogrado","description":"yes we climb","publisher":{"@id":"https:\/\/www.sestogrado.it\/en\/#organization"},"potentialAction":[{"@type":"SearchAction","target":{"@type":"EntryPoint","urlTemplate":"https:\/\/www.sestogrado.it\/en\/?s={search_term_string}"},"query-input":{"@type":"PropertyValueSpecification","valueRequired":true,"valueName":"search_term_string"}}],"inLanguage":"en-US"},{"@type":"Organization","@id":"https:\/\/www.sestogrado.it\/en\/#organization","name":"Sestogrado","url":"https:\/\/www.sestogrado.it\/en\/","logo":{"@type":"ImageObject","inLanguage":"en-US","@id":"https:\/\/www.sestogrado.it\/en\/#\/schema\/logo\/image\/","url":"https:\/\/www.sestogrado.it\/wp-content\/uploads\/2015\/03\/sestogrado-favicon.png","contentUrl":"https:\/\/www.sestogrado.it\/wp-content\/uploads\/2015\/03\/sestogrado-favicon.png","width":260,"height":260,"caption":"Sestogrado"},"image":{"@id":"https:\/\/www.sestogrado.it\/en\/#\/schema\/logo\/image\/"},"sameAs":["https:\/\/www.facebook.com\/pages\/Sestogrado\/1542635979353017?ref=bookmarks","https:\/\/www.youtube.com\/channel\/UC847kAfTkaJsWpc1jtQwr3Q"],"hasMerchantReturnPolicy":{"@type":"MerchantReturnPolicy","merchantReturnLink":"https:\/\/www.sestogrado.it\/en\/termini-e-condizioni\/"}}]},"product_brand":"Grivel","product_price_amount":"119.00","product_price_currency":"EUR","og_availability":"instock","product_availability":"instock","product_condition":"new"},"_links":{"self":[{"href":"https:\/\/www.sestogrado.it\/en\/wp-json\/wp\/v2\/product\/87790","targetHints":{"allow":["GET"]}}],"collection":[{"href":"https:\/\/www.sestogrado.it\/en\/wp-json\/wp\/v2\/product"}],"about":[{"href":"https:\/\/www.sestogrado.it\/en\/wp-json\/wp\/v2\/types\/product"}],"replies":[{"embeddable":true,"href":"https:\/\/www.sestogrado.it\/en\/wp-json\/wp\/v2\/comments?post=87790"}],"wp:featuredmedia":[{"embeddable":true,"href":"https:\/\/www.sestogrado.it\/en\/wp-json\/wp\/v2\/media\/87791"}],"wp:attachment":[{"href":"https:\/\/www.sestogrado.it\/en\/wp-json\/wp\/v2\/media?parent=87790"}],"wp:term":[{"taxonomy":"product_brand","embeddable":true,"href":"https:\/\/www.sestogrado.it\/en\/wp-json\/wp\/v2\/product_brand?post=87790"},{"taxonomy":"product_cat","embeddable":true,"href":"https:\/\/www.sestogrado.it\/en\/wp-json\/wp\/v2\/product_cat?post=87790"},{"taxonomy":"product_tag","embeddable":true,"href":"https:\/\/www.sestogrado.it\/en\/wp-json\/wp\/v2\/product_tag?post=87790"}],"curies":[{"name":"wp","href":"https:\/\/api.w.org\/{rel}","templated":true}]}}