{"id":8700,"date":"2024-05-15T14:00:27","date_gmt":"2024-05-15T12:00:27","guid":{"rendered":"http:\/\/www.sestogrado.it\/?post_type=product&#038;p=8700"},"modified":"2026-03-24T22:08:21","modified_gmt":"2026-03-24T21:08:21","slug":"black-diamond-bullet-16-zaino-arrampicata-vie-lunghe","status":"publish","type":"product","link":"https:\/\/www.sestogrado.it\/en\/prodotto\/black-diamond-bullet-16-zaino-arrampicata-vie-lunghe\/","title":{"rendered":"Black Diamond Bullet 16 pack"},"content":{"rendered":"<p>The quintessential on-route pack, the Bullet 16 is tough enough to be hauled through chimneys and streamlined enough to not interfere with the crux lead.<\/p>\n<p>&nbsp;<\/p>\n<p>Versatility in a sleek, trim pack, the Black Diamond Bullet 16 panel-loader is an excellent rig for off-trail or high-mileage scrambles. An external zip pocket and internal mesh pocket keep things secure, and removable foam backpanel, tuck-away shoulder straps and easy-to-remove 20 mm webbing hipbelt make parsed-down travel a cinch.<\/p>\n<ul>\n<li>External zippered pocket<\/li>\n<li>Internal mesh zippered pocket<\/li>\n<li>Easy-to-remove 20 mm webbing hipbelt<\/li>\n<li>Hydration hose port<\/li>\n<li>Removable foam backpanel<\/li>\n<li>Tuck-away shoulder straps<\/li>\n<\/ul>\n<p>&nbsp;<\/p>\n<p>At Black Diamond it&#8217;s all about climbing and skiing. We share the same experiences that you do on rock, ice and snow and these experiences push us to make the best gear possible for our worldwide family of climbers and skiers. Black Diamond is a company that&#8217;s not just for rock climbers and skiers, but one that stands for the spirit of the sports we live, their values and goals, past, present and future. Since 1957, our innovative gear designs have set the standard in numerous areas. This is partly the result of dedication, desire and diligence on the part of an incredible team of people. It&#8217;s also a product of the fact that each of us are climbers and skiers ourselves.<\/p>","protected":false},"excerpt":{"rendered":"<p>The quintessential on-route pack, the Bullet 16 is tough enough to be hauled through chimneys and streamlined enough to not [&hellip;]<\/p>\n","protected":false},"featured_media":162299,"comment_status":"open","ping_status":"closed","template":"","meta":{"_acf_changed":false},"product_brand":[121],"product_cat":[389],"product_tag":[],"class_list":{"0":"post-8700","1":"product","2":"type-product","3":"status-publish","4":"has-post-thumbnail","6":"product_brand-black-diamond","7":"product_cat-zaini-alpinismo","9":"first","10":"instock","11":"sale","12":"taxable","13":"shipping-taxable","14":"purchasable","15":"product-type-variable"},"acf":[],"yoast_head":"<!-- This site is optimized with the Yoast SEO plugin v26.4 - https:\/\/yoast.com\/wordpress\/plugins\/seo\/ -->\n<title>Black Diamond Bullet 16 pack - Sestogrado<\/title>\n<meta name=\"description\" content=\"Il Black Diamond Bullet 16 \u00e8 uno zaino specialistico per arrampicata da 16L, ideale per vie multipitch, arrampicata trad. L&#039;ampia tasca esterna con cerniera consentono un facile e rapido accesso al contenuto dello zaino, la foderatura sulla schiena \u00e8 rimovibile per chi vuole avere lo zaino attaccato ed aderente alla schiena.Il Bullet 16 \u00e8 un concentrato di versatilit\u00e0 ed \u00e8 un compagno eccellente per una uscita in giornata, un viaggio o una corsa in montagna ad alto kilometraggio. Il corpo dello zaino \u00e8 realizzato con tessuti riciclati e presenta una tasca esterna con cerniera e una tasca interna in rete per tenere al sicuro la tua attrezzatura. Il Bullet 16 \u00e8 inoltre dotato di pannello posteriore in schiuma rimovibile, spallacci ripiegabili e cintura ventrale in tessuto da 20 mm facile da rimuovere, che rendono i viaggi ridotti un gioco da ragazzi.\" \/>\n<meta name=\"robots\" content=\"index, follow, max-snippet:-1, max-image-preview:large, max-video-preview:-1\" \/>\n<link rel=\"canonical\" href=\"https:\/\/www.sestogrado.it\/en\/prodotto\/black-diamond-bullet-16-zaino-arrampicata-vie-lunghe\/\" \/>\n<meta property=\"og:locale\" content=\"en_US\" \/>\n<meta property=\"og:type\" content=\"article\" \/>\n<meta property=\"og:title\" content=\"Black Diamond Bullet 16 pack - Sestogrado\" \/>\n<meta property=\"og:description\" content=\"Il Black Diamond Bullet 16 \u00e8 uno zaino specialistico per arrampicata da 16L, ideale per vie multipitch, arrampicata trad. L&#039;ampia tasca esterna con cerniera consentono un facile e rapido accesso al contenuto dello zaino, la foderatura sulla schiena \u00e8 rimovibile per chi vuole avere lo zaino attaccato ed aderente alla schiena.Il Bullet 16 \u00e8 un concentrato di versatilit\u00e0 ed \u00e8 un compagno eccellente per una uscita in giornata, un viaggio o una corsa in montagna ad alto kilometraggio. Il corpo dello zaino \u00e8 realizzato con tessuti riciclati e presenta una tasca esterna con cerniera e una tasca interna in rete per tenere al sicuro la tua attrezzatura. Il Bullet 16 \u00e8 inoltre dotato di pannello posteriore in schiuma rimovibile, spallacci ripiegabili e cintura ventrale in tessuto da 20 mm facile da rimuovere, che rendono i viaggi ridotti un gioco da ragazzi.\" \/>\n<meta property=\"og:url\" content=\"https:\/\/www.sestogrado.it\/en\/prodotto\/black-diamond-bullet-16-zaino-arrampicata-vie-lunghe\/\" \/>\n<meta property=\"og:site_name\" content=\"Sestogrado\" \/>\n<meta property=\"article:publisher\" content=\"https:\/\/www.facebook.com\/pages\/Sestogrado\/1542635979353017?ref=bookmarks\" \/>\n<meta property=\"article:modified_time\" content=\"2026-03-24T21:08:21+00:00\" \/>\n<meta property=\"og:image\" content=\"https:\/\/www.sestogrado.it\/wp-content\/uploads\/2016\/09\/03-3.jpg\" \/>\n\t<meta property=\"og:image:width\" content=\"1000\" \/>\n\t<meta property=\"og:image:height\" content=\"1000\" \/>\n\t<meta property=\"og:image:type\" content=\"image\/jpeg\" \/>\n<meta name=\"twitter:label1\" content=\"Availability\" \/>\n\t<meta name=\"twitter:data1\" content=\"In stock\" \/>\n<script type=\"application\/ld+json\" class=\"yoast-schema-graph\">{\"@context\":\"https:\/\/schema.org\",\"@graph\":[{\"@type\":\"WebPage\",\"@id\":\"https:\/\/www.sestogrado.it\/en\/prodotto\/black-diamond-bullet-16-zaino-arrampicata-vie-lunghe\/\",\"url\":\"https:\/\/www.sestogrado.it\/en\/prodotto\/black-diamond-bullet-16-zaino-arrampicata-vie-lunghe\/\",\"name\":\"Black Diamond Bullet 16 pack - Sestogrado\",\"isPartOf\":{\"@id\":\"https:\/\/www.sestogrado.it\/en\/#website\"},\"primaryImageOfPage\":{\"@id\":\"https:\/\/www.sestogrado.it\/en\/prodotto\/black-diamond-bullet-16-zaino-arrampicata-vie-lunghe\/#primaryimage\"},\"image\":{\"@id\":\"https:\/\/www.sestogrado.it\/prodotto\/black-diamond-bullet-16-zaino-arrampicata-vie-lunghe\/#primaryimage\"},\"thumbnailUrl\":\"https:\/\/www.sestogrado.it\/wp-content\/uploads\/2016\/09\/03-3.jpg\",\"datePublished\":\"2024-05-15T12:00:27+00:00\",\"dateModified\":\"2026-03-24T21:08:21+00:00\",\"description\":\"Il Black Diamond Bullet 16 \u00e8 uno zaino specialistico per arrampicata da 16L, ideale per vie multipitch, arrampicata trad. L'ampia tasca esterna con cerniera consentono un facile e rapido accesso al contenuto dello zaino, la foderatura sulla schiena \u00e8 rimovibile per chi vuole avere lo zaino attaccato ed aderente alla schiena.Il Bullet 16 \u00e8 un concentrato di versatilit\u00e0 ed \u00e8 un compagno eccellente per una uscita in giornata, un viaggio o una corsa in montagna ad alto kilometraggio. Il corpo dello zaino \u00e8 realizzato con tessuti riciclati e presenta una tasca esterna con cerniera e una tasca interna in rete per tenere al sicuro la tua attrezzatura. Il Bullet 16 \u00e8 inoltre dotato di pannello posteriore in schiuma rimovibile, spallacci ripiegabili e cintura ventrale in tessuto da 20 mm facile da rimuovere, che rendono i viaggi ridotti un gioco da ragazzi.\",\"breadcrumb\":{\"@id\":\"https:\/\/www.sestogrado.it\/en\/prodotto\/black-diamond-bullet-16-zaino-arrampicata-vie-lunghe\/#breadcrumb\"},\"inLanguage\":\"en-US\",\"potentialAction\":[{\"@type\":\"ReadAction\",\"target\":[[\"https:\/\/www.sestogrado.it\/en\/prodotto\/black-diamond-bullet-16-zaino-arrampicata-vie-lunghe\/\"]]}]},{\"@type\":\"ImageObject\",\"inLanguage\":\"en-US\",\"@id\":\"https:\/\/www.sestogrado.it\/en\/prodotto\/black-diamond-bullet-16-zaino-arrampicata-vie-lunghe\/#primaryimage\",\"url\":\"https:\/\/www.sestogrado.it\/wp-content\/uploads\/2016\/09\/03-3.jpg\",\"contentUrl\":\"https:\/\/www.sestogrado.it\/wp-content\/uploads\/2016\/09\/03-3.jpg\",\"width\":1000,\"height\":1000},{\"@type\":\"BreadcrumbList\",\"@id\":\"https:\/\/www.sestogrado.it\/en\/prodotto\/black-diamond-bullet-16-zaino-arrampicata-vie-lunghe\/#breadcrumb\",\"itemListElement\":[{\"@type\":\"ListItem\",\"position\":1,\"name\":\"Home\",\"item\":\"https:\/\/www.sestogrado.it\/en\/\"},{\"@type\":\"ListItem\",\"position\":2,\"name\":\"Shop\",\"item\":\"https:\/\/www.sestogrado.it\/en\/shop\/\"},{\"@type\":\"ListItem\",\"position\":3,\"name\":\"Black Diamond Bullet 16 zaino arrampicata vie lunghe\"}]},{\"@type\":\"WebSite\",\"@id\":\"https:\/\/www.sestogrado.it\/en\/#website\",\"url\":\"https:\/\/www.sestogrado.it\/en\/\",\"name\":\"Sestogrado\",\"description\":\"yes we climb\",\"publisher\":{\"@id\":\"https:\/\/www.sestogrado.it\/en\/#organization\"},\"potentialAction\":[{\"@type\":\"SearchAction\",\"target\":{\"@type\":\"EntryPoint\",\"urlTemplate\":\"https:\/\/www.sestogrado.it\/en\/?s={search_term_string}\"},\"query-input\":{\"@type\":\"PropertyValueSpecification\",\"valueRequired\":true,\"valueName\":\"search_term_string\"}}],\"inLanguage\":\"en-US\"},{\"@type\":\"Organization\",\"@id\":\"https:\/\/www.sestogrado.it\/en\/#organization\",\"name\":\"Sestogrado\",\"url\":\"https:\/\/www.sestogrado.it\/en\/\",\"logo\":{\"@type\":\"ImageObject\",\"inLanguage\":\"en-US\",\"@id\":\"https:\/\/www.sestogrado.it\/en\/#\/schema\/logo\/image\/\",\"url\":\"https:\/\/www.sestogrado.it\/wp-content\/uploads\/2015\/03\/sestogrado-favicon.png\",\"contentUrl\":\"https:\/\/www.sestogrado.it\/wp-content\/uploads\/2015\/03\/sestogrado-favicon.png\",\"width\":260,\"height\":260,\"caption\":\"Sestogrado\"},\"image\":{\"@id\":\"https:\/\/www.sestogrado.it\/en\/#\/schema\/logo\/image\/\"},\"sameAs\":[\"https:\/\/www.facebook.com\/pages\/Sestogrado\/1542635979353017?ref=bookmarks\",\"https:\/\/www.youtube.com\/channel\/UC847kAfTkaJsWpc1jtQwr3Q\"],\"hasMerchantReturnPolicy\":{\"@type\":\"MerchantReturnPolicy\",\"merchantReturnLink\":\"https:\/\/www.sestogrado.it\/en\/termini-e-condizioni\/\"}}]}<\/script>\n<meta property=\"product:brand\" content=\"Black Diamond\" \/>\n<meta property=\"og:availability\" content=\"instock\" \/>\n<meta property=\"product:availability\" content=\"instock\" \/>\n<meta property=\"product:condition\" content=\"new\" \/>\n<!-- \/ Yoast SEO plugin. -->","yoast_head_json":{"title":"Black Diamond Bullet 16 pack - Sestogrado","description":"Il Black Diamond Bullet 16 \u00e8 uno zaino specialistico per arrampicata da 16L, ideale per vie multipitch, arrampicata trad. L'ampia tasca esterna con cerniera consentono un facile e rapido accesso al contenuto dello zaino, la foderatura sulla schiena \u00e8 rimovibile per chi vuole avere lo zaino attaccato ed aderente alla schiena.Il Bullet 16 \u00e8 un concentrato di versatilit\u00e0 ed \u00e8 un compagno eccellente per una uscita in giornata, un viaggio o una corsa in montagna ad alto kilometraggio. Il corpo dello zaino \u00e8 realizzato con tessuti riciclati e presenta una tasca esterna con cerniera e una tasca interna in rete per tenere al sicuro la tua attrezzatura. Il Bullet 16 \u00e8 inoltre dotato di pannello posteriore in schiuma rimovibile, spallacci ripiegabili e cintura ventrale in tessuto da 20 mm facile da rimuovere, che rendono i viaggi ridotti un gioco da ragazzi.","robots":{"index":"index","follow":"follow","max-snippet":"max-snippet:-1","max-image-preview":"max-image-preview:large","max-video-preview":"max-video-preview:-1"},"canonical":"https:\/\/www.sestogrado.it\/en\/prodotto\/black-diamond-bullet-16-zaino-arrampicata-vie-lunghe\/","og_locale":"en_US","og_type":"article","og_title":"Black Diamond Bullet 16 pack - Sestogrado","og_description":"Il Black Diamond Bullet 16 \u00e8 uno zaino specialistico per arrampicata da 16L, ideale per vie multipitch, arrampicata trad. L'ampia tasca esterna con cerniera consentono un facile e rapido accesso al contenuto dello zaino, la foderatura sulla schiena \u00e8 rimovibile per chi vuole avere lo zaino attaccato ed aderente alla schiena.Il Bullet 16 \u00e8 un concentrato di versatilit\u00e0 ed \u00e8 un compagno eccellente per una uscita in giornata, un viaggio o una corsa in montagna ad alto kilometraggio. Il corpo dello zaino \u00e8 realizzato con tessuti riciclati e presenta una tasca esterna con cerniera e una tasca interna in rete per tenere al sicuro la tua attrezzatura. Il Bullet 16 \u00e8 inoltre dotato di pannello posteriore in schiuma rimovibile, spallacci ripiegabili e cintura ventrale in tessuto da 20 mm facile da rimuovere, che rendono i viaggi ridotti un gioco da ragazzi.","og_url":"https:\/\/www.sestogrado.it\/en\/prodotto\/black-diamond-bullet-16-zaino-arrampicata-vie-lunghe\/","og_site_name":"Sestogrado","article_publisher":"https:\/\/www.facebook.com\/pages\/Sestogrado\/1542635979353017?ref=bookmarks","article_modified_time":"2026-03-24T21:08:21+00:00","og_image":[{"width":1000,"height":1000,"url":"https:\/\/www.sestogrado.it\/wp-content\/uploads\/2016\/09\/03-3.jpg","type":"image\/jpeg"}],"twitter_misc":{"Availability":"In stock"},"schema":{"@context":"https:\/\/schema.org","@graph":[{"@type":"WebPage","@id":"https:\/\/www.sestogrado.it\/en\/prodotto\/black-diamond-bullet-16-zaino-arrampicata-vie-lunghe\/","url":"https:\/\/www.sestogrado.it\/en\/prodotto\/black-diamond-bullet-16-zaino-arrampicata-vie-lunghe\/","name":"Black Diamond Bullet 16 pack - Sestogrado","isPartOf":{"@id":"https:\/\/www.sestogrado.it\/en\/#website"},"primaryImageOfPage":{"@id":"https:\/\/www.sestogrado.it\/en\/prodotto\/black-diamond-bullet-16-zaino-arrampicata-vie-lunghe\/#primaryimage"},"image":{"@id":"https:\/\/www.sestogrado.it\/prodotto\/black-diamond-bullet-16-zaino-arrampicata-vie-lunghe\/#primaryimage"},"thumbnailUrl":"https:\/\/www.sestogrado.it\/wp-content\/uploads\/2016\/09\/03-3.jpg","datePublished":"2024-05-15T12:00:27+00:00","dateModified":"2026-03-24T21:08:21+00:00","description":"Il Black Diamond Bullet 16 \u00e8 uno zaino specialistico per arrampicata da 16L, ideale per vie multipitch, arrampicata trad. L'ampia tasca esterna con cerniera consentono un facile e rapido accesso al contenuto dello zaino, la foderatura sulla schiena \u00e8 rimovibile per chi vuole avere lo zaino attaccato ed aderente alla schiena.Il Bullet 16 \u00e8 un concentrato di versatilit\u00e0 ed \u00e8 un compagno eccellente per una uscita in giornata, un viaggio o una corsa in montagna ad alto kilometraggio. Il corpo dello zaino \u00e8 realizzato con tessuti riciclati e presenta una tasca esterna con cerniera e una tasca interna in rete per tenere al sicuro la tua attrezzatura. Il Bullet 16 \u00e8 inoltre dotato di pannello posteriore in schiuma rimovibile, spallacci ripiegabili e cintura ventrale in tessuto da 20 mm facile da rimuovere, che rendono i viaggi ridotti un gioco da ragazzi.","breadcrumb":{"@id":"https:\/\/www.sestogrado.it\/en\/prodotto\/black-diamond-bullet-16-zaino-arrampicata-vie-lunghe\/#breadcrumb"},"inLanguage":"en-US","potentialAction":[{"@type":"ReadAction","target":[["https:\/\/www.sestogrado.it\/en\/prodotto\/black-diamond-bullet-16-zaino-arrampicata-vie-lunghe\/"]]}]},{"@type":"ImageObject","inLanguage":"en-US","@id":"https:\/\/www.sestogrado.it\/en\/prodotto\/black-diamond-bullet-16-zaino-arrampicata-vie-lunghe\/#primaryimage","url":"https:\/\/www.sestogrado.it\/wp-content\/uploads\/2016\/09\/03-3.jpg","contentUrl":"https:\/\/www.sestogrado.it\/wp-content\/uploads\/2016\/09\/03-3.jpg","width":1000,"height":1000},{"@type":"BreadcrumbList","@id":"https:\/\/www.sestogrado.it\/en\/prodotto\/black-diamond-bullet-16-zaino-arrampicata-vie-lunghe\/#breadcrumb","itemListElement":[{"@type":"ListItem","position":1,"name":"Home","item":"https:\/\/www.sestogrado.it\/en\/"},{"@type":"ListItem","position":2,"name":"Shop","item":"https:\/\/www.sestogrado.it\/en\/shop\/"},{"@type":"ListItem","position":3,"name":"Black Diamond Bullet 16 zaino arrampicata vie lunghe"}]},{"@type":"WebSite","@id":"https:\/\/www.sestogrado.it\/en\/#website","url":"https:\/\/www.sestogrado.it\/en\/","name":"Sestogrado","description":"yes we climb","publisher":{"@id":"https:\/\/www.sestogrado.it\/en\/#organization"},"potentialAction":[{"@type":"SearchAction","target":{"@type":"EntryPoint","urlTemplate":"https:\/\/www.sestogrado.it\/en\/?s={search_term_string}"},"query-input":{"@type":"PropertyValueSpecification","valueRequired":true,"valueName":"search_term_string"}}],"inLanguage":"en-US"},{"@type":"Organization","@id":"https:\/\/www.sestogrado.it\/en\/#organization","name":"Sestogrado","url":"https:\/\/www.sestogrado.it\/en\/","logo":{"@type":"ImageObject","inLanguage":"en-US","@id":"https:\/\/www.sestogrado.it\/en\/#\/schema\/logo\/image\/","url":"https:\/\/www.sestogrado.it\/wp-content\/uploads\/2015\/03\/sestogrado-favicon.png","contentUrl":"https:\/\/www.sestogrado.it\/wp-content\/uploads\/2015\/03\/sestogrado-favicon.png","width":260,"height":260,"caption":"Sestogrado"},"image":{"@id":"https:\/\/www.sestogrado.it\/en\/#\/schema\/logo\/image\/"},"sameAs":["https:\/\/www.facebook.com\/pages\/Sestogrado\/1542635979353017?ref=bookmarks","https:\/\/www.youtube.com\/channel\/UC847kAfTkaJsWpc1jtQwr3Q"],"hasMerchantReturnPolicy":{"@type":"MerchantReturnPolicy","merchantReturnLink":"https:\/\/www.sestogrado.it\/en\/termini-e-condizioni\/"}}]},"product_brand":"Black Diamond","og_availability":"instock","product_availability":"instock","product_condition":"new"},"_links":{"self":[{"href":"https:\/\/www.sestogrado.it\/en\/wp-json\/wp\/v2\/product\/8700","targetHints":{"allow":["GET"]}}],"collection":[{"href":"https:\/\/www.sestogrado.it\/en\/wp-json\/wp\/v2\/product"}],"about":[{"href":"https:\/\/www.sestogrado.it\/en\/wp-json\/wp\/v2\/types\/product"}],"replies":[{"embeddable":true,"href":"https:\/\/www.sestogrado.it\/en\/wp-json\/wp\/v2\/comments?post=8700"}],"wp:featuredmedia":[{"embeddable":true,"href":"https:\/\/www.sestogrado.it\/en\/wp-json\/wp\/v2\/media\/162299"}],"wp:attachment":[{"href":"https:\/\/www.sestogrado.it\/en\/wp-json\/wp\/v2\/media?parent=8700"}],"wp:term":[{"taxonomy":"product_brand","embeddable":true,"href":"https:\/\/www.sestogrado.it\/en\/wp-json\/wp\/v2\/product_brand?post=8700"},{"taxonomy":"product_cat","embeddable":true,"href":"https:\/\/www.sestogrado.it\/en\/wp-json\/wp\/v2\/product_cat?post=8700"},{"taxonomy":"product_tag","embeddable":true,"href":"https:\/\/www.sestogrado.it\/en\/wp-json\/wp\/v2\/product_tag?post=8700"}],"curies":[{"name":"wp","href":"https:\/\/api.w.org\/{rel}","templated":true}]}}