{"id":8684,"date":"2016-09-22T17:38:46","date_gmt":"2016-09-22T15:38:46","guid":{"rendered":"http:\/\/www.sestogrado.it\/?post_type=product&#038;p=8684"},"modified":"2026-04-13T13:49:01","modified_gmt":"2026-04-13T11:49:01","slug":"beal-aramid-cordino-kevlar-5-5-mm-arrampicata","status":"publish","type":"product","link":"https:\/\/www.sestogrado.it\/en\/prodotto\/beal-aramid-cordino-kevlar-5-5-mm-arrampicata\/","title":{"rendered":"Beal Aramid Kevlar 5.5 mm lanyard"},"content":{"rendered":"<p>Beal Aramid is a 5.5mm Kevlar lanyard available at the meter. With a high melting point (being considered a fire retardant material), Kevlar is particularly suitable for making the Machard or Prusik self-locking knots to be used for double ropes.<\/p>\n<p>Kevlar is a highly resistant material, used in technological environments, even outside mountaineering, such as naval, spacecraft or bulletproof vests. It has an incredibly higher seal than that of equal thickness in nylon or dyneema.<\/p>\n<p>The Beal Aramid 5.5mm Kevlar cord has a holding of 1,800 daN (Kg).<\/p>\n<p>The cost refers to the meter, so it is sufficient to increase the quantity up to the desired length expressed in meters. If you need more parts, insert different the desired number into the carriage.<\/p>\n<p>&nbsp;<\/p>\n<p><strong>NOTE:<\/strong> For particular lengths (eg 1.5 m or other splits, buy the desired length in meters and then insert the desired lengths in the order notes)<\/p>\n<p>&nbsp;<\/p>\n<p>BEAL has been making rope history since the 80\u2019s. Passion and research led to the development of the concept of dynamic ropes, changing the climbing world forever. The\u00a0BEAL team is fully integrated into its work, caring about new technology applications, test reports, as well as emotions and enthusiasms. Evolution is what lets BEAL anticipate changes and stay tuned with climbers\u2019 everyday needs.<\/p>\n<p>&nbsp;<\/p>","protected":false},"excerpt":{"rendered":"<p>Beal Aramid is a 5.5mm Kevlar lanyard available at the meter. With a high melting point (being considered a fire [&hellip;]<\/p>\n","protected":false},"featured_media":24921,"comment_status":"open","ping_status":"closed","template":"","meta":{"_acf_changed":false},"product_brand":[84],"product_cat":[137],"product_tag":[456],"class_list":{"0":"post-8684","1":"product","2":"type-product","3":"status-publish","4":"has-post-thumbnail","6":"product_brand-beal","7":"product_cat-fettucce-e-cordini","8":"product_tag-kevlar","10":"first","11":"instock","12":"sale","13":"taxable","14":"shipping-taxable","15":"purchasable","16":"product-type-variable"},"acf":[],"yoast_head":"<!-- This site is optimized with the Yoast SEO plugin v26.4 - https:\/\/yoast.com\/wordpress\/plugins\/seo\/ -->\n<title>Beal Aramid Kevlar 5.5 mm lanyard - Sestogrado<\/title>\n<meta name=\"description\" content=\"Beal Aramid \u00e8 un cordino in Kevlar da 5.5 mm ad alta resistenza, disponibile al metro. Con un elevato punto di fusione (per cui \u00e8 considerato un materiale ignifugo) il Kevlar \u00e8 particolarmente indicato per la realizzazione di nodi autobloccanti Machard o Prusik da utilizzare per le calate in corda doppia. Ha una elevatissima resistenza alla trazione ed \u00e8 utile per collegare le protezioni.Il Kevlar \u00e8 un materiale resistentissimo, utilizzato in contesti tecnologici anche al di fuori dell&#039;alpinismo, come l&#039;ambito navale, spaziale o per i giubbotti antiproiettile. A parit\u00e0 di spessore, rispetto a cordini di nylon o dyneema, ha una tenuta incredibilmente superiore. \u00a0Il Kevlar (marchio registrato dalla societ\u00e0 Dupont che lo ha inventato nel 1965) \u00e8 una fibra sintetica, come il nylon, ma molto pi\u00f9 resistente alla trazione. A parit\u00e0 di peso \u00e8 5 volte pi\u00f9 resistente\u00a0dell\u2019acciaio, viene utilizzato come fibra di rinforzo per i giubbotti antiproiettile e componenti per aeroplani.La maggiore resistenza all&#039;appoggio su spigoli lo rende particolarmente consigliato per l\u2019assicurazione su clessidre e spuntoni taglienti.Il Beal Aramid cordino in Kevlar da 5.5mm ha una tenuta di 1.800 daN (Kg).Vuoi sapere tutto sul Kevlar? Leggi la nostra recensione.Ogni unit\u00e0 \u00e8 un metro, per cui, \u00e8 sufficiente aumentare la quantit\u00e0 fino alla lunghezza in metri desiderata. Il cordino viene tagliato con cutter a fusione termica e saldato alle estremit\u00e0. Pu\u00f2 essere impiegato per qualsiasi ambito di utilizzo.NOTE: se si desiderano pi\u00f9 spezzoni di cordino, acquistare la quantit\u00e0 totale e poi nelle note dell&#039;ordine inserire le lunghezze e i tagli desiderati.\" \/>\n<meta name=\"robots\" content=\"index, follow, max-snippet:-1, max-image-preview:large, max-video-preview:-1\" \/>\n<link rel=\"canonical\" href=\"https:\/\/www.sestogrado.it\/en\/prodotto\/beal-aramid-cordino-kevlar-5-5-mm-arrampicata\/\" \/>\n<meta property=\"og:locale\" content=\"en_US\" \/>\n<meta property=\"og:type\" content=\"article\" \/>\n<meta property=\"og:title\" content=\"Beal Aramid Kevlar 5.5 mm lanyard - Sestogrado\" \/>\n<meta property=\"og:description\" content=\"Beal Aramid \u00e8 un cordino in Kevlar da 5.5 mm ad alta resistenza, disponibile al metro. Con un elevato punto di fusione (per cui \u00e8 considerato un materiale ignifugo) il Kevlar \u00e8 particolarmente indicato per la realizzazione di nodi autobloccanti Machard o Prusik da utilizzare per le calate in corda doppia. Ha una elevatissima resistenza alla trazione ed \u00e8 utile per collegare le protezioni.Il Kevlar \u00e8 un materiale resistentissimo, utilizzato in contesti tecnologici anche al di fuori dell&#039;alpinismo, come l&#039;ambito navale, spaziale o per i giubbotti antiproiettile. A parit\u00e0 di spessore, rispetto a cordini di nylon o dyneema, ha una tenuta incredibilmente superiore. \u00a0Il Kevlar (marchio registrato dalla societ\u00e0 Dupont che lo ha inventato nel 1965) \u00e8 una fibra sintetica, come il nylon, ma molto pi\u00f9 resistente alla trazione. A parit\u00e0 di peso \u00e8 5 volte pi\u00f9 resistente\u00a0dell\u2019acciaio, viene utilizzato come fibra di rinforzo per i giubbotti antiproiettile e componenti per aeroplani.La maggiore resistenza all&#039;appoggio su spigoli lo rende particolarmente consigliato per l\u2019assicurazione su clessidre e spuntoni taglienti.Il Beal Aramid cordino in Kevlar da 5.5mm ha una tenuta di 1.800 daN (Kg).Vuoi sapere tutto sul Kevlar? Leggi la nostra recensione.Ogni unit\u00e0 \u00e8 un metro, per cui, \u00e8 sufficiente aumentare la quantit\u00e0 fino alla lunghezza in metri desiderata. Il cordino viene tagliato con cutter a fusione termica e saldato alle estremit\u00e0. Pu\u00f2 essere impiegato per qualsiasi ambito di utilizzo.NOTE: se si desiderano pi\u00f9 spezzoni di cordino, acquistare la quantit\u00e0 totale e poi nelle note dell&#039;ordine inserire le lunghezze e i tagli desiderati.\" \/>\n<meta property=\"og:url\" content=\"https:\/\/www.sestogrado.it\/en\/prodotto\/beal-aramid-cordino-kevlar-5-5-mm-arrampicata\/\" \/>\n<meta property=\"og:site_name\" content=\"Sestogrado\" \/>\n<meta property=\"article:publisher\" content=\"https:\/\/www.facebook.com\/pages\/Sestogrado\/1542635979353017?ref=bookmarks\" \/>\n<meta property=\"article:modified_time\" content=\"2026-04-13T11:49:01+00:00\" \/>\n<meta property=\"og:image\" content=\"https:\/\/www.sestogrado.it\/wp-content\/uploads\/2016\/09\/01-5.jpg\" \/>\n\t<meta property=\"og:image:width\" content=\"1020\" \/>\n\t<meta property=\"og:image:height\" content=\"1020\" \/>\n\t<meta property=\"og:image:type\" content=\"image\/jpeg\" \/>\n<meta name=\"twitter:label1\" content=\"Availability\" \/>\n\t<meta name=\"twitter:data1\" content=\"In stock\" \/>\n<script type=\"application\/ld+json\" class=\"yoast-schema-graph\">{\"@context\":\"https:\/\/schema.org\",\"@graph\":[{\"@type\":\"WebPage\",\"@id\":\"https:\/\/www.sestogrado.it\/en\/prodotto\/beal-aramid-cordino-kevlar-5-5-mm-arrampicata\/\",\"url\":\"https:\/\/www.sestogrado.it\/en\/prodotto\/beal-aramid-cordino-kevlar-5-5-mm-arrampicata\/\",\"name\":\"Beal Aramid Kevlar 5.5 mm lanyard - Sestogrado\",\"isPartOf\":{\"@id\":\"https:\/\/www.sestogrado.it\/en\/#website\"},\"primaryImageOfPage\":{\"@id\":\"https:\/\/www.sestogrado.it\/en\/prodotto\/beal-aramid-cordino-kevlar-5-5-mm-arrampicata\/#primaryimage\"},\"image\":{\"@id\":\"https:\/\/www.sestogrado.it\/prodotto\/beal-aramid-cordino-kevlar-5-5-mm-arrampicata\/#primaryimage\"},\"thumbnailUrl\":\"https:\/\/www.sestogrado.it\/wp-content\/uploads\/2016\/09\/01-5.jpg\",\"datePublished\":\"2016-09-22T15:38:46+00:00\",\"dateModified\":\"2026-04-13T11:49:01+00:00\",\"description\":\"Beal Aramid \u00e8 un cordino in Kevlar da 5.5 mm ad alta resistenza, disponibile al metro. Con un elevato punto di fusione (per cui \u00e8 considerato un materiale ignifugo) il Kevlar \u00e8 particolarmente indicato per la realizzazione di nodi autobloccanti Machard o Prusik da utilizzare per le calate in corda doppia. Ha una elevatissima resistenza alla trazione ed \u00e8 utile per collegare le protezioni.Il Kevlar \u00e8 un materiale resistentissimo, utilizzato in contesti tecnologici anche al di fuori dell'alpinismo, come l'ambito navale, spaziale o per i giubbotti antiproiettile. A parit\u00e0 di spessore, rispetto a cordini di nylon o dyneema, ha una tenuta incredibilmente superiore. \u00a0Il Kevlar (marchio registrato dalla societ\u00e0 Dupont che lo ha inventato nel 1965) \u00e8 una fibra sintetica, come il nylon, ma molto pi\u00f9 resistente alla trazione. A parit\u00e0 di peso \u00e8 5 volte pi\u00f9 resistente\u00a0dell\u2019acciaio, viene utilizzato come fibra di rinforzo per i giubbotti antiproiettile e componenti per aeroplani.La maggiore resistenza all'appoggio su spigoli lo rende particolarmente consigliato per l\u2019assicurazione su clessidre e spuntoni taglienti.Il Beal Aramid cordino in Kevlar da 5.5mm ha una tenuta di 1.800 daN (Kg).Vuoi sapere tutto sul Kevlar? Leggi la nostra recensione.Ogni unit\u00e0 \u00e8 un metro, per cui, \u00e8 sufficiente aumentare la quantit\u00e0 fino alla lunghezza in metri desiderata. Il cordino viene tagliato con cutter a fusione termica e saldato alle estremit\u00e0. Pu\u00f2 essere impiegato per qualsiasi ambito di utilizzo.NOTE: se si desiderano pi\u00f9 spezzoni di cordino, acquistare la quantit\u00e0 totale e poi nelle note dell'ordine inserire le lunghezze e i tagli desiderati.\",\"breadcrumb\":{\"@id\":\"https:\/\/www.sestogrado.it\/en\/prodotto\/beal-aramid-cordino-kevlar-5-5-mm-arrampicata\/#breadcrumb\"},\"inLanguage\":\"en-US\",\"potentialAction\":[{\"@type\":\"ReadAction\",\"target\":[[\"https:\/\/www.sestogrado.it\/en\/prodotto\/beal-aramid-cordino-kevlar-5-5-mm-arrampicata\/\"]]}]},{\"@type\":\"ImageObject\",\"inLanguage\":\"en-US\",\"@id\":\"https:\/\/www.sestogrado.it\/en\/prodotto\/beal-aramid-cordino-kevlar-5-5-mm-arrampicata\/#primaryimage\",\"url\":\"https:\/\/www.sestogrado.it\/wp-content\/uploads\/2016\/09\/01-5.jpg\",\"contentUrl\":\"https:\/\/www.sestogrado.it\/wp-content\/uploads\/2016\/09\/01-5.jpg\",\"width\":1020,\"height\":1020,\"caption\":\"kevlar nero\"},{\"@type\":\"BreadcrumbList\",\"@id\":\"https:\/\/www.sestogrado.it\/en\/prodotto\/beal-aramid-cordino-kevlar-5-5-mm-arrampicata\/#breadcrumb\",\"itemListElement\":[{\"@type\":\"ListItem\",\"position\":1,\"name\":\"Home\",\"item\":\"https:\/\/www.sestogrado.it\/en\/\"},{\"@type\":\"ListItem\",\"position\":2,\"name\":\"Shop\",\"item\":\"https:\/\/www.sestogrado.it\/en\/shop\/\"},{\"@type\":\"ListItem\",\"position\":3,\"name\":\"Beal Aramid cordino in Kevlar 5.5 mm arrampicata\"}]},{\"@type\":\"WebSite\",\"@id\":\"https:\/\/www.sestogrado.it\/en\/#website\",\"url\":\"https:\/\/www.sestogrado.it\/en\/\",\"name\":\"Sestogrado\",\"description\":\"yes we climb\",\"publisher\":{\"@id\":\"https:\/\/www.sestogrado.it\/en\/#organization\"},\"potentialAction\":[{\"@type\":\"SearchAction\",\"target\":{\"@type\":\"EntryPoint\",\"urlTemplate\":\"https:\/\/www.sestogrado.it\/en\/?s={search_term_string}\"},\"query-input\":{\"@type\":\"PropertyValueSpecification\",\"valueRequired\":true,\"valueName\":\"search_term_string\"}}],\"inLanguage\":\"en-US\"},{\"@type\":\"Organization\",\"@id\":\"https:\/\/www.sestogrado.it\/en\/#organization\",\"name\":\"Sestogrado\",\"url\":\"https:\/\/www.sestogrado.it\/en\/\",\"logo\":{\"@type\":\"ImageObject\",\"inLanguage\":\"en-US\",\"@id\":\"https:\/\/www.sestogrado.it\/en\/#\/schema\/logo\/image\/\",\"url\":\"https:\/\/www.sestogrado.it\/wp-content\/uploads\/2015\/03\/sestogrado-favicon.png\",\"contentUrl\":\"https:\/\/www.sestogrado.it\/wp-content\/uploads\/2015\/03\/sestogrado-favicon.png\",\"width\":260,\"height\":260,\"caption\":\"Sestogrado\"},\"image\":{\"@id\":\"https:\/\/www.sestogrado.it\/en\/#\/schema\/logo\/image\/\"},\"sameAs\":[\"https:\/\/www.facebook.com\/pages\/Sestogrado\/1542635979353017?ref=bookmarks\",\"https:\/\/www.youtube.com\/channel\/UC847kAfTkaJsWpc1jtQwr3Q\"],\"hasMerchantReturnPolicy\":{\"@type\":\"MerchantReturnPolicy\",\"merchantReturnLink\":\"https:\/\/www.sestogrado.it\/en\/termini-e-condizioni\/\"}}]}<\/script>\n<meta property=\"product:brand\" content=\"Beal\" \/>\n<meta property=\"og:availability\" content=\"instock\" \/>\n<meta property=\"product:availability\" content=\"instock\" \/>\n<meta property=\"product:condition\" content=\"new\" \/>\n<!-- \/ Yoast SEO plugin. -->","yoast_head_json":{"title":"Beal Aramid Kevlar 5.5 mm lanyard - Sestogrado","description":"Beal Aramid \u00e8 un cordino in Kevlar da 5.5 mm ad alta resistenza, disponibile al metro. Con un elevato punto di fusione (per cui \u00e8 considerato un materiale ignifugo) il Kevlar \u00e8 particolarmente indicato per la realizzazione di nodi autobloccanti Machard o Prusik da utilizzare per le calate in corda doppia. Ha una elevatissima resistenza alla trazione ed \u00e8 utile per collegare le protezioni.Il Kevlar \u00e8 un materiale resistentissimo, utilizzato in contesti tecnologici anche al di fuori dell'alpinismo, come l'ambito navale, spaziale o per i giubbotti antiproiettile. A parit\u00e0 di spessore, rispetto a cordini di nylon o dyneema, ha una tenuta incredibilmente superiore. \u00a0Il Kevlar (marchio registrato dalla societ\u00e0 Dupont che lo ha inventato nel 1965) \u00e8 una fibra sintetica, come il nylon, ma molto pi\u00f9 resistente alla trazione. A parit\u00e0 di peso \u00e8 5 volte pi\u00f9 resistente\u00a0dell\u2019acciaio, viene utilizzato come fibra di rinforzo per i giubbotti antiproiettile e componenti per aeroplani.La maggiore resistenza all'appoggio su spigoli lo rende particolarmente consigliato per l\u2019assicurazione su clessidre e spuntoni taglienti.Il Beal Aramid cordino in Kevlar da 5.5mm ha una tenuta di 1.800 daN (Kg).Vuoi sapere tutto sul Kevlar? Leggi la nostra recensione.Ogni unit\u00e0 \u00e8 un metro, per cui, \u00e8 sufficiente aumentare la quantit\u00e0 fino alla lunghezza in metri desiderata. Il cordino viene tagliato con cutter a fusione termica e saldato alle estremit\u00e0. Pu\u00f2 essere impiegato per qualsiasi ambito di utilizzo.NOTE: se si desiderano pi\u00f9 spezzoni di cordino, acquistare la quantit\u00e0 totale e poi nelle note dell'ordine inserire le lunghezze e i tagli desiderati.","robots":{"index":"index","follow":"follow","max-snippet":"max-snippet:-1","max-image-preview":"max-image-preview:large","max-video-preview":"max-video-preview:-1"},"canonical":"https:\/\/www.sestogrado.it\/en\/prodotto\/beal-aramid-cordino-kevlar-5-5-mm-arrampicata\/","og_locale":"en_US","og_type":"article","og_title":"Beal Aramid Kevlar 5.5 mm lanyard - Sestogrado","og_description":"Beal Aramid \u00e8 un cordino in Kevlar da 5.5 mm ad alta resistenza, disponibile al metro. Con un elevato punto di fusione (per cui \u00e8 considerato un materiale ignifugo) il Kevlar \u00e8 particolarmente indicato per la realizzazione di nodi autobloccanti Machard o Prusik da utilizzare per le calate in corda doppia. Ha una elevatissima resistenza alla trazione ed \u00e8 utile per collegare le protezioni.Il Kevlar \u00e8 un materiale resistentissimo, utilizzato in contesti tecnologici anche al di fuori dell'alpinismo, come l'ambito navale, spaziale o per i giubbotti antiproiettile. A parit\u00e0 di spessore, rispetto a cordini di nylon o dyneema, ha una tenuta incredibilmente superiore. \u00a0Il Kevlar (marchio registrato dalla societ\u00e0 Dupont che lo ha inventato nel 1965) \u00e8 una fibra sintetica, come il nylon, ma molto pi\u00f9 resistente alla trazione. A parit\u00e0 di peso \u00e8 5 volte pi\u00f9 resistente\u00a0dell\u2019acciaio, viene utilizzato come fibra di rinforzo per i giubbotti antiproiettile e componenti per aeroplani.La maggiore resistenza all'appoggio su spigoli lo rende particolarmente consigliato per l\u2019assicurazione su clessidre e spuntoni taglienti.Il Beal Aramid cordino in Kevlar da 5.5mm ha una tenuta di 1.800 daN (Kg).Vuoi sapere tutto sul Kevlar? Leggi la nostra recensione.Ogni unit\u00e0 \u00e8 un metro, per cui, \u00e8 sufficiente aumentare la quantit\u00e0 fino alla lunghezza in metri desiderata. Il cordino viene tagliato con cutter a fusione termica e saldato alle estremit\u00e0. Pu\u00f2 essere impiegato per qualsiasi ambito di utilizzo.NOTE: se si desiderano pi\u00f9 spezzoni di cordino, acquistare la quantit\u00e0 totale e poi nelle note dell'ordine inserire le lunghezze e i tagli desiderati.","og_url":"https:\/\/www.sestogrado.it\/en\/prodotto\/beal-aramid-cordino-kevlar-5-5-mm-arrampicata\/","og_site_name":"Sestogrado","article_publisher":"https:\/\/www.facebook.com\/pages\/Sestogrado\/1542635979353017?ref=bookmarks","article_modified_time":"2026-04-13T11:49:01+00:00","og_image":[{"width":1020,"height":1020,"url":"https:\/\/www.sestogrado.it\/wp-content\/uploads\/2016\/09\/01-5.jpg","type":"image\/jpeg"}],"twitter_misc":{"Availability":"In stock"},"schema":{"@context":"https:\/\/schema.org","@graph":[{"@type":"WebPage","@id":"https:\/\/www.sestogrado.it\/en\/prodotto\/beal-aramid-cordino-kevlar-5-5-mm-arrampicata\/","url":"https:\/\/www.sestogrado.it\/en\/prodotto\/beal-aramid-cordino-kevlar-5-5-mm-arrampicata\/","name":"Beal Aramid Kevlar 5.5 mm lanyard - Sestogrado","isPartOf":{"@id":"https:\/\/www.sestogrado.it\/en\/#website"},"primaryImageOfPage":{"@id":"https:\/\/www.sestogrado.it\/en\/prodotto\/beal-aramid-cordino-kevlar-5-5-mm-arrampicata\/#primaryimage"},"image":{"@id":"https:\/\/www.sestogrado.it\/prodotto\/beal-aramid-cordino-kevlar-5-5-mm-arrampicata\/#primaryimage"},"thumbnailUrl":"https:\/\/www.sestogrado.it\/wp-content\/uploads\/2016\/09\/01-5.jpg","datePublished":"2016-09-22T15:38:46+00:00","dateModified":"2026-04-13T11:49:01+00:00","description":"Beal Aramid \u00e8 un cordino in Kevlar da 5.5 mm ad alta resistenza, disponibile al metro. Con un elevato punto di fusione (per cui \u00e8 considerato un materiale ignifugo) il Kevlar \u00e8 particolarmente indicato per la realizzazione di nodi autobloccanti Machard o Prusik da utilizzare per le calate in corda doppia. Ha una elevatissima resistenza alla trazione ed \u00e8 utile per collegare le protezioni.Il Kevlar \u00e8 un materiale resistentissimo, utilizzato in contesti tecnologici anche al di fuori dell'alpinismo, come l'ambito navale, spaziale o per i giubbotti antiproiettile. A parit\u00e0 di spessore, rispetto a cordini di nylon o dyneema, ha una tenuta incredibilmente superiore. \u00a0Il Kevlar (marchio registrato dalla societ\u00e0 Dupont che lo ha inventato nel 1965) \u00e8 una fibra sintetica, come il nylon, ma molto pi\u00f9 resistente alla trazione. A parit\u00e0 di peso \u00e8 5 volte pi\u00f9 resistente\u00a0dell\u2019acciaio, viene utilizzato come fibra di rinforzo per i giubbotti antiproiettile e componenti per aeroplani.La maggiore resistenza all'appoggio su spigoli lo rende particolarmente consigliato per l\u2019assicurazione su clessidre e spuntoni taglienti.Il Beal Aramid cordino in Kevlar da 5.5mm ha una tenuta di 1.800 daN (Kg).Vuoi sapere tutto sul Kevlar? Leggi la nostra recensione.Ogni unit\u00e0 \u00e8 un metro, per cui, \u00e8 sufficiente aumentare la quantit\u00e0 fino alla lunghezza in metri desiderata. Il cordino viene tagliato con cutter a fusione termica e saldato alle estremit\u00e0. Pu\u00f2 essere impiegato per qualsiasi ambito di utilizzo.NOTE: se si desiderano pi\u00f9 spezzoni di cordino, acquistare la quantit\u00e0 totale e poi nelle note dell'ordine inserire le lunghezze e i tagli desiderati.","breadcrumb":{"@id":"https:\/\/www.sestogrado.it\/en\/prodotto\/beal-aramid-cordino-kevlar-5-5-mm-arrampicata\/#breadcrumb"},"inLanguage":"en-US","potentialAction":[{"@type":"ReadAction","target":[["https:\/\/www.sestogrado.it\/en\/prodotto\/beal-aramid-cordino-kevlar-5-5-mm-arrampicata\/"]]}]},{"@type":"ImageObject","inLanguage":"en-US","@id":"https:\/\/www.sestogrado.it\/en\/prodotto\/beal-aramid-cordino-kevlar-5-5-mm-arrampicata\/#primaryimage","url":"https:\/\/www.sestogrado.it\/wp-content\/uploads\/2016\/09\/01-5.jpg","contentUrl":"https:\/\/www.sestogrado.it\/wp-content\/uploads\/2016\/09\/01-5.jpg","width":1020,"height":1020,"caption":"kevlar nero"},{"@type":"BreadcrumbList","@id":"https:\/\/www.sestogrado.it\/en\/prodotto\/beal-aramid-cordino-kevlar-5-5-mm-arrampicata\/#breadcrumb","itemListElement":[{"@type":"ListItem","position":1,"name":"Home","item":"https:\/\/www.sestogrado.it\/en\/"},{"@type":"ListItem","position":2,"name":"Shop","item":"https:\/\/www.sestogrado.it\/en\/shop\/"},{"@type":"ListItem","position":3,"name":"Beal Aramid cordino in Kevlar 5.5 mm arrampicata"}]},{"@type":"WebSite","@id":"https:\/\/www.sestogrado.it\/en\/#website","url":"https:\/\/www.sestogrado.it\/en\/","name":"Sestogrado","description":"yes we climb","publisher":{"@id":"https:\/\/www.sestogrado.it\/en\/#organization"},"potentialAction":[{"@type":"SearchAction","target":{"@type":"EntryPoint","urlTemplate":"https:\/\/www.sestogrado.it\/en\/?s={search_term_string}"},"query-input":{"@type":"PropertyValueSpecification","valueRequired":true,"valueName":"search_term_string"}}],"inLanguage":"en-US"},{"@type":"Organization","@id":"https:\/\/www.sestogrado.it\/en\/#organization","name":"Sestogrado","url":"https:\/\/www.sestogrado.it\/en\/","logo":{"@type":"ImageObject","inLanguage":"en-US","@id":"https:\/\/www.sestogrado.it\/en\/#\/schema\/logo\/image\/","url":"https:\/\/www.sestogrado.it\/wp-content\/uploads\/2015\/03\/sestogrado-favicon.png","contentUrl":"https:\/\/www.sestogrado.it\/wp-content\/uploads\/2015\/03\/sestogrado-favicon.png","width":260,"height":260,"caption":"Sestogrado"},"image":{"@id":"https:\/\/www.sestogrado.it\/en\/#\/schema\/logo\/image\/"},"sameAs":["https:\/\/www.facebook.com\/pages\/Sestogrado\/1542635979353017?ref=bookmarks","https:\/\/www.youtube.com\/channel\/UC847kAfTkaJsWpc1jtQwr3Q"],"hasMerchantReturnPolicy":{"@type":"MerchantReturnPolicy","merchantReturnLink":"https:\/\/www.sestogrado.it\/en\/termini-e-condizioni\/"}}]},"product_brand":"Beal","og_availability":"instock","product_availability":"instock","product_condition":"new"},"_links":{"self":[{"href":"https:\/\/www.sestogrado.it\/en\/wp-json\/wp\/v2\/product\/8684","targetHints":{"allow":["GET"]}}],"collection":[{"href":"https:\/\/www.sestogrado.it\/en\/wp-json\/wp\/v2\/product"}],"about":[{"href":"https:\/\/www.sestogrado.it\/en\/wp-json\/wp\/v2\/types\/product"}],"replies":[{"embeddable":true,"href":"https:\/\/www.sestogrado.it\/en\/wp-json\/wp\/v2\/comments?post=8684"}],"wp:featuredmedia":[{"embeddable":true,"href":"https:\/\/www.sestogrado.it\/en\/wp-json\/wp\/v2\/media\/24921"}],"wp:attachment":[{"href":"https:\/\/www.sestogrado.it\/en\/wp-json\/wp\/v2\/media?parent=8684"}],"wp:term":[{"taxonomy":"product_brand","embeddable":true,"href":"https:\/\/www.sestogrado.it\/en\/wp-json\/wp\/v2\/product_brand?post=8684"},{"taxonomy":"product_cat","embeddable":true,"href":"https:\/\/www.sestogrado.it\/en\/wp-json\/wp\/v2\/product_cat?post=8684"},{"taxonomy":"product_tag","embeddable":true,"href":"https:\/\/www.sestogrado.it\/en\/wp-json\/wp\/v2\/product_tag?post=8684"}],"curies":[{"name":"wp","href":"https:\/\/api.w.org\/{rel}","templated":true}]}}