{"id":85186,"date":"2023-10-15T17:14:33","date_gmt":"2023-10-15T15:14:33","guid":{"rendered":"https:\/\/www.sestogrado.it\/?post_type=product&#038;p=85186"},"modified":"2026-04-26T12:57:32","modified_gmt":"2026-04-26T10:57:32","slug":"petzl-rad-system-kit-per-crepacci-ghiacciai-e-doppie","status":"publish","type":"product","link":"https:\/\/www.sestogrado.it\/en\/prodotto\/petzl-rad-system-kit-per-crepacci-ghiacciai-e-doppie\/","title":{"rendered":"PETZL RAD SYSTEM (Rescue And Descent) kit"},"content":{"rendered":"<p><\/p>\n<p class=\"productSubtitle\">A complete ultra-lightweight and compact kit with special cord, designed for skiers for crevasse rescue, rappelling, or roping up on a glacier to get out of a crevasse zone.<\/p>\n<div class=\"productCaracteristiquesPosition inlineblock\">\n<p class=\"productCaracteristiques inlineblock\">Complete, ultra-lightweight and compact, the RAD SYSTEM (Rescue And Descent) kit allows skiers on mountain terrain to always have the equipment necessary for crevasse rescue, rappelling, or roping up on skis to get out of a crevasse zone. The kit contains a storage bag, 30 meters of RAD LINE 6 mm cord, carabiners, ascenders and a sling.<\/p>\n<ul>\n<li>Complete, <strong>ultra-lightweight and very compact kit<\/strong>:<br \/>\n&#8211; 30 m of RAD LINE 6 mm cord, developed specifically for crevasse rescue, rappelling, and roping up on a glacier when getting out of a crevasse zone<br \/>\n&#8211; 3 Sm\u2019D SCREW-LOCK carabiners<br \/>\n&#8211; 1 TIBLOC ascender<br \/>\n&#8211; 1 MICRO TRAXION progress-capture pulley<br \/>\n&#8211; 1 ST\u2019ANNEAU 120 cm sling<br \/>\n&#8211; equipment is contained in a storage bag<\/li>\n<li>Kit <strong>designed for action<\/strong>:<br \/>\n&#8211; ideal bottom-of-the-pack solution for back-country skiers<br \/>\n&#8211; cord is folded for immediate use, eliminating risk of knots or twists<br \/>\n&#8211; two loops on the exterior of the pouch for attaching it to a harness or inside the backpack<br \/>\n&#8211; sewn webbing loops on the top of the bag for attachment of all components of the kit<br \/>\n&#8211; ice screw holder on the outside of the pouch<\/li>\n<li><strong>Ultra-lightweight cord<\/strong>:<br \/>\n&#8211; only 660 g for 30 m<br \/>\n&#8211; flexible cord with rough-textured sheath for excellent handling and descent control when rappelling, and to aid in braking when arresting a crevasse fall<br \/>\n&#8211; the hyperstatic cord has less than 2 % elongation, to facilitate rescue maneuvers and eliminate the yo-yo effect during rappels or fall arrest in a crevasse<\/li>\n<\/ul>\n<\/div>\n<p>&nbsp;<\/p>","protected":false},"excerpt":{"rendered":"<p>A complete ultra-lightweight and compact kit with special cord, designed for skiers for crevasse rescue, rappelling, or roping up on [&hellip;]<\/p>\n","protected":false},"featured_media":160374,"comment_status":"open","ping_status":"closed","template":"","meta":{"_acf_changed":false},"product_brand":[50],"product_cat":[1314,512],"product_tag":[963,962,960,961],"class_list":{"0":"post-85186","1":"product","2":"type-product","3":"status-publish","4":"has-post-thumbnail","6":"product_brand-petzl","7":"product_cat-accessori-ghiaccio","8":"product_cat-discensori-e-bloccanti","9":"product_tag-kit-crepaccio","10":"product_tag-kit-crepaccio-petzl","11":"product_tag-kit-soccorso-crepaccio","12":"product_tag-rad-system-kit","14":"first","15":"instock","16":"sale","17":"taxable","18":"shipping-taxable","19":"purchasable","20":"product-type-simple"},"acf":[],"yoast_head":"<!-- This site is optimized with the Yoast SEO plugin v26.4 - https:\/\/yoast.com\/wordpress\/plugins\/seo\/ -->\n<title>PETZL RAD SYSTEM (Rescue And Descent) kit - Sestogrado<\/title>\n<meta name=\"description\" content=\"Rad System Kit (Rescue And Descent) \u00e8 la novit\u00e0 PETZL completa, ultraleggera e compatta per l&#039;alta montagna.Il Rad System Kit \u00e8 destinato agli sciatori e alpinisti per il soccorso in crepaccio, la calata in doppia e la progressione in cordata su ghiacciaio. Si tratta di uno strumento innovativo e veloce da utilizzare per fuggire da una zona con crepacci.Consente agli alpinisti che si spostano in montagna di avere sempre a portata di mano il materiale necessario per effettuare un soccorso veloce e sicuro.\" \/>\n<meta name=\"robots\" content=\"index, follow, max-snippet:-1, max-image-preview:large, max-video-preview:-1\" \/>\n<link rel=\"canonical\" href=\"https:\/\/www.sestogrado.it\/en\/prodotto\/petzl-rad-system-kit-per-crepacci-ghiacciai-e-doppie\/\" \/>\n<meta property=\"og:locale\" content=\"en_US\" \/>\n<meta property=\"og:type\" content=\"article\" \/>\n<meta property=\"og:title\" content=\"PETZL RAD SYSTEM (Rescue And Descent) kit - Sestogrado\" \/>\n<meta property=\"og:description\" content=\"Rad System Kit (Rescue And Descent) \u00e8 la novit\u00e0 PETZL completa, ultraleggera e compatta per l&#039;alta montagna.Il Rad System Kit \u00e8 destinato agli sciatori e alpinisti per il soccorso in crepaccio, la calata in doppia e la progressione in cordata su ghiacciaio. Si tratta di uno strumento innovativo e veloce da utilizzare per fuggire da una zona con crepacci.Consente agli alpinisti che si spostano in montagna di avere sempre a portata di mano il materiale necessario per effettuare un soccorso veloce e sicuro.\" \/>\n<meta property=\"og:url\" content=\"https:\/\/www.sestogrado.it\/en\/prodotto\/petzl-rad-system-kit-per-crepacci-ghiacciai-e-doppie\/\" \/>\n<meta property=\"og:site_name\" content=\"Sestogrado\" \/>\n<meta property=\"article:publisher\" content=\"https:\/\/www.facebook.com\/pages\/Sestogrado\/1542635979353017?ref=bookmarks\" \/>\n<meta property=\"article:modified_time\" content=\"2026-04-26T10:57:32+00:00\" \/>\n<meta property=\"og:image\" content=\"https:\/\/www.sestogrado.it\/wp-content\/uploads\/2023\/10\/rad-system.jpg\" \/>\n\t<meta property=\"og:image:width\" content=\"1197\" \/>\n\t<meta property=\"og:image:height\" content=\"1197\" \/>\n\t<meta property=\"og:image:type\" content=\"image\/jpeg\" \/>\n<meta name=\"twitter:label1\" content=\"Price\" \/>\n\t<meta name=\"twitter:data1\" content=\"&euro;&nbsp;249,00\" \/>\n\t<meta name=\"twitter:label2\" content=\"Availability\" \/>\n\t<meta name=\"twitter:data2\" content=\"In stock\" \/>\n<script type=\"application\/ld+json\" class=\"yoast-schema-graph\">{\"@context\":\"https:\/\/schema.org\",\"@graph\":[{\"@type\":\"WebPage\",\"@id\":\"https:\/\/www.sestogrado.it\/en\/prodotto\/petzl-rad-system-kit-per-crepacci-ghiacciai-e-doppie\/\",\"url\":\"https:\/\/www.sestogrado.it\/en\/prodotto\/petzl-rad-system-kit-per-crepacci-ghiacciai-e-doppie\/\",\"name\":\"PETZL RAD SYSTEM (Rescue And Descent) kit - Sestogrado\",\"isPartOf\":{\"@id\":\"https:\/\/www.sestogrado.it\/en\/#website\"},\"primaryImageOfPage\":{\"@id\":\"https:\/\/www.sestogrado.it\/en\/prodotto\/petzl-rad-system-kit-per-crepacci-ghiacciai-e-doppie\/#primaryimage\"},\"image\":{\"@id\":\"https:\/\/www.sestogrado.it\/prodotto\/petzl-rad-system-kit-per-crepacci-ghiacciai-e-doppie\/#primaryimage\"},\"thumbnailUrl\":\"https:\/\/www.sestogrado.it\/wp-content\/uploads\/2023\/10\/rad-system.jpg\",\"datePublished\":\"2023-10-15T15:14:33+00:00\",\"dateModified\":\"2026-04-26T10:57:32+00:00\",\"description\":\"Rad System Kit (Rescue And Descent) \u00e8 la novit\u00e0 PETZL completa, ultraleggera e compatta per l'alta montagna.Il Rad System Kit \u00e8 destinato agli sciatori e alpinisti per il soccorso in crepaccio, la calata in doppia e la progressione in cordata su ghiacciaio. Si tratta di uno strumento innovativo e veloce da utilizzare per fuggire da una zona con crepacci.Consente agli alpinisti che si spostano in montagna di avere sempre a portata di mano il materiale necessario per effettuare un soccorso veloce e sicuro.\",\"breadcrumb\":{\"@id\":\"https:\/\/www.sestogrado.it\/en\/prodotto\/petzl-rad-system-kit-per-crepacci-ghiacciai-e-doppie\/#breadcrumb\"},\"inLanguage\":\"en-US\",\"potentialAction\":[{\"@type\":\"ReadAction\",\"target\":[[\"https:\/\/www.sestogrado.it\/en\/prodotto\/petzl-rad-system-kit-per-crepacci-ghiacciai-e-doppie\/\"]]}]},{\"@type\":\"ImageObject\",\"inLanguage\":\"en-US\",\"@id\":\"https:\/\/www.sestogrado.it\/en\/prodotto\/petzl-rad-system-kit-per-crepacci-ghiacciai-e-doppie\/#primaryimage\",\"url\":\"https:\/\/www.sestogrado.it\/wp-content\/uploads\/2023\/10\/rad-system.jpg\",\"contentUrl\":\"https:\/\/www.sestogrado.it\/wp-content\/uploads\/2023\/10\/rad-system.jpg\",\"width\":1197,\"height\":1197,\"caption\":\"rad-system\"},{\"@type\":\"BreadcrumbList\",\"@id\":\"https:\/\/www.sestogrado.it\/en\/prodotto\/petzl-rad-system-kit-per-crepacci-ghiacciai-e-doppie\/#breadcrumb\",\"itemListElement\":[{\"@type\":\"ListItem\",\"position\":1,\"name\":\"Home\",\"item\":\"https:\/\/www.sestogrado.it\/en\/\"},{\"@type\":\"ListItem\",\"position\":2,\"name\":\"Shop\",\"item\":\"https:\/\/www.sestogrado.it\/en\/shop\/\"},{\"@type\":\"ListItem\",\"position\":3,\"name\":\"PETZL Rad System Kit per crepacci, ghiacciai e doppie\"}]},{\"@type\":\"WebSite\",\"@id\":\"https:\/\/www.sestogrado.it\/en\/#website\",\"url\":\"https:\/\/www.sestogrado.it\/en\/\",\"name\":\"Sestogrado\",\"description\":\"yes we climb\",\"publisher\":{\"@id\":\"https:\/\/www.sestogrado.it\/en\/#organization\"},\"potentialAction\":[{\"@type\":\"SearchAction\",\"target\":{\"@type\":\"EntryPoint\",\"urlTemplate\":\"https:\/\/www.sestogrado.it\/en\/?s={search_term_string}\"},\"query-input\":{\"@type\":\"PropertyValueSpecification\",\"valueRequired\":true,\"valueName\":\"search_term_string\"}}],\"inLanguage\":\"en-US\"},{\"@type\":\"Organization\",\"@id\":\"https:\/\/www.sestogrado.it\/en\/#organization\",\"name\":\"Sestogrado\",\"url\":\"https:\/\/www.sestogrado.it\/en\/\",\"logo\":{\"@type\":\"ImageObject\",\"inLanguage\":\"en-US\",\"@id\":\"https:\/\/www.sestogrado.it\/en\/#\/schema\/logo\/image\/\",\"url\":\"https:\/\/www.sestogrado.it\/wp-content\/uploads\/2015\/03\/sestogrado-favicon.png\",\"contentUrl\":\"https:\/\/www.sestogrado.it\/wp-content\/uploads\/2015\/03\/sestogrado-favicon.png\",\"width\":260,\"height\":260,\"caption\":\"Sestogrado\"},\"image\":{\"@id\":\"https:\/\/www.sestogrado.it\/en\/#\/schema\/logo\/image\/\"},\"sameAs\":[\"https:\/\/www.facebook.com\/pages\/Sestogrado\/1542635979353017?ref=bookmarks\",\"https:\/\/www.youtube.com\/channel\/UC847kAfTkaJsWpc1jtQwr3Q\"],\"hasMerchantReturnPolicy\":{\"@type\":\"MerchantReturnPolicy\",\"merchantReturnLink\":\"https:\/\/www.sestogrado.it\/en\/termini-e-condizioni\/\"}}]}<\/script>\n<meta property=\"product:brand\" content=\"Petzl\" \/>\n<meta property=\"product:price:amount\" content=\"249.00\" \/>\n<meta property=\"product:price:currency\" content=\"EUR\" \/>\n<meta property=\"og:availability\" content=\"instock\" \/>\n<meta property=\"product:availability\" content=\"instock\" \/>\n<meta property=\"product:condition\" content=\"new\" \/>\n<!-- \/ Yoast SEO plugin. -->","yoast_head_json":{"title":"PETZL RAD SYSTEM (Rescue And Descent) kit - Sestogrado","description":"Rad System Kit (Rescue And Descent) \u00e8 la novit\u00e0 PETZL completa, ultraleggera e compatta per l'alta montagna.Il Rad System Kit \u00e8 destinato agli sciatori e alpinisti per il soccorso in crepaccio, la calata in doppia e la progressione in cordata su ghiacciaio. Si tratta di uno strumento innovativo e veloce da utilizzare per fuggire da una zona con crepacci.Consente agli alpinisti che si spostano in montagna di avere sempre a portata di mano il materiale necessario per effettuare un soccorso veloce e sicuro.","robots":{"index":"index","follow":"follow","max-snippet":"max-snippet:-1","max-image-preview":"max-image-preview:large","max-video-preview":"max-video-preview:-1"},"canonical":"https:\/\/www.sestogrado.it\/en\/prodotto\/petzl-rad-system-kit-per-crepacci-ghiacciai-e-doppie\/","og_locale":"en_US","og_type":"article","og_title":"PETZL RAD SYSTEM (Rescue And Descent) kit - Sestogrado","og_description":"Rad System Kit (Rescue And Descent) \u00e8 la novit\u00e0 PETZL completa, ultraleggera e compatta per l'alta montagna.Il Rad System Kit \u00e8 destinato agli sciatori e alpinisti per il soccorso in crepaccio, la calata in doppia e la progressione in cordata su ghiacciaio. Si tratta di uno strumento innovativo e veloce da utilizzare per fuggire da una zona con crepacci.Consente agli alpinisti che si spostano in montagna di avere sempre a portata di mano il materiale necessario per effettuare un soccorso veloce e sicuro.","og_url":"https:\/\/www.sestogrado.it\/en\/prodotto\/petzl-rad-system-kit-per-crepacci-ghiacciai-e-doppie\/","og_site_name":"Sestogrado","article_publisher":"https:\/\/www.facebook.com\/pages\/Sestogrado\/1542635979353017?ref=bookmarks","article_modified_time":"2026-04-26T10:57:32+00:00","og_image":[{"width":1197,"height":1197,"url":"https:\/\/www.sestogrado.it\/wp-content\/uploads\/2023\/10\/rad-system.jpg","type":"image\/jpeg"}],"twitter_misc":{"Price":"&euro;&nbsp;249,00","Availability":"In stock"},"schema":{"@context":"https:\/\/schema.org","@graph":[{"@type":"WebPage","@id":"https:\/\/www.sestogrado.it\/en\/prodotto\/petzl-rad-system-kit-per-crepacci-ghiacciai-e-doppie\/","url":"https:\/\/www.sestogrado.it\/en\/prodotto\/petzl-rad-system-kit-per-crepacci-ghiacciai-e-doppie\/","name":"PETZL RAD SYSTEM (Rescue And Descent) kit - Sestogrado","isPartOf":{"@id":"https:\/\/www.sestogrado.it\/en\/#website"},"primaryImageOfPage":{"@id":"https:\/\/www.sestogrado.it\/en\/prodotto\/petzl-rad-system-kit-per-crepacci-ghiacciai-e-doppie\/#primaryimage"},"image":{"@id":"https:\/\/www.sestogrado.it\/prodotto\/petzl-rad-system-kit-per-crepacci-ghiacciai-e-doppie\/#primaryimage"},"thumbnailUrl":"https:\/\/www.sestogrado.it\/wp-content\/uploads\/2023\/10\/rad-system.jpg","datePublished":"2023-10-15T15:14:33+00:00","dateModified":"2026-04-26T10:57:32+00:00","description":"Rad System Kit (Rescue And Descent) \u00e8 la novit\u00e0 PETZL completa, ultraleggera e compatta per l'alta montagna.Il Rad System Kit \u00e8 destinato agli sciatori e alpinisti per il soccorso in crepaccio, la calata in doppia e la progressione in cordata su ghiacciaio. Si tratta di uno strumento innovativo e veloce da utilizzare per fuggire da una zona con crepacci.Consente agli alpinisti che si spostano in montagna di avere sempre a portata di mano il materiale necessario per effettuare un soccorso veloce e sicuro.","breadcrumb":{"@id":"https:\/\/www.sestogrado.it\/en\/prodotto\/petzl-rad-system-kit-per-crepacci-ghiacciai-e-doppie\/#breadcrumb"},"inLanguage":"en-US","potentialAction":[{"@type":"ReadAction","target":[["https:\/\/www.sestogrado.it\/en\/prodotto\/petzl-rad-system-kit-per-crepacci-ghiacciai-e-doppie\/"]]}]},{"@type":"ImageObject","inLanguage":"en-US","@id":"https:\/\/www.sestogrado.it\/en\/prodotto\/petzl-rad-system-kit-per-crepacci-ghiacciai-e-doppie\/#primaryimage","url":"https:\/\/www.sestogrado.it\/wp-content\/uploads\/2023\/10\/rad-system.jpg","contentUrl":"https:\/\/www.sestogrado.it\/wp-content\/uploads\/2023\/10\/rad-system.jpg","width":1197,"height":1197,"caption":"rad-system"},{"@type":"BreadcrumbList","@id":"https:\/\/www.sestogrado.it\/en\/prodotto\/petzl-rad-system-kit-per-crepacci-ghiacciai-e-doppie\/#breadcrumb","itemListElement":[{"@type":"ListItem","position":1,"name":"Home","item":"https:\/\/www.sestogrado.it\/en\/"},{"@type":"ListItem","position":2,"name":"Shop","item":"https:\/\/www.sestogrado.it\/en\/shop\/"},{"@type":"ListItem","position":3,"name":"PETZL Rad System Kit per crepacci, ghiacciai e doppie"}]},{"@type":"WebSite","@id":"https:\/\/www.sestogrado.it\/en\/#website","url":"https:\/\/www.sestogrado.it\/en\/","name":"Sestogrado","description":"yes we climb","publisher":{"@id":"https:\/\/www.sestogrado.it\/en\/#organization"},"potentialAction":[{"@type":"SearchAction","target":{"@type":"EntryPoint","urlTemplate":"https:\/\/www.sestogrado.it\/en\/?s={search_term_string}"},"query-input":{"@type":"PropertyValueSpecification","valueRequired":true,"valueName":"search_term_string"}}],"inLanguage":"en-US"},{"@type":"Organization","@id":"https:\/\/www.sestogrado.it\/en\/#organization","name":"Sestogrado","url":"https:\/\/www.sestogrado.it\/en\/","logo":{"@type":"ImageObject","inLanguage":"en-US","@id":"https:\/\/www.sestogrado.it\/en\/#\/schema\/logo\/image\/","url":"https:\/\/www.sestogrado.it\/wp-content\/uploads\/2015\/03\/sestogrado-favicon.png","contentUrl":"https:\/\/www.sestogrado.it\/wp-content\/uploads\/2015\/03\/sestogrado-favicon.png","width":260,"height":260,"caption":"Sestogrado"},"image":{"@id":"https:\/\/www.sestogrado.it\/en\/#\/schema\/logo\/image\/"},"sameAs":["https:\/\/www.facebook.com\/pages\/Sestogrado\/1542635979353017?ref=bookmarks","https:\/\/www.youtube.com\/channel\/UC847kAfTkaJsWpc1jtQwr3Q"],"hasMerchantReturnPolicy":{"@type":"MerchantReturnPolicy","merchantReturnLink":"https:\/\/www.sestogrado.it\/en\/termini-e-condizioni\/"}}]},"product_brand":"Petzl","product_price_amount":"249.00","product_price_currency":"EUR","og_availability":"instock","product_availability":"instock","product_condition":"new"},"_links":{"self":[{"href":"https:\/\/www.sestogrado.it\/en\/wp-json\/wp\/v2\/product\/85186","targetHints":{"allow":["GET"]}}],"collection":[{"href":"https:\/\/www.sestogrado.it\/en\/wp-json\/wp\/v2\/product"}],"about":[{"href":"https:\/\/www.sestogrado.it\/en\/wp-json\/wp\/v2\/types\/product"}],"replies":[{"embeddable":true,"href":"https:\/\/www.sestogrado.it\/en\/wp-json\/wp\/v2\/comments?post=85186"}],"wp:featuredmedia":[{"embeddable":true,"href":"https:\/\/www.sestogrado.it\/en\/wp-json\/wp\/v2\/media\/160374"}],"wp:attachment":[{"href":"https:\/\/www.sestogrado.it\/en\/wp-json\/wp\/v2\/media?parent=85186"}],"wp:term":[{"taxonomy":"product_brand","embeddable":true,"href":"https:\/\/www.sestogrado.it\/en\/wp-json\/wp\/v2\/product_brand?post=85186"},{"taxonomy":"product_cat","embeddable":true,"href":"https:\/\/www.sestogrado.it\/en\/wp-json\/wp\/v2\/product_cat?post=85186"},{"taxonomy":"product_tag","embeddable":true,"href":"https:\/\/www.sestogrado.it\/en\/wp-json\/wp\/v2\/product_tag?post=85186"}],"curies":[{"name":"wp","href":"https:\/\/api.w.org\/{rel}","templated":true}]}}