{"id":84466,"date":"2021-11-09T17:34:32","date_gmt":"2021-11-09T16:34:32","guid":{"rendered":"https:\/\/www.sestogrado.it\/?post_type=product&#038;p=84466"},"modified":"2026-04-15T10:25:17","modified_gmt":"2026-04-15T08:25:17","slug":"blue-ice-aero-lite-viti-da-ghiaccio","status":"publish","type":"product","link":"https:\/\/www.sestogrado.it\/en\/prodotto\/blue-ice-aero-lite-viti-da-ghiaccio\/","title":{"rendered":"Blue Ice Aero Lite ice screw"},"content":{"rendered":"<p>The AERO LITE are the lightest ice screws on the market, with an innovative 3-tooth steel bit for technical mountaineering.<\/p>\n<p>They are available in 5 lengths. They use a stainless steel, 3 tooth tip, which allows for easy placement in all conditions.<br \/>\nThe body and the hanger are made of aluminum to minimize weight.<br \/>\nThe foldable crank is made of stainless steel.<br \/>\nThe diameter of the screws is larger than the current ones on the market.<br \/>\nThis makes it possible to safely use existing anchor holes. A color code makes to quick identification of the different lengths.<br \/>\nThese are the ideal screws for technical routes where performance and lightness are key points.<br \/>\nAvailable in 4 lengths 13, 16, 19 and 22 cm.<\/p>\n<ul>\n<li>Material: Aluminium, Stainless steel<\/li>\n<li>Color-coated knob and hanger to easily identify screw lengths: RED (10cm-58g), GOLD (13cm-65g), BLUE (16cm-72g), GREY (19cm &#8211; 78g), GREEN (22cm-84g)<\/li>\n<li>Sold with Teeth protective cap<\/li>\n<li>Foldable stainless steel wire crank<\/li>\n<li>Highly textured crank knob for secure handling<\/li>\n<li>Certifications: CE EN 568, UIAA 151<\/li>\n<\/ul>\n<p>&nbsp;<\/p>\n<p>https:\/\/www.youtube.com\/watch?v=0IDplncncbU<\/p>","protected":false},"excerpt":{"rendered":"<p>The AERO LITE are the lightest ice screws on the market, with an innovative 3-tooth steel bit for technical mountaineering. [&hellip;]<\/p>\n","protected":false},"featured_media":84542,"comment_status":"open","ping_status":"closed","template":"","meta":{"_acf_changed":false},"product_brand":[641],"product_cat":[1313],"product_tag":[898,521],"class_list":{"0":"post-84466","1":"product","2":"type-product","3":"status-publish","4":"has-post-thumbnail","6":"product_brand-blue-ice","7":"product_cat-viti","8":"product_tag-viti-alpinismo","9":"product_tag-viti-da-ghiaccio","11":"first","12":"instock","13":"sale","14":"taxable","15":"shipping-taxable","16":"purchasable","17":"product-type-variable"},"acf":[],"yoast_head":"<!-- This site is optimized with the Yoast SEO plugin v26.4 - https:\/\/yoast.com\/wordpress\/plugins\/seo\/ -->\n<title>Blue Ice Aero Lite ice screw - Sestogrado<\/title>\n<meta name=\"description\" content=\"Le Blue Ice Aero Lite sono le pi\u00f9 leggere viti da ghiaccio sul mercato (solo 65g per la 13cm!). Sono dotate di una innovativa punta a 3 denti, ideale per alpinismo tecnico, e sono disponibili in 5 lunghezze. La punta a tre denti \u00e8 in acciaio inossidabile, per un facile posizionamento in ogni condizione, mentre il corpo \u00e8 in leggero alluminio. La manovella girevole \u00e8 anch&#039;essa realizzata in acciaio inossidabile ed \u00e8 colorata per una rapida e facile identificazione della lunghezza. Il diametro della vite \u00e8 pi\u00f9 ampio di quello delle altre viti sul mercato, ci\u00f2 consente di utilizzare in sicurezza fori di sosta gi\u00e0 presenti.Le Blue Ice Aero Lite sono ideali per vie tecniche dove la leggerezza e le prestazioni contano.\" \/>\n<meta name=\"robots\" content=\"index, follow, max-snippet:-1, max-image-preview:large, max-video-preview:-1\" \/>\n<link rel=\"canonical\" href=\"https:\/\/www.sestogrado.it\/en\/prodotto\/blue-ice-aero-lite-viti-da-ghiaccio\/\" \/>\n<meta property=\"og:locale\" content=\"en_US\" \/>\n<meta property=\"og:type\" content=\"article\" \/>\n<meta property=\"og:title\" content=\"Blue Ice Aero Lite ice screw - Sestogrado\" \/>\n<meta property=\"og:description\" content=\"Le Blue Ice Aero Lite sono le pi\u00f9 leggere viti da ghiaccio sul mercato (solo 65g per la 13cm!). Sono dotate di una innovativa punta a 3 denti, ideale per alpinismo tecnico, e sono disponibili in 5 lunghezze. La punta a tre denti \u00e8 in acciaio inossidabile, per un facile posizionamento in ogni condizione, mentre il corpo \u00e8 in leggero alluminio. La manovella girevole \u00e8 anch&#039;essa realizzata in acciaio inossidabile ed \u00e8 colorata per una rapida e facile identificazione della lunghezza. Il diametro della vite \u00e8 pi\u00f9 ampio di quello delle altre viti sul mercato, ci\u00f2 consente di utilizzare in sicurezza fori di sosta gi\u00e0 presenti.Le Blue Ice Aero Lite sono ideali per vie tecniche dove la leggerezza e le prestazioni contano.\" \/>\n<meta property=\"og:url\" content=\"https:\/\/www.sestogrado.it\/en\/prodotto\/blue-ice-aero-lite-viti-da-ghiaccio\/\" \/>\n<meta property=\"og:site_name\" content=\"Sestogrado\" \/>\n<meta property=\"article:publisher\" content=\"https:\/\/www.facebook.com\/pages\/Sestogrado\/1542635979353017?ref=bookmarks\" \/>\n<meta property=\"article:modified_time\" content=\"2026-04-15T08:25:17+00:00\" \/>\n<meta property=\"og:image\" content=\"https:\/\/www.sestogrado.it\/wp-content\/uploads\/2021\/11\/01-5.jpg\" \/>\n\t<meta property=\"og:image:width\" content=\"1200\" \/>\n\t<meta property=\"og:image:height\" content=\"1200\" \/>\n\t<meta property=\"og:image:type\" content=\"image\/jpeg\" \/>\n<meta name=\"twitter:label1\" content=\"Availability\" \/>\n\t<meta name=\"twitter:data1\" content=\"In stock\" \/>\n<script type=\"application\/ld+json\" class=\"yoast-schema-graph\">{\"@context\":\"https:\/\/schema.org\",\"@graph\":[{\"@type\":\"WebPage\",\"@id\":\"https:\/\/www.sestogrado.it\/en\/prodotto\/blue-ice-aero-lite-viti-da-ghiaccio\/\",\"url\":\"https:\/\/www.sestogrado.it\/en\/prodotto\/blue-ice-aero-lite-viti-da-ghiaccio\/\",\"name\":\"Blue Ice Aero Lite ice screw - Sestogrado\",\"isPartOf\":{\"@id\":\"https:\/\/www.sestogrado.it\/en\/#website\"},\"primaryImageOfPage\":{\"@id\":\"https:\/\/www.sestogrado.it\/en\/prodotto\/blue-ice-aero-lite-viti-da-ghiaccio\/#primaryimage\"},\"image\":{\"@id\":\"https:\/\/www.sestogrado.it\/prodotto\/blue-ice-aero-lite-viti-da-ghiaccio\/#primaryimage\"},\"thumbnailUrl\":\"https:\/\/www.sestogrado.it\/wp-content\/uploads\/2021\/11\/01-5.jpg\",\"datePublished\":\"2021-11-09T16:34:32+00:00\",\"dateModified\":\"2026-04-15T08:25:17+00:00\",\"description\":\"Le Blue Ice Aero Lite sono le pi\u00f9 leggere viti da ghiaccio sul mercato (solo 65g per la 13cm!). Sono dotate di una innovativa punta a 3 denti, ideale per alpinismo tecnico, e sono disponibili in 5 lunghezze. La punta a tre denti \u00e8 in acciaio inossidabile, per un facile posizionamento in ogni condizione, mentre il corpo \u00e8 in leggero alluminio. La manovella girevole \u00e8 anch'essa realizzata in acciaio inossidabile ed \u00e8 colorata per una rapida e facile identificazione della lunghezza. Il diametro della vite \u00e8 pi\u00f9 ampio di quello delle altre viti sul mercato, ci\u00f2 consente di utilizzare in sicurezza fori di sosta gi\u00e0 presenti.Le Blue Ice Aero Lite sono ideali per vie tecniche dove la leggerezza e le prestazioni contano.\",\"breadcrumb\":{\"@id\":\"https:\/\/www.sestogrado.it\/en\/prodotto\/blue-ice-aero-lite-viti-da-ghiaccio\/#breadcrumb\"},\"inLanguage\":\"en-US\",\"potentialAction\":[{\"@type\":\"ReadAction\",\"target\":[[\"https:\/\/www.sestogrado.it\/en\/prodotto\/blue-ice-aero-lite-viti-da-ghiaccio\/\"]]}]},{\"@type\":\"ImageObject\",\"inLanguage\":\"en-US\",\"@id\":\"https:\/\/www.sestogrado.it\/en\/prodotto\/blue-ice-aero-lite-viti-da-ghiaccio\/#primaryimage\",\"url\":\"https:\/\/www.sestogrado.it\/wp-content\/uploads\/2021\/11\/01-5.jpg\",\"contentUrl\":\"https:\/\/www.sestogrado.it\/wp-content\/uploads\/2021\/11\/01-5.jpg\",\"width\":1200,\"height\":1200,\"caption\":\"blue ice aero lite\"},{\"@type\":\"BreadcrumbList\",\"@id\":\"https:\/\/www.sestogrado.it\/en\/prodotto\/blue-ice-aero-lite-viti-da-ghiaccio\/#breadcrumb\",\"itemListElement\":[{\"@type\":\"ListItem\",\"position\":1,\"name\":\"Home\",\"item\":\"https:\/\/www.sestogrado.it\/en\/\"},{\"@type\":\"ListItem\",\"position\":2,\"name\":\"Shop\",\"item\":\"https:\/\/www.sestogrado.it\/en\/shop\/\"},{\"@type\":\"ListItem\",\"position\":3,\"name\":\"Blue Ice Aero Lite viti da ghiaccio\"}]},{\"@type\":\"WebSite\",\"@id\":\"https:\/\/www.sestogrado.it\/en\/#website\",\"url\":\"https:\/\/www.sestogrado.it\/en\/\",\"name\":\"Sestogrado\",\"description\":\"yes we climb\",\"publisher\":{\"@id\":\"https:\/\/www.sestogrado.it\/en\/#organization\"},\"potentialAction\":[{\"@type\":\"SearchAction\",\"target\":{\"@type\":\"EntryPoint\",\"urlTemplate\":\"https:\/\/www.sestogrado.it\/en\/?s={search_term_string}\"},\"query-input\":{\"@type\":\"PropertyValueSpecification\",\"valueRequired\":true,\"valueName\":\"search_term_string\"}}],\"inLanguage\":\"en-US\"},{\"@type\":\"Organization\",\"@id\":\"https:\/\/www.sestogrado.it\/en\/#organization\",\"name\":\"Sestogrado\",\"url\":\"https:\/\/www.sestogrado.it\/en\/\",\"logo\":{\"@type\":\"ImageObject\",\"inLanguage\":\"en-US\",\"@id\":\"https:\/\/www.sestogrado.it\/en\/#\/schema\/logo\/image\/\",\"url\":\"https:\/\/www.sestogrado.it\/wp-content\/uploads\/2015\/03\/sestogrado-favicon.png\",\"contentUrl\":\"https:\/\/www.sestogrado.it\/wp-content\/uploads\/2015\/03\/sestogrado-favicon.png\",\"width\":260,\"height\":260,\"caption\":\"Sestogrado\"},\"image\":{\"@id\":\"https:\/\/www.sestogrado.it\/en\/#\/schema\/logo\/image\/\"},\"sameAs\":[\"https:\/\/www.facebook.com\/pages\/Sestogrado\/1542635979353017?ref=bookmarks\",\"https:\/\/www.youtube.com\/channel\/UC847kAfTkaJsWpc1jtQwr3Q\"],\"hasMerchantReturnPolicy\":{\"@type\":\"MerchantReturnPolicy\",\"merchantReturnLink\":\"https:\/\/www.sestogrado.it\/en\/termini-e-condizioni\/\"}}]}<\/script>\n<meta property=\"product:brand\" content=\"Blue Ice\" \/>\n<meta property=\"og:availability\" content=\"instock\" \/>\n<meta property=\"product:availability\" content=\"instock\" \/>\n<meta property=\"product:condition\" content=\"new\" \/>\n<!-- \/ Yoast SEO plugin. -->","yoast_head_json":{"title":"Blue Ice Aero Lite ice screw - Sestogrado","description":"Le Blue Ice Aero Lite sono le pi\u00f9 leggere viti da ghiaccio sul mercato (solo 65g per la 13cm!). Sono dotate di una innovativa punta a 3 denti, ideale per alpinismo tecnico, e sono disponibili in 5 lunghezze. La punta a tre denti \u00e8 in acciaio inossidabile, per un facile posizionamento in ogni condizione, mentre il corpo \u00e8 in leggero alluminio. La manovella girevole \u00e8 anch'essa realizzata in acciaio inossidabile ed \u00e8 colorata per una rapida e facile identificazione della lunghezza. Il diametro della vite \u00e8 pi\u00f9 ampio di quello delle altre viti sul mercato, ci\u00f2 consente di utilizzare in sicurezza fori di sosta gi\u00e0 presenti.Le Blue Ice Aero Lite sono ideali per vie tecniche dove la leggerezza e le prestazioni contano.","robots":{"index":"index","follow":"follow","max-snippet":"max-snippet:-1","max-image-preview":"max-image-preview:large","max-video-preview":"max-video-preview:-1"},"canonical":"https:\/\/www.sestogrado.it\/en\/prodotto\/blue-ice-aero-lite-viti-da-ghiaccio\/","og_locale":"en_US","og_type":"article","og_title":"Blue Ice Aero Lite ice screw - Sestogrado","og_description":"Le Blue Ice Aero Lite sono le pi\u00f9 leggere viti da ghiaccio sul mercato (solo 65g per la 13cm!). Sono dotate di una innovativa punta a 3 denti, ideale per alpinismo tecnico, e sono disponibili in 5 lunghezze. La punta a tre denti \u00e8 in acciaio inossidabile, per un facile posizionamento in ogni condizione, mentre il corpo \u00e8 in leggero alluminio. La manovella girevole \u00e8 anch'essa realizzata in acciaio inossidabile ed \u00e8 colorata per una rapida e facile identificazione della lunghezza. Il diametro della vite \u00e8 pi\u00f9 ampio di quello delle altre viti sul mercato, ci\u00f2 consente di utilizzare in sicurezza fori di sosta gi\u00e0 presenti.Le Blue Ice Aero Lite sono ideali per vie tecniche dove la leggerezza e le prestazioni contano.","og_url":"https:\/\/www.sestogrado.it\/en\/prodotto\/blue-ice-aero-lite-viti-da-ghiaccio\/","og_site_name":"Sestogrado","article_publisher":"https:\/\/www.facebook.com\/pages\/Sestogrado\/1542635979353017?ref=bookmarks","article_modified_time":"2026-04-15T08:25:17+00:00","og_image":[{"width":1200,"height":1200,"url":"https:\/\/www.sestogrado.it\/wp-content\/uploads\/2021\/11\/01-5.jpg","type":"image\/jpeg"}],"twitter_misc":{"Availability":"In stock"},"schema":{"@context":"https:\/\/schema.org","@graph":[{"@type":"WebPage","@id":"https:\/\/www.sestogrado.it\/en\/prodotto\/blue-ice-aero-lite-viti-da-ghiaccio\/","url":"https:\/\/www.sestogrado.it\/en\/prodotto\/blue-ice-aero-lite-viti-da-ghiaccio\/","name":"Blue Ice Aero Lite ice screw - Sestogrado","isPartOf":{"@id":"https:\/\/www.sestogrado.it\/en\/#website"},"primaryImageOfPage":{"@id":"https:\/\/www.sestogrado.it\/en\/prodotto\/blue-ice-aero-lite-viti-da-ghiaccio\/#primaryimage"},"image":{"@id":"https:\/\/www.sestogrado.it\/prodotto\/blue-ice-aero-lite-viti-da-ghiaccio\/#primaryimage"},"thumbnailUrl":"https:\/\/www.sestogrado.it\/wp-content\/uploads\/2021\/11\/01-5.jpg","datePublished":"2021-11-09T16:34:32+00:00","dateModified":"2026-04-15T08:25:17+00:00","description":"Le Blue Ice Aero Lite sono le pi\u00f9 leggere viti da ghiaccio sul mercato (solo 65g per la 13cm!). Sono dotate di una innovativa punta a 3 denti, ideale per alpinismo tecnico, e sono disponibili in 5 lunghezze. La punta a tre denti \u00e8 in acciaio inossidabile, per un facile posizionamento in ogni condizione, mentre il corpo \u00e8 in leggero alluminio. La manovella girevole \u00e8 anch'essa realizzata in acciaio inossidabile ed \u00e8 colorata per una rapida e facile identificazione della lunghezza. Il diametro della vite \u00e8 pi\u00f9 ampio di quello delle altre viti sul mercato, ci\u00f2 consente di utilizzare in sicurezza fori di sosta gi\u00e0 presenti.Le Blue Ice Aero Lite sono ideali per vie tecniche dove la leggerezza e le prestazioni contano.","breadcrumb":{"@id":"https:\/\/www.sestogrado.it\/en\/prodotto\/blue-ice-aero-lite-viti-da-ghiaccio\/#breadcrumb"},"inLanguage":"en-US","potentialAction":[{"@type":"ReadAction","target":[["https:\/\/www.sestogrado.it\/en\/prodotto\/blue-ice-aero-lite-viti-da-ghiaccio\/"]]}]},{"@type":"ImageObject","inLanguage":"en-US","@id":"https:\/\/www.sestogrado.it\/en\/prodotto\/blue-ice-aero-lite-viti-da-ghiaccio\/#primaryimage","url":"https:\/\/www.sestogrado.it\/wp-content\/uploads\/2021\/11\/01-5.jpg","contentUrl":"https:\/\/www.sestogrado.it\/wp-content\/uploads\/2021\/11\/01-5.jpg","width":1200,"height":1200,"caption":"blue ice aero lite"},{"@type":"BreadcrumbList","@id":"https:\/\/www.sestogrado.it\/en\/prodotto\/blue-ice-aero-lite-viti-da-ghiaccio\/#breadcrumb","itemListElement":[{"@type":"ListItem","position":1,"name":"Home","item":"https:\/\/www.sestogrado.it\/en\/"},{"@type":"ListItem","position":2,"name":"Shop","item":"https:\/\/www.sestogrado.it\/en\/shop\/"},{"@type":"ListItem","position":3,"name":"Blue Ice Aero Lite viti da ghiaccio"}]},{"@type":"WebSite","@id":"https:\/\/www.sestogrado.it\/en\/#website","url":"https:\/\/www.sestogrado.it\/en\/","name":"Sestogrado","description":"yes we climb","publisher":{"@id":"https:\/\/www.sestogrado.it\/en\/#organization"},"potentialAction":[{"@type":"SearchAction","target":{"@type":"EntryPoint","urlTemplate":"https:\/\/www.sestogrado.it\/en\/?s={search_term_string}"},"query-input":{"@type":"PropertyValueSpecification","valueRequired":true,"valueName":"search_term_string"}}],"inLanguage":"en-US"},{"@type":"Organization","@id":"https:\/\/www.sestogrado.it\/en\/#organization","name":"Sestogrado","url":"https:\/\/www.sestogrado.it\/en\/","logo":{"@type":"ImageObject","inLanguage":"en-US","@id":"https:\/\/www.sestogrado.it\/en\/#\/schema\/logo\/image\/","url":"https:\/\/www.sestogrado.it\/wp-content\/uploads\/2015\/03\/sestogrado-favicon.png","contentUrl":"https:\/\/www.sestogrado.it\/wp-content\/uploads\/2015\/03\/sestogrado-favicon.png","width":260,"height":260,"caption":"Sestogrado"},"image":{"@id":"https:\/\/www.sestogrado.it\/en\/#\/schema\/logo\/image\/"},"sameAs":["https:\/\/www.facebook.com\/pages\/Sestogrado\/1542635979353017?ref=bookmarks","https:\/\/www.youtube.com\/channel\/UC847kAfTkaJsWpc1jtQwr3Q"],"hasMerchantReturnPolicy":{"@type":"MerchantReturnPolicy","merchantReturnLink":"https:\/\/www.sestogrado.it\/en\/termini-e-condizioni\/"}}]},"product_brand":"Blue Ice","og_availability":"instock","product_availability":"instock","product_condition":"new"},"_links":{"self":[{"href":"https:\/\/www.sestogrado.it\/en\/wp-json\/wp\/v2\/product\/84466","targetHints":{"allow":["GET"]}}],"collection":[{"href":"https:\/\/www.sestogrado.it\/en\/wp-json\/wp\/v2\/product"}],"about":[{"href":"https:\/\/www.sestogrado.it\/en\/wp-json\/wp\/v2\/types\/product"}],"replies":[{"embeddable":true,"href":"https:\/\/www.sestogrado.it\/en\/wp-json\/wp\/v2\/comments?post=84466"}],"wp:featuredmedia":[{"embeddable":true,"href":"https:\/\/www.sestogrado.it\/en\/wp-json\/wp\/v2\/media\/84542"}],"wp:attachment":[{"href":"https:\/\/www.sestogrado.it\/en\/wp-json\/wp\/v2\/media?parent=84466"}],"wp:term":[{"taxonomy":"product_brand","embeddable":true,"href":"https:\/\/www.sestogrado.it\/en\/wp-json\/wp\/v2\/product_brand?post=84466"},{"taxonomy":"product_cat","embeddable":true,"href":"https:\/\/www.sestogrado.it\/en\/wp-json\/wp\/v2\/product_cat?post=84466"},{"taxonomy":"product_tag","embeddable":true,"href":"https:\/\/www.sestogrado.it\/en\/wp-json\/wp\/v2\/product_tag?post=84466"}],"curies":[{"name":"wp","href":"https:\/\/api.w.org\/{rel}","templated":true}]}}