{"id":83702,"date":"2021-10-27T15:33:27","date_gmt":"2021-10-27T13:33:27","guid":{"rendered":"https:\/\/www.sestogrado.it\/?post_type=product&#038;p=83702"},"modified":"2022-05-20T19:21:43","modified_gmt":"2022-05-20T17:21:43","slug":"8b-8bplus-sasha-sacchetto-porta-magnesite-arrampicata","status":"publish","type":"product","link":"https:\/\/www.sestogrado.it\/en\/prodotto\/8b-8bplus-sasha-sacchetto-porta-magnesite-arrampicata\/","title":{"rendered":"8b+ 8BPLUS Sasha Chalkbag for climbing"},"content":{"rendered":"<p>If you hear anyone say \u201clittle girls don\u2019t belong\u201d, don\u2019t listen to them! Never be shy, just give it a try! You\u2019d be surprised how much you will get accomplished if you just believe in yourself. And in moments of doubt, just remember that I\u2019ll always have your back. Now let\u2019s go, you can do this! \u2013 \u2018SASHA\u2019<\/p>\n<p>The SASHA chalk bag has been designed by Sasha DiGiulian and is a collaboration to make climbing more fun, equal and inclusive. As Sasha DiGiulian said:<\/p>\n<p><em>\u201cI am creating a monster based off of me, the SASHA. I want it to be a monster that represents strength for young girls and boys and empowers them to be the best version of themselves.\u201d<\/em><\/p>\n<h4>Help us make climbing more diverse and inclusive by empowering underprivileged youth!<\/h4>\n<p>With every purchase you will be supporting this goal directly. 50% of the net proceeds from the SASHA chalk bag will be donated to\u00a0RIGHT TO PLAY, an international charity working with underprivileged youth around the globe. Right To Play is transforming the lives of 2.3 million children each year through the power of sports and play!<\/p>","protected":false},"excerpt":{"rendered":"<p>If you hear anyone say \u201clittle girls don\u2019t belong\u201d, don\u2019t listen to them! Never be shy, just give it a [&hellip;]<\/p>\n","protected":false},"featured_media":83703,"comment_status":"open","ping_status":"closed","template":"","meta":{"_acf_changed":false},"product_brand":[364],"product_cat":[742],"product_tag":[1115,1116,1118,1117],"class_list":{"0":"post-83702","1":"product","2":"type-product","3":"status-publish","4":"has-post-thumbnail","6":"product_brand-8b","7":"product_cat-portamagnesite","8":"product_tag-sahsa","9":"product_tag-sasha","10":"product_tag-sasha-8b-plus","11":"product_tag-sasha-8b","13":"first","14":"outofstock","15":"sale","16":"taxable","17":"shipping-taxable","18":"purchasable","19":"product-type-simple"},"acf":[],"yoast_head":"<!-- This site is optimized with the Yoast SEO plugin v26.4 - https:\/\/yoast.com\/wordpress\/plugins\/seo\/ -->\n<title>8b+ 8BPLUS Sasha Chalkbag for climbing - Sestogrado<\/title>\n<meta name=\"description\" content=\"Il sacchetto porta magnesite SASHA \u00e8 stato progettata da Sasha Di Giulian ed \u00e8 una collaborazione per rendere l&#039;arrampicata pi\u00f9 divertente, equa e inclusiva. Come ha detto Sasha Di Giulian: \u201cSto creando un mostro basato su di me, SASHA. Voglio che sia un mostro che rappresenti la forza per le ragazze e i ragazzi e permetta loro di essere la migliore versione di se stessi&quot;.Aiutaci a rendere l&#039;arrampicata pi\u00f9 diversificata e inclusiva dando potere ai giovani svantaggiati!Con ogni acquisto sosterrai direttamente questo obiettivo. Il 50% del ricavato netto di SASHA sar\u00e0 devoluto a RIGHT TO PLAY, un&#039;organizzazione benefica internazionale che lavora con i giovani svantaggiati di tutto il mondo. Right To Play sta trasformando la vita di 2,3 milioni di bambini ogni anno grazie al potere dello sport e del gioco!\" \/>\n<meta name=\"robots\" content=\"index, follow, max-snippet:-1, max-image-preview:large, max-video-preview:-1\" \/>\n<link rel=\"canonical\" href=\"https:\/\/www.sestogrado.it\/en\/prodotto\/8b-8bplus-sasha-sacchetto-porta-magnesite-arrampicata\/\" \/>\n<meta property=\"og:locale\" content=\"en_US\" \/>\n<meta property=\"og:type\" content=\"article\" \/>\n<meta property=\"og:title\" content=\"8b+ 8BPLUS Sasha Chalkbag for climbing - Sestogrado\" \/>\n<meta property=\"og:description\" content=\"Il sacchetto porta magnesite SASHA \u00e8 stato progettata da Sasha Di Giulian ed \u00e8 una collaborazione per rendere l&#039;arrampicata pi\u00f9 divertente, equa e inclusiva. Come ha detto Sasha Di Giulian: \u201cSto creando un mostro basato su di me, SASHA. Voglio che sia un mostro che rappresenti la forza per le ragazze e i ragazzi e permetta loro di essere la migliore versione di se stessi&quot;.Aiutaci a rendere l&#039;arrampicata pi\u00f9 diversificata e inclusiva dando potere ai giovani svantaggiati!Con ogni acquisto sosterrai direttamente questo obiettivo. Il 50% del ricavato netto di SASHA sar\u00e0 devoluto a RIGHT TO PLAY, un&#039;organizzazione benefica internazionale che lavora con i giovani svantaggiati di tutto il mondo. Right To Play sta trasformando la vita di 2,3 milioni di bambini ogni anno grazie al potere dello sport e del gioco!\" \/>\n<meta property=\"og:url\" content=\"https:\/\/www.sestogrado.it\/en\/prodotto\/8b-8bplus-sasha-sacchetto-porta-magnesite-arrampicata\/\" \/>\n<meta property=\"og:site_name\" content=\"Sestogrado\" \/>\n<meta property=\"article:publisher\" content=\"https:\/\/www.facebook.com\/pages\/Sestogrado\/1542635979353017?ref=bookmarks\" \/>\n<meta property=\"article:modified_time\" content=\"2022-05-20T17:21:43+00:00\" \/>\n<meta property=\"og:image\" content=\"https:\/\/www.sestogrado.it\/wp-content\/uploads\/2021\/10\/01-4.jpg\" \/>\n\t<meta property=\"og:image:width\" content=\"1000\" \/>\n\t<meta property=\"og:image:height\" content=\"1000\" \/>\n\t<meta property=\"og:image:type\" content=\"image\/jpeg\" \/>\n<meta name=\"twitter:label1\" content=\"Price\" \/>\n\t<meta name=\"twitter:data1\" content=\"&euro;&nbsp;28,90\" \/>\n\t<meta name=\"twitter:label2\" content=\"Availability\" \/>\n\t<meta name=\"twitter:data2\" content=\"Out of stock\" \/>\n<script type=\"application\/ld+json\" class=\"yoast-schema-graph\">{\"@context\":\"https:\/\/schema.org\",\"@graph\":[{\"@type\":\"WebPage\",\"@id\":\"https:\/\/www.sestogrado.it\/en\/prodotto\/8b-8bplus-sasha-sacchetto-porta-magnesite-arrampicata\/\",\"url\":\"https:\/\/www.sestogrado.it\/en\/prodotto\/8b-8bplus-sasha-sacchetto-porta-magnesite-arrampicata\/\",\"name\":\"8b+ 8BPLUS Sasha Chalkbag for climbing - Sestogrado\",\"isPartOf\":{\"@id\":\"https:\/\/www.sestogrado.it\/en\/#website\"},\"primaryImageOfPage\":{\"@id\":\"https:\/\/www.sestogrado.it\/en\/prodotto\/8b-8bplus-sasha-sacchetto-porta-magnesite-arrampicata\/#primaryimage\"},\"image\":{\"@id\":\"https:\/\/www.sestogrado.it\/prodotto\/8b-8bplus-sasha-sacchetto-porta-magnesite-arrampicata\/#primaryimage\"},\"thumbnailUrl\":\"https:\/\/www.sestogrado.it\/wp-content\/uploads\/2021\/10\/01-4.jpg\",\"datePublished\":\"2021-10-27T13:33:27+00:00\",\"dateModified\":\"2022-05-20T17:21:43+00:00\",\"description\":\"Il sacchetto porta magnesite SASHA \u00e8 stato progettata da Sasha Di Giulian ed \u00e8 una collaborazione per rendere l'arrampicata pi\u00f9 divertente, equa e inclusiva. Come ha detto Sasha Di Giulian: \u201cSto creando un mostro basato su di me, SASHA. Voglio che sia un mostro che rappresenti la forza per le ragazze e i ragazzi e permetta loro di essere la migliore versione di se stessi\\\".Aiutaci a rendere l'arrampicata pi\u00f9 diversificata e inclusiva dando potere ai giovani svantaggiati!Con ogni acquisto sosterrai direttamente questo obiettivo. Il 50% del ricavato netto di SASHA sar\u00e0 devoluto a RIGHT TO PLAY, un'organizzazione benefica internazionale che lavora con i giovani svantaggiati di tutto il mondo. Right To Play sta trasformando la vita di 2,3 milioni di bambini ogni anno grazie al potere dello sport e del gioco!\",\"breadcrumb\":{\"@id\":\"https:\/\/www.sestogrado.it\/en\/prodotto\/8b-8bplus-sasha-sacchetto-porta-magnesite-arrampicata\/#breadcrumb\"},\"inLanguage\":\"en-US\",\"potentialAction\":[{\"@type\":\"ReadAction\",\"target\":[[\"https:\/\/www.sestogrado.it\/en\/prodotto\/8b-8bplus-sasha-sacchetto-porta-magnesite-arrampicata\/\"]]}]},{\"@type\":\"ImageObject\",\"inLanguage\":\"en-US\",\"@id\":\"https:\/\/www.sestogrado.it\/en\/prodotto\/8b-8bplus-sasha-sacchetto-porta-magnesite-arrampicata\/#primaryimage\",\"url\":\"https:\/\/www.sestogrado.it\/wp-content\/uploads\/2021\/10\/01-4.jpg\",\"contentUrl\":\"https:\/\/www.sestogrado.it\/wp-content\/uploads\/2021\/10\/01-4.jpg\",\"width\":1000,\"height\":1000,\"caption\":\"sasha\"},{\"@type\":\"BreadcrumbList\",\"@id\":\"https:\/\/www.sestogrado.it\/en\/prodotto\/8b-8bplus-sasha-sacchetto-porta-magnesite-arrampicata\/#breadcrumb\",\"itemListElement\":[{\"@type\":\"ListItem\",\"position\":1,\"name\":\"Home\",\"item\":\"https:\/\/www.sestogrado.it\/en\/\"},{\"@type\":\"ListItem\",\"position\":2,\"name\":\"Shop\",\"item\":\"https:\/\/www.sestogrado.it\/en\/shop\/\"},{\"@type\":\"ListItem\",\"position\":3,\"name\":\"8b+ 8BPLUS Sasha sacchetto porta magnesite arrampicata\"}]},{\"@type\":\"WebSite\",\"@id\":\"https:\/\/www.sestogrado.it\/en\/#website\",\"url\":\"https:\/\/www.sestogrado.it\/en\/\",\"name\":\"Sestogrado\",\"description\":\"yes we climb\",\"publisher\":{\"@id\":\"https:\/\/www.sestogrado.it\/en\/#organization\"},\"potentialAction\":[{\"@type\":\"SearchAction\",\"target\":{\"@type\":\"EntryPoint\",\"urlTemplate\":\"https:\/\/www.sestogrado.it\/en\/?s={search_term_string}\"},\"query-input\":{\"@type\":\"PropertyValueSpecification\",\"valueRequired\":true,\"valueName\":\"search_term_string\"}}],\"inLanguage\":\"en-US\"},{\"@type\":\"Organization\",\"@id\":\"https:\/\/www.sestogrado.it\/en\/#organization\",\"name\":\"Sestogrado\",\"url\":\"https:\/\/www.sestogrado.it\/en\/\",\"logo\":{\"@type\":\"ImageObject\",\"inLanguage\":\"en-US\",\"@id\":\"https:\/\/www.sestogrado.it\/en\/#\/schema\/logo\/image\/\",\"url\":\"https:\/\/www.sestogrado.it\/wp-content\/uploads\/2015\/03\/sestogrado-favicon.png\",\"contentUrl\":\"https:\/\/www.sestogrado.it\/wp-content\/uploads\/2015\/03\/sestogrado-favicon.png\",\"width\":260,\"height\":260,\"caption\":\"Sestogrado\"},\"image\":{\"@id\":\"https:\/\/www.sestogrado.it\/en\/#\/schema\/logo\/image\/\"},\"sameAs\":[\"https:\/\/www.facebook.com\/pages\/Sestogrado\/1542635979353017?ref=bookmarks\",\"https:\/\/www.youtube.com\/channel\/UC847kAfTkaJsWpc1jtQwr3Q\"],\"hasMerchantReturnPolicy\":{\"@type\":\"MerchantReturnPolicy\",\"merchantReturnLink\":\"https:\/\/www.sestogrado.it\/en\/termini-e-condizioni\/\"}}]}<\/script>\n<meta property=\"product:brand\" content=\"8b+\" \/>\n<meta property=\"product:price:amount\" content=\"28.90\" \/>\n<meta property=\"product:price:currency\" content=\"EUR\" \/>\n<meta property=\"og:availability\" content=\"out of stock\" \/>\n<meta property=\"product:availability\" content=\"out of stock\" \/>\n<meta property=\"product:condition\" content=\"new\" \/>\n<!-- \/ Yoast SEO plugin. -->","yoast_head_json":{"title":"8b+ 8BPLUS Sasha Chalkbag for climbing - Sestogrado","description":"Il sacchetto porta magnesite SASHA \u00e8 stato progettata da Sasha Di Giulian ed \u00e8 una collaborazione per rendere l'arrampicata pi\u00f9 divertente, equa e inclusiva. Come ha detto Sasha Di Giulian: \u201cSto creando un mostro basato su di me, SASHA. Voglio che sia un mostro che rappresenti la forza per le ragazze e i ragazzi e permetta loro di essere la migliore versione di se stessi\".Aiutaci a rendere l'arrampicata pi\u00f9 diversificata e inclusiva dando potere ai giovani svantaggiati!Con ogni acquisto sosterrai direttamente questo obiettivo. Il 50% del ricavato netto di SASHA sar\u00e0 devoluto a RIGHT TO PLAY, un'organizzazione benefica internazionale che lavora con i giovani svantaggiati di tutto il mondo. Right To Play sta trasformando la vita di 2,3 milioni di bambini ogni anno grazie al potere dello sport e del gioco!","robots":{"index":"index","follow":"follow","max-snippet":"max-snippet:-1","max-image-preview":"max-image-preview:large","max-video-preview":"max-video-preview:-1"},"canonical":"https:\/\/www.sestogrado.it\/en\/prodotto\/8b-8bplus-sasha-sacchetto-porta-magnesite-arrampicata\/","og_locale":"en_US","og_type":"article","og_title":"8b+ 8BPLUS Sasha Chalkbag for climbing - Sestogrado","og_description":"Il sacchetto porta magnesite SASHA \u00e8 stato progettata da Sasha Di Giulian ed \u00e8 una collaborazione per rendere l'arrampicata pi\u00f9 divertente, equa e inclusiva. Come ha detto Sasha Di Giulian: \u201cSto creando un mostro basato su di me, SASHA. Voglio che sia un mostro che rappresenti la forza per le ragazze e i ragazzi e permetta loro di essere la migliore versione di se stessi\".Aiutaci a rendere l'arrampicata pi\u00f9 diversificata e inclusiva dando potere ai giovani svantaggiati!Con ogni acquisto sosterrai direttamente questo obiettivo. Il 50% del ricavato netto di SASHA sar\u00e0 devoluto a RIGHT TO PLAY, un'organizzazione benefica internazionale che lavora con i giovani svantaggiati di tutto il mondo. Right To Play sta trasformando la vita di 2,3 milioni di bambini ogni anno grazie al potere dello sport e del gioco!","og_url":"https:\/\/www.sestogrado.it\/en\/prodotto\/8b-8bplus-sasha-sacchetto-porta-magnesite-arrampicata\/","og_site_name":"Sestogrado","article_publisher":"https:\/\/www.facebook.com\/pages\/Sestogrado\/1542635979353017?ref=bookmarks","article_modified_time":"2022-05-20T17:21:43+00:00","og_image":[{"width":1000,"height":1000,"url":"https:\/\/www.sestogrado.it\/wp-content\/uploads\/2021\/10\/01-4.jpg","type":"image\/jpeg"}],"twitter_misc":{"Price":"&euro;&nbsp;28,90","Availability":"Out of stock"},"schema":{"@context":"https:\/\/schema.org","@graph":[{"@type":"WebPage","@id":"https:\/\/www.sestogrado.it\/en\/prodotto\/8b-8bplus-sasha-sacchetto-porta-magnesite-arrampicata\/","url":"https:\/\/www.sestogrado.it\/en\/prodotto\/8b-8bplus-sasha-sacchetto-porta-magnesite-arrampicata\/","name":"8b+ 8BPLUS Sasha Chalkbag for climbing - Sestogrado","isPartOf":{"@id":"https:\/\/www.sestogrado.it\/en\/#website"},"primaryImageOfPage":{"@id":"https:\/\/www.sestogrado.it\/en\/prodotto\/8b-8bplus-sasha-sacchetto-porta-magnesite-arrampicata\/#primaryimage"},"image":{"@id":"https:\/\/www.sestogrado.it\/prodotto\/8b-8bplus-sasha-sacchetto-porta-magnesite-arrampicata\/#primaryimage"},"thumbnailUrl":"https:\/\/www.sestogrado.it\/wp-content\/uploads\/2021\/10\/01-4.jpg","datePublished":"2021-10-27T13:33:27+00:00","dateModified":"2022-05-20T17:21:43+00:00","description":"Il sacchetto porta magnesite SASHA \u00e8 stato progettata da Sasha Di Giulian ed \u00e8 una collaborazione per rendere l'arrampicata pi\u00f9 divertente, equa e inclusiva. Come ha detto Sasha Di Giulian: \u201cSto creando un mostro basato su di me, SASHA. Voglio che sia un mostro che rappresenti la forza per le ragazze e i ragazzi e permetta loro di essere la migliore versione di se stessi\".Aiutaci a rendere l'arrampicata pi\u00f9 diversificata e inclusiva dando potere ai giovani svantaggiati!Con ogni acquisto sosterrai direttamente questo obiettivo. Il 50% del ricavato netto di SASHA sar\u00e0 devoluto a RIGHT TO PLAY, un'organizzazione benefica internazionale che lavora con i giovani svantaggiati di tutto il mondo. Right To Play sta trasformando la vita di 2,3 milioni di bambini ogni anno grazie al potere dello sport e del gioco!","breadcrumb":{"@id":"https:\/\/www.sestogrado.it\/en\/prodotto\/8b-8bplus-sasha-sacchetto-porta-magnesite-arrampicata\/#breadcrumb"},"inLanguage":"en-US","potentialAction":[{"@type":"ReadAction","target":[["https:\/\/www.sestogrado.it\/en\/prodotto\/8b-8bplus-sasha-sacchetto-porta-magnesite-arrampicata\/"]]}]},{"@type":"ImageObject","inLanguage":"en-US","@id":"https:\/\/www.sestogrado.it\/en\/prodotto\/8b-8bplus-sasha-sacchetto-porta-magnesite-arrampicata\/#primaryimage","url":"https:\/\/www.sestogrado.it\/wp-content\/uploads\/2021\/10\/01-4.jpg","contentUrl":"https:\/\/www.sestogrado.it\/wp-content\/uploads\/2021\/10\/01-4.jpg","width":1000,"height":1000,"caption":"sasha"},{"@type":"BreadcrumbList","@id":"https:\/\/www.sestogrado.it\/en\/prodotto\/8b-8bplus-sasha-sacchetto-porta-magnesite-arrampicata\/#breadcrumb","itemListElement":[{"@type":"ListItem","position":1,"name":"Home","item":"https:\/\/www.sestogrado.it\/en\/"},{"@type":"ListItem","position":2,"name":"Shop","item":"https:\/\/www.sestogrado.it\/en\/shop\/"},{"@type":"ListItem","position":3,"name":"8b+ 8BPLUS Sasha sacchetto porta magnesite arrampicata"}]},{"@type":"WebSite","@id":"https:\/\/www.sestogrado.it\/en\/#website","url":"https:\/\/www.sestogrado.it\/en\/","name":"Sestogrado","description":"yes we climb","publisher":{"@id":"https:\/\/www.sestogrado.it\/en\/#organization"},"potentialAction":[{"@type":"SearchAction","target":{"@type":"EntryPoint","urlTemplate":"https:\/\/www.sestogrado.it\/en\/?s={search_term_string}"},"query-input":{"@type":"PropertyValueSpecification","valueRequired":true,"valueName":"search_term_string"}}],"inLanguage":"en-US"},{"@type":"Organization","@id":"https:\/\/www.sestogrado.it\/en\/#organization","name":"Sestogrado","url":"https:\/\/www.sestogrado.it\/en\/","logo":{"@type":"ImageObject","inLanguage":"en-US","@id":"https:\/\/www.sestogrado.it\/en\/#\/schema\/logo\/image\/","url":"https:\/\/www.sestogrado.it\/wp-content\/uploads\/2015\/03\/sestogrado-favicon.png","contentUrl":"https:\/\/www.sestogrado.it\/wp-content\/uploads\/2015\/03\/sestogrado-favicon.png","width":260,"height":260,"caption":"Sestogrado"},"image":{"@id":"https:\/\/www.sestogrado.it\/en\/#\/schema\/logo\/image\/"},"sameAs":["https:\/\/www.facebook.com\/pages\/Sestogrado\/1542635979353017?ref=bookmarks","https:\/\/www.youtube.com\/channel\/UC847kAfTkaJsWpc1jtQwr3Q"],"hasMerchantReturnPolicy":{"@type":"MerchantReturnPolicy","merchantReturnLink":"https:\/\/www.sestogrado.it\/en\/termini-e-condizioni\/"}}]},"product_brand":"8b+","product_price_amount":"28.90","product_price_currency":"EUR","og_availability":"out of stock","product_availability":"out of stock","product_condition":"new"},"_links":{"self":[{"href":"https:\/\/www.sestogrado.it\/en\/wp-json\/wp\/v2\/product\/83702","targetHints":{"allow":["GET"]}}],"collection":[{"href":"https:\/\/www.sestogrado.it\/en\/wp-json\/wp\/v2\/product"}],"about":[{"href":"https:\/\/www.sestogrado.it\/en\/wp-json\/wp\/v2\/types\/product"}],"replies":[{"embeddable":true,"href":"https:\/\/www.sestogrado.it\/en\/wp-json\/wp\/v2\/comments?post=83702"}],"wp:featuredmedia":[{"embeddable":true,"href":"https:\/\/www.sestogrado.it\/en\/wp-json\/wp\/v2\/media\/83703"}],"wp:attachment":[{"href":"https:\/\/www.sestogrado.it\/en\/wp-json\/wp\/v2\/media?parent=83702"}],"wp:term":[{"taxonomy":"product_brand","embeddable":true,"href":"https:\/\/www.sestogrado.it\/en\/wp-json\/wp\/v2\/product_brand?post=83702"},{"taxonomy":"product_cat","embeddable":true,"href":"https:\/\/www.sestogrado.it\/en\/wp-json\/wp\/v2\/product_cat?post=83702"},{"taxonomy":"product_tag","embeddable":true,"href":"https:\/\/www.sestogrado.it\/en\/wp-json\/wp\/v2\/product_tag?post=83702"}],"curies":[{"name":"wp","href":"https:\/\/api.w.org\/{rel}","templated":true}]}}