{"id":81757,"date":"2021-09-28T14:38:35","date_gmt":"2021-09-28T12:38:35","guid":{"rendered":"https:\/\/www.sestogrado.it\/?post_type=product&#038;p=81757"},"modified":"2026-03-23T07:46:44","modified_gmt":"2026-03-23T06:46:44","slug":"tsl-418-up-down-fit-grip-ciaspole-racchette-da-neve","status":"publish","type":"product","link":"https:\/\/www.sestogrado.it\/en\/prodotto\/tsl-418-up-down-fit-grip-ciaspole-racchette-da-neve\/","title":{"rendered":"TSL 418 Up &#038; Down Fit Grip ciaspole racchette da neve"},"content":{"rendered":"<p class=\"qtranxs-available-languages-message qtranxs-available-languages-message-en\">Sorry, this entry is only available in <a href=\"https:\/\/www.sestogrado.it\/it\/wp-json\/wp\/v2\/product\/81757\" class=\"qtranxs-available-language-link qtranxs-available-language-link-it\" title=\"Italiano\">Italiano<\/a>.<\/p>","protected":false},"excerpt":{"rendered":"<p>Sorry, this entry is only available in Italiano.<\/p>\n","protected":false},"featured_media":114111,"comment_status":"open","ping_status":"closed","template":"","meta":{"_acf_changed":false},"product_brand":[886],"product_cat":[711],"product_tag":[],"class_list":{"0":"post-81757","1":"product","2":"type-product","3":"status-publish","4":"has-post-thumbnail","6":"product_brand-tsl","7":"product_cat-ciaspole-e-ghette","9":"first","10":"outofstock","11":"sale","12":"taxable","13":"shipping-taxable","14":"purchasable","15":"product-type-simple"},"acf":[],"yoast_head":"<!-- This site is optimized with the Yoast SEO plugin v26.4 - https:\/\/yoast.com\/wordpress\/plugins\/seo\/ -->\n<title>TSL 418 Up &amp; Down Fit Grip ciaspole racchette da neve - Sestogrado<\/title>\n<meta name=\"description\" content=\"Le TSL 418 Up &amp; Down Fit Grip sono la versione da donna della versione 438, ideali per un utilizzatore con peso compreso tra 40 ed 80kg. L&#039;attacco frontale \u00e8 la pratica e comoda chiusura BOA fit system. Un meccanismo di serraggio che consente di ripartire la forza di chiusura uniformemente su tutto lo scarpone. Non ti chiederai pi\u00f9 con quali scarponi poter utilizzare le ciaspole, perch\u00e9 la risposta sar\u00e0 automatica: con tutti.\u2013 Un design 3d e una forma a clessidra. Queste due accortezze, combinate a due lunghi grip in acciaio inox sulla parte a diretto contatto con la neve, massimizzano il grip e la tenuta su qualsiasi tipo di terreno.\u2013 Due memorizzazioni fondamentali sulla parte della talloniera: la prima, lock adjustment, che serve per impostare la calzata della ciaspola (si imposta e mantiene la talloniera in posizione a seconda del proprio numero di scarponi) la seconda, sulla parte laterale del pad di comfort, opposta al cricchetto di serraggio, per mantenere in memoria lo spazio occupato dal volume degli scarponi. Non ti dovrai preoccupare ogni volta di regolarlo, ci perderai pochi minuti la prima volta e poi calzerai le tue ciaspole in pochi secondi in totale comfort.\u2013 Un alzatacco con tecnologia Up &amp; Down System, cio\u00e8 sopra e sotto: semplificando, un alzatacco di ferro nero si potr\u00e0 impostare su tre regolazioni per affrontare al meglio salite, discese e parti pianeggianti. In salita, il dispositivo brevettato da TSL consente di sollevare il tallone. In discesa, la parte posteriore dell&#039;attacco passa sotto l&#039;intelaiatura, in modo da mantenere il piede piatto ed evitando che il piede intoppi sulla parte anteriore dello scarpone.\" \/>\n<meta name=\"robots\" content=\"index, follow, max-snippet:-1, max-image-preview:large, max-video-preview:-1\" \/>\n<link rel=\"canonical\" href=\"https:\/\/www.sestogrado.it\/en\/prodotto\/tsl-418-up-down-fit-grip-ciaspole-racchette-da-neve\/\" \/>\n<meta property=\"og:locale\" content=\"en_US\" \/>\n<meta property=\"og:type\" content=\"article\" \/>\n<meta property=\"og:title\" content=\"TSL 418 Up &amp; Down Fit Grip ciaspole racchette da neve - Sestogrado\" \/>\n<meta property=\"og:description\" content=\"Le TSL 418 Up &amp; Down Fit Grip sono la versione da donna della versione 438, ideali per un utilizzatore con peso compreso tra 40 ed 80kg. L&#039;attacco frontale \u00e8 la pratica e comoda chiusura BOA fit system. Un meccanismo di serraggio che consente di ripartire la forza di chiusura uniformemente su tutto lo scarpone. Non ti chiederai pi\u00f9 con quali scarponi poter utilizzare le ciaspole, perch\u00e9 la risposta sar\u00e0 automatica: con tutti.\u2013 Un design 3d e una forma a clessidra. Queste due accortezze, combinate a due lunghi grip in acciaio inox sulla parte a diretto contatto con la neve, massimizzano il grip e la tenuta su qualsiasi tipo di terreno.\u2013 Due memorizzazioni fondamentali sulla parte della talloniera: la prima, lock adjustment, che serve per impostare la calzata della ciaspola (si imposta e mantiene la talloniera in posizione a seconda del proprio numero di scarponi) la seconda, sulla parte laterale del pad di comfort, opposta al cricchetto di serraggio, per mantenere in memoria lo spazio occupato dal volume degli scarponi. Non ti dovrai preoccupare ogni volta di regolarlo, ci perderai pochi minuti la prima volta e poi calzerai le tue ciaspole in pochi secondi in totale comfort.\u2013 Un alzatacco con tecnologia Up &amp; Down System, cio\u00e8 sopra e sotto: semplificando, un alzatacco di ferro nero si potr\u00e0 impostare su tre regolazioni per affrontare al meglio salite, discese e parti pianeggianti. In salita, il dispositivo brevettato da TSL consente di sollevare il tallone. In discesa, la parte posteriore dell&#039;attacco passa sotto l&#039;intelaiatura, in modo da mantenere il piede piatto ed evitando che il piede intoppi sulla parte anteriore dello scarpone.\" \/>\n<meta property=\"og:url\" content=\"https:\/\/www.sestogrado.it\/en\/prodotto\/tsl-418-up-down-fit-grip-ciaspole-racchette-da-neve\/\" \/>\n<meta property=\"og:site_name\" content=\"Sestogrado\" \/>\n<meta property=\"article:publisher\" content=\"https:\/\/www.facebook.com\/pages\/Sestogrado\/1542635979353017?ref=bookmarks\" \/>\n<meta property=\"article:modified_time\" content=\"2026-03-23T06:46:44+00:00\" \/>\n<meta property=\"og:image\" content=\"https:\/\/www.sestogrado.it\/wp-content\/uploads\/2021\/09\/02-9.jpg\" \/>\n\t<meta property=\"og:image:width\" content=\"1600\" \/>\n\t<meta property=\"og:image:height\" content=\"1600\" \/>\n\t<meta property=\"og:image:type\" content=\"image\/jpeg\" \/>\n<meta name=\"twitter:label1\" content=\"Price\" \/>\n\t<meta name=\"twitter:data1\" content=\"&euro;&nbsp;209,00\" \/>\n\t<meta name=\"twitter:label2\" content=\"Availability\" \/>\n\t<meta name=\"twitter:data2\" content=\"Out of stock\" \/>\n<script type=\"application\/ld+json\" class=\"yoast-schema-graph\">{\"@context\":\"https:\/\/schema.org\",\"@graph\":[{\"@type\":\"WebPage\",\"@id\":\"https:\/\/www.sestogrado.it\/en\/prodotto\/tsl-418-up-down-fit-grip-ciaspole-racchette-da-neve\/\",\"url\":\"https:\/\/www.sestogrado.it\/en\/prodotto\/tsl-418-up-down-fit-grip-ciaspole-racchette-da-neve\/\",\"name\":\"TSL 418 Up & Down Fit Grip ciaspole racchette da neve - Sestogrado\",\"isPartOf\":{\"@id\":\"https:\/\/www.sestogrado.it\/en\/#website\"},\"primaryImageOfPage\":{\"@id\":\"https:\/\/www.sestogrado.it\/en\/prodotto\/tsl-418-up-down-fit-grip-ciaspole-racchette-da-neve\/#primaryimage\"},\"image\":{\"@id\":\"https:\/\/www.sestogrado.it\/prodotto\/tsl-418-up-down-fit-grip-ciaspole-racchette-da-neve\/#primaryimage\"},\"thumbnailUrl\":\"https:\/\/www.sestogrado.it\/wp-content\/uploads\/2021\/09\/02-9.jpg\",\"datePublished\":\"2021-09-28T12:38:35+00:00\",\"dateModified\":\"2026-03-23T06:46:44+00:00\",\"description\":\"Le TSL 418 Up & Down Fit Grip sono la versione da donna della versione 438, ideali per un utilizzatore con peso compreso tra 40 ed 80kg. L'attacco frontale \u00e8 la pratica e comoda chiusura BOA fit system. Un meccanismo di serraggio che consente di ripartire la forza di chiusura uniformemente su tutto lo scarpone. Non ti chiederai pi\u00f9 con quali scarponi poter utilizzare le ciaspole, perch\u00e9 la risposta sar\u00e0 automatica: con tutti.\u2013 Un design 3d e una forma a clessidra. Queste due accortezze, combinate a due lunghi grip in acciaio inox sulla parte a diretto contatto con la neve, massimizzano il grip e la tenuta su qualsiasi tipo di terreno.\u2013 Due memorizzazioni fondamentali sulla parte della talloniera: la prima, lock adjustment, che serve per impostare la calzata della ciaspola (si imposta e mantiene la talloniera in posizione a seconda del proprio numero di scarponi) la seconda, sulla parte laterale del pad di comfort, opposta al cricchetto di serraggio, per mantenere in memoria lo spazio occupato dal volume degli scarponi. Non ti dovrai preoccupare ogni volta di regolarlo, ci perderai pochi minuti la prima volta e poi calzerai le tue ciaspole in pochi secondi in totale comfort.\u2013 Un alzatacco con tecnologia Up & Down System, cio\u00e8 sopra e sotto: semplificando, un alzatacco di ferro nero si potr\u00e0 impostare su tre regolazioni per affrontare al meglio salite, discese e parti pianeggianti. In salita, il dispositivo brevettato da TSL consente di sollevare il tallone. In discesa, la parte posteriore dell'attacco passa sotto l'intelaiatura, in modo da mantenere il piede piatto ed evitando che il piede intoppi sulla parte anteriore dello scarpone.\",\"breadcrumb\":{\"@id\":\"https:\/\/www.sestogrado.it\/en\/prodotto\/tsl-418-up-down-fit-grip-ciaspole-racchette-da-neve\/#breadcrumb\"},\"inLanguage\":\"en-US\",\"potentialAction\":[{\"@type\":\"ReadAction\",\"target\":[[\"https:\/\/www.sestogrado.it\/en\/prodotto\/tsl-418-up-down-fit-grip-ciaspole-racchette-da-neve\/\"]]}]},{\"@type\":\"ImageObject\",\"inLanguage\":\"en-US\",\"@id\":\"https:\/\/www.sestogrado.it\/en\/prodotto\/tsl-418-up-down-fit-grip-ciaspole-racchette-da-neve\/#primaryimage\",\"url\":\"https:\/\/www.sestogrado.it\/wp-content\/uploads\/2021\/09\/02-9.jpg\",\"contentUrl\":\"https:\/\/www.sestogrado.it\/wp-content\/uploads\/2021\/09\/02-9.jpg\",\"width\":1600,\"height\":1600,\"caption\":\"tsl 418\"},{\"@type\":\"BreadcrumbList\",\"@id\":\"https:\/\/www.sestogrado.it\/en\/prodotto\/tsl-418-up-down-fit-grip-ciaspole-racchette-da-neve\/#breadcrumb\",\"itemListElement\":[{\"@type\":\"ListItem\",\"position\":1,\"name\":\"Home\",\"item\":\"https:\/\/www.sestogrado.it\/en\/\"},{\"@type\":\"ListItem\",\"position\":2,\"name\":\"Shop\",\"item\":\"https:\/\/www.sestogrado.it\/en\/shop\/\"},{\"@type\":\"ListItem\",\"position\":3,\"name\":\"TSL 418 Up &#038; Down Fit Grip ciaspole racchette da neve\"}]},{\"@type\":\"WebSite\",\"@id\":\"https:\/\/www.sestogrado.it\/en\/#website\",\"url\":\"https:\/\/www.sestogrado.it\/en\/\",\"name\":\"Sestogrado\",\"description\":\"yes we climb\",\"publisher\":{\"@id\":\"https:\/\/www.sestogrado.it\/en\/#organization\"},\"potentialAction\":[{\"@type\":\"SearchAction\",\"target\":{\"@type\":\"EntryPoint\",\"urlTemplate\":\"https:\/\/www.sestogrado.it\/en\/?s={search_term_string}\"},\"query-input\":{\"@type\":\"PropertyValueSpecification\",\"valueRequired\":true,\"valueName\":\"search_term_string\"}}],\"inLanguage\":\"en-US\"},{\"@type\":\"Organization\",\"@id\":\"https:\/\/www.sestogrado.it\/en\/#organization\",\"name\":\"Sestogrado\",\"url\":\"https:\/\/www.sestogrado.it\/en\/\",\"logo\":{\"@type\":\"ImageObject\",\"inLanguage\":\"en-US\",\"@id\":\"https:\/\/www.sestogrado.it\/en\/#\/schema\/logo\/image\/\",\"url\":\"https:\/\/www.sestogrado.it\/wp-content\/uploads\/2015\/03\/sestogrado-favicon.png\",\"contentUrl\":\"https:\/\/www.sestogrado.it\/wp-content\/uploads\/2015\/03\/sestogrado-favicon.png\",\"width\":260,\"height\":260,\"caption\":\"Sestogrado\"},\"image\":{\"@id\":\"https:\/\/www.sestogrado.it\/en\/#\/schema\/logo\/image\/\"},\"sameAs\":[\"https:\/\/www.facebook.com\/pages\/Sestogrado\/1542635979353017?ref=bookmarks\",\"https:\/\/www.youtube.com\/channel\/UC847kAfTkaJsWpc1jtQwr3Q\"],\"hasMerchantReturnPolicy\":{\"@type\":\"MerchantReturnPolicy\",\"merchantReturnLink\":\"https:\/\/www.sestogrado.it\/en\/termini-e-condizioni\/\"}}]}<\/script>\n<meta property=\"product:brand\" content=\"TSL\" \/>\n<meta property=\"product:price:amount\" content=\"209.00\" \/>\n<meta property=\"product:price:currency\" content=\"EUR\" \/>\n<meta property=\"og:availability\" content=\"out of stock\" \/>\n<meta property=\"product:availability\" content=\"out of stock\" \/>\n<meta property=\"product:condition\" content=\"new\" \/>\n<!-- \/ Yoast SEO plugin. -->","yoast_head_json":{"title":"TSL 418 Up & Down Fit Grip ciaspole racchette da neve - Sestogrado","description":"Le TSL 418 Up & Down Fit Grip sono la versione da donna della versione 438, ideali per un utilizzatore con peso compreso tra 40 ed 80kg. L'attacco frontale \u00e8 la pratica e comoda chiusura BOA fit system. Un meccanismo di serraggio che consente di ripartire la forza di chiusura uniformemente su tutto lo scarpone. Non ti chiederai pi\u00f9 con quali scarponi poter utilizzare le ciaspole, perch\u00e9 la risposta sar\u00e0 automatica: con tutti.\u2013 Un design 3d e una forma a clessidra. Queste due accortezze, combinate a due lunghi grip in acciaio inox sulla parte a diretto contatto con la neve, massimizzano il grip e la tenuta su qualsiasi tipo di terreno.\u2013 Due memorizzazioni fondamentali sulla parte della talloniera: la prima, lock adjustment, che serve per impostare la calzata della ciaspola (si imposta e mantiene la talloniera in posizione a seconda del proprio numero di scarponi) la seconda, sulla parte laterale del pad di comfort, opposta al cricchetto di serraggio, per mantenere in memoria lo spazio occupato dal volume degli scarponi. Non ti dovrai preoccupare ogni volta di regolarlo, ci perderai pochi minuti la prima volta e poi calzerai le tue ciaspole in pochi secondi in totale comfort.\u2013 Un alzatacco con tecnologia Up & Down System, cio\u00e8 sopra e sotto: semplificando, un alzatacco di ferro nero si potr\u00e0 impostare su tre regolazioni per affrontare al meglio salite, discese e parti pianeggianti. In salita, il dispositivo brevettato da TSL consente di sollevare il tallone. In discesa, la parte posteriore dell'attacco passa sotto l'intelaiatura, in modo da mantenere il piede piatto ed evitando che il piede intoppi sulla parte anteriore dello scarpone.","robots":{"index":"index","follow":"follow","max-snippet":"max-snippet:-1","max-image-preview":"max-image-preview:large","max-video-preview":"max-video-preview:-1"},"canonical":"https:\/\/www.sestogrado.it\/en\/prodotto\/tsl-418-up-down-fit-grip-ciaspole-racchette-da-neve\/","og_locale":"en_US","og_type":"article","og_title":"TSL 418 Up & Down Fit Grip ciaspole racchette da neve - Sestogrado","og_description":"Le TSL 418 Up & Down Fit Grip sono la versione da donna della versione 438, ideali per un utilizzatore con peso compreso tra 40 ed 80kg. L'attacco frontale \u00e8 la pratica e comoda chiusura BOA fit system. Un meccanismo di serraggio che consente di ripartire la forza di chiusura uniformemente su tutto lo scarpone. Non ti chiederai pi\u00f9 con quali scarponi poter utilizzare le ciaspole, perch\u00e9 la risposta sar\u00e0 automatica: con tutti.\u2013 Un design 3d e una forma a clessidra. Queste due accortezze, combinate a due lunghi grip in acciaio inox sulla parte a diretto contatto con la neve, massimizzano il grip e la tenuta su qualsiasi tipo di terreno.\u2013 Due memorizzazioni fondamentali sulla parte della talloniera: la prima, lock adjustment, che serve per impostare la calzata della ciaspola (si imposta e mantiene la talloniera in posizione a seconda del proprio numero di scarponi) la seconda, sulla parte laterale del pad di comfort, opposta al cricchetto di serraggio, per mantenere in memoria lo spazio occupato dal volume degli scarponi. Non ti dovrai preoccupare ogni volta di regolarlo, ci perderai pochi minuti la prima volta e poi calzerai le tue ciaspole in pochi secondi in totale comfort.\u2013 Un alzatacco con tecnologia Up & Down System, cio\u00e8 sopra e sotto: semplificando, un alzatacco di ferro nero si potr\u00e0 impostare su tre regolazioni per affrontare al meglio salite, discese e parti pianeggianti. In salita, il dispositivo brevettato da TSL consente di sollevare il tallone. In discesa, la parte posteriore dell'attacco passa sotto l'intelaiatura, in modo da mantenere il piede piatto ed evitando che il piede intoppi sulla parte anteriore dello scarpone.","og_url":"https:\/\/www.sestogrado.it\/en\/prodotto\/tsl-418-up-down-fit-grip-ciaspole-racchette-da-neve\/","og_site_name":"Sestogrado","article_publisher":"https:\/\/www.facebook.com\/pages\/Sestogrado\/1542635979353017?ref=bookmarks","article_modified_time":"2026-03-23T06:46:44+00:00","og_image":[{"width":1600,"height":1600,"url":"https:\/\/www.sestogrado.it\/wp-content\/uploads\/2021\/09\/02-9.jpg","type":"image\/jpeg"}],"twitter_misc":{"Price":"&euro;&nbsp;209,00","Availability":"Out of stock"},"schema":{"@context":"https:\/\/schema.org","@graph":[{"@type":"WebPage","@id":"https:\/\/www.sestogrado.it\/en\/prodotto\/tsl-418-up-down-fit-grip-ciaspole-racchette-da-neve\/","url":"https:\/\/www.sestogrado.it\/en\/prodotto\/tsl-418-up-down-fit-grip-ciaspole-racchette-da-neve\/","name":"TSL 418 Up & Down Fit Grip ciaspole racchette da neve - Sestogrado","isPartOf":{"@id":"https:\/\/www.sestogrado.it\/en\/#website"},"primaryImageOfPage":{"@id":"https:\/\/www.sestogrado.it\/en\/prodotto\/tsl-418-up-down-fit-grip-ciaspole-racchette-da-neve\/#primaryimage"},"image":{"@id":"https:\/\/www.sestogrado.it\/prodotto\/tsl-418-up-down-fit-grip-ciaspole-racchette-da-neve\/#primaryimage"},"thumbnailUrl":"https:\/\/www.sestogrado.it\/wp-content\/uploads\/2021\/09\/02-9.jpg","datePublished":"2021-09-28T12:38:35+00:00","dateModified":"2026-03-23T06:46:44+00:00","description":"Le TSL 418 Up & Down Fit Grip sono la versione da donna della versione 438, ideali per un utilizzatore con peso compreso tra 40 ed 80kg. L'attacco frontale \u00e8 la pratica e comoda chiusura BOA fit system. Un meccanismo di serraggio che consente di ripartire la forza di chiusura uniformemente su tutto lo scarpone. Non ti chiederai pi\u00f9 con quali scarponi poter utilizzare le ciaspole, perch\u00e9 la risposta sar\u00e0 automatica: con tutti.\u2013 Un design 3d e una forma a clessidra. Queste due accortezze, combinate a due lunghi grip in acciaio inox sulla parte a diretto contatto con la neve, massimizzano il grip e la tenuta su qualsiasi tipo di terreno.\u2013 Due memorizzazioni fondamentali sulla parte della talloniera: la prima, lock adjustment, che serve per impostare la calzata della ciaspola (si imposta e mantiene la talloniera in posizione a seconda del proprio numero di scarponi) la seconda, sulla parte laterale del pad di comfort, opposta al cricchetto di serraggio, per mantenere in memoria lo spazio occupato dal volume degli scarponi. Non ti dovrai preoccupare ogni volta di regolarlo, ci perderai pochi minuti la prima volta e poi calzerai le tue ciaspole in pochi secondi in totale comfort.\u2013 Un alzatacco con tecnologia Up & Down System, cio\u00e8 sopra e sotto: semplificando, un alzatacco di ferro nero si potr\u00e0 impostare su tre regolazioni per affrontare al meglio salite, discese e parti pianeggianti. In salita, il dispositivo brevettato da TSL consente di sollevare il tallone. In discesa, la parte posteriore dell'attacco passa sotto l'intelaiatura, in modo da mantenere il piede piatto ed evitando che il piede intoppi sulla parte anteriore dello scarpone.","breadcrumb":{"@id":"https:\/\/www.sestogrado.it\/en\/prodotto\/tsl-418-up-down-fit-grip-ciaspole-racchette-da-neve\/#breadcrumb"},"inLanguage":"en-US","potentialAction":[{"@type":"ReadAction","target":[["https:\/\/www.sestogrado.it\/en\/prodotto\/tsl-418-up-down-fit-grip-ciaspole-racchette-da-neve\/"]]}]},{"@type":"ImageObject","inLanguage":"en-US","@id":"https:\/\/www.sestogrado.it\/en\/prodotto\/tsl-418-up-down-fit-grip-ciaspole-racchette-da-neve\/#primaryimage","url":"https:\/\/www.sestogrado.it\/wp-content\/uploads\/2021\/09\/02-9.jpg","contentUrl":"https:\/\/www.sestogrado.it\/wp-content\/uploads\/2021\/09\/02-9.jpg","width":1600,"height":1600,"caption":"tsl 418"},{"@type":"BreadcrumbList","@id":"https:\/\/www.sestogrado.it\/en\/prodotto\/tsl-418-up-down-fit-grip-ciaspole-racchette-da-neve\/#breadcrumb","itemListElement":[{"@type":"ListItem","position":1,"name":"Home","item":"https:\/\/www.sestogrado.it\/en\/"},{"@type":"ListItem","position":2,"name":"Shop","item":"https:\/\/www.sestogrado.it\/en\/shop\/"},{"@type":"ListItem","position":3,"name":"TSL 418 Up &#038; Down Fit Grip ciaspole racchette da neve"}]},{"@type":"WebSite","@id":"https:\/\/www.sestogrado.it\/en\/#website","url":"https:\/\/www.sestogrado.it\/en\/","name":"Sestogrado","description":"yes we climb","publisher":{"@id":"https:\/\/www.sestogrado.it\/en\/#organization"},"potentialAction":[{"@type":"SearchAction","target":{"@type":"EntryPoint","urlTemplate":"https:\/\/www.sestogrado.it\/en\/?s={search_term_string}"},"query-input":{"@type":"PropertyValueSpecification","valueRequired":true,"valueName":"search_term_string"}}],"inLanguage":"en-US"},{"@type":"Organization","@id":"https:\/\/www.sestogrado.it\/en\/#organization","name":"Sestogrado","url":"https:\/\/www.sestogrado.it\/en\/","logo":{"@type":"ImageObject","inLanguage":"en-US","@id":"https:\/\/www.sestogrado.it\/en\/#\/schema\/logo\/image\/","url":"https:\/\/www.sestogrado.it\/wp-content\/uploads\/2015\/03\/sestogrado-favicon.png","contentUrl":"https:\/\/www.sestogrado.it\/wp-content\/uploads\/2015\/03\/sestogrado-favicon.png","width":260,"height":260,"caption":"Sestogrado"},"image":{"@id":"https:\/\/www.sestogrado.it\/en\/#\/schema\/logo\/image\/"},"sameAs":["https:\/\/www.facebook.com\/pages\/Sestogrado\/1542635979353017?ref=bookmarks","https:\/\/www.youtube.com\/channel\/UC847kAfTkaJsWpc1jtQwr3Q"],"hasMerchantReturnPolicy":{"@type":"MerchantReturnPolicy","merchantReturnLink":"https:\/\/www.sestogrado.it\/en\/termini-e-condizioni\/"}}]},"product_brand":"TSL","product_price_amount":"209.00","product_price_currency":"EUR","og_availability":"out of stock","product_availability":"out of stock","product_condition":"new"},"_links":{"self":[{"href":"https:\/\/www.sestogrado.it\/en\/wp-json\/wp\/v2\/product\/81757","targetHints":{"allow":["GET"]}}],"collection":[{"href":"https:\/\/www.sestogrado.it\/en\/wp-json\/wp\/v2\/product"}],"about":[{"href":"https:\/\/www.sestogrado.it\/en\/wp-json\/wp\/v2\/types\/product"}],"replies":[{"embeddable":true,"href":"https:\/\/www.sestogrado.it\/en\/wp-json\/wp\/v2\/comments?post=81757"}],"wp:featuredmedia":[{"embeddable":true,"href":"https:\/\/www.sestogrado.it\/en\/wp-json\/wp\/v2\/media\/114111"}],"wp:attachment":[{"href":"https:\/\/www.sestogrado.it\/en\/wp-json\/wp\/v2\/media?parent=81757"}],"wp:term":[{"taxonomy":"product_brand","embeddable":true,"href":"https:\/\/www.sestogrado.it\/en\/wp-json\/wp\/v2\/product_brand?post=81757"},{"taxonomy":"product_cat","embeddable":true,"href":"https:\/\/www.sestogrado.it\/en\/wp-json\/wp\/v2\/product_cat?post=81757"},{"taxonomy":"product_tag","embeddable":true,"href":"https:\/\/www.sestogrado.it\/en\/wp-json\/wp\/v2\/product_tag?post=81757"}],"curies":[{"name":"wp","href":"https:\/\/api.w.org\/{rel}","templated":true}]}}