{"id":8074,"date":"2021-09-13T18:08:48","date_gmt":"2021-09-13T16:08:48","guid":{"rendered":"http:\/\/www.sestogrado.it\/?post_type=product&#038;p=8074"},"modified":"2026-04-23T23:23:09","modified_gmt":"2026-04-23T21:23:09","slug":"beal-dynaloop-anello-cordino-precucito-dinamico","status":"publish","type":"product","link":"https:\/\/www.sestogrado.it\/en\/prodotto\/beal-dynaloop-anello-cordino-precucito-dinamico\/","title":{"rendered":"Beal Dynaloop anello di cordino precucito dinamico"},"content":{"rendered":"<p>Il Beal Dynaloop \u00e8 un anello in corda dinamica da 8,3mm utilizzabile per\u00a0longe e soste, disponibile in due lunghezze: 60 e 120cm.<\/p>\n<p>La caratteristica del Dynaloop \u00e8 che essendo dinamico, pu\u00f2 essere utilizzato in tutte le\u00a0situazioni dove \u00e8 meglio non stressare la catena di assicurazione. Utilizzato come longe ha una forza di arresto\u00a0di soli 6,6kN a fattore 1 ed \u00e8 omologato per pi\u00f9 di 20 voli, caratteristica eccezionale rispetto ai cordini tradizionali o alle fettucce che sono pi\u00f9 statiche (eccezione il <a href=\"https:\/\/www.sestogrado.it\/prodotto\/prusik-7mm-cordino-anima-dinamica\/\" target=\"_blank\" rel=\"noopener noreferrer\">Prusik7mm<\/a>).<\/p>\n<p>Inoltre, rispetto alle fettucce, l&#8217;anima della corda \u00e8 protetta dai raggi UV e dagli sfregamenti contro la roccia.<\/p>\n<p>I principali campi di utilizzo:<\/p>\n<ul>\n<li>realizzazione di una longe<\/li>\n<li>realizzazione di una triangolazione in sosta<\/li>\n<li>allungamento delle protezioni<\/li>\n<\/ul>\n<p>Caratteristiche:<\/p>\n<ul>\n<li>corda dinamica<\/li>\n<li>cucitura protetta da calza<\/li>\n<li>Resistenza 22kN<\/li>\n<\/ul>\n<p>In caso di voli dalla sosta, voli sulle protezioni veloci,\u00a0Beal Dynaloop fornisce garanzia e sicurezza extra a tutta la catena di assicurazione.<\/p>\n<p><img decoding=\"async\" class=\"alignleft size-full wp-image-11815\" src=\"https:\/\/www.sestogrado.it\/wp-content\/uploads\/2016\/09\/Dynaloop60_1-1.jpg\" alt=\"beal dynaloop\" width=\"1000\" height=\"817\" srcset=\"https:\/\/www.sestogrado.it\/wp-content\/uploads\/2016\/09\/Dynaloop60_1-1.jpg 1000w, https:\/\/www.sestogrado.it\/wp-content\/uploads\/2016\/09\/Dynaloop60_1-1-750x613.jpg 750w, https:\/\/www.sestogrado.it\/wp-content\/uploads\/2016\/09\/Dynaloop60_1-1-300x245.jpg 300w, https:\/\/www.sestogrado.it\/wp-content\/uploads\/2016\/09\/Dynaloop60_1-1-768x627.jpg 768w, https:\/\/www.sestogrado.it\/wp-content\/uploads\/2016\/09\/Dynaloop60_1-1-635x519.jpg 635w, https:\/\/www.sestogrado.it\/wp-content\/uploads\/2016\/09\/Dynaloop60_1-1-78x64.jpg 78w\" sizes=\"(max-width: 1000px) 100vw, 1000px\" \/> <img decoding=\"async\" class=\"alignleft size-full wp-image-11816\" src=\"https:\/\/www.sestogrado.it\/wp-content\/uploads\/2016\/09\/Dynaloop120.jpg\" alt=\"beal dynaloop\" width=\"1000\" height=\"677\" srcset=\"https:\/\/www.sestogrado.it\/wp-content\/uploads\/2016\/09\/Dynaloop120.jpg 1000w, https:\/\/www.sestogrado.it\/wp-content\/uploads\/2016\/09\/Dynaloop120-750x508.jpg 750w, https:\/\/www.sestogrado.it\/wp-content\/uploads\/2016\/09\/Dynaloop120-300x203.jpg 300w, https:\/\/www.sestogrado.it\/wp-content\/uploads\/2016\/09\/Dynaloop120-768x520.jpg 768w, https:\/\/www.sestogrado.it\/wp-content\/uploads\/2016\/09\/Dynaloop120-635x430.jpg 635w, https:\/\/www.sestogrado.it\/wp-content\/uploads\/2016\/09\/Dynaloop120-95x64.jpg 95w\" sizes=\"(max-width: 1000px) 100vw, 1000px\" \/> <img decoding=\"async\" class=\"alignleft size-full wp-image-11817\" src=\"https:\/\/www.sestogrado.it\/wp-content\/uploads\/2016\/09\/Dynaloop150.jpg\" alt=\"beal dynaloop\" width=\"1000\" height=\"459\" srcset=\"https:\/\/www.sestogrado.it\/wp-content\/uploads\/2016\/09\/Dynaloop150.jpg 1000w, https:\/\/www.sestogrado.it\/wp-content\/uploads\/2016\/09\/Dynaloop150-750x344.jpg 750w, https:\/\/www.sestogrado.it\/wp-content\/uploads\/2016\/09\/Dynaloop150-300x138.jpg 300w, https:\/\/www.sestogrado.it\/wp-content\/uploads\/2016\/09\/Dynaloop150-768x353.jpg 768w, https:\/\/www.sestogrado.it\/wp-content\/uploads\/2016\/09\/Dynaloop150-635x291.jpg 635w, https:\/\/www.sestogrado.it\/wp-content\/uploads\/2016\/09\/Dynaloop150-139x64.jpg 139w\" sizes=\"(max-width: 1000px) 100vw, 1000px\" \/><\/p>\n<p>&nbsp;<\/p>\n<p>&nbsp;<\/p>\n<p>&nbsp;<\/p>\n","protected":false},"excerpt":{"rendered":"<p>Il Beal Dynaloop \u00e8 un anello in corda dinamica da 8,3mm utilizzabile per\u00a0longe e soste, disponibile in due lunghezze: 60 [&hellip;]<\/p>\n","protected":false},"featured_media":11814,"comment_status":"open","ping_status":"closed","template":"","meta":{"_acf_changed":false},"product_brand":[84],"product_cat":[137],"product_tag":[452],"class_list":{"0":"post-8074","1":"product","2":"type-product","3":"status-publish","4":"has-post-thumbnail","6":"product_brand-beal","7":"product_cat-fettucce-e-cordini","8":"product_tag-anello-corda-dinamica","10":"first","11":"instock","12":"sale","13":"taxable","14":"shipping-taxable","15":"purchasable","16":"product-type-variable"},"acf":[],"yoast_head":"<!-- This site is optimized with the Yoast SEO plugin v26.4 - https:\/\/yoast.com\/wordpress\/plugins\/seo\/ -->\n<title>Beal Dynaloop anello di cordino precucito dinamico - Sestogrado<\/title>\n<meta name=\"description\" content=\"Il Beal Dynaloop \u00e8 un anello in corda dinamica da 8,3mm utilizzabile per longe e soste. Anello di corda precucito ideale per realizzazione longe. La caratteristica del Dynaloop \u00e8 che essendo dinamico, pu\u00f2 essere utilizzato in tutte le\u00a0situazioni dove \u00e8 meglio non stressare la catena di assicurazione.\" \/>\n<meta name=\"robots\" content=\"index, follow, max-snippet:-1, max-image-preview:large, max-video-preview:-1\" \/>\n<link rel=\"canonical\" href=\"https:\/\/www.sestogrado.it\/en\/prodotto\/beal-dynaloop-anello-cordino-precucito-dinamico\/\" \/>\n<meta property=\"og:locale\" content=\"en_US\" \/>\n<meta property=\"og:type\" content=\"article\" \/>\n<meta property=\"og:title\" content=\"Beal Dynaloop anello di cordino precucito dinamico - Sestogrado\" \/>\n<meta property=\"og:description\" content=\"Il Beal Dynaloop \u00e8 un anello in corda dinamica da 8,3mm utilizzabile per longe e soste. Anello di corda precucito ideale per realizzazione longe. La caratteristica del Dynaloop \u00e8 che essendo dinamico, pu\u00f2 essere utilizzato in tutte le\u00a0situazioni dove \u00e8 meglio non stressare la catena di assicurazione.\" \/>\n<meta property=\"og:url\" content=\"https:\/\/www.sestogrado.it\/en\/prodotto\/beal-dynaloop-anello-cordino-precucito-dinamico\/\" \/>\n<meta property=\"og:site_name\" content=\"Sestogrado\" \/>\n<meta property=\"article:publisher\" content=\"https:\/\/www.facebook.com\/pages\/Sestogrado\/1542635979353017?ref=bookmarks\" \/>\n<meta property=\"article:modified_time\" content=\"2026-04-23T21:23:09+00:00\" \/>\n<meta property=\"og:image\" content=\"https:\/\/www.sestogrado.it\/wp-content\/uploads\/2016\/09\/01bis-2.jpg\" \/>\n\t<meta property=\"og:image:width\" content=\"600\" \/>\n\t<meta property=\"og:image:height\" content=\"800\" \/>\n\t<meta property=\"og:image:type\" content=\"image\/jpeg\" \/>\n<meta name=\"twitter:label1\" content=\"Availability\" \/>\n\t<meta name=\"twitter:data1\" content=\"In stock\" \/>\n<script type=\"application\/ld+json\" class=\"yoast-schema-graph\">{\"@context\":\"https:\/\/schema.org\",\"@graph\":[{\"@type\":\"WebPage\",\"@id\":\"https:\/\/www.sestogrado.it\/en\/prodotto\/beal-dynaloop-anello-cordino-precucito-dinamico\/\",\"url\":\"https:\/\/www.sestogrado.it\/en\/prodotto\/beal-dynaloop-anello-cordino-precucito-dinamico\/\",\"name\":\"Beal Dynaloop anello di cordino precucito dinamico - Sestogrado\",\"isPartOf\":{\"@id\":\"https:\/\/www.sestogrado.it\/en\/#website\"},\"primaryImageOfPage\":{\"@id\":\"https:\/\/www.sestogrado.it\/en\/prodotto\/beal-dynaloop-anello-cordino-precucito-dinamico\/#primaryimage\"},\"image\":{\"@id\":\"https:\/\/www.sestogrado.it\/prodotto\/beal-dynaloop-anello-cordino-precucito-dinamico\/#primaryimage\"},\"thumbnailUrl\":\"https:\/\/www.sestogrado.it\/wp-content\/uploads\/2016\/09\/01bis-2.jpg\",\"datePublished\":\"2021-09-13T16:08:48+00:00\",\"dateModified\":\"2026-04-23T21:23:09+00:00\",\"description\":\"Il Beal Dynaloop \u00e8 un anello in corda dinamica da 8,3mm utilizzabile per longe e soste. Anello di corda precucito ideale per realizzazione longe. La caratteristica del Dynaloop \u00e8 che essendo dinamico, pu\u00f2 essere utilizzato in tutte le\u00a0situazioni dove \u00e8 meglio non stressare la catena di assicurazione.\",\"breadcrumb\":{\"@id\":\"https:\/\/www.sestogrado.it\/en\/prodotto\/beal-dynaloop-anello-cordino-precucito-dinamico\/#breadcrumb\"},\"inLanguage\":\"en-US\",\"potentialAction\":[{\"@type\":\"ReadAction\",\"target\":[[\"https:\/\/www.sestogrado.it\/en\/prodotto\/beal-dynaloop-anello-cordino-precucito-dinamico\/\"]]}]},{\"@type\":\"ImageObject\",\"inLanguage\":\"en-US\",\"@id\":\"https:\/\/www.sestogrado.it\/en\/prodotto\/beal-dynaloop-anello-cordino-precucito-dinamico\/#primaryimage\",\"url\":\"https:\/\/www.sestogrado.it\/wp-content\/uploads\/2016\/09\/01bis-2.jpg\",\"contentUrl\":\"https:\/\/www.sestogrado.it\/wp-content\/uploads\/2016\/09\/01bis-2.jpg\",\"width\":600,\"height\":800,\"caption\":\"beal dynaloop\"},{\"@type\":\"BreadcrumbList\",\"@id\":\"https:\/\/www.sestogrado.it\/en\/prodotto\/beal-dynaloop-anello-cordino-precucito-dinamico\/#breadcrumb\",\"itemListElement\":[{\"@type\":\"ListItem\",\"position\":1,\"name\":\"Home\",\"item\":\"https:\/\/www.sestogrado.it\/en\/\"},{\"@type\":\"ListItem\",\"position\":2,\"name\":\"Shop\",\"item\":\"https:\/\/www.sestogrado.it\/en\/shop\/\"},{\"@type\":\"ListItem\",\"position\":3,\"name\":\"Beal Dynaloop anello di cordino precucito dinamico\"}]},{\"@type\":\"WebSite\",\"@id\":\"https:\/\/www.sestogrado.it\/en\/#website\",\"url\":\"https:\/\/www.sestogrado.it\/en\/\",\"name\":\"Sestogrado\",\"description\":\"yes we climb\",\"publisher\":{\"@id\":\"https:\/\/www.sestogrado.it\/en\/#organization\"},\"potentialAction\":[{\"@type\":\"SearchAction\",\"target\":{\"@type\":\"EntryPoint\",\"urlTemplate\":\"https:\/\/www.sestogrado.it\/en\/?s={search_term_string}\"},\"query-input\":{\"@type\":\"PropertyValueSpecification\",\"valueRequired\":true,\"valueName\":\"search_term_string\"}}],\"inLanguage\":\"en-US\"},{\"@type\":\"Organization\",\"@id\":\"https:\/\/www.sestogrado.it\/en\/#organization\",\"name\":\"Sestogrado\",\"url\":\"https:\/\/www.sestogrado.it\/en\/\",\"logo\":{\"@type\":\"ImageObject\",\"inLanguage\":\"en-US\",\"@id\":\"https:\/\/www.sestogrado.it\/en\/#\/schema\/logo\/image\/\",\"url\":\"https:\/\/www.sestogrado.it\/wp-content\/uploads\/2015\/03\/sestogrado-favicon.png\",\"contentUrl\":\"https:\/\/www.sestogrado.it\/wp-content\/uploads\/2015\/03\/sestogrado-favicon.png\",\"width\":260,\"height\":260,\"caption\":\"Sestogrado\"},\"image\":{\"@id\":\"https:\/\/www.sestogrado.it\/en\/#\/schema\/logo\/image\/\"},\"sameAs\":[\"https:\/\/www.facebook.com\/pages\/Sestogrado\/1542635979353017?ref=bookmarks\",\"https:\/\/www.youtube.com\/channel\/UC847kAfTkaJsWpc1jtQwr3Q\"],\"hasMerchantReturnPolicy\":{\"@type\":\"MerchantReturnPolicy\",\"merchantReturnLink\":\"https:\/\/www.sestogrado.it\/en\/termini-e-condizioni\/\"}}]}<\/script>\n<meta property=\"product:brand\" content=\"Beal\" \/>\n<meta property=\"og:availability\" content=\"instock\" \/>\n<meta property=\"product:availability\" content=\"instock\" \/>\n<meta property=\"product:condition\" content=\"new\" \/>\n<!-- \/ Yoast SEO plugin. -->","yoast_head_json":{"title":"Beal Dynaloop anello di cordino precucito dinamico - Sestogrado","description":"Il Beal Dynaloop \u00e8 un anello in corda dinamica da 8,3mm utilizzabile per longe e soste. Anello di corda precucito ideale per realizzazione longe. La caratteristica del Dynaloop \u00e8 che essendo dinamico, pu\u00f2 essere utilizzato in tutte le\u00a0situazioni dove \u00e8 meglio non stressare la catena di assicurazione.","robots":{"index":"index","follow":"follow","max-snippet":"max-snippet:-1","max-image-preview":"max-image-preview:large","max-video-preview":"max-video-preview:-1"},"canonical":"https:\/\/www.sestogrado.it\/en\/prodotto\/beal-dynaloop-anello-cordino-precucito-dinamico\/","og_locale":"en_US","og_type":"article","og_title":"Beal Dynaloop anello di cordino precucito dinamico - Sestogrado","og_description":"Il Beal Dynaloop \u00e8 un anello in corda dinamica da 8,3mm utilizzabile per longe e soste. Anello di corda precucito ideale per realizzazione longe. La caratteristica del Dynaloop \u00e8 che essendo dinamico, pu\u00f2 essere utilizzato in tutte le\u00a0situazioni dove \u00e8 meglio non stressare la catena di assicurazione.","og_url":"https:\/\/www.sestogrado.it\/en\/prodotto\/beal-dynaloop-anello-cordino-precucito-dinamico\/","og_site_name":"Sestogrado","article_publisher":"https:\/\/www.facebook.com\/pages\/Sestogrado\/1542635979353017?ref=bookmarks","article_modified_time":"2026-04-23T21:23:09+00:00","og_image":[{"width":600,"height":800,"url":"https:\/\/www.sestogrado.it\/wp-content\/uploads\/2016\/09\/01bis-2.jpg","type":"image\/jpeg"}],"twitter_misc":{"Availability":"In stock"},"schema":{"@context":"https:\/\/schema.org","@graph":[{"@type":"WebPage","@id":"https:\/\/www.sestogrado.it\/en\/prodotto\/beal-dynaloop-anello-cordino-precucito-dinamico\/","url":"https:\/\/www.sestogrado.it\/en\/prodotto\/beal-dynaloop-anello-cordino-precucito-dinamico\/","name":"Beal Dynaloop anello di cordino precucito dinamico - Sestogrado","isPartOf":{"@id":"https:\/\/www.sestogrado.it\/en\/#website"},"primaryImageOfPage":{"@id":"https:\/\/www.sestogrado.it\/en\/prodotto\/beal-dynaloop-anello-cordino-precucito-dinamico\/#primaryimage"},"image":{"@id":"https:\/\/www.sestogrado.it\/prodotto\/beal-dynaloop-anello-cordino-precucito-dinamico\/#primaryimage"},"thumbnailUrl":"https:\/\/www.sestogrado.it\/wp-content\/uploads\/2016\/09\/01bis-2.jpg","datePublished":"2021-09-13T16:08:48+00:00","dateModified":"2026-04-23T21:23:09+00:00","description":"Il Beal Dynaloop \u00e8 un anello in corda dinamica da 8,3mm utilizzabile per longe e soste. Anello di corda precucito ideale per realizzazione longe. La caratteristica del Dynaloop \u00e8 che essendo dinamico, pu\u00f2 essere utilizzato in tutte le\u00a0situazioni dove \u00e8 meglio non stressare la catena di assicurazione.","breadcrumb":{"@id":"https:\/\/www.sestogrado.it\/en\/prodotto\/beal-dynaloop-anello-cordino-precucito-dinamico\/#breadcrumb"},"inLanguage":"en-US","potentialAction":[{"@type":"ReadAction","target":[["https:\/\/www.sestogrado.it\/en\/prodotto\/beal-dynaloop-anello-cordino-precucito-dinamico\/"]]}]},{"@type":"ImageObject","inLanguage":"en-US","@id":"https:\/\/www.sestogrado.it\/en\/prodotto\/beal-dynaloop-anello-cordino-precucito-dinamico\/#primaryimage","url":"https:\/\/www.sestogrado.it\/wp-content\/uploads\/2016\/09\/01bis-2.jpg","contentUrl":"https:\/\/www.sestogrado.it\/wp-content\/uploads\/2016\/09\/01bis-2.jpg","width":600,"height":800,"caption":"beal dynaloop"},{"@type":"BreadcrumbList","@id":"https:\/\/www.sestogrado.it\/en\/prodotto\/beal-dynaloop-anello-cordino-precucito-dinamico\/#breadcrumb","itemListElement":[{"@type":"ListItem","position":1,"name":"Home","item":"https:\/\/www.sestogrado.it\/en\/"},{"@type":"ListItem","position":2,"name":"Shop","item":"https:\/\/www.sestogrado.it\/en\/shop\/"},{"@type":"ListItem","position":3,"name":"Beal Dynaloop anello di cordino precucito dinamico"}]},{"@type":"WebSite","@id":"https:\/\/www.sestogrado.it\/en\/#website","url":"https:\/\/www.sestogrado.it\/en\/","name":"Sestogrado","description":"yes we climb","publisher":{"@id":"https:\/\/www.sestogrado.it\/en\/#organization"},"potentialAction":[{"@type":"SearchAction","target":{"@type":"EntryPoint","urlTemplate":"https:\/\/www.sestogrado.it\/en\/?s={search_term_string}"},"query-input":{"@type":"PropertyValueSpecification","valueRequired":true,"valueName":"search_term_string"}}],"inLanguage":"en-US"},{"@type":"Organization","@id":"https:\/\/www.sestogrado.it\/en\/#organization","name":"Sestogrado","url":"https:\/\/www.sestogrado.it\/en\/","logo":{"@type":"ImageObject","inLanguage":"en-US","@id":"https:\/\/www.sestogrado.it\/en\/#\/schema\/logo\/image\/","url":"https:\/\/www.sestogrado.it\/wp-content\/uploads\/2015\/03\/sestogrado-favicon.png","contentUrl":"https:\/\/www.sestogrado.it\/wp-content\/uploads\/2015\/03\/sestogrado-favicon.png","width":260,"height":260,"caption":"Sestogrado"},"image":{"@id":"https:\/\/www.sestogrado.it\/en\/#\/schema\/logo\/image\/"},"sameAs":["https:\/\/www.facebook.com\/pages\/Sestogrado\/1542635979353017?ref=bookmarks","https:\/\/www.youtube.com\/channel\/UC847kAfTkaJsWpc1jtQwr3Q"],"hasMerchantReturnPolicy":{"@type":"MerchantReturnPolicy","merchantReturnLink":"https:\/\/www.sestogrado.it\/en\/termini-e-condizioni\/"}}]},"product_brand":"Beal","og_availability":"instock","product_availability":"instock","product_condition":"new"},"_links":{"self":[{"href":"https:\/\/www.sestogrado.it\/en\/wp-json\/wp\/v2\/product\/8074","targetHints":{"allow":["GET"]}}],"collection":[{"href":"https:\/\/www.sestogrado.it\/en\/wp-json\/wp\/v2\/product"}],"about":[{"href":"https:\/\/www.sestogrado.it\/en\/wp-json\/wp\/v2\/types\/product"}],"replies":[{"embeddable":true,"href":"https:\/\/www.sestogrado.it\/en\/wp-json\/wp\/v2\/comments?post=8074"}],"wp:featuredmedia":[{"embeddable":true,"href":"https:\/\/www.sestogrado.it\/en\/wp-json\/wp\/v2\/media\/11814"}],"wp:attachment":[{"href":"https:\/\/www.sestogrado.it\/en\/wp-json\/wp\/v2\/media?parent=8074"}],"wp:term":[{"taxonomy":"product_brand","embeddable":true,"href":"https:\/\/www.sestogrado.it\/en\/wp-json\/wp\/v2\/product_brand?post=8074"},{"taxonomy":"product_cat","embeddable":true,"href":"https:\/\/www.sestogrado.it\/en\/wp-json\/wp\/v2\/product_cat?post=8074"},{"taxonomy":"product_tag","embeddable":true,"href":"https:\/\/www.sestogrado.it\/en\/wp-json\/wp\/v2\/product_tag?post=8074"}],"curies":[{"name":"wp","href":"https:\/\/api.w.org\/{rel}","templated":true}]}}