{"id":7492,"date":"2022-03-19T12:24:35","date_gmt":"2022-03-19T11:24:35","guid":{"rendered":"http:\/\/www.sestogrado.it\/?post_type=product&#038;p=7492"},"modified":"2026-03-31T08:00:22","modified_gmt":"2026-03-31T06:00:22","slug":"grivel-air-tech-new-matic-evo-ramponi","status":"publish","type":"product","link":"https:\/\/www.sestogrado.it\/en\/prodotto\/grivel-air-tech-new-matic-evo-ramponi\/","title":{"rendered":"Grivel Air Tech New Matic crampons"},"content":{"rendered":"<p>An evolution of the Cramp-O-Matic system which utilises the C-O-M rear bale and lever. The plastic harness system is hinged from two front posts which retain the boot securely even if it has a shallow, worn front welt or overboots are being used. It is a simple and efficient binding, being far more versatile than the original Cramp-O-Matic style. Made in dual-component plastic: the black part is stronger, bearing the strain whilst the yellow part is softer, increasing adherence to the boot. The harness is made from the strongest, most durable plastic available -Zytel DuPont, which was developed for the manufacture of alpine ski bindings. Obviously it cannot last forever, so please, after long and severe use replace the harness the same way you would resole trekking boots or rock climbing shoes.<\/p>\n<p>&nbsp;<\/p>\n<p>Born in 1818 in Courmayeur, Grivel is an Italian company that produces equipment and equipment for mountaineering, climbing and outdoor, exporting to 26 countries. The company has been awarded the GS T\u00dcV certification since 1992, ISO 9001 since 1996, ISO 1400 since 2004. Grivel&#8217;s goal is to facilitate life for mountaineers and mountain lovers with technologically advanced products.<\/p>","protected":false},"excerpt":{"rendered":"<p>An evolution of the Cramp-O-Matic system which utilises the C-O-M rear bale and lever. The plastic harness system is hinged [&hellip;]<\/p>\n","protected":false},"featured_media":85557,"comment_status":"open","ping_status":"closed","template":"","meta":{"_acf_changed":false},"product_brand":[126],"product_cat":[153],"product_tag":[442,443],"class_list":{"0":"post-7492","1":"product","2":"type-product","3":"status-publish","4":"has-post-thumbnail","6":"product_brand-grivel","7":"product_cat-ramponi","8":"product_tag-ramponi","9":"product_tag-ramponi-da-ghiaccio","11":"first","12":"instock","13":"sale","14":"taxable","15":"shipping-taxable","16":"purchasable","17":"product-type-simple"},"acf":[],"yoast_head":"<!-- This site is optimized with the Yoast SEO plugin v26.4 - https:\/\/yoast.com\/wordpress\/plugins\/seo\/ -->\n<title>Grivel Air Tech New Matic crampons - Sestogrado<\/title>\n<meta name=\"description\" content=\"I Grivel Air Tech New Matic EVO sono il rampone a 12 punte di riferimento di Grivel ed il suo rampone pi\u00f9 venduto al mondo.E&#039; un rampone di nuova generazione con punte corte disegnate per\u00a0soddisfare le esigenze del \u201cmisto moderno\u201d dove si alternano roccia e ghiaccio.\u00a0Il Grivel Air Tech New Matic ha\u00a0dieci punte a contatto con il ghiaccio durante la camminata, dodici che mordono il pendio durante le traversate. Per ottenere questo risultato la terza coppia di punte \u00e8 pi\u00f9 corta ed in posizione pi\u00f9 allargata. Le due ultime punte dalla parte anteriore hanno la doppia angolazione per trattenere frontalmente in discesa e per trattenere lateralmente in traverso.Il nuovo sistema New Matic EVO permette di calzare qualunque tipo di scarpa rigida con il bordo posteriore in modo estremamente veloce e comodo con il dispositivo ad aggancio Matic che si chiude facilmente sul retro dello scarpone. Il nuovo sistema EVO \u00e8 pi\u00f9 moderno, leggero e minimale, rispetto alla versione precedente. La nuova leva e staffa posteriori sono pi\u00f9 semplici, un pezzo invece di cinque. La leva, con design &quot;Stealth&quot; \u00e8 pi\u00f9 leggera e consente pi\u00f9 posizioni per adattarsi a tutti gli scarponi. La fettuccia \u00e8 pi\u00f9 leggera e sottile (12mm invece di 14mm) e la fibbia \u00e8 pi\u00f9 minimale, facile da usare e con forte tenuta.\" \/>\n<meta name=\"robots\" content=\"index, follow, max-snippet:-1, max-image-preview:large, max-video-preview:-1\" \/>\n<link rel=\"canonical\" href=\"https:\/\/www.sestogrado.it\/en\/prodotto\/grivel-air-tech-new-matic-evo-ramponi\/\" \/>\n<meta property=\"og:locale\" content=\"en_US\" \/>\n<meta property=\"og:type\" content=\"article\" \/>\n<meta property=\"og:title\" content=\"Grivel Air Tech New Matic crampons - Sestogrado\" \/>\n<meta property=\"og:description\" content=\"I Grivel Air Tech New Matic EVO sono il rampone a 12 punte di riferimento di Grivel ed il suo rampone pi\u00f9 venduto al mondo.E&#039; un rampone di nuova generazione con punte corte disegnate per\u00a0soddisfare le esigenze del \u201cmisto moderno\u201d dove si alternano roccia e ghiaccio.\u00a0Il Grivel Air Tech New Matic ha\u00a0dieci punte a contatto con il ghiaccio durante la camminata, dodici che mordono il pendio durante le traversate. Per ottenere questo risultato la terza coppia di punte \u00e8 pi\u00f9 corta ed in posizione pi\u00f9 allargata. Le due ultime punte dalla parte anteriore hanno la doppia angolazione per trattenere frontalmente in discesa e per trattenere lateralmente in traverso.Il nuovo sistema New Matic EVO permette di calzare qualunque tipo di scarpa rigida con il bordo posteriore in modo estremamente veloce e comodo con il dispositivo ad aggancio Matic che si chiude facilmente sul retro dello scarpone. Il nuovo sistema EVO \u00e8 pi\u00f9 moderno, leggero e minimale, rispetto alla versione precedente. La nuova leva e staffa posteriori sono pi\u00f9 semplici, un pezzo invece di cinque. La leva, con design &quot;Stealth&quot; \u00e8 pi\u00f9 leggera e consente pi\u00f9 posizioni per adattarsi a tutti gli scarponi. La fettuccia \u00e8 pi\u00f9 leggera e sottile (12mm invece di 14mm) e la fibbia \u00e8 pi\u00f9 minimale, facile da usare e con forte tenuta.\" \/>\n<meta property=\"og:url\" content=\"https:\/\/www.sestogrado.it\/en\/prodotto\/grivel-air-tech-new-matic-evo-ramponi\/\" \/>\n<meta property=\"og:site_name\" content=\"Sestogrado\" \/>\n<meta property=\"article:publisher\" content=\"https:\/\/www.facebook.com\/pages\/Sestogrado\/1542635979353017?ref=bookmarks\" \/>\n<meta property=\"article:modified_time\" content=\"2026-03-31T06:00:22+00:00\" \/>\n<meta property=\"og:image\" content=\"https:\/\/www.sestogrado.it\/wp-content\/uploads\/2016\/07\/07-2.jpg\" \/>\n\t<meta property=\"og:image:width\" content=\"1600\" \/>\n\t<meta property=\"og:image:height\" content=\"1600\" \/>\n\t<meta property=\"og:image:type\" content=\"image\/jpeg\" \/>\n<meta name=\"twitter:label1\" content=\"Price\" \/>\n\t<meta name=\"twitter:data1\" content=\"&euro;&nbsp;119,00\" \/>\n\t<meta name=\"twitter:label2\" content=\"Availability\" \/>\n\t<meta name=\"twitter:data2\" content=\"In stock\" \/>\n<script type=\"application\/ld+json\" class=\"yoast-schema-graph\">{\"@context\":\"https:\/\/schema.org\",\"@graph\":[{\"@type\":\"WebPage\",\"@id\":\"https:\/\/www.sestogrado.it\/en\/prodotto\/grivel-air-tech-new-matic-evo-ramponi\/\",\"url\":\"https:\/\/www.sestogrado.it\/en\/prodotto\/grivel-air-tech-new-matic-evo-ramponi\/\",\"name\":\"Grivel Air Tech New Matic crampons - Sestogrado\",\"isPartOf\":{\"@id\":\"https:\/\/www.sestogrado.it\/en\/#website\"},\"primaryImageOfPage\":{\"@id\":\"https:\/\/www.sestogrado.it\/en\/prodotto\/grivel-air-tech-new-matic-evo-ramponi\/#primaryimage\"},\"image\":{\"@id\":\"https:\/\/www.sestogrado.it\/prodotto\/grivel-air-tech-new-matic-evo-ramponi\/#primaryimage\"},\"thumbnailUrl\":\"https:\/\/www.sestogrado.it\/wp-content\/uploads\/2016\/07\/07-2.jpg\",\"datePublished\":\"2022-03-19T11:24:35+00:00\",\"dateModified\":\"2026-03-31T06:00:22+00:00\",\"description\":\"I Grivel Air Tech New Matic EVO sono il rampone a 12 punte di riferimento di Grivel ed il suo rampone pi\u00f9 venduto al mondo.E' un rampone di nuova generazione con punte corte disegnate per\u00a0soddisfare le esigenze del \u201cmisto moderno\u201d dove si alternano roccia e ghiaccio.\u00a0Il Grivel Air Tech New Matic ha\u00a0dieci punte a contatto con il ghiaccio durante la camminata, dodici che mordono il pendio durante le traversate. Per ottenere questo risultato la terza coppia di punte \u00e8 pi\u00f9 corta ed in posizione pi\u00f9 allargata. Le due ultime punte dalla parte anteriore hanno la doppia angolazione per trattenere frontalmente in discesa e per trattenere lateralmente in traverso.Il nuovo sistema New Matic EVO permette di calzare qualunque tipo di scarpa rigida con il bordo posteriore in modo estremamente veloce e comodo con il dispositivo ad aggancio Matic che si chiude facilmente sul retro dello scarpone. Il nuovo sistema EVO \u00e8 pi\u00f9 moderno, leggero e minimale, rispetto alla versione precedente. La nuova leva e staffa posteriori sono pi\u00f9 semplici, un pezzo invece di cinque. La leva, con design \\\"Stealth\\\" \u00e8 pi\u00f9 leggera e consente pi\u00f9 posizioni per adattarsi a tutti gli scarponi. La fettuccia \u00e8 pi\u00f9 leggera e sottile (12mm invece di 14mm) e la fibbia \u00e8 pi\u00f9 minimale, facile da usare e con forte tenuta.\",\"breadcrumb\":{\"@id\":\"https:\/\/www.sestogrado.it\/en\/prodotto\/grivel-air-tech-new-matic-evo-ramponi\/#breadcrumb\"},\"inLanguage\":\"en-US\",\"potentialAction\":[{\"@type\":\"ReadAction\",\"target\":[[\"https:\/\/www.sestogrado.it\/en\/prodotto\/grivel-air-tech-new-matic-evo-ramponi\/\"]]}]},{\"@type\":\"ImageObject\",\"inLanguage\":\"en-US\",\"@id\":\"https:\/\/www.sestogrado.it\/en\/prodotto\/grivel-air-tech-new-matic-evo-ramponi\/#primaryimage\",\"url\":\"https:\/\/www.sestogrado.it\/wp-content\/uploads\/2016\/07\/07-2.jpg\",\"contentUrl\":\"https:\/\/www.sestogrado.it\/wp-content\/uploads\/2016\/07\/07-2.jpg\",\"width\":1600,\"height\":1600,\"caption\":\"air tech new matic evo\"},{\"@type\":\"BreadcrumbList\",\"@id\":\"https:\/\/www.sestogrado.it\/en\/prodotto\/grivel-air-tech-new-matic-evo-ramponi\/#breadcrumb\",\"itemListElement\":[{\"@type\":\"ListItem\",\"position\":1,\"name\":\"Home\",\"item\":\"https:\/\/www.sestogrado.it\/en\/\"},{\"@type\":\"ListItem\",\"position\":2,\"name\":\"Shop\",\"item\":\"https:\/\/www.sestogrado.it\/en\/shop\/\"},{\"@type\":\"ListItem\",\"position\":3,\"name\":\"Grivel Air Tech New Matic EVO ramponi\"}]},{\"@type\":\"WebSite\",\"@id\":\"https:\/\/www.sestogrado.it\/en\/#website\",\"url\":\"https:\/\/www.sestogrado.it\/en\/\",\"name\":\"Sestogrado\",\"description\":\"yes we climb\",\"publisher\":{\"@id\":\"https:\/\/www.sestogrado.it\/en\/#organization\"},\"potentialAction\":[{\"@type\":\"SearchAction\",\"target\":{\"@type\":\"EntryPoint\",\"urlTemplate\":\"https:\/\/www.sestogrado.it\/en\/?s={search_term_string}\"},\"query-input\":{\"@type\":\"PropertyValueSpecification\",\"valueRequired\":true,\"valueName\":\"search_term_string\"}}],\"inLanguage\":\"en-US\"},{\"@type\":\"Organization\",\"@id\":\"https:\/\/www.sestogrado.it\/en\/#organization\",\"name\":\"Sestogrado\",\"url\":\"https:\/\/www.sestogrado.it\/en\/\",\"logo\":{\"@type\":\"ImageObject\",\"inLanguage\":\"en-US\",\"@id\":\"https:\/\/www.sestogrado.it\/en\/#\/schema\/logo\/image\/\",\"url\":\"https:\/\/www.sestogrado.it\/wp-content\/uploads\/2015\/03\/sestogrado-favicon.png\",\"contentUrl\":\"https:\/\/www.sestogrado.it\/wp-content\/uploads\/2015\/03\/sestogrado-favicon.png\",\"width\":260,\"height\":260,\"caption\":\"Sestogrado\"},\"image\":{\"@id\":\"https:\/\/www.sestogrado.it\/en\/#\/schema\/logo\/image\/\"},\"sameAs\":[\"https:\/\/www.facebook.com\/pages\/Sestogrado\/1542635979353017?ref=bookmarks\",\"https:\/\/www.youtube.com\/channel\/UC847kAfTkaJsWpc1jtQwr3Q\"],\"hasMerchantReturnPolicy\":{\"@type\":\"MerchantReturnPolicy\",\"merchantReturnLink\":\"https:\/\/www.sestogrado.it\/en\/termini-e-condizioni\/\"}}]}<\/script>\n<meta property=\"product:brand\" content=\"Grivel\" \/>\n<meta property=\"product:price:amount\" content=\"119.00\" \/>\n<meta property=\"product:price:currency\" content=\"EUR\" \/>\n<meta property=\"og:availability\" content=\"instock\" \/>\n<meta property=\"product:availability\" content=\"instock\" \/>\n<meta property=\"product:condition\" content=\"new\" \/>\n<!-- \/ Yoast SEO plugin. -->","yoast_head_json":{"title":"Grivel Air Tech New Matic crampons - Sestogrado","description":"I Grivel Air Tech New Matic EVO sono il rampone a 12 punte di riferimento di Grivel ed il suo rampone pi\u00f9 venduto al mondo.E' un rampone di nuova generazione con punte corte disegnate per\u00a0soddisfare le esigenze del \u201cmisto moderno\u201d dove si alternano roccia e ghiaccio.\u00a0Il Grivel Air Tech New Matic ha\u00a0dieci punte a contatto con il ghiaccio durante la camminata, dodici che mordono il pendio durante le traversate. Per ottenere questo risultato la terza coppia di punte \u00e8 pi\u00f9 corta ed in posizione pi\u00f9 allargata. Le due ultime punte dalla parte anteriore hanno la doppia angolazione per trattenere frontalmente in discesa e per trattenere lateralmente in traverso.Il nuovo sistema New Matic EVO permette di calzare qualunque tipo di scarpa rigida con il bordo posteriore in modo estremamente veloce e comodo con il dispositivo ad aggancio Matic che si chiude facilmente sul retro dello scarpone. Il nuovo sistema EVO \u00e8 pi\u00f9 moderno, leggero e minimale, rispetto alla versione precedente. La nuova leva e staffa posteriori sono pi\u00f9 semplici, un pezzo invece di cinque. La leva, con design \"Stealth\" \u00e8 pi\u00f9 leggera e consente pi\u00f9 posizioni per adattarsi a tutti gli scarponi. La fettuccia \u00e8 pi\u00f9 leggera e sottile (12mm invece di 14mm) e la fibbia \u00e8 pi\u00f9 minimale, facile da usare e con forte tenuta.","robots":{"index":"index","follow":"follow","max-snippet":"max-snippet:-1","max-image-preview":"max-image-preview:large","max-video-preview":"max-video-preview:-1"},"canonical":"https:\/\/www.sestogrado.it\/en\/prodotto\/grivel-air-tech-new-matic-evo-ramponi\/","og_locale":"en_US","og_type":"article","og_title":"Grivel Air Tech New Matic crampons - Sestogrado","og_description":"I Grivel Air Tech New Matic EVO sono il rampone a 12 punte di riferimento di Grivel ed il suo rampone pi\u00f9 venduto al mondo.E' un rampone di nuova generazione con punte corte disegnate per\u00a0soddisfare le esigenze del \u201cmisto moderno\u201d dove si alternano roccia e ghiaccio.\u00a0Il Grivel Air Tech New Matic ha\u00a0dieci punte a contatto con il ghiaccio durante la camminata, dodici che mordono il pendio durante le traversate. Per ottenere questo risultato la terza coppia di punte \u00e8 pi\u00f9 corta ed in posizione pi\u00f9 allargata. Le due ultime punte dalla parte anteriore hanno la doppia angolazione per trattenere frontalmente in discesa e per trattenere lateralmente in traverso.Il nuovo sistema New Matic EVO permette di calzare qualunque tipo di scarpa rigida con il bordo posteriore in modo estremamente veloce e comodo con il dispositivo ad aggancio Matic che si chiude facilmente sul retro dello scarpone. Il nuovo sistema EVO \u00e8 pi\u00f9 moderno, leggero e minimale, rispetto alla versione precedente. La nuova leva e staffa posteriori sono pi\u00f9 semplici, un pezzo invece di cinque. La leva, con design \"Stealth\" \u00e8 pi\u00f9 leggera e consente pi\u00f9 posizioni per adattarsi a tutti gli scarponi. La fettuccia \u00e8 pi\u00f9 leggera e sottile (12mm invece di 14mm) e la fibbia \u00e8 pi\u00f9 minimale, facile da usare e con forte tenuta.","og_url":"https:\/\/www.sestogrado.it\/en\/prodotto\/grivel-air-tech-new-matic-evo-ramponi\/","og_site_name":"Sestogrado","article_publisher":"https:\/\/www.facebook.com\/pages\/Sestogrado\/1542635979353017?ref=bookmarks","article_modified_time":"2026-03-31T06:00:22+00:00","og_image":[{"width":1600,"height":1600,"url":"https:\/\/www.sestogrado.it\/wp-content\/uploads\/2016\/07\/07-2.jpg","type":"image\/jpeg"}],"twitter_misc":{"Price":"&euro;&nbsp;119,00","Availability":"In stock"},"schema":{"@context":"https:\/\/schema.org","@graph":[{"@type":"WebPage","@id":"https:\/\/www.sestogrado.it\/en\/prodotto\/grivel-air-tech-new-matic-evo-ramponi\/","url":"https:\/\/www.sestogrado.it\/en\/prodotto\/grivel-air-tech-new-matic-evo-ramponi\/","name":"Grivel Air Tech New Matic crampons - Sestogrado","isPartOf":{"@id":"https:\/\/www.sestogrado.it\/en\/#website"},"primaryImageOfPage":{"@id":"https:\/\/www.sestogrado.it\/en\/prodotto\/grivel-air-tech-new-matic-evo-ramponi\/#primaryimage"},"image":{"@id":"https:\/\/www.sestogrado.it\/prodotto\/grivel-air-tech-new-matic-evo-ramponi\/#primaryimage"},"thumbnailUrl":"https:\/\/www.sestogrado.it\/wp-content\/uploads\/2016\/07\/07-2.jpg","datePublished":"2022-03-19T11:24:35+00:00","dateModified":"2026-03-31T06:00:22+00:00","description":"I Grivel Air Tech New Matic EVO sono il rampone a 12 punte di riferimento di Grivel ed il suo rampone pi\u00f9 venduto al mondo.E' un rampone di nuova generazione con punte corte disegnate per\u00a0soddisfare le esigenze del \u201cmisto moderno\u201d dove si alternano roccia e ghiaccio.\u00a0Il Grivel Air Tech New Matic ha\u00a0dieci punte a contatto con il ghiaccio durante la camminata, dodici che mordono il pendio durante le traversate. Per ottenere questo risultato la terza coppia di punte \u00e8 pi\u00f9 corta ed in posizione pi\u00f9 allargata. Le due ultime punte dalla parte anteriore hanno la doppia angolazione per trattenere frontalmente in discesa e per trattenere lateralmente in traverso.Il nuovo sistema New Matic EVO permette di calzare qualunque tipo di scarpa rigida con il bordo posteriore in modo estremamente veloce e comodo con il dispositivo ad aggancio Matic che si chiude facilmente sul retro dello scarpone. Il nuovo sistema EVO \u00e8 pi\u00f9 moderno, leggero e minimale, rispetto alla versione precedente. La nuova leva e staffa posteriori sono pi\u00f9 semplici, un pezzo invece di cinque. La leva, con design \"Stealth\" \u00e8 pi\u00f9 leggera e consente pi\u00f9 posizioni per adattarsi a tutti gli scarponi. La fettuccia \u00e8 pi\u00f9 leggera e sottile (12mm invece di 14mm) e la fibbia \u00e8 pi\u00f9 minimale, facile da usare e con forte tenuta.","breadcrumb":{"@id":"https:\/\/www.sestogrado.it\/en\/prodotto\/grivel-air-tech-new-matic-evo-ramponi\/#breadcrumb"},"inLanguage":"en-US","potentialAction":[{"@type":"ReadAction","target":[["https:\/\/www.sestogrado.it\/en\/prodotto\/grivel-air-tech-new-matic-evo-ramponi\/"]]}]},{"@type":"ImageObject","inLanguage":"en-US","@id":"https:\/\/www.sestogrado.it\/en\/prodotto\/grivel-air-tech-new-matic-evo-ramponi\/#primaryimage","url":"https:\/\/www.sestogrado.it\/wp-content\/uploads\/2016\/07\/07-2.jpg","contentUrl":"https:\/\/www.sestogrado.it\/wp-content\/uploads\/2016\/07\/07-2.jpg","width":1600,"height":1600,"caption":"air tech new matic evo"},{"@type":"BreadcrumbList","@id":"https:\/\/www.sestogrado.it\/en\/prodotto\/grivel-air-tech-new-matic-evo-ramponi\/#breadcrumb","itemListElement":[{"@type":"ListItem","position":1,"name":"Home","item":"https:\/\/www.sestogrado.it\/en\/"},{"@type":"ListItem","position":2,"name":"Shop","item":"https:\/\/www.sestogrado.it\/en\/shop\/"},{"@type":"ListItem","position":3,"name":"Grivel Air Tech New Matic EVO ramponi"}]},{"@type":"WebSite","@id":"https:\/\/www.sestogrado.it\/en\/#website","url":"https:\/\/www.sestogrado.it\/en\/","name":"Sestogrado","description":"yes we climb","publisher":{"@id":"https:\/\/www.sestogrado.it\/en\/#organization"},"potentialAction":[{"@type":"SearchAction","target":{"@type":"EntryPoint","urlTemplate":"https:\/\/www.sestogrado.it\/en\/?s={search_term_string}"},"query-input":{"@type":"PropertyValueSpecification","valueRequired":true,"valueName":"search_term_string"}}],"inLanguage":"en-US"},{"@type":"Organization","@id":"https:\/\/www.sestogrado.it\/en\/#organization","name":"Sestogrado","url":"https:\/\/www.sestogrado.it\/en\/","logo":{"@type":"ImageObject","inLanguage":"en-US","@id":"https:\/\/www.sestogrado.it\/en\/#\/schema\/logo\/image\/","url":"https:\/\/www.sestogrado.it\/wp-content\/uploads\/2015\/03\/sestogrado-favicon.png","contentUrl":"https:\/\/www.sestogrado.it\/wp-content\/uploads\/2015\/03\/sestogrado-favicon.png","width":260,"height":260,"caption":"Sestogrado"},"image":{"@id":"https:\/\/www.sestogrado.it\/en\/#\/schema\/logo\/image\/"},"sameAs":["https:\/\/www.facebook.com\/pages\/Sestogrado\/1542635979353017?ref=bookmarks","https:\/\/www.youtube.com\/channel\/UC847kAfTkaJsWpc1jtQwr3Q"],"hasMerchantReturnPolicy":{"@type":"MerchantReturnPolicy","merchantReturnLink":"https:\/\/www.sestogrado.it\/en\/termini-e-condizioni\/"}}]},"product_brand":"Grivel","product_price_amount":"119.00","product_price_currency":"EUR","og_availability":"instock","product_availability":"instock","product_condition":"new"},"_links":{"self":[{"href":"https:\/\/www.sestogrado.it\/en\/wp-json\/wp\/v2\/product\/7492","targetHints":{"allow":["GET"]}}],"collection":[{"href":"https:\/\/www.sestogrado.it\/en\/wp-json\/wp\/v2\/product"}],"about":[{"href":"https:\/\/www.sestogrado.it\/en\/wp-json\/wp\/v2\/types\/product"}],"replies":[{"embeddable":true,"href":"https:\/\/www.sestogrado.it\/en\/wp-json\/wp\/v2\/comments?post=7492"}],"wp:featuredmedia":[{"embeddable":true,"href":"https:\/\/www.sestogrado.it\/en\/wp-json\/wp\/v2\/media\/85557"}],"wp:attachment":[{"href":"https:\/\/www.sestogrado.it\/en\/wp-json\/wp\/v2\/media?parent=7492"}],"wp:term":[{"taxonomy":"product_brand","embeddable":true,"href":"https:\/\/www.sestogrado.it\/en\/wp-json\/wp\/v2\/product_brand?post=7492"},{"taxonomy":"product_cat","embeddable":true,"href":"https:\/\/www.sestogrado.it\/en\/wp-json\/wp\/v2\/product_cat?post=7492"},{"taxonomy":"product_tag","embeddable":true,"href":"https:\/\/www.sestogrado.it\/en\/wp-json\/wp\/v2\/product_tag?post=7492"}],"curies":[{"name":"wp","href":"https:\/\/api.w.org\/{rel}","templated":true}]}}