{"id":7178,"date":"2016-06-16T11:53:37","date_gmt":"2016-06-16T09:53:37","guid":{"rendered":"http:\/\/www.sestogrado.it\/?post_type=product&#038;p=7178"},"modified":"2023-05-23T18:49:30","modified_gmt":"2023-05-23T16:49:30","slug":"metolius-fs-mini-ii-rackpack-set-moschettoni","status":"publish","type":"product","link":"https:\/\/www.sestogrado.it\/en\/prodotto\/metolius-fs-mini-ii-rackpack-set-moschettoni\/","title":{"rendered":"Metolius FS Mini II RackPack set moschettoni"},"content":{"rendered":"<p>Il Metolius FS Mini II \u00e8 uno dei moschettoni pi\u00f9 piccoli e leggeri al mondo.<\/p>\n<p>Disponibili in set da 6 pezzi da collegare a friends e nuts in funzione dei colori, o da utilizzare\u00a0come moschettoni da manovra, o per la creazione di <a href=\"https:\/\/www.sestogrado.it\/come-realizzare-un-rinvio-alpinistico\/\">rinvii alpinistici<\/a>, il Metolius FS Mini II pesa solo 23 grammi ed ha una tenuta di 22kN.<\/p>\n<p>Famoso gi\u00e0 da anni per le incredibili doti di leggerezza e compattezza della prima versione, ora l&#8217;FS Mini II gode di ulteriori caratteristiche e miglioramenti, prima su tutti una maggiore apertura della leva:<\/p>\n<ul>\n<li>peso ulteriormente ridotto<\/li>\n<li>leva a filo<\/li>\n<li>naso anti impigliamento per ridurre aperture accidentali<\/li>\n<li>disponibile in 6 colori per facile riconoscibilit\u00e0<\/li>\n<li>ampia apertura della leva<\/li>\n<li>colori dei 6 moschettoni del set: blu, giallo, arancione, rosso, nero e verde.<\/li>\n<\/ul>\n<p>Le dimensioni contano? per l&#8217;attrezzatura da arrampicata s\u00ec, ed il Metolius FS Mini II \u00e8 un campione di compattezza e leggerezza in un moschettone dai valori di tenuta UIAA\u00a0elevati.<\/p>\n<p>Consigliato su big wall e arrampicata trad dove ogni grammo conta.<\/p>\n<p><iframe src=\"\/\/www.youtube.com\/embed\/I2ogQSuQ9_4\" width=\"560\" height=\"314\" allowfullscreen=\"allowfullscreen\"><\/iframe><\/p>\n<p>Metolius \u00e8 un\u2019azienda americana nata negli anni 80\u2019 da un gruppo di appassionati climber dello Smith Rock. Riunitisi in un garage nel nord America, nelle vicinanze del Metolius River, cominciarono a concretizzare le loro idee fino ad ottenere dei prodotti che oggi sono sinonimo di qualit\u00e0, sicurezza ed eccellenza. Metolius \u00e8 nota per la produzione di attrezzatura per allenamento all\u2019arrampicata, come travi e prese, di cui \u00e8 tuttora leader mondiale.<\/p>\n","protected":false},"excerpt":{"rendered":"<p>Il Metolius FS Mini II \u00e8 uno dei moschettoni pi\u00f9 piccoli e leggeri al mondo. Disponibili in set da 6 [&hellip;]<\/p>\n","protected":false},"featured_media":7179,"comment_status":"open","ping_status":"closed","template":"","meta":{"_acf_changed":false},"product_brand":[304],"product_cat":[132],"product_tag":[],"class_list":{"0":"post-7178","1":"product","2":"type-product","3":"status-publish","4":"has-post-thumbnail","6":"product_brand-metolius","7":"product_cat-moschettoni","9":"first","10":"outofstock","11":"sale","12":"taxable","13":"shipping-taxable","14":"purchasable","15":"product-type-simple"},"acf":[],"yoast_head":"<!-- This site is optimized with the Yoast SEO plugin v26.4 - https:\/\/yoast.com\/wordpress\/plugins\/seo\/ -->\n<title>Metolius FS Mini II RackPack set moschettoni - Sestogrado<\/title>\n<meta name=\"description\" content=\"Il Metolius FS Mini II con i suoi 23 grammi \u00e8 uno dei moschettoni pi\u00f9 leggeri al mondo. Super compatto e leggero \u00e8 ideale per arrampicata trad.\" \/>\n<meta name=\"robots\" content=\"index, follow, max-snippet:-1, max-image-preview:large, max-video-preview:-1\" \/>\n<link rel=\"canonical\" href=\"https:\/\/www.sestogrado.it\/en\/prodotto\/metolius-fs-mini-ii-rackpack-set-moschettoni\/\" \/>\n<meta property=\"og:locale\" content=\"en_US\" \/>\n<meta property=\"og:type\" content=\"article\" \/>\n<meta property=\"og:title\" content=\"Metolius FS Mini II RackPack set moschettoni - Sestogrado\" \/>\n<meta property=\"og:description\" content=\"Il Metolius FS Mini II con i suoi 23 grammi \u00e8 uno dei moschettoni pi\u00f9 leggeri al mondo. Super compatto e leggero \u00e8 ideale per arrampicata trad.\" \/>\n<meta property=\"og:url\" content=\"https:\/\/www.sestogrado.it\/en\/prodotto\/metolius-fs-mini-ii-rackpack-set-moschettoni\/\" \/>\n<meta property=\"og:site_name\" content=\"Sestogrado\" \/>\n<meta property=\"article:publisher\" content=\"https:\/\/www.facebook.com\/pages\/Sestogrado\/1542635979353017?ref=bookmarks\" \/>\n<meta property=\"article:modified_time\" content=\"2023-05-23T16:49:30+00:00\" \/>\n<meta property=\"og:image\" content=\"https:\/\/www.sestogrado.it\/wp-content\/uploads\/2016\/06\/01-17.jpg\" \/>\n\t<meta property=\"og:image:width\" content=\"1599\" \/>\n\t<meta property=\"og:image:height\" content=\"2132\" \/>\n\t<meta property=\"og:image:type\" content=\"image\/jpeg\" \/>\n<meta name=\"twitter:label1\" content=\"Price\" \/>\n\t<meta name=\"twitter:data1\" content=\"&euro;&nbsp;52,70\" \/>\n\t<meta name=\"twitter:label2\" content=\"Availability\" \/>\n\t<meta name=\"twitter:data2\" content=\"Out of stock\" \/>\n<script type=\"application\/ld+json\" class=\"yoast-schema-graph\">{\"@context\":\"https:\/\/schema.org\",\"@graph\":[{\"@type\":\"WebPage\",\"@id\":\"https:\/\/www.sestogrado.it\/en\/prodotto\/metolius-fs-mini-ii-rackpack-set-moschettoni\/\",\"url\":\"https:\/\/www.sestogrado.it\/en\/prodotto\/metolius-fs-mini-ii-rackpack-set-moschettoni\/\",\"name\":\"Metolius FS Mini II RackPack set moschettoni - Sestogrado\",\"isPartOf\":{\"@id\":\"https:\/\/www.sestogrado.it\/en\/#website\"},\"primaryImageOfPage\":{\"@id\":\"https:\/\/www.sestogrado.it\/en\/prodotto\/metolius-fs-mini-ii-rackpack-set-moschettoni\/#primaryimage\"},\"image\":{\"@id\":\"https:\/\/www.sestogrado.it\/prodotto\/metolius-fs-mini-ii-rackpack-set-moschettoni\/#primaryimage\"},\"thumbnailUrl\":\"https:\/\/www.sestogrado.it\/wp-content\/uploads\/2016\/06\/01-17.jpg\",\"datePublished\":\"2016-06-16T09:53:37+00:00\",\"dateModified\":\"2023-05-23T16:49:30+00:00\",\"description\":\"Il Metolius FS Mini II con i suoi 23 grammi \u00e8 uno dei moschettoni pi\u00f9 leggeri al mondo. Super compatto e leggero \u00e8 ideale per arrampicata trad.\",\"breadcrumb\":{\"@id\":\"https:\/\/www.sestogrado.it\/en\/prodotto\/metolius-fs-mini-ii-rackpack-set-moschettoni\/#breadcrumb\"},\"inLanguage\":\"en-US\",\"potentialAction\":[{\"@type\":\"ReadAction\",\"target\":[[\"https:\/\/www.sestogrado.it\/en\/prodotto\/metolius-fs-mini-ii-rackpack-set-moschettoni\/\"]]}]},{\"@type\":\"ImageObject\",\"inLanguage\":\"en-US\",\"@id\":\"https:\/\/www.sestogrado.it\/en\/prodotto\/metolius-fs-mini-ii-rackpack-set-moschettoni\/#primaryimage\",\"url\":\"https:\/\/www.sestogrado.it\/wp-content\/uploads\/2016\/06\/01-17.jpg\",\"contentUrl\":\"https:\/\/www.sestogrado.it\/wp-content\/uploads\/2016\/06\/01-17.jpg\",\"width\":1599,\"height\":2132,\"caption\":\"metolius fs mini\"},{\"@type\":\"BreadcrumbList\",\"@id\":\"https:\/\/www.sestogrado.it\/en\/prodotto\/metolius-fs-mini-ii-rackpack-set-moschettoni\/#breadcrumb\",\"itemListElement\":[{\"@type\":\"ListItem\",\"position\":1,\"name\":\"Home\",\"item\":\"https:\/\/www.sestogrado.it\/en\/\"},{\"@type\":\"ListItem\",\"position\":2,\"name\":\"Shop\",\"item\":\"https:\/\/www.sestogrado.it\/en\/shop\/\"},{\"@type\":\"ListItem\",\"position\":3,\"name\":\"Metolius FS Mini II RackPack set moschettoni\"}]},{\"@type\":\"WebSite\",\"@id\":\"https:\/\/www.sestogrado.it\/en\/#website\",\"url\":\"https:\/\/www.sestogrado.it\/en\/\",\"name\":\"Sestogrado\",\"description\":\"yes we climb\",\"publisher\":{\"@id\":\"https:\/\/www.sestogrado.it\/en\/#organization\"},\"potentialAction\":[{\"@type\":\"SearchAction\",\"target\":{\"@type\":\"EntryPoint\",\"urlTemplate\":\"https:\/\/www.sestogrado.it\/en\/?s={search_term_string}\"},\"query-input\":{\"@type\":\"PropertyValueSpecification\",\"valueRequired\":true,\"valueName\":\"search_term_string\"}}],\"inLanguage\":\"en-US\"},{\"@type\":\"Organization\",\"@id\":\"https:\/\/www.sestogrado.it\/en\/#organization\",\"name\":\"Sestogrado\",\"url\":\"https:\/\/www.sestogrado.it\/en\/\",\"logo\":{\"@type\":\"ImageObject\",\"inLanguage\":\"en-US\",\"@id\":\"https:\/\/www.sestogrado.it\/en\/#\/schema\/logo\/image\/\",\"url\":\"https:\/\/www.sestogrado.it\/wp-content\/uploads\/2015\/03\/sestogrado-favicon.png\",\"contentUrl\":\"https:\/\/www.sestogrado.it\/wp-content\/uploads\/2015\/03\/sestogrado-favicon.png\",\"width\":260,\"height\":260,\"caption\":\"Sestogrado\"},\"image\":{\"@id\":\"https:\/\/www.sestogrado.it\/en\/#\/schema\/logo\/image\/\"},\"sameAs\":[\"https:\/\/www.facebook.com\/pages\/Sestogrado\/1542635979353017?ref=bookmarks\",\"https:\/\/www.youtube.com\/channel\/UC847kAfTkaJsWpc1jtQwr3Q\"],\"hasMerchantReturnPolicy\":{\"@type\":\"MerchantReturnPolicy\",\"merchantReturnLink\":\"https:\/\/www.sestogrado.it\/en\/termini-e-condizioni\/\"}}]}<\/script>\n<meta property=\"product:brand\" content=\"Metolius\" \/>\n<meta property=\"product:price:amount\" content=\"52.70\" \/>\n<meta property=\"product:price:currency\" content=\"EUR\" \/>\n<meta property=\"og:availability\" content=\"out of stock\" \/>\n<meta property=\"product:availability\" content=\"out of stock\" \/>\n<meta property=\"product:condition\" content=\"new\" \/>\n<!-- \/ Yoast SEO plugin. -->","yoast_head_json":{"title":"Metolius FS Mini II RackPack set moschettoni - Sestogrado","description":"Il Metolius FS Mini II con i suoi 23 grammi \u00e8 uno dei moschettoni pi\u00f9 leggeri al mondo. Super compatto e leggero \u00e8 ideale per arrampicata trad.","robots":{"index":"index","follow":"follow","max-snippet":"max-snippet:-1","max-image-preview":"max-image-preview:large","max-video-preview":"max-video-preview:-1"},"canonical":"https:\/\/www.sestogrado.it\/en\/prodotto\/metolius-fs-mini-ii-rackpack-set-moschettoni\/","og_locale":"en_US","og_type":"article","og_title":"Metolius FS Mini II RackPack set moschettoni - Sestogrado","og_description":"Il Metolius FS Mini II con i suoi 23 grammi \u00e8 uno dei moschettoni pi\u00f9 leggeri al mondo. Super compatto e leggero \u00e8 ideale per arrampicata trad.","og_url":"https:\/\/www.sestogrado.it\/en\/prodotto\/metolius-fs-mini-ii-rackpack-set-moschettoni\/","og_site_name":"Sestogrado","article_publisher":"https:\/\/www.facebook.com\/pages\/Sestogrado\/1542635979353017?ref=bookmarks","article_modified_time":"2023-05-23T16:49:30+00:00","og_image":[{"width":1599,"height":2132,"url":"https:\/\/www.sestogrado.it\/wp-content\/uploads\/2016\/06\/01-17.jpg","type":"image\/jpeg"}],"twitter_misc":{"Price":"&euro;&nbsp;52,70","Availability":"Out of stock"},"schema":{"@context":"https:\/\/schema.org","@graph":[{"@type":"WebPage","@id":"https:\/\/www.sestogrado.it\/en\/prodotto\/metolius-fs-mini-ii-rackpack-set-moschettoni\/","url":"https:\/\/www.sestogrado.it\/en\/prodotto\/metolius-fs-mini-ii-rackpack-set-moschettoni\/","name":"Metolius FS Mini II RackPack set moschettoni - Sestogrado","isPartOf":{"@id":"https:\/\/www.sestogrado.it\/en\/#website"},"primaryImageOfPage":{"@id":"https:\/\/www.sestogrado.it\/en\/prodotto\/metolius-fs-mini-ii-rackpack-set-moschettoni\/#primaryimage"},"image":{"@id":"https:\/\/www.sestogrado.it\/prodotto\/metolius-fs-mini-ii-rackpack-set-moschettoni\/#primaryimage"},"thumbnailUrl":"https:\/\/www.sestogrado.it\/wp-content\/uploads\/2016\/06\/01-17.jpg","datePublished":"2016-06-16T09:53:37+00:00","dateModified":"2023-05-23T16:49:30+00:00","description":"Il Metolius FS Mini II con i suoi 23 grammi \u00e8 uno dei moschettoni pi\u00f9 leggeri al mondo. Super compatto e leggero \u00e8 ideale per arrampicata trad.","breadcrumb":{"@id":"https:\/\/www.sestogrado.it\/en\/prodotto\/metolius-fs-mini-ii-rackpack-set-moschettoni\/#breadcrumb"},"inLanguage":"en-US","potentialAction":[{"@type":"ReadAction","target":[["https:\/\/www.sestogrado.it\/en\/prodotto\/metolius-fs-mini-ii-rackpack-set-moschettoni\/"]]}]},{"@type":"ImageObject","inLanguage":"en-US","@id":"https:\/\/www.sestogrado.it\/en\/prodotto\/metolius-fs-mini-ii-rackpack-set-moschettoni\/#primaryimage","url":"https:\/\/www.sestogrado.it\/wp-content\/uploads\/2016\/06\/01-17.jpg","contentUrl":"https:\/\/www.sestogrado.it\/wp-content\/uploads\/2016\/06\/01-17.jpg","width":1599,"height":2132,"caption":"metolius fs mini"},{"@type":"BreadcrumbList","@id":"https:\/\/www.sestogrado.it\/en\/prodotto\/metolius-fs-mini-ii-rackpack-set-moschettoni\/#breadcrumb","itemListElement":[{"@type":"ListItem","position":1,"name":"Home","item":"https:\/\/www.sestogrado.it\/en\/"},{"@type":"ListItem","position":2,"name":"Shop","item":"https:\/\/www.sestogrado.it\/en\/shop\/"},{"@type":"ListItem","position":3,"name":"Metolius FS Mini II RackPack set moschettoni"}]},{"@type":"WebSite","@id":"https:\/\/www.sestogrado.it\/en\/#website","url":"https:\/\/www.sestogrado.it\/en\/","name":"Sestogrado","description":"yes we climb","publisher":{"@id":"https:\/\/www.sestogrado.it\/en\/#organization"},"potentialAction":[{"@type":"SearchAction","target":{"@type":"EntryPoint","urlTemplate":"https:\/\/www.sestogrado.it\/en\/?s={search_term_string}"},"query-input":{"@type":"PropertyValueSpecification","valueRequired":true,"valueName":"search_term_string"}}],"inLanguage":"en-US"},{"@type":"Organization","@id":"https:\/\/www.sestogrado.it\/en\/#organization","name":"Sestogrado","url":"https:\/\/www.sestogrado.it\/en\/","logo":{"@type":"ImageObject","inLanguage":"en-US","@id":"https:\/\/www.sestogrado.it\/en\/#\/schema\/logo\/image\/","url":"https:\/\/www.sestogrado.it\/wp-content\/uploads\/2015\/03\/sestogrado-favicon.png","contentUrl":"https:\/\/www.sestogrado.it\/wp-content\/uploads\/2015\/03\/sestogrado-favicon.png","width":260,"height":260,"caption":"Sestogrado"},"image":{"@id":"https:\/\/www.sestogrado.it\/en\/#\/schema\/logo\/image\/"},"sameAs":["https:\/\/www.facebook.com\/pages\/Sestogrado\/1542635979353017?ref=bookmarks","https:\/\/www.youtube.com\/channel\/UC847kAfTkaJsWpc1jtQwr3Q"],"hasMerchantReturnPolicy":{"@type":"MerchantReturnPolicy","merchantReturnLink":"https:\/\/www.sestogrado.it\/en\/termini-e-condizioni\/"}}]},"product_brand":"Metolius","product_price_amount":"52.70","product_price_currency":"EUR","og_availability":"out of stock","product_availability":"out of stock","product_condition":"new"},"_links":{"self":[{"href":"https:\/\/www.sestogrado.it\/en\/wp-json\/wp\/v2\/product\/7178","targetHints":{"allow":["GET"]}}],"collection":[{"href":"https:\/\/www.sestogrado.it\/en\/wp-json\/wp\/v2\/product"}],"about":[{"href":"https:\/\/www.sestogrado.it\/en\/wp-json\/wp\/v2\/types\/product"}],"replies":[{"embeddable":true,"href":"https:\/\/www.sestogrado.it\/en\/wp-json\/wp\/v2\/comments?post=7178"}],"wp:featuredmedia":[{"embeddable":true,"href":"https:\/\/www.sestogrado.it\/en\/wp-json\/wp\/v2\/media\/7179"}],"wp:attachment":[{"href":"https:\/\/www.sestogrado.it\/en\/wp-json\/wp\/v2\/media?parent=7178"}],"wp:term":[{"taxonomy":"product_brand","embeddable":true,"href":"https:\/\/www.sestogrado.it\/en\/wp-json\/wp\/v2\/product_brand?post=7178"},{"taxonomy":"product_cat","embeddable":true,"href":"https:\/\/www.sestogrado.it\/en\/wp-json\/wp\/v2\/product_cat?post=7178"},{"taxonomy":"product_tag","embeddable":true,"href":"https:\/\/www.sestogrado.it\/en\/wp-json\/wp\/v2\/product_tag?post=7178"}],"curies":[{"name":"wp","href":"https:\/\/api.w.org\/{rel}","templated":true}]}}