{"id":7163,"date":"2016-06-14T15:26:59","date_gmt":"2016-06-14T13:26:59","guid":{"rendered":"http:\/\/www.sestogrado.it\/?post_type=product&#038;p=7163"},"modified":"2025-04-09T12:55:57","modified_gmt":"2025-04-09T10:55:57","slug":"intelligenza-artificiale","status":"publish","type":"product","link":"https:\/\/www.sestogrado.it\/en\/prodotto\/intelligenza-artificiale\/","title":{"rendered":"Intelligenza artificiale"},"content":{"rendered":"<p>Intelligenza Artificiale \u00e8\u00a0uno dei pi\u00f9 approfonditi e tecnici manuali mai scritti sull&#8217;arrampicata artificiale.<\/p>\n<p>A spiegazioni dettagliate sull\u2019uso dei pi\u00f9 esotici materiali ed alla descrizione di tutte le pi\u00f9 attuali tecniche di progressione si affiancano venti racconti dei migliori specialisti di arrampicata artificiale del mondo, racconti capaci di farci apprezzare, attraverso parole di esaltazione e sofferenza, la passione che li muove.<\/p>\n<p>Un libro questo che pu\u00f2 essere letto a diversi livelli e che sar\u00e0 utile a tutti:<br \/>\nal principiante, che ne guadagner\u00e0 una serie di trucchi ed un nuovo punto di vista sulla sicurezza in parete, allo scalatore esperto ma che ha sempre cambiato itinerario quando su una relazione leggeva la parola \u201cartificiale\u201d e che ora potr\u00e0 realizzare sogni pi\u00f9 ambiziosi, al semplice appassionato di letture di montagna, che verr\u00e0 trasportato su pareti fantastiche dalle parole graffianti di chi ha dedicato la vita al mondo del verticale e delle staffe.<\/p>\n<p><em>Un libro che dovrebbe essere letto anche da tutti gli arrampicatori che si cimentano su vie lunghe e in ambiente e che devono far fronte a imprevisti o corte sezioni non superabili in libera.\u201d<\/em><br \/>\n<strong>Jim Bridwell<\/strong><\/p>\n<p><em>\u00c8 pi\u00f9 che giusto che l\u2019Italia, patria dell\u2019arrampicata e santuario di grandi pareti, abbia un nuovo testo di riferimento per l\u2019arrampicata artificiale, attivit\u00e0 che \u00e8 quasi una religione per i suoi appassionati praticanti.<br \/>\n(\u2026)<br \/>\nSalire big wall richiede lavoro. Sono il lavoro e gli sforzi fatti per progettare che distinguono l\u2019uomo dalla bestia, le cui fatiche sono in gran parte istintive. Il bisogno di lavorare, inteso come necessit\u00e0 di sforzarsi per raggiungere un traguardo, \u00e8 una benedizione di primaria importanza per l\u2019umanit\u00e0 ed \u00e8 superfluo sottolineare quale ingente lavoro richieda questo modo di arrampicare: se siete pigri vi troverete meglio con l\u2019arrampicata sportiva, il big wall climbing non \u00e8 per gli oziosi.\u2028 L\u2019arrampicata che vi aspetta sulle enormi pareti rocciose del mondo necessita, a causa della sua variegata natura, di una moltitudine di competenze molto sofisticate da adattare fluidamente ed efficacemente a quanto vi trovate davanti.\u2028Questo permette all\u2019uomo comune di sperimentare quella straordinaria autorealizzazione che consegue al successo, onestamente conquistata e per questo moralmente valida: dopo tutto c\u2019\u00e8 una sottile linea rossa tra equilibrio e stupidit\u00e0, come c\u2019\u00e8 tra prudenza e codardia.\u201d<br \/>\n<\/em><strong>Dall\u2019introduzione di Jim Bridwell<\/strong><\/p>\n<p><em>Questo non \u00e8 un libro di avventure, o almeno non solo, impossibile leggerlo tutto d\u2019un fiato, cento pagine al giorno. \u00c8 un mattone che va masticato e digerito un boccone per volta, una pietanza altamente calorica di cui non fare indigestione. Abbiamo cercato di essere il pi\u00f9 completi possibile, analizzando tutti o quasi i prodotti presenti sul mercato, ogni operazione \u00e8 descritta con molteplici tecniche, spesso simili e ridondanti, ognuna con i suoi pro e i suoi contro. E quando sarete padroni di tutte loro, quando tutto scorrer\u00e0 nel vostro sangue, non sarete al traguardo ma sulla linea di partenza, non sentitevi arrivati, ma solo pronti a dire \u201cche il gioco abbia inizio\u201d. Noi siamo appena partiti\u2026<br \/>\n<\/em><strong>Dall\u2019introduzione degli Autori<br \/>\n<\/strong><\/p>\n<p>&nbsp;<\/p>\n<h1>Info sugli Autori<\/h1>\n<p><strong>Fabio Elli<\/strong>, classe 1980, ingegnere chimico, abita in provincia di Como. Conosce la montagna e l\u2019arrampicata con suo pap\u00e0 nel 1994 e da l\u00ec non smette pi\u00f9. Grande appassionato di alpinismo e cascate di ghiaccio, ma anche di bicicletta e fotografia. Sente fin da subito il fascino delle staffe ma inizia a dedicarcisi davvero nel 2010, spesso in solitaria. Ha salito molte delle pi\u00f9 belle grand course nel gruppo del Monte Bianco, il Mooses Tooth in Alaska nel 2010 e Lurking Fear al Capitan nel 2015.<\/p>\n<p><strong>Diego Pezzoli<\/strong>, classe 1980. Geometra, abita in provincia di Bergamo. Ha conosciuto l\u2019arrampicata solamente nel 2008 e dopo tre anni di intensa gavetta in giro per le Alpi, ha scoperto la scalata artificiale. Affascinato dalle grandi pareti sulle quali bisogna stare a lungo ha scalato sul El Capitan, in Yosemite, e nella sua amata Norvegia le pareti del Bl\u00e5mann e dello Stetind. Nel 2013 \u00e8 stato il primo Internazionale a partecipare alla gara di Artificiale \u201cAlpine Marathon\u201d a Svetogorsk in Russia. Ha aperto nel 2014 una nuova via sul Pinnacolo di Maslana (Valbondione, Bg): \u201c Baba Jaga\u201d probabilmente la prima e impegnativa linea di artificiale moderno nelle valli bergamasche.<\/p>\n<p>&nbsp;<\/p>\n<p>Sfoglia il pdf:<\/p>\n<div class=\"embed-responsive embed-responsive-16by9\"><iframe title=\"INTELLIGENZA ARTIFICIALE - Tecnica, materiali e storie dell&#039;arrampicata artificiale\" src=\"https:\/\/e.issuu.com\/embed.html?u=edizioni_versante_sud&#038;d=intelligenza_artificiale&#038;pageNumber=1\" style=\"border:none; width: 500px; height: 383px;\" allow=\"clipboard-write,allow-top-navigation,allow-top-navigation-by-user-activation,allow-downloads,allow-scripts,allow-same-origin,allow-popups,allow-modals,allow-popups-to-escape-sandbox,allow-forms\"  allowfullscreen=\"true\"><\/iframe><\/div>","protected":false},"excerpt":{"rendered":"<p>Intelligenza Artificiale \u00e8\u00a0uno dei pi\u00f9 approfonditi e tecnici manuali mai scritti sull&#8217;arrampicata artificiale. A spiegazioni dettagliate sull\u2019uso dei pi\u00f9 esotici [&hellip;]<\/p>\n","protected":false},"featured_media":7164,"comment_status":"open","ping_status":"closed","template":"","meta":{"_acf_changed":false},"product_brand":[99],"product_cat":[98],"product_tag":[],"class_list":{"0":"post-7163","1":"product","2":"type-product","3":"status-publish","4":"has-post-thumbnail","6":"product_brand-versante-sud","7":"product_cat-libri","9":"first","10":"outofstock","11":"taxable","12":"shipping-taxable","13":"purchasable","14":"product-type-simple"},"acf":[],"yoast_head":"<!-- This site is optimized with the Yoast SEO plugin v26.4 - https:\/\/yoast.com\/wordpress\/plugins\/seo\/ -->\n<title>Intelligenza artificiale - Sestogrado<\/title>\n<meta name=\"description\" content=\"Intelligenza Artificiale \u00e8 il miglior libro sulla tecnica, i materiali e le storie dell\u2019arrampicata artificiale classica e new age. Da Sestogrado negozio.\" \/>\n<meta name=\"robots\" content=\"index, follow, max-snippet:-1, max-image-preview:large, max-video-preview:-1\" \/>\n<link rel=\"canonical\" href=\"https:\/\/www.sestogrado.it\/en\/prodotto\/intelligenza-artificiale\/\" \/>\n<meta property=\"og:locale\" content=\"en_US\" \/>\n<meta property=\"og:type\" content=\"article\" \/>\n<meta property=\"og:title\" content=\"Intelligenza artificiale - Sestogrado\" \/>\n<meta property=\"og:description\" content=\"Intelligenza Artificiale \u00e8 il miglior libro sulla tecnica, i materiali e le storie dell\u2019arrampicata artificiale classica e new age. Da Sestogrado negozio.\" \/>\n<meta property=\"og:url\" content=\"https:\/\/www.sestogrado.it\/en\/prodotto\/intelligenza-artificiale\/\" \/>\n<meta property=\"og:site_name\" content=\"Sestogrado\" \/>\n<meta property=\"article:publisher\" content=\"https:\/\/www.facebook.com\/pages\/Sestogrado\/1542635979353017?ref=bookmarks\" \/>\n<meta property=\"article:modified_time\" content=\"2025-04-09T10:55:57+00:00\" \/>\n<meta property=\"og:image\" content=\"https:\/\/www.sestogrado.it\/wp-content\/uploads\/2016\/06\/intelligenza-artificiale.jpg\" \/>\n\t<meta property=\"og:image:width\" content=\"768\" \/>\n\t<meta property=\"og:image:height\" content=\"896\" \/>\n\t<meta property=\"og:image:type\" content=\"image\/jpeg\" \/>\n<meta name=\"twitter:label1\" content=\"Price\" \/>\n\t<meta name=\"twitter:data1\" content=\"&euro;&nbsp;35,00\" \/>\n\t<meta name=\"twitter:label2\" content=\"Availability\" \/>\n\t<meta name=\"twitter:data2\" content=\"Out of stock\" \/>\n<script type=\"application\/ld+json\" class=\"yoast-schema-graph\">{\"@context\":\"https:\/\/schema.org\",\"@graph\":[{\"@type\":\"WebPage\",\"@id\":\"https:\/\/www.sestogrado.it\/en\/prodotto\/intelligenza-artificiale\/\",\"url\":\"https:\/\/www.sestogrado.it\/en\/prodotto\/intelligenza-artificiale\/\",\"name\":\"Intelligenza artificiale - Sestogrado\",\"isPartOf\":{\"@id\":\"https:\/\/www.sestogrado.it\/en\/#website\"},\"primaryImageOfPage\":{\"@id\":\"https:\/\/www.sestogrado.it\/en\/prodotto\/intelligenza-artificiale\/#primaryimage\"},\"image\":{\"@id\":\"https:\/\/www.sestogrado.it\/prodotto\/intelligenza-artificiale\/#primaryimage\"},\"thumbnailUrl\":\"https:\/\/www.sestogrado.it\/wp-content\/uploads\/2016\/06\/intelligenza-artificiale.jpg\",\"datePublished\":\"2016-06-14T13:26:59+00:00\",\"dateModified\":\"2025-04-09T10:55:57+00:00\",\"description\":\"Intelligenza Artificiale \u00e8 il miglior libro sulla tecnica, i materiali e le storie dell\u2019arrampicata artificiale classica e new age. Da Sestogrado negozio.\",\"breadcrumb\":{\"@id\":\"https:\/\/www.sestogrado.it\/en\/prodotto\/intelligenza-artificiale\/#breadcrumb\"},\"inLanguage\":\"en-US\",\"potentialAction\":[{\"@type\":\"ReadAction\",\"target\":[[\"https:\/\/www.sestogrado.it\/en\/prodotto\/intelligenza-artificiale\/\"]]}]},{\"@type\":\"ImageObject\",\"inLanguage\":\"en-US\",\"@id\":\"https:\/\/www.sestogrado.it\/en\/prodotto\/intelligenza-artificiale\/#primaryimage\",\"url\":\"https:\/\/www.sestogrado.it\/wp-content\/uploads\/2016\/06\/intelligenza-artificiale.jpg\",\"contentUrl\":\"https:\/\/www.sestogrado.it\/wp-content\/uploads\/2016\/06\/intelligenza-artificiale.jpg\",\"width\":768,\"height\":896,\"caption\":\"intelligenza artificiale\"},{\"@type\":\"BreadcrumbList\",\"@id\":\"https:\/\/www.sestogrado.it\/en\/prodotto\/intelligenza-artificiale\/#breadcrumb\",\"itemListElement\":[{\"@type\":\"ListItem\",\"position\":1,\"name\":\"Home\",\"item\":\"https:\/\/www.sestogrado.it\/en\/\"},{\"@type\":\"ListItem\",\"position\":2,\"name\":\"Shop\",\"item\":\"https:\/\/www.sestogrado.it\/en\/shop\/\"},{\"@type\":\"ListItem\",\"position\":3,\"name\":\"Intelligenza artificiale\"}]},{\"@type\":\"WebSite\",\"@id\":\"https:\/\/www.sestogrado.it\/en\/#website\",\"url\":\"https:\/\/www.sestogrado.it\/en\/\",\"name\":\"Sestogrado\",\"description\":\"yes we climb\",\"publisher\":{\"@id\":\"https:\/\/www.sestogrado.it\/en\/#organization\"},\"potentialAction\":[{\"@type\":\"SearchAction\",\"target\":{\"@type\":\"EntryPoint\",\"urlTemplate\":\"https:\/\/www.sestogrado.it\/en\/?s={search_term_string}\"},\"query-input\":{\"@type\":\"PropertyValueSpecification\",\"valueRequired\":true,\"valueName\":\"search_term_string\"}}],\"inLanguage\":\"en-US\"},{\"@type\":\"Organization\",\"@id\":\"https:\/\/www.sestogrado.it\/en\/#organization\",\"name\":\"Sestogrado\",\"url\":\"https:\/\/www.sestogrado.it\/en\/\",\"logo\":{\"@type\":\"ImageObject\",\"inLanguage\":\"en-US\",\"@id\":\"https:\/\/www.sestogrado.it\/en\/#\/schema\/logo\/image\/\",\"url\":\"https:\/\/www.sestogrado.it\/wp-content\/uploads\/2015\/03\/sestogrado-favicon.png\",\"contentUrl\":\"https:\/\/www.sestogrado.it\/wp-content\/uploads\/2015\/03\/sestogrado-favicon.png\",\"width\":260,\"height\":260,\"caption\":\"Sestogrado\"},\"image\":{\"@id\":\"https:\/\/www.sestogrado.it\/en\/#\/schema\/logo\/image\/\"},\"sameAs\":[\"https:\/\/www.facebook.com\/pages\/Sestogrado\/1542635979353017?ref=bookmarks\",\"https:\/\/www.youtube.com\/channel\/UC847kAfTkaJsWpc1jtQwr3Q\"],\"hasMerchantReturnPolicy\":{\"@type\":\"MerchantReturnPolicy\",\"merchantReturnLink\":\"https:\/\/www.sestogrado.it\/en\/termini-e-condizioni\/\"}}]}<\/script>\n<meta property=\"product:brand\" content=\"Versante Sud\" \/>\n<meta property=\"product:price:amount\" content=\"35.00\" \/>\n<meta property=\"product:price:currency\" content=\"EUR\" \/>\n<meta property=\"og:availability\" content=\"out of stock\" \/>\n<meta property=\"product:availability\" content=\"out of stock\" \/>\n<meta property=\"product:condition\" content=\"new\" \/>\n<!-- \/ Yoast SEO plugin. -->","yoast_head_json":{"title":"Intelligenza artificiale - Sestogrado","description":"Intelligenza Artificiale \u00e8 il miglior libro sulla tecnica, i materiali e le storie dell\u2019arrampicata artificiale classica e new age. Da Sestogrado negozio.","robots":{"index":"index","follow":"follow","max-snippet":"max-snippet:-1","max-image-preview":"max-image-preview:large","max-video-preview":"max-video-preview:-1"},"canonical":"https:\/\/www.sestogrado.it\/en\/prodotto\/intelligenza-artificiale\/","og_locale":"en_US","og_type":"article","og_title":"Intelligenza artificiale - Sestogrado","og_description":"Intelligenza Artificiale \u00e8 il miglior libro sulla tecnica, i materiali e le storie dell\u2019arrampicata artificiale classica e new age. Da Sestogrado negozio.","og_url":"https:\/\/www.sestogrado.it\/en\/prodotto\/intelligenza-artificiale\/","og_site_name":"Sestogrado","article_publisher":"https:\/\/www.facebook.com\/pages\/Sestogrado\/1542635979353017?ref=bookmarks","article_modified_time":"2025-04-09T10:55:57+00:00","og_image":[{"width":768,"height":896,"url":"https:\/\/www.sestogrado.it\/wp-content\/uploads\/2016\/06\/intelligenza-artificiale.jpg","type":"image\/jpeg"}],"twitter_misc":{"Price":"&euro;&nbsp;35,00","Availability":"Out of stock"},"schema":{"@context":"https:\/\/schema.org","@graph":[{"@type":"WebPage","@id":"https:\/\/www.sestogrado.it\/en\/prodotto\/intelligenza-artificiale\/","url":"https:\/\/www.sestogrado.it\/en\/prodotto\/intelligenza-artificiale\/","name":"Intelligenza artificiale - Sestogrado","isPartOf":{"@id":"https:\/\/www.sestogrado.it\/en\/#website"},"primaryImageOfPage":{"@id":"https:\/\/www.sestogrado.it\/en\/prodotto\/intelligenza-artificiale\/#primaryimage"},"image":{"@id":"https:\/\/www.sestogrado.it\/prodotto\/intelligenza-artificiale\/#primaryimage"},"thumbnailUrl":"https:\/\/www.sestogrado.it\/wp-content\/uploads\/2016\/06\/intelligenza-artificiale.jpg","datePublished":"2016-06-14T13:26:59+00:00","dateModified":"2025-04-09T10:55:57+00:00","description":"Intelligenza Artificiale \u00e8 il miglior libro sulla tecnica, i materiali e le storie dell\u2019arrampicata artificiale classica e new age. Da Sestogrado negozio.","breadcrumb":{"@id":"https:\/\/www.sestogrado.it\/en\/prodotto\/intelligenza-artificiale\/#breadcrumb"},"inLanguage":"en-US","potentialAction":[{"@type":"ReadAction","target":[["https:\/\/www.sestogrado.it\/en\/prodotto\/intelligenza-artificiale\/"]]}]},{"@type":"ImageObject","inLanguage":"en-US","@id":"https:\/\/www.sestogrado.it\/en\/prodotto\/intelligenza-artificiale\/#primaryimage","url":"https:\/\/www.sestogrado.it\/wp-content\/uploads\/2016\/06\/intelligenza-artificiale.jpg","contentUrl":"https:\/\/www.sestogrado.it\/wp-content\/uploads\/2016\/06\/intelligenza-artificiale.jpg","width":768,"height":896,"caption":"intelligenza artificiale"},{"@type":"BreadcrumbList","@id":"https:\/\/www.sestogrado.it\/en\/prodotto\/intelligenza-artificiale\/#breadcrumb","itemListElement":[{"@type":"ListItem","position":1,"name":"Home","item":"https:\/\/www.sestogrado.it\/en\/"},{"@type":"ListItem","position":2,"name":"Shop","item":"https:\/\/www.sestogrado.it\/en\/shop\/"},{"@type":"ListItem","position":3,"name":"Intelligenza artificiale"}]},{"@type":"WebSite","@id":"https:\/\/www.sestogrado.it\/en\/#website","url":"https:\/\/www.sestogrado.it\/en\/","name":"Sestogrado","description":"yes we climb","publisher":{"@id":"https:\/\/www.sestogrado.it\/en\/#organization"},"potentialAction":[{"@type":"SearchAction","target":{"@type":"EntryPoint","urlTemplate":"https:\/\/www.sestogrado.it\/en\/?s={search_term_string}"},"query-input":{"@type":"PropertyValueSpecification","valueRequired":true,"valueName":"search_term_string"}}],"inLanguage":"en-US"},{"@type":"Organization","@id":"https:\/\/www.sestogrado.it\/en\/#organization","name":"Sestogrado","url":"https:\/\/www.sestogrado.it\/en\/","logo":{"@type":"ImageObject","inLanguage":"en-US","@id":"https:\/\/www.sestogrado.it\/en\/#\/schema\/logo\/image\/","url":"https:\/\/www.sestogrado.it\/wp-content\/uploads\/2015\/03\/sestogrado-favicon.png","contentUrl":"https:\/\/www.sestogrado.it\/wp-content\/uploads\/2015\/03\/sestogrado-favicon.png","width":260,"height":260,"caption":"Sestogrado"},"image":{"@id":"https:\/\/www.sestogrado.it\/en\/#\/schema\/logo\/image\/"},"sameAs":["https:\/\/www.facebook.com\/pages\/Sestogrado\/1542635979353017?ref=bookmarks","https:\/\/www.youtube.com\/channel\/UC847kAfTkaJsWpc1jtQwr3Q"],"hasMerchantReturnPolicy":{"@type":"MerchantReturnPolicy","merchantReturnLink":"https:\/\/www.sestogrado.it\/en\/termini-e-condizioni\/"}}]},"product_brand":"Versante Sud","product_price_amount":"35.00","product_price_currency":"EUR","og_availability":"out of stock","product_availability":"out of stock","product_condition":"new"},"_links":{"self":[{"href":"https:\/\/www.sestogrado.it\/en\/wp-json\/wp\/v2\/product\/7163","targetHints":{"allow":["GET"]}}],"collection":[{"href":"https:\/\/www.sestogrado.it\/en\/wp-json\/wp\/v2\/product"}],"about":[{"href":"https:\/\/www.sestogrado.it\/en\/wp-json\/wp\/v2\/types\/product"}],"replies":[{"embeddable":true,"href":"https:\/\/www.sestogrado.it\/en\/wp-json\/wp\/v2\/comments?post=7163"}],"wp:featuredmedia":[{"embeddable":true,"href":"https:\/\/www.sestogrado.it\/en\/wp-json\/wp\/v2\/media\/7164"}],"wp:attachment":[{"href":"https:\/\/www.sestogrado.it\/en\/wp-json\/wp\/v2\/media?parent=7163"}],"wp:term":[{"taxonomy":"product_brand","embeddable":true,"href":"https:\/\/www.sestogrado.it\/en\/wp-json\/wp\/v2\/product_brand?post=7163"},{"taxonomy":"product_cat","embeddable":true,"href":"https:\/\/www.sestogrado.it\/en\/wp-json\/wp\/v2\/product_cat?post=7163"},{"taxonomy":"product_tag","embeddable":true,"href":"https:\/\/www.sestogrado.it\/en\/wp-json\/wp\/v2\/product_tag?post=7163"}],"curies":[{"name":"wp","href":"https:\/\/api.w.org\/{rel}","templated":true}]}}