{"id":7160,"date":"2016-06-14T15:16:35","date_gmt":"2016-06-14T13:16:35","guid":{"rendered":"http:\/\/www.sestogrado.it\/?post_type=product&#038;p=7160"},"modified":"2025-12-28T09:32:22","modified_gmt":"2025-12-28T08:32:22","slug":"un-movimento-di-troppo","status":"publish","type":"product","link":"https:\/\/www.sestogrado.it\/en\/prodotto\/un-movimento-di-troppo\/","title":{"rendered":"Un movimento di troppo"},"content":{"rendered":"<p>Un movimento di troppo \u00e8 un testo fondamentale per capire le patologie tipiche dell&#8217;attivit\u00e0 arrampicatoria.<\/p>\n<p>Chi scala spesso \u00e8 alle prese con tendiniti, lesioni alle articolazioni e danni muscolari, che non sempre trovano una esaustiva risposta da medici e specialisti, pi\u00f9 esperti in patologie di ginocchia e caviglie \u2013 legate a sport pi\u00f9 diffusi come il calcio o il basket \u2013 che a quelle di dita e mani.<\/p>\n<p>Un movimento di troppo contiene tutto quanto pu\u00f2 servire per capire le patologie legate all\u2019arrampicata e curarle o farsi curare nel migliore dei modi.<\/p>\n<p>&nbsp;<\/p>\n<p>Posso allenarmi per fare il 9a+ rotpunkt o l\u20198c on sight senza rischiare la tendinite o l\u2019anoressia?<br \/>\nQuante trazioni su un monodito svaso posso fare e cosa devo pensare se alla quarta sento uno schiocco e un gran dolore?<br \/>\nLe mie mani a 60 anni saranno su una sedia a rotelle?<br \/>\nIl gomito del tennista affligge anche gli idraulici?<br \/>\nE\u2019 il cortisone o il manettone il pericolo pi\u00f9 grande?<br \/>\nTra una poppata e l\u2019altra, mio figlio pu\u00f2 usare il pan Gullich?<\/p>\n<p>A queste e a molte altre domande troverete risposta in questo imperdibile testo.<\/p>\n<p>&nbsp;<\/p>\n<p>Info sugli Autori<\/p>\n<p><strong>Dr. Thomas Hochholzer<\/strong> Nato nel 1958 ad Alt\u00f6tting, Germania, specializzato in chirurgia ortopedica e medicina sportiva.<br \/>\nHa completato i suoi studi con una tesi sulla fisiologia in altura. Dal 1997 esercita a Innsbruck, Austria, nella sua clinica privata.<br \/>\nThomas scala dal 1978, ed \u00e8 stato membro di numerose spedizioni in Alaska, India, Tibet e Nuova Guinea. Ha condotto numerosi studi scientifici sui traumi nell\u2019arrampicata e ha pubblicato un manuale dal titolo Trekking und H\u00f6nhenbergsteigen (Trekking e medicina in montagna).<\/p>\n<p><strong>Dr. Volker Schoeffl<\/strong> Si \u00e8 laureato in medicina all\u2019Universit\u00e0 di Wuerzburg, in Germania, ed \u00e8 specializzato in chirurgia degli infortuni e medicina sportiva. \u00c8 il medico della squadra nazionale tedesca di arrampicata, e membro della Commissione Medica dell\u2019UIAA. Volker scala da pi\u00f9 di vent\u2019anni, e ha liberato diverse vie fino all\u20198b. Ha partecipato a numerose spedizioni in Nepal, Borneo e Birmania.<br \/>\nStudia i meccanismi degli infortuni in arrampicata, argomento su cui ha pubblicato diversi scritti e su cui tiene seminari.<\/p>","protected":false},"excerpt":{"rendered":"<p>Un movimento di troppo \u00e8 un testo fondamentale per capire le patologie tipiche dell&#8217;attivit\u00e0 arrampicatoria. Chi scala spesso \u00e8 alle [&hellip;]<\/p>\n","protected":false},"featured_media":7161,"comment_status":"open","ping_status":"closed","template":"","meta":{"_acf_changed":false},"product_brand":[99],"product_cat":[303,98],"product_tag":[],"class_list":{"0":"post-7160","1":"product","2":"type-product","3":"status-publish","4":"has-post-thumbnail","6":"product_brand-versante-sud","7":"product_cat-allenamento","8":"product_cat-libri","10":"first","11":"instock","12":"taxable","13":"shipping-taxable","14":"purchasable","15":"product-type-simple"},"acf":[],"yoast_head":"<!-- This site is optimized with the Yoast SEO plugin v26.4 - https:\/\/yoast.com\/wordpress\/plugins\/seo\/ -->\n<title>Un movimento di troppo - Sestogrado<\/title>\n<meta name=\"description\" content=\"Un movimento di troppo \u00e8 un testo fondamentale per capire le patologie tipiche dell&#039;attivit\u00e0 arrampicatoria quali tendiniti e lesioni alle articolazioni.\" \/>\n<meta name=\"robots\" content=\"index, follow, max-snippet:-1, max-image-preview:large, max-video-preview:-1\" \/>\n<link rel=\"canonical\" href=\"https:\/\/www.sestogrado.it\/en\/prodotto\/un-movimento-di-troppo\/\" \/>\n<meta property=\"og:locale\" content=\"en_US\" \/>\n<meta property=\"og:type\" content=\"article\" \/>\n<meta property=\"og:title\" content=\"Un movimento di troppo - Sestogrado\" \/>\n<meta property=\"og:description\" content=\"Un movimento di troppo \u00e8 un testo fondamentale per capire le patologie tipiche dell&#039;attivit\u00e0 arrampicatoria quali tendiniti e lesioni alle articolazioni.\" \/>\n<meta property=\"og:url\" content=\"https:\/\/www.sestogrado.it\/en\/prodotto\/un-movimento-di-troppo\/\" \/>\n<meta property=\"og:site_name\" content=\"Sestogrado\" \/>\n<meta property=\"article:publisher\" content=\"https:\/\/www.facebook.com\/pages\/Sestogrado\/1542635979353017?ref=bookmarks\" \/>\n<meta property=\"article:modified_time\" content=\"2025-12-28T08:32:22+00:00\" \/>\n<meta property=\"og:image\" content=\"https:\/\/www.sestogrado.it\/wp-content\/uploads\/2016\/06\/onemove1.jpg\" \/>\n\t<meta property=\"og:image:width\" content=\"1000\" \/>\n\t<meta property=\"og:image:height\" content=\"1178\" \/>\n\t<meta property=\"og:image:type\" content=\"image\/jpeg\" \/>\n<meta name=\"twitter:label1\" content=\"Price\" \/>\n\t<meta name=\"twitter:data1\" content=\"&euro;&nbsp;22,90\" \/>\n\t<meta name=\"twitter:label2\" content=\"Availability\" \/>\n\t<meta name=\"twitter:data2\" content=\"In stock\" \/>\n<script type=\"application\/ld+json\" class=\"yoast-schema-graph\">{\"@context\":\"https:\/\/schema.org\",\"@graph\":[{\"@type\":\"WebPage\",\"@id\":\"https:\/\/www.sestogrado.it\/en\/prodotto\/un-movimento-di-troppo\/\",\"url\":\"https:\/\/www.sestogrado.it\/en\/prodotto\/un-movimento-di-troppo\/\",\"name\":\"Un movimento di troppo - Sestogrado\",\"isPartOf\":{\"@id\":\"https:\/\/www.sestogrado.it\/en\/#website\"},\"primaryImageOfPage\":{\"@id\":\"https:\/\/www.sestogrado.it\/en\/prodotto\/un-movimento-di-troppo\/#primaryimage\"},\"image\":{\"@id\":\"https:\/\/www.sestogrado.it\/prodotto\/un-movimento-di-troppo\/#primaryimage\"},\"thumbnailUrl\":\"https:\/\/www.sestogrado.it\/wp-content\/uploads\/2016\/06\/onemove1.jpg\",\"datePublished\":\"2016-06-14T13:16:35+00:00\",\"dateModified\":\"2025-12-28T08:32:22+00:00\",\"description\":\"Un movimento di troppo \u00e8 un testo fondamentale per capire le patologie tipiche dell'attivit\u00e0 arrampicatoria quali tendiniti e lesioni alle articolazioni.\",\"breadcrumb\":{\"@id\":\"https:\/\/www.sestogrado.it\/en\/prodotto\/un-movimento-di-troppo\/#breadcrumb\"},\"inLanguage\":\"en-US\",\"potentialAction\":[{\"@type\":\"ReadAction\",\"target\":[[\"https:\/\/www.sestogrado.it\/en\/prodotto\/un-movimento-di-troppo\/\"]]}]},{\"@type\":\"ImageObject\",\"inLanguage\":\"en-US\",\"@id\":\"https:\/\/www.sestogrado.it\/en\/prodotto\/un-movimento-di-troppo\/#primaryimage\",\"url\":\"https:\/\/www.sestogrado.it\/wp-content\/uploads\/2016\/06\/onemove1.jpg\",\"contentUrl\":\"https:\/\/www.sestogrado.it\/wp-content\/uploads\/2016\/06\/onemove1.jpg\",\"width\":1000,\"height\":1178,\"caption\":\"un movimento di troppo\"},{\"@type\":\"BreadcrumbList\",\"@id\":\"https:\/\/www.sestogrado.it\/en\/prodotto\/un-movimento-di-troppo\/#breadcrumb\",\"itemListElement\":[{\"@type\":\"ListItem\",\"position\":1,\"name\":\"Home\",\"item\":\"https:\/\/www.sestogrado.it\/en\/\"},{\"@type\":\"ListItem\",\"position\":2,\"name\":\"Shop\",\"item\":\"https:\/\/www.sestogrado.it\/en\/shop\/\"},{\"@type\":\"ListItem\",\"position\":3,\"name\":\"Un movimento di troppo\"}]},{\"@type\":\"WebSite\",\"@id\":\"https:\/\/www.sestogrado.it\/en\/#website\",\"url\":\"https:\/\/www.sestogrado.it\/en\/\",\"name\":\"Sestogrado\",\"description\":\"yes we climb\",\"publisher\":{\"@id\":\"https:\/\/www.sestogrado.it\/en\/#organization\"},\"potentialAction\":[{\"@type\":\"SearchAction\",\"target\":{\"@type\":\"EntryPoint\",\"urlTemplate\":\"https:\/\/www.sestogrado.it\/en\/?s={search_term_string}\"},\"query-input\":{\"@type\":\"PropertyValueSpecification\",\"valueRequired\":true,\"valueName\":\"search_term_string\"}}],\"inLanguage\":\"en-US\"},{\"@type\":\"Organization\",\"@id\":\"https:\/\/www.sestogrado.it\/en\/#organization\",\"name\":\"Sestogrado\",\"url\":\"https:\/\/www.sestogrado.it\/en\/\",\"logo\":{\"@type\":\"ImageObject\",\"inLanguage\":\"en-US\",\"@id\":\"https:\/\/www.sestogrado.it\/en\/#\/schema\/logo\/image\/\",\"url\":\"https:\/\/www.sestogrado.it\/wp-content\/uploads\/2015\/03\/sestogrado-favicon.png\",\"contentUrl\":\"https:\/\/www.sestogrado.it\/wp-content\/uploads\/2015\/03\/sestogrado-favicon.png\",\"width\":260,\"height\":260,\"caption\":\"Sestogrado\"},\"image\":{\"@id\":\"https:\/\/www.sestogrado.it\/en\/#\/schema\/logo\/image\/\"},\"sameAs\":[\"https:\/\/www.facebook.com\/pages\/Sestogrado\/1542635979353017?ref=bookmarks\",\"https:\/\/www.youtube.com\/channel\/UC847kAfTkaJsWpc1jtQwr3Q\"],\"hasMerchantReturnPolicy\":{\"@type\":\"MerchantReturnPolicy\",\"merchantReturnLink\":\"https:\/\/www.sestogrado.it\/en\/termini-e-condizioni\/\"}}]}<\/script>\n<meta property=\"product:brand\" content=\"Versante Sud\" \/>\n<meta property=\"product:price:amount\" content=\"22.90\" \/>\n<meta property=\"product:price:currency\" content=\"EUR\" \/>\n<meta property=\"og:availability\" content=\"instock\" \/>\n<meta property=\"product:availability\" content=\"instock\" \/>\n<meta property=\"product:condition\" content=\"new\" \/>\n<!-- \/ Yoast SEO plugin. -->","yoast_head_json":{"title":"Un movimento di troppo - Sestogrado","description":"Un movimento di troppo \u00e8 un testo fondamentale per capire le patologie tipiche dell'attivit\u00e0 arrampicatoria quali tendiniti e lesioni alle articolazioni.","robots":{"index":"index","follow":"follow","max-snippet":"max-snippet:-1","max-image-preview":"max-image-preview:large","max-video-preview":"max-video-preview:-1"},"canonical":"https:\/\/www.sestogrado.it\/en\/prodotto\/un-movimento-di-troppo\/","og_locale":"en_US","og_type":"article","og_title":"Un movimento di troppo - Sestogrado","og_description":"Un movimento di troppo \u00e8 un testo fondamentale per capire le patologie tipiche dell'attivit\u00e0 arrampicatoria quali tendiniti e lesioni alle articolazioni.","og_url":"https:\/\/www.sestogrado.it\/en\/prodotto\/un-movimento-di-troppo\/","og_site_name":"Sestogrado","article_publisher":"https:\/\/www.facebook.com\/pages\/Sestogrado\/1542635979353017?ref=bookmarks","article_modified_time":"2025-12-28T08:32:22+00:00","og_image":[{"width":1000,"height":1178,"url":"https:\/\/www.sestogrado.it\/wp-content\/uploads\/2016\/06\/onemove1.jpg","type":"image\/jpeg"}],"twitter_misc":{"Price":"&euro;&nbsp;22,90","Availability":"In stock"},"schema":{"@context":"https:\/\/schema.org","@graph":[{"@type":"WebPage","@id":"https:\/\/www.sestogrado.it\/en\/prodotto\/un-movimento-di-troppo\/","url":"https:\/\/www.sestogrado.it\/en\/prodotto\/un-movimento-di-troppo\/","name":"Un movimento di troppo - Sestogrado","isPartOf":{"@id":"https:\/\/www.sestogrado.it\/en\/#website"},"primaryImageOfPage":{"@id":"https:\/\/www.sestogrado.it\/en\/prodotto\/un-movimento-di-troppo\/#primaryimage"},"image":{"@id":"https:\/\/www.sestogrado.it\/prodotto\/un-movimento-di-troppo\/#primaryimage"},"thumbnailUrl":"https:\/\/www.sestogrado.it\/wp-content\/uploads\/2016\/06\/onemove1.jpg","datePublished":"2016-06-14T13:16:35+00:00","dateModified":"2025-12-28T08:32:22+00:00","description":"Un movimento di troppo \u00e8 un testo fondamentale per capire le patologie tipiche dell'attivit\u00e0 arrampicatoria quali tendiniti e lesioni alle articolazioni.","breadcrumb":{"@id":"https:\/\/www.sestogrado.it\/en\/prodotto\/un-movimento-di-troppo\/#breadcrumb"},"inLanguage":"en-US","potentialAction":[{"@type":"ReadAction","target":[["https:\/\/www.sestogrado.it\/en\/prodotto\/un-movimento-di-troppo\/"]]}]},{"@type":"ImageObject","inLanguage":"en-US","@id":"https:\/\/www.sestogrado.it\/en\/prodotto\/un-movimento-di-troppo\/#primaryimage","url":"https:\/\/www.sestogrado.it\/wp-content\/uploads\/2016\/06\/onemove1.jpg","contentUrl":"https:\/\/www.sestogrado.it\/wp-content\/uploads\/2016\/06\/onemove1.jpg","width":1000,"height":1178,"caption":"un movimento di troppo"},{"@type":"BreadcrumbList","@id":"https:\/\/www.sestogrado.it\/en\/prodotto\/un-movimento-di-troppo\/#breadcrumb","itemListElement":[{"@type":"ListItem","position":1,"name":"Home","item":"https:\/\/www.sestogrado.it\/en\/"},{"@type":"ListItem","position":2,"name":"Shop","item":"https:\/\/www.sestogrado.it\/en\/shop\/"},{"@type":"ListItem","position":3,"name":"Un movimento di troppo"}]},{"@type":"WebSite","@id":"https:\/\/www.sestogrado.it\/en\/#website","url":"https:\/\/www.sestogrado.it\/en\/","name":"Sestogrado","description":"yes we climb","publisher":{"@id":"https:\/\/www.sestogrado.it\/en\/#organization"},"potentialAction":[{"@type":"SearchAction","target":{"@type":"EntryPoint","urlTemplate":"https:\/\/www.sestogrado.it\/en\/?s={search_term_string}"},"query-input":{"@type":"PropertyValueSpecification","valueRequired":true,"valueName":"search_term_string"}}],"inLanguage":"en-US"},{"@type":"Organization","@id":"https:\/\/www.sestogrado.it\/en\/#organization","name":"Sestogrado","url":"https:\/\/www.sestogrado.it\/en\/","logo":{"@type":"ImageObject","inLanguage":"en-US","@id":"https:\/\/www.sestogrado.it\/en\/#\/schema\/logo\/image\/","url":"https:\/\/www.sestogrado.it\/wp-content\/uploads\/2015\/03\/sestogrado-favicon.png","contentUrl":"https:\/\/www.sestogrado.it\/wp-content\/uploads\/2015\/03\/sestogrado-favicon.png","width":260,"height":260,"caption":"Sestogrado"},"image":{"@id":"https:\/\/www.sestogrado.it\/en\/#\/schema\/logo\/image\/"},"sameAs":["https:\/\/www.facebook.com\/pages\/Sestogrado\/1542635979353017?ref=bookmarks","https:\/\/www.youtube.com\/channel\/UC847kAfTkaJsWpc1jtQwr3Q"],"hasMerchantReturnPolicy":{"@type":"MerchantReturnPolicy","merchantReturnLink":"https:\/\/www.sestogrado.it\/en\/termini-e-condizioni\/"}}]},"product_brand":"Versante Sud","product_price_amount":"22.90","product_price_currency":"EUR","og_availability":"instock","product_availability":"instock","product_condition":"new"},"_links":{"self":[{"href":"https:\/\/www.sestogrado.it\/en\/wp-json\/wp\/v2\/product\/7160","targetHints":{"allow":["GET"]}}],"collection":[{"href":"https:\/\/www.sestogrado.it\/en\/wp-json\/wp\/v2\/product"}],"about":[{"href":"https:\/\/www.sestogrado.it\/en\/wp-json\/wp\/v2\/types\/product"}],"replies":[{"embeddable":true,"href":"https:\/\/www.sestogrado.it\/en\/wp-json\/wp\/v2\/comments?post=7160"}],"wp:featuredmedia":[{"embeddable":true,"href":"https:\/\/www.sestogrado.it\/en\/wp-json\/wp\/v2\/media\/7161"}],"wp:attachment":[{"href":"https:\/\/www.sestogrado.it\/en\/wp-json\/wp\/v2\/media?parent=7160"}],"wp:term":[{"taxonomy":"product_brand","embeddable":true,"href":"https:\/\/www.sestogrado.it\/en\/wp-json\/wp\/v2\/product_brand?post=7160"},{"taxonomy":"product_cat","embeddable":true,"href":"https:\/\/www.sestogrado.it\/en\/wp-json\/wp\/v2\/product_cat?post=7160"},{"taxonomy":"product_tag","embeddable":true,"href":"https:\/\/www.sestogrado.it\/en\/wp-json\/wp\/v2\/product_tag?post=7160"}],"curies":[{"name":"wp","href":"https:\/\/api.w.org\/{rel}","templated":true}]}}