{"id":7068,"date":"2016-06-09T15:53:11","date_gmt":"2016-06-09T13:53:11","guid":{"rendered":"http:\/\/www.sestogrado.it\/?post_type=product&#038;p=7068"},"modified":"2026-04-20T15:55:47","modified_gmt":"2026-04-20T13:55:47","slug":"metolius-simulator-3d-trave-arrampicata","status":"publish","type":"product","link":"https:\/\/www.sestogrado.it\/en\/prodotto\/metolius-simulator-3d-trave-arrampicata\/","title":{"rendered":"Metolius Simulator 3D trave arrampicata"},"content":{"rendered":"<p>Il Metolius Simulator 3D \u00e8 l&#8217;ultima versione della trave da arrampicata pi\u00f9 venduta al mondo.<\/p>\n<p>Il Simulator 3D, grazie alle innumerevoli prese, &#8220;simula&#8221; tutto ci\u00f2 che puoi trovare in una parete di roccia allenando in modo completo\u00a0dita, mani, braccia e spalle.<\/p>\n<p>Le prese, disposte lungo un ampio arco, diminuiscono gradualmente verso l&#8217;esterno e verso il basso per una migliore ergonomia ed un&#8217;usura pi\u00f9 ridotta.\u00a0La forma si assottiglia dall&#8217;alto verso il basso in entrambe le dimensioni per ottenere un migliore scarico dell&#8217; avambraccio.<\/p>\n<ul>\n<li>fresatura fine, non gratta le dita<\/li>\n<li>grande variet\u00e0 di prese<\/li>\n<li>viti e bulloni inclusi per il fissaggio<\/li>\n<li>istruzioni e guida per l&#8217;allenamento<\/li>\n<li>disponibile in 3 colori<\/li>\n<li>misure\u00a071,1 cm x 22,2 cm<\/li>\n<\/ul>\n<p>Il Metolius Simulator 3D \u00e8 una trave da arrampicata completa in grado di soddisfare le esigenze dei climber pi\u00f9 evoluti.<\/p>\n<p>&nbsp;<\/p>\n<p>Metolius \u00e8 un\u2019azienda americana nata negli anni 80\u2019 da un gruppo di appassionati climber dello Smith Rock. Riunitisi in un garage nel nord America, nelle vicinanze del Metolius River, cominciarono a concretizzare le loro idee fino ad ottenere dei prodotti che oggi sono sinonimo di qualit\u00e0, sicurezza ed eccellenza. Metolius \u00e8 nota per la produzione di attrezzatura per allenamento all\u2019arrampicata, come travi e prese, di cui \u00e8 tuttora leader mondiale.<\/p>","protected":false},"excerpt":{"rendered":"<p>Il Metolius Simulator 3D \u00e8 l&#8217;ultima versione della trave da arrampicata pi\u00f9 venduta al mondo. Il Simulator 3D, grazie alle [&hellip;]<\/p>\n","protected":false},"featured_media":44655,"comment_status":"open","ping_status":"closed","template":"","meta":{"_acf_changed":false},"product_brand":[304],"product_cat":[303],"product_tag":[],"class_list":{"0":"post-7068","1":"product","2":"type-product","3":"status-publish","4":"has-post-thumbnail","6":"product_brand-metolius","7":"product_cat-allenamento","9":"first","10":"instock","11":"sale","12":"taxable","13":"shipping-taxable","14":"purchasable","15":"product-type-variable"},"acf":[],"yoast_head":"<!-- This site is optimized with the Yoast SEO plugin v26.4 - https:\/\/yoast.com\/wordpress\/plugins\/seo\/ -->\n<title>Metolius Simulator 3D trave arrampicata - Sestogrado<\/title>\n<meta name=\"description\" content=\"Il Metolius Simulator 3D \u00e8 l&#039;ultima versione della trave da arrampicata pi\u00f9 venduta al mondo. Il Simulator 3D, grazie alle innumerevoli prese, &quot;simula&quot; tutto ci\u00f2 che puoi trovare in una parete di roccia allenando in modo completo\u00a0dita, mani, braccia e spalle. Il Metolius Simulator 3D \u00e8 una trave da arrampicata completa\" \/>\n<meta name=\"robots\" content=\"index, follow, max-snippet:-1, max-image-preview:large, max-video-preview:-1\" \/>\n<link rel=\"canonical\" href=\"https:\/\/www.sestogrado.it\/en\/prodotto\/metolius-simulator-3d-trave-arrampicata\/\" \/>\n<meta property=\"og:locale\" content=\"en_US\" \/>\n<meta property=\"og:type\" content=\"article\" \/>\n<meta property=\"og:title\" content=\"Metolius Simulator 3D trave arrampicata - Sestogrado\" \/>\n<meta property=\"og:description\" content=\"Il Metolius Simulator 3D \u00e8 l&#039;ultima versione della trave da arrampicata pi\u00f9 venduta al mondo. Il Simulator 3D, grazie alle innumerevoli prese, &quot;simula&quot; tutto ci\u00f2 che puoi trovare in una parete di roccia allenando in modo completo\u00a0dita, mani, braccia e spalle. Il Metolius Simulator 3D \u00e8 una trave da arrampicata completa\" \/>\n<meta property=\"og:url\" content=\"https:\/\/www.sestogrado.it\/en\/prodotto\/metolius-simulator-3d-trave-arrampicata\/\" \/>\n<meta property=\"og:site_name\" content=\"Sestogrado\" \/>\n<meta property=\"article:publisher\" content=\"https:\/\/www.facebook.com\/pages\/Sestogrado\/1542635979353017?ref=bookmarks\" \/>\n<meta property=\"article:modified_time\" content=\"2026-04-20T13:55:47+00:00\" \/>\n<meta property=\"og:image\" content=\"https:\/\/www.sestogrado.it\/wp-content\/uploads\/2016\/06\/simulator-3d.jpg\" \/>\n\t<meta property=\"og:image:width\" content=\"1100\" \/>\n\t<meta property=\"og:image:height\" content=\"1100\" \/>\n\t<meta property=\"og:image:type\" content=\"image\/jpeg\" \/>\n<meta name=\"twitter:label1\" content=\"Availability\" \/>\n\t<meta name=\"twitter:data1\" content=\"In stock\" \/>\n<script type=\"application\/ld+json\" class=\"yoast-schema-graph\">{\"@context\":\"https:\/\/schema.org\",\"@graph\":[{\"@type\":\"WebPage\",\"@id\":\"https:\/\/www.sestogrado.it\/en\/prodotto\/metolius-simulator-3d-trave-arrampicata\/\",\"url\":\"https:\/\/www.sestogrado.it\/en\/prodotto\/metolius-simulator-3d-trave-arrampicata\/\",\"name\":\"Metolius Simulator 3D trave arrampicata - Sestogrado\",\"isPartOf\":{\"@id\":\"https:\/\/www.sestogrado.it\/en\/#website\"},\"primaryImageOfPage\":{\"@id\":\"https:\/\/www.sestogrado.it\/en\/prodotto\/metolius-simulator-3d-trave-arrampicata\/#primaryimage\"},\"image\":{\"@id\":\"https:\/\/www.sestogrado.it\/prodotto\/metolius-simulator-3d-trave-arrampicata\/#primaryimage\"},\"thumbnailUrl\":\"https:\/\/www.sestogrado.it\/wp-content\/uploads\/2016\/06\/simulator-3d.jpg\",\"datePublished\":\"2016-06-09T13:53:11+00:00\",\"dateModified\":\"2026-04-20T13:55:47+00:00\",\"description\":\"Il Metolius Simulator 3D \u00e8 l'ultima versione della trave da arrampicata pi\u00f9 venduta al mondo. Il Simulator 3D, grazie alle innumerevoli prese, \\\"simula\\\" tutto ci\u00f2 che puoi trovare in una parete di roccia allenando in modo completo\u00a0dita, mani, braccia e spalle. Il Metolius Simulator 3D \u00e8 una trave da arrampicata completa\",\"breadcrumb\":{\"@id\":\"https:\/\/www.sestogrado.it\/en\/prodotto\/metolius-simulator-3d-trave-arrampicata\/#breadcrumb\"},\"inLanguage\":\"en-US\",\"potentialAction\":[{\"@type\":\"ReadAction\",\"target\":[[\"https:\/\/www.sestogrado.it\/en\/prodotto\/metolius-simulator-3d-trave-arrampicata\/\"]]}]},{\"@type\":\"ImageObject\",\"inLanguage\":\"en-US\",\"@id\":\"https:\/\/www.sestogrado.it\/en\/prodotto\/metolius-simulator-3d-trave-arrampicata\/#primaryimage\",\"url\":\"https:\/\/www.sestogrado.it\/wp-content\/uploads\/2016\/06\/simulator-3d.jpg\",\"contentUrl\":\"https:\/\/www.sestogrado.it\/wp-content\/uploads\/2016\/06\/simulator-3d.jpg\",\"width\":1100,\"height\":1100,\"caption\":\"metolius simulator 3d\"},{\"@type\":\"BreadcrumbList\",\"@id\":\"https:\/\/www.sestogrado.it\/en\/prodotto\/metolius-simulator-3d-trave-arrampicata\/#breadcrumb\",\"itemListElement\":[{\"@type\":\"ListItem\",\"position\":1,\"name\":\"Home\",\"item\":\"https:\/\/www.sestogrado.it\/en\/\"},{\"@type\":\"ListItem\",\"position\":2,\"name\":\"Shop\",\"item\":\"https:\/\/www.sestogrado.it\/en\/shop\/\"},{\"@type\":\"ListItem\",\"position\":3,\"name\":\"Metolius Simulator 3D trave arrampicata\"}]},{\"@type\":\"WebSite\",\"@id\":\"https:\/\/www.sestogrado.it\/en\/#website\",\"url\":\"https:\/\/www.sestogrado.it\/en\/\",\"name\":\"Sestogrado\",\"description\":\"yes we climb\",\"publisher\":{\"@id\":\"https:\/\/www.sestogrado.it\/en\/#organization\"},\"potentialAction\":[{\"@type\":\"SearchAction\",\"target\":{\"@type\":\"EntryPoint\",\"urlTemplate\":\"https:\/\/www.sestogrado.it\/en\/?s={search_term_string}\"},\"query-input\":{\"@type\":\"PropertyValueSpecification\",\"valueRequired\":true,\"valueName\":\"search_term_string\"}}],\"inLanguage\":\"en-US\"},{\"@type\":\"Organization\",\"@id\":\"https:\/\/www.sestogrado.it\/en\/#organization\",\"name\":\"Sestogrado\",\"url\":\"https:\/\/www.sestogrado.it\/en\/\",\"logo\":{\"@type\":\"ImageObject\",\"inLanguage\":\"en-US\",\"@id\":\"https:\/\/www.sestogrado.it\/en\/#\/schema\/logo\/image\/\",\"url\":\"https:\/\/www.sestogrado.it\/wp-content\/uploads\/2015\/03\/sestogrado-favicon.png\",\"contentUrl\":\"https:\/\/www.sestogrado.it\/wp-content\/uploads\/2015\/03\/sestogrado-favicon.png\",\"width\":260,\"height\":260,\"caption\":\"Sestogrado\"},\"image\":{\"@id\":\"https:\/\/www.sestogrado.it\/en\/#\/schema\/logo\/image\/\"},\"sameAs\":[\"https:\/\/www.facebook.com\/pages\/Sestogrado\/1542635979353017?ref=bookmarks\",\"https:\/\/www.youtube.com\/channel\/UC847kAfTkaJsWpc1jtQwr3Q\"],\"hasMerchantReturnPolicy\":{\"@type\":\"MerchantReturnPolicy\",\"merchantReturnLink\":\"https:\/\/www.sestogrado.it\/en\/termini-e-condizioni\/\"}}]}<\/script>\n<meta property=\"product:brand\" content=\"Metolius\" \/>\n<meta property=\"og:availability\" content=\"instock\" \/>\n<meta property=\"product:availability\" content=\"instock\" \/>\n<meta property=\"product:condition\" content=\"new\" \/>\n<!-- \/ Yoast SEO plugin. -->","yoast_head_json":{"title":"Metolius Simulator 3D trave arrampicata - Sestogrado","description":"Il Metolius Simulator 3D \u00e8 l'ultima versione della trave da arrampicata pi\u00f9 venduta al mondo. Il Simulator 3D, grazie alle innumerevoli prese, \"simula\" tutto ci\u00f2 che puoi trovare in una parete di roccia allenando in modo completo\u00a0dita, mani, braccia e spalle. Il Metolius Simulator 3D \u00e8 una trave da arrampicata completa","robots":{"index":"index","follow":"follow","max-snippet":"max-snippet:-1","max-image-preview":"max-image-preview:large","max-video-preview":"max-video-preview:-1"},"canonical":"https:\/\/www.sestogrado.it\/en\/prodotto\/metolius-simulator-3d-trave-arrampicata\/","og_locale":"en_US","og_type":"article","og_title":"Metolius Simulator 3D trave arrampicata - Sestogrado","og_description":"Il Metolius Simulator 3D \u00e8 l'ultima versione della trave da arrampicata pi\u00f9 venduta al mondo. Il Simulator 3D, grazie alle innumerevoli prese, \"simula\" tutto ci\u00f2 che puoi trovare in una parete di roccia allenando in modo completo\u00a0dita, mani, braccia e spalle. Il Metolius Simulator 3D \u00e8 una trave da arrampicata completa","og_url":"https:\/\/www.sestogrado.it\/en\/prodotto\/metolius-simulator-3d-trave-arrampicata\/","og_site_name":"Sestogrado","article_publisher":"https:\/\/www.facebook.com\/pages\/Sestogrado\/1542635979353017?ref=bookmarks","article_modified_time":"2026-04-20T13:55:47+00:00","og_image":[{"width":1100,"height":1100,"url":"https:\/\/www.sestogrado.it\/wp-content\/uploads\/2016\/06\/simulator-3d.jpg","type":"image\/jpeg"}],"twitter_misc":{"Availability":"In stock"},"schema":{"@context":"https:\/\/schema.org","@graph":[{"@type":"WebPage","@id":"https:\/\/www.sestogrado.it\/en\/prodotto\/metolius-simulator-3d-trave-arrampicata\/","url":"https:\/\/www.sestogrado.it\/en\/prodotto\/metolius-simulator-3d-trave-arrampicata\/","name":"Metolius Simulator 3D trave arrampicata - Sestogrado","isPartOf":{"@id":"https:\/\/www.sestogrado.it\/en\/#website"},"primaryImageOfPage":{"@id":"https:\/\/www.sestogrado.it\/en\/prodotto\/metolius-simulator-3d-trave-arrampicata\/#primaryimage"},"image":{"@id":"https:\/\/www.sestogrado.it\/prodotto\/metolius-simulator-3d-trave-arrampicata\/#primaryimage"},"thumbnailUrl":"https:\/\/www.sestogrado.it\/wp-content\/uploads\/2016\/06\/simulator-3d.jpg","datePublished":"2016-06-09T13:53:11+00:00","dateModified":"2026-04-20T13:55:47+00:00","description":"Il Metolius Simulator 3D \u00e8 l'ultima versione della trave da arrampicata pi\u00f9 venduta al mondo. Il Simulator 3D, grazie alle innumerevoli prese, \"simula\" tutto ci\u00f2 che puoi trovare in una parete di roccia allenando in modo completo\u00a0dita, mani, braccia e spalle. Il Metolius Simulator 3D \u00e8 una trave da arrampicata completa","breadcrumb":{"@id":"https:\/\/www.sestogrado.it\/en\/prodotto\/metolius-simulator-3d-trave-arrampicata\/#breadcrumb"},"inLanguage":"en-US","potentialAction":[{"@type":"ReadAction","target":[["https:\/\/www.sestogrado.it\/en\/prodotto\/metolius-simulator-3d-trave-arrampicata\/"]]}]},{"@type":"ImageObject","inLanguage":"en-US","@id":"https:\/\/www.sestogrado.it\/en\/prodotto\/metolius-simulator-3d-trave-arrampicata\/#primaryimage","url":"https:\/\/www.sestogrado.it\/wp-content\/uploads\/2016\/06\/simulator-3d.jpg","contentUrl":"https:\/\/www.sestogrado.it\/wp-content\/uploads\/2016\/06\/simulator-3d.jpg","width":1100,"height":1100,"caption":"metolius simulator 3d"},{"@type":"BreadcrumbList","@id":"https:\/\/www.sestogrado.it\/en\/prodotto\/metolius-simulator-3d-trave-arrampicata\/#breadcrumb","itemListElement":[{"@type":"ListItem","position":1,"name":"Home","item":"https:\/\/www.sestogrado.it\/en\/"},{"@type":"ListItem","position":2,"name":"Shop","item":"https:\/\/www.sestogrado.it\/en\/shop\/"},{"@type":"ListItem","position":3,"name":"Metolius Simulator 3D trave arrampicata"}]},{"@type":"WebSite","@id":"https:\/\/www.sestogrado.it\/en\/#website","url":"https:\/\/www.sestogrado.it\/en\/","name":"Sestogrado","description":"yes we climb","publisher":{"@id":"https:\/\/www.sestogrado.it\/en\/#organization"},"potentialAction":[{"@type":"SearchAction","target":{"@type":"EntryPoint","urlTemplate":"https:\/\/www.sestogrado.it\/en\/?s={search_term_string}"},"query-input":{"@type":"PropertyValueSpecification","valueRequired":true,"valueName":"search_term_string"}}],"inLanguage":"en-US"},{"@type":"Organization","@id":"https:\/\/www.sestogrado.it\/en\/#organization","name":"Sestogrado","url":"https:\/\/www.sestogrado.it\/en\/","logo":{"@type":"ImageObject","inLanguage":"en-US","@id":"https:\/\/www.sestogrado.it\/en\/#\/schema\/logo\/image\/","url":"https:\/\/www.sestogrado.it\/wp-content\/uploads\/2015\/03\/sestogrado-favicon.png","contentUrl":"https:\/\/www.sestogrado.it\/wp-content\/uploads\/2015\/03\/sestogrado-favicon.png","width":260,"height":260,"caption":"Sestogrado"},"image":{"@id":"https:\/\/www.sestogrado.it\/en\/#\/schema\/logo\/image\/"},"sameAs":["https:\/\/www.facebook.com\/pages\/Sestogrado\/1542635979353017?ref=bookmarks","https:\/\/www.youtube.com\/channel\/UC847kAfTkaJsWpc1jtQwr3Q"],"hasMerchantReturnPolicy":{"@type":"MerchantReturnPolicy","merchantReturnLink":"https:\/\/www.sestogrado.it\/en\/termini-e-condizioni\/"}}]},"product_brand":"Metolius","og_availability":"instock","product_availability":"instock","product_condition":"new"},"_links":{"self":[{"href":"https:\/\/www.sestogrado.it\/en\/wp-json\/wp\/v2\/product\/7068","targetHints":{"allow":["GET"]}}],"collection":[{"href":"https:\/\/www.sestogrado.it\/en\/wp-json\/wp\/v2\/product"}],"about":[{"href":"https:\/\/www.sestogrado.it\/en\/wp-json\/wp\/v2\/types\/product"}],"replies":[{"embeddable":true,"href":"https:\/\/www.sestogrado.it\/en\/wp-json\/wp\/v2\/comments?post=7068"}],"wp:featuredmedia":[{"embeddable":true,"href":"https:\/\/www.sestogrado.it\/en\/wp-json\/wp\/v2\/media\/44655"}],"wp:attachment":[{"href":"https:\/\/www.sestogrado.it\/en\/wp-json\/wp\/v2\/media?parent=7068"}],"wp:term":[{"taxonomy":"product_brand","embeddable":true,"href":"https:\/\/www.sestogrado.it\/en\/wp-json\/wp\/v2\/product_brand?post=7068"},{"taxonomy":"product_cat","embeddable":true,"href":"https:\/\/www.sestogrado.it\/en\/wp-json\/wp\/v2\/product_cat?post=7068"},{"taxonomy":"product_tag","embeddable":true,"href":"https:\/\/www.sestogrado.it\/en\/wp-json\/wp\/v2\/product_tag?post=7068"}],"curies":[{"name":"wp","href":"https:\/\/api.w.org\/{rel}","templated":true}]}}