{"id":6959,"date":"2023-06-07T13:41:33","date_gmt":"2023-06-07T11:41:33","guid":{"rendered":"http:\/\/www.sestogrado.it\/?post_type=product&#038;p=6959"},"modified":"2026-03-31T08:00:05","modified_gmt":"2026-03-31T06:00:05","slug":"grivel-air-tech-evo-t-piccozza","status":"publish","type":"product","link":"https:\/\/www.sestogrado.it\/en\/prodotto\/grivel-air-tech-evo-t-piccozza\/","title":{"rendered":"Grivel Air Tech Evolution G-Bone ice axe"},"content":{"rendered":"<p>The Grivel Air Tech Evolution is the Grivel ice axe that made history.<\/p>\n<p>The evolution of the highly-sold Air Tech is the best compromise between a traditional ice and technical ice axe.<\/p>\n<p>The hot forged head in a single piece is the trademark of Grivel Air Tech Evolution, which has become the world ice axe standard. The handle is gently curved in the head to give a greater &#8220;opening&#8221; and facilitate the anchorage in the presence of any roughness of the ground, whilst the straight bottom penetrates into the snow without resistance.<\/p>\n<p>In the Evolution version, the ice axe has a new 45-degree angled asymmetric tip for an ergonomic and easy-to-use handle, new non-slip tapes on the handle end and new aerospace lightweight rivets.<\/p>\n<p>Leash and tips cover included.<\/p>\n<p>The maximum of the technology in less than 500 grams.<\/p>","protected":false},"excerpt":{"rendered":"<p>The Grivel Air Tech Evolution is the Grivel ice axe that made history. The evolution of the highly-sold Air Tech [&hellip;]<\/p>\n","protected":false},"featured_media":134259,"comment_status":"open","ping_status":"closed","template":"","meta":{"_acf_changed":false},"product_brand":[126],"product_cat":[152],"product_tag":[414],"class_list":{"0":"post-6959","1":"product","2":"type-product","3":"status-publish","4":"has-post-thumbnail","6":"product_brand-grivel","7":"product_cat-piccozze","8":"product_tag-piccozza-da-ghiaccio","10":"first","11":"instock","12":"sale","13":"taxable","14":"shipping-taxable","15":"purchasable","16":"product-type-variable"},"acf":[],"yoast_head":"<!-- This site is optimized with the Yoast SEO plugin v26.4 - https:\/\/yoast.com\/wordpress\/plugins\/seo\/ -->\n<title>Grivel Air Tech Evolution G-Bone ice axe - Sestogrado<\/title>\n<meta name=\"description\" content=\"La Grivel Air Tech EVO T \u00e8 la piccozza di riferimento per alpinismo classico di Grivel, ha una lama ad inclinazione positiva, forgiata a caldo, \u00e8 classificata di tipo T ed ha una resistenza del manico di 400kg.La testa della Air Tech EVO T, che nella nuova versione \u00e8 in acciaio al carbonio forgiato a caldo da un unico pezzo, \u00e8 il marchio di fabbrica di questa piccozza ed \u00e8 diventato un classico alpino consolidato. La curva delicata del manico appena sotto la testa consente una maggiore distanza, una facile impugnabilit\u00e0 e facilit\u00e0 l&#039;ancoraggio su qualsiasi tipo di terreno, mentre la parte inferiore penetra nella neve con poco sforzo.La Grivel Air Tech EVO T ha un puntale asimmetrico angolato a 45 gradi per una impugnatura ergonomica e facilitata, nastri antiscivolo sulla parte terminale del manico e nuovi rivetti alleggeriti derivati dalla tecnologia aerospaziale.In dotazione dragonne Long Leash EVO, realizzata nello stesso tessuto delle fascette dei ramponi, leggera e resistente e copri puntale.La Air Tech EVO T rappresenta il massimo della tecnicit\u00e0 delle piccozze da alpinismo classico in meno di 500 grammi.\" \/>\n<meta name=\"robots\" content=\"index, follow, max-snippet:-1, max-image-preview:large, max-video-preview:-1\" \/>\n<link rel=\"canonical\" href=\"https:\/\/www.sestogrado.it\/en\/prodotto\/grivel-air-tech-evo-t-piccozza\/\" \/>\n<meta property=\"og:locale\" content=\"en_US\" \/>\n<meta property=\"og:type\" content=\"article\" \/>\n<meta property=\"og:title\" content=\"Grivel Air Tech Evolution G-Bone ice axe - Sestogrado\" \/>\n<meta property=\"og:description\" content=\"La Grivel Air Tech EVO T \u00e8 la piccozza di riferimento per alpinismo classico di Grivel, ha una lama ad inclinazione positiva, forgiata a caldo, \u00e8 classificata di tipo T ed ha una resistenza del manico di 400kg.La testa della Air Tech EVO T, che nella nuova versione \u00e8 in acciaio al carbonio forgiato a caldo da un unico pezzo, \u00e8 il marchio di fabbrica di questa piccozza ed \u00e8 diventato un classico alpino consolidato. La curva delicata del manico appena sotto la testa consente una maggiore distanza, una facile impugnabilit\u00e0 e facilit\u00e0 l&#039;ancoraggio su qualsiasi tipo di terreno, mentre la parte inferiore penetra nella neve con poco sforzo.La Grivel Air Tech EVO T ha un puntale asimmetrico angolato a 45 gradi per una impugnatura ergonomica e facilitata, nastri antiscivolo sulla parte terminale del manico e nuovi rivetti alleggeriti derivati dalla tecnologia aerospaziale.In dotazione dragonne Long Leash EVO, realizzata nello stesso tessuto delle fascette dei ramponi, leggera e resistente e copri puntale.La Air Tech EVO T rappresenta il massimo della tecnicit\u00e0 delle piccozze da alpinismo classico in meno di 500 grammi.\" \/>\n<meta property=\"og:url\" content=\"https:\/\/www.sestogrado.it\/en\/prodotto\/grivel-air-tech-evo-t-piccozza\/\" \/>\n<meta property=\"og:site_name\" content=\"Sestogrado\" \/>\n<meta property=\"article:publisher\" content=\"https:\/\/www.facebook.com\/pages\/Sestogrado\/1542635979353017?ref=bookmarks\" \/>\n<meta property=\"article:modified_time\" content=\"2026-03-31T06:00:05+00:00\" \/>\n<meta property=\"og:image\" content=\"https:\/\/www.sestogrado.it\/wp-content\/uploads\/2022\/11\/04-air-tech-evo.jpg\" \/>\n\t<meta property=\"og:image:width\" content=\"2000\" \/>\n\t<meta property=\"og:image:height\" content=\"2000\" \/>\n\t<meta property=\"og:image:type\" content=\"image\/jpeg\" \/>\n<meta name=\"twitter:label1\" content=\"Availability\" \/>\n\t<meta name=\"twitter:data1\" content=\"In stock\" \/>\n<script type=\"application\/ld+json\" class=\"yoast-schema-graph\">{\"@context\":\"https:\/\/schema.org\",\"@graph\":[{\"@type\":\"WebPage\",\"@id\":\"https:\/\/www.sestogrado.it\/en\/prodotto\/grivel-air-tech-evo-t-piccozza\/\",\"url\":\"https:\/\/www.sestogrado.it\/en\/prodotto\/grivel-air-tech-evo-t-piccozza\/\",\"name\":\"Grivel Air Tech Evolution G-Bone ice axe - Sestogrado\",\"isPartOf\":{\"@id\":\"https:\/\/www.sestogrado.it\/en\/#website\"},\"primaryImageOfPage\":{\"@id\":\"https:\/\/www.sestogrado.it\/en\/prodotto\/grivel-air-tech-evo-t-piccozza\/#primaryimage\"},\"image\":{\"@id\":\"https:\/\/www.sestogrado.it\/prodotto\/grivel-air-tech-evo-t-piccozza\/#primaryimage\"},\"thumbnailUrl\":\"https:\/\/www.sestogrado.it\/wp-content\/uploads\/2022\/11\/04-air-tech-evo.jpg\",\"datePublished\":\"2023-06-07T11:41:33+00:00\",\"dateModified\":\"2026-03-31T06:00:05+00:00\",\"description\":\"La Grivel Air Tech EVO T \u00e8 la piccozza di riferimento per alpinismo classico di Grivel, ha una lama ad inclinazione positiva, forgiata a caldo, \u00e8 classificata di tipo T ed ha una resistenza del manico di 400kg.La testa della Air Tech EVO T, che nella nuova versione \u00e8 in acciaio al carbonio forgiato a caldo da un unico pezzo, \u00e8 il marchio di fabbrica di questa piccozza ed \u00e8 diventato un classico alpino consolidato. La curva delicata del manico appena sotto la testa consente una maggiore distanza, una facile impugnabilit\u00e0 e facilit\u00e0 l'ancoraggio su qualsiasi tipo di terreno, mentre la parte inferiore penetra nella neve con poco sforzo.La Grivel Air Tech EVO T ha un puntale asimmetrico angolato a 45 gradi per una impugnatura ergonomica e facilitata, nastri antiscivolo sulla parte terminale del manico e nuovi rivetti alleggeriti derivati dalla tecnologia aerospaziale.In dotazione dragonne Long Leash EVO, realizzata nello stesso tessuto delle fascette dei ramponi, leggera e resistente e copri puntale.La Air Tech EVO T rappresenta il massimo della tecnicit\u00e0 delle piccozze da alpinismo classico in meno di 500 grammi.\",\"breadcrumb\":{\"@id\":\"https:\/\/www.sestogrado.it\/en\/prodotto\/grivel-air-tech-evo-t-piccozza\/#breadcrumb\"},\"inLanguage\":\"en-US\",\"potentialAction\":[{\"@type\":\"ReadAction\",\"target\":[[\"https:\/\/www.sestogrado.it\/en\/prodotto\/grivel-air-tech-evo-t-piccozza\/\"]]}]},{\"@type\":\"ImageObject\",\"inLanguage\":\"en-US\",\"@id\":\"https:\/\/www.sestogrado.it\/en\/prodotto\/grivel-air-tech-evo-t-piccozza\/#primaryimage\",\"url\":\"https:\/\/www.sestogrado.it\/wp-content\/uploads\/2022\/11\/04-air-tech-evo.jpg\",\"contentUrl\":\"https:\/\/www.sestogrado.it\/wp-content\/uploads\/2022\/11\/04-air-tech-evo.jpg\",\"width\":2000,\"height\":2000,\"caption\":\"grivel air tech evo paletta\"},{\"@type\":\"BreadcrumbList\",\"@id\":\"https:\/\/www.sestogrado.it\/en\/prodotto\/grivel-air-tech-evo-t-piccozza\/#breadcrumb\",\"itemListElement\":[{\"@type\":\"ListItem\",\"position\":1,\"name\":\"Home\",\"item\":\"https:\/\/www.sestogrado.it\/en\/\"},{\"@type\":\"ListItem\",\"position\":2,\"name\":\"Shop\",\"item\":\"https:\/\/www.sestogrado.it\/en\/shop\/\"},{\"@type\":\"ListItem\",\"position\":3,\"name\":\"Grivel Air Tech EVO T piccozza\"}]},{\"@type\":\"WebSite\",\"@id\":\"https:\/\/www.sestogrado.it\/en\/#website\",\"url\":\"https:\/\/www.sestogrado.it\/en\/\",\"name\":\"Sestogrado\",\"description\":\"yes we climb\",\"publisher\":{\"@id\":\"https:\/\/www.sestogrado.it\/en\/#organization\"},\"potentialAction\":[{\"@type\":\"SearchAction\",\"target\":{\"@type\":\"EntryPoint\",\"urlTemplate\":\"https:\/\/www.sestogrado.it\/en\/?s={search_term_string}\"},\"query-input\":{\"@type\":\"PropertyValueSpecification\",\"valueRequired\":true,\"valueName\":\"search_term_string\"}}],\"inLanguage\":\"en-US\"},{\"@type\":\"Organization\",\"@id\":\"https:\/\/www.sestogrado.it\/en\/#organization\",\"name\":\"Sestogrado\",\"url\":\"https:\/\/www.sestogrado.it\/en\/\",\"logo\":{\"@type\":\"ImageObject\",\"inLanguage\":\"en-US\",\"@id\":\"https:\/\/www.sestogrado.it\/en\/#\/schema\/logo\/image\/\",\"url\":\"https:\/\/www.sestogrado.it\/wp-content\/uploads\/2015\/03\/sestogrado-favicon.png\",\"contentUrl\":\"https:\/\/www.sestogrado.it\/wp-content\/uploads\/2015\/03\/sestogrado-favicon.png\",\"width\":260,\"height\":260,\"caption\":\"Sestogrado\"},\"image\":{\"@id\":\"https:\/\/www.sestogrado.it\/en\/#\/schema\/logo\/image\/\"},\"sameAs\":[\"https:\/\/www.facebook.com\/pages\/Sestogrado\/1542635979353017?ref=bookmarks\",\"https:\/\/www.youtube.com\/channel\/UC847kAfTkaJsWpc1jtQwr3Q\"],\"hasMerchantReturnPolicy\":{\"@type\":\"MerchantReturnPolicy\",\"merchantReturnLink\":\"https:\/\/www.sestogrado.it\/en\/termini-e-condizioni\/\"}}]}<\/script>\n<meta property=\"product:brand\" content=\"Grivel\" \/>\n<meta property=\"og:availability\" content=\"instock\" \/>\n<meta property=\"product:availability\" content=\"instock\" \/>\n<meta property=\"product:condition\" content=\"new\" \/>\n<!-- \/ Yoast SEO plugin. -->","yoast_head_json":{"title":"Grivel Air Tech Evolution G-Bone ice axe - Sestogrado","description":"La Grivel Air Tech EVO T \u00e8 la piccozza di riferimento per alpinismo classico di Grivel, ha una lama ad inclinazione positiva, forgiata a caldo, \u00e8 classificata di tipo T ed ha una resistenza del manico di 400kg.La testa della Air Tech EVO T, che nella nuova versione \u00e8 in acciaio al carbonio forgiato a caldo da un unico pezzo, \u00e8 il marchio di fabbrica di questa piccozza ed \u00e8 diventato un classico alpino consolidato. La curva delicata del manico appena sotto la testa consente una maggiore distanza, una facile impugnabilit\u00e0 e facilit\u00e0 l'ancoraggio su qualsiasi tipo di terreno, mentre la parte inferiore penetra nella neve con poco sforzo.La Grivel Air Tech EVO T ha un puntale asimmetrico angolato a 45 gradi per una impugnatura ergonomica e facilitata, nastri antiscivolo sulla parte terminale del manico e nuovi rivetti alleggeriti derivati dalla tecnologia aerospaziale.In dotazione dragonne Long Leash EVO, realizzata nello stesso tessuto delle fascette dei ramponi, leggera e resistente e copri puntale.La Air Tech EVO T rappresenta il massimo della tecnicit\u00e0 delle piccozze da alpinismo classico in meno di 500 grammi.","robots":{"index":"index","follow":"follow","max-snippet":"max-snippet:-1","max-image-preview":"max-image-preview:large","max-video-preview":"max-video-preview:-1"},"canonical":"https:\/\/www.sestogrado.it\/en\/prodotto\/grivel-air-tech-evo-t-piccozza\/","og_locale":"en_US","og_type":"article","og_title":"Grivel Air Tech Evolution G-Bone ice axe - Sestogrado","og_description":"La Grivel Air Tech EVO T \u00e8 la piccozza di riferimento per alpinismo classico di Grivel, ha una lama ad inclinazione positiva, forgiata a caldo, \u00e8 classificata di tipo T ed ha una resistenza del manico di 400kg.La testa della Air Tech EVO T, che nella nuova versione \u00e8 in acciaio al carbonio forgiato a caldo da un unico pezzo, \u00e8 il marchio di fabbrica di questa piccozza ed \u00e8 diventato un classico alpino consolidato. La curva delicata del manico appena sotto la testa consente una maggiore distanza, una facile impugnabilit\u00e0 e facilit\u00e0 l'ancoraggio su qualsiasi tipo di terreno, mentre la parte inferiore penetra nella neve con poco sforzo.La Grivel Air Tech EVO T ha un puntale asimmetrico angolato a 45 gradi per una impugnatura ergonomica e facilitata, nastri antiscivolo sulla parte terminale del manico e nuovi rivetti alleggeriti derivati dalla tecnologia aerospaziale.In dotazione dragonne Long Leash EVO, realizzata nello stesso tessuto delle fascette dei ramponi, leggera e resistente e copri puntale.La Air Tech EVO T rappresenta il massimo della tecnicit\u00e0 delle piccozze da alpinismo classico in meno di 500 grammi.","og_url":"https:\/\/www.sestogrado.it\/en\/prodotto\/grivel-air-tech-evo-t-piccozza\/","og_site_name":"Sestogrado","article_publisher":"https:\/\/www.facebook.com\/pages\/Sestogrado\/1542635979353017?ref=bookmarks","article_modified_time":"2026-03-31T06:00:05+00:00","og_image":[{"width":2000,"height":2000,"url":"https:\/\/www.sestogrado.it\/wp-content\/uploads\/2022\/11\/04-air-tech-evo.jpg","type":"image\/jpeg"}],"twitter_misc":{"Availability":"In stock"},"schema":{"@context":"https:\/\/schema.org","@graph":[{"@type":"WebPage","@id":"https:\/\/www.sestogrado.it\/en\/prodotto\/grivel-air-tech-evo-t-piccozza\/","url":"https:\/\/www.sestogrado.it\/en\/prodotto\/grivel-air-tech-evo-t-piccozza\/","name":"Grivel Air Tech Evolution G-Bone ice axe - Sestogrado","isPartOf":{"@id":"https:\/\/www.sestogrado.it\/en\/#website"},"primaryImageOfPage":{"@id":"https:\/\/www.sestogrado.it\/en\/prodotto\/grivel-air-tech-evo-t-piccozza\/#primaryimage"},"image":{"@id":"https:\/\/www.sestogrado.it\/prodotto\/grivel-air-tech-evo-t-piccozza\/#primaryimage"},"thumbnailUrl":"https:\/\/www.sestogrado.it\/wp-content\/uploads\/2022\/11\/04-air-tech-evo.jpg","datePublished":"2023-06-07T11:41:33+00:00","dateModified":"2026-03-31T06:00:05+00:00","description":"La Grivel Air Tech EVO T \u00e8 la piccozza di riferimento per alpinismo classico di Grivel, ha una lama ad inclinazione positiva, forgiata a caldo, \u00e8 classificata di tipo T ed ha una resistenza del manico di 400kg.La testa della Air Tech EVO T, che nella nuova versione \u00e8 in acciaio al carbonio forgiato a caldo da un unico pezzo, \u00e8 il marchio di fabbrica di questa piccozza ed \u00e8 diventato un classico alpino consolidato. La curva delicata del manico appena sotto la testa consente una maggiore distanza, una facile impugnabilit\u00e0 e facilit\u00e0 l'ancoraggio su qualsiasi tipo di terreno, mentre la parte inferiore penetra nella neve con poco sforzo.La Grivel Air Tech EVO T ha un puntale asimmetrico angolato a 45 gradi per una impugnatura ergonomica e facilitata, nastri antiscivolo sulla parte terminale del manico e nuovi rivetti alleggeriti derivati dalla tecnologia aerospaziale.In dotazione dragonne Long Leash EVO, realizzata nello stesso tessuto delle fascette dei ramponi, leggera e resistente e copri puntale.La Air Tech EVO T rappresenta il massimo della tecnicit\u00e0 delle piccozze da alpinismo classico in meno di 500 grammi.","breadcrumb":{"@id":"https:\/\/www.sestogrado.it\/en\/prodotto\/grivel-air-tech-evo-t-piccozza\/#breadcrumb"},"inLanguage":"en-US","potentialAction":[{"@type":"ReadAction","target":[["https:\/\/www.sestogrado.it\/en\/prodotto\/grivel-air-tech-evo-t-piccozza\/"]]}]},{"@type":"ImageObject","inLanguage":"en-US","@id":"https:\/\/www.sestogrado.it\/en\/prodotto\/grivel-air-tech-evo-t-piccozza\/#primaryimage","url":"https:\/\/www.sestogrado.it\/wp-content\/uploads\/2022\/11\/04-air-tech-evo.jpg","contentUrl":"https:\/\/www.sestogrado.it\/wp-content\/uploads\/2022\/11\/04-air-tech-evo.jpg","width":2000,"height":2000,"caption":"grivel air tech evo paletta"},{"@type":"BreadcrumbList","@id":"https:\/\/www.sestogrado.it\/en\/prodotto\/grivel-air-tech-evo-t-piccozza\/#breadcrumb","itemListElement":[{"@type":"ListItem","position":1,"name":"Home","item":"https:\/\/www.sestogrado.it\/en\/"},{"@type":"ListItem","position":2,"name":"Shop","item":"https:\/\/www.sestogrado.it\/en\/shop\/"},{"@type":"ListItem","position":3,"name":"Grivel Air Tech EVO T piccozza"}]},{"@type":"WebSite","@id":"https:\/\/www.sestogrado.it\/en\/#website","url":"https:\/\/www.sestogrado.it\/en\/","name":"Sestogrado","description":"yes we climb","publisher":{"@id":"https:\/\/www.sestogrado.it\/en\/#organization"},"potentialAction":[{"@type":"SearchAction","target":{"@type":"EntryPoint","urlTemplate":"https:\/\/www.sestogrado.it\/en\/?s={search_term_string}"},"query-input":{"@type":"PropertyValueSpecification","valueRequired":true,"valueName":"search_term_string"}}],"inLanguage":"en-US"},{"@type":"Organization","@id":"https:\/\/www.sestogrado.it\/en\/#organization","name":"Sestogrado","url":"https:\/\/www.sestogrado.it\/en\/","logo":{"@type":"ImageObject","inLanguage":"en-US","@id":"https:\/\/www.sestogrado.it\/en\/#\/schema\/logo\/image\/","url":"https:\/\/www.sestogrado.it\/wp-content\/uploads\/2015\/03\/sestogrado-favicon.png","contentUrl":"https:\/\/www.sestogrado.it\/wp-content\/uploads\/2015\/03\/sestogrado-favicon.png","width":260,"height":260,"caption":"Sestogrado"},"image":{"@id":"https:\/\/www.sestogrado.it\/en\/#\/schema\/logo\/image\/"},"sameAs":["https:\/\/www.facebook.com\/pages\/Sestogrado\/1542635979353017?ref=bookmarks","https:\/\/www.youtube.com\/channel\/UC847kAfTkaJsWpc1jtQwr3Q"],"hasMerchantReturnPolicy":{"@type":"MerchantReturnPolicy","merchantReturnLink":"https:\/\/www.sestogrado.it\/en\/termini-e-condizioni\/"}}]},"product_brand":"Grivel","og_availability":"instock","product_availability":"instock","product_condition":"new"},"_links":{"self":[{"href":"https:\/\/www.sestogrado.it\/en\/wp-json\/wp\/v2\/product\/6959","targetHints":{"allow":["GET"]}}],"collection":[{"href":"https:\/\/www.sestogrado.it\/en\/wp-json\/wp\/v2\/product"}],"about":[{"href":"https:\/\/www.sestogrado.it\/en\/wp-json\/wp\/v2\/types\/product"}],"replies":[{"embeddable":true,"href":"https:\/\/www.sestogrado.it\/en\/wp-json\/wp\/v2\/comments?post=6959"}],"wp:featuredmedia":[{"embeddable":true,"href":"https:\/\/www.sestogrado.it\/en\/wp-json\/wp\/v2\/media\/134259"}],"wp:attachment":[{"href":"https:\/\/www.sestogrado.it\/en\/wp-json\/wp\/v2\/media?parent=6959"}],"wp:term":[{"taxonomy":"product_brand","embeddable":true,"href":"https:\/\/www.sestogrado.it\/en\/wp-json\/wp\/v2\/product_brand?post=6959"},{"taxonomy":"product_cat","embeddable":true,"href":"https:\/\/www.sestogrado.it\/en\/wp-json\/wp\/v2\/product_cat?post=6959"},{"taxonomy":"product_tag","embeddable":true,"href":"https:\/\/www.sestogrado.it\/en\/wp-json\/wp\/v2\/product_tag?post=6959"}],"curies":[{"name":"wp","href":"https:\/\/api.w.org\/{rel}","templated":true}]}}