{"id":64946,"date":"2021-08-27T10:06:38","date_gmt":"2021-08-27T08:06:38","guid":{"rendered":"https:\/\/www.sestogrado.it\/?post_type=product&#038;p=64946"},"modified":"2026-04-16T11:33:21","modified_gmt":"2026-04-16T09:33:21","slug":"pin-go-clipstick-bastone-telescopico-per-rinviare-multifunzione","status":"publish","type":"product","link":"https:\/\/www.sestogrado.it\/en\/prodotto\/pin-go-clipstick-bastone-telescopico-per-rinviare-multifunzione\/","title":{"rendered":"PinGo! Clipstick bastone telescopico per rinviare multifunzione"},"content":{"rendered":"<p class=\"qtranxs-available-languages-message qtranxs-available-languages-message-en\">Sorry, this entry is only available in <a href=\"https:\/\/www.sestogrado.it\/it\/wp-json\/wp\/v2\/product\/64946\" class=\"qtranxs-available-language-link qtranxs-available-language-link-it\" title=\"Italiano\">Italiano<\/a>.<\/p>","protected":false},"excerpt":{"rendered":"<p>Sorry, this entry is only available in Italiano.<\/p>\n","protected":false},"featured_media":65218,"comment_status":"open","ping_status":"closed","template":"","meta":{"_acf_changed":false},"product_brand":[882],"product_cat":[141,133],"product_tag":[],"class_list":{"0":"post-64946","1":"product","2":"type-product","3":"status-publish","4":"has-post-thumbnail","6":"product_brand-pin-go","7":"product_cat-accessori-accessori","8":"product_cat-rinvii","10":"first","11":"instock","12":"sale","13":"taxable","14":"shipping-taxable","15":"purchasable","16":"product-type-simple"},"acf":[],"yoast_head":"<!-- This site is optimized with the Yoast SEO plugin v26.4 - https:\/\/yoast.com\/wordpress\/plugins\/seo\/ -->\n<title>PinGo! Clipstick bastone telescopico per rinviare multifunzione - Sestogrado<\/title>\n<meta name=\"description\" content=\"Il bastone telescopico Pin Go! \u00e8 un bastone multifunzione della lunghezza 52-235cm per rinviare il primo rinvio della via quando \u00e8 troppo lontano.Con soltanto 230 gr di peso, Pin Go! \u00e8 il bastone da clippare pi\u00f9 leggero del mercato. Dispiegato, ha una lunghezza di 2,35 m e quindi un raggio di circa 5 m, che ti permetter\u00e0 moschettonare il rinvio allo spit facilmente. Grazie alla sua leggerezza e compattezza, non ti accorgerai nemmeno di averla nel tuo zaino o appesa alla tua imbracatura.Pin Go! \u00e8 realizzato in fibra di vetro, quindi, a differenza di altri bastoni realizzati con materiali pi\u00f9 rigidi, evita deformazioni permanenti, essendo resistente alle intemperie e all\u2019uso continuato.3 FUNZIONI UNO\" \/>\n<meta name=\"robots\" content=\"index, follow, max-snippet:-1, max-image-preview:large, max-video-preview:-1\" \/>\n<link rel=\"canonical\" href=\"https:\/\/www.sestogrado.it\/en\/prodotto\/pin-go-clipstick-bastone-telescopico-per-rinviare-multifunzione\/\" \/>\n<meta property=\"og:locale\" content=\"en_US\" \/>\n<meta property=\"og:type\" content=\"article\" \/>\n<meta property=\"og:title\" content=\"PinGo! Clipstick bastone telescopico per rinviare multifunzione - Sestogrado\" \/>\n<meta property=\"og:description\" content=\"Il bastone telescopico Pin Go! \u00e8 un bastone multifunzione della lunghezza 52-235cm per rinviare il primo rinvio della via quando \u00e8 troppo lontano.Con soltanto 230 gr di peso, Pin Go! \u00e8 il bastone da clippare pi\u00f9 leggero del mercato. Dispiegato, ha una lunghezza di 2,35 m e quindi un raggio di circa 5 m, che ti permetter\u00e0 moschettonare il rinvio allo spit facilmente. Grazie alla sua leggerezza e compattezza, non ti accorgerai nemmeno di averla nel tuo zaino o appesa alla tua imbracatura.Pin Go! \u00e8 realizzato in fibra di vetro, quindi, a differenza di altri bastoni realizzati con materiali pi\u00f9 rigidi, evita deformazioni permanenti, essendo resistente alle intemperie e all\u2019uso continuato.3 FUNZIONI UNO\" \/>\n<meta property=\"og:url\" content=\"https:\/\/www.sestogrado.it\/en\/prodotto\/pin-go-clipstick-bastone-telescopico-per-rinviare-multifunzione\/\" \/>\n<meta property=\"og:site_name\" content=\"Sestogrado\" \/>\n<meta property=\"article:publisher\" content=\"https:\/\/www.facebook.com\/pages\/Sestogrado\/1542635979353017?ref=bookmarks\" \/>\n<meta property=\"article:modified_time\" content=\"2026-04-16T09:33:21+00:00\" \/>\n<meta property=\"og:image\" content=\"https:\/\/www.sestogrado.it\/wp-content\/uploads\/2021\/08\/01-1.jpg\" \/>\n\t<meta property=\"og:image:width\" content=\"1948\" \/>\n\t<meta property=\"og:image:height\" content=\"1947\" \/>\n\t<meta property=\"og:image:type\" content=\"image\/jpeg\" \/>\n<meta name=\"twitter:label1\" content=\"Price\" \/>\n\t<meta name=\"twitter:data1\" content=\"&euro;&nbsp;48,90\" \/>\n\t<meta name=\"twitter:label2\" content=\"Availability\" \/>\n\t<meta name=\"twitter:data2\" content=\"In stock\" \/>\n<script type=\"application\/ld+json\" class=\"yoast-schema-graph\">{\"@context\":\"https:\/\/schema.org\",\"@graph\":[{\"@type\":\"WebPage\",\"@id\":\"https:\/\/www.sestogrado.it\/en\/prodotto\/pin-go-clipstick-bastone-telescopico-per-rinviare-multifunzione\/\",\"url\":\"https:\/\/www.sestogrado.it\/en\/prodotto\/pin-go-clipstick-bastone-telescopico-per-rinviare-multifunzione\/\",\"name\":\"PinGo! Clipstick bastone telescopico per rinviare multifunzione - Sestogrado\",\"isPartOf\":{\"@id\":\"https:\/\/www.sestogrado.it\/en\/#website\"},\"primaryImageOfPage\":{\"@id\":\"https:\/\/www.sestogrado.it\/en\/prodotto\/pin-go-clipstick-bastone-telescopico-per-rinviare-multifunzione\/#primaryimage\"},\"image\":{\"@id\":\"https:\/\/www.sestogrado.it\/prodotto\/pin-go-clipstick-bastone-telescopico-per-rinviare-multifunzione\/#primaryimage\"},\"thumbnailUrl\":\"https:\/\/www.sestogrado.it\/wp-content\/uploads\/2021\/08\/01-1.jpg\",\"datePublished\":\"2021-08-27T08:06:38+00:00\",\"dateModified\":\"2026-04-16T09:33:21+00:00\",\"description\":\"Il bastone telescopico Pin Go! \u00e8 un bastone multifunzione della lunghezza 52-235cm per rinviare il primo rinvio della via quando \u00e8 troppo lontano.Con soltanto 230 gr di peso, Pin Go! \u00e8 il bastone da clippare pi\u00f9 leggero del mercato. Dispiegato, ha una lunghezza di 2,35 m e quindi un raggio di circa 5 m, che ti permetter\u00e0 moschettonare il rinvio allo spit facilmente. Grazie alla sua leggerezza e compattezza, non ti accorgerai nemmeno di averla nel tuo zaino o appesa alla tua imbracatura.Pin Go! \u00e8 realizzato in fibra di vetro, quindi, a differenza di altri bastoni realizzati con materiali pi\u00f9 rigidi, evita deformazioni permanenti, essendo resistente alle intemperie e all\u2019uso continuato.3 FUNZIONI UNO\",\"breadcrumb\":{\"@id\":\"https:\/\/www.sestogrado.it\/en\/prodotto\/pin-go-clipstick-bastone-telescopico-per-rinviare-multifunzione\/#breadcrumb\"},\"inLanguage\":\"en-US\",\"potentialAction\":[{\"@type\":\"ReadAction\",\"target\":[[\"https:\/\/www.sestogrado.it\/en\/prodotto\/pin-go-clipstick-bastone-telescopico-per-rinviare-multifunzione\/\"]]}]},{\"@type\":\"ImageObject\",\"inLanguage\":\"en-US\",\"@id\":\"https:\/\/www.sestogrado.it\/en\/prodotto\/pin-go-clipstick-bastone-telescopico-per-rinviare-multifunzione\/#primaryimage\",\"url\":\"https:\/\/www.sestogrado.it\/wp-content\/uploads\/2021\/08\/01-1.jpg\",\"contentUrl\":\"https:\/\/www.sestogrado.it\/wp-content\/uploads\/2021\/08\/01-1.jpg\",\"width\":1948,\"height\":1947,\"caption\":\"pingo\"},{\"@type\":\"BreadcrumbList\",\"@id\":\"https:\/\/www.sestogrado.it\/en\/prodotto\/pin-go-clipstick-bastone-telescopico-per-rinviare-multifunzione\/#breadcrumb\",\"itemListElement\":[{\"@type\":\"ListItem\",\"position\":1,\"name\":\"Home\",\"item\":\"https:\/\/www.sestogrado.it\/en\/\"},{\"@type\":\"ListItem\",\"position\":2,\"name\":\"Shop\",\"item\":\"https:\/\/www.sestogrado.it\/en\/shop\/\"},{\"@type\":\"ListItem\",\"position\":3,\"name\":\"PinGo! Clipstick bastone telescopico per rinviare multifunzione\"}]},{\"@type\":\"WebSite\",\"@id\":\"https:\/\/www.sestogrado.it\/en\/#website\",\"url\":\"https:\/\/www.sestogrado.it\/en\/\",\"name\":\"Sestogrado\",\"description\":\"yes we climb\",\"publisher\":{\"@id\":\"https:\/\/www.sestogrado.it\/en\/#organization\"},\"potentialAction\":[{\"@type\":\"SearchAction\",\"target\":{\"@type\":\"EntryPoint\",\"urlTemplate\":\"https:\/\/www.sestogrado.it\/en\/?s={search_term_string}\"},\"query-input\":{\"@type\":\"PropertyValueSpecification\",\"valueRequired\":true,\"valueName\":\"search_term_string\"}}],\"inLanguage\":\"en-US\"},{\"@type\":\"Organization\",\"@id\":\"https:\/\/www.sestogrado.it\/en\/#organization\",\"name\":\"Sestogrado\",\"url\":\"https:\/\/www.sestogrado.it\/en\/\",\"logo\":{\"@type\":\"ImageObject\",\"inLanguage\":\"en-US\",\"@id\":\"https:\/\/www.sestogrado.it\/en\/#\/schema\/logo\/image\/\",\"url\":\"https:\/\/www.sestogrado.it\/wp-content\/uploads\/2015\/03\/sestogrado-favicon.png\",\"contentUrl\":\"https:\/\/www.sestogrado.it\/wp-content\/uploads\/2015\/03\/sestogrado-favicon.png\",\"width\":260,\"height\":260,\"caption\":\"Sestogrado\"},\"image\":{\"@id\":\"https:\/\/www.sestogrado.it\/en\/#\/schema\/logo\/image\/\"},\"sameAs\":[\"https:\/\/www.facebook.com\/pages\/Sestogrado\/1542635979353017?ref=bookmarks\",\"https:\/\/www.youtube.com\/channel\/UC847kAfTkaJsWpc1jtQwr3Q\"],\"hasMerchantReturnPolicy\":{\"@type\":\"MerchantReturnPolicy\",\"merchantReturnLink\":\"https:\/\/www.sestogrado.it\/en\/termini-e-condizioni\/\"}}]}<\/script>\n<meta property=\"product:brand\" content=\"Pin Go!\" \/>\n<meta property=\"product:price:amount\" content=\"48.90\" \/>\n<meta property=\"product:price:currency\" content=\"EUR\" \/>\n<meta property=\"og:availability\" content=\"instock\" \/>\n<meta property=\"product:availability\" content=\"instock\" \/>\n<meta property=\"product:condition\" content=\"new\" \/>\n<!-- \/ Yoast SEO plugin. -->","yoast_head_json":{"title":"PinGo! Clipstick bastone telescopico per rinviare multifunzione - Sestogrado","description":"Il bastone telescopico Pin Go! \u00e8 un bastone multifunzione della lunghezza 52-235cm per rinviare il primo rinvio della via quando \u00e8 troppo lontano.Con soltanto 230 gr di peso, Pin Go! \u00e8 il bastone da clippare pi\u00f9 leggero del mercato. Dispiegato, ha una lunghezza di 2,35 m e quindi un raggio di circa 5 m, che ti permetter\u00e0 moschettonare il rinvio allo spit facilmente. Grazie alla sua leggerezza e compattezza, non ti accorgerai nemmeno di averla nel tuo zaino o appesa alla tua imbracatura.Pin Go! \u00e8 realizzato in fibra di vetro, quindi, a differenza di altri bastoni realizzati con materiali pi\u00f9 rigidi, evita deformazioni permanenti, essendo resistente alle intemperie e all\u2019uso continuato.3 FUNZIONI UNO","robots":{"index":"index","follow":"follow","max-snippet":"max-snippet:-1","max-image-preview":"max-image-preview:large","max-video-preview":"max-video-preview:-1"},"canonical":"https:\/\/www.sestogrado.it\/en\/prodotto\/pin-go-clipstick-bastone-telescopico-per-rinviare-multifunzione\/","og_locale":"en_US","og_type":"article","og_title":"PinGo! Clipstick bastone telescopico per rinviare multifunzione - Sestogrado","og_description":"Il bastone telescopico Pin Go! \u00e8 un bastone multifunzione della lunghezza 52-235cm per rinviare il primo rinvio della via quando \u00e8 troppo lontano.Con soltanto 230 gr di peso, Pin Go! \u00e8 il bastone da clippare pi\u00f9 leggero del mercato. Dispiegato, ha una lunghezza di 2,35 m e quindi un raggio di circa 5 m, che ti permetter\u00e0 moschettonare il rinvio allo spit facilmente. Grazie alla sua leggerezza e compattezza, non ti accorgerai nemmeno di averla nel tuo zaino o appesa alla tua imbracatura.Pin Go! \u00e8 realizzato in fibra di vetro, quindi, a differenza di altri bastoni realizzati con materiali pi\u00f9 rigidi, evita deformazioni permanenti, essendo resistente alle intemperie e all\u2019uso continuato.3 FUNZIONI UNO","og_url":"https:\/\/www.sestogrado.it\/en\/prodotto\/pin-go-clipstick-bastone-telescopico-per-rinviare-multifunzione\/","og_site_name":"Sestogrado","article_publisher":"https:\/\/www.facebook.com\/pages\/Sestogrado\/1542635979353017?ref=bookmarks","article_modified_time":"2026-04-16T09:33:21+00:00","og_image":[{"width":1948,"height":1947,"url":"https:\/\/www.sestogrado.it\/wp-content\/uploads\/2021\/08\/01-1.jpg","type":"image\/jpeg"}],"twitter_misc":{"Price":"&euro;&nbsp;48,90","Availability":"In stock"},"schema":{"@context":"https:\/\/schema.org","@graph":[{"@type":"WebPage","@id":"https:\/\/www.sestogrado.it\/en\/prodotto\/pin-go-clipstick-bastone-telescopico-per-rinviare-multifunzione\/","url":"https:\/\/www.sestogrado.it\/en\/prodotto\/pin-go-clipstick-bastone-telescopico-per-rinviare-multifunzione\/","name":"PinGo! Clipstick bastone telescopico per rinviare multifunzione - Sestogrado","isPartOf":{"@id":"https:\/\/www.sestogrado.it\/en\/#website"},"primaryImageOfPage":{"@id":"https:\/\/www.sestogrado.it\/en\/prodotto\/pin-go-clipstick-bastone-telescopico-per-rinviare-multifunzione\/#primaryimage"},"image":{"@id":"https:\/\/www.sestogrado.it\/prodotto\/pin-go-clipstick-bastone-telescopico-per-rinviare-multifunzione\/#primaryimage"},"thumbnailUrl":"https:\/\/www.sestogrado.it\/wp-content\/uploads\/2021\/08\/01-1.jpg","datePublished":"2021-08-27T08:06:38+00:00","dateModified":"2026-04-16T09:33:21+00:00","description":"Il bastone telescopico Pin Go! \u00e8 un bastone multifunzione della lunghezza 52-235cm per rinviare il primo rinvio della via quando \u00e8 troppo lontano.Con soltanto 230 gr di peso, Pin Go! \u00e8 il bastone da clippare pi\u00f9 leggero del mercato. Dispiegato, ha una lunghezza di 2,35 m e quindi un raggio di circa 5 m, che ti permetter\u00e0 moschettonare il rinvio allo spit facilmente. Grazie alla sua leggerezza e compattezza, non ti accorgerai nemmeno di averla nel tuo zaino o appesa alla tua imbracatura.Pin Go! \u00e8 realizzato in fibra di vetro, quindi, a differenza di altri bastoni realizzati con materiali pi\u00f9 rigidi, evita deformazioni permanenti, essendo resistente alle intemperie e all\u2019uso continuato.3 FUNZIONI UNO","breadcrumb":{"@id":"https:\/\/www.sestogrado.it\/en\/prodotto\/pin-go-clipstick-bastone-telescopico-per-rinviare-multifunzione\/#breadcrumb"},"inLanguage":"en-US","potentialAction":[{"@type":"ReadAction","target":[["https:\/\/www.sestogrado.it\/en\/prodotto\/pin-go-clipstick-bastone-telescopico-per-rinviare-multifunzione\/"]]}]},{"@type":"ImageObject","inLanguage":"en-US","@id":"https:\/\/www.sestogrado.it\/en\/prodotto\/pin-go-clipstick-bastone-telescopico-per-rinviare-multifunzione\/#primaryimage","url":"https:\/\/www.sestogrado.it\/wp-content\/uploads\/2021\/08\/01-1.jpg","contentUrl":"https:\/\/www.sestogrado.it\/wp-content\/uploads\/2021\/08\/01-1.jpg","width":1948,"height":1947,"caption":"pingo"},{"@type":"BreadcrumbList","@id":"https:\/\/www.sestogrado.it\/en\/prodotto\/pin-go-clipstick-bastone-telescopico-per-rinviare-multifunzione\/#breadcrumb","itemListElement":[{"@type":"ListItem","position":1,"name":"Home","item":"https:\/\/www.sestogrado.it\/en\/"},{"@type":"ListItem","position":2,"name":"Shop","item":"https:\/\/www.sestogrado.it\/en\/shop\/"},{"@type":"ListItem","position":3,"name":"PinGo! Clipstick bastone telescopico per rinviare multifunzione"}]},{"@type":"WebSite","@id":"https:\/\/www.sestogrado.it\/en\/#website","url":"https:\/\/www.sestogrado.it\/en\/","name":"Sestogrado","description":"yes we climb","publisher":{"@id":"https:\/\/www.sestogrado.it\/en\/#organization"},"potentialAction":[{"@type":"SearchAction","target":{"@type":"EntryPoint","urlTemplate":"https:\/\/www.sestogrado.it\/en\/?s={search_term_string}"},"query-input":{"@type":"PropertyValueSpecification","valueRequired":true,"valueName":"search_term_string"}}],"inLanguage":"en-US"},{"@type":"Organization","@id":"https:\/\/www.sestogrado.it\/en\/#organization","name":"Sestogrado","url":"https:\/\/www.sestogrado.it\/en\/","logo":{"@type":"ImageObject","inLanguage":"en-US","@id":"https:\/\/www.sestogrado.it\/en\/#\/schema\/logo\/image\/","url":"https:\/\/www.sestogrado.it\/wp-content\/uploads\/2015\/03\/sestogrado-favicon.png","contentUrl":"https:\/\/www.sestogrado.it\/wp-content\/uploads\/2015\/03\/sestogrado-favicon.png","width":260,"height":260,"caption":"Sestogrado"},"image":{"@id":"https:\/\/www.sestogrado.it\/en\/#\/schema\/logo\/image\/"},"sameAs":["https:\/\/www.facebook.com\/pages\/Sestogrado\/1542635979353017?ref=bookmarks","https:\/\/www.youtube.com\/channel\/UC847kAfTkaJsWpc1jtQwr3Q"],"hasMerchantReturnPolicy":{"@type":"MerchantReturnPolicy","merchantReturnLink":"https:\/\/www.sestogrado.it\/en\/termini-e-condizioni\/"}}]},"product_brand":"Pin Go!","product_price_amount":"48.90","product_price_currency":"EUR","og_availability":"instock","product_availability":"instock","product_condition":"new"},"_links":{"self":[{"href":"https:\/\/www.sestogrado.it\/en\/wp-json\/wp\/v2\/product\/64946","targetHints":{"allow":["GET"]}}],"collection":[{"href":"https:\/\/www.sestogrado.it\/en\/wp-json\/wp\/v2\/product"}],"about":[{"href":"https:\/\/www.sestogrado.it\/en\/wp-json\/wp\/v2\/types\/product"}],"replies":[{"embeddable":true,"href":"https:\/\/www.sestogrado.it\/en\/wp-json\/wp\/v2\/comments?post=64946"}],"wp:featuredmedia":[{"embeddable":true,"href":"https:\/\/www.sestogrado.it\/en\/wp-json\/wp\/v2\/media\/65218"}],"wp:attachment":[{"href":"https:\/\/www.sestogrado.it\/en\/wp-json\/wp\/v2\/media?parent=64946"}],"wp:term":[{"taxonomy":"product_brand","embeddable":true,"href":"https:\/\/www.sestogrado.it\/en\/wp-json\/wp\/v2\/product_brand?post=64946"},{"taxonomy":"product_cat","embeddable":true,"href":"https:\/\/www.sestogrado.it\/en\/wp-json\/wp\/v2\/product_cat?post=64946"},{"taxonomy":"product_tag","embeddable":true,"href":"https:\/\/www.sestogrado.it\/en\/wp-json\/wp\/v2\/product_tag?post=64946"}],"curies":[{"name":"wp","href":"https:\/\/api.w.org\/{rel}","templated":true}]}}