{"id":64099,"date":"2021-08-05T14:44:47","date_gmt":"2021-08-05T12:44:47","guid":{"rendered":"https:\/\/www.sestogrado.it\/?post_type=product&#038;p=64099"},"modified":"2025-11-30T12:35:25","modified_gmt":"2025-11-30T11:35:25","slug":"idea-montagna-cervino-vie-normali","status":"publish","type":"product","link":"https:\/\/www.sestogrado.it\/en\/prodotto\/idea-montagna-cervino-vie-normali\/","title":{"rendered":"Idea Montagna Cervino vie normali"},"content":{"rendered":"<p class=\"qtranxs-available-languages-message qtranxs-available-languages-message-en\">Sorry, this entry is only available in <a href=\"https:\/\/www.sestogrado.it\/it\/wp-json\/wp\/v2\/product\/64099\" class=\"qtranxs-available-language-link qtranxs-available-language-link-it\" title=\"Italiano\">Italiano<\/a>.<\/p>","protected":false},"excerpt":{"rendered":"<p>Sorry, this entry is only available in Italiano.<\/p>\n","protected":false},"featured_media":64100,"comment_status":"open","ping_status":"closed","template":"","meta":{"_acf_changed":false},"product_brand":[331],"product_cat":[98],"product_tag":[],"class_list":{"0":"post-64099","1":"product","2":"type-product","3":"status-publish","4":"has-post-thumbnail","6":"product_brand-idea-montagna","7":"product_cat-libri","9":"first","10":"instock","11":"taxable","12":"shipping-taxable","13":"purchasable","14":"product-type-simple"},"acf":[],"yoast_head":"<!-- This site is optimized with the Yoast SEO plugin v26.4 - https:\/\/yoast.com\/wordpress\/plugins\/seo\/ -->\n<title>Idea Montagna Cervino vie normali - Sestogrado<\/title>\n<meta name=\"description\" content=\"Questo primo volume della collana Vie Normali Valle d&#039;Aosta prende in esame tutte le vette quotate e indicate come tali nella cartografia ufficiale della Regione Autonoma Valle d&#039;Aosta, che ricadono come accesso dalla Valle di Saint Barth\u00e9lemy e dalla Valtournenche, per un totale di 95 cime.Non \u00e8 stata tralasciata alcuna cima e tutte le vie sono state salite personalmente dagli autori, quasi esclusivamente nella stagione estiva 2018. Alcune montagne presentano vie logiche di salita da pi\u00f9 di un versante e da vallate differenti, ma sono state selezionate in questo caso le vie tecnicamente pi\u00f9 facili e con il percorso pi\u00f9 logico, con il minore dislivello, con un avvicinamento pi\u00f9 agevole e con una durata pi\u00f9 breve. Sono comunque indicate, nelle rispettive voci, eventuali varianti e altre possibilit\u00e0 di salita alla stessa cima.Alcune cime che fanno parte dell&#039;orizzonte geografico, visivo e alpinistico di queste valli, ma che presentano una via normale pi\u00f9 breve, logica e sicura (anche in relazione alle trasformazioni delle montagne avvenute negli ultimi decenni) che si sviluppa dalle valli limitrofe, sono inserite nei relativi volumi della collana e in particolare nel Volume 2. Monte Rosa. Valle d\u2019Ayas e Valle di Gressoney e nel Volume 8. Dent d\u2019Her\u00e9ns. Valpelline.\" \/>\n<meta name=\"robots\" content=\"index, follow, max-snippet:-1, max-image-preview:large, max-video-preview:-1\" \/>\n<link rel=\"canonical\" href=\"https:\/\/www.sestogrado.it\/en\/prodotto\/idea-montagna-cervino-vie-normali\/\" \/>\n<meta property=\"og:locale\" content=\"en_US\" \/>\n<meta property=\"og:type\" content=\"article\" \/>\n<meta property=\"og:title\" content=\"Idea Montagna Cervino vie normali - Sestogrado\" \/>\n<meta property=\"og:description\" content=\"Questo primo volume della collana Vie Normali Valle d&#039;Aosta prende in esame tutte le vette quotate e indicate come tali nella cartografia ufficiale della Regione Autonoma Valle d&#039;Aosta, che ricadono come accesso dalla Valle di Saint Barth\u00e9lemy e dalla Valtournenche, per un totale di 95 cime.Non \u00e8 stata tralasciata alcuna cima e tutte le vie sono state salite personalmente dagli autori, quasi esclusivamente nella stagione estiva 2018. Alcune montagne presentano vie logiche di salita da pi\u00f9 di un versante e da vallate differenti, ma sono state selezionate in questo caso le vie tecnicamente pi\u00f9 facili e con il percorso pi\u00f9 logico, con il minore dislivello, con un avvicinamento pi\u00f9 agevole e con una durata pi\u00f9 breve. Sono comunque indicate, nelle rispettive voci, eventuali varianti e altre possibilit\u00e0 di salita alla stessa cima.Alcune cime che fanno parte dell&#039;orizzonte geografico, visivo e alpinistico di queste valli, ma che presentano una via normale pi\u00f9 breve, logica e sicura (anche in relazione alle trasformazioni delle montagne avvenute negli ultimi decenni) che si sviluppa dalle valli limitrofe, sono inserite nei relativi volumi della collana e in particolare nel Volume 2. Monte Rosa. Valle d\u2019Ayas e Valle di Gressoney e nel Volume 8. Dent d\u2019Her\u00e9ns. Valpelline.\" \/>\n<meta property=\"og:url\" content=\"https:\/\/www.sestogrado.it\/en\/prodotto\/idea-montagna-cervino-vie-normali\/\" \/>\n<meta property=\"og:site_name\" content=\"Sestogrado\" \/>\n<meta property=\"article:publisher\" content=\"https:\/\/www.facebook.com\/pages\/Sestogrado\/1542635979353017?ref=bookmarks\" \/>\n<meta property=\"article:modified_time\" content=\"2025-11-30T11:35:25+00:00\" \/>\n<meta property=\"og:image\" content=\"https:\/\/www.sestogrado.it\/wp-content\/uploads\/2021\/08\/01-cerv.jpg\" \/>\n\t<meta property=\"og:image:width\" content=\"1027\" \/>\n\t<meta property=\"og:image:height\" content=\"1027\" \/>\n\t<meta property=\"og:image:type\" content=\"image\/jpeg\" \/>\n<meta name=\"twitter:label1\" content=\"Price\" \/>\n\t<meta name=\"twitter:data1\" content=\"&euro;&nbsp;26,00\" \/>\n\t<meta name=\"twitter:label2\" content=\"Availability\" \/>\n\t<meta name=\"twitter:data2\" content=\"In stock\" \/>\n<script type=\"application\/ld+json\" class=\"yoast-schema-graph\">{\"@context\":\"https:\/\/schema.org\",\"@graph\":[{\"@type\":\"WebPage\",\"@id\":\"https:\/\/www.sestogrado.it\/en\/prodotto\/idea-montagna-cervino-vie-normali\/\",\"url\":\"https:\/\/www.sestogrado.it\/en\/prodotto\/idea-montagna-cervino-vie-normali\/\",\"name\":\"Idea Montagna Cervino vie normali - Sestogrado\",\"isPartOf\":{\"@id\":\"https:\/\/www.sestogrado.it\/en\/#website\"},\"primaryImageOfPage\":{\"@id\":\"https:\/\/www.sestogrado.it\/en\/prodotto\/idea-montagna-cervino-vie-normali\/#primaryimage\"},\"image\":{\"@id\":\"https:\/\/www.sestogrado.it\/prodotto\/idea-montagna-cervino-vie-normali\/#primaryimage\"},\"thumbnailUrl\":\"https:\/\/www.sestogrado.it\/wp-content\/uploads\/2021\/08\/01-cerv.jpg\",\"datePublished\":\"2021-08-05T12:44:47+00:00\",\"dateModified\":\"2025-11-30T11:35:25+00:00\",\"description\":\"Questo primo volume della collana Vie Normali Valle d'Aosta prende in esame tutte le vette quotate e indicate come tali nella cartografia ufficiale della Regione Autonoma Valle d'Aosta, che ricadono come accesso dalla Valle di Saint Barth\u00e9lemy e dalla Valtournenche, per un totale di 95 cime.Non \u00e8 stata tralasciata alcuna cima e tutte le vie sono state salite personalmente dagli autori, quasi esclusivamente nella stagione estiva 2018. Alcune montagne presentano vie logiche di salita da pi\u00f9 di un versante e da vallate differenti, ma sono state selezionate in questo caso le vie tecnicamente pi\u00f9 facili e con il percorso pi\u00f9 logico, con il minore dislivello, con un avvicinamento pi\u00f9 agevole e con una durata pi\u00f9 breve. Sono comunque indicate, nelle rispettive voci, eventuali varianti e altre possibilit\u00e0 di salita alla stessa cima.Alcune cime che fanno parte dell'orizzonte geografico, visivo e alpinistico di queste valli, ma che presentano una via normale pi\u00f9 breve, logica e sicura (anche in relazione alle trasformazioni delle montagne avvenute negli ultimi decenni) che si sviluppa dalle valli limitrofe, sono inserite nei relativi volumi della collana e in particolare nel Volume 2. Monte Rosa. Valle d\u2019Ayas e Valle di Gressoney e nel Volume 8. Dent d\u2019Her\u00e9ns. Valpelline.\",\"breadcrumb\":{\"@id\":\"https:\/\/www.sestogrado.it\/en\/prodotto\/idea-montagna-cervino-vie-normali\/#breadcrumb\"},\"inLanguage\":\"en-US\",\"potentialAction\":[{\"@type\":\"ReadAction\",\"target\":[[\"https:\/\/www.sestogrado.it\/en\/prodotto\/idea-montagna-cervino-vie-normali\/\"]]}]},{\"@type\":\"ImageObject\",\"inLanguage\":\"en-US\",\"@id\":\"https:\/\/www.sestogrado.it\/en\/prodotto\/idea-montagna-cervino-vie-normali\/#primaryimage\",\"url\":\"https:\/\/www.sestogrado.it\/wp-content\/uploads\/2021\/08\/01-cerv.jpg\",\"contentUrl\":\"https:\/\/www.sestogrado.it\/wp-content\/uploads\/2021\/08\/01-cerv.jpg\",\"width\":1027,\"height\":1027,\"caption\":\"cervino\"},{\"@type\":\"BreadcrumbList\",\"@id\":\"https:\/\/www.sestogrado.it\/en\/prodotto\/idea-montagna-cervino-vie-normali\/#breadcrumb\",\"itemListElement\":[{\"@type\":\"ListItem\",\"position\":1,\"name\":\"Home\",\"item\":\"https:\/\/www.sestogrado.it\/en\/\"},{\"@type\":\"ListItem\",\"position\":2,\"name\":\"Shop\",\"item\":\"https:\/\/www.sestogrado.it\/en\/shop\/\"},{\"@type\":\"ListItem\",\"position\":3,\"name\":\"Idea Montagna Cervino vie normali\"}]},{\"@type\":\"WebSite\",\"@id\":\"https:\/\/www.sestogrado.it\/en\/#website\",\"url\":\"https:\/\/www.sestogrado.it\/en\/\",\"name\":\"Sestogrado\",\"description\":\"yes we climb\",\"publisher\":{\"@id\":\"https:\/\/www.sestogrado.it\/en\/#organization\"},\"potentialAction\":[{\"@type\":\"SearchAction\",\"target\":{\"@type\":\"EntryPoint\",\"urlTemplate\":\"https:\/\/www.sestogrado.it\/en\/?s={search_term_string}\"},\"query-input\":{\"@type\":\"PropertyValueSpecification\",\"valueRequired\":true,\"valueName\":\"search_term_string\"}}],\"inLanguage\":\"en-US\"},{\"@type\":\"Organization\",\"@id\":\"https:\/\/www.sestogrado.it\/en\/#organization\",\"name\":\"Sestogrado\",\"url\":\"https:\/\/www.sestogrado.it\/en\/\",\"logo\":{\"@type\":\"ImageObject\",\"inLanguage\":\"en-US\",\"@id\":\"https:\/\/www.sestogrado.it\/en\/#\/schema\/logo\/image\/\",\"url\":\"https:\/\/www.sestogrado.it\/wp-content\/uploads\/2015\/03\/sestogrado-favicon.png\",\"contentUrl\":\"https:\/\/www.sestogrado.it\/wp-content\/uploads\/2015\/03\/sestogrado-favicon.png\",\"width\":260,\"height\":260,\"caption\":\"Sestogrado\"},\"image\":{\"@id\":\"https:\/\/www.sestogrado.it\/en\/#\/schema\/logo\/image\/\"},\"sameAs\":[\"https:\/\/www.facebook.com\/pages\/Sestogrado\/1542635979353017?ref=bookmarks\",\"https:\/\/www.youtube.com\/channel\/UC847kAfTkaJsWpc1jtQwr3Q\"],\"hasMerchantReturnPolicy\":{\"@type\":\"MerchantReturnPolicy\",\"merchantReturnLink\":\"https:\/\/www.sestogrado.it\/en\/termini-e-condizioni\/\"}}]}<\/script>\n<meta property=\"product:brand\" content=\"Idea Montagna\" \/>\n<meta property=\"product:price:amount\" content=\"26.00\" \/>\n<meta property=\"product:price:currency\" content=\"EUR\" \/>\n<meta property=\"og:availability\" content=\"instock\" \/>\n<meta property=\"product:availability\" content=\"instock\" \/>\n<meta property=\"product:condition\" content=\"new\" \/>\n<!-- \/ Yoast SEO plugin. -->","yoast_head_json":{"title":"Idea Montagna Cervino vie normali - Sestogrado","description":"Questo primo volume della collana Vie Normali Valle d'Aosta prende in esame tutte le vette quotate e indicate come tali nella cartografia ufficiale della Regione Autonoma Valle d'Aosta, che ricadono come accesso dalla Valle di Saint Barth\u00e9lemy e dalla Valtournenche, per un totale di 95 cime.Non \u00e8 stata tralasciata alcuna cima e tutte le vie sono state salite personalmente dagli autori, quasi esclusivamente nella stagione estiva 2018. Alcune montagne presentano vie logiche di salita da pi\u00f9 di un versante e da vallate differenti, ma sono state selezionate in questo caso le vie tecnicamente pi\u00f9 facili e con il percorso pi\u00f9 logico, con il minore dislivello, con un avvicinamento pi\u00f9 agevole e con una durata pi\u00f9 breve. Sono comunque indicate, nelle rispettive voci, eventuali varianti e altre possibilit\u00e0 di salita alla stessa cima.Alcune cime che fanno parte dell'orizzonte geografico, visivo e alpinistico di queste valli, ma che presentano una via normale pi\u00f9 breve, logica e sicura (anche in relazione alle trasformazioni delle montagne avvenute negli ultimi decenni) che si sviluppa dalle valli limitrofe, sono inserite nei relativi volumi della collana e in particolare nel Volume 2. Monte Rosa. Valle d\u2019Ayas e Valle di Gressoney e nel Volume 8. Dent d\u2019Her\u00e9ns. Valpelline.","robots":{"index":"index","follow":"follow","max-snippet":"max-snippet:-1","max-image-preview":"max-image-preview:large","max-video-preview":"max-video-preview:-1"},"canonical":"https:\/\/www.sestogrado.it\/en\/prodotto\/idea-montagna-cervino-vie-normali\/","og_locale":"en_US","og_type":"article","og_title":"Idea Montagna Cervino vie normali - Sestogrado","og_description":"Questo primo volume della collana Vie Normali Valle d'Aosta prende in esame tutte le vette quotate e indicate come tali nella cartografia ufficiale della Regione Autonoma Valle d'Aosta, che ricadono come accesso dalla Valle di Saint Barth\u00e9lemy e dalla Valtournenche, per un totale di 95 cime.Non \u00e8 stata tralasciata alcuna cima e tutte le vie sono state salite personalmente dagli autori, quasi esclusivamente nella stagione estiva 2018. Alcune montagne presentano vie logiche di salita da pi\u00f9 di un versante e da vallate differenti, ma sono state selezionate in questo caso le vie tecnicamente pi\u00f9 facili e con il percorso pi\u00f9 logico, con il minore dislivello, con un avvicinamento pi\u00f9 agevole e con una durata pi\u00f9 breve. Sono comunque indicate, nelle rispettive voci, eventuali varianti e altre possibilit\u00e0 di salita alla stessa cima.Alcune cime che fanno parte dell'orizzonte geografico, visivo e alpinistico di queste valli, ma che presentano una via normale pi\u00f9 breve, logica e sicura (anche in relazione alle trasformazioni delle montagne avvenute negli ultimi decenni) che si sviluppa dalle valli limitrofe, sono inserite nei relativi volumi della collana e in particolare nel Volume 2. Monte Rosa. Valle d\u2019Ayas e Valle di Gressoney e nel Volume 8. Dent d\u2019Her\u00e9ns. Valpelline.","og_url":"https:\/\/www.sestogrado.it\/en\/prodotto\/idea-montagna-cervino-vie-normali\/","og_site_name":"Sestogrado","article_publisher":"https:\/\/www.facebook.com\/pages\/Sestogrado\/1542635979353017?ref=bookmarks","article_modified_time":"2025-11-30T11:35:25+00:00","og_image":[{"width":1027,"height":1027,"url":"https:\/\/www.sestogrado.it\/wp-content\/uploads\/2021\/08\/01-cerv.jpg","type":"image\/jpeg"}],"twitter_misc":{"Price":"&euro;&nbsp;26,00","Availability":"In stock"},"schema":{"@context":"https:\/\/schema.org","@graph":[{"@type":"WebPage","@id":"https:\/\/www.sestogrado.it\/en\/prodotto\/idea-montagna-cervino-vie-normali\/","url":"https:\/\/www.sestogrado.it\/en\/prodotto\/idea-montagna-cervino-vie-normali\/","name":"Idea Montagna Cervino vie normali - Sestogrado","isPartOf":{"@id":"https:\/\/www.sestogrado.it\/en\/#website"},"primaryImageOfPage":{"@id":"https:\/\/www.sestogrado.it\/en\/prodotto\/idea-montagna-cervino-vie-normali\/#primaryimage"},"image":{"@id":"https:\/\/www.sestogrado.it\/prodotto\/idea-montagna-cervino-vie-normali\/#primaryimage"},"thumbnailUrl":"https:\/\/www.sestogrado.it\/wp-content\/uploads\/2021\/08\/01-cerv.jpg","datePublished":"2021-08-05T12:44:47+00:00","dateModified":"2025-11-30T11:35:25+00:00","description":"Questo primo volume della collana Vie Normali Valle d'Aosta prende in esame tutte le vette quotate e indicate come tali nella cartografia ufficiale della Regione Autonoma Valle d'Aosta, che ricadono come accesso dalla Valle di Saint Barth\u00e9lemy e dalla Valtournenche, per un totale di 95 cime.Non \u00e8 stata tralasciata alcuna cima e tutte le vie sono state salite personalmente dagli autori, quasi esclusivamente nella stagione estiva 2018. Alcune montagne presentano vie logiche di salita da pi\u00f9 di un versante e da vallate differenti, ma sono state selezionate in questo caso le vie tecnicamente pi\u00f9 facili e con il percorso pi\u00f9 logico, con il minore dislivello, con un avvicinamento pi\u00f9 agevole e con una durata pi\u00f9 breve. Sono comunque indicate, nelle rispettive voci, eventuali varianti e altre possibilit\u00e0 di salita alla stessa cima.Alcune cime che fanno parte dell'orizzonte geografico, visivo e alpinistico di queste valli, ma che presentano una via normale pi\u00f9 breve, logica e sicura (anche in relazione alle trasformazioni delle montagne avvenute negli ultimi decenni) che si sviluppa dalle valli limitrofe, sono inserite nei relativi volumi della collana e in particolare nel Volume 2. Monte Rosa. Valle d\u2019Ayas e Valle di Gressoney e nel Volume 8. Dent d\u2019Her\u00e9ns. Valpelline.","breadcrumb":{"@id":"https:\/\/www.sestogrado.it\/en\/prodotto\/idea-montagna-cervino-vie-normali\/#breadcrumb"},"inLanguage":"en-US","potentialAction":[{"@type":"ReadAction","target":[["https:\/\/www.sestogrado.it\/en\/prodotto\/idea-montagna-cervino-vie-normali\/"]]}]},{"@type":"ImageObject","inLanguage":"en-US","@id":"https:\/\/www.sestogrado.it\/en\/prodotto\/idea-montagna-cervino-vie-normali\/#primaryimage","url":"https:\/\/www.sestogrado.it\/wp-content\/uploads\/2021\/08\/01-cerv.jpg","contentUrl":"https:\/\/www.sestogrado.it\/wp-content\/uploads\/2021\/08\/01-cerv.jpg","width":1027,"height":1027,"caption":"cervino"},{"@type":"BreadcrumbList","@id":"https:\/\/www.sestogrado.it\/en\/prodotto\/idea-montagna-cervino-vie-normali\/#breadcrumb","itemListElement":[{"@type":"ListItem","position":1,"name":"Home","item":"https:\/\/www.sestogrado.it\/en\/"},{"@type":"ListItem","position":2,"name":"Shop","item":"https:\/\/www.sestogrado.it\/en\/shop\/"},{"@type":"ListItem","position":3,"name":"Idea Montagna Cervino vie normali"}]},{"@type":"WebSite","@id":"https:\/\/www.sestogrado.it\/en\/#website","url":"https:\/\/www.sestogrado.it\/en\/","name":"Sestogrado","description":"yes we climb","publisher":{"@id":"https:\/\/www.sestogrado.it\/en\/#organization"},"potentialAction":[{"@type":"SearchAction","target":{"@type":"EntryPoint","urlTemplate":"https:\/\/www.sestogrado.it\/en\/?s={search_term_string}"},"query-input":{"@type":"PropertyValueSpecification","valueRequired":true,"valueName":"search_term_string"}}],"inLanguage":"en-US"},{"@type":"Organization","@id":"https:\/\/www.sestogrado.it\/en\/#organization","name":"Sestogrado","url":"https:\/\/www.sestogrado.it\/en\/","logo":{"@type":"ImageObject","inLanguage":"en-US","@id":"https:\/\/www.sestogrado.it\/en\/#\/schema\/logo\/image\/","url":"https:\/\/www.sestogrado.it\/wp-content\/uploads\/2015\/03\/sestogrado-favicon.png","contentUrl":"https:\/\/www.sestogrado.it\/wp-content\/uploads\/2015\/03\/sestogrado-favicon.png","width":260,"height":260,"caption":"Sestogrado"},"image":{"@id":"https:\/\/www.sestogrado.it\/en\/#\/schema\/logo\/image\/"},"sameAs":["https:\/\/www.facebook.com\/pages\/Sestogrado\/1542635979353017?ref=bookmarks","https:\/\/www.youtube.com\/channel\/UC847kAfTkaJsWpc1jtQwr3Q"],"hasMerchantReturnPolicy":{"@type":"MerchantReturnPolicy","merchantReturnLink":"https:\/\/www.sestogrado.it\/en\/termini-e-condizioni\/"}}]},"product_brand":"Idea Montagna","product_price_amount":"26.00","product_price_currency":"EUR","og_availability":"instock","product_availability":"instock","product_condition":"new"},"_links":{"self":[{"href":"https:\/\/www.sestogrado.it\/en\/wp-json\/wp\/v2\/product\/64099","targetHints":{"allow":["GET"]}}],"collection":[{"href":"https:\/\/www.sestogrado.it\/en\/wp-json\/wp\/v2\/product"}],"about":[{"href":"https:\/\/www.sestogrado.it\/en\/wp-json\/wp\/v2\/types\/product"}],"replies":[{"embeddable":true,"href":"https:\/\/www.sestogrado.it\/en\/wp-json\/wp\/v2\/comments?post=64099"}],"wp:featuredmedia":[{"embeddable":true,"href":"https:\/\/www.sestogrado.it\/en\/wp-json\/wp\/v2\/media\/64100"}],"wp:attachment":[{"href":"https:\/\/www.sestogrado.it\/en\/wp-json\/wp\/v2\/media?parent=64099"}],"wp:term":[{"taxonomy":"product_brand","embeddable":true,"href":"https:\/\/www.sestogrado.it\/en\/wp-json\/wp\/v2\/product_brand?post=64099"},{"taxonomy":"product_cat","embeddable":true,"href":"https:\/\/www.sestogrado.it\/en\/wp-json\/wp\/v2\/product_cat?post=64099"},{"taxonomy":"product_tag","embeddable":true,"href":"https:\/\/www.sestogrado.it\/en\/wp-json\/wp\/v2\/product_tag?post=64099"}],"curies":[{"name":"wp","href":"https:\/\/api.w.org\/{rel}","templated":true}]}}