{"id":62555,"date":"2024-03-23T14:36:46","date_gmt":"2024-03-23T13:36:46","guid":{"rendered":"https:\/\/www.sestogrado.it\/?post_type=product&#038;p=62555"},"modified":"2026-04-02T14:21:27","modified_gmt":"2026-04-02T12:21:27","slug":"fixe-roca-siurana-9-6-nature-endurance-corda-arrampicata","status":"publish","type":"product","link":"https:\/\/www.sestogrado.it\/en\/prodotto\/fixe-roca-siurana-9-6-nature-endurance-corda-arrampicata\/","title":{"rendered":"Fixe Roca Siurana 9.6 Nature Endurance corda arrampicata"},"content":{"rendered":"<p class=\"qtranxs-available-languages-message qtranxs-available-languages-message-en\">Sorry, this entry is only available in <a href=\"https:\/\/www.sestogrado.it\/it\/wp-json\/wp\/v2\/product\/62555\" class=\"qtranxs-available-language-link qtranxs-available-language-link-it\" title=\"Italiano\">Italiano<\/a>.<\/p>","protected":false},"excerpt":{"rendered":"<p>Sorry, this entry is only available in Italiano.<\/p>\n","protected":false},"featured_media":170676,"comment_status":"open","ping_status":"closed","template":"","meta":{"_acf_changed":false},"product_brand":[778],"product_cat":[136],"product_tag":[],"class_list":{"0":"post-62555","1":"product","2":"type-product","3":"status-publish","4":"has-post-thumbnail","6":"product_brand-fixe","7":"product_cat-corde-corde","9":"first","10":"instock","11":"sale","12":"taxable","13":"shipping-taxable","14":"purchasable","15":"product-type-variable"},"acf":[],"yoast_head":"<!-- This site is optimized with the Yoast SEO plugin v26.4 - https:\/\/yoast.com\/wordpress\/plugins\/seo\/ -->\n<title>Fixe Roca Siurana 9.6 Nature Endurance corda arrampicata - Sestogrado<\/title>\n<meta name=\"description\" content=\"La Fixe Roca Siurana 9.6 Nature Endurance \u00e8 la corda singola per eccellenza di Fixe. Piacevole al tatto e facile da annodare \u00e8 realizzata con costruzione Endurance, per cui la calza \u00e8 intrecciata con 48 trefoli, rispetto alla costruzione classica con 42 trefoli. Questa modalit\u00e0 costruttiva fornisce una superficie particolarmente regolare della calza, in grado di offrire maggiore scorrevolezza nei moschettoni e nei dispositivi di assicurazione e maggiore resistenza all&#039;abrasione.In versione Nature, priva di trattamenti chimici, la Fixe Roca Siurana 9.6 offre prestazioni eccezionali per arrampicata sportiva e vie lunghe. Il suo tipo di costruzione riduce la penetrazione di ghiaccio, polvere e sabbia tra i filamenti, prolungandone la vita. Durevole, resistente e con una forza d&#039;impatto molto bassa \u00e8 ideale sia per chi \u00e8 alle prime armi con l&#039;arrampicata che per arrampicatori esperti.\" \/>\n<meta name=\"robots\" content=\"index, follow, max-snippet:-1, max-image-preview:large, max-video-preview:-1\" \/>\n<link rel=\"canonical\" href=\"https:\/\/www.sestogrado.it\/en\/prodotto\/fixe-roca-siurana-9-6-nature-endurance-corda-arrampicata\/\" \/>\n<meta property=\"og:locale\" content=\"en_US\" \/>\n<meta property=\"og:type\" content=\"article\" \/>\n<meta property=\"og:title\" content=\"Fixe Roca Siurana 9.6 Nature Endurance corda arrampicata - Sestogrado\" \/>\n<meta property=\"og:description\" content=\"La Fixe Roca Siurana 9.6 Nature Endurance \u00e8 la corda singola per eccellenza di Fixe. Piacevole al tatto e facile da annodare \u00e8 realizzata con costruzione Endurance, per cui la calza \u00e8 intrecciata con 48 trefoli, rispetto alla costruzione classica con 42 trefoli. Questa modalit\u00e0 costruttiva fornisce una superficie particolarmente regolare della calza, in grado di offrire maggiore scorrevolezza nei moschettoni e nei dispositivi di assicurazione e maggiore resistenza all&#039;abrasione.In versione Nature, priva di trattamenti chimici, la Fixe Roca Siurana 9.6 offre prestazioni eccezionali per arrampicata sportiva e vie lunghe. Il suo tipo di costruzione riduce la penetrazione di ghiaccio, polvere e sabbia tra i filamenti, prolungandone la vita. Durevole, resistente e con una forza d&#039;impatto molto bassa \u00e8 ideale sia per chi \u00e8 alle prime armi con l&#039;arrampicata che per arrampicatori esperti.\" \/>\n<meta property=\"og:url\" content=\"https:\/\/www.sestogrado.it\/en\/prodotto\/fixe-roca-siurana-9-6-nature-endurance-corda-arrampicata\/\" \/>\n<meta property=\"og:site_name\" content=\"Sestogrado\" \/>\n<meta property=\"article:publisher\" content=\"https:\/\/www.facebook.com\/pages\/Sestogrado\/1542635979353017?ref=bookmarks\" \/>\n<meta property=\"article:modified_time\" content=\"2026-04-02T12:21:27+00:00\" \/>\n<meta property=\"og:image\" content=\"https:\/\/www.sestogrado.it\/wp-content\/uploads\/2021\/07\/01-12.jpg\" \/>\n\t<meta property=\"og:image:width\" content=\"800\" \/>\n\t<meta property=\"og:image:height\" content=\"800\" \/>\n\t<meta property=\"og:image:type\" content=\"image\/jpeg\" \/>\n<meta name=\"twitter:label1\" content=\"Availability\" \/>\n\t<meta name=\"twitter:data1\" content=\"In stock\" \/>\n<script type=\"application\/ld+json\" class=\"yoast-schema-graph\">{\"@context\":\"https:\/\/schema.org\",\"@graph\":[{\"@type\":\"WebPage\",\"@id\":\"https:\/\/www.sestogrado.it\/en\/prodotto\/fixe-roca-siurana-9-6-nature-endurance-corda-arrampicata\/\",\"url\":\"https:\/\/www.sestogrado.it\/en\/prodotto\/fixe-roca-siurana-9-6-nature-endurance-corda-arrampicata\/\",\"name\":\"Fixe Roca Siurana 9.6 Nature Endurance corda arrampicata - Sestogrado\",\"isPartOf\":{\"@id\":\"https:\/\/www.sestogrado.it\/en\/#website\"},\"primaryImageOfPage\":{\"@id\":\"https:\/\/www.sestogrado.it\/en\/prodotto\/fixe-roca-siurana-9-6-nature-endurance-corda-arrampicata\/#primaryimage\"},\"image\":{\"@id\":\"https:\/\/www.sestogrado.it\/prodotto\/fixe-roca-siurana-9-6-nature-endurance-corda-arrampicata\/#primaryimage\"},\"thumbnailUrl\":\"https:\/\/www.sestogrado.it\/wp-content\/uploads\/2021\/07\/01-12.jpg\",\"datePublished\":\"2024-03-23T13:36:46+00:00\",\"dateModified\":\"2026-04-02T12:21:27+00:00\",\"description\":\"La Fixe Roca Siurana 9.6 Nature Endurance \u00e8 la corda singola per eccellenza di Fixe. Piacevole al tatto e facile da annodare \u00e8 realizzata con costruzione Endurance, per cui la calza \u00e8 intrecciata con 48 trefoli, rispetto alla costruzione classica con 42 trefoli. Questa modalit\u00e0 costruttiva fornisce una superficie particolarmente regolare della calza, in grado di offrire maggiore scorrevolezza nei moschettoni e nei dispositivi di assicurazione e maggiore resistenza all'abrasione.In versione Nature, priva di trattamenti chimici, la Fixe Roca Siurana 9.6 offre prestazioni eccezionali per arrampicata sportiva e vie lunghe. Il suo tipo di costruzione riduce la penetrazione di ghiaccio, polvere e sabbia tra i filamenti, prolungandone la vita. Durevole, resistente e con una forza d'impatto molto bassa \u00e8 ideale sia per chi \u00e8 alle prime armi con l'arrampicata che per arrampicatori esperti.\",\"breadcrumb\":{\"@id\":\"https:\/\/www.sestogrado.it\/en\/prodotto\/fixe-roca-siurana-9-6-nature-endurance-corda-arrampicata\/#breadcrumb\"},\"inLanguage\":\"en-US\",\"potentialAction\":[{\"@type\":\"ReadAction\",\"target\":[[\"https:\/\/www.sestogrado.it\/en\/prodotto\/fixe-roca-siurana-9-6-nature-endurance-corda-arrampicata\/\"]]}]},{\"@type\":\"ImageObject\",\"inLanguage\":\"en-US\",\"@id\":\"https:\/\/www.sestogrado.it\/en\/prodotto\/fixe-roca-siurana-9-6-nature-endurance-corda-arrampicata\/#primaryimage\",\"url\":\"https:\/\/www.sestogrado.it\/wp-content\/uploads\/2021\/07\/01-12.jpg\",\"contentUrl\":\"https:\/\/www.sestogrado.it\/wp-content\/uploads\/2021\/07\/01-12.jpg\",\"width\":800,\"height\":800,\"caption\":\"fixe siurana 9.6\"},{\"@type\":\"BreadcrumbList\",\"@id\":\"https:\/\/www.sestogrado.it\/en\/prodotto\/fixe-roca-siurana-9-6-nature-endurance-corda-arrampicata\/#breadcrumb\",\"itemListElement\":[{\"@type\":\"ListItem\",\"position\":1,\"name\":\"Home\",\"item\":\"https:\/\/www.sestogrado.it\/en\/\"},{\"@type\":\"ListItem\",\"position\":2,\"name\":\"Shop\",\"item\":\"https:\/\/www.sestogrado.it\/en\/shop\/\"},{\"@type\":\"ListItem\",\"position\":3,\"name\":\"Fixe Roca Siurana 9.6 Nature Endurance corda arrampicata\"}]},{\"@type\":\"WebSite\",\"@id\":\"https:\/\/www.sestogrado.it\/en\/#website\",\"url\":\"https:\/\/www.sestogrado.it\/en\/\",\"name\":\"Sestogrado\",\"description\":\"yes we climb\",\"publisher\":{\"@id\":\"https:\/\/www.sestogrado.it\/en\/#organization\"},\"potentialAction\":[{\"@type\":\"SearchAction\",\"target\":{\"@type\":\"EntryPoint\",\"urlTemplate\":\"https:\/\/www.sestogrado.it\/en\/?s={search_term_string}\"},\"query-input\":{\"@type\":\"PropertyValueSpecification\",\"valueRequired\":true,\"valueName\":\"search_term_string\"}}],\"inLanguage\":\"en-US\"},{\"@type\":\"Organization\",\"@id\":\"https:\/\/www.sestogrado.it\/en\/#organization\",\"name\":\"Sestogrado\",\"url\":\"https:\/\/www.sestogrado.it\/en\/\",\"logo\":{\"@type\":\"ImageObject\",\"inLanguage\":\"en-US\",\"@id\":\"https:\/\/www.sestogrado.it\/en\/#\/schema\/logo\/image\/\",\"url\":\"https:\/\/www.sestogrado.it\/wp-content\/uploads\/2015\/03\/sestogrado-favicon.png\",\"contentUrl\":\"https:\/\/www.sestogrado.it\/wp-content\/uploads\/2015\/03\/sestogrado-favicon.png\",\"width\":260,\"height\":260,\"caption\":\"Sestogrado\"},\"image\":{\"@id\":\"https:\/\/www.sestogrado.it\/en\/#\/schema\/logo\/image\/\"},\"sameAs\":[\"https:\/\/www.facebook.com\/pages\/Sestogrado\/1542635979353017?ref=bookmarks\",\"https:\/\/www.youtube.com\/channel\/UC847kAfTkaJsWpc1jtQwr3Q\"],\"hasMerchantReturnPolicy\":{\"@type\":\"MerchantReturnPolicy\",\"merchantReturnLink\":\"https:\/\/www.sestogrado.it\/en\/termini-e-condizioni\/\"}}]}<\/script>\n<meta property=\"product:brand\" content=\"Fixe\" \/>\n<meta property=\"og:availability\" content=\"instock\" \/>\n<meta property=\"product:availability\" content=\"instock\" \/>\n<meta property=\"product:condition\" content=\"new\" \/>\n<!-- \/ Yoast SEO plugin. -->","yoast_head_json":{"title":"Fixe Roca Siurana 9.6 Nature Endurance corda arrampicata - Sestogrado","description":"La Fixe Roca Siurana 9.6 Nature Endurance \u00e8 la corda singola per eccellenza di Fixe. Piacevole al tatto e facile da annodare \u00e8 realizzata con costruzione Endurance, per cui la calza \u00e8 intrecciata con 48 trefoli, rispetto alla costruzione classica con 42 trefoli. Questa modalit\u00e0 costruttiva fornisce una superficie particolarmente regolare della calza, in grado di offrire maggiore scorrevolezza nei moschettoni e nei dispositivi di assicurazione e maggiore resistenza all'abrasione.In versione Nature, priva di trattamenti chimici, la Fixe Roca Siurana 9.6 offre prestazioni eccezionali per arrampicata sportiva e vie lunghe. Il suo tipo di costruzione riduce la penetrazione di ghiaccio, polvere e sabbia tra i filamenti, prolungandone la vita. Durevole, resistente e con una forza d'impatto molto bassa \u00e8 ideale sia per chi \u00e8 alle prime armi con l'arrampicata che per arrampicatori esperti.","robots":{"index":"index","follow":"follow","max-snippet":"max-snippet:-1","max-image-preview":"max-image-preview:large","max-video-preview":"max-video-preview:-1"},"canonical":"https:\/\/www.sestogrado.it\/en\/prodotto\/fixe-roca-siurana-9-6-nature-endurance-corda-arrampicata\/","og_locale":"en_US","og_type":"article","og_title":"Fixe Roca Siurana 9.6 Nature Endurance corda arrampicata - Sestogrado","og_description":"La Fixe Roca Siurana 9.6 Nature Endurance \u00e8 la corda singola per eccellenza di Fixe. Piacevole al tatto e facile da annodare \u00e8 realizzata con costruzione Endurance, per cui la calza \u00e8 intrecciata con 48 trefoli, rispetto alla costruzione classica con 42 trefoli. Questa modalit\u00e0 costruttiva fornisce una superficie particolarmente regolare della calza, in grado di offrire maggiore scorrevolezza nei moschettoni e nei dispositivi di assicurazione e maggiore resistenza all'abrasione.In versione Nature, priva di trattamenti chimici, la Fixe Roca Siurana 9.6 offre prestazioni eccezionali per arrampicata sportiva e vie lunghe. Il suo tipo di costruzione riduce la penetrazione di ghiaccio, polvere e sabbia tra i filamenti, prolungandone la vita. Durevole, resistente e con una forza d'impatto molto bassa \u00e8 ideale sia per chi \u00e8 alle prime armi con l'arrampicata che per arrampicatori esperti.","og_url":"https:\/\/www.sestogrado.it\/en\/prodotto\/fixe-roca-siurana-9-6-nature-endurance-corda-arrampicata\/","og_site_name":"Sestogrado","article_publisher":"https:\/\/www.facebook.com\/pages\/Sestogrado\/1542635979353017?ref=bookmarks","article_modified_time":"2026-04-02T12:21:27+00:00","og_image":[{"width":800,"height":800,"url":"https:\/\/www.sestogrado.it\/wp-content\/uploads\/2021\/07\/01-12.jpg","type":"image\/jpeg"}],"twitter_misc":{"Availability":"In stock"},"schema":{"@context":"https:\/\/schema.org","@graph":[{"@type":"WebPage","@id":"https:\/\/www.sestogrado.it\/en\/prodotto\/fixe-roca-siurana-9-6-nature-endurance-corda-arrampicata\/","url":"https:\/\/www.sestogrado.it\/en\/prodotto\/fixe-roca-siurana-9-6-nature-endurance-corda-arrampicata\/","name":"Fixe Roca Siurana 9.6 Nature Endurance corda arrampicata - Sestogrado","isPartOf":{"@id":"https:\/\/www.sestogrado.it\/en\/#website"},"primaryImageOfPage":{"@id":"https:\/\/www.sestogrado.it\/en\/prodotto\/fixe-roca-siurana-9-6-nature-endurance-corda-arrampicata\/#primaryimage"},"image":{"@id":"https:\/\/www.sestogrado.it\/prodotto\/fixe-roca-siurana-9-6-nature-endurance-corda-arrampicata\/#primaryimage"},"thumbnailUrl":"https:\/\/www.sestogrado.it\/wp-content\/uploads\/2021\/07\/01-12.jpg","datePublished":"2024-03-23T13:36:46+00:00","dateModified":"2026-04-02T12:21:27+00:00","description":"La Fixe Roca Siurana 9.6 Nature Endurance \u00e8 la corda singola per eccellenza di Fixe. Piacevole al tatto e facile da annodare \u00e8 realizzata con costruzione Endurance, per cui la calza \u00e8 intrecciata con 48 trefoli, rispetto alla costruzione classica con 42 trefoli. Questa modalit\u00e0 costruttiva fornisce una superficie particolarmente regolare della calza, in grado di offrire maggiore scorrevolezza nei moschettoni e nei dispositivi di assicurazione e maggiore resistenza all'abrasione.In versione Nature, priva di trattamenti chimici, la Fixe Roca Siurana 9.6 offre prestazioni eccezionali per arrampicata sportiva e vie lunghe. Il suo tipo di costruzione riduce la penetrazione di ghiaccio, polvere e sabbia tra i filamenti, prolungandone la vita. Durevole, resistente e con una forza d'impatto molto bassa \u00e8 ideale sia per chi \u00e8 alle prime armi con l'arrampicata che per arrampicatori esperti.","breadcrumb":{"@id":"https:\/\/www.sestogrado.it\/en\/prodotto\/fixe-roca-siurana-9-6-nature-endurance-corda-arrampicata\/#breadcrumb"},"inLanguage":"en-US","potentialAction":[{"@type":"ReadAction","target":[["https:\/\/www.sestogrado.it\/en\/prodotto\/fixe-roca-siurana-9-6-nature-endurance-corda-arrampicata\/"]]}]},{"@type":"ImageObject","inLanguage":"en-US","@id":"https:\/\/www.sestogrado.it\/en\/prodotto\/fixe-roca-siurana-9-6-nature-endurance-corda-arrampicata\/#primaryimage","url":"https:\/\/www.sestogrado.it\/wp-content\/uploads\/2021\/07\/01-12.jpg","contentUrl":"https:\/\/www.sestogrado.it\/wp-content\/uploads\/2021\/07\/01-12.jpg","width":800,"height":800,"caption":"fixe siurana 9.6"},{"@type":"BreadcrumbList","@id":"https:\/\/www.sestogrado.it\/en\/prodotto\/fixe-roca-siurana-9-6-nature-endurance-corda-arrampicata\/#breadcrumb","itemListElement":[{"@type":"ListItem","position":1,"name":"Home","item":"https:\/\/www.sestogrado.it\/en\/"},{"@type":"ListItem","position":2,"name":"Shop","item":"https:\/\/www.sestogrado.it\/en\/shop\/"},{"@type":"ListItem","position":3,"name":"Fixe Roca Siurana 9.6 Nature Endurance corda arrampicata"}]},{"@type":"WebSite","@id":"https:\/\/www.sestogrado.it\/en\/#website","url":"https:\/\/www.sestogrado.it\/en\/","name":"Sestogrado","description":"yes we climb","publisher":{"@id":"https:\/\/www.sestogrado.it\/en\/#organization"},"potentialAction":[{"@type":"SearchAction","target":{"@type":"EntryPoint","urlTemplate":"https:\/\/www.sestogrado.it\/en\/?s={search_term_string}"},"query-input":{"@type":"PropertyValueSpecification","valueRequired":true,"valueName":"search_term_string"}}],"inLanguage":"en-US"},{"@type":"Organization","@id":"https:\/\/www.sestogrado.it\/en\/#organization","name":"Sestogrado","url":"https:\/\/www.sestogrado.it\/en\/","logo":{"@type":"ImageObject","inLanguage":"en-US","@id":"https:\/\/www.sestogrado.it\/en\/#\/schema\/logo\/image\/","url":"https:\/\/www.sestogrado.it\/wp-content\/uploads\/2015\/03\/sestogrado-favicon.png","contentUrl":"https:\/\/www.sestogrado.it\/wp-content\/uploads\/2015\/03\/sestogrado-favicon.png","width":260,"height":260,"caption":"Sestogrado"},"image":{"@id":"https:\/\/www.sestogrado.it\/en\/#\/schema\/logo\/image\/"},"sameAs":["https:\/\/www.facebook.com\/pages\/Sestogrado\/1542635979353017?ref=bookmarks","https:\/\/www.youtube.com\/channel\/UC847kAfTkaJsWpc1jtQwr3Q"],"hasMerchantReturnPolicy":{"@type":"MerchantReturnPolicy","merchantReturnLink":"https:\/\/www.sestogrado.it\/en\/termini-e-condizioni\/"}}]},"product_brand":"Fixe","og_availability":"instock","product_availability":"instock","product_condition":"new"},"_links":{"self":[{"href":"https:\/\/www.sestogrado.it\/en\/wp-json\/wp\/v2\/product\/62555","targetHints":{"allow":["GET"]}}],"collection":[{"href":"https:\/\/www.sestogrado.it\/en\/wp-json\/wp\/v2\/product"}],"about":[{"href":"https:\/\/www.sestogrado.it\/en\/wp-json\/wp\/v2\/types\/product"}],"replies":[{"embeddable":true,"href":"https:\/\/www.sestogrado.it\/en\/wp-json\/wp\/v2\/comments?post=62555"}],"wp:featuredmedia":[{"embeddable":true,"href":"https:\/\/www.sestogrado.it\/en\/wp-json\/wp\/v2\/media\/170676"}],"wp:attachment":[{"href":"https:\/\/www.sestogrado.it\/en\/wp-json\/wp\/v2\/media?parent=62555"}],"wp:term":[{"taxonomy":"product_brand","embeddable":true,"href":"https:\/\/www.sestogrado.it\/en\/wp-json\/wp\/v2\/product_brand?post=62555"},{"taxonomy":"product_cat","embeddable":true,"href":"https:\/\/www.sestogrado.it\/en\/wp-json\/wp\/v2\/product_cat?post=62555"},{"taxonomy":"product_tag","embeddable":true,"href":"https:\/\/www.sestogrado.it\/en\/wp-json\/wp\/v2\/product_tag?post=62555"}],"curies":[{"name":"wp","href":"https:\/\/api.w.org\/{rel}","templated":true}]}}