{"id":59739,"date":"2021-06-04T10:25:14","date_gmt":"2021-06-04T08:25:14","guid":{"rendered":"https:\/\/www.sestogrado.it\/?post_type=product&#038;p=59739"},"modified":"2022-05-11T23:43:18","modified_gmt":"2022-05-11T21:43:18","slug":"beal-protector-70cm-proteggi-corda","status":"publish","type":"product","link":"https:\/\/www.sestogrado.it\/en\/prodotto\/beal-protector-70cm-proteggi-corda\/","title":{"rendered":"Beal Protector 70cm for rope"},"content":{"rendered":"<p>Beal Protector 70cm is a rope protector to be applied when the rope has to slide on a sharp edge that can damage it. The Beal Protector is an ultra solid rope protector composed of a double layer of reinforced PVC.<\/p>\n<p>Length: 70 cm<\/p>\n<p>Weight: 150 g<\/p>","protected":false},"excerpt":{"rendered":"<p>Beal Protector 70cm is a rope protector to be applied when the rope has to slide on a sharp edge [&hellip;]<\/p>\n","protected":false},"featured_media":59740,"comment_status":"open","ping_status":"closed","template":"","meta":{"_acf_changed":false},"product_brand":[84],"product_cat":[139],"product_tag":[],"class_list":{"0":"post-59739","1":"product","2":"type-product","3":"status-publish","4":"has-post-thumbnail","6":"product_brand-beal","7":"product_cat-accessori-corda","9":"first","10":"outofstock","11":"sale","12":"taxable","13":"shipping-taxable","14":"purchasable","15":"product-type-simple"},"acf":[],"yoast_head":"<!-- This site is optimized with the Yoast SEO plugin v26.4 - https:\/\/yoast.com\/wordpress\/plugins\/seo\/ -->\n<title>Beal Protector 70cm for rope - Sestogrado<\/title>\n<meta name=\"description\" content=\"Beal Protector 70cm \u00e8 un proteggi corda da applicare quando la corda deve scorrere su un bordo tagliente che la pu\u00f2 danneggiare. Il Beal Protector \u00e8 un proteggi corda ultra solido composto da un doppio strato di PVC rinforzato.Lunghezza: 70 cmPeso: 150 g\" \/>\n<meta name=\"robots\" content=\"index, follow, max-snippet:-1, max-image-preview:large, max-video-preview:-1\" \/>\n<link rel=\"canonical\" href=\"https:\/\/www.sestogrado.it\/en\/prodotto\/beal-protector-70cm-proteggi-corda\/\" \/>\n<meta property=\"og:locale\" content=\"en_US\" \/>\n<meta property=\"og:type\" content=\"article\" \/>\n<meta property=\"og:title\" content=\"Beal Protector 70cm for rope - Sestogrado\" \/>\n<meta property=\"og:description\" content=\"Beal Protector 70cm \u00e8 un proteggi corda da applicare quando la corda deve scorrere su un bordo tagliente che la pu\u00f2 danneggiare. Il Beal Protector \u00e8 un proteggi corda ultra solido composto da un doppio strato di PVC rinforzato.Lunghezza: 70 cmPeso: 150 g\" \/>\n<meta property=\"og:url\" content=\"https:\/\/www.sestogrado.it\/en\/prodotto\/beal-protector-70cm-proteggi-corda\/\" \/>\n<meta property=\"og:site_name\" content=\"Sestogrado\" \/>\n<meta property=\"article:publisher\" content=\"https:\/\/www.facebook.com\/pages\/Sestogrado\/1542635979353017?ref=bookmarks\" \/>\n<meta property=\"article:modified_time\" content=\"2022-05-11T21:43:18+00:00\" \/>\n<meta property=\"og:image\" content=\"https:\/\/www.sestogrado.it\/wp-content\/uploads\/2021\/06\/beal-protector-ultra-solid-rope-protector.jpg\" \/>\n\t<meta property=\"og:image:width\" content=\"800\" \/>\n\t<meta property=\"og:image:height\" content=\"800\" \/>\n\t<meta property=\"og:image:type\" content=\"image\/jpeg\" \/>\n<meta name=\"twitter:label1\" content=\"Price\" \/>\n\t<meta name=\"twitter:data1\" content=\"&euro;&nbsp;13,90\" \/>\n\t<meta name=\"twitter:label2\" content=\"Availability\" \/>\n\t<meta name=\"twitter:data2\" content=\"Out of stock\" \/>\n<script type=\"application\/ld+json\" class=\"yoast-schema-graph\">{\"@context\":\"https:\/\/schema.org\",\"@graph\":[{\"@type\":\"WebPage\",\"@id\":\"https:\/\/www.sestogrado.it\/en\/prodotto\/beal-protector-70cm-proteggi-corda\/\",\"url\":\"https:\/\/www.sestogrado.it\/en\/prodotto\/beal-protector-70cm-proteggi-corda\/\",\"name\":\"Beal Protector 70cm for rope - Sestogrado\",\"isPartOf\":{\"@id\":\"https:\/\/www.sestogrado.it\/en\/#website\"},\"primaryImageOfPage\":{\"@id\":\"https:\/\/www.sestogrado.it\/en\/prodotto\/beal-protector-70cm-proteggi-corda\/#primaryimage\"},\"image\":{\"@id\":\"https:\/\/www.sestogrado.it\/prodotto\/beal-protector-70cm-proteggi-corda\/#primaryimage\"},\"thumbnailUrl\":\"https:\/\/www.sestogrado.it\/wp-content\/uploads\/2021\/06\/beal-protector-ultra-solid-rope-protector.jpg\",\"datePublished\":\"2021-06-04T08:25:14+00:00\",\"dateModified\":\"2022-05-11T21:43:18+00:00\",\"description\":\"Beal Protector 70cm \u00e8 un proteggi corda da applicare quando la corda deve scorrere su un bordo tagliente che la pu\u00f2 danneggiare. Il Beal Protector \u00e8 un proteggi corda ultra solido composto da un doppio strato di PVC rinforzato.Lunghezza: 70 cmPeso: 150 g\",\"breadcrumb\":{\"@id\":\"https:\/\/www.sestogrado.it\/en\/prodotto\/beal-protector-70cm-proteggi-corda\/#breadcrumb\"},\"inLanguage\":\"en-US\",\"potentialAction\":[{\"@type\":\"ReadAction\",\"target\":[[\"https:\/\/www.sestogrado.it\/en\/prodotto\/beal-protector-70cm-proteggi-corda\/\"]]}]},{\"@type\":\"ImageObject\",\"inLanguage\":\"en-US\",\"@id\":\"https:\/\/www.sestogrado.it\/en\/prodotto\/beal-protector-70cm-proteggi-corda\/#primaryimage\",\"url\":\"https:\/\/www.sestogrado.it\/wp-content\/uploads\/2021\/06\/beal-protector-ultra-solid-rope-protector.jpg\",\"contentUrl\":\"https:\/\/www.sestogrado.it\/wp-content\/uploads\/2021\/06\/beal-protector-ultra-solid-rope-protector.jpg\",\"width\":800,\"height\":800,\"caption\":\"beal protector 70cm\"},{\"@type\":\"BreadcrumbList\",\"@id\":\"https:\/\/www.sestogrado.it\/en\/prodotto\/beal-protector-70cm-proteggi-corda\/#breadcrumb\",\"itemListElement\":[{\"@type\":\"ListItem\",\"position\":1,\"name\":\"Home\",\"item\":\"https:\/\/www.sestogrado.it\/en\/\"},{\"@type\":\"ListItem\",\"position\":2,\"name\":\"Shop\",\"item\":\"https:\/\/www.sestogrado.it\/en\/shop\/\"},{\"@type\":\"ListItem\",\"position\":3,\"name\":\"Beal Protector 70cm proteggi corda\"}]},{\"@type\":\"WebSite\",\"@id\":\"https:\/\/www.sestogrado.it\/en\/#website\",\"url\":\"https:\/\/www.sestogrado.it\/en\/\",\"name\":\"Sestogrado\",\"description\":\"yes we climb\",\"publisher\":{\"@id\":\"https:\/\/www.sestogrado.it\/en\/#organization\"},\"potentialAction\":[{\"@type\":\"SearchAction\",\"target\":{\"@type\":\"EntryPoint\",\"urlTemplate\":\"https:\/\/www.sestogrado.it\/en\/?s={search_term_string}\"},\"query-input\":{\"@type\":\"PropertyValueSpecification\",\"valueRequired\":true,\"valueName\":\"search_term_string\"}}],\"inLanguage\":\"en-US\"},{\"@type\":\"Organization\",\"@id\":\"https:\/\/www.sestogrado.it\/en\/#organization\",\"name\":\"Sestogrado\",\"url\":\"https:\/\/www.sestogrado.it\/en\/\",\"logo\":{\"@type\":\"ImageObject\",\"inLanguage\":\"en-US\",\"@id\":\"https:\/\/www.sestogrado.it\/en\/#\/schema\/logo\/image\/\",\"url\":\"https:\/\/www.sestogrado.it\/wp-content\/uploads\/2015\/03\/sestogrado-favicon.png\",\"contentUrl\":\"https:\/\/www.sestogrado.it\/wp-content\/uploads\/2015\/03\/sestogrado-favicon.png\",\"width\":260,\"height\":260,\"caption\":\"Sestogrado\"},\"image\":{\"@id\":\"https:\/\/www.sestogrado.it\/en\/#\/schema\/logo\/image\/\"},\"sameAs\":[\"https:\/\/www.facebook.com\/pages\/Sestogrado\/1542635979353017?ref=bookmarks\",\"https:\/\/www.youtube.com\/channel\/UC847kAfTkaJsWpc1jtQwr3Q\"],\"hasMerchantReturnPolicy\":{\"@type\":\"MerchantReturnPolicy\",\"merchantReturnLink\":\"https:\/\/www.sestogrado.it\/en\/termini-e-condizioni\/\"}}]}<\/script>\n<meta property=\"product:brand\" content=\"Beal\" \/>\n<meta property=\"product:price:amount\" content=\"13.90\" \/>\n<meta property=\"product:price:currency\" content=\"EUR\" \/>\n<meta property=\"og:availability\" content=\"out of stock\" \/>\n<meta property=\"product:availability\" content=\"out of stock\" \/>\n<meta property=\"product:condition\" content=\"new\" \/>\n<!-- \/ Yoast SEO plugin. -->","yoast_head_json":{"title":"Beal Protector 70cm for rope - Sestogrado","description":"Beal Protector 70cm \u00e8 un proteggi corda da applicare quando la corda deve scorrere su un bordo tagliente che la pu\u00f2 danneggiare. Il Beal Protector \u00e8 un proteggi corda ultra solido composto da un doppio strato di PVC rinforzato.Lunghezza: 70 cmPeso: 150 g","robots":{"index":"index","follow":"follow","max-snippet":"max-snippet:-1","max-image-preview":"max-image-preview:large","max-video-preview":"max-video-preview:-1"},"canonical":"https:\/\/www.sestogrado.it\/en\/prodotto\/beal-protector-70cm-proteggi-corda\/","og_locale":"en_US","og_type":"article","og_title":"Beal Protector 70cm for rope - Sestogrado","og_description":"Beal Protector 70cm \u00e8 un proteggi corda da applicare quando la corda deve scorrere su un bordo tagliente che la pu\u00f2 danneggiare. Il Beal Protector \u00e8 un proteggi corda ultra solido composto da un doppio strato di PVC rinforzato.Lunghezza: 70 cmPeso: 150 g","og_url":"https:\/\/www.sestogrado.it\/en\/prodotto\/beal-protector-70cm-proteggi-corda\/","og_site_name":"Sestogrado","article_publisher":"https:\/\/www.facebook.com\/pages\/Sestogrado\/1542635979353017?ref=bookmarks","article_modified_time":"2022-05-11T21:43:18+00:00","og_image":[{"width":800,"height":800,"url":"https:\/\/www.sestogrado.it\/wp-content\/uploads\/2021\/06\/beal-protector-ultra-solid-rope-protector.jpg","type":"image\/jpeg"}],"twitter_misc":{"Price":"&euro;&nbsp;13,90","Availability":"Out of stock"},"schema":{"@context":"https:\/\/schema.org","@graph":[{"@type":"WebPage","@id":"https:\/\/www.sestogrado.it\/en\/prodotto\/beal-protector-70cm-proteggi-corda\/","url":"https:\/\/www.sestogrado.it\/en\/prodotto\/beal-protector-70cm-proteggi-corda\/","name":"Beal Protector 70cm for rope - Sestogrado","isPartOf":{"@id":"https:\/\/www.sestogrado.it\/en\/#website"},"primaryImageOfPage":{"@id":"https:\/\/www.sestogrado.it\/en\/prodotto\/beal-protector-70cm-proteggi-corda\/#primaryimage"},"image":{"@id":"https:\/\/www.sestogrado.it\/prodotto\/beal-protector-70cm-proteggi-corda\/#primaryimage"},"thumbnailUrl":"https:\/\/www.sestogrado.it\/wp-content\/uploads\/2021\/06\/beal-protector-ultra-solid-rope-protector.jpg","datePublished":"2021-06-04T08:25:14+00:00","dateModified":"2022-05-11T21:43:18+00:00","description":"Beal Protector 70cm \u00e8 un proteggi corda da applicare quando la corda deve scorrere su un bordo tagliente che la pu\u00f2 danneggiare. Il Beal Protector \u00e8 un proteggi corda ultra solido composto da un doppio strato di PVC rinforzato.Lunghezza: 70 cmPeso: 150 g","breadcrumb":{"@id":"https:\/\/www.sestogrado.it\/en\/prodotto\/beal-protector-70cm-proteggi-corda\/#breadcrumb"},"inLanguage":"en-US","potentialAction":[{"@type":"ReadAction","target":[["https:\/\/www.sestogrado.it\/en\/prodotto\/beal-protector-70cm-proteggi-corda\/"]]}]},{"@type":"ImageObject","inLanguage":"en-US","@id":"https:\/\/www.sestogrado.it\/en\/prodotto\/beal-protector-70cm-proteggi-corda\/#primaryimage","url":"https:\/\/www.sestogrado.it\/wp-content\/uploads\/2021\/06\/beal-protector-ultra-solid-rope-protector.jpg","contentUrl":"https:\/\/www.sestogrado.it\/wp-content\/uploads\/2021\/06\/beal-protector-ultra-solid-rope-protector.jpg","width":800,"height":800,"caption":"beal protector 70cm"},{"@type":"BreadcrumbList","@id":"https:\/\/www.sestogrado.it\/en\/prodotto\/beal-protector-70cm-proteggi-corda\/#breadcrumb","itemListElement":[{"@type":"ListItem","position":1,"name":"Home","item":"https:\/\/www.sestogrado.it\/en\/"},{"@type":"ListItem","position":2,"name":"Shop","item":"https:\/\/www.sestogrado.it\/en\/shop\/"},{"@type":"ListItem","position":3,"name":"Beal Protector 70cm proteggi corda"}]},{"@type":"WebSite","@id":"https:\/\/www.sestogrado.it\/en\/#website","url":"https:\/\/www.sestogrado.it\/en\/","name":"Sestogrado","description":"yes we climb","publisher":{"@id":"https:\/\/www.sestogrado.it\/en\/#organization"},"potentialAction":[{"@type":"SearchAction","target":{"@type":"EntryPoint","urlTemplate":"https:\/\/www.sestogrado.it\/en\/?s={search_term_string}"},"query-input":{"@type":"PropertyValueSpecification","valueRequired":true,"valueName":"search_term_string"}}],"inLanguage":"en-US"},{"@type":"Organization","@id":"https:\/\/www.sestogrado.it\/en\/#organization","name":"Sestogrado","url":"https:\/\/www.sestogrado.it\/en\/","logo":{"@type":"ImageObject","inLanguage":"en-US","@id":"https:\/\/www.sestogrado.it\/en\/#\/schema\/logo\/image\/","url":"https:\/\/www.sestogrado.it\/wp-content\/uploads\/2015\/03\/sestogrado-favicon.png","contentUrl":"https:\/\/www.sestogrado.it\/wp-content\/uploads\/2015\/03\/sestogrado-favicon.png","width":260,"height":260,"caption":"Sestogrado"},"image":{"@id":"https:\/\/www.sestogrado.it\/en\/#\/schema\/logo\/image\/"},"sameAs":["https:\/\/www.facebook.com\/pages\/Sestogrado\/1542635979353017?ref=bookmarks","https:\/\/www.youtube.com\/channel\/UC847kAfTkaJsWpc1jtQwr3Q"],"hasMerchantReturnPolicy":{"@type":"MerchantReturnPolicy","merchantReturnLink":"https:\/\/www.sestogrado.it\/en\/termini-e-condizioni\/"}}]},"product_brand":"Beal","product_price_amount":"13.90","product_price_currency":"EUR","og_availability":"out of stock","product_availability":"out of stock","product_condition":"new"},"_links":{"self":[{"href":"https:\/\/www.sestogrado.it\/en\/wp-json\/wp\/v2\/product\/59739","targetHints":{"allow":["GET"]}}],"collection":[{"href":"https:\/\/www.sestogrado.it\/en\/wp-json\/wp\/v2\/product"}],"about":[{"href":"https:\/\/www.sestogrado.it\/en\/wp-json\/wp\/v2\/types\/product"}],"replies":[{"embeddable":true,"href":"https:\/\/www.sestogrado.it\/en\/wp-json\/wp\/v2\/comments?post=59739"}],"wp:featuredmedia":[{"embeddable":true,"href":"https:\/\/www.sestogrado.it\/en\/wp-json\/wp\/v2\/media\/59740"}],"wp:attachment":[{"href":"https:\/\/www.sestogrado.it\/en\/wp-json\/wp\/v2\/media?parent=59739"}],"wp:term":[{"taxonomy":"product_brand","embeddable":true,"href":"https:\/\/www.sestogrado.it\/en\/wp-json\/wp\/v2\/product_brand?post=59739"},{"taxonomy":"product_cat","embeddable":true,"href":"https:\/\/www.sestogrado.it\/en\/wp-json\/wp\/v2\/product_cat?post=59739"},{"taxonomy":"product_tag","embeddable":true,"href":"https:\/\/www.sestogrado.it\/en\/wp-json\/wp\/v2\/product_tag?post=59739"}],"curies":[{"name":"wp","href":"https:\/\/api.w.org\/{rel}","templated":true}]}}