{"id":56710,"date":"2022-04-08T10:46:42","date_gmt":"2022-04-08T08:46:42","guid":{"rendered":"https:\/\/www.sestogrado.it\/?post_type=product&#038;p=56710"},"modified":"2026-01-19T21:00:26","modified_gmt":"2026-01-19T20:00:26","slug":"cousin-trestec-dura-dura-9-5-corda-arrampicata","status":"publish","type":"product","link":"https:\/\/www.sestogrado.it\/en\/prodotto\/cousin-trestec-dura-dura-9-5-corda-arrampicata\/","title":{"rendered":"Cousin Trestec Dura Dura 9.5 corda arrampicata"},"content":{"rendered":"<p class=\"qtranxs-available-languages-message qtranxs-available-languages-message-en\">Sorry, this entry is only available in <a href=\"https:\/\/www.sestogrado.it\/it\/wp-json\/wp\/v2\/product\/56710\" class=\"qtranxs-available-language-link qtranxs-available-language-link-it\" title=\"Italiano\">Italiano<\/a>.<\/p>","protected":false},"excerpt":{"rendered":"<p>Sorry, this entry is only available in Italiano.<\/p>\n","protected":false},"featured_media":56765,"comment_status":"open","ping_status":"closed","template":"","meta":{"_acf_changed":false},"product_brand":[746],"product_cat":[136],"product_tag":[],"class_list":{"0":"post-56710","1":"product","2":"type-product","3":"status-publish","4":"has-post-thumbnail","6":"product_brand-cousin-trestec","7":"product_cat-corde-corde","9":"first","10":"outofstock","11":"sale","12":"taxable","13":"shipping-taxable","14":"purchasable","15":"product-type-variable"},"acf":[],"yoast_head":"<!-- This site is optimized with the Yoast SEO plugin v26.4 - https:\/\/yoast.com\/wordpress\/plugins\/seo\/ -->\n<title>Cousin Trestec Dura Dura 9.5 corda arrampicata - Sestogrado<\/title>\n<meta name=\"description\" content=\"La Cousin Trestec Dura Dura 9.5 \u00e8 una corda da arrampicata singola dalle alte prestazioni, dedicata a climber che vogliono il meglio dalla propria corda. Leggera e compatta, la Dura Dura 9.5 \u00e8 realizzata con il trattamento LongLife, in grado di conferirgli una maggiore resistenza alle infiltrazioni di polvere e umidit\u00e0. Questo trattamento, unito alla tecnologia TechTouch, da alla corda una lunghissima durata pur mantenendo un&#039;ottima fluidit\u00e0, qualunque siano le condizioni di utilizzo.Corda sottile, molto leggera\u00a0Molto leggera e molto compatta.Da utilizzare su roccia, misto, neve o vie di ghiaccio.Ideale per alpinisti esperti.\u00a0Pi\u00f9 longevit\u00e0, protezione della calza dall&#039;umidit\u00e0 e comfort di utilizzoIl trattamento LongLife fornisce una maggiore resistenza contro l&#039;ingresso di polvere e umidit\u00e0 impregnando singolarmente ciascun filo della calza.Marcatura centrale della corda (MiddleMarking) per una maggiore sicurezza durante l&#039;arrampicata in testa o in doppia e per facilitare le manovre.Una fluidit\u00e0 duratura nel tempoVantaggi della tecnologia Techtouch: nuova tecnologia di retrazione in poliammide che fornisce un tocco piacevole e offre alla corda un&#039;ottima fluidit\u00e0, durevole nel tempo eliminando l&#039;effetto di scorrimento della calza sull&#039;anima della corda.\" \/>\n<meta name=\"robots\" content=\"index, follow, max-snippet:-1, max-image-preview:large, max-video-preview:-1\" \/>\n<link rel=\"canonical\" href=\"https:\/\/www.sestogrado.it\/en\/prodotto\/cousin-trestec-dura-dura-9-5-corda-arrampicata\/\" \/>\n<meta property=\"og:locale\" content=\"en_US\" \/>\n<meta property=\"og:type\" content=\"article\" \/>\n<meta property=\"og:title\" content=\"Cousin Trestec Dura Dura 9.5 corda arrampicata - Sestogrado\" \/>\n<meta property=\"og:description\" content=\"La Cousin Trestec Dura Dura 9.5 \u00e8 una corda da arrampicata singola dalle alte prestazioni, dedicata a climber che vogliono il meglio dalla propria corda. Leggera e compatta, la Dura Dura 9.5 \u00e8 realizzata con il trattamento LongLife, in grado di conferirgli una maggiore resistenza alle infiltrazioni di polvere e umidit\u00e0. Questo trattamento, unito alla tecnologia TechTouch, da alla corda una lunghissima durata pur mantenendo un&#039;ottima fluidit\u00e0, qualunque siano le condizioni di utilizzo.Corda sottile, molto leggera\u00a0Molto leggera e molto compatta.Da utilizzare su roccia, misto, neve o vie di ghiaccio.Ideale per alpinisti esperti.\u00a0Pi\u00f9 longevit\u00e0, protezione della calza dall&#039;umidit\u00e0 e comfort di utilizzoIl trattamento LongLife fornisce una maggiore resistenza contro l&#039;ingresso di polvere e umidit\u00e0 impregnando singolarmente ciascun filo della calza.Marcatura centrale della corda (MiddleMarking) per una maggiore sicurezza durante l&#039;arrampicata in testa o in doppia e per facilitare le manovre.Una fluidit\u00e0 duratura nel tempoVantaggi della tecnologia Techtouch: nuova tecnologia di retrazione in poliammide che fornisce un tocco piacevole e offre alla corda un&#039;ottima fluidit\u00e0, durevole nel tempo eliminando l&#039;effetto di scorrimento della calza sull&#039;anima della corda.\" \/>\n<meta property=\"og:url\" content=\"https:\/\/www.sestogrado.it\/en\/prodotto\/cousin-trestec-dura-dura-9-5-corda-arrampicata\/\" \/>\n<meta property=\"og:site_name\" content=\"Sestogrado\" \/>\n<meta property=\"article:publisher\" content=\"https:\/\/www.facebook.com\/pages\/Sestogrado\/1542635979353017?ref=bookmarks\" \/>\n<meta property=\"article:modified_time\" content=\"2026-01-19T20:00:26+00:00\" \/>\n<meta property=\"og:image\" content=\"https:\/\/www.sestogrado.it\/wp-content\/uploads\/2021\/04\/01-10.jpg\" \/>\n\t<meta property=\"og:image:width\" content=\"1200\" \/>\n\t<meta property=\"og:image:height\" content=\"1200\" \/>\n\t<meta property=\"og:image:type\" content=\"image\/jpeg\" \/>\n<meta name=\"twitter:label1\" content=\"Availability\" \/>\n\t<meta name=\"twitter:data1\" content=\"Out of stock\" \/>\n<script type=\"application\/ld+json\" class=\"yoast-schema-graph\">{\"@context\":\"https:\/\/schema.org\",\"@graph\":[{\"@type\":\"WebPage\",\"@id\":\"https:\/\/www.sestogrado.it\/en\/prodotto\/cousin-trestec-dura-dura-9-5-corda-arrampicata\/\",\"url\":\"https:\/\/www.sestogrado.it\/en\/prodotto\/cousin-trestec-dura-dura-9-5-corda-arrampicata\/\",\"name\":\"Cousin Trestec Dura Dura 9.5 corda arrampicata - Sestogrado\",\"isPartOf\":{\"@id\":\"https:\/\/www.sestogrado.it\/en\/#website\"},\"primaryImageOfPage\":{\"@id\":\"https:\/\/www.sestogrado.it\/en\/prodotto\/cousin-trestec-dura-dura-9-5-corda-arrampicata\/#primaryimage\"},\"image\":{\"@id\":\"https:\/\/www.sestogrado.it\/prodotto\/cousin-trestec-dura-dura-9-5-corda-arrampicata\/#primaryimage\"},\"thumbnailUrl\":\"https:\/\/www.sestogrado.it\/wp-content\/uploads\/2021\/04\/01-10.jpg\",\"datePublished\":\"2022-04-08T08:46:42+00:00\",\"dateModified\":\"2026-01-19T20:00:26+00:00\",\"description\":\"La Cousin Trestec Dura Dura 9.5 \u00e8 una corda da arrampicata singola dalle alte prestazioni, dedicata a climber che vogliono il meglio dalla propria corda. Leggera e compatta, la Dura Dura 9.5 \u00e8 realizzata con il trattamento LongLife, in grado di conferirgli una maggiore resistenza alle infiltrazioni di polvere e umidit\u00e0. Questo trattamento, unito alla tecnologia TechTouch, da alla corda una lunghissima durata pur mantenendo un'ottima fluidit\u00e0, qualunque siano le condizioni di utilizzo.Corda sottile, molto leggera\u00a0Molto leggera e molto compatta.Da utilizzare su roccia, misto, neve o vie di ghiaccio.Ideale per alpinisti esperti.\u00a0Pi\u00f9 longevit\u00e0, protezione della calza dall'umidit\u00e0 e comfort di utilizzoIl trattamento LongLife fornisce una maggiore resistenza contro l'ingresso di polvere e umidit\u00e0 impregnando singolarmente ciascun filo della calza.Marcatura centrale della corda (MiddleMarking) per una maggiore sicurezza durante l'arrampicata in testa o in doppia e per facilitare le manovre.Una fluidit\u00e0 duratura nel tempoVantaggi della tecnologia Techtouch: nuova tecnologia di retrazione in poliammide che fornisce un tocco piacevole e offre alla corda un'ottima fluidit\u00e0, durevole nel tempo eliminando l'effetto di scorrimento della calza sull'anima della corda.\",\"breadcrumb\":{\"@id\":\"https:\/\/www.sestogrado.it\/en\/prodotto\/cousin-trestec-dura-dura-9-5-corda-arrampicata\/#breadcrumb\"},\"inLanguage\":\"en-US\",\"potentialAction\":[{\"@type\":\"ReadAction\",\"target\":[[\"https:\/\/www.sestogrado.it\/en\/prodotto\/cousin-trestec-dura-dura-9-5-corda-arrampicata\/\"]]}]},{\"@type\":\"ImageObject\",\"inLanguage\":\"en-US\",\"@id\":\"https:\/\/www.sestogrado.it\/en\/prodotto\/cousin-trestec-dura-dura-9-5-corda-arrampicata\/#primaryimage\",\"url\":\"https:\/\/www.sestogrado.it\/wp-content\/uploads\/2021\/04\/01-10.jpg\",\"contentUrl\":\"https:\/\/www.sestogrado.it\/wp-content\/uploads\/2021\/04\/01-10.jpg\",\"width\":1200,\"height\":1200,\"caption\":\"cousin trestec la dura dura 9.5\"},{\"@type\":\"BreadcrumbList\",\"@id\":\"https:\/\/www.sestogrado.it\/en\/prodotto\/cousin-trestec-dura-dura-9-5-corda-arrampicata\/#breadcrumb\",\"itemListElement\":[{\"@type\":\"ListItem\",\"position\":1,\"name\":\"Home\",\"item\":\"https:\/\/www.sestogrado.it\/en\/\"},{\"@type\":\"ListItem\",\"position\":2,\"name\":\"Shop\",\"item\":\"https:\/\/www.sestogrado.it\/en\/shop\/\"},{\"@type\":\"ListItem\",\"position\":3,\"name\":\"Cousin Trestec Dura Dura 9.5 corda arrampicata\"}]},{\"@type\":\"WebSite\",\"@id\":\"https:\/\/www.sestogrado.it\/en\/#website\",\"url\":\"https:\/\/www.sestogrado.it\/en\/\",\"name\":\"Sestogrado\",\"description\":\"yes we climb\",\"publisher\":{\"@id\":\"https:\/\/www.sestogrado.it\/en\/#organization\"},\"potentialAction\":[{\"@type\":\"SearchAction\",\"target\":{\"@type\":\"EntryPoint\",\"urlTemplate\":\"https:\/\/www.sestogrado.it\/en\/?s={search_term_string}\"},\"query-input\":{\"@type\":\"PropertyValueSpecification\",\"valueRequired\":true,\"valueName\":\"search_term_string\"}}],\"inLanguage\":\"en-US\"},{\"@type\":\"Organization\",\"@id\":\"https:\/\/www.sestogrado.it\/en\/#organization\",\"name\":\"Sestogrado\",\"url\":\"https:\/\/www.sestogrado.it\/en\/\",\"logo\":{\"@type\":\"ImageObject\",\"inLanguage\":\"en-US\",\"@id\":\"https:\/\/www.sestogrado.it\/en\/#\/schema\/logo\/image\/\",\"url\":\"https:\/\/www.sestogrado.it\/wp-content\/uploads\/2015\/03\/sestogrado-favicon.png\",\"contentUrl\":\"https:\/\/www.sestogrado.it\/wp-content\/uploads\/2015\/03\/sestogrado-favicon.png\",\"width\":260,\"height\":260,\"caption\":\"Sestogrado\"},\"image\":{\"@id\":\"https:\/\/www.sestogrado.it\/en\/#\/schema\/logo\/image\/\"},\"sameAs\":[\"https:\/\/www.facebook.com\/pages\/Sestogrado\/1542635979353017?ref=bookmarks\",\"https:\/\/www.youtube.com\/channel\/UC847kAfTkaJsWpc1jtQwr3Q\"],\"hasMerchantReturnPolicy\":{\"@type\":\"MerchantReturnPolicy\",\"merchantReturnLink\":\"https:\/\/www.sestogrado.it\/en\/termini-e-condizioni\/\"}}]}<\/script>\n<meta property=\"product:brand\" content=\"Cousin Trestec\" \/>\n<meta property=\"og:availability\" content=\"out of stock\" \/>\n<meta property=\"product:availability\" content=\"out of stock\" \/>\n<meta property=\"product:condition\" content=\"new\" \/>\n<!-- \/ Yoast SEO plugin. -->","yoast_head_json":{"title":"Cousin Trestec Dura Dura 9.5 corda arrampicata - Sestogrado","description":"La Cousin Trestec Dura Dura 9.5 \u00e8 una corda da arrampicata singola dalle alte prestazioni, dedicata a climber che vogliono il meglio dalla propria corda. Leggera e compatta, la Dura Dura 9.5 \u00e8 realizzata con il trattamento LongLife, in grado di conferirgli una maggiore resistenza alle infiltrazioni di polvere e umidit\u00e0. Questo trattamento, unito alla tecnologia TechTouch, da alla corda una lunghissima durata pur mantenendo un'ottima fluidit\u00e0, qualunque siano le condizioni di utilizzo.Corda sottile, molto leggera\u00a0Molto leggera e molto compatta.Da utilizzare su roccia, misto, neve o vie di ghiaccio.Ideale per alpinisti esperti.\u00a0Pi\u00f9 longevit\u00e0, protezione della calza dall'umidit\u00e0 e comfort di utilizzoIl trattamento LongLife fornisce una maggiore resistenza contro l'ingresso di polvere e umidit\u00e0 impregnando singolarmente ciascun filo della calza.Marcatura centrale della corda (MiddleMarking) per una maggiore sicurezza durante l'arrampicata in testa o in doppia e per facilitare le manovre.Una fluidit\u00e0 duratura nel tempoVantaggi della tecnologia Techtouch: nuova tecnologia di retrazione in poliammide che fornisce un tocco piacevole e offre alla corda un'ottima fluidit\u00e0, durevole nel tempo eliminando l'effetto di scorrimento della calza sull'anima della corda.","robots":{"index":"index","follow":"follow","max-snippet":"max-snippet:-1","max-image-preview":"max-image-preview:large","max-video-preview":"max-video-preview:-1"},"canonical":"https:\/\/www.sestogrado.it\/en\/prodotto\/cousin-trestec-dura-dura-9-5-corda-arrampicata\/","og_locale":"en_US","og_type":"article","og_title":"Cousin Trestec Dura Dura 9.5 corda arrampicata - Sestogrado","og_description":"La Cousin Trestec Dura Dura 9.5 \u00e8 una corda da arrampicata singola dalle alte prestazioni, dedicata a climber che vogliono il meglio dalla propria corda. Leggera e compatta, la Dura Dura 9.5 \u00e8 realizzata con il trattamento LongLife, in grado di conferirgli una maggiore resistenza alle infiltrazioni di polvere e umidit\u00e0. Questo trattamento, unito alla tecnologia TechTouch, da alla corda una lunghissima durata pur mantenendo un'ottima fluidit\u00e0, qualunque siano le condizioni di utilizzo.Corda sottile, molto leggera\u00a0Molto leggera e molto compatta.Da utilizzare su roccia, misto, neve o vie di ghiaccio.Ideale per alpinisti esperti.\u00a0Pi\u00f9 longevit\u00e0, protezione della calza dall'umidit\u00e0 e comfort di utilizzoIl trattamento LongLife fornisce una maggiore resistenza contro l'ingresso di polvere e umidit\u00e0 impregnando singolarmente ciascun filo della calza.Marcatura centrale della corda (MiddleMarking) per una maggiore sicurezza durante l'arrampicata in testa o in doppia e per facilitare le manovre.Una fluidit\u00e0 duratura nel tempoVantaggi della tecnologia Techtouch: nuova tecnologia di retrazione in poliammide che fornisce un tocco piacevole e offre alla corda un'ottima fluidit\u00e0, durevole nel tempo eliminando l'effetto di scorrimento della calza sull'anima della corda.","og_url":"https:\/\/www.sestogrado.it\/en\/prodotto\/cousin-trestec-dura-dura-9-5-corda-arrampicata\/","og_site_name":"Sestogrado","article_publisher":"https:\/\/www.facebook.com\/pages\/Sestogrado\/1542635979353017?ref=bookmarks","article_modified_time":"2026-01-19T20:00:26+00:00","og_image":[{"width":1200,"height":1200,"url":"https:\/\/www.sestogrado.it\/wp-content\/uploads\/2021\/04\/01-10.jpg","type":"image\/jpeg"}],"twitter_misc":{"Availability":"Out of stock"},"schema":{"@context":"https:\/\/schema.org","@graph":[{"@type":"WebPage","@id":"https:\/\/www.sestogrado.it\/en\/prodotto\/cousin-trestec-dura-dura-9-5-corda-arrampicata\/","url":"https:\/\/www.sestogrado.it\/en\/prodotto\/cousin-trestec-dura-dura-9-5-corda-arrampicata\/","name":"Cousin Trestec Dura Dura 9.5 corda arrampicata - Sestogrado","isPartOf":{"@id":"https:\/\/www.sestogrado.it\/en\/#website"},"primaryImageOfPage":{"@id":"https:\/\/www.sestogrado.it\/en\/prodotto\/cousin-trestec-dura-dura-9-5-corda-arrampicata\/#primaryimage"},"image":{"@id":"https:\/\/www.sestogrado.it\/prodotto\/cousin-trestec-dura-dura-9-5-corda-arrampicata\/#primaryimage"},"thumbnailUrl":"https:\/\/www.sestogrado.it\/wp-content\/uploads\/2021\/04\/01-10.jpg","datePublished":"2022-04-08T08:46:42+00:00","dateModified":"2026-01-19T20:00:26+00:00","description":"La Cousin Trestec Dura Dura 9.5 \u00e8 una corda da arrampicata singola dalle alte prestazioni, dedicata a climber che vogliono il meglio dalla propria corda. Leggera e compatta, la Dura Dura 9.5 \u00e8 realizzata con il trattamento LongLife, in grado di conferirgli una maggiore resistenza alle infiltrazioni di polvere e umidit\u00e0. Questo trattamento, unito alla tecnologia TechTouch, da alla corda una lunghissima durata pur mantenendo un'ottima fluidit\u00e0, qualunque siano le condizioni di utilizzo.Corda sottile, molto leggera\u00a0Molto leggera e molto compatta.Da utilizzare su roccia, misto, neve o vie di ghiaccio.Ideale per alpinisti esperti.\u00a0Pi\u00f9 longevit\u00e0, protezione della calza dall'umidit\u00e0 e comfort di utilizzoIl trattamento LongLife fornisce una maggiore resistenza contro l'ingresso di polvere e umidit\u00e0 impregnando singolarmente ciascun filo della calza.Marcatura centrale della corda (MiddleMarking) per una maggiore sicurezza durante l'arrampicata in testa o in doppia e per facilitare le manovre.Una fluidit\u00e0 duratura nel tempoVantaggi della tecnologia Techtouch: nuova tecnologia di retrazione in poliammide che fornisce un tocco piacevole e offre alla corda un'ottima fluidit\u00e0, durevole nel tempo eliminando l'effetto di scorrimento della calza sull'anima della corda.","breadcrumb":{"@id":"https:\/\/www.sestogrado.it\/en\/prodotto\/cousin-trestec-dura-dura-9-5-corda-arrampicata\/#breadcrumb"},"inLanguage":"en-US","potentialAction":[{"@type":"ReadAction","target":[["https:\/\/www.sestogrado.it\/en\/prodotto\/cousin-trestec-dura-dura-9-5-corda-arrampicata\/"]]}]},{"@type":"ImageObject","inLanguage":"en-US","@id":"https:\/\/www.sestogrado.it\/en\/prodotto\/cousin-trestec-dura-dura-9-5-corda-arrampicata\/#primaryimage","url":"https:\/\/www.sestogrado.it\/wp-content\/uploads\/2021\/04\/01-10.jpg","contentUrl":"https:\/\/www.sestogrado.it\/wp-content\/uploads\/2021\/04\/01-10.jpg","width":1200,"height":1200,"caption":"cousin trestec la dura dura 9.5"},{"@type":"BreadcrumbList","@id":"https:\/\/www.sestogrado.it\/en\/prodotto\/cousin-trestec-dura-dura-9-5-corda-arrampicata\/#breadcrumb","itemListElement":[{"@type":"ListItem","position":1,"name":"Home","item":"https:\/\/www.sestogrado.it\/en\/"},{"@type":"ListItem","position":2,"name":"Shop","item":"https:\/\/www.sestogrado.it\/en\/shop\/"},{"@type":"ListItem","position":3,"name":"Cousin Trestec Dura Dura 9.5 corda arrampicata"}]},{"@type":"WebSite","@id":"https:\/\/www.sestogrado.it\/en\/#website","url":"https:\/\/www.sestogrado.it\/en\/","name":"Sestogrado","description":"yes we climb","publisher":{"@id":"https:\/\/www.sestogrado.it\/en\/#organization"},"potentialAction":[{"@type":"SearchAction","target":{"@type":"EntryPoint","urlTemplate":"https:\/\/www.sestogrado.it\/en\/?s={search_term_string}"},"query-input":{"@type":"PropertyValueSpecification","valueRequired":true,"valueName":"search_term_string"}}],"inLanguage":"en-US"},{"@type":"Organization","@id":"https:\/\/www.sestogrado.it\/en\/#organization","name":"Sestogrado","url":"https:\/\/www.sestogrado.it\/en\/","logo":{"@type":"ImageObject","inLanguage":"en-US","@id":"https:\/\/www.sestogrado.it\/en\/#\/schema\/logo\/image\/","url":"https:\/\/www.sestogrado.it\/wp-content\/uploads\/2015\/03\/sestogrado-favicon.png","contentUrl":"https:\/\/www.sestogrado.it\/wp-content\/uploads\/2015\/03\/sestogrado-favicon.png","width":260,"height":260,"caption":"Sestogrado"},"image":{"@id":"https:\/\/www.sestogrado.it\/en\/#\/schema\/logo\/image\/"},"sameAs":["https:\/\/www.facebook.com\/pages\/Sestogrado\/1542635979353017?ref=bookmarks","https:\/\/www.youtube.com\/channel\/UC847kAfTkaJsWpc1jtQwr3Q"],"hasMerchantReturnPolicy":{"@type":"MerchantReturnPolicy","merchantReturnLink":"https:\/\/www.sestogrado.it\/en\/termini-e-condizioni\/"}}]},"product_brand":"Cousin Trestec","og_availability":"out of stock","product_availability":"out of stock","product_condition":"new"},"_links":{"self":[{"href":"https:\/\/www.sestogrado.it\/en\/wp-json\/wp\/v2\/product\/56710","targetHints":{"allow":["GET"]}}],"collection":[{"href":"https:\/\/www.sestogrado.it\/en\/wp-json\/wp\/v2\/product"}],"about":[{"href":"https:\/\/www.sestogrado.it\/en\/wp-json\/wp\/v2\/types\/product"}],"replies":[{"embeddable":true,"href":"https:\/\/www.sestogrado.it\/en\/wp-json\/wp\/v2\/comments?post=56710"}],"wp:featuredmedia":[{"embeddable":true,"href":"https:\/\/www.sestogrado.it\/en\/wp-json\/wp\/v2\/media\/56765"}],"wp:attachment":[{"href":"https:\/\/www.sestogrado.it\/en\/wp-json\/wp\/v2\/media?parent=56710"}],"wp:term":[{"taxonomy":"product_brand","embeddable":true,"href":"https:\/\/www.sestogrado.it\/en\/wp-json\/wp\/v2\/product_brand?post=56710"},{"taxonomy":"product_cat","embeddable":true,"href":"https:\/\/www.sestogrado.it\/en\/wp-json\/wp\/v2\/product_cat?post=56710"},{"taxonomy":"product_tag","embeddable":true,"href":"https:\/\/www.sestogrado.it\/en\/wp-json\/wp\/v2\/product_tag?post=56710"}],"curies":[{"name":"wp","href":"https:\/\/api.w.org\/{rel}","templated":true}]}}