{"id":55707,"date":"2021-04-08T14:34:03","date_gmt":"2021-04-08T12:34:03","guid":{"rendered":"https:\/\/www.sestogrado.it\/?post_type=product&#038;p=55707"},"modified":"2026-04-19T19:13:41","modified_gmt":"2026-04-19T17:13:41","slug":"black-diamond-oval-keylock-moschettone-ovale-a-leva","status":"publish","type":"product","link":"https:\/\/www.sestogrado.it\/en\/prodotto\/black-diamond-oval-keylock-moschettone-ovale-a-leva\/","title":{"rendered":"Black Diamond Oval Keylock oval lever carabiner"},"content":{"rendered":"<p>Black Diamond Oval Keylock oval lever carabiner is a classic symmetrical oval screwgate carabiner. Climbing icon, it is a carabiner that remains essential for your equipment, thanks to a large surface, easy to use and rounded shape.<\/p>\n<p>With a snag-free nose closure that prevents snagging, the Black Diamond Oval Keylock is ideal for connecting descenders, belayers, platelets. Its rounded shape favors its correct positioning on the longitudinal axis.<\/p>\n<ul>\n<li>anti entanglement keylock design of the nose<\/li>\n<li>easy insertion and removal of the strings<\/li>\n<li>classic and symmetrical design<\/li>\n<li>the rounded and symmetrical shape prevents rotation<\/li>\n<li>large capacity<\/li>\n<li>trigger lever opening: 18mm<\/li>\n<li>high strength 23kN longitudinal side<\/li>\n<\/ul>\n<p>&nbsp;<\/p>\n<p>Thanks to its symmetrical shape, the Black Diamond Oval Keylock is particularly suitable for organizing your equipment, carabiners, slings and above all a set of nuts.<\/p>","protected":false},"excerpt":{"rendered":"<p>Black Diamond Oval Keylock oval lever carabiner is a classic symmetrical oval screwgate carabiner. Climbing icon, it is a carabiner [&hellip;]<\/p>\n","protected":false},"featured_media":55710,"comment_status":"open","ping_status":"closed","template":"","meta":{"_acf_changed":false},"product_brand":[121],"product_cat":[132],"product_tag":[],"class_list":{"0":"post-55707","1":"product","2":"type-product","3":"status-publish","4":"has-post-thumbnail","6":"product_brand-black-diamond","7":"product_cat-moschettoni","9":"first","10":"instock","11":"sale","12":"taxable","13":"shipping-taxable","14":"purchasable","15":"product-type-variable"},"acf":[],"yoast_head":"<!-- This site is optimized with the Yoast SEO plugin v26.4 - https:\/\/yoast.com\/wordpress\/plugins\/seo\/ -->\n<title>Black Diamond Oval Keylock oval lever carabiner - Sestogrado<\/title>\n<meta name=\"description\" content=\"Il Black Diamond Oval Keylock \u00e8 un classico moschettone ovale simmetrico. Icona dell&#039;arrampicata, \u00e8 un moschettone che rimane essenziale per la tua dotazione, grazie ad un ampia superficie, facilit\u00e0 d&#039;uso e forma arrotondata.moschettone ovale a ghiera perfettamente simmetrico e dalle ampie dimensioni. Con una chiusura snag-free del naso che ne impedisce l&#039;impigliamento, il Black Diamond Oval Keylock \u00e8 ideale per collegare discensori, assicuratori, piastrine. La sua forma arrotondata ne favorisce il corretto posizionamento sull&#039;asse longitudinale.\" \/>\n<meta name=\"robots\" content=\"index, follow, max-snippet:-1, max-image-preview:large, max-video-preview:-1\" \/>\n<link rel=\"canonical\" href=\"https:\/\/www.sestogrado.it\/en\/prodotto\/black-diamond-oval-keylock-moschettone-ovale-a-leva\/\" \/>\n<meta property=\"og:locale\" content=\"en_US\" \/>\n<meta property=\"og:type\" content=\"article\" \/>\n<meta property=\"og:title\" content=\"Black Diamond Oval Keylock oval lever carabiner - Sestogrado\" \/>\n<meta property=\"og:description\" content=\"Il Black Diamond Oval Keylock \u00e8 un classico moschettone ovale simmetrico. Icona dell&#039;arrampicata, \u00e8 un moschettone che rimane essenziale per la tua dotazione, grazie ad un ampia superficie, facilit\u00e0 d&#039;uso e forma arrotondata.moschettone ovale a ghiera perfettamente simmetrico e dalle ampie dimensioni. Con una chiusura snag-free del naso che ne impedisce l&#039;impigliamento, il Black Diamond Oval Keylock \u00e8 ideale per collegare discensori, assicuratori, piastrine. La sua forma arrotondata ne favorisce il corretto posizionamento sull&#039;asse longitudinale.\" \/>\n<meta property=\"og:url\" content=\"https:\/\/www.sestogrado.it\/en\/prodotto\/black-diamond-oval-keylock-moschettone-ovale-a-leva\/\" \/>\n<meta property=\"og:site_name\" content=\"Sestogrado\" \/>\n<meta property=\"article:publisher\" content=\"https:\/\/www.facebook.com\/pages\/Sestogrado\/1542635979353017?ref=bookmarks\" \/>\n<meta property=\"article:modified_time\" content=\"2026-04-19T17:13:41+00:00\" \/>\n<meta property=\"og:image\" content=\"https:\/\/www.sestogrado.it\/wp-content\/uploads\/2021\/04\/01-3.jpg\" \/>\n\t<meta property=\"og:image:width\" content=\"1000\" \/>\n\t<meta property=\"og:image:height\" content=\"1000\" \/>\n\t<meta property=\"og:image:type\" content=\"image\/jpeg\" \/>\n<meta name=\"twitter:label1\" content=\"Availability\" \/>\n\t<meta name=\"twitter:data1\" content=\"In stock\" \/>\n<script type=\"application\/ld+json\" class=\"yoast-schema-graph\">{\"@context\":\"https:\/\/schema.org\",\"@graph\":[{\"@type\":\"WebPage\",\"@id\":\"https:\/\/www.sestogrado.it\/en\/prodotto\/black-diamond-oval-keylock-moschettone-ovale-a-leva\/\",\"url\":\"https:\/\/www.sestogrado.it\/en\/prodotto\/black-diamond-oval-keylock-moschettone-ovale-a-leva\/\",\"name\":\"Black Diamond Oval Keylock oval lever carabiner - Sestogrado\",\"isPartOf\":{\"@id\":\"https:\/\/www.sestogrado.it\/en\/#website\"},\"primaryImageOfPage\":{\"@id\":\"https:\/\/www.sestogrado.it\/en\/prodotto\/black-diamond-oval-keylock-moschettone-ovale-a-leva\/#primaryimage\"},\"image\":{\"@id\":\"https:\/\/www.sestogrado.it\/prodotto\/black-diamond-oval-keylock-moschettone-ovale-a-leva\/#primaryimage\"},\"thumbnailUrl\":\"https:\/\/www.sestogrado.it\/wp-content\/uploads\/2021\/04\/01-3.jpg\",\"datePublished\":\"2021-04-08T12:34:03+00:00\",\"dateModified\":\"2026-04-19T17:13:41+00:00\",\"description\":\"Il Black Diamond Oval Keylock \u00e8 un classico moschettone ovale simmetrico. Icona dell'arrampicata, \u00e8 un moschettone che rimane essenziale per la tua dotazione, grazie ad un ampia superficie, facilit\u00e0 d'uso e forma arrotondata.moschettone ovale a ghiera perfettamente simmetrico e dalle ampie dimensioni. Con una chiusura snag-free del naso che ne impedisce l'impigliamento, il Black Diamond Oval Keylock \u00e8 ideale per collegare discensori, assicuratori, piastrine. La sua forma arrotondata ne favorisce il corretto posizionamento sull'asse longitudinale.\",\"breadcrumb\":{\"@id\":\"https:\/\/www.sestogrado.it\/en\/prodotto\/black-diamond-oval-keylock-moschettone-ovale-a-leva\/#breadcrumb\"},\"inLanguage\":\"en-US\",\"potentialAction\":[{\"@type\":\"ReadAction\",\"target\":[[\"https:\/\/www.sestogrado.it\/en\/prodotto\/black-diamond-oval-keylock-moschettone-ovale-a-leva\/\"]]}]},{\"@type\":\"ImageObject\",\"inLanguage\":\"en-US\",\"@id\":\"https:\/\/www.sestogrado.it\/en\/prodotto\/black-diamond-oval-keylock-moschettone-ovale-a-leva\/#primaryimage\",\"url\":\"https:\/\/www.sestogrado.it\/wp-content\/uploads\/2021\/04\/01-3.jpg\",\"contentUrl\":\"https:\/\/www.sestogrado.it\/wp-content\/uploads\/2021\/04\/01-3.jpg\",\"width\":1000,\"height\":1000,\"caption\":\"oval keylock lucido\"},{\"@type\":\"BreadcrumbList\",\"@id\":\"https:\/\/www.sestogrado.it\/en\/prodotto\/black-diamond-oval-keylock-moschettone-ovale-a-leva\/#breadcrumb\",\"itemListElement\":[{\"@type\":\"ListItem\",\"position\":1,\"name\":\"Home\",\"item\":\"https:\/\/www.sestogrado.it\/en\/\"},{\"@type\":\"ListItem\",\"position\":2,\"name\":\"Shop\",\"item\":\"https:\/\/www.sestogrado.it\/en\/shop\/\"},{\"@type\":\"ListItem\",\"position\":3,\"name\":\"Black Diamond Oval Keylock moschettone ovale a leva\"}]},{\"@type\":\"WebSite\",\"@id\":\"https:\/\/www.sestogrado.it\/en\/#website\",\"url\":\"https:\/\/www.sestogrado.it\/en\/\",\"name\":\"Sestogrado\",\"description\":\"yes we climb\",\"publisher\":{\"@id\":\"https:\/\/www.sestogrado.it\/en\/#organization\"},\"potentialAction\":[{\"@type\":\"SearchAction\",\"target\":{\"@type\":\"EntryPoint\",\"urlTemplate\":\"https:\/\/www.sestogrado.it\/en\/?s={search_term_string}\"},\"query-input\":{\"@type\":\"PropertyValueSpecification\",\"valueRequired\":true,\"valueName\":\"search_term_string\"}}],\"inLanguage\":\"en-US\"},{\"@type\":\"Organization\",\"@id\":\"https:\/\/www.sestogrado.it\/en\/#organization\",\"name\":\"Sestogrado\",\"url\":\"https:\/\/www.sestogrado.it\/en\/\",\"logo\":{\"@type\":\"ImageObject\",\"inLanguage\":\"en-US\",\"@id\":\"https:\/\/www.sestogrado.it\/en\/#\/schema\/logo\/image\/\",\"url\":\"https:\/\/www.sestogrado.it\/wp-content\/uploads\/2015\/03\/sestogrado-favicon.png\",\"contentUrl\":\"https:\/\/www.sestogrado.it\/wp-content\/uploads\/2015\/03\/sestogrado-favicon.png\",\"width\":260,\"height\":260,\"caption\":\"Sestogrado\"},\"image\":{\"@id\":\"https:\/\/www.sestogrado.it\/en\/#\/schema\/logo\/image\/\"},\"sameAs\":[\"https:\/\/www.facebook.com\/pages\/Sestogrado\/1542635979353017?ref=bookmarks\",\"https:\/\/www.youtube.com\/channel\/UC847kAfTkaJsWpc1jtQwr3Q\"],\"hasMerchantReturnPolicy\":{\"@type\":\"MerchantReturnPolicy\",\"merchantReturnLink\":\"https:\/\/www.sestogrado.it\/en\/termini-e-condizioni\/\"}}]}<\/script>\n<meta property=\"product:brand\" content=\"Black Diamond\" \/>\n<meta property=\"og:availability\" content=\"instock\" \/>\n<meta property=\"product:availability\" content=\"instock\" \/>\n<meta property=\"product:condition\" content=\"new\" \/>\n<!-- \/ Yoast SEO plugin. -->","yoast_head_json":{"title":"Black Diamond Oval Keylock oval lever carabiner - Sestogrado","description":"Il Black Diamond Oval Keylock \u00e8 un classico moschettone ovale simmetrico. Icona dell'arrampicata, \u00e8 un moschettone che rimane essenziale per la tua dotazione, grazie ad un ampia superficie, facilit\u00e0 d'uso e forma arrotondata.moschettone ovale a ghiera perfettamente simmetrico e dalle ampie dimensioni. Con una chiusura snag-free del naso che ne impedisce l'impigliamento, il Black Diamond Oval Keylock \u00e8 ideale per collegare discensori, assicuratori, piastrine. La sua forma arrotondata ne favorisce il corretto posizionamento sull'asse longitudinale.","robots":{"index":"index","follow":"follow","max-snippet":"max-snippet:-1","max-image-preview":"max-image-preview:large","max-video-preview":"max-video-preview:-1"},"canonical":"https:\/\/www.sestogrado.it\/en\/prodotto\/black-diamond-oval-keylock-moschettone-ovale-a-leva\/","og_locale":"en_US","og_type":"article","og_title":"Black Diamond Oval Keylock oval lever carabiner - Sestogrado","og_description":"Il Black Diamond Oval Keylock \u00e8 un classico moschettone ovale simmetrico. Icona dell'arrampicata, \u00e8 un moschettone che rimane essenziale per la tua dotazione, grazie ad un ampia superficie, facilit\u00e0 d'uso e forma arrotondata.moschettone ovale a ghiera perfettamente simmetrico e dalle ampie dimensioni. Con una chiusura snag-free del naso che ne impedisce l'impigliamento, il Black Diamond Oval Keylock \u00e8 ideale per collegare discensori, assicuratori, piastrine. La sua forma arrotondata ne favorisce il corretto posizionamento sull'asse longitudinale.","og_url":"https:\/\/www.sestogrado.it\/en\/prodotto\/black-diamond-oval-keylock-moschettone-ovale-a-leva\/","og_site_name":"Sestogrado","article_publisher":"https:\/\/www.facebook.com\/pages\/Sestogrado\/1542635979353017?ref=bookmarks","article_modified_time":"2026-04-19T17:13:41+00:00","og_image":[{"width":1000,"height":1000,"url":"https:\/\/www.sestogrado.it\/wp-content\/uploads\/2021\/04\/01-3.jpg","type":"image\/jpeg"}],"twitter_misc":{"Availability":"In stock"},"schema":{"@context":"https:\/\/schema.org","@graph":[{"@type":"WebPage","@id":"https:\/\/www.sestogrado.it\/en\/prodotto\/black-diamond-oval-keylock-moschettone-ovale-a-leva\/","url":"https:\/\/www.sestogrado.it\/en\/prodotto\/black-diamond-oval-keylock-moschettone-ovale-a-leva\/","name":"Black Diamond Oval Keylock oval lever carabiner - Sestogrado","isPartOf":{"@id":"https:\/\/www.sestogrado.it\/en\/#website"},"primaryImageOfPage":{"@id":"https:\/\/www.sestogrado.it\/en\/prodotto\/black-diamond-oval-keylock-moschettone-ovale-a-leva\/#primaryimage"},"image":{"@id":"https:\/\/www.sestogrado.it\/prodotto\/black-diamond-oval-keylock-moschettone-ovale-a-leva\/#primaryimage"},"thumbnailUrl":"https:\/\/www.sestogrado.it\/wp-content\/uploads\/2021\/04\/01-3.jpg","datePublished":"2021-04-08T12:34:03+00:00","dateModified":"2026-04-19T17:13:41+00:00","description":"Il Black Diamond Oval Keylock \u00e8 un classico moschettone ovale simmetrico. Icona dell'arrampicata, \u00e8 un moschettone che rimane essenziale per la tua dotazione, grazie ad un ampia superficie, facilit\u00e0 d'uso e forma arrotondata.moschettone ovale a ghiera perfettamente simmetrico e dalle ampie dimensioni. Con una chiusura snag-free del naso che ne impedisce l'impigliamento, il Black Diamond Oval Keylock \u00e8 ideale per collegare discensori, assicuratori, piastrine. La sua forma arrotondata ne favorisce il corretto posizionamento sull'asse longitudinale.","breadcrumb":{"@id":"https:\/\/www.sestogrado.it\/en\/prodotto\/black-diamond-oval-keylock-moschettone-ovale-a-leva\/#breadcrumb"},"inLanguage":"en-US","potentialAction":[{"@type":"ReadAction","target":[["https:\/\/www.sestogrado.it\/en\/prodotto\/black-diamond-oval-keylock-moschettone-ovale-a-leva\/"]]}]},{"@type":"ImageObject","inLanguage":"en-US","@id":"https:\/\/www.sestogrado.it\/en\/prodotto\/black-diamond-oval-keylock-moschettone-ovale-a-leva\/#primaryimage","url":"https:\/\/www.sestogrado.it\/wp-content\/uploads\/2021\/04\/01-3.jpg","contentUrl":"https:\/\/www.sestogrado.it\/wp-content\/uploads\/2021\/04\/01-3.jpg","width":1000,"height":1000,"caption":"oval keylock lucido"},{"@type":"BreadcrumbList","@id":"https:\/\/www.sestogrado.it\/en\/prodotto\/black-diamond-oval-keylock-moschettone-ovale-a-leva\/#breadcrumb","itemListElement":[{"@type":"ListItem","position":1,"name":"Home","item":"https:\/\/www.sestogrado.it\/en\/"},{"@type":"ListItem","position":2,"name":"Shop","item":"https:\/\/www.sestogrado.it\/en\/shop\/"},{"@type":"ListItem","position":3,"name":"Black Diamond Oval Keylock moschettone ovale a leva"}]},{"@type":"WebSite","@id":"https:\/\/www.sestogrado.it\/en\/#website","url":"https:\/\/www.sestogrado.it\/en\/","name":"Sestogrado","description":"yes we climb","publisher":{"@id":"https:\/\/www.sestogrado.it\/en\/#organization"},"potentialAction":[{"@type":"SearchAction","target":{"@type":"EntryPoint","urlTemplate":"https:\/\/www.sestogrado.it\/en\/?s={search_term_string}"},"query-input":{"@type":"PropertyValueSpecification","valueRequired":true,"valueName":"search_term_string"}}],"inLanguage":"en-US"},{"@type":"Organization","@id":"https:\/\/www.sestogrado.it\/en\/#organization","name":"Sestogrado","url":"https:\/\/www.sestogrado.it\/en\/","logo":{"@type":"ImageObject","inLanguage":"en-US","@id":"https:\/\/www.sestogrado.it\/en\/#\/schema\/logo\/image\/","url":"https:\/\/www.sestogrado.it\/wp-content\/uploads\/2015\/03\/sestogrado-favicon.png","contentUrl":"https:\/\/www.sestogrado.it\/wp-content\/uploads\/2015\/03\/sestogrado-favicon.png","width":260,"height":260,"caption":"Sestogrado"},"image":{"@id":"https:\/\/www.sestogrado.it\/en\/#\/schema\/logo\/image\/"},"sameAs":["https:\/\/www.facebook.com\/pages\/Sestogrado\/1542635979353017?ref=bookmarks","https:\/\/www.youtube.com\/channel\/UC847kAfTkaJsWpc1jtQwr3Q"],"hasMerchantReturnPolicy":{"@type":"MerchantReturnPolicy","merchantReturnLink":"https:\/\/www.sestogrado.it\/en\/termini-e-condizioni\/"}}]},"product_brand":"Black Diamond","og_availability":"instock","product_availability":"instock","product_condition":"new"},"_links":{"self":[{"href":"https:\/\/www.sestogrado.it\/en\/wp-json\/wp\/v2\/product\/55707","targetHints":{"allow":["GET"]}}],"collection":[{"href":"https:\/\/www.sestogrado.it\/en\/wp-json\/wp\/v2\/product"}],"about":[{"href":"https:\/\/www.sestogrado.it\/en\/wp-json\/wp\/v2\/types\/product"}],"replies":[{"embeddable":true,"href":"https:\/\/www.sestogrado.it\/en\/wp-json\/wp\/v2\/comments?post=55707"}],"wp:featuredmedia":[{"embeddable":true,"href":"https:\/\/www.sestogrado.it\/en\/wp-json\/wp\/v2\/media\/55710"}],"wp:attachment":[{"href":"https:\/\/www.sestogrado.it\/en\/wp-json\/wp\/v2\/media?parent=55707"}],"wp:term":[{"taxonomy":"product_brand","embeddable":true,"href":"https:\/\/www.sestogrado.it\/en\/wp-json\/wp\/v2\/product_brand?post=55707"},{"taxonomy":"product_cat","embeddable":true,"href":"https:\/\/www.sestogrado.it\/en\/wp-json\/wp\/v2\/product_cat?post=55707"},{"taxonomy":"product_tag","embeddable":true,"href":"https:\/\/www.sestogrado.it\/en\/wp-json\/wp\/v2\/product_tag?post=55707"}],"curies":[{"name":"wp","href":"https:\/\/api.w.org\/{rel}","templated":true}]}}