{"id":54870,"date":"2024-03-26T15:12:59","date_gmt":"2024-03-26T14:12:59","guid":{"rendered":"https:\/\/www.sestogrado.it\/?post_type=product&#038;p=54870"},"modified":"2026-04-09T11:03:32","modified_gmt":"2026-04-09T09:03:32","slug":"millet-syntek-5-reg-saccoletto-sacco-a-pelo","status":"publish","type":"product","link":"https:\/\/www.sestogrado.it\/en\/prodotto\/millet-syntek-5-reg-saccoletto-sacco-a-pelo\/","title":{"rendered":"Millet Syntek -5 reg saccoletto sacco a pelo"},"content":{"rendered":"<p class=\"qtranxs-available-languages-message qtranxs-available-languages-message-en\">Sorry, this entry is only available in <a href=\"https:\/\/www.sestogrado.it\/it\/wp-json\/wp\/v2\/product\/54870\" class=\"qtranxs-available-language-link qtranxs-available-language-link-it\" title=\"Italiano\">Italiano<\/a>.<\/p>","protected":false},"excerpt":{"rendered":"<p>Sorry, this entry is only available in Italiano.<\/p>\n","protected":false},"featured_media":54871,"comment_status":"open","ping_status":"closed","template":"","meta":{"_acf_changed":false},"product_brand":[312],"product_cat":[577],"product_tag":[],"class_list":{"0":"post-54870","1":"product","2":"type-product","3":"status-publish","4":"has-post-thumbnail","6":"product_brand-millet","7":"product_cat-sacchi-a-pelo","9":"first","10":"instock","11":"sale","12":"taxable","13":"shipping-taxable","14":"purchasable","15":"product-type-simple"},"acf":[],"yoast_head":"<!-- This site is optimized with the Yoast SEO plugin v26.4 - https:\/\/yoast.com\/wordpress\/plugins\/seo\/ -->\n<title>Millet Syntek -5 reg saccoletto sacco a pelo - Sestogrado<\/title>\n<meta name=\"description\" content=\"Il Millet Syntek -5 Reg \u00e8 un saccoletto in tessuto sintetico, che offre un eccezionale isolamento dall&#039;umidit\u00e0, progettato per il campeggio ed il bivacco in montagna, per escursioni e trekking di pi\u00f9 giorni. Crea un isolamento sintetico che sopporta bene le condizioni di bagnato, fornisce un calore fino a -5 \u00b0 C di temperatura ed \u00e8 di facile manutenzione. Il Syntek offre un isolamento al 100% confortevole e caldo ed ha un comfort termico di lunga durata. E&#039; isolante come un saccoletto in piuma ma offre una migliore tenuta all&#039;umidit\u00e0. La sacca \u00e8 realizzata in un tessuto morbido ed elasticizzato che crea un piacevole calore e il Bivy Warm System \u2122 ti consente di dormire con le braccia all&#039;esterno del sacco a pelo senza esporre la parte superiore del corpo.\" \/>\n<meta name=\"robots\" content=\"index, follow, max-snippet:-1, max-image-preview:large, max-video-preview:-1\" \/>\n<link rel=\"canonical\" href=\"https:\/\/www.sestogrado.it\/en\/prodotto\/millet-syntek-5-reg-saccoletto-sacco-a-pelo\/\" \/>\n<meta property=\"og:locale\" content=\"en_US\" \/>\n<meta property=\"og:type\" content=\"article\" \/>\n<meta property=\"og:title\" content=\"Millet Syntek -5 reg saccoletto sacco a pelo - Sestogrado\" \/>\n<meta property=\"og:description\" content=\"Il Millet Syntek -5 Reg \u00e8 un saccoletto in tessuto sintetico, che offre un eccezionale isolamento dall&#039;umidit\u00e0, progettato per il campeggio ed il bivacco in montagna, per escursioni e trekking di pi\u00f9 giorni. Crea un isolamento sintetico che sopporta bene le condizioni di bagnato, fornisce un calore fino a -5 \u00b0 C di temperatura ed \u00e8 di facile manutenzione. Il Syntek offre un isolamento al 100% confortevole e caldo ed ha un comfort termico di lunga durata. E&#039; isolante come un saccoletto in piuma ma offre una migliore tenuta all&#039;umidit\u00e0. La sacca \u00e8 realizzata in un tessuto morbido ed elasticizzato che crea un piacevole calore e il Bivy Warm System \u2122 ti consente di dormire con le braccia all&#039;esterno del sacco a pelo senza esporre la parte superiore del corpo.\" \/>\n<meta property=\"og:url\" content=\"https:\/\/www.sestogrado.it\/en\/prodotto\/millet-syntek-5-reg-saccoletto-sacco-a-pelo\/\" \/>\n<meta property=\"og:site_name\" content=\"Sestogrado\" \/>\n<meta property=\"article:publisher\" content=\"https:\/\/www.facebook.com\/pages\/Sestogrado\/1542635979353017?ref=bookmarks\" \/>\n<meta property=\"article:modified_time\" content=\"2026-04-09T09:03:32+00:00\" \/>\n<meta property=\"og:image\" content=\"https:\/\/www.sestogrado.it\/wp-content\/uploads\/2021\/03\/01-23.jpg\" \/>\n\t<meta property=\"og:image:width\" content=\"1400\" \/>\n\t<meta property=\"og:image:height\" content=\"1400\" \/>\n\t<meta property=\"og:image:type\" content=\"image\/jpeg\" \/>\n<meta name=\"twitter:label1\" content=\"Price\" \/>\n\t<meta name=\"twitter:data1\" content=\"&euro;&nbsp;149,00\" \/>\n\t<meta name=\"twitter:label2\" content=\"Availability\" \/>\n\t<meta name=\"twitter:data2\" content=\"In stock\" \/>\n<script type=\"application\/ld+json\" class=\"yoast-schema-graph\">{\"@context\":\"https:\/\/schema.org\",\"@graph\":[{\"@type\":\"WebPage\",\"@id\":\"https:\/\/www.sestogrado.it\/en\/prodotto\/millet-syntek-5-reg-saccoletto-sacco-a-pelo\/\",\"url\":\"https:\/\/www.sestogrado.it\/en\/prodotto\/millet-syntek-5-reg-saccoletto-sacco-a-pelo\/\",\"name\":\"Millet Syntek -5 reg saccoletto sacco a pelo - Sestogrado\",\"isPartOf\":{\"@id\":\"https:\/\/www.sestogrado.it\/en\/#website\"},\"primaryImageOfPage\":{\"@id\":\"https:\/\/www.sestogrado.it\/en\/prodotto\/millet-syntek-5-reg-saccoletto-sacco-a-pelo\/#primaryimage\"},\"image\":{\"@id\":\"https:\/\/www.sestogrado.it\/prodotto\/millet-syntek-5-reg-saccoletto-sacco-a-pelo\/#primaryimage\"},\"thumbnailUrl\":\"https:\/\/www.sestogrado.it\/wp-content\/uploads\/2021\/03\/01-23.jpg\",\"datePublished\":\"2024-03-26T14:12:59+00:00\",\"dateModified\":\"2026-04-09T09:03:32+00:00\",\"description\":\"Il Millet Syntek -5 Reg \u00e8 un saccoletto in tessuto sintetico, che offre un eccezionale isolamento dall'umidit\u00e0, progettato per il campeggio ed il bivacco in montagna, per escursioni e trekking di pi\u00f9 giorni. Crea un isolamento sintetico che sopporta bene le condizioni di bagnato, fornisce un calore fino a -5 \u00b0 C di temperatura ed \u00e8 di facile manutenzione. Il Syntek offre un isolamento al 100% confortevole e caldo ed ha un comfort termico di lunga durata. E' isolante come un saccoletto in piuma ma offre una migliore tenuta all'umidit\u00e0. La sacca \u00e8 realizzata in un tessuto morbido ed elasticizzato che crea un piacevole calore e il Bivy Warm System \u2122 ti consente di dormire con le braccia all'esterno del sacco a pelo senza esporre la parte superiore del corpo.\",\"breadcrumb\":{\"@id\":\"https:\/\/www.sestogrado.it\/en\/prodotto\/millet-syntek-5-reg-saccoletto-sacco-a-pelo\/#breadcrumb\"},\"inLanguage\":\"en-US\",\"potentialAction\":[{\"@type\":\"ReadAction\",\"target\":[[\"https:\/\/www.sestogrado.it\/en\/prodotto\/millet-syntek-5-reg-saccoletto-sacco-a-pelo\/\"]]}]},{\"@type\":\"ImageObject\",\"inLanguage\":\"en-US\",\"@id\":\"https:\/\/www.sestogrado.it\/en\/prodotto\/millet-syntek-5-reg-saccoletto-sacco-a-pelo\/#primaryimage\",\"url\":\"https:\/\/www.sestogrado.it\/wp-content\/uploads\/2021\/03\/01-23.jpg\",\"contentUrl\":\"https:\/\/www.sestogrado.it\/wp-content\/uploads\/2021\/03\/01-23.jpg\",\"width\":1400,\"height\":1400,\"caption\":\"millet syntek -5 reg\"},{\"@type\":\"BreadcrumbList\",\"@id\":\"https:\/\/www.sestogrado.it\/en\/prodotto\/millet-syntek-5-reg-saccoletto-sacco-a-pelo\/#breadcrumb\",\"itemListElement\":[{\"@type\":\"ListItem\",\"position\":1,\"name\":\"Home\",\"item\":\"https:\/\/www.sestogrado.it\/en\/\"},{\"@type\":\"ListItem\",\"position\":2,\"name\":\"Shop\",\"item\":\"https:\/\/www.sestogrado.it\/en\/shop\/\"},{\"@type\":\"ListItem\",\"position\":3,\"name\":\"Millet Syntek -5 reg saccoletto sacco a pelo\"}]},{\"@type\":\"WebSite\",\"@id\":\"https:\/\/www.sestogrado.it\/en\/#website\",\"url\":\"https:\/\/www.sestogrado.it\/en\/\",\"name\":\"Sestogrado\",\"description\":\"yes we climb\",\"publisher\":{\"@id\":\"https:\/\/www.sestogrado.it\/en\/#organization\"},\"potentialAction\":[{\"@type\":\"SearchAction\",\"target\":{\"@type\":\"EntryPoint\",\"urlTemplate\":\"https:\/\/www.sestogrado.it\/en\/?s={search_term_string}\"},\"query-input\":{\"@type\":\"PropertyValueSpecification\",\"valueRequired\":true,\"valueName\":\"search_term_string\"}}],\"inLanguage\":\"en-US\"},{\"@type\":\"Organization\",\"@id\":\"https:\/\/www.sestogrado.it\/en\/#organization\",\"name\":\"Sestogrado\",\"url\":\"https:\/\/www.sestogrado.it\/en\/\",\"logo\":{\"@type\":\"ImageObject\",\"inLanguage\":\"en-US\",\"@id\":\"https:\/\/www.sestogrado.it\/en\/#\/schema\/logo\/image\/\",\"url\":\"https:\/\/www.sestogrado.it\/wp-content\/uploads\/2015\/03\/sestogrado-favicon.png\",\"contentUrl\":\"https:\/\/www.sestogrado.it\/wp-content\/uploads\/2015\/03\/sestogrado-favicon.png\",\"width\":260,\"height\":260,\"caption\":\"Sestogrado\"},\"image\":{\"@id\":\"https:\/\/www.sestogrado.it\/en\/#\/schema\/logo\/image\/\"},\"sameAs\":[\"https:\/\/www.facebook.com\/pages\/Sestogrado\/1542635979353017?ref=bookmarks\",\"https:\/\/www.youtube.com\/channel\/UC847kAfTkaJsWpc1jtQwr3Q\"],\"hasMerchantReturnPolicy\":{\"@type\":\"MerchantReturnPolicy\",\"merchantReturnLink\":\"https:\/\/www.sestogrado.it\/en\/termini-e-condizioni\/\"}}]}<\/script>\n<meta property=\"product:brand\" content=\"Millet\" \/>\n<meta property=\"product:price:amount\" content=\"149.00\" \/>\n<meta property=\"product:price:currency\" content=\"EUR\" \/>\n<meta property=\"og:availability\" content=\"instock\" \/>\n<meta property=\"product:availability\" content=\"instock\" \/>\n<meta property=\"product:condition\" content=\"new\" \/>\n<!-- \/ Yoast SEO plugin. -->","yoast_head_json":{"title":"Millet Syntek -5 reg saccoletto sacco a pelo - Sestogrado","description":"Il Millet Syntek -5 Reg \u00e8 un saccoletto in tessuto sintetico, che offre un eccezionale isolamento dall'umidit\u00e0, progettato per il campeggio ed il bivacco in montagna, per escursioni e trekking di pi\u00f9 giorni. Crea un isolamento sintetico che sopporta bene le condizioni di bagnato, fornisce un calore fino a -5 \u00b0 C di temperatura ed \u00e8 di facile manutenzione. Il Syntek offre un isolamento al 100% confortevole e caldo ed ha un comfort termico di lunga durata. E' isolante come un saccoletto in piuma ma offre una migliore tenuta all'umidit\u00e0. La sacca \u00e8 realizzata in un tessuto morbido ed elasticizzato che crea un piacevole calore e il Bivy Warm System \u2122 ti consente di dormire con le braccia all'esterno del sacco a pelo senza esporre la parte superiore del corpo.","robots":{"index":"index","follow":"follow","max-snippet":"max-snippet:-1","max-image-preview":"max-image-preview:large","max-video-preview":"max-video-preview:-1"},"canonical":"https:\/\/www.sestogrado.it\/en\/prodotto\/millet-syntek-5-reg-saccoletto-sacco-a-pelo\/","og_locale":"en_US","og_type":"article","og_title":"Millet Syntek -5 reg saccoletto sacco a pelo - Sestogrado","og_description":"Il Millet Syntek -5 Reg \u00e8 un saccoletto in tessuto sintetico, che offre un eccezionale isolamento dall'umidit\u00e0, progettato per il campeggio ed il bivacco in montagna, per escursioni e trekking di pi\u00f9 giorni. Crea un isolamento sintetico che sopporta bene le condizioni di bagnato, fornisce un calore fino a -5 \u00b0 C di temperatura ed \u00e8 di facile manutenzione. Il Syntek offre un isolamento al 100% confortevole e caldo ed ha un comfort termico di lunga durata. E' isolante come un saccoletto in piuma ma offre una migliore tenuta all'umidit\u00e0. La sacca \u00e8 realizzata in un tessuto morbido ed elasticizzato che crea un piacevole calore e il Bivy Warm System \u2122 ti consente di dormire con le braccia all'esterno del sacco a pelo senza esporre la parte superiore del corpo.","og_url":"https:\/\/www.sestogrado.it\/en\/prodotto\/millet-syntek-5-reg-saccoletto-sacco-a-pelo\/","og_site_name":"Sestogrado","article_publisher":"https:\/\/www.facebook.com\/pages\/Sestogrado\/1542635979353017?ref=bookmarks","article_modified_time":"2026-04-09T09:03:32+00:00","og_image":[{"width":1400,"height":1400,"url":"https:\/\/www.sestogrado.it\/wp-content\/uploads\/2021\/03\/01-23.jpg","type":"image\/jpeg"}],"twitter_misc":{"Price":"&euro;&nbsp;149,00","Availability":"In stock"},"schema":{"@context":"https:\/\/schema.org","@graph":[{"@type":"WebPage","@id":"https:\/\/www.sestogrado.it\/en\/prodotto\/millet-syntek-5-reg-saccoletto-sacco-a-pelo\/","url":"https:\/\/www.sestogrado.it\/en\/prodotto\/millet-syntek-5-reg-saccoletto-sacco-a-pelo\/","name":"Millet Syntek -5 reg saccoletto sacco a pelo - Sestogrado","isPartOf":{"@id":"https:\/\/www.sestogrado.it\/en\/#website"},"primaryImageOfPage":{"@id":"https:\/\/www.sestogrado.it\/en\/prodotto\/millet-syntek-5-reg-saccoletto-sacco-a-pelo\/#primaryimage"},"image":{"@id":"https:\/\/www.sestogrado.it\/prodotto\/millet-syntek-5-reg-saccoletto-sacco-a-pelo\/#primaryimage"},"thumbnailUrl":"https:\/\/www.sestogrado.it\/wp-content\/uploads\/2021\/03\/01-23.jpg","datePublished":"2024-03-26T14:12:59+00:00","dateModified":"2026-04-09T09:03:32+00:00","description":"Il Millet Syntek -5 Reg \u00e8 un saccoletto in tessuto sintetico, che offre un eccezionale isolamento dall'umidit\u00e0, progettato per il campeggio ed il bivacco in montagna, per escursioni e trekking di pi\u00f9 giorni. Crea un isolamento sintetico che sopporta bene le condizioni di bagnato, fornisce un calore fino a -5 \u00b0 C di temperatura ed \u00e8 di facile manutenzione. Il Syntek offre un isolamento al 100% confortevole e caldo ed ha un comfort termico di lunga durata. E' isolante come un saccoletto in piuma ma offre una migliore tenuta all'umidit\u00e0. La sacca \u00e8 realizzata in un tessuto morbido ed elasticizzato che crea un piacevole calore e il Bivy Warm System \u2122 ti consente di dormire con le braccia all'esterno del sacco a pelo senza esporre la parte superiore del corpo.","breadcrumb":{"@id":"https:\/\/www.sestogrado.it\/en\/prodotto\/millet-syntek-5-reg-saccoletto-sacco-a-pelo\/#breadcrumb"},"inLanguage":"en-US","potentialAction":[{"@type":"ReadAction","target":[["https:\/\/www.sestogrado.it\/en\/prodotto\/millet-syntek-5-reg-saccoletto-sacco-a-pelo\/"]]}]},{"@type":"ImageObject","inLanguage":"en-US","@id":"https:\/\/www.sestogrado.it\/en\/prodotto\/millet-syntek-5-reg-saccoletto-sacco-a-pelo\/#primaryimage","url":"https:\/\/www.sestogrado.it\/wp-content\/uploads\/2021\/03\/01-23.jpg","contentUrl":"https:\/\/www.sestogrado.it\/wp-content\/uploads\/2021\/03\/01-23.jpg","width":1400,"height":1400,"caption":"millet syntek -5 reg"},{"@type":"BreadcrumbList","@id":"https:\/\/www.sestogrado.it\/en\/prodotto\/millet-syntek-5-reg-saccoletto-sacco-a-pelo\/#breadcrumb","itemListElement":[{"@type":"ListItem","position":1,"name":"Home","item":"https:\/\/www.sestogrado.it\/en\/"},{"@type":"ListItem","position":2,"name":"Shop","item":"https:\/\/www.sestogrado.it\/en\/shop\/"},{"@type":"ListItem","position":3,"name":"Millet Syntek -5 reg saccoletto sacco a pelo"}]},{"@type":"WebSite","@id":"https:\/\/www.sestogrado.it\/en\/#website","url":"https:\/\/www.sestogrado.it\/en\/","name":"Sestogrado","description":"yes we climb","publisher":{"@id":"https:\/\/www.sestogrado.it\/en\/#organization"},"potentialAction":[{"@type":"SearchAction","target":{"@type":"EntryPoint","urlTemplate":"https:\/\/www.sestogrado.it\/en\/?s={search_term_string}"},"query-input":{"@type":"PropertyValueSpecification","valueRequired":true,"valueName":"search_term_string"}}],"inLanguage":"en-US"},{"@type":"Organization","@id":"https:\/\/www.sestogrado.it\/en\/#organization","name":"Sestogrado","url":"https:\/\/www.sestogrado.it\/en\/","logo":{"@type":"ImageObject","inLanguage":"en-US","@id":"https:\/\/www.sestogrado.it\/en\/#\/schema\/logo\/image\/","url":"https:\/\/www.sestogrado.it\/wp-content\/uploads\/2015\/03\/sestogrado-favicon.png","contentUrl":"https:\/\/www.sestogrado.it\/wp-content\/uploads\/2015\/03\/sestogrado-favicon.png","width":260,"height":260,"caption":"Sestogrado"},"image":{"@id":"https:\/\/www.sestogrado.it\/en\/#\/schema\/logo\/image\/"},"sameAs":["https:\/\/www.facebook.com\/pages\/Sestogrado\/1542635979353017?ref=bookmarks","https:\/\/www.youtube.com\/channel\/UC847kAfTkaJsWpc1jtQwr3Q"],"hasMerchantReturnPolicy":{"@type":"MerchantReturnPolicy","merchantReturnLink":"https:\/\/www.sestogrado.it\/en\/termini-e-condizioni\/"}}]},"product_brand":"Millet","product_price_amount":"149.00","product_price_currency":"EUR","og_availability":"instock","product_availability":"instock","product_condition":"new"},"_links":{"self":[{"href":"https:\/\/www.sestogrado.it\/en\/wp-json\/wp\/v2\/product\/54870","targetHints":{"allow":["GET"]}}],"collection":[{"href":"https:\/\/www.sestogrado.it\/en\/wp-json\/wp\/v2\/product"}],"about":[{"href":"https:\/\/www.sestogrado.it\/en\/wp-json\/wp\/v2\/types\/product"}],"replies":[{"embeddable":true,"href":"https:\/\/www.sestogrado.it\/en\/wp-json\/wp\/v2\/comments?post=54870"}],"wp:featuredmedia":[{"embeddable":true,"href":"https:\/\/www.sestogrado.it\/en\/wp-json\/wp\/v2\/media\/54871"}],"wp:attachment":[{"href":"https:\/\/www.sestogrado.it\/en\/wp-json\/wp\/v2\/media?parent=54870"}],"wp:term":[{"taxonomy":"product_brand","embeddable":true,"href":"https:\/\/www.sestogrado.it\/en\/wp-json\/wp\/v2\/product_brand?post=54870"},{"taxonomy":"product_cat","embeddable":true,"href":"https:\/\/www.sestogrado.it\/en\/wp-json\/wp\/v2\/product_cat?post=54870"},{"taxonomy":"product_tag","embeddable":true,"href":"https:\/\/www.sestogrado.it\/en\/wp-json\/wp\/v2\/product_tag?post=54870"}],"curies":[{"name":"wp","href":"https:\/\/api.w.org\/{rel}","templated":true}]}}