{"id":54108,"date":"2021-03-16T11:37:57","date_gmt":"2021-03-16T10:37:57","guid":{"rendered":"https:\/\/www.sestogrado.it\/?post_type=product&#038;p=54108"},"modified":"2026-03-17T11:02:55","modified_gmt":"2026-03-17T10:02:55","slug":"dmm-wallnuts-set-7-11-dadi-nut-arrampicata","status":"publish","type":"product","link":"https:\/\/www.sestogrado.it\/en\/prodotto\/dmm-wallnuts-set-7-11-dadi-nut-arrampicata\/","title":{"rendered":"DMM Wallnuts set 7-11 dadi nut arrampicata"},"content":{"rendered":"<p>Il DMM Wallnuts set 7-11 \u00e8 il set di dati da arrampicata che comprende misure dedicate a fessure medio grandi.<\/p>\n<p>Composto da 5 dadi, il DMM Wallnut set 7-11 \u00e8 composto da prodotti altamente specializzati. Per ogni dimensione viene utilizzata una lega diversa: i Wallnuts pi\u00f9 piccoli sono realizzati con una lega pi\u00f9 dura per evitare il taglio, mentre le dimensioni pi\u00f9 grandi sono pi\u00f9 morbide in modo che possano aderire meglio nei posizionamenti. I Wallnuts pi\u00f9 grandi presentano una struttura cava per ridurre il peso.<\/p>\n<p>Possono essere posizionati in due diversi orientamenti, consentendo a un singolo dado di coprire una vasta gamma di fessure. Sono rastremati sia sulla parte frontale che sui lati, aiutandoli a posizionarsi meglio nelle fessure che raramente sono parallele. Le facce scanalate riducono il peso, aiutano il dado ad incastrarsi nelle fessure, migliorano la sicurezza nei posizionamenti poco profondi e resistono al sollevamento quando il climber si sposta oltre di loro.<\/p>\n<p>I DMM Wallnuts sono montati su cavi sufficientemente rigidi da consentire il posizionamento in alto, mentre sono abbastanza flessibili da ridurre la possibilit\u00e0 di sollevamento. Sono codificati a colori per corrispondere al resto della gamma di protezioni DMM e per consentire una selezione rapida e semplice della taglia corretta dall&#8217;imbracatura.<\/p>\n<div class=\"table-responsive\"><table class=\"table\" style=\"border-collapse: collapse;width: 288pt\" border=\"0\" width=\"384\" cellspacing=\"0\" cellpadding=\"0\" data-tablesaw-mode=\"stack\">\n<tbody>\n<tr style=\"height: 14.4pt\">\n<td class=\"xl63\" style=\"height: 14.4pt;width: 48pt\" width=\"64\" height=\"19\">Misura<\/td>\n<td class=\"xl63\" style=\"width: 48pt\" width=\"64\">Codice<\/td>\n<td class=\"xl63\" style=\"width: 48pt\" width=\"64\">Colore<\/td>\n<td class=\"xl63\" style=\"width: 48pt\" width=\"64\">Forza<\/td>\n<td class=\"xl63\" style=\"width: 48pt\" width=\"64\">Peso<\/td>\n<td class=\"xl63\" style=\"width: 48pt\" width=\"64\">Range<\/td>\n<\/tr>\n<tr style=\"height: 28.8pt\">\n<td class=\"xl63\" style=\"height: 28.8pt;width: 48pt\" width=\"64\" height=\"38\">Wallnut No.7<\/td>\n<td class=\"xl63\" style=\"width: 48pt\" width=\"64\">A1617A<\/td>\n<td class=\"xl63\" style=\"width: 48pt\" width=\"64\">Grigio<\/td>\n<td class=\"xl63\" style=\"width: 48pt\" width=\"64\">12kN<\/td>\n<td class=\"xl63\" style=\"width: 48pt\" width=\"64\">40g<\/td>\n<td class=\"xl63\" style=\"width: 48pt\" width=\"64\">18.9 \/ 25.8mm<\/td>\n<\/tr>\n<tr style=\"height: 28.8pt\">\n<td class=\"xl63\" style=\"height: 28.8pt;width: 48pt\" width=\"64\" height=\"38\">Wallnut No.8<\/td>\n<td class=\"xl63\" style=\"width: 48pt\" width=\"64\">A1618A<\/td>\n<td class=\"xl63\" style=\"width: 48pt\" width=\"64\">Turchese<\/td>\n<td class=\"xl63\" style=\"width: 48pt\" width=\"64\">12kN<\/td>\n<td class=\"xl63\" style=\"width: 48pt\" width=\"64\">45g<\/td>\n<td class=\"xl63\" style=\"width: 48pt\" width=\"64\">22.3 \/ 29.0mm<\/td>\n<\/tr>\n<tr style=\"height: 28.8pt\">\n<td class=\"xl63\" style=\"height: 28.8pt;width: 48pt\" width=\"64\" height=\"38\">Wallnut No.9<\/td>\n<td class=\"xl63\" style=\"width: 48pt\" width=\"64\">A1619A<\/td>\n<td class=\"xl63\" style=\"width: 48pt\" width=\"64\">Oro<\/td>\n<td class=\"xl63\" style=\"width: 48pt\" width=\"64\">12kN<\/td>\n<td class=\"xl63\" style=\"width: 48pt\" width=\"64\">50g<\/td>\n<td class=\"xl63\" style=\"width: 48pt\" width=\"64\">25.2 \/ 32.1mm<\/td>\n<\/tr>\n<tr style=\"height: 28.8pt\">\n<td class=\"xl63\" style=\"height: 28.8pt;width: 48pt\" width=\"64\" height=\"38\">Wallnut No.10<\/td>\n<td class=\"xl63\" style=\"width: 48pt\" width=\"64\">A1620A<\/td>\n<td class=\"xl63\" style=\"width: 48pt\" width=\"64\">Argento<\/td>\n<td class=\"xl63\" style=\"width: 48pt\" width=\"64\">12kN<\/td>\n<td class=\"xl63\" style=\"width: 48pt\" width=\"64\">56g<\/td>\n<td class=\"xl63\" style=\"width: 48pt\" width=\"64\">28.8 \/ 32.6mm<\/td>\n<\/tr>\n<tr style=\"height: 28.8pt\">\n<td class=\"xl63\" style=\"height: 28.8pt;width: 48pt\" width=\"64\" height=\"38\">Wallnut No.11<\/td>\n<td class=\"xl63\" style=\"width: 48pt\" width=\"64\">A1621A<\/td>\n<td class=\"xl63\" style=\"width: 48pt\" width=\"64\">Verde<\/td>\n<td class=\"xl63\" style=\"width: 48pt\" width=\"64\">12kN<\/td>\n<td class=\"xl63\" style=\"width: 48pt\" width=\"64\">68g<\/td>\n<td class=\"xl63\" style=\"width: 48pt\" width=\"64\">33.1 \/ 37.4mm<\/td>\n<\/tr>\n<tr style=\"height: 28.8pt\">\n<td class=\"xl63\" style=\"height: 28.8pt;width: 48pt\" width=\"64\" height=\"38\">Wallnut Set 1-11<\/td>\n<td class=\"xl63\" style=\"width: 48pt\" width=\"64\">A1611\/21A<\/td>\n<td class=\"xl63\" style=\"width: 48pt\" width=\"64\">Assortiti<\/td>\n<td class=\"xl63\" style=\"width: 48pt\" width=\"64\">7 &#8211; 12kN<\/td>\n<td class=\"xl63\" style=\"width: 48pt\" width=\"64\">429g<\/td>\n<td class=\"xl63\" style=\"width: 48pt\" width=\"64\">6.7 &#8211; 37.4mm<\/td>\n<\/tr>\n<\/tbody>\n<\/table><\/div>\n<p>I DMM Wallnuts 7-11 sono un set da arrampicata tecnico e robusto, per ogni fessura medio\/grande.<\/p>","protected":false},"excerpt":{"rendered":"<p>Il DMM Wallnuts set 7-11 \u00e8 il set di dati da arrampicata che comprende misure dedicate a fessure medio grandi. [&hellip;]<\/p>\n","protected":false},"featured_media":54112,"comment_status":"open","ping_status":"closed","template":"","meta":{"_acf_changed":false},"product_brand":[86],"product_cat":[135],"product_tag":[],"class_list":{"0":"post-54108","1":"product","2":"type-product","3":"status-publish","4":"has-post-thumbnail","6":"product_brand-dmm","7":"product_cat-friends-e-nuts","9":"first","10":"instock","11":"sale","12":"taxable","13":"shipping-taxable","14":"purchasable","15":"product-type-simple"},"acf":[],"yoast_head":"<!-- This site is optimized with the Yoast SEO plugin v26.4 - https:\/\/yoast.com\/wordpress\/plugins\/seo\/ -->\n<title>DMM Wallnuts set 7-11 dadi nut arrampicata - Sestogrado<\/title>\n<meta name=\"description\" content=\"Il DMM Wallnuts set 7-11 \u00e8 il set di dati da arrampicata che comprende misure dedicate a fessure medio grandi.Composto da 5 dadi, il DMM Wallnut set 7-11 \u00e8 composto da prodotti altamente specializzati. Per ogni dimensione viene utilizzata una lega diversa: i Wallnuts pi\u00f9 piccoli sono realizzati con una lega pi\u00f9 dura per evitare il taglio, mentre le dimensioni pi\u00f9 grandi sono pi\u00f9 morbide in modo che possano aderire meglio nei posizionamenti. I Wallnuts pi\u00f9 grandi presentano una struttura cava per ridurre il peso.Possono essere posizionati in due diversi orientamenti, consentendo a un singolo dado di coprire una vasta gamma di fessure. Sono rastremati sia sulla parte frontale che sui lati, aiutandoli a posizionarsi meglio nelle fessure che raramente sono parallele. Le facce scanalate riducono il peso, aiutano il dado ad incastrarsi nelle fessure, migliorano la sicurezza nei posizionamenti poco profondi e resistono al sollevamento quando il climber si sposta oltre di loro.I DMM Wallnuts sono montati su cavi sufficientemente rigidi da consentire il posizionamento in alto, mentre sono abbastanza flessibili da ridurre la possibilit\u00e0 di sollevamento. Sono codificati a colori per corrispondere al resto della gamma di protezioni DMM e per consentire una selezione rapida e semplice della taglia corretta dall&#039;imbracatura.\" \/>\n<meta name=\"robots\" content=\"index, follow, max-snippet:-1, max-image-preview:large, max-video-preview:-1\" \/>\n<link rel=\"canonical\" href=\"https:\/\/www.sestogrado.it\/en\/prodotto\/dmm-wallnuts-set-7-11-dadi-nut-arrampicata\/\" \/>\n<meta property=\"og:locale\" content=\"en_US\" \/>\n<meta property=\"og:type\" content=\"article\" \/>\n<meta property=\"og:title\" content=\"DMM Wallnuts set 7-11 dadi nut arrampicata - Sestogrado\" \/>\n<meta property=\"og:description\" content=\"Il DMM Wallnuts set 7-11 \u00e8 il set di dati da arrampicata che comprende misure dedicate a fessure medio grandi.Composto da 5 dadi, il DMM Wallnut set 7-11 \u00e8 composto da prodotti altamente specializzati. Per ogni dimensione viene utilizzata una lega diversa: i Wallnuts pi\u00f9 piccoli sono realizzati con una lega pi\u00f9 dura per evitare il taglio, mentre le dimensioni pi\u00f9 grandi sono pi\u00f9 morbide in modo che possano aderire meglio nei posizionamenti. I Wallnuts pi\u00f9 grandi presentano una struttura cava per ridurre il peso.Possono essere posizionati in due diversi orientamenti, consentendo a un singolo dado di coprire una vasta gamma di fessure. Sono rastremati sia sulla parte frontale che sui lati, aiutandoli a posizionarsi meglio nelle fessure che raramente sono parallele. Le facce scanalate riducono il peso, aiutano il dado ad incastrarsi nelle fessure, migliorano la sicurezza nei posizionamenti poco profondi e resistono al sollevamento quando il climber si sposta oltre di loro.I DMM Wallnuts sono montati su cavi sufficientemente rigidi da consentire il posizionamento in alto, mentre sono abbastanza flessibili da ridurre la possibilit\u00e0 di sollevamento. Sono codificati a colori per corrispondere al resto della gamma di protezioni DMM e per consentire una selezione rapida e semplice della taglia corretta dall&#039;imbracatura.\" \/>\n<meta property=\"og:url\" content=\"https:\/\/www.sestogrado.it\/en\/prodotto\/dmm-wallnuts-set-7-11-dadi-nut-arrampicata\/\" \/>\n<meta property=\"og:site_name\" content=\"Sestogrado\" \/>\n<meta property=\"article:publisher\" content=\"https:\/\/www.facebook.com\/pages\/Sestogrado\/1542635979353017?ref=bookmarks\" \/>\n<meta property=\"article:modified_time\" content=\"2026-03-17T10:02:55+00:00\" \/>\n<meta property=\"og:image\" content=\"https:\/\/www.sestogrado.it\/wp-content\/uploads\/2021\/03\/c63_12103_A1617-21A-Wallnut-Set-7-11.jpg\" \/>\n\t<meta property=\"og:image:width\" content=\"956\" \/>\n\t<meta property=\"og:image:height\" content=\"956\" \/>\n\t<meta property=\"og:image:type\" content=\"image\/jpeg\" \/>\n<meta name=\"twitter:label1\" content=\"Price\" \/>\n\t<meta name=\"twitter:data1\" content=\"&euro;&nbsp;79,00\" \/>\n\t<meta name=\"twitter:label2\" content=\"Availability\" \/>\n\t<meta name=\"twitter:data2\" content=\"In stock\" \/>\n<script type=\"application\/ld+json\" class=\"yoast-schema-graph\">{\"@context\":\"https:\/\/schema.org\",\"@graph\":[{\"@type\":\"WebPage\",\"@id\":\"https:\/\/www.sestogrado.it\/en\/prodotto\/dmm-wallnuts-set-7-11-dadi-nut-arrampicata\/\",\"url\":\"https:\/\/www.sestogrado.it\/en\/prodotto\/dmm-wallnuts-set-7-11-dadi-nut-arrampicata\/\",\"name\":\"DMM Wallnuts set 7-11 dadi nut arrampicata - Sestogrado\",\"isPartOf\":{\"@id\":\"https:\/\/www.sestogrado.it\/en\/#website\"},\"primaryImageOfPage\":{\"@id\":\"https:\/\/www.sestogrado.it\/en\/prodotto\/dmm-wallnuts-set-7-11-dadi-nut-arrampicata\/#primaryimage\"},\"image\":{\"@id\":\"https:\/\/www.sestogrado.it\/prodotto\/dmm-wallnuts-set-7-11-dadi-nut-arrampicata\/#primaryimage\"},\"thumbnailUrl\":\"https:\/\/www.sestogrado.it\/wp-content\/uploads\/2021\/03\/c63_12103_A1617-21A-Wallnut-Set-7-11.jpg\",\"datePublished\":\"2021-03-16T10:37:57+00:00\",\"dateModified\":\"2026-03-17T10:02:55+00:00\",\"description\":\"Il DMM Wallnuts set 7-11 \u00e8 il set di dati da arrampicata che comprende misure dedicate a fessure medio grandi.Composto da 5 dadi, il DMM Wallnut set 7-11 \u00e8 composto da prodotti altamente specializzati. Per ogni dimensione viene utilizzata una lega diversa: i Wallnuts pi\u00f9 piccoli sono realizzati con una lega pi\u00f9 dura per evitare il taglio, mentre le dimensioni pi\u00f9 grandi sono pi\u00f9 morbide in modo che possano aderire meglio nei posizionamenti. I Wallnuts pi\u00f9 grandi presentano una struttura cava per ridurre il peso.Possono essere posizionati in due diversi orientamenti, consentendo a un singolo dado di coprire una vasta gamma di fessure. Sono rastremati sia sulla parte frontale che sui lati, aiutandoli a posizionarsi meglio nelle fessure che raramente sono parallele. Le facce scanalate riducono il peso, aiutano il dado ad incastrarsi nelle fessure, migliorano la sicurezza nei posizionamenti poco profondi e resistono al sollevamento quando il climber si sposta oltre di loro.I DMM Wallnuts sono montati su cavi sufficientemente rigidi da consentire il posizionamento in alto, mentre sono abbastanza flessibili da ridurre la possibilit\u00e0 di sollevamento. Sono codificati a colori per corrispondere al resto della gamma di protezioni DMM e per consentire una selezione rapida e semplice della taglia corretta dall'imbracatura.\",\"breadcrumb\":{\"@id\":\"https:\/\/www.sestogrado.it\/en\/prodotto\/dmm-wallnuts-set-7-11-dadi-nut-arrampicata\/#breadcrumb\"},\"inLanguage\":\"en-US\",\"potentialAction\":[{\"@type\":\"ReadAction\",\"target\":[[\"https:\/\/www.sestogrado.it\/en\/prodotto\/dmm-wallnuts-set-7-11-dadi-nut-arrampicata\/\"]]}]},{\"@type\":\"ImageObject\",\"inLanguage\":\"en-US\",\"@id\":\"https:\/\/www.sestogrado.it\/en\/prodotto\/dmm-wallnuts-set-7-11-dadi-nut-arrampicata\/#primaryimage\",\"url\":\"https:\/\/www.sestogrado.it\/wp-content\/uploads\/2021\/03\/c63_12103_A1617-21A-Wallnut-Set-7-11.jpg\",\"contentUrl\":\"https:\/\/www.sestogrado.it\/wp-content\/uploads\/2021\/03\/c63_12103_A1617-21A-Wallnut-Set-7-11.jpg\",\"width\":956,\"height\":956,\"caption\":\"wallnuts 7-11\"},{\"@type\":\"BreadcrumbList\",\"@id\":\"https:\/\/www.sestogrado.it\/en\/prodotto\/dmm-wallnuts-set-7-11-dadi-nut-arrampicata\/#breadcrumb\",\"itemListElement\":[{\"@type\":\"ListItem\",\"position\":1,\"name\":\"Home\",\"item\":\"https:\/\/www.sestogrado.it\/en\/\"},{\"@type\":\"ListItem\",\"position\":2,\"name\":\"Shop\",\"item\":\"https:\/\/www.sestogrado.it\/en\/shop\/\"},{\"@type\":\"ListItem\",\"position\":3,\"name\":\"DMM Wallnuts set 7-11 dadi nut arrampicata\"}]},{\"@type\":\"WebSite\",\"@id\":\"https:\/\/www.sestogrado.it\/en\/#website\",\"url\":\"https:\/\/www.sestogrado.it\/en\/\",\"name\":\"Sestogrado\",\"description\":\"yes we climb\",\"publisher\":{\"@id\":\"https:\/\/www.sestogrado.it\/en\/#organization\"},\"potentialAction\":[{\"@type\":\"SearchAction\",\"target\":{\"@type\":\"EntryPoint\",\"urlTemplate\":\"https:\/\/www.sestogrado.it\/en\/?s={search_term_string}\"},\"query-input\":{\"@type\":\"PropertyValueSpecification\",\"valueRequired\":true,\"valueName\":\"search_term_string\"}}],\"inLanguage\":\"en-US\"},{\"@type\":\"Organization\",\"@id\":\"https:\/\/www.sestogrado.it\/en\/#organization\",\"name\":\"Sestogrado\",\"url\":\"https:\/\/www.sestogrado.it\/en\/\",\"logo\":{\"@type\":\"ImageObject\",\"inLanguage\":\"en-US\",\"@id\":\"https:\/\/www.sestogrado.it\/en\/#\/schema\/logo\/image\/\",\"url\":\"https:\/\/www.sestogrado.it\/wp-content\/uploads\/2015\/03\/sestogrado-favicon.png\",\"contentUrl\":\"https:\/\/www.sestogrado.it\/wp-content\/uploads\/2015\/03\/sestogrado-favicon.png\",\"width\":260,\"height\":260,\"caption\":\"Sestogrado\"},\"image\":{\"@id\":\"https:\/\/www.sestogrado.it\/en\/#\/schema\/logo\/image\/\"},\"sameAs\":[\"https:\/\/www.facebook.com\/pages\/Sestogrado\/1542635979353017?ref=bookmarks\",\"https:\/\/www.youtube.com\/channel\/UC847kAfTkaJsWpc1jtQwr3Q\"],\"hasMerchantReturnPolicy\":{\"@type\":\"MerchantReturnPolicy\",\"merchantReturnLink\":\"https:\/\/www.sestogrado.it\/en\/termini-e-condizioni\/\"}}]}<\/script>\n<meta property=\"product:brand\" content=\"DMM\" \/>\n<meta property=\"product:price:amount\" content=\"79.00\" \/>\n<meta property=\"product:price:currency\" content=\"EUR\" \/>\n<meta property=\"og:availability\" content=\"instock\" \/>\n<meta property=\"product:availability\" content=\"instock\" \/>\n<meta property=\"product:condition\" content=\"new\" \/>\n<!-- \/ Yoast SEO plugin. -->","yoast_head_json":{"title":"DMM Wallnuts set 7-11 dadi nut arrampicata - Sestogrado","description":"Il DMM Wallnuts set 7-11 \u00e8 il set di dati da arrampicata che comprende misure dedicate a fessure medio grandi.Composto da 5 dadi, il DMM Wallnut set 7-11 \u00e8 composto da prodotti altamente specializzati. Per ogni dimensione viene utilizzata una lega diversa: i Wallnuts pi\u00f9 piccoli sono realizzati con una lega pi\u00f9 dura per evitare il taglio, mentre le dimensioni pi\u00f9 grandi sono pi\u00f9 morbide in modo che possano aderire meglio nei posizionamenti. I Wallnuts pi\u00f9 grandi presentano una struttura cava per ridurre il peso.Possono essere posizionati in due diversi orientamenti, consentendo a un singolo dado di coprire una vasta gamma di fessure. Sono rastremati sia sulla parte frontale che sui lati, aiutandoli a posizionarsi meglio nelle fessure che raramente sono parallele. Le facce scanalate riducono il peso, aiutano il dado ad incastrarsi nelle fessure, migliorano la sicurezza nei posizionamenti poco profondi e resistono al sollevamento quando il climber si sposta oltre di loro.I DMM Wallnuts sono montati su cavi sufficientemente rigidi da consentire il posizionamento in alto, mentre sono abbastanza flessibili da ridurre la possibilit\u00e0 di sollevamento. Sono codificati a colori per corrispondere al resto della gamma di protezioni DMM e per consentire una selezione rapida e semplice della taglia corretta dall'imbracatura.","robots":{"index":"index","follow":"follow","max-snippet":"max-snippet:-1","max-image-preview":"max-image-preview:large","max-video-preview":"max-video-preview:-1"},"canonical":"https:\/\/www.sestogrado.it\/en\/prodotto\/dmm-wallnuts-set-7-11-dadi-nut-arrampicata\/","og_locale":"en_US","og_type":"article","og_title":"DMM Wallnuts set 7-11 dadi nut arrampicata - Sestogrado","og_description":"Il DMM Wallnuts set 7-11 \u00e8 il set di dati da arrampicata che comprende misure dedicate a fessure medio grandi.Composto da 5 dadi, il DMM Wallnut set 7-11 \u00e8 composto da prodotti altamente specializzati. Per ogni dimensione viene utilizzata una lega diversa: i Wallnuts pi\u00f9 piccoli sono realizzati con una lega pi\u00f9 dura per evitare il taglio, mentre le dimensioni pi\u00f9 grandi sono pi\u00f9 morbide in modo che possano aderire meglio nei posizionamenti. I Wallnuts pi\u00f9 grandi presentano una struttura cava per ridurre il peso.Possono essere posizionati in due diversi orientamenti, consentendo a un singolo dado di coprire una vasta gamma di fessure. Sono rastremati sia sulla parte frontale che sui lati, aiutandoli a posizionarsi meglio nelle fessure che raramente sono parallele. Le facce scanalate riducono il peso, aiutano il dado ad incastrarsi nelle fessure, migliorano la sicurezza nei posizionamenti poco profondi e resistono al sollevamento quando il climber si sposta oltre di loro.I DMM Wallnuts sono montati su cavi sufficientemente rigidi da consentire il posizionamento in alto, mentre sono abbastanza flessibili da ridurre la possibilit\u00e0 di sollevamento. Sono codificati a colori per corrispondere al resto della gamma di protezioni DMM e per consentire una selezione rapida e semplice della taglia corretta dall'imbracatura.","og_url":"https:\/\/www.sestogrado.it\/en\/prodotto\/dmm-wallnuts-set-7-11-dadi-nut-arrampicata\/","og_site_name":"Sestogrado","article_publisher":"https:\/\/www.facebook.com\/pages\/Sestogrado\/1542635979353017?ref=bookmarks","article_modified_time":"2026-03-17T10:02:55+00:00","og_image":[{"width":956,"height":956,"url":"https:\/\/www.sestogrado.it\/wp-content\/uploads\/2021\/03\/c63_12103_A1617-21A-Wallnut-Set-7-11.jpg","type":"image\/jpeg"}],"twitter_misc":{"Price":"&euro;&nbsp;79,00","Availability":"In stock"},"schema":{"@context":"https:\/\/schema.org","@graph":[{"@type":"WebPage","@id":"https:\/\/www.sestogrado.it\/en\/prodotto\/dmm-wallnuts-set-7-11-dadi-nut-arrampicata\/","url":"https:\/\/www.sestogrado.it\/en\/prodotto\/dmm-wallnuts-set-7-11-dadi-nut-arrampicata\/","name":"DMM Wallnuts set 7-11 dadi nut arrampicata - Sestogrado","isPartOf":{"@id":"https:\/\/www.sestogrado.it\/en\/#website"},"primaryImageOfPage":{"@id":"https:\/\/www.sestogrado.it\/en\/prodotto\/dmm-wallnuts-set-7-11-dadi-nut-arrampicata\/#primaryimage"},"image":{"@id":"https:\/\/www.sestogrado.it\/prodotto\/dmm-wallnuts-set-7-11-dadi-nut-arrampicata\/#primaryimage"},"thumbnailUrl":"https:\/\/www.sestogrado.it\/wp-content\/uploads\/2021\/03\/c63_12103_A1617-21A-Wallnut-Set-7-11.jpg","datePublished":"2021-03-16T10:37:57+00:00","dateModified":"2026-03-17T10:02:55+00:00","description":"Il DMM Wallnuts set 7-11 \u00e8 il set di dati da arrampicata che comprende misure dedicate a fessure medio grandi.Composto da 5 dadi, il DMM Wallnut set 7-11 \u00e8 composto da prodotti altamente specializzati. Per ogni dimensione viene utilizzata una lega diversa: i Wallnuts pi\u00f9 piccoli sono realizzati con una lega pi\u00f9 dura per evitare il taglio, mentre le dimensioni pi\u00f9 grandi sono pi\u00f9 morbide in modo che possano aderire meglio nei posizionamenti. I Wallnuts pi\u00f9 grandi presentano una struttura cava per ridurre il peso.Possono essere posizionati in due diversi orientamenti, consentendo a un singolo dado di coprire una vasta gamma di fessure. Sono rastremati sia sulla parte frontale che sui lati, aiutandoli a posizionarsi meglio nelle fessure che raramente sono parallele. Le facce scanalate riducono il peso, aiutano il dado ad incastrarsi nelle fessure, migliorano la sicurezza nei posizionamenti poco profondi e resistono al sollevamento quando il climber si sposta oltre di loro.I DMM Wallnuts sono montati su cavi sufficientemente rigidi da consentire il posizionamento in alto, mentre sono abbastanza flessibili da ridurre la possibilit\u00e0 di sollevamento. Sono codificati a colori per corrispondere al resto della gamma di protezioni DMM e per consentire una selezione rapida e semplice della taglia corretta dall'imbracatura.","breadcrumb":{"@id":"https:\/\/www.sestogrado.it\/en\/prodotto\/dmm-wallnuts-set-7-11-dadi-nut-arrampicata\/#breadcrumb"},"inLanguage":"en-US","potentialAction":[{"@type":"ReadAction","target":[["https:\/\/www.sestogrado.it\/en\/prodotto\/dmm-wallnuts-set-7-11-dadi-nut-arrampicata\/"]]}]},{"@type":"ImageObject","inLanguage":"en-US","@id":"https:\/\/www.sestogrado.it\/en\/prodotto\/dmm-wallnuts-set-7-11-dadi-nut-arrampicata\/#primaryimage","url":"https:\/\/www.sestogrado.it\/wp-content\/uploads\/2021\/03\/c63_12103_A1617-21A-Wallnut-Set-7-11.jpg","contentUrl":"https:\/\/www.sestogrado.it\/wp-content\/uploads\/2021\/03\/c63_12103_A1617-21A-Wallnut-Set-7-11.jpg","width":956,"height":956,"caption":"wallnuts 7-11"},{"@type":"BreadcrumbList","@id":"https:\/\/www.sestogrado.it\/en\/prodotto\/dmm-wallnuts-set-7-11-dadi-nut-arrampicata\/#breadcrumb","itemListElement":[{"@type":"ListItem","position":1,"name":"Home","item":"https:\/\/www.sestogrado.it\/en\/"},{"@type":"ListItem","position":2,"name":"Shop","item":"https:\/\/www.sestogrado.it\/en\/shop\/"},{"@type":"ListItem","position":3,"name":"DMM Wallnuts set 7-11 dadi nut arrampicata"}]},{"@type":"WebSite","@id":"https:\/\/www.sestogrado.it\/en\/#website","url":"https:\/\/www.sestogrado.it\/en\/","name":"Sestogrado","description":"yes we climb","publisher":{"@id":"https:\/\/www.sestogrado.it\/en\/#organization"},"potentialAction":[{"@type":"SearchAction","target":{"@type":"EntryPoint","urlTemplate":"https:\/\/www.sestogrado.it\/en\/?s={search_term_string}"},"query-input":{"@type":"PropertyValueSpecification","valueRequired":true,"valueName":"search_term_string"}}],"inLanguage":"en-US"},{"@type":"Organization","@id":"https:\/\/www.sestogrado.it\/en\/#organization","name":"Sestogrado","url":"https:\/\/www.sestogrado.it\/en\/","logo":{"@type":"ImageObject","inLanguage":"en-US","@id":"https:\/\/www.sestogrado.it\/en\/#\/schema\/logo\/image\/","url":"https:\/\/www.sestogrado.it\/wp-content\/uploads\/2015\/03\/sestogrado-favicon.png","contentUrl":"https:\/\/www.sestogrado.it\/wp-content\/uploads\/2015\/03\/sestogrado-favicon.png","width":260,"height":260,"caption":"Sestogrado"},"image":{"@id":"https:\/\/www.sestogrado.it\/en\/#\/schema\/logo\/image\/"},"sameAs":["https:\/\/www.facebook.com\/pages\/Sestogrado\/1542635979353017?ref=bookmarks","https:\/\/www.youtube.com\/channel\/UC847kAfTkaJsWpc1jtQwr3Q"],"hasMerchantReturnPolicy":{"@type":"MerchantReturnPolicy","merchantReturnLink":"https:\/\/www.sestogrado.it\/en\/termini-e-condizioni\/"}}]},"product_brand":"DMM","product_price_amount":"79.00","product_price_currency":"EUR","og_availability":"instock","product_availability":"instock","product_condition":"new"},"_links":{"self":[{"href":"https:\/\/www.sestogrado.it\/en\/wp-json\/wp\/v2\/product\/54108","targetHints":{"allow":["GET"]}}],"collection":[{"href":"https:\/\/www.sestogrado.it\/en\/wp-json\/wp\/v2\/product"}],"about":[{"href":"https:\/\/www.sestogrado.it\/en\/wp-json\/wp\/v2\/types\/product"}],"replies":[{"embeddable":true,"href":"https:\/\/www.sestogrado.it\/en\/wp-json\/wp\/v2\/comments?post=54108"}],"wp:featuredmedia":[{"embeddable":true,"href":"https:\/\/www.sestogrado.it\/en\/wp-json\/wp\/v2\/media\/54112"}],"wp:attachment":[{"href":"https:\/\/www.sestogrado.it\/en\/wp-json\/wp\/v2\/media?parent=54108"}],"wp:term":[{"taxonomy":"product_brand","embeddable":true,"href":"https:\/\/www.sestogrado.it\/en\/wp-json\/wp\/v2\/product_brand?post=54108"},{"taxonomy":"product_cat","embeddable":true,"href":"https:\/\/www.sestogrado.it\/en\/wp-json\/wp\/v2\/product_cat?post=54108"},{"taxonomy":"product_tag","embeddable":true,"href":"https:\/\/www.sestogrado.it\/en\/wp-json\/wp\/v2\/product_tag?post=54108"}],"curies":[{"name":"wp","href":"https:\/\/api.w.org\/{rel}","templated":true}]}}