{"id":53853,"date":"2021-03-12T15:38:00","date_gmt":"2021-03-12T14:38:00","guid":{"rendered":"https:\/\/www.sestogrado.it\/?post_type=product&#038;p=53853"},"modified":"2026-04-28T23:33:54","modified_gmt":"2026-04-28T21:33:54","slug":"ferrino-lightent-2-pro-tenda-per-due-persone-ultraleggera","status":"publish","type":"product","link":"https:\/\/www.sestogrado.it\/en\/prodotto\/ferrino-lightent-2-pro-tenda-per-due-persone-ultraleggera\/","title":{"rendered":"Ferrino Lightent 2 Pro tenda per due persone ultraleggera"},"content":{"rendered":"<p class=\"qtranxs-available-languages-message qtranxs-available-languages-message-en\">Sorry, this entry is only available in <a href=\"https:\/\/www.sestogrado.it\/it\/wp-json\/wp\/v2\/product\/53853\" class=\"qtranxs-available-language-link qtranxs-available-language-link-it\" title=\"Italiano\">Italiano<\/a>.<\/p>","protected":false},"excerpt":{"rendered":"<p>Sorry, this entry is only available in Italiano.<\/p>\n","protected":false},"featured_media":53856,"comment_status":"open","ping_status":"closed","template":"","meta":{"_acf_changed":false},"product_brand":[614],"product_cat":[661],"product_tag":[],"class_list":{"0":"post-53853","1":"product","2":"type-product","3":"status-publish","4":"has-post-thumbnail","6":"product_brand-ferrino","7":"product_cat-tende","9":"first","10":"instock","11":"sale","12":"taxable","13":"shipping-taxable","14":"purchasable","15":"product-type-variable"},"acf":[],"yoast_head":"<!-- This site is optimized with the Yoast SEO plugin v26.4 - https:\/\/yoast.com\/wordpress\/plugins\/seo\/ -->\n<title>Ferrino Lightent 2 Pro tenda per due persone ultraleggera - Sestogrado<\/title>\n<meta name=\"description\" content=\"La Ferrino Lightent 2 Pro \u00e8 una tenda ultracompatta, evoluzione della storica Lightent 2. Come quest&#039;ultima \u00e8 completamente impermeabile con colonna d&#039;acqua di 8.000 sul pavimento e di 3.000 sul tetto. In pi\u00f9 pu\u00f2 essere montata senza la camera, come riparo ultraminimale (1,75kg). Il sistema di paleria esterna permette il montaggio rapido anche in caso di avverse condizioni meteo senza bagnare la camera. Struttura: TunnelMateriali: Doppio tetto in 100% Recycled Poliestere Ripstop 70D, 85 g\/m2, spalmatura poliuretanica, impermeabilit\u00e0 3000mm, idrorepellente, trattato FRInterno in zanzariera trattato FRPavimento in 100% Recycled Poliestere 70D, 95 g\/m2, spalmatura poliuretanica, impermeabilit\u00e0 8.000 mm, trattato FRCuciture nastrate nel doppio tetto e nel pavimento per garantire totale impermeabilit\u00e0Costruzione a tre strati per rinforzare gli angoli del catinoPaleria in lega di alluminio temperato 7001 T6 con caratteristiche di leggerezza, resistenza ed elasticit\u00e02 Pali in duralluminio precollegatiPali in colore differenziato per facilitare il montaggioTenda interna sospesa alla paleria con nastri e olivettePicchetti in alluminio HexagonIngresso e aerazione: AbsidePorta in zanzarieraCuffie di ventilazione anteriore, posteriore e su absideSistema di aerazione \u201ccamera air\u201d con zanzarieraTasche interne porta oggettiRegolazione tiranti &quot;Fast Adjustment&quot;Gancio porta lampadaSacca custodia inclusaKit riparazione inclusoIstruzioni video attivabili con QRCodeDimensione chiusa: 17x35cmPeso: 1,95kg\" \/>\n<meta name=\"robots\" content=\"index, follow, max-snippet:-1, max-image-preview:large, max-video-preview:-1\" \/>\n<link rel=\"canonical\" href=\"https:\/\/www.sestogrado.it\/en\/prodotto\/ferrino-lightent-2-pro-tenda-per-due-persone-ultraleggera\/\" \/>\n<meta property=\"og:locale\" content=\"en_US\" \/>\n<meta property=\"og:type\" content=\"article\" \/>\n<meta property=\"og:title\" content=\"Ferrino Lightent 2 Pro tenda per due persone ultraleggera - Sestogrado\" \/>\n<meta property=\"og:description\" content=\"La Ferrino Lightent 2 Pro \u00e8 una tenda ultracompatta, evoluzione della storica Lightent 2. Come quest&#039;ultima \u00e8 completamente impermeabile con colonna d&#039;acqua di 8.000 sul pavimento e di 3.000 sul tetto. In pi\u00f9 pu\u00f2 essere montata senza la camera, come riparo ultraminimale (1,75kg). Il sistema di paleria esterna permette il montaggio rapido anche in caso di avverse condizioni meteo senza bagnare la camera. Struttura: TunnelMateriali: Doppio tetto in 100% Recycled Poliestere Ripstop 70D, 85 g\/m2, spalmatura poliuretanica, impermeabilit\u00e0 3000mm, idrorepellente, trattato FRInterno in zanzariera trattato FRPavimento in 100% Recycled Poliestere 70D, 95 g\/m2, spalmatura poliuretanica, impermeabilit\u00e0 8.000 mm, trattato FRCuciture nastrate nel doppio tetto e nel pavimento per garantire totale impermeabilit\u00e0Costruzione a tre strati per rinforzare gli angoli del catinoPaleria in lega di alluminio temperato 7001 T6 con caratteristiche di leggerezza, resistenza ed elasticit\u00e02 Pali in duralluminio precollegatiPali in colore differenziato per facilitare il montaggioTenda interna sospesa alla paleria con nastri e olivettePicchetti in alluminio HexagonIngresso e aerazione: AbsidePorta in zanzarieraCuffie di ventilazione anteriore, posteriore e su absideSistema di aerazione \u201ccamera air\u201d con zanzarieraTasche interne porta oggettiRegolazione tiranti &quot;Fast Adjustment&quot;Gancio porta lampadaSacca custodia inclusaKit riparazione inclusoIstruzioni video attivabili con QRCodeDimensione chiusa: 17x35cmPeso: 1,95kg\" \/>\n<meta property=\"og:url\" content=\"https:\/\/www.sestogrado.it\/en\/prodotto\/ferrino-lightent-2-pro-tenda-per-due-persone-ultraleggera\/\" \/>\n<meta property=\"og:site_name\" content=\"Sestogrado\" \/>\n<meta property=\"article:publisher\" content=\"https:\/\/www.facebook.com\/pages\/Sestogrado\/1542635979353017?ref=bookmarks\" \/>\n<meta property=\"article:modified_time\" content=\"2026-04-28T21:33:54+00:00\" \/>\n<meta property=\"og:image\" content=\"https:\/\/www.sestogrado.it\/wp-content\/uploads\/2021\/03\/01-9.jpg\" \/>\n\t<meta property=\"og:image:width\" content=\"1400\" \/>\n\t<meta property=\"og:image:height\" content=\"1400\" \/>\n\t<meta property=\"og:image:type\" content=\"image\/jpeg\" \/>\n<meta name=\"twitter:label1\" content=\"Availability\" \/>\n\t<meta name=\"twitter:data1\" content=\"In stock\" \/>\n<script type=\"application\/ld+json\" class=\"yoast-schema-graph\">{\"@context\":\"https:\/\/schema.org\",\"@graph\":[{\"@type\":\"WebPage\",\"@id\":\"https:\/\/www.sestogrado.it\/en\/prodotto\/ferrino-lightent-2-pro-tenda-per-due-persone-ultraleggera\/\",\"url\":\"https:\/\/www.sestogrado.it\/en\/prodotto\/ferrino-lightent-2-pro-tenda-per-due-persone-ultraleggera\/\",\"name\":\"Ferrino Lightent 2 Pro tenda per due persone ultraleggera - Sestogrado\",\"isPartOf\":{\"@id\":\"https:\/\/www.sestogrado.it\/en\/#website\"},\"primaryImageOfPage\":{\"@id\":\"https:\/\/www.sestogrado.it\/en\/prodotto\/ferrino-lightent-2-pro-tenda-per-due-persone-ultraleggera\/#primaryimage\"},\"image\":{\"@id\":\"https:\/\/www.sestogrado.it\/prodotto\/ferrino-lightent-2-pro-tenda-per-due-persone-ultraleggera\/#primaryimage\"},\"thumbnailUrl\":\"https:\/\/www.sestogrado.it\/wp-content\/uploads\/2021\/03\/01-9.jpg\",\"datePublished\":\"2021-03-12T14:38:00+00:00\",\"dateModified\":\"2026-04-28T21:33:54+00:00\",\"description\":\"La Ferrino Lightent 2 Pro \u00e8 una tenda ultracompatta, evoluzione della storica Lightent 2. Come quest'ultima \u00e8 completamente impermeabile con colonna d'acqua di 8.000 sul pavimento e di 3.000 sul tetto. In pi\u00f9 pu\u00f2 essere montata senza la camera, come riparo ultraminimale (1,75kg). Il sistema di paleria esterna permette il montaggio rapido anche in caso di avverse condizioni meteo senza bagnare la camera. Struttura: TunnelMateriali: Doppio tetto in 100% Recycled Poliestere Ripstop 70D, 85 g\/m2, spalmatura poliuretanica, impermeabilit\u00e0 3000mm, idrorepellente, trattato FRInterno in zanzariera trattato FRPavimento in 100% Recycled Poliestere 70D, 95 g\/m2, spalmatura poliuretanica, impermeabilit\u00e0 8.000 mm, trattato FRCuciture nastrate nel doppio tetto e nel pavimento per garantire totale impermeabilit\u00e0Costruzione a tre strati per rinforzare gli angoli del catinoPaleria in lega di alluminio temperato 7001 T6 con caratteristiche di leggerezza, resistenza ed elasticit\u00e02 Pali in duralluminio precollegatiPali in colore differenziato per facilitare il montaggioTenda interna sospesa alla paleria con nastri e olivettePicchetti in alluminio HexagonIngresso e aerazione: AbsidePorta in zanzarieraCuffie di ventilazione anteriore, posteriore e su absideSistema di aerazione \u201ccamera air\u201d con zanzarieraTasche interne porta oggettiRegolazione tiranti \\\"Fast Adjustment\\\"Gancio porta lampadaSacca custodia inclusaKit riparazione inclusoIstruzioni video attivabili con QRCodeDimensione chiusa: 17x35cmPeso: 1,95kg\",\"breadcrumb\":{\"@id\":\"https:\/\/www.sestogrado.it\/en\/prodotto\/ferrino-lightent-2-pro-tenda-per-due-persone-ultraleggera\/#breadcrumb\"},\"inLanguage\":\"en-US\",\"potentialAction\":[{\"@type\":\"ReadAction\",\"target\":[[\"https:\/\/www.sestogrado.it\/en\/prodotto\/ferrino-lightent-2-pro-tenda-per-due-persone-ultraleggera\/\"]]}]},{\"@type\":\"ImageObject\",\"inLanguage\":\"en-US\",\"@id\":\"https:\/\/www.sestogrado.it\/en\/prodotto\/ferrino-lightent-2-pro-tenda-per-due-persone-ultraleggera\/#primaryimage\",\"url\":\"https:\/\/www.sestogrado.it\/wp-content\/uploads\/2021\/03\/01-9.jpg\",\"contentUrl\":\"https:\/\/www.sestogrado.it\/wp-content\/uploads\/2021\/03\/01-9.jpg\",\"width\":1400,\"height\":1400,\"caption\":\"ferrino lightent 2 pro grigio\"},{\"@type\":\"BreadcrumbList\",\"@id\":\"https:\/\/www.sestogrado.it\/en\/prodotto\/ferrino-lightent-2-pro-tenda-per-due-persone-ultraleggera\/#breadcrumb\",\"itemListElement\":[{\"@type\":\"ListItem\",\"position\":1,\"name\":\"Home\",\"item\":\"https:\/\/www.sestogrado.it\/en\/\"},{\"@type\":\"ListItem\",\"position\":2,\"name\":\"Shop\",\"item\":\"https:\/\/www.sestogrado.it\/en\/shop\/\"},{\"@type\":\"ListItem\",\"position\":3,\"name\":\"Ferrino Lightent 2 Pro tenda per due persone ultraleggera\"}]},{\"@type\":\"WebSite\",\"@id\":\"https:\/\/www.sestogrado.it\/en\/#website\",\"url\":\"https:\/\/www.sestogrado.it\/en\/\",\"name\":\"Sestogrado\",\"description\":\"yes we climb\",\"publisher\":{\"@id\":\"https:\/\/www.sestogrado.it\/en\/#organization\"},\"potentialAction\":[{\"@type\":\"SearchAction\",\"target\":{\"@type\":\"EntryPoint\",\"urlTemplate\":\"https:\/\/www.sestogrado.it\/en\/?s={search_term_string}\"},\"query-input\":{\"@type\":\"PropertyValueSpecification\",\"valueRequired\":true,\"valueName\":\"search_term_string\"}}],\"inLanguage\":\"en-US\"},{\"@type\":\"Organization\",\"@id\":\"https:\/\/www.sestogrado.it\/en\/#organization\",\"name\":\"Sestogrado\",\"url\":\"https:\/\/www.sestogrado.it\/en\/\",\"logo\":{\"@type\":\"ImageObject\",\"inLanguage\":\"en-US\",\"@id\":\"https:\/\/www.sestogrado.it\/en\/#\/schema\/logo\/image\/\",\"url\":\"https:\/\/www.sestogrado.it\/wp-content\/uploads\/2015\/03\/sestogrado-favicon.png\",\"contentUrl\":\"https:\/\/www.sestogrado.it\/wp-content\/uploads\/2015\/03\/sestogrado-favicon.png\",\"width\":260,\"height\":260,\"caption\":\"Sestogrado\"},\"image\":{\"@id\":\"https:\/\/www.sestogrado.it\/en\/#\/schema\/logo\/image\/\"},\"sameAs\":[\"https:\/\/www.facebook.com\/pages\/Sestogrado\/1542635979353017?ref=bookmarks\",\"https:\/\/www.youtube.com\/channel\/UC847kAfTkaJsWpc1jtQwr3Q\"],\"hasMerchantReturnPolicy\":{\"@type\":\"MerchantReturnPolicy\",\"merchantReturnLink\":\"https:\/\/www.sestogrado.it\/en\/termini-e-condizioni\/\"}}]}<\/script>\n<meta property=\"product:brand\" content=\"Ferrino\" \/>\n<meta property=\"og:availability\" content=\"instock\" \/>\n<meta property=\"product:availability\" content=\"instock\" \/>\n<meta property=\"product:condition\" content=\"new\" \/>\n<!-- \/ Yoast SEO plugin. -->","yoast_head_json":{"title":"Ferrino Lightent 2 Pro tenda per due persone ultraleggera - Sestogrado","description":"La Ferrino Lightent 2 Pro \u00e8 una tenda ultracompatta, evoluzione della storica Lightent 2. Come quest'ultima \u00e8 completamente impermeabile con colonna d'acqua di 8.000 sul pavimento e di 3.000 sul tetto. In pi\u00f9 pu\u00f2 essere montata senza la camera, come riparo ultraminimale (1,75kg). Il sistema di paleria esterna permette il montaggio rapido anche in caso di avverse condizioni meteo senza bagnare la camera. Struttura: TunnelMateriali: Doppio tetto in 100% Recycled Poliestere Ripstop 70D, 85 g\/m2, spalmatura poliuretanica, impermeabilit\u00e0 3000mm, idrorepellente, trattato FRInterno in zanzariera trattato FRPavimento in 100% Recycled Poliestere 70D, 95 g\/m2, spalmatura poliuretanica, impermeabilit\u00e0 8.000 mm, trattato FRCuciture nastrate nel doppio tetto e nel pavimento per garantire totale impermeabilit\u00e0Costruzione a tre strati per rinforzare gli angoli del catinoPaleria in lega di alluminio temperato 7001 T6 con caratteristiche di leggerezza, resistenza ed elasticit\u00e02 Pali in duralluminio precollegatiPali in colore differenziato per facilitare il montaggioTenda interna sospesa alla paleria con nastri e olivettePicchetti in alluminio HexagonIngresso e aerazione: AbsidePorta in zanzarieraCuffie di ventilazione anteriore, posteriore e su absideSistema di aerazione \u201ccamera air\u201d con zanzarieraTasche interne porta oggettiRegolazione tiranti \"Fast Adjustment\"Gancio porta lampadaSacca custodia inclusaKit riparazione inclusoIstruzioni video attivabili con QRCodeDimensione chiusa: 17x35cmPeso: 1,95kg","robots":{"index":"index","follow":"follow","max-snippet":"max-snippet:-1","max-image-preview":"max-image-preview:large","max-video-preview":"max-video-preview:-1"},"canonical":"https:\/\/www.sestogrado.it\/en\/prodotto\/ferrino-lightent-2-pro-tenda-per-due-persone-ultraleggera\/","og_locale":"en_US","og_type":"article","og_title":"Ferrino Lightent 2 Pro tenda per due persone ultraleggera - Sestogrado","og_description":"La Ferrino Lightent 2 Pro \u00e8 una tenda ultracompatta, evoluzione della storica Lightent 2. Come quest'ultima \u00e8 completamente impermeabile con colonna d'acqua di 8.000 sul pavimento e di 3.000 sul tetto. In pi\u00f9 pu\u00f2 essere montata senza la camera, come riparo ultraminimale (1,75kg). Il sistema di paleria esterna permette il montaggio rapido anche in caso di avverse condizioni meteo senza bagnare la camera. Struttura: TunnelMateriali: Doppio tetto in 100% Recycled Poliestere Ripstop 70D, 85 g\/m2, spalmatura poliuretanica, impermeabilit\u00e0 3000mm, idrorepellente, trattato FRInterno in zanzariera trattato FRPavimento in 100% Recycled Poliestere 70D, 95 g\/m2, spalmatura poliuretanica, impermeabilit\u00e0 8.000 mm, trattato FRCuciture nastrate nel doppio tetto e nel pavimento per garantire totale impermeabilit\u00e0Costruzione a tre strati per rinforzare gli angoli del catinoPaleria in lega di alluminio temperato 7001 T6 con caratteristiche di leggerezza, resistenza ed elasticit\u00e02 Pali in duralluminio precollegatiPali in colore differenziato per facilitare il montaggioTenda interna sospesa alla paleria con nastri e olivettePicchetti in alluminio HexagonIngresso e aerazione: AbsidePorta in zanzarieraCuffie di ventilazione anteriore, posteriore e su absideSistema di aerazione \u201ccamera air\u201d con zanzarieraTasche interne porta oggettiRegolazione tiranti \"Fast Adjustment\"Gancio porta lampadaSacca custodia inclusaKit riparazione inclusoIstruzioni video attivabili con QRCodeDimensione chiusa: 17x35cmPeso: 1,95kg","og_url":"https:\/\/www.sestogrado.it\/en\/prodotto\/ferrino-lightent-2-pro-tenda-per-due-persone-ultraleggera\/","og_site_name":"Sestogrado","article_publisher":"https:\/\/www.facebook.com\/pages\/Sestogrado\/1542635979353017?ref=bookmarks","article_modified_time":"2026-04-28T21:33:54+00:00","og_image":[{"width":1400,"height":1400,"url":"https:\/\/www.sestogrado.it\/wp-content\/uploads\/2021\/03\/01-9.jpg","type":"image\/jpeg"}],"twitter_misc":{"Availability":"In stock"},"schema":{"@context":"https:\/\/schema.org","@graph":[{"@type":"WebPage","@id":"https:\/\/www.sestogrado.it\/en\/prodotto\/ferrino-lightent-2-pro-tenda-per-due-persone-ultraleggera\/","url":"https:\/\/www.sestogrado.it\/en\/prodotto\/ferrino-lightent-2-pro-tenda-per-due-persone-ultraleggera\/","name":"Ferrino Lightent 2 Pro tenda per due persone ultraleggera - Sestogrado","isPartOf":{"@id":"https:\/\/www.sestogrado.it\/en\/#website"},"primaryImageOfPage":{"@id":"https:\/\/www.sestogrado.it\/en\/prodotto\/ferrino-lightent-2-pro-tenda-per-due-persone-ultraleggera\/#primaryimage"},"image":{"@id":"https:\/\/www.sestogrado.it\/prodotto\/ferrino-lightent-2-pro-tenda-per-due-persone-ultraleggera\/#primaryimage"},"thumbnailUrl":"https:\/\/www.sestogrado.it\/wp-content\/uploads\/2021\/03\/01-9.jpg","datePublished":"2021-03-12T14:38:00+00:00","dateModified":"2026-04-28T21:33:54+00:00","description":"La Ferrino Lightent 2 Pro \u00e8 una tenda ultracompatta, evoluzione della storica Lightent 2. Come quest'ultima \u00e8 completamente impermeabile con colonna d'acqua di 8.000 sul pavimento e di 3.000 sul tetto. In pi\u00f9 pu\u00f2 essere montata senza la camera, come riparo ultraminimale (1,75kg). Il sistema di paleria esterna permette il montaggio rapido anche in caso di avverse condizioni meteo senza bagnare la camera. Struttura: TunnelMateriali: Doppio tetto in 100% Recycled Poliestere Ripstop 70D, 85 g\/m2, spalmatura poliuretanica, impermeabilit\u00e0 3000mm, idrorepellente, trattato FRInterno in zanzariera trattato FRPavimento in 100% Recycled Poliestere 70D, 95 g\/m2, spalmatura poliuretanica, impermeabilit\u00e0 8.000 mm, trattato FRCuciture nastrate nel doppio tetto e nel pavimento per garantire totale impermeabilit\u00e0Costruzione a tre strati per rinforzare gli angoli del catinoPaleria in lega di alluminio temperato 7001 T6 con caratteristiche di leggerezza, resistenza ed elasticit\u00e02 Pali in duralluminio precollegatiPali in colore differenziato per facilitare il montaggioTenda interna sospesa alla paleria con nastri e olivettePicchetti in alluminio HexagonIngresso e aerazione: AbsidePorta in zanzarieraCuffie di ventilazione anteriore, posteriore e su absideSistema di aerazione \u201ccamera air\u201d con zanzarieraTasche interne porta oggettiRegolazione tiranti \"Fast Adjustment\"Gancio porta lampadaSacca custodia inclusaKit riparazione inclusoIstruzioni video attivabili con QRCodeDimensione chiusa: 17x35cmPeso: 1,95kg","breadcrumb":{"@id":"https:\/\/www.sestogrado.it\/en\/prodotto\/ferrino-lightent-2-pro-tenda-per-due-persone-ultraleggera\/#breadcrumb"},"inLanguage":"en-US","potentialAction":[{"@type":"ReadAction","target":[["https:\/\/www.sestogrado.it\/en\/prodotto\/ferrino-lightent-2-pro-tenda-per-due-persone-ultraleggera\/"]]}]},{"@type":"ImageObject","inLanguage":"en-US","@id":"https:\/\/www.sestogrado.it\/en\/prodotto\/ferrino-lightent-2-pro-tenda-per-due-persone-ultraleggera\/#primaryimage","url":"https:\/\/www.sestogrado.it\/wp-content\/uploads\/2021\/03\/01-9.jpg","contentUrl":"https:\/\/www.sestogrado.it\/wp-content\/uploads\/2021\/03\/01-9.jpg","width":1400,"height":1400,"caption":"ferrino lightent 2 pro grigio"},{"@type":"BreadcrumbList","@id":"https:\/\/www.sestogrado.it\/en\/prodotto\/ferrino-lightent-2-pro-tenda-per-due-persone-ultraleggera\/#breadcrumb","itemListElement":[{"@type":"ListItem","position":1,"name":"Home","item":"https:\/\/www.sestogrado.it\/en\/"},{"@type":"ListItem","position":2,"name":"Shop","item":"https:\/\/www.sestogrado.it\/en\/shop\/"},{"@type":"ListItem","position":3,"name":"Ferrino Lightent 2 Pro tenda per due persone ultraleggera"}]},{"@type":"WebSite","@id":"https:\/\/www.sestogrado.it\/en\/#website","url":"https:\/\/www.sestogrado.it\/en\/","name":"Sestogrado","description":"yes we climb","publisher":{"@id":"https:\/\/www.sestogrado.it\/en\/#organization"},"potentialAction":[{"@type":"SearchAction","target":{"@type":"EntryPoint","urlTemplate":"https:\/\/www.sestogrado.it\/en\/?s={search_term_string}"},"query-input":{"@type":"PropertyValueSpecification","valueRequired":true,"valueName":"search_term_string"}}],"inLanguage":"en-US"},{"@type":"Organization","@id":"https:\/\/www.sestogrado.it\/en\/#organization","name":"Sestogrado","url":"https:\/\/www.sestogrado.it\/en\/","logo":{"@type":"ImageObject","inLanguage":"en-US","@id":"https:\/\/www.sestogrado.it\/en\/#\/schema\/logo\/image\/","url":"https:\/\/www.sestogrado.it\/wp-content\/uploads\/2015\/03\/sestogrado-favicon.png","contentUrl":"https:\/\/www.sestogrado.it\/wp-content\/uploads\/2015\/03\/sestogrado-favicon.png","width":260,"height":260,"caption":"Sestogrado"},"image":{"@id":"https:\/\/www.sestogrado.it\/en\/#\/schema\/logo\/image\/"},"sameAs":["https:\/\/www.facebook.com\/pages\/Sestogrado\/1542635979353017?ref=bookmarks","https:\/\/www.youtube.com\/channel\/UC847kAfTkaJsWpc1jtQwr3Q"],"hasMerchantReturnPolicy":{"@type":"MerchantReturnPolicy","merchantReturnLink":"https:\/\/www.sestogrado.it\/en\/termini-e-condizioni\/"}}]},"product_brand":"Ferrino","og_availability":"instock","product_availability":"instock","product_condition":"new"},"_links":{"self":[{"href":"https:\/\/www.sestogrado.it\/en\/wp-json\/wp\/v2\/product\/53853","targetHints":{"allow":["GET"]}}],"collection":[{"href":"https:\/\/www.sestogrado.it\/en\/wp-json\/wp\/v2\/product"}],"about":[{"href":"https:\/\/www.sestogrado.it\/en\/wp-json\/wp\/v2\/types\/product"}],"replies":[{"embeddable":true,"href":"https:\/\/www.sestogrado.it\/en\/wp-json\/wp\/v2\/comments?post=53853"}],"wp:featuredmedia":[{"embeddable":true,"href":"https:\/\/www.sestogrado.it\/en\/wp-json\/wp\/v2\/media\/53856"}],"wp:attachment":[{"href":"https:\/\/www.sestogrado.it\/en\/wp-json\/wp\/v2\/media?parent=53853"}],"wp:term":[{"taxonomy":"product_brand","embeddable":true,"href":"https:\/\/www.sestogrado.it\/en\/wp-json\/wp\/v2\/product_brand?post=53853"},{"taxonomy":"product_cat","embeddable":true,"href":"https:\/\/www.sestogrado.it\/en\/wp-json\/wp\/v2\/product_cat?post=53853"},{"taxonomy":"product_tag","embeddable":true,"href":"https:\/\/www.sestogrado.it\/en\/wp-json\/wp\/v2\/product_tag?post=53853"}],"curies":[{"name":"wp","href":"https:\/\/api.w.org\/{rel}","templated":true}]}}