{"id":53676,"date":"2021-03-10T15:39:10","date_gmt":"2021-03-10T14:39:10","guid":{"rendered":"https:\/\/www.sestogrado.it\/?post_type=product&#038;p=53676"},"modified":"2025-12-18T23:58:11","modified_gmt":"2025-12-18T22:58:11","slug":"metolius-contact-trave-arrampicata-training-board","status":"publish","type":"product","link":"https:\/\/www.sestogrado.it\/en\/prodotto\/metolius-contact-trave-arrampicata-training-board\/","title":{"rendered":"Metolius Contact training board"},"content":{"rendered":"<p>Our most deluxe training board with an amazing variety of holds and ergonomic, variable-width pinches. The hold selection includes 11 pockets (2, 3, and 4 fingers &#8211; from tips to 2nd joint), 4 central edges, top mounted jugs, and both rounded and flat slopers. It is ergonomically curved to reduce joint stress and the possibility of injury. The Contact has a fine-grained texture that is skin friendly. Comes with a training guide, comprehensive instructions, and mounting hardware.<\/p>\n<ul>\n<li>CAD\/CAM master for perfect symmetry<\/li>\n<li>Dimensions: 32.5&#8243; x 11&#8243; x 2.625&#8243; (826 mm x 279 mm x 67 mm)<\/li>\n<li>Colors: white\/black swirl<\/li>\n<\/ul>\n<p><\/p>","protected":false},"excerpt":{"rendered":"<p>Our most deluxe training board with an amazing variety of holds and ergonomic, variable-width pinches. The hold selection includes 11 [&hellip;]<\/p>\n","protected":false},"featured_media":53677,"comment_status":"open","ping_status":"closed","template":"","meta":{"_acf_changed":false},"product_brand":[304],"product_cat":[303],"product_tag":[],"class_list":{"0":"post-53676","1":"product","2":"type-product","3":"status-publish","4":"has-post-thumbnail","6":"product_brand-metolius","7":"product_cat-allenamento","9":"first","10":"instock","11":"sale","12":"taxable","13":"shipping-taxable","14":"purchasable","15":"product-type-simple"},"acf":[],"yoast_head":"<!-- This site is optimized with the Yoast SEO plugin v26.4 - https:\/\/yoast.com\/wordpress\/plugins\/seo\/ -->\n<title>Metolius Contact training board - Sestogrado<\/title>\n<meta name=\"description\" content=\"Il Metolius Contact \u00e8 il trave da allenamento per arrampicata pi\u00f9 completo di Metolius, con un&#039;incredibile variet\u00e0 di prese e pinzate a larghezza variabile. La selezione di prese include 11 tasche (2, 3 e 4 dita - dalle punte alla 2a articolazione), 4 bordi centrali, ampie prese in alto e svasi piatti. \u00c8 ergonomicamente curvo per ridurre lo stress articolare e la possibilit\u00e0 di lesioni. Il Metolius Contact ha una texture a grana fine che non irrita la pelle. Viti per il fissaggio incluse.ergonomicamente curvo per ridurre lo stress articolareDimensioni: 826 mm x 279 mm x 67 mmIl Metolius Contact \u00e8 un trave totale, che, grazie alla sua ampia variet\u00e0 di prese, \u00e8 in grado di soddisfare qualunque climber, dal livello intermedio all&#039;avanzato.\" \/>\n<meta name=\"robots\" content=\"index, follow, max-snippet:-1, max-image-preview:large, max-video-preview:-1\" \/>\n<link rel=\"canonical\" href=\"https:\/\/www.sestogrado.it\/en\/prodotto\/metolius-contact-trave-arrampicata-training-board\/\" \/>\n<meta property=\"og:locale\" content=\"en_US\" \/>\n<meta property=\"og:type\" content=\"article\" \/>\n<meta property=\"og:title\" content=\"Metolius Contact training board - Sestogrado\" \/>\n<meta property=\"og:description\" content=\"Il Metolius Contact \u00e8 il trave da allenamento per arrampicata pi\u00f9 completo di Metolius, con un&#039;incredibile variet\u00e0 di prese e pinzate a larghezza variabile. La selezione di prese include 11 tasche (2, 3 e 4 dita - dalle punte alla 2a articolazione), 4 bordi centrali, ampie prese in alto e svasi piatti. \u00c8 ergonomicamente curvo per ridurre lo stress articolare e la possibilit\u00e0 di lesioni. Il Metolius Contact ha una texture a grana fine che non irrita la pelle. Viti per il fissaggio incluse.ergonomicamente curvo per ridurre lo stress articolareDimensioni: 826 mm x 279 mm x 67 mmIl Metolius Contact \u00e8 un trave totale, che, grazie alla sua ampia variet\u00e0 di prese, \u00e8 in grado di soddisfare qualunque climber, dal livello intermedio all&#039;avanzato.\" \/>\n<meta property=\"og:url\" content=\"https:\/\/www.sestogrado.it\/en\/prodotto\/metolius-contact-trave-arrampicata-training-board\/\" \/>\n<meta property=\"og:site_name\" content=\"Sestogrado\" \/>\n<meta property=\"article:publisher\" content=\"https:\/\/www.facebook.com\/pages\/Sestogrado\/1542635979353017?ref=bookmarks\" \/>\n<meta property=\"article:modified_time\" content=\"2025-12-18T22:58:11+00:00\" \/>\n<meta property=\"og:image\" content=\"https:\/\/www.sestogrado.it\/wp-content\/uploads\/2021\/03\/01-8.jpg\" \/>\n\t<meta property=\"og:image:width\" content=\"1100\" \/>\n\t<meta property=\"og:image:height\" content=\"1100\" \/>\n\t<meta property=\"og:image:type\" content=\"image\/jpeg\" \/>\n<meta name=\"twitter:label1\" content=\"Price\" \/>\n\t<meta name=\"twitter:data1\" content=\"&euro;&nbsp;89,00\" \/>\n\t<meta name=\"twitter:label2\" content=\"Availability\" \/>\n\t<meta name=\"twitter:data2\" content=\"In stock\" \/>\n<script type=\"application\/ld+json\" class=\"yoast-schema-graph\">{\"@context\":\"https:\/\/schema.org\",\"@graph\":[{\"@type\":\"WebPage\",\"@id\":\"https:\/\/www.sestogrado.it\/en\/prodotto\/metolius-contact-trave-arrampicata-training-board\/\",\"url\":\"https:\/\/www.sestogrado.it\/en\/prodotto\/metolius-contact-trave-arrampicata-training-board\/\",\"name\":\"Metolius Contact training board - Sestogrado\",\"isPartOf\":{\"@id\":\"https:\/\/www.sestogrado.it\/en\/#website\"},\"primaryImageOfPage\":{\"@id\":\"https:\/\/www.sestogrado.it\/en\/prodotto\/metolius-contact-trave-arrampicata-training-board\/#primaryimage\"},\"image\":{\"@id\":\"https:\/\/www.sestogrado.it\/prodotto\/metolius-contact-trave-arrampicata-training-board\/#primaryimage\"},\"thumbnailUrl\":\"https:\/\/www.sestogrado.it\/wp-content\/uploads\/2021\/03\/01-8.jpg\",\"datePublished\":\"2021-03-10T14:39:10+00:00\",\"dateModified\":\"2025-12-18T22:58:11+00:00\",\"description\":\"Il Metolius Contact \u00e8 il trave da allenamento per arrampicata pi\u00f9 completo di Metolius, con un'incredibile variet\u00e0 di prese e pinzate a larghezza variabile. La selezione di prese include 11 tasche (2, 3 e 4 dita - dalle punte alla 2a articolazione), 4 bordi centrali, ampie prese in alto e svasi piatti. \u00c8 ergonomicamente curvo per ridurre lo stress articolare e la possibilit\u00e0 di lesioni. Il Metolius Contact ha una texture a grana fine che non irrita la pelle. Viti per il fissaggio incluse.ergonomicamente curvo per ridurre lo stress articolareDimensioni: 826 mm x 279 mm x 67 mmIl Metolius Contact \u00e8 un trave totale, che, grazie alla sua ampia variet\u00e0 di prese, \u00e8 in grado di soddisfare qualunque climber, dal livello intermedio all'avanzato.\",\"breadcrumb\":{\"@id\":\"https:\/\/www.sestogrado.it\/en\/prodotto\/metolius-contact-trave-arrampicata-training-board\/#breadcrumb\"},\"inLanguage\":\"en-US\",\"potentialAction\":[{\"@type\":\"ReadAction\",\"target\":[[\"https:\/\/www.sestogrado.it\/en\/prodotto\/metolius-contact-trave-arrampicata-training-board\/\"]]}]},{\"@type\":\"ImageObject\",\"inLanguage\":\"en-US\",\"@id\":\"https:\/\/www.sestogrado.it\/en\/prodotto\/metolius-contact-trave-arrampicata-training-board\/#primaryimage\",\"url\":\"https:\/\/www.sestogrado.it\/wp-content\/uploads\/2021\/03\/01-8.jpg\",\"contentUrl\":\"https:\/\/www.sestogrado.it\/wp-content\/uploads\/2021\/03\/01-8.jpg\",\"width\":1100,\"height\":1100,\"caption\":\"metolius contact\"},{\"@type\":\"BreadcrumbList\",\"@id\":\"https:\/\/www.sestogrado.it\/en\/prodotto\/metolius-contact-trave-arrampicata-training-board\/#breadcrumb\",\"itemListElement\":[{\"@type\":\"ListItem\",\"position\":1,\"name\":\"Home\",\"item\":\"https:\/\/www.sestogrado.it\/en\/\"},{\"@type\":\"ListItem\",\"position\":2,\"name\":\"Shop\",\"item\":\"https:\/\/www.sestogrado.it\/en\/shop\/\"},{\"@type\":\"ListItem\",\"position\":3,\"name\":\"Metolius Contact trave arrampicata training board\"}]},{\"@type\":\"WebSite\",\"@id\":\"https:\/\/www.sestogrado.it\/en\/#website\",\"url\":\"https:\/\/www.sestogrado.it\/en\/\",\"name\":\"Sestogrado\",\"description\":\"yes we climb\",\"publisher\":{\"@id\":\"https:\/\/www.sestogrado.it\/en\/#organization\"},\"potentialAction\":[{\"@type\":\"SearchAction\",\"target\":{\"@type\":\"EntryPoint\",\"urlTemplate\":\"https:\/\/www.sestogrado.it\/en\/?s={search_term_string}\"},\"query-input\":{\"@type\":\"PropertyValueSpecification\",\"valueRequired\":true,\"valueName\":\"search_term_string\"}}],\"inLanguage\":\"en-US\"},{\"@type\":\"Organization\",\"@id\":\"https:\/\/www.sestogrado.it\/en\/#organization\",\"name\":\"Sestogrado\",\"url\":\"https:\/\/www.sestogrado.it\/en\/\",\"logo\":{\"@type\":\"ImageObject\",\"inLanguage\":\"en-US\",\"@id\":\"https:\/\/www.sestogrado.it\/en\/#\/schema\/logo\/image\/\",\"url\":\"https:\/\/www.sestogrado.it\/wp-content\/uploads\/2015\/03\/sestogrado-favicon.png\",\"contentUrl\":\"https:\/\/www.sestogrado.it\/wp-content\/uploads\/2015\/03\/sestogrado-favicon.png\",\"width\":260,\"height\":260,\"caption\":\"Sestogrado\"},\"image\":{\"@id\":\"https:\/\/www.sestogrado.it\/en\/#\/schema\/logo\/image\/\"},\"sameAs\":[\"https:\/\/www.facebook.com\/pages\/Sestogrado\/1542635979353017?ref=bookmarks\",\"https:\/\/www.youtube.com\/channel\/UC847kAfTkaJsWpc1jtQwr3Q\"],\"hasMerchantReturnPolicy\":{\"@type\":\"MerchantReturnPolicy\",\"merchantReturnLink\":\"https:\/\/www.sestogrado.it\/en\/termini-e-condizioni\/\"}}]}<\/script>\n<meta property=\"product:brand\" content=\"Metolius\" \/>\n<meta property=\"product:price:amount\" content=\"89.00\" \/>\n<meta property=\"product:price:currency\" content=\"EUR\" \/>\n<meta property=\"og:availability\" content=\"instock\" \/>\n<meta property=\"product:availability\" content=\"instock\" \/>\n<meta property=\"product:condition\" content=\"new\" \/>\n<!-- \/ Yoast SEO plugin. -->","yoast_head_json":{"title":"Metolius Contact training board - Sestogrado","description":"Il Metolius Contact \u00e8 il trave da allenamento per arrampicata pi\u00f9 completo di Metolius, con un'incredibile variet\u00e0 di prese e pinzate a larghezza variabile. La selezione di prese include 11 tasche (2, 3 e 4 dita - dalle punte alla 2a articolazione), 4 bordi centrali, ampie prese in alto e svasi piatti. \u00c8 ergonomicamente curvo per ridurre lo stress articolare e la possibilit\u00e0 di lesioni. Il Metolius Contact ha una texture a grana fine che non irrita la pelle. Viti per il fissaggio incluse.ergonomicamente curvo per ridurre lo stress articolareDimensioni: 826 mm x 279 mm x 67 mmIl Metolius Contact \u00e8 un trave totale, che, grazie alla sua ampia variet\u00e0 di prese, \u00e8 in grado di soddisfare qualunque climber, dal livello intermedio all'avanzato.","robots":{"index":"index","follow":"follow","max-snippet":"max-snippet:-1","max-image-preview":"max-image-preview:large","max-video-preview":"max-video-preview:-1"},"canonical":"https:\/\/www.sestogrado.it\/en\/prodotto\/metolius-contact-trave-arrampicata-training-board\/","og_locale":"en_US","og_type":"article","og_title":"Metolius Contact training board - Sestogrado","og_description":"Il Metolius Contact \u00e8 il trave da allenamento per arrampicata pi\u00f9 completo di Metolius, con un'incredibile variet\u00e0 di prese e pinzate a larghezza variabile. La selezione di prese include 11 tasche (2, 3 e 4 dita - dalle punte alla 2a articolazione), 4 bordi centrali, ampie prese in alto e svasi piatti. \u00c8 ergonomicamente curvo per ridurre lo stress articolare e la possibilit\u00e0 di lesioni. Il Metolius Contact ha una texture a grana fine che non irrita la pelle. Viti per il fissaggio incluse.ergonomicamente curvo per ridurre lo stress articolareDimensioni: 826 mm x 279 mm x 67 mmIl Metolius Contact \u00e8 un trave totale, che, grazie alla sua ampia variet\u00e0 di prese, \u00e8 in grado di soddisfare qualunque climber, dal livello intermedio all'avanzato.","og_url":"https:\/\/www.sestogrado.it\/en\/prodotto\/metolius-contact-trave-arrampicata-training-board\/","og_site_name":"Sestogrado","article_publisher":"https:\/\/www.facebook.com\/pages\/Sestogrado\/1542635979353017?ref=bookmarks","article_modified_time":"2025-12-18T22:58:11+00:00","og_image":[{"width":1100,"height":1100,"url":"https:\/\/www.sestogrado.it\/wp-content\/uploads\/2021\/03\/01-8.jpg","type":"image\/jpeg"}],"twitter_misc":{"Price":"&euro;&nbsp;89,00","Availability":"In stock"},"schema":{"@context":"https:\/\/schema.org","@graph":[{"@type":"WebPage","@id":"https:\/\/www.sestogrado.it\/en\/prodotto\/metolius-contact-trave-arrampicata-training-board\/","url":"https:\/\/www.sestogrado.it\/en\/prodotto\/metolius-contact-trave-arrampicata-training-board\/","name":"Metolius Contact training board - Sestogrado","isPartOf":{"@id":"https:\/\/www.sestogrado.it\/en\/#website"},"primaryImageOfPage":{"@id":"https:\/\/www.sestogrado.it\/en\/prodotto\/metolius-contact-trave-arrampicata-training-board\/#primaryimage"},"image":{"@id":"https:\/\/www.sestogrado.it\/prodotto\/metolius-contact-trave-arrampicata-training-board\/#primaryimage"},"thumbnailUrl":"https:\/\/www.sestogrado.it\/wp-content\/uploads\/2021\/03\/01-8.jpg","datePublished":"2021-03-10T14:39:10+00:00","dateModified":"2025-12-18T22:58:11+00:00","description":"Il Metolius Contact \u00e8 il trave da allenamento per arrampicata pi\u00f9 completo di Metolius, con un'incredibile variet\u00e0 di prese e pinzate a larghezza variabile. La selezione di prese include 11 tasche (2, 3 e 4 dita - dalle punte alla 2a articolazione), 4 bordi centrali, ampie prese in alto e svasi piatti. \u00c8 ergonomicamente curvo per ridurre lo stress articolare e la possibilit\u00e0 di lesioni. Il Metolius Contact ha una texture a grana fine che non irrita la pelle. Viti per il fissaggio incluse.ergonomicamente curvo per ridurre lo stress articolareDimensioni: 826 mm x 279 mm x 67 mmIl Metolius Contact \u00e8 un trave totale, che, grazie alla sua ampia variet\u00e0 di prese, \u00e8 in grado di soddisfare qualunque climber, dal livello intermedio all'avanzato.","breadcrumb":{"@id":"https:\/\/www.sestogrado.it\/en\/prodotto\/metolius-contact-trave-arrampicata-training-board\/#breadcrumb"},"inLanguage":"en-US","potentialAction":[{"@type":"ReadAction","target":[["https:\/\/www.sestogrado.it\/en\/prodotto\/metolius-contact-trave-arrampicata-training-board\/"]]}]},{"@type":"ImageObject","inLanguage":"en-US","@id":"https:\/\/www.sestogrado.it\/en\/prodotto\/metolius-contact-trave-arrampicata-training-board\/#primaryimage","url":"https:\/\/www.sestogrado.it\/wp-content\/uploads\/2021\/03\/01-8.jpg","contentUrl":"https:\/\/www.sestogrado.it\/wp-content\/uploads\/2021\/03\/01-8.jpg","width":1100,"height":1100,"caption":"metolius contact"},{"@type":"BreadcrumbList","@id":"https:\/\/www.sestogrado.it\/en\/prodotto\/metolius-contact-trave-arrampicata-training-board\/#breadcrumb","itemListElement":[{"@type":"ListItem","position":1,"name":"Home","item":"https:\/\/www.sestogrado.it\/en\/"},{"@type":"ListItem","position":2,"name":"Shop","item":"https:\/\/www.sestogrado.it\/en\/shop\/"},{"@type":"ListItem","position":3,"name":"Metolius Contact trave arrampicata training board"}]},{"@type":"WebSite","@id":"https:\/\/www.sestogrado.it\/en\/#website","url":"https:\/\/www.sestogrado.it\/en\/","name":"Sestogrado","description":"yes we climb","publisher":{"@id":"https:\/\/www.sestogrado.it\/en\/#organization"},"potentialAction":[{"@type":"SearchAction","target":{"@type":"EntryPoint","urlTemplate":"https:\/\/www.sestogrado.it\/en\/?s={search_term_string}"},"query-input":{"@type":"PropertyValueSpecification","valueRequired":true,"valueName":"search_term_string"}}],"inLanguage":"en-US"},{"@type":"Organization","@id":"https:\/\/www.sestogrado.it\/en\/#organization","name":"Sestogrado","url":"https:\/\/www.sestogrado.it\/en\/","logo":{"@type":"ImageObject","inLanguage":"en-US","@id":"https:\/\/www.sestogrado.it\/en\/#\/schema\/logo\/image\/","url":"https:\/\/www.sestogrado.it\/wp-content\/uploads\/2015\/03\/sestogrado-favicon.png","contentUrl":"https:\/\/www.sestogrado.it\/wp-content\/uploads\/2015\/03\/sestogrado-favicon.png","width":260,"height":260,"caption":"Sestogrado"},"image":{"@id":"https:\/\/www.sestogrado.it\/en\/#\/schema\/logo\/image\/"},"sameAs":["https:\/\/www.facebook.com\/pages\/Sestogrado\/1542635979353017?ref=bookmarks","https:\/\/www.youtube.com\/channel\/UC847kAfTkaJsWpc1jtQwr3Q"],"hasMerchantReturnPolicy":{"@type":"MerchantReturnPolicy","merchantReturnLink":"https:\/\/www.sestogrado.it\/en\/termini-e-condizioni\/"}}]},"product_brand":"Metolius","product_price_amount":"89.00","product_price_currency":"EUR","og_availability":"instock","product_availability":"instock","product_condition":"new"},"_links":{"self":[{"href":"https:\/\/www.sestogrado.it\/en\/wp-json\/wp\/v2\/product\/53676","targetHints":{"allow":["GET"]}}],"collection":[{"href":"https:\/\/www.sestogrado.it\/en\/wp-json\/wp\/v2\/product"}],"about":[{"href":"https:\/\/www.sestogrado.it\/en\/wp-json\/wp\/v2\/types\/product"}],"replies":[{"embeddable":true,"href":"https:\/\/www.sestogrado.it\/en\/wp-json\/wp\/v2\/comments?post=53676"}],"wp:featuredmedia":[{"embeddable":true,"href":"https:\/\/www.sestogrado.it\/en\/wp-json\/wp\/v2\/media\/53677"}],"wp:attachment":[{"href":"https:\/\/www.sestogrado.it\/en\/wp-json\/wp\/v2\/media?parent=53676"}],"wp:term":[{"taxonomy":"product_brand","embeddable":true,"href":"https:\/\/www.sestogrado.it\/en\/wp-json\/wp\/v2\/product_brand?post=53676"},{"taxonomy":"product_cat","embeddable":true,"href":"https:\/\/www.sestogrado.it\/en\/wp-json\/wp\/v2\/product_cat?post=53676"},{"taxonomy":"product_tag","embeddable":true,"href":"https:\/\/www.sestogrado.it\/en\/wp-json\/wp\/v2\/product_tag?post=53676"}],"curies":[{"name":"wp","href":"https:\/\/api.w.org\/{rel}","templated":true}]}}