{"id":53026,"date":"2021-03-03T13:04:00","date_gmt":"2021-03-03T12:04:00","guid":{"rendered":"https:\/\/www.sestogrado.it\/?post_type=product&#038;p=53026"},"modified":"2025-12-04T19:52:14","modified_gmt":"2025-12-04T18:52:14","slug":"camp-polimago-sacchetto-portamagnesite","status":"publish","type":"product","link":"https:\/\/www.sestogrado.it\/en\/prodotto\/camp-polimago-sacchetto-portamagnesite\/","title":{"rendered":"Camp Polimag\u00f2 sacchetto portamagnesite"},"content":{"rendered":"<p class=\"qtranxs-available-languages-message qtranxs-available-languages-message-en\">Sorry, this entry is only available in <a href=\"https:\/\/www.sestogrado.it\/it\/wp-json\/wp\/v2\/product\/53026\" class=\"qtranxs-available-language-link qtranxs-available-language-link-it\" title=\"Italiano\">Italiano<\/a>.<\/p>","protected":false},"excerpt":{"rendered":"<p>Sorry, this entry is only available in Italiano.<\/p>\n","protected":false},"featured_media":53029,"comment_status":"open","ping_status":"closed","template":"","meta":{"_acf_changed":false},"product_brand":[31],"product_cat":[742],"product_tag":[],"class_list":{"0":"post-53026","1":"product","2":"type-product","3":"status-publish","4":"has-post-thumbnail","6":"product_brand-camp","7":"product_cat-portamagnesite","9":"first","10":"instock","11":"sale","12":"taxable","13":"shipping-taxable","14":"purchasable","15":"product-type-variable"},"acf":[],"yoast_head":"<!-- This site is optimized with the Yoast SEO plugin v26.4 - https:\/\/yoast.com\/wordpress\/plugins\/seo\/ -->\n<title>Camp Polimag\u00f2 sacchetto portamagnesite - Sestogrado<\/title>\n<meta name=\"description\" content=\"Il Camp Polimag\u00f2 \u00e8 un sacchetto portamagnesite polivalente, adatto anche al boulder grazie al fondo piatto che gli impedisce di rovesciarsi nelle partenze da seduti. Realizzato in tela canvas, \u00e8 disponibile in quattro nuove accattivanti combinazioni di colore.Fondo piatto che impedisce al sacchetto di rovesciarsiBordo superiore rigido per una grande aperturaDoppio passante per la fettuccia da 15 mm (fornita) da fissare alla vita con fibbia a clipAsola portaspazzolinoPeso 90g, capacit\u00e0 1.3LIn tela canvas con patch Chalkemy e 4 nuove combinazioni di coloreI Camp Polimag\u00f2 sono dei sacchetti portamagnesite della nuova linea di magnesite Chalkemy di Camp. Una linea improntata alla qualit\u00e0 ed all&#039;attenzione per la natura ed i materiali. I portamagnesite Polimag\u00f2 sono realizzati in tela canvas, estremamente piacevole e naturale.\" \/>\n<meta name=\"robots\" content=\"index, follow, max-snippet:-1, max-image-preview:large, max-video-preview:-1\" \/>\n<link rel=\"canonical\" href=\"https:\/\/www.sestogrado.it\/en\/prodotto\/camp-polimago-sacchetto-portamagnesite\/\" \/>\n<meta property=\"og:locale\" content=\"en_US\" \/>\n<meta property=\"og:type\" content=\"article\" \/>\n<meta property=\"og:title\" content=\"Camp Polimag\u00f2 sacchetto portamagnesite - Sestogrado\" \/>\n<meta property=\"og:description\" content=\"Il Camp Polimag\u00f2 \u00e8 un sacchetto portamagnesite polivalente, adatto anche al boulder grazie al fondo piatto che gli impedisce di rovesciarsi nelle partenze da seduti. Realizzato in tela canvas, \u00e8 disponibile in quattro nuove accattivanti combinazioni di colore.Fondo piatto che impedisce al sacchetto di rovesciarsiBordo superiore rigido per una grande aperturaDoppio passante per la fettuccia da 15 mm (fornita) da fissare alla vita con fibbia a clipAsola portaspazzolinoPeso 90g, capacit\u00e0 1.3LIn tela canvas con patch Chalkemy e 4 nuove combinazioni di coloreI Camp Polimag\u00f2 sono dei sacchetti portamagnesite della nuova linea di magnesite Chalkemy di Camp. Una linea improntata alla qualit\u00e0 ed all&#039;attenzione per la natura ed i materiali. I portamagnesite Polimag\u00f2 sono realizzati in tela canvas, estremamente piacevole e naturale.\" \/>\n<meta property=\"og:url\" content=\"https:\/\/www.sestogrado.it\/en\/prodotto\/camp-polimago-sacchetto-portamagnesite\/\" \/>\n<meta property=\"og:site_name\" content=\"Sestogrado\" \/>\n<meta property=\"article:publisher\" content=\"https:\/\/www.facebook.com\/pages\/Sestogrado\/1542635979353017?ref=bookmarks\" \/>\n<meta property=\"article:modified_time\" content=\"2025-12-04T18:52:14+00:00\" \/>\n<meta property=\"og:image\" content=\"https:\/\/www.sestogrado.it\/wp-content\/uploads\/2021\/03\/01-2.jpg\" \/>\n\t<meta property=\"og:image:width\" content=\"1200\" \/>\n\t<meta property=\"og:image:height\" content=\"1200\" \/>\n\t<meta property=\"og:image:type\" content=\"image\/jpeg\" \/>\n<meta name=\"twitter:label1\" content=\"Availability\" \/>\n\t<meta name=\"twitter:data1\" content=\"In stock\" \/>\n<script type=\"application\/ld+json\" class=\"yoast-schema-graph\">{\"@context\":\"https:\/\/schema.org\",\"@graph\":[{\"@type\":\"WebPage\",\"@id\":\"https:\/\/www.sestogrado.it\/en\/prodotto\/camp-polimago-sacchetto-portamagnesite\/\",\"url\":\"https:\/\/www.sestogrado.it\/en\/prodotto\/camp-polimago-sacchetto-portamagnesite\/\",\"name\":\"Camp Polimag\u00f2 sacchetto portamagnesite - Sestogrado\",\"isPartOf\":{\"@id\":\"https:\/\/www.sestogrado.it\/en\/#website\"},\"primaryImageOfPage\":{\"@id\":\"https:\/\/www.sestogrado.it\/en\/prodotto\/camp-polimago-sacchetto-portamagnesite\/#primaryimage\"},\"image\":{\"@id\":\"https:\/\/www.sestogrado.it\/prodotto\/camp-polimago-sacchetto-portamagnesite\/#primaryimage\"},\"thumbnailUrl\":\"https:\/\/www.sestogrado.it\/wp-content\/uploads\/2021\/03\/01-2.jpg\",\"datePublished\":\"2021-03-03T12:04:00+00:00\",\"dateModified\":\"2025-12-04T18:52:14+00:00\",\"description\":\"Il Camp Polimag\u00f2 \u00e8 un sacchetto portamagnesite polivalente, adatto anche al boulder grazie al fondo piatto che gli impedisce di rovesciarsi nelle partenze da seduti. Realizzato in tela canvas, \u00e8 disponibile in quattro nuove accattivanti combinazioni di colore.Fondo piatto che impedisce al sacchetto di rovesciarsiBordo superiore rigido per una grande aperturaDoppio passante per la fettuccia da 15 mm (fornita) da fissare alla vita con fibbia a clipAsola portaspazzolinoPeso 90g, capacit\u00e0 1.3LIn tela canvas con patch Chalkemy e 4 nuove combinazioni di coloreI Camp Polimag\u00f2 sono dei sacchetti portamagnesite della nuova linea di magnesite Chalkemy di Camp. Una linea improntata alla qualit\u00e0 ed all'attenzione per la natura ed i materiali. I portamagnesite Polimag\u00f2 sono realizzati in tela canvas, estremamente piacevole e naturale.\",\"breadcrumb\":{\"@id\":\"https:\/\/www.sestogrado.it\/en\/prodotto\/camp-polimago-sacchetto-portamagnesite\/#breadcrumb\"},\"inLanguage\":\"en-US\",\"potentialAction\":[{\"@type\":\"ReadAction\",\"target\":[[\"https:\/\/www.sestogrado.it\/en\/prodotto\/camp-polimago-sacchetto-portamagnesite\/\"]]}]},{\"@type\":\"ImageObject\",\"inLanguage\":\"en-US\",\"@id\":\"https:\/\/www.sestogrado.it\/en\/prodotto\/camp-polimago-sacchetto-portamagnesite\/#primaryimage\",\"url\":\"https:\/\/www.sestogrado.it\/wp-content\/uploads\/2021\/03\/01-2.jpg\",\"contentUrl\":\"https:\/\/www.sestogrado.it\/wp-content\/uploads\/2021\/03\/01-2.jpg\",\"width\":1200,\"height\":1200,\"caption\":\"camp polimag\u00f2 hipster\"},{\"@type\":\"BreadcrumbList\",\"@id\":\"https:\/\/www.sestogrado.it\/en\/prodotto\/camp-polimago-sacchetto-portamagnesite\/#breadcrumb\",\"itemListElement\":[{\"@type\":\"ListItem\",\"position\":1,\"name\":\"Home\",\"item\":\"https:\/\/www.sestogrado.it\/en\/\"},{\"@type\":\"ListItem\",\"position\":2,\"name\":\"Shop\",\"item\":\"https:\/\/www.sestogrado.it\/en\/shop\/\"},{\"@type\":\"ListItem\",\"position\":3,\"name\":\"Camp Polimag\u00f2 sacchetto portamagnesite\"}]},{\"@type\":\"WebSite\",\"@id\":\"https:\/\/www.sestogrado.it\/en\/#website\",\"url\":\"https:\/\/www.sestogrado.it\/en\/\",\"name\":\"Sestogrado\",\"description\":\"yes we climb\",\"publisher\":{\"@id\":\"https:\/\/www.sestogrado.it\/en\/#organization\"},\"potentialAction\":[{\"@type\":\"SearchAction\",\"target\":{\"@type\":\"EntryPoint\",\"urlTemplate\":\"https:\/\/www.sestogrado.it\/en\/?s={search_term_string}\"},\"query-input\":{\"@type\":\"PropertyValueSpecification\",\"valueRequired\":true,\"valueName\":\"search_term_string\"}}],\"inLanguage\":\"en-US\"},{\"@type\":\"Organization\",\"@id\":\"https:\/\/www.sestogrado.it\/en\/#organization\",\"name\":\"Sestogrado\",\"url\":\"https:\/\/www.sestogrado.it\/en\/\",\"logo\":{\"@type\":\"ImageObject\",\"inLanguage\":\"en-US\",\"@id\":\"https:\/\/www.sestogrado.it\/en\/#\/schema\/logo\/image\/\",\"url\":\"https:\/\/www.sestogrado.it\/wp-content\/uploads\/2015\/03\/sestogrado-favicon.png\",\"contentUrl\":\"https:\/\/www.sestogrado.it\/wp-content\/uploads\/2015\/03\/sestogrado-favicon.png\",\"width\":260,\"height\":260,\"caption\":\"Sestogrado\"},\"image\":{\"@id\":\"https:\/\/www.sestogrado.it\/en\/#\/schema\/logo\/image\/\"},\"sameAs\":[\"https:\/\/www.facebook.com\/pages\/Sestogrado\/1542635979353017?ref=bookmarks\",\"https:\/\/www.youtube.com\/channel\/UC847kAfTkaJsWpc1jtQwr3Q\"],\"hasMerchantReturnPolicy\":{\"@type\":\"MerchantReturnPolicy\",\"merchantReturnLink\":\"https:\/\/www.sestogrado.it\/en\/termini-e-condizioni\/\"}}]}<\/script>\n<meta property=\"product:brand\" content=\"Camp\" \/>\n<meta property=\"og:availability\" content=\"instock\" \/>\n<meta property=\"product:availability\" content=\"instock\" \/>\n<meta property=\"product:condition\" content=\"new\" \/>\n<!-- \/ Yoast SEO plugin. -->","yoast_head_json":{"title":"Camp Polimag\u00f2 sacchetto portamagnesite - Sestogrado","description":"Il Camp Polimag\u00f2 \u00e8 un sacchetto portamagnesite polivalente, adatto anche al boulder grazie al fondo piatto che gli impedisce di rovesciarsi nelle partenze da seduti. Realizzato in tela canvas, \u00e8 disponibile in quattro nuove accattivanti combinazioni di colore.Fondo piatto che impedisce al sacchetto di rovesciarsiBordo superiore rigido per una grande aperturaDoppio passante per la fettuccia da 15 mm (fornita) da fissare alla vita con fibbia a clipAsola portaspazzolinoPeso 90g, capacit\u00e0 1.3LIn tela canvas con patch Chalkemy e 4 nuove combinazioni di coloreI Camp Polimag\u00f2 sono dei sacchetti portamagnesite della nuova linea di magnesite Chalkemy di Camp. Una linea improntata alla qualit\u00e0 ed all'attenzione per la natura ed i materiali. I portamagnesite Polimag\u00f2 sono realizzati in tela canvas, estremamente piacevole e naturale.","robots":{"index":"index","follow":"follow","max-snippet":"max-snippet:-1","max-image-preview":"max-image-preview:large","max-video-preview":"max-video-preview:-1"},"canonical":"https:\/\/www.sestogrado.it\/en\/prodotto\/camp-polimago-sacchetto-portamagnesite\/","og_locale":"en_US","og_type":"article","og_title":"Camp Polimag\u00f2 sacchetto portamagnesite - Sestogrado","og_description":"Il Camp Polimag\u00f2 \u00e8 un sacchetto portamagnesite polivalente, adatto anche al boulder grazie al fondo piatto che gli impedisce di rovesciarsi nelle partenze da seduti. Realizzato in tela canvas, \u00e8 disponibile in quattro nuove accattivanti combinazioni di colore.Fondo piatto che impedisce al sacchetto di rovesciarsiBordo superiore rigido per una grande aperturaDoppio passante per la fettuccia da 15 mm (fornita) da fissare alla vita con fibbia a clipAsola portaspazzolinoPeso 90g, capacit\u00e0 1.3LIn tela canvas con patch Chalkemy e 4 nuove combinazioni di coloreI Camp Polimag\u00f2 sono dei sacchetti portamagnesite della nuova linea di magnesite Chalkemy di Camp. Una linea improntata alla qualit\u00e0 ed all'attenzione per la natura ed i materiali. I portamagnesite Polimag\u00f2 sono realizzati in tela canvas, estremamente piacevole e naturale.","og_url":"https:\/\/www.sestogrado.it\/en\/prodotto\/camp-polimago-sacchetto-portamagnesite\/","og_site_name":"Sestogrado","article_publisher":"https:\/\/www.facebook.com\/pages\/Sestogrado\/1542635979353017?ref=bookmarks","article_modified_time":"2025-12-04T18:52:14+00:00","og_image":[{"width":1200,"height":1200,"url":"https:\/\/www.sestogrado.it\/wp-content\/uploads\/2021\/03\/01-2.jpg","type":"image\/jpeg"}],"twitter_misc":{"Availability":"In stock"},"schema":{"@context":"https:\/\/schema.org","@graph":[{"@type":"WebPage","@id":"https:\/\/www.sestogrado.it\/en\/prodotto\/camp-polimago-sacchetto-portamagnesite\/","url":"https:\/\/www.sestogrado.it\/en\/prodotto\/camp-polimago-sacchetto-portamagnesite\/","name":"Camp Polimag\u00f2 sacchetto portamagnesite - Sestogrado","isPartOf":{"@id":"https:\/\/www.sestogrado.it\/en\/#website"},"primaryImageOfPage":{"@id":"https:\/\/www.sestogrado.it\/en\/prodotto\/camp-polimago-sacchetto-portamagnesite\/#primaryimage"},"image":{"@id":"https:\/\/www.sestogrado.it\/prodotto\/camp-polimago-sacchetto-portamagnesite\/#primaryimage"},"thumbnailUrl":"https:\/\/www.sestogrado.it\/wp-content\/uploads\/2021\/03\/01-2.jpg","datePublished":"2021-03-03T12:04:00+00:00","dateModified":"2025-12-04T18:52:14+00:00","description":"Il Camp Polimag\u00f2 \u00e8 un sacchetto portamagnesite polivalente, adatto anche al boulder grazie al fondo piatto che gli impedisce di rovesciarsi nelle partenze da seduti. Realizzato in tela canvas, \u00e8 disponibile in quattro nuove accattivanti combinazioni di colore.Fondo piatto che impedisce al sacchetto di rovesciarsiBordo superiore rigido per una grande aperturaDoppio passante per la fettuccia da 15 mm (fornita) da fissare alla vita con fibbia a clipAsola portaspazzolinoPeso 90g, capacit\u00e0 1.3LIn tela canvas con patch Chalkemy e 4 nuove combinazioni di coloreI Camp Polimag\u00f2 sono dei sacchetti portamagnesite della nuova linea di magnesite Chalkemy di Camp. Una linea improntata alla qualit\u00e0 ed all'attenzione per la natura ed i materiali. I portamagnesite Polimag\u00f2 sono realizzati in tela canvas, estremamente piacevole e naturale.","breadcrumb":{"@id":"https:\/\/www.sestogrado.it\/en\/prodotto\/camp-polimago-sacchetto-portamagnesite\/#breadcrumb"},"inLanguage":"en-US","potentialAction":[{"@type":"ReadAction","target":[["https:\/\/www.sestogrado.it\/en\/prodotto\/camp-polimago-sacchetto-portamagnesite\/"]]}]},{"@type":"ImageObject","inLanguage":"en-US","@id":"https:\/\/www.sestogrado.it\/en\/prodotto\/camp-polimago-sacchetto-portamagnesite\/#primaryimage","url":"https:\/\/www.sestogrado.it\/wp-content\/uploads\/2021\/03\/01-2.jpg","contentUrl":"https:\/\/www.sestogrado.it\/wp-content\/uploads\/2021\/03\/01-2.jpg","width":1200,"height":1200,"caption":"camp polimag\u00f2 hipster"},{"@type":"BreadcrumbList","@id":"https:\/\/www.sestogrado.it\/en\/prodotto\/camp-polimago-sacchetto-portamagnesite\/#breadcrumb","itemListElement":[{"@type":"ListItem","position":1,"name":"Home","item":"https:\/\/www.sestogrado.it\/en\/"},{"@type":"ListItem","position":2,"name":"Shop","item":"https:\/\/www.sestogrado.it\/en\/shop\/"},{"@type":"ListItem","position":3,"name":"Camp Polimag\u00f2 sacchetto portamagnesite"}]},{"@type":"WebSite","@id":"https:\/\/www.sestogrado.it\/en\/#website","url":"https:\/\/www.sestogrado.it\/en\/","name":"Sestogrado","description":"yes we climb","publisher":{"@id":"https:\/\/www.sestogrado.it\/en\/#organization"},"potentialAction":[{"@type":"SearchAction","target":{"@type":"EntryPoint","urlTemplate":"https:\/\/www.sestogrado.it\/en\/?s={search_term_string}"},"query-input":{"@type":"PropertyValueSpecification","valueRequired":true,"valueName":"search_term_string"}}],"inLanguage":"en-US"},{"@type":"Organization","@id":"https:\/\/www.sestogrado.it\/en\/#organization","name":"Sestogrado","url":"https:\/\/www.sestogrado.it\/en\/","logo":{"@type":"ImageObject","inLanguage":"en-US","@id":"https:\/\/www.sestogrado.it\/en\/#\/schema\/logo\/image\/","url":"https:\/\/www.sestogrado.it\/wp-content\/uploads\/2015\/03\/sestogrado-favicon.png","contentUrl":"https:\/\/www.sestogrado.it\/wp-content\/uploads\/2015\/03\/sestogrado-favicon.png","width":260,"height":260,"caption":"Sestogrado"},"image":{"@id":"https:\/\/www.sestogrado.it\/en\/#\/schema\/logo\/image\/"},"sameAs":["https:\/\/www.facebook.com\/pages\/Sestogrado\/1542635979353017?ref=bookmarks","https:\/\/www.youtube.com\/channel\/UC847kAfTkaJsWpc1jtQwr3Q"],"hasMerchantReturnPolicy":{"@type":"MerchantReturnPolicy","merchantReturnLink":"https:\/\/www.sestogrado.it\/en\/termini-e-condizioni\/"}}]},"product_brand":"Camp","og_availability":"instock","product_availability":"instock","product_condition":"new"},"_links":{"self":[{"href":"https:\/\/www.sestogrado.it\/en\/wp-json\/wp\/v2\/product\/53026","targetHints":{"allow":["GET"]}}],"collection":[{"href":"https:\/\/www.sestogrado.it\/en\/wp-json\/wp\/v2\/product"}],"about":[{"href":"https:\/\/www.sestogrado.it\/en\/wp-json\/wp\/v2\/types\/product"}],"replies":[{"embeddable":true,"href":"https:\/\/www.sestogrado.it\/en\/wp-json\/wp\/v2\/comments?post=53026"}],"wp:featuredmedia":[{"embeddable":true,"href":"https:\/\/www.sestogrado.it\/en\/wp-json\/wp\/v2\/media\/53029"}],"wp:attachment":[{"href":"https:\/\/www.sestogrado.it\/en\/wp-json\/wp\/v2\/media?parent=53026"}],"wp:term":[{"taxonomy":"product_brand","embeddable":true,"href":"https:\/\/www.sestogrado.it\/en\/wp-json\/wp\/v2\/product_brand?post=53026"},{"taxonomy":"product_cat","embeddable":true,"href":"https:\/\/www.sestogrado.it\/en\/wp-json\/wp\/v2\/product_cat?post=53026"},{"taxonomy":"product_tag","embeddable":true,"href":"https:\/\/www.sestogrado.it\/en\/wp-json\/wp\/v2\/product_tag?post=53026"}],"curies":[{"name":"wp","href":"https:\/\/api.w.org\/{rel}","templated":true}]}}