{"id":52799,"date":"2025-05-16T08:00:10","date_gmt":"2025-05-16T06:00:10","guid":{"rendered":"https:\/\/www.sestogrado.it\/?post_type=product&#038;p=52799"},"modified":"2026-04-09T16:07:08","modified_gmt":"2026-04-09T14:07:08","slug":"ferrino-finisterre-48-zaino-arrampicata-alpinismo","status":"publish","type":"product","link":"https:\/\/www.sestogrado.it\/en\/prodotto\/ferrino-finisterre-48-zaino-arrampicata-alpinismo\/","title":{"rendered":"Ferrino Finisterre 48 backpack"},"content":{"rendered":"<p>The large-capacity Finisterre 48 is the ideal backpack for hiking and trekking, designed with a linear shape, complete with all of the equipment needed by the more expert user.<\/p>\n<p>Finisterre is Ferrino\u2019s iconic hiking backpack. The materials have been com-pletely\u00a0 renewed\u00a0 and\u00a0 so\u00a0 has\u00a0 the\u00a0 equipment,\u00a0 to\u00a0 give\u00a0 hikers\u00a0 an\u00a0 even\u00a0 better\u00a0 walking\u00a0 and\u00a0 travel\u00a0 experience.\u00a0 Multiple\u00a0 pockets\u00a0 and\u00a0 wide\u00a0 front\u00a0 access\u00a0 for\u00a0 the best possible organisation for gear that keeps everything in easy reach. The\u00a0 back\u00a0 panel\u00a0 is\u00a0 now\u00a0 lighter\u00a0 to\u00a0 guarantee\u00a0 the\u00a0 exceptional\u00a0 breathability\u00a0 and\u00a0 comfy\u00a0 carrying\u00a0 that\u00a0 have\u00a0 always\u00a0 been\u00a0 such\u00a0 an\u00a0 important\u00a0 feature\u00a0 of\u00a0 this model.<\/p>\n<p>&nbsp;<\/p>\n<ul>\n<li>Fabrics:\u00a0100% recycled 420D Honeycomb<\/li>\n<li>Back:\u00a0Back with &#8220;Dry Net System&#8221;: a carrier frame in flexible steel, not only guaran-tees perfect load distribution but also serves to tension the mesh that separates the backpack from the wearer&#8217;s back for excellent breathability.<\/li>\n<li>Pockets:\u00a0In top lid | Security | Front | Side pockets in mesh | On waist belt | Inside pocket in back<\/li>\n<li>Accessories:\u00a0 Wide\u00a0 front\u00a0 access\u00a0 |\u00a0 2\u00a0 pole\/ice\u00a0 axe\u00a0 holders\u00a0 |\u00a0 Snap-on\u00a0 pole\u00a0 holder\u00a0 |\u00a0 Side\u00a0 compression straps | Front gear loops (with additional straps) | Backpack cover inclu-ded | Compatible with the H2 Bag hydration control system<\/li>\n<\/ul>\n<p><\/p>","protected":false},"excerpt":{"rendered":"<p>The large-capacity Finisterre 48 is the ideal backpack for hiking and trekking, designed with a linear shape, complete with all [&hellip;]<\/p>\n","protected":false},"featured_media":191639,"comment_status":"open","ping_status":"closed","template":"","meta":{"_acf_changed":false},"product_brand":[614],"product_cat":[1432],"product_tag":[],"class_list":{"0":"post-52799","1":"product","2":"type-product","3":"status-publish","4":"has-post-thumbnail","6":"product_brand-ferrino","7":"product_cat-escursionismo","9":"first","10":"outofstock","11":"sale","12":"taxable","13":"shipping-taxable","14":"purchasable","15":"product-type-variable"},"acf":[],"yoast_head":"<!-- This site is optimized with the Yoast SEO plugin v26.4 - https:\/\/yoast.com\/wordpress\/plugins\/seo\/ -->\n<title>Ferrino Finisterre 48 backpack - Sestogrado<\/title>\n<meta name=\"description\" content=\"Il Ferrino Finisterre 48 \u00e8 uno zaino da 48 litri, a grande capienza, ideale per l&#039;escursionismo ed il trekking. Ha un profilo lineare compatto ed \u00e8 completo di tutte le dotazioni per gli utilizzatori pi\u00f9 esperti. E&#039; uno zaino adatto a trekking di pi\u00f9 giorni, in grado di portare attrezzatura da rifugio, sacco a pelo, set da ferrata, bastoncini e molto altro materiale.Finisterre 48 \u00e8 lo zaino da hiking icona di Ferrino, completamente rinnovato nei materiali e nelle dotazioni per offrire agli escursionisti un\u2019esperienza di viaggio sempre pi\u00f9 appagante. Le molteplici tasche e il separatore inferiore permettono di organizzare al meglio il materiale e avere sempre tutto a portata di mano. Lo schienale \u00e8 garanzia di eccezionale aerazione e di comfort di trasporto.\" \/>\n<meta name=\"robots\" content=\"index, follow, max-snippet:-1, max-image-preview:large, max-video-preview:-1\" \/>\n<link rel=\"canonical\" href=\"https:\/\/www.sestogrado.it\/en\/prodotto\/ferrino-finisterre-48-zaino-arrampicata-alpinismo\/\" \/>\n<meta property=\"og:locale\" content=\"en_US\" \/>\n<meta property=\"og:type\" content=\"article\" \/>\n<meta property=\"og:title\" content=\"Ferrino Finisterre 48 backpack - Sestogrado\" \/>\n<meta property=\"og:description\" content=\"Il Ferrino Finisterre 48 \u00e8 uno zaino da 48 litri, a grande capienza, ideale per l&#039;escursionismo ed il trekking. Ha un profilo lineare compatto ed \u00e8 completo di tutte le dotazioni per gli utilizzatori pi\u00f9 esperti. E&#039; uno zaino adatto a trekking di pi\u00f9 giorni, in grado di portare attrezzatura da rifugio, sacco a pelo, set da ferrata, bastoncini e molto altro materiale.Finisterre 48 \u00e8 lo zaino da hiking icona di Ferrino, completamente rinnovato nei materiali e nelle dotazioni per offrire agli escursionisti un\u2019esperienza di viaggio sempre pi\u00f9 appagante. Le molteplici tasche e il separatore inferiore permettono di organizzare al meglio il materiale e avere sempre tutto a portata di mano. Lo schienale \u00e8 garanzia di eccezionale aerazione e di comfort di trasporto.\" \/>\n<meta property=\"og:url\" content=\"https:\/\/www.sestogrado.it\/en\/prodotto\/ferrino-finisterre-48-zaino-arrampicata-alpinismo\/\" \/>\n<meta property=\"og:site_name\" content=\"Sestogrado\" \/>\n<meta property=\"article:publisher\" content=\"https:\/\/www.facebook.com\/pages\/Sestogrado\/1542635979353017?ref=bookmarks\" \/>\n<meta property=\"article:modified_time\" content=\"2026-04-09T14:07:08+00:00\" \/>\n<meta property=\"og:image\" content=\"https:\/\/www.sestogrado.it\/wp-content\/uploads\/2022\/07\/01-6.jpg\" \/>\n\t<meta property=\"og:image:width\" content=\"1200\" \/>\n\t<meta property=\"og:image:height\" content=\"1200\" \/>\n\t<meta property=\"og:image:type\" content=\"image\/jpeg\" \/>\n<meta name=\"twitter:label1\" content=\"Availability\" \/>\n\t<meta name=\"twitter:data1\" content=\"Out of stock\" \/>\n<script type=\"application\/ld+json\" class=\"yoast-schema-graph\">{\"@context\":\"https:\/\/schema.org\",\"@graph\":[{\"@type\":\"WebPage\",\"@id\":\"https:\/\/www.sestogrado.it\/en\/prodotto\/ferrino-finisterre-48-zaino-arrampicata-alpinismo\/\",\"url\":\"https:\/\/www.sestogrado.it\/en\/prodotto\/ferrino-finisterre-48-zaino-arrampicata-alpinismo\/\",\"name\":\"Ferrino Finisterre 48 backpack - Sestogrado\",\"isPartOf\":{\"@id\":\"https:\/\/www.sestogrado.it\/en\/#website\"},\"primaryImageOfPage\":{\"@id\":\"https:\/\/www.sestogrado.it\/en\/prodotto\/ferrino-finisterre-48-zaino-arrampicata-alpinismo\/#primaryimage\"},\"image\":{\"@id\":\"https:\/\/www.sestogrado.it\/prodotto\/ferrino-finisterre-48-zaino-arrampicata-alpinismo\/#primaryimage\"},\"thumbnailUrl\":\"https:\/\/www.sestogrado.it\/wp-content\/uploads\/2022\/07\/01-6.jpg\",\"datePublished\":\"2025-05-16T06:00:10+00:00\",\"dateModified\":\"2026-04-09T14:07:08+00:00\",\"description\":\"Il Ferrino Finisterre 48 \u00e8 uno zaino da 48 litri, a grande capienza, ideale per l'escursionismo ed il trekking. Ha un profilo lineare compatto ed \u00e8 completo di tutte le dotazioni per gli utilizzatori pi\u00f9 esperti. E' uno zaino adatto a trekking di pi\u00f9 giorni, in grado di portare attrezzatura da rifugio, sacco a pelo, set da ferrata, bastoncini e molto altro materiale.Finisterre 48 \u00e8 lo zaino da hiking icona di Ferrino, completamente rinnovato nei materiali e nelle dotazioni per offrire agli escursionisti un\u2019esperienza di viaggio sempre pi\u00f9 appagante. Le molteplici tasche e il separatore inferiore permettono di organizzare al meglio il materiale e avere sempre tutto a portata di mano. Lo schienale \u00e8 garanzia di eccezionale aerazione e di comfort di trasporto.\",\"breadcrumb\":{\"@id\":\"https:\/\/www.sestogrado.it\/en\/prodotto\/ferrino-finisterre-48-zaino-arrampicata-alpinismo\/#breadcrumb\"},\"inLanguage\":\"en-US\",\"potentialAction\":[{\"@type\":\"ReadAction\",\"target\":[[\"https:\/\/www.sestogrado.it\/en\/prodotto\/ferrino-finisterre-48-zaino-arrampicata-alpinismo\/\"]]}]},{\"@type\":\"ImageObject\",\"inLanguage\":\"en-US\",\"@id\":\"https:\/\/www.sestogrado.it\/en\/prodotto\/ferrino-finisterre-48-zaino-arrampicata-alpinismo\/#primaryimage\",\"url\":\"https:\/\/www.sestogrado.it\/wp-content\/uploads\/2022\/07\/01-6.jpg\",\"contentUrl\":\"https:\/\/www.sestogrado.it\/wp-content\/uploads\/2022\/07\/01-6.jpg\",\"width\":1200,\"height\":1200,\"caption\":\"finisterre 48 blue\"},{\"@type\":\"BreadcrumbList\",\"@id\":\"https:\/\/www.sestogrado.it\/en\/prodotto\/ferrino-finisterre-48-zaino-arrampicata-alpinismo\/#breadcrumb\",\"itemListElement\":[{\"@type\":\"ListItem\",\"position\":1,\"name\":\"Home\",\"item\":\"https:\/\/www.sestogrado.it\/en\/\"},{\"@type\":\"ListItem\",\"position\":2,\"name\":\"Shop\",\"item\":\"https:\/\/www.sestogrado.it\/en\/shop\/\"},{\"@type\":\"ListItem\",\"position\":3,\"name\":\"Ferrino Finisterre 48 zaino arrampicata alpinismo\"}]},{\"@type\":\"WebSite\",\"@id\":\"https:\/\/www.sestogrado.it\/en\/#website\",\"url\":\"https:\/\/www.sestogrado.it\/en\/\",\"name\":\"Sestogrado\",\"description\":\"yes we climb\",\"publisher\":{\"@id\":\"https:\/\/www.sestogrado.it\/en\/#organization\"},\"potentialAction\":[{\"@type\":\"SearchAction\",\"target\":{\"@type\":\"EntryPoint\",\"urlTemplate\":\"https:\/\/www.sestogrado.it\/en\/?s={search_term_string}\"},\"query-input\":{\"@type\":\"PropertyValueSpecification\",\"valueRequired\":true,\"valueName\":\"search_term_string\"}}],\"inLanguage\":\"en-US\"},{\"@type\":\"Organization\",\"@id\":\"https:\/\/www.sestogrado.it\/en\/#organization\",\"name\":\"Sestogrado\",\"url\":\"https:\/\/www.sestogrado.it\/en\/\",\"logo\":{\"@type\":\"ImageObject\",\"inLanguage\":\"en-US\",\"@id\":\"https:\/\/www.sestogrado.it\/en\/#\/schema\/logo\/image\/\",\"url\":\"https:\/\/www.sestogrado.it\/wp-content\/uploads\/2015\/03\/sestogrado-favicon.png\",\"contentUrl\":\"https:\/\/www.sestogrado.it\/wp-content\/uploads\/2015\/03\/sestogrado-favicon.png\",\"width\":260,\"height\":260,\"caption\":\"Sestogrado\"},\"image\":{\"@id\":\"https:\/\/www.sestogrado.it\/en\/#\/schema\/logo\/image\/\"},\"sameAs\":[\"https:\/\/www.facebook.com\/pages\/Sestogrado\/1542635979353017?ref=bookmarks\",\"https:\/\/www.youtube.com\/channel\/UC847kAfTkaJsWpc1jtQwr3Q\"],\"hasMerchantReturnPolicy\":{\"@type\":\"MerchantReturnPolicy\",\"merchantReturnLink\":\"https:\/\/www.sestogrado.it\/en\/termini-e-condizioni\/\"}}]}<\/script>\n<meta property=\"product:brand\" content=\"Ferrino\" \/>\n<meta property=\"og:availability\" content=\"out of stock\" \/>\n<meta property=\"product:availability\" content=\"out of stock\" \/>\n<meta property=\"product:condition\" content=\"new\" \/>\n<!-- \/ Yoast SEO plugin. -->","yoast_head_json":{"title":"Ferrino Finisterre 48 backpack - Sestogrado","description":"Il Ferrino Finisterre 48 \u00e8 uno zaino da 48 litri, a grande capienza, ideale per l'escursionismo ed il trekking. Ha un profilo lineare compatto ed \u00e8 completo di tutte le dotazioni per gli utilizzatori pi\u00f9 esperti. E' uno zaino adatto a trekking di pi\u00f9 giorni, in grado di portare attrezzatura da rifugio, sacco a pelo, set da ferrata, bastoncini e molto altro materiale.Finisterre 48 \u00e8 lo zaino da hiking icona di Ferrino, completamente rinnovato nei materiali e nelle dotazioni per offrire agli escursionisti un\u2019esperienza di viaggio sempre pi\u00f9 appagante. Le molteplici tasche e il separatore inferiore permettono di organizzare al meglio il materiale e avere sempre tutto a portata di mano. Lo schienale \u00e8 garanzia di eccezionale aerazione e di comfort di trasporto.","robots":{"index":"index","follow":"follow","max-snippet":"max-snippet:-1","max-image-preview":"max-image-preview:large","max-video-preview":"max-video-preview:-1"},"canonical":"https:\/\/www.sestogrado.it\/en\/prodotto\/ferrino-finisterre-48-zaino-arrampicata-alpinismo\/","og_locale":"en_US","og_type":"article","og_title":"Ferrino Finisterre 48 backpack - Sestogrado","og_description":"Il Ferrino Finisterre 48 \u00e8 uno zaino da 48 litri, a grande capienza, ideale per l'escursionismo ed il trekking. Ha un profilo lineare compatto ed \u00e8 completo di tutte le dotazioni per gli utilizzatori pi\u00f9 esperti. E' uno zaino adatto a trekking di pi\u00f9 giorni, in grado di portare attrezzatura da rifugio, sacco a pelo, set da ferrata, bastoncini e molto altro materiale.Finisterre 48 \u00e8 lo zaino da hiking icona di Ferrino, completamente rinnovato nei materiali e nelle dotazioni per offrire agli escursionisti un\u2019esperienza di viaggio sempre pi\u00f9 appagante. Le molteplici tasche e il separatore inferiore permettono di organizzare al meglio il materiale e avere sempre tutto a portata di mano. Lo schienale \u00e8 garanzia di eccezionale aerazione e di comfort di trasporto.","og_url":"https:\/\/www.sestogrado.it\/en\/prodotto\/ferrino-finisterre-48-zaino-arrampicata-alpinismo\/","og_site_name":"Sestogrado","article_publisher":"https:\/\/www.facebook.com\/pages\/Sestogrado\/1542635979353017?ref=bookmarks","article_modified_time":"2026-04-09T14:07:08+00:00","og_image":[{"width":1200,"height":1200,"url":"https:\/\/www.sestogrado.it\/wp-content\/uploads\/2022\/07\/01-6.jpg","type":"image\/jpeg"}],"twitter_misc":{"Availability":"Out of stock"},"schema":{"@context":"https:\/\/schema.org","@graph":[{"@type":"WebPage","@id":"https:\/\/www.sestogrado.it\/en\/prodotto\/ferrino-finisterre-48-zaino-arrampicata-alpinismo\/","url":"https:\/\/www.sestogrado.it\/en\/prodotto\/ferrino-finisterre-48-zaino-arrampicata-alpinismo\/","name":"Ferrino Finisterre 48 backpack - Sestogrado","isPartOf":{"@id":"https:\/\/www.sestogrado.it\/en\/#website"},"primaryImageOfPage":{"@id":"https:\/\/www.sestogrado.it\/en\/prodotto\/ferrino-finisterre-48-zaino-arrampicata-alpinismo\/#primaryimage"},"image":{"@id":"https:\/\/www.sestogrado.it\/prodotto\/ferrino-finisterre-48-zaino-arrampicata-alpinismo\/#primaryimage"},"thumbnailUrl":"https:\/\/www.sestogrado.it\/wp-content\/uploads\/2022\/07\/01-6.jpg","datePublished":"2025-05-16T06:00:10+00:00","dateModified":"2026-04-09T14:07:08+00:00","description":"Il Ferrino Finisterre 48 \u00e8 uno zaino da 48 litri, a grande capienza, ideale per l'escursionismo ed il trekking. Ha un profilo lineare compatto ed \u00e8 completo di tutte le dotazioni per gli utilizzatori pi\u00f9 esperti. E' uno zaino adatto a trekking di pi\u00f9 giorni, in grado di portare attrezzatura da rifugio, sacco a pelo, set da ferrata, bastoncini e molto altro materiale.Finisterre 48 \u00e8 lo zaino da hiking icona di Ferrino, completamente rinnovato nei materiali e nelle dotazioni per offrire agli escursionisti un\u2019esperienza di viaggio sempre pi\u00f9 appagante. Le molteplici tasche e il separatore inferiore permettono di organizzare al meglio il materiale e avere sempre tutto a portata di mano. Lo schienale \u00e8 garanzia di eccezionale aerazione e di comfort di trasporto.","breadcrumb":{"@id":"https:\/\/www.sestogrado.it\/en\/prodotto\/ferrino-finisterre-48-zaino-arrampicata-alpinismo\/#breadcrumb"},"inLanguage":"en-US","potentialAction":[{"@type":"ReadAction","target":[["https:\/\/www.sestogrado.it\/en\/prodotto\/ferrino-finisterre-48-zaino-arrampicata-alpinismo\/"]]}]},{"@type":"ImageObject","inLanguage":"en-US","@id":"https:\/\/www.sestogrado.it\/en\/prodotto\/ferrino-finisterre-48-zaino-arrampicata-alpinismo\/#primaryimage","url":"https:\/\/www.sestogrado.it\/wp-content\/uploads\/2022\/07\/01-6.jpg","contentUrl":"https:\/\/www.sestogrado.it\/wp-content\/uploads\/2022\/07\/01-6.jpg","width":1200,"height":1200,"caption":"finisterre 48 blue"},{"@type":"BreadcrumbList","@id":"https:\/\/www.sestogrado.it\/en\/prodotto\/ferrino-finisterre-48-zaino-arrampicata-alpinismo\/#breadcrumb","itemListElement":[{"@type":"ListItem","position":1,"name":"Home","item":"https:\/\/www.sestogrado.it\/en\/"},{"@type":"ListItem","position":2,"name":"Shop","item":"https:\/\/www.sestogrado.it\/en\/shop\/"},{"@type":"ListItem","position":3,"name":"Ferrino Finisterre 48 zaino arrampicata alpinismo"}]},{"@type":"WebSite","@id":"https:\/\/www.sestogrado.it\/en\/#website","url":"https:\/\/www.sestogrado.it\/en\/","name":"Sestogrado","description":"yes we climb","publisher":{"@id":"https:\/\/www.sestogrado.it\/en\/#organization"},"potentialAction":[{"@type":"SearchAction","target":{"@type":"EntryPoint","urlTemplate":"https:\/\/www.sestogrado.it\/en\/?s={search_term_string}"},"query-input":{"@type":"PropertyValueSpecification","valueRequired":true,"valueName":"search_term_string"}}],"inLanguage":"en-US"},{"@type":"Organization","@id":"https:\/\/www.sestogrado.it\/en\/#organization","name":"Sestogrado","url":"https:\/\/www.sestogrado.it\/en\/","logo":{"@type":"ImageObject","inLanguage":"en-US","@id":"https:\/\/www.sestogrado.it\/en\/#\/schema\/logo\/image\/","url":"https:\/\/www.sestogrado.it\/wp-content\/uploads\/2015\/03\/sestogrado-favicon.png","contentUrl":"https:\/\/www.sestogrado.it\/wp-content\/uploads\/2015\/03\/sestogrado-favicon.png","width":260,"height":260,"caption":"Sestogrado"},"image":{"@id":"https:\/\/www.sestogrado.it\/en\/#\/schema\/logo\/image\/"},"sameAs":["https:\/\/www.facebook.com\/pages\/Sestogrado\/1542635979353017?ref=bookmarks","https:\/\/www.youtube.com\/channel\/UC847kAfTkaJsWpc1jtQwr3Q"],"hasMerchantReturnPolicy":{"@type":"MerchantReturnPolicy","merchantReturnLink":"https:\/\/www.sestogrado.it\/en\/termini-e-condizioni\/"}}]},"product_brand":"Ferrino","og_availability":"out of stock","product_availability":"out of stock","product_condition":"new"},"_links":{"self":[{"href":"https:\/\/www.sestogrado.it\/en\/wp-json\/wp\/v2\/product\/52799","targetHints":{"allow":["GET"]}}],"collection":[{"href":"https:\/\/www.sestogrado.it\/en\/wp-json\/wp\/v2\/product"}],"about":[{"href":"https:\/\/www.sestogrado.it\/en\/wp-json\/wp\/v2\/types\/product"}],"replies":[{"embeddable":true,"href":"https:\/\/www.sestogrado.it\/en\/wp-json\/wp\/v2\/comments?post=52799"}],"wp:featuredmedia":[{"embeddable":true,"href":"https:\/\/www.sestogrado.it\/en\/wp-json\/wp\/v2\/media\/191639"}],"wp:attachment":[{"href":"https:\/\/www.sestogrado.it\/en\/wp-json\/wp\/v2\/media?parent=52799"}],"wp:term":[{"taxonomy":"product_brand","embeddable":true,"href":"https:\/\/www.sestogrado.it\/en\/wp-json\/wp\/v2\/product_brand?post=52799"},{"taxonomy":"product_cat","embeddable":true,"href":"https:\/\/www.sestogrado.it\/en\/wp-json\/wp\/v2\/product_cat?post=52799"},{"taxonomy":"product_tag","embeddable":true,"href":"https:\/\/www.sestogrado.it\/en\/wp-json\/wp\/v2\/product_tag?post=52799"}],"curies":[{"name":"wp","href":"https:\/\/api.w.org\/{rel}","templated":true}]}}