{"id":52366,"date":"2021-03-12T15:06:38","date_gmt":"2021-03-12T14:06:38","guid":{"rendered":"https:\/\/www.sestogrado.it\/?post_type=product&#038;p=52366"},"modified":"2026-04-26T22:18:20","modified_gmt":"2026-04-26T20:18:20","slug":"ferrino-lightent-1-pro-tenda-monoposto-compatta-ultraleggera","status":"publish","type":"product","link":"https:\/\/www.sestogrado.it\/en\/prodotto\/ferrino-lightent-1-pro-tenda-monoposto-compatta-ultraleggera\/","title":{"rendered":"Ferrino Lightent 1 Pro tenda monoposto compatta ultraleggera"},"content":{"rendered":"<p class=\"qtranxs-available-languages-message qtranxs-available-languages-message-en\">Sorry, this entry is only available in <a href=\"https:\/\/www.sestogrado.it\/it\/wp-json\/wp\/v2\/product\/52366\" class=\"qtranxs-available-language-link qtranxs-available-language-link-it\" title=\"Italiano\">Italiano<\/a>.<\/p>","protected":false},"excerpt":{"rendered":"<p>Sorry, this entry is only available in Italiano.<\/p>\n","protected":false},"featured_media":53841,"comment_status":"open","ping_status":"closed","template":"","meta":{"_acf_changed":false},"product_brand":[614],"product_cat":[661],"product_tag":[],"class_list":{"0":"post-52366","1":"product","2":"type-product","3":"status-publish","4":"has-post-thumbnail","6":"product_brand-ferrino","7":"product_cat-tende","9":"first","10":"instock","11":"sale","12":"taxable","13":"shipping-taxable","14":"purchasable","15":"product-type-variable"},"acf":[],"yoast_head":"<!-- This site is optimized with the Yoast SEO plugin v26.4 - https:\/\/yoast.com\/wordpress\/plugins\/seo\/ -->\n<title>Ferrino Lightent 1 Pro tenda monoposto compatta ultraleggera - Sestogrado<\/title>\n<meta name=\"description\" content=\"La Ferrino Lightent 1 Pro \u00e8 una tenda ultracompatta, evoluzione della storica Lightent 1. Come quest&#039;ultima \u00e8 completamente impermeabile con colonna d&#039;acqua di 8.000 sul pavimento e di 3.000 sul tetto. In pi\u00f9 pu\u00f2 essere montata senza la camera, come riparo ultraminimale (1,10kg). Il sistema di paleria esterna permette il montaggio rapido anche in caso di avverse condizioni meteo senza bagnare la camera. Istruzioni video attivabili con QRCodeDimensione chiusa: 15x35cmPeso: 1,53kgLa Ferrino Lightet 1 Pro \u00e8 una tenda compatta e ultraleggera pensata per essere il riparo di trekker, hiker e cicloturisti.\" \/>\n<meta name=\"robots\" content=\"index, follow, max-snippet:-1, max-image-preview:large, max-video-preview:-1\" \/>\n<link rel=\"canonical\" href=\"https:\/\/www.sestogrado.it\/en\/prodotto\/ferrino-lightent-1-pro-tenda-monoposto-compatta-ultraleggera\/\" \/>\n<meta property=\"og:locale\" content=\"en_US\" \/>\n<meta property=\"og:type\" content=\"article\" \/>\n<meta property=\"og:title\" content=\"Ferrino Lightent 1 Pro tenda monoposto compatta ultraleggera - Sestogrado\" \/>\n<meta property=\"og:description\" content=\"La Ferrino Lightent 1 Pro \u00e8 una tenda ultracompatta, evoluzione della storica Lightent 1. Come quest&#039;ultima \u00e8 completamente impermeabile con colonna d&#039;acqua di 8.000 sul pavimento e di 3.000 sul tetto. In pi\u00f9 pu\u00f2 essere montata senza la camera, come riparo ultraminimale (1,10kg). Il sistema di paleria esterna permette il montaggio rapido anche in caso di avverse condizioni meteo senza bagnare la camera. Istruzioni video attivabili con QRCodeDimensione chiusa: 15x35cmPeso: 1,53kgLa Ferrino Lightet 1 Pro \u00e8 una tenda compatta e ultraleggera pensata per essere il riparo di trekker, hiker e cicloturisti.\" \/>\n<meta property=\"og:url\" content=\"https:\/\/www.sestogrado.it\/en\/prodotto\/ferrino-lightent-1-pro-tenda-monoposto-compatta-ultraleggera\/\" \/>\n<meta property=\"og:site_name\" content=\"Sestogrado\" \/>\n<meta property=\"article:publisher\" content=\"https:\/\/www.facebook.com\/pages\/Sestogrado\/1542635979353017?ref=bookmarks\" \/>\n<meta property=\"article:modified_time\" content=\"2026-04-26T20:18:20+00:00\" \/>\n<meta property=\"og:image\" content=\"https:\/\/www.sestogrado.it\/wp-content\/uploads\/2021\/02\/01-11.jpg\" \/>\n\t<meta property=\"og:image:width\" content=\"1400\" \/>\n\t<meta property=\"og:image:height\" content=\"1400\" \/>\n\t<meta property=\"og:image:type\" content=\"image\/jpeg\" \/>\n<meta name=\"twitter:label1\" content=\"Availability\" \/>\n\t<meta name=\"twitter:data1\" content=\"In stock\" \/>\n<script type=\"application\/ld+json\" class=\"yoast-schema-graph\">{\"@context\":\"https:\/\/schema.org\",\"@graph\":[{\"@type\":\"WebPage\",\"@id\":\"https:\/\/www.sestogrado.it\/en\/prodotto\/ferrino-lightent-1-pro-tenda-monoposto-compatta-ultraleggera\/\",\"url\":\"https:\/\/www.sestogrado.it\/en\/prodotto\/ferrino-lightent-1-pro-tenda-monoposto-compatta-ultraleggera\/\",\"name\":\"Ferrino Lightent 1 Pro tenda monoposto compatta ultraleggera - Sestogrado\",\"isPartOf\":{\"@id\":\"https:\/\/www.sestogrado.it\/en\/#website\"},\"primaryImageOfPage\":{\"@id\":\"https:\/\/www.sestogrado.it\/en\/prodotto\/ferrino-lightent-1-pro-tenda-monoposto-compatta-ultraleggera\/#primaryimage\"},\"image\":{\"@id\":\"https:\/\/www.sestogrado.it\/prodotto\/ferrino-lightent-1-pro-tenda-monoposto-compatta-ultraleggera\/#primaryimage\"},\"thumbnailUrl\":\"https:\/\/www.sestogrado.it\/wp-content\/uploads\/2021\/02\/01-11.jpg\",\"datePublished\":\"2021-03-12T14:06:38+00:00\",\"dateModified\":\"2026-04-26T20:18:20+00:00\",\"description\":\"La Ferrino Lightent 1 Pro \u00e8 una tenda ultracompatta, evoluzione della storica Lightent 1. Come quest'ultima \u00e8 completamente impermeabile con colonna d'acqua di 8.000 sul pavimento e di 3.000 sul tetto. In pi\u00f9 pu\u00f2 essere montata senza la camera, come riparo ultraminimale (1,10kg). Il sistema di paleria esterna permette il montaggio rapido anche in caso di avverse condizioni meteo senza bagnare la camera. Istruzioni video attivabili con QRCodeDimensione chiusa: 15x35cmPeso: 1,53kgLa Ferrino Lightet 1 Pro \u00e8 una tenda compatta e ultraleggera pensata per essere il riparo di trekker, hiker e cicloturisti.\",\"breadcrumb\":{\"@id\":\"https:\/\/www.sestogrado.it\/en\/prodotto\/ferrino-lightent-1-pro-tenda-monoposto-compatta-ultraleggera\/#breadcrumb\"},\"inLanguage\":\"en-US\",\"potentialAction\":[{\"@type\":\"ReadAction\",\"target\":[[\"https:\/\/www.sestogrado.it\/en\/prodotto\/ferrino-lightent-1-pro-tenda-monoposto-compatta-ultraleggera\/\"]]}]},{\"@type\":\"ImageObject\",\"inLanguage\":\"en-US\",\"@id\":\"https:\/\/www.sestogrado.it\/en\/prodotto\/ferrino-lightent-1-pro-tenda-monoposto-compatta-ultraleggera\/#primaryimage\",\"url\":\"https:\/\/www.sestogrado.it\/wp-content\/uploads\/2021\/02\/01-11.jpg\",\"contentUrl\":\"https:\/\/www.sestogrado.it\/wp-content\/uploads\/2021\/02\/01-11.jpg\",\"width\":1400,\"height\":1400,\"caption\":\"ferrino lightent pro 1 grigio\"},{\"@type\":\"BreadcrumbList\",\"@id\":\"https:\/\/www.sestogrado.it\/en\/prodotto\/ferrino-lightent-1-pro-tenda-monoposto-compatta-ultraleggera\/#breadcrumb\",\"itemListElement\":[{\"@type\":\"ListItem\",\"position\":1,\"name\":\"Home\",\"item\":\"https:\/\/www.sestogrado.it\/en\/\"},{\"@type\":\"ListItem\",\"position\":2,\"name\":\"Shop\",\"item\":\"https:\/\/www.sestogrado.it\/en\/shop\/\"},{\"@type\":\"ListItem\",\"position\":3,\"name\":\"Ferrino Lightent 1 Pro tenda monoposto compatta ultraleggera\"}]},{\"@type\":\"WebSite\",\"@id\":\"https:\/\/www.sestogrado.it\/en\/#website\",\"url\":\"https:\/\/www.sestogrado.it\/en\/\",\"name\":\"Sestogrado\",\"description\":\"yes we climb\",\"publisher\":{\"@id\":\"https:\/\/www.sestogrado.it\/en\/#organization\"},\"potentialAction\":[{\"@type\":\"SearchAction\",\"target\":{\"@type\":\"EntryPoint\",\"urlTemplate\":\"https:\/\/www.sestogrado.it\/en\/?s={search_term_string}\"},\"query-input\":{\"@type\":\"PropertyValueSpecification\",\"valueRequired\":true,\"valueName\":\"search_term_string\"}}],\"inLanguage\":\"en-US\"},{\"@type\":\"Organization\",\"@id\":\"https:\/\/www.sestogrado.it\/en\/#organization\",\"name\":\"Sestogrado\",\"url\":\"https:\/\/www.sestogrado.it\/en\/\",\"logo\":{\"@type\":\"ImageObject\",\"inLanguage\":\"en-US\",\"@id\":\"https:\/\/www.sestogrado.it\/en\/#\/schema\/logo\/image\/\",\"url\":\"https:\/\/www.sestogrado.it\/wp-content\/uploads\/2015\/03\/sestogrado-favicon.png\",\"contentUrl\":\"https:\/\/www.sestogrado.it\/wp-content\/uploads\/2015\/03\/sestogrado-favicon.png\",\"width\":260,\"height\":260,\"caption\":\"Sestogrado\"},\"image\":{\"@id\":\"https:\/\/www.sestogrado.it\/en\/#\/schema\/logo\/image\/\"},\"sameAs\":[\"https:\/\/www.facebook.com\/pages\/Sestogrado\/1542635979353017?ref=bookmarks\",\"https:\/\/www.youtube.com\/channel\/UC847kAfTkaJsWpc1jtQwr3Q\"],\"hasMerchantReturnPolicy\":{\"@type\":\"MerchantReturnPolicy\",\"merchantReturnLink\":\"https:\/\/www.sestogrado.it\/en\/termini-e-condizioni\/\"}}]}<\/script>\n<meta property=\"product:brand\" content=\"Ferrino\" \/>\n<meta property=\"og:availability\" content=\"instock\" \/>\n<meta property=\"product:availability\" content=\"instock\" \/>\n<meta property=\"product:condition\" content=\"new\" \/>\n<!-- \/ Yoast SEO plugin. -->","yoast_head_json":{"title":"Ferrino Lightent 1 Pro tenda monoposto compatta ultraleggera - Sestogrado","description":"La Ferrino Lightent 1 Pro \u00e8 una tenda ultracompatta, evoluzione della storica Lightent 1. Come quest'ultima \u00e8 completamente impermeabile con colonna d'acqua di 8.000 sul pavimento e di 3.000 sul tetto. In pi\u00f9 pu\u00f2 essere montata senza la camera, come riparo ultraminimale (1,10kg). Il sistema di paleria esterna permette il montaggio rapido anche in caso di avverse condizioni meteo senza bagnare la camera. Istruzioni video attivabili con QRCodeDimensione chiusa: 15x35cmPeso: 1,53kgLa Ferrino Lightet 1 Pro \u00e8 una tenda compatta e ultraleggera pensata per essere il riparo di trekker, hiker e cicloturisti.","robots":{"index":"index","follow":"follow","max-snippet":"max-snippet:-1","max-image-preview":"max-image-preview:large","max-video-preview":"max-video-preview:-1"},"canonical":"https:\/\/www.sestogrado.it\/en\/prodotto\/ferrino-lightent-1-pro-tenda-monoposto-compatta-ultraleggera\/","og_locale":"en_US","og_type":"article","og_title":"Ferrino Lightent 1 Pro tenda monoposto compatta ultraleggera - Sestogrado","og_description":"La Ferrino Lightent 1 Pro \u00e8 una tenda ultracompatta, evoluzione della storica Lightent 1. Come quest'ultima \u00e8 completamente impermeabile con colonna d'acqua di 8.000 sul pavimento e di 3.000 sul tetto. In pi\u00f9 pu\u00f2 essere montata senza la camera, come riparo ultraminimale (1,10kg). Il sistema di paleria esterna permette il montaggio rapido anche in caso di avverse condizioni meteo senza bagnare la camera. Istruzioni video attivabili con QRCodeDimensione chiusa: 15x35cmPeso: 1,53kgLa Ferrino Lightet 1 Pro \u00e8 una tenda compatta e ultraleggera pensata per essere il riparo di trekker, hiker e cicloturisti.","og_url":"https:\/\/www.sestogrado.it\/en\/prodotto\/ferrino-lightent-1-pro-tenda-monoposto-compatta-ultraleggera\/","og_site_name":"Sestogrado","article_publisher":"https:\/\/www.facebook.com\/pages\/Sestogrado\/1542635979353017?ref=bookmarks","article_modified_time":"2026-04-26T20:18:20+00:00","og_image":[{"width":1400,"height":1400,"url":"https:\/\/www.sestogrado.it\/wp-content\/uploads\/2021\/02\/01-11.jpg","type":"image\/jpeg"}],"twitter_misc":{"Availability":"In stock"},"schema":{"@context":"https:\/\/schema.org","@graph":[{"@type":"WebPage","@id":"https:\/\/www.sestogrado.it\/en\/prodotto\/ferrino-lightent-1-pro-tenda-monoposto-compatta-ultraleggera\/","url":"https:\/\/www.sestogrado.it\/en\/prodotto\/ferrino-lightent-1-pro-tenda-monoposto-compatta-ultraleggera\/","name":"Ferrino Lightent 1 Pro tenda monoposto compatta ultraleggera - Sestogrado","isPartOf":{"@id":"https:\/\/www.sestogrado.it\/en\/#website"},"primaryImageOfPage":{"@id":"https:\/\/www.sestogrado.it\/en\/prodotto\/ferrino-lightent-1-pro-tenda-monoposto-compatta-ultraleggera\/#primaryimage"},"image":{"@id":"https:\/\/www.sestogrado.it\/prodotto\/ferrino-lightent-1-pro-tenda-monoposto-compatta-ultraleggera\/#primaryimage"},"thumbnailUrl":"https:\/\/www.sestogrado.it\/wp-content\/uploads\/2021\/02\/01-11.jpg","datePublished":"2021-03-12T14:06:38+00:00","dateModified":"2026-04-26T20:18:20+00:00","description":"La Ferrino Lightent 1 Pro \u00e8 una tenda ultracompatta, evoluzione della storica Lightent 1. Come quest'ultima \u00e8 completamente impermeabile con colonna d'acqua di 8.000 sul pavimento e di 3.000 sul tetto. In pi\u00f9 pu\u00f2 essere montata senza la camera, come riparo ultraminimale (1,10kg). Il sistema di paleria esterna permette il montaggio rapido anche in caso di avverse condizioni meteo senza bagnare la camera. Istruzioni video attivabili con QRCodeDimensione chiusa: 15x35cmPeso: 1,53kgLa Ferrino Lightet 1 Pro \u00e8 una tenda compatta e ultraleggera pensata per essere il riparo di trekker, hiker e cicloturisti.","breadcrumb":{"@id":"https:\/\/www.sestogrado.it\/en\/prodotto\/ferrino-lightent-1-pro-tenda-monoposto-compatta-ultraleggera\/#breadcrumb"},"inLanguage":"en-US","potentialAction":[{"@type":"ReadAction","target":[["https:\/\/www.sestogrado.it\/en\/prodotto\/ferrino-lightent-1-pro-tenda-monoposto-compatta-ultraleggera\/"]]}]},{"@type":"ImageObject","inLanguage":"en-US","@id":"https:\/\/www.sestogrado.it\/en\/prodotto\/ferrino-lightent-1-pro-tenda-monoposto-compatta-ultraleggera\/#primaryimage","url":"https:\/\/www.sestogrado.it\/wp-content\/uploads\/2021\/02\/01-11.jpg","contentUrl":"https:\/\/www.sestogrado.it\/wp-content\/uploads\/2021\/02\/01-11.jpg","width":1400,"height":1400,"caption":"ferrino lightent pro 1 grigio"},{"@type":"BreadcrumbList","@id":"https:\/\/www.sestogrado.it\/en\/prodotto\/ferrino-lightent-1-pro-tenda-monoposto-compatta-ultraleggera\/#breadcrumb","itemListElement":[{"@type":"ListItem","position":1,"name":"Home","item":"https:\/\/www.sestogrado.it\/en\/"},{"@type":"ListItem","position":2,"name":"Shop","item":"https:\/\/www.sestogrado.it\/en\/shop\/"},{"@type":"ListItem","position":3,"name":"Ferrino Lightent 1 Pro tenda monoposto compatta ultraleggera"}]},{"@type":"WebSite","@id":"https:\/\/www.sestogrado.it\/en\/#website","url":"https:\/\/www.sestogrado.it\/en\/","name":"Sestogrado","description":"yes we climb","publisher":{"@id":"https:\/\/www.sestogrado.it\/en\/#organization"},"potentialAction":[{"@type":"SearchAction","target":{"@type":"EntryPoint","urlTemplate":"https:\/\/www.sestogrado.it\/en\/?s={search_term_string}"},"query-input":{"@type":"PropertyValueSpecification","valueRequired":true,"valueName":"search_term_string"}}],"inLanguage":"en-US"},{"@type":"Organization","@id":"https:\/\/www.sestogrado.it\/en\/#organization","name":"Sestogrado","url":"https:\/\/www.sestogrado.it\/en\/","logo":{"@type":"ImageObject","inLanguage":"en-US","@id":"https:\/\/www.sestogrado.it\/en\/#\/schema\/logo\/image\/","url":"https:\/\/www.sestogrado.it\/wp-content\/uploads\/2015\/03\/sestogrado-favicon.png","contentUrl":"https:\/\/www.sestogrado.it\/wp-content\/uploads\/2015\/03\/sestogrado-favicon.png","width":260,"height":260,"caption":"Sestogrado"},"image":{"@id":"https:\/\/www.sestogrado.it\/en\/#\/schema\/logo\/image\/"},"sameAs":["https:\/\/www.facebook.com\/pages\/Sestogrado\/1542635979353017?ref=bookmarks","https:\/\/www.youtube.com\/channel\/UC847kAfTkaJsWpc1jtQwr3Q"],"hasMerchantReturnPolicy":{"@type":"MerchantReturnPolicy","merchantReturnLink":"https:\/\/www.sestogrado.it\/en\/termini-e-condizioni\/"}}]},"product_brand":"Ferrino","og_availability":"instock","product_availability":"instock","product_condition":"new"},"_links":{"self":[{"href":"https:\/\/www.sestogrado.it\/en\/wp-json\/wp\/v2\/product\/52366","targetHints":{"allow":["GET"]}}],"collection":[{"href":"https:\/\/www.sestogrado.it\/en\/wp-json\/wp\/v2\/product"}],"about":[{"href":"https:\/\/www.sestogrado.it\/en\/wp-json\/wp\/v2\/types\/product"}],"replies":[{"embeddable":true,"href":"https:\/\/www.sestogrado.it\/en\/wp-json\/wp\/v2\/comments?post=52366"}],"wp:featuredmedia":[{"embeddable":true,"href":"https:\/\/www.sestogrado.it\/en\/wp-json\/wp\/v2\/media\/53841"}],"wp:attachment":[{"href":"https:\/\/www.sestogrado.it\/en\/wp-json\/wp\/v2\/media?parent=52366"}],"wp:term":[{"taxonomy":"product_brand","embeddable":true,"href":"https:\/\/www.sestogrado.it\/en\/wp-json\/wp\/v2\/product_brand?post=52366"},{"taxonomy":"product_cat","embeddable":true,"href":"https:\/\/www.sestogrado.it\/en\/wp-json\/wp\/v2\/product_cat?post=52366"},{"taxonomy":"product_tag","embeddable":true,"href":"https:\/\/www.sestogrado.it\/en\/wp-json\/wp\/v2\/product_tag?post=52366"}],"curies":[{"name":"wp","href":"https:\/\/api.w.org\/{rel}","templated":true}]}}