{"id":52362,"date":"2021-03-03T15:08:38","date_gmt":"2021-03-03T14:08:38","guid":{"rendered":"https:\/\/www.sestogrado.it\/?post_type=product&#038;p=52362"},"modified":"2026-04-24T12:37:47","modified_gmt":"2026-04-24T10:37:47","slug":"ferrino-lightec-500-duvet-rds-down-saccoletto-sacco-a-pelo-in-piuma","status":"publish","type":"product","link":"https:\/\/www.sestogrado.it\/en\/prodotto\/ferrino-lightec-500-duvet-rds-down-saccoletto-sacco-a-pelo-in-piuma\/","title":{"rendered":"Ferrino Lightec 500 Duvet rds down sleeping bag"},"content":{"rendered":"<p>Lightec 500 Duvet is a compact lightweight down sleeping bag suitable for those who require the most compact, lightweight thermal insulation possible.\u00a0It can be used as an inner bag inside a warmer sleeping bag for greater protection from the cold.<\/p>\n<ul>\n<li><strong>Shell:<\/strong>\u00a0100% Nylon 390T 20D<\/li>\n<li><strong>Liner:<\/strong>\u00a0100% Nylon 390T 20D<\/li>\n<li><strong>Filling:<\/strong>\u00a0Lightec 500: 200 g down 80\/20 550 cuin<\/li>\n<li><strong>Features:<\/strong>\u00a0Thermal comfort around +9\u00b0C | Minimum heat loss, thanks to the staggered seams | Easier opening with the \u201cOne Touch\u201d system\u00a0to open and close the hood from inside the bag, using just one hand\u00a0| 3D shape in the foot area for improved comfort | Cold protection hood\u00a0<strong>\u00a0<\/strong>shaped hood for greater protection of the head from the cold\u00a0| Zip baffle\u00a0internal padded barrier long te zipper to avoid the entry of cold\u00a0| Inside pocket | Stuff sack included | Combined with a highly insulated sleeping bag provides an additional 12\u00b0C to the external temperature and about 8\u00b0C to the temperature limit.<\/li>\n<\/ul>\n<p><\/p>","protected":false},"excerpt":{"rendered":"<p>Lightec 500 Duvet is a compact lightweight down sleeping bag suitable for those who require the most compact, lightweight thermal [&hellip;]<\/p>\n","protected":false},"featured_media":128817,"comment_status":"open","ping_status":"closed","template":"","meta":{"_acf_changed":false},"product_brand":[614],"product_cat":[577],"product_tag":[],"class_list":{"0":"post-52362","1":"product","2":"type-product","3":"status-publish","4":"has-post-thumbnail","6":"product_brand-ferrino","7":"product_cat-sacchi-a-pelo","9":"first","10":"instock","11":"sale","12":"taxable","13":"shipping-taxable","14":"purchasable","15":"product-type-simple"},"acf":[],"yoast_head":"<!-- This site is optimized with the Yoast SEO plugin v26.4 - https:\/\/yoast.com\/wordpress\/plugins\/seo\/ -->\n<title>Ferrino Lightec 500 Duvet rds down sleeping bag - Sestogrado<\/title>\n<meta name=\"description\" content=\"Il Ferrino Lightec 500 Duvet rds down \u00e8 un saccoletto in piuma con temperatura di comfort intorno ai +9\u00b0, estremamente compatto e leggerissimo. Best seller della collezione Duvet di Ferrino, il Lightec 500 \u00e8 ideale per chi richiede un isolamento termico con ingombro e peso minimo. In condizioni estreme pu\u00f2 essere anche utilizzato come sacco interno, accoppiato ad un saccoletto pi\u00f9 termico per ottenere una protezione maggiore dal freddo.\" \/>\n<meta name=\"robots\" content=\"index, follow, max-snippet:-1, max-image-preview:large, max-video-preview:-1\" \/>\n<link rel=\"canonical\" href=\"https:\/\/www.sestogrado.it\/en\/prodotto\/ferrino-lightec-500-duvet-rds-down-saccoletto-sacco-a-pelo-in-piuma\/\" \/>\n<meta property=\"og:locale\" content=\"en_US\" \/>\n<meta property=\"og:type\" content=\"article\" \/>\n<meta property=\"og:title\" content=\"Ferrino Lightec 500 Duvet rds down sleeping bag - Sestogrado\" \/>\n<meta property=\"og:description\" content=\"Il Ferrino Lightec 500 Duvet rds down \u00e8 un saccoletto in piuma con temperatura di comfort intorno ai +9\u00b0, estremamente compatto e leggerissimo. Best seller della collezione Duvet di Ferrino, il Lightec 500 \u00e8 ideale per chi richiede un isolamento termico con ingombro e peso minimo. In condizioni estreme pu\u00f2 essere anche utilizzato come sacco interno, accoppiato ad un saccoletto pi\u00f9 termico per ottenere una protezione maggiore dal freddo.\" \/>\n<meta property=\"og:url\" content=\"https:\/\/www.sestogrado.it\/en\/prodotto\/ferrino-lightec-500-duvet-rds-down-saccoletto-sacco-a-pelo-in-piuma\/\" \/>\n<meta property=\"og:site_name\" content=\"Sestogrado\" \/>\n<meta property=\"article:publisher\" content=\"https:\/\/www.facebook.com\/pages\/Sestogrado\/1542635979353017?ref=bookmarks\" \/>\n<meta property=\"article:modified_time\" content=\"2026-04-24T10:37:47+00:00\" \/>\n<meta property=\"og:image\" content=\"https:\/\/www.sestogrado.it\/wp-content\/uploads\/2021\/03\/01-28.jpg\" \/>\n\t<meta property=\"og:image:width\" content=\"2089\" \/>\n\t<meta property=\"og:image:height\" content=\"2090\" \/>\n\t<meta property=\"og:image:type\" content=\"image\/jpeg\" \/>\n<meta name=\"twitter:label1\" content=\"Price\" \/>\n\t<meta name=\"twitter:data1\" content=\"&euro;&nbsp;179,00\" \/>\n\t<meta name=\"twitter:label2\" content=\"Availability\" \/>\n\t<meta name=\"twitter:data2\" content=\"In stock\" \/>\n<script type=\"application\/ld+json\" class=\"yoast-schema-graph\">{\"@context\":\"https:\/\/schema.org\",\"@graph\":[{\"@type\":\"WebPage\",\"@id\":\"https:\/\/www.sestogrado.it\/en\/prodotto\/ferrino-lightec-500-duvet-rds-down-saccoletto-sacco-a-pelo-in-piuma\/\",\"url\":\"https:\/\/www.sestogrado.it\/en\/prodotto\/ferrino-lightec-500-duvet-rds-down-saccoletto-sacco-a-pelo-in-piuma\/\",\"name\":\"Ferrino Lightec 500 Duvet rds down sleeping bag - Sestogrado\",\"isPartOf\":{\"@id\":\"https:\/\/www.sestogrado.it\/en\/#website\"},\"primaryImageOfPage\":{\"@id\":\"https:\/\/www.sestogrado.it\/en\/prodotto\/ferrino-lightec-500-duvet-rds-down-saccoletto-sacco-a-pelo-in-piuma\/#primaryimage\"},\"image\":{\"@id\":\"https:\/\/www.sestogrado.it\/prodotto\/ferrino-lightec-500-duvet-rds-down-saccoletto-sacco-a-pelo-in-piuma\/#primaryimage\"},\"thumbnailUrl\":\"https:\/\/www.sestogrado.it\/wp-content\/uploads\/2021\/03\/01-28.jpg\",\"datePublished\":\"2021-03-03T14:08:38+00:00\",\"dateModified\":\"2026-04-24T10:37:47+00:00\",\"description\":\"Il Ferrino Lightec 500 Duvet rds down \u00e8 un saccoletto in piuma con temperatura di comfort intorno ai +9\u00b0, estremamente compatto e leggerissimo. Best seller della collezione Duvet di Ferrino, il Lightec 500 \u00e8 ideale per chi richiede un isolamento termico con ingombro e peso minimo. In condizioni estreme pu\u00f2 essere anche utilizzato come sacco interno, accoppiato ad un saccoletto pi\u00f9 termico per ottenere una protezione maggiore dal freddo.\",\"breadcrumb\":{\"@id\":\"https:\/\/www.sestogrado.it\/en\/prodotto\/ferrino-lightec-500-duvet-rds-down-saccoletto-sacco-a-pelo-in-piuma\/#breadcrumb\"},\"inLanguage\":\"en-US\",\"potentialAction\":[{\"@type\":\"ReadAction\",\"target\":[[\"https:\/\/www.sestogrado.it\/en\/prodotto\/ferrino-lightec-500-duvet-rds-down-saccoletto-sacco-a-pelo-in-piuma\/\"]]}]},{\"@type\":\"ImageObject\",\"inLanguage\":\"en-US\",\"@id\":\"https:\/\/www.sestogrado.it\/en\/prodotto\/ferrino-lightec-500-duvet-rds-down-saccoletto-sacco-a-pelo-in-piuma\/#primaryimage\",\"url\":\"https:\/\/www.sestogrado.it\/wp-content\/uploads\/2021\/03\/01-28.jpg\",\"contentUrl\":\"https:\/\/www.sestogrado.it\/wp-content\/uploads\/2021\/03\/01-28.jpg\",\"width\":2089,\"height\":2090,\"caption\":\"duvet 500 giallo\"},{\"@type\":\"BreadcrumbList\",\"@id\":\"https:\/\/www.sestogrado.it\/en\/prodotto\/ferrino-lightec-500-duvet-rds-down-saccoletto-sacco-a-pelo-in-piuma\/#breadcrumb\",\"itemListElement\":[{\"@type\":\"ListItem\",\"position\":1,\"name\":\"Home\",\"item\":\"https:\/\/www.sestogrado.it\/en\/\"},{\"@type\":\"ListItem\",\"position\":2,\"name\":\"Shop\",\"item\":\"https:\/\/www.sestogrado.it\/en\/shop\/\"},{\"@type\":\"ListItem\",\"position\":3,\"name\":\"Ferrino Lightec 500 Duvet rds down saccoletto sacco a pelo in piuma\"}]},{\"@type\":\"WebSite\",\"@id\":\"https:\/\/www.sestogrado.it\/en\/#website\",\"url\":\"https:\/\/www.sestogrado.it\/en\/\",\"name\":\"Sestogrado\",\"description\":\"yes we climb\",\"publisher\":{\"@id\":\"https:\/\/www.sestogrado.it\/en\/#organization\"},\"potentialAction\":[{\"@type\":\"SearchAction\",\"target\":{\"@type\":\"EntryPoint\",\"urlTemplate\":\"https:\/\/www.sestogrado.it\/en\/?s={search_term_string}\"},\"query-input\":{\"@type\":\"PropertyValueSpecification\",\"valueRequired\":true,\"valueName\":\"search_term_string\"}}],\"inLanguage\":\"en-US\"},{\"@type\":\"Organization\",\"@id\":\"https:\/\/www.sestogrado.it\/en\/#organization\",\"name\":\"Sestogrado\",\"url\":\"https:\/\/www.sestogrado.it\/en\/\",\"logo\":{\"@type\":\"ImageObject\",\"inLanguage\":\"en-US\",\"@id\":\"https:\/\/www.sestogrado.it\/en\/#\/schema\/logo\/image\/\",\"url\":\"https:\/\/www.sestogrado.it\/wp-content\/uploads\/2015\/03\/sestogrado-favicon.png\",\"contentUrl\":\"https:\/\/www.sestogrado.it\/wp-content\/uploads\/2015\/03\/sestogrado-favicon.png\",\"width\":260,\"height\":260,\"caption\":\"Sestogrado\"},\"image\":{\"@id\":\"https:\/\/www.sestogrado.it\/en\/#\/schema\/logo\/image\/\"},\"sameAs\":[\"https:\/\/www.facebook.com\/pages\/Sestogrado\/1542635979353017?ref=bookmarks\",\"https:\/\/www.youtube.com\/channel\/UC847kAfTkaJsWpc1jtQwr3Q\"],\"hasMerchantReturnPolicy\":{\"@type\":\"MerchantReturnPolicy\",\"merchantReturnLink\":\"https:\/\/www.sestogrado.it\/en\/termini-e-condizioni\/\"}}]}<\/script>\n<meta property=\"product:brand\" content=\"Ferrino\" \/>\n<meta property=\"product:price:amount\" content=\"179.00\" \/>\n<meta property=\"product:price:currency\" content=\"EUR\" \/>\n<meta property=\"og:availability\" content=\"instock\" \/>\n<meta property=\"product:availability\" content=\"instock\" \/>\n<meta property=\"product:condition\" content=\"new\" \/>\n<!-- \/ Yoast SEO plugin. -->","yoast_head_json":{"title":"Ferrino Lightec 500 Duvet rds down sleeping bag - Sestogrado","description":"Il Ferrino Lightec 500 Duvet rds down \u00e8 un saccoletto in piuma con temperatura di comfort intorno ai +9\u00b0, estremamente compatto e leggerissimo. Best seller della collezione Duvet di Ferrino, il Lightec 500 \u00e8 ideale per chi richiede un isolamento termico con ingombro e peso minimo. In condizioni estreme pu\u00f2 essere anche utilizzato come sacco interno, accoppiato ad un saccoletto pi\u00f9 termico per ottenere una protezione maggiore dal freddo.","robots":{"index":"index","follow":"follow","max-snippet":"max-snippet:-1","max-image-preview":"max-image-preview:large","max-video-preview":"max-video-preview:-1"},"canonical":"https:\/\/www.sestogrado.it\/en\/prodotto\/ferrino-lightec-500-duvet-rds-down-saccoletto-sacco-a-pelo-in-piuma\/","og_locale":"en_US","og_type":"article","og_title":"Ferrino Lightec 500 Duvet rds down sleeping bag - Sestogrado","og_description":"Il Ferrino Lightec 500 Duvet rds down \u00e8 un saccoletto in piuma con temperatura di comfort intorno ai +9\u00b0, estremamente compatto e leggerissimo. Best seller della collezione Duvet di Ferrino, il Lightec 500 \u00e8 ideale per chi richiede un isolamento termico con ingombro e peso minimo. In condizioni estreme pu\u00f2 essere anche utilizzato come sacco interno, accoppiato ad un saccoletto pi\u00f9 termico per ottenere una protezione maggiore dal freddo.","og_url":"https:\/\/www.sestogrado.it\/en\/prodotto\/ferrino-lightec-500-duvet-rds-down-saccoletto-sacco-a-pelo-in-piuma\/","og_site_name":"Sestogrado","article_publisher":"https:\/\/www.facebook.com\/pages\/Sestogrado\/1542635979353017?ref=bookmarks","article_modified_time":"2026-04-24T10:37:47+00:00","og_image":[{"width":2089,"height":2090,"url":"https:\/\/www.sestogrado.it\/wp-content\/uploads\/2021\/03\/01-28.jpg","type":"image\/jpeg"}],"twitter_misc":{"Price":"&euro;&nbsp;179,00","Availability":"In stock"},"schema":{"@context":"https:\/\/schema.org","@graph":[{"@type":"WebPage","@id":"https:\/\/www.sestogrado.it\/en\/prodotto\/ferrino-lightec-500-duvet-rds-down-saccoletto-sacco-a-pelo-in-piuma\/","url":"https:\/\/www.sestogrado.it\/en\/prodotto\/ferrino-lightec-500-duvet-rds-down-saccoletto-sacco-a-pelo-in-piuma\/","name":"Ferrino Lightec 500 Duvet rds down sleeping bag - Sestogrado","isPartOf":{"@id":"https:\/\/www.sestogrado.it\/en\/#website"},"primaryImageOfPage":{"@id":"https:\/\/www.sestogrado.it\/en\/prodotto\/ferrino-lightec-500-duvet-rds-down-saccoletto-sacco-a-pelo-in-piuma\/#primaryimage"},"image":{"@id":"https:\/\/www.sestogrado.it\/prodotto\/ferrino-lightec-500-duvet-rds-down-saccoletto-sacco-a-pelo-in-piuma\/#primaryimage"},"thumbnailUrl":"https:\/\/www.sestogrado.it\/wp-content\/uploads\/2021\/03\/01-28.jpg","datePublished":"2021-03-03T14:08:38+00:00","dateModified":"2026-04-24T10:37:47+00:00","description":"Il Ferrino Lightec 500 Duvet rds down \u00e8 un saccoletto in piuma con temperatura di comfort intorno ai +9\u00b0, estremamente compatto e leggerissimo. Best seller della collezione Duvet di Ferrino, il Lightec 500 \u00e8 ideale per chi richiede un isolamento termico con ingombro e peso minimo. In condizioni estreme pu\u00f2 essere anche utilizzato come sacco interno, accoppiato ad un saccoletto pi\u00f9 termico per ottenere una protezione maggiore dal freddo.","breadcrumb":{"@id":"https:\/\/www.sestogrado.it\/en\/prodotto\/ferrino-lightec-500-duvet-rds-down-saccoletto-sacco-a-pelo-in-piuma\/#breadcrumb"},"inLanguage":"en-US","potentialAction":[{"@type":"ReadAction","target":[["https:\/\/www.sestogrado.it\/en\/prodotto\/ferrino-lightec-500-duvet-rds-down-saccoletto-sacco-a-pelo-in-piuma\/"]]}]},{"@type":"ImageObject","inLanguage":"en-US","@id":"https:\/\/www.sestogrado.it\/en\/prodotto\/ferrino-lightec-500-duvet-rds-down-saccoletto-sacco-a-pelo-in-piuma\/#primaryimage","url":"https:\/\/www.sestogrado.it\/wp-content\/uploads\/2021\/03\/01-28.jpg","contentUrl":"https:\/\/www.sestogrado.it\/wp-content\/uploads\/2021\/03\/01-28.jpg","width":2089,"height":2090,"caption":"duvet 500 giallo"},{"@type":"BreadcrumbList","@id":"https:\/\/www.sestogrado.it\/en\/prodotto\/ferrino-lightec-500-duvet-rds-down-saccoletto-sacco-a-pelo-in-piuma\/#breadcrumb","itemListElement":[{"@type":"ListItem","position":1,"name":"Home","item":"https:\/\/www.sestogrado.it\/en\/"},{"@type":"ListItem","position":2,"name":"Shop","item":"https:\/\/www.sestogrado.it\/en\/shop\/"},{"@type":"ListItem","position":3,"name":"Ferrino Lightec 500 Duvet rds down saccoletto sacco a pelo in piuma"}]},{"@type":"WebSite","@id":"https:\/\/www.sestogrado.it\/en\/#website","url":"https:\/\/www.sestogrado.it\/en\/","name":"Sestogrado","description":"yes we climb","publisher":{"@id":"https:\/\/www.sestogrado.it\/en\/#organization"},"potentialAction":[{"@type":"SearchAction","target":{"@type":"EntryPoint","urlTemplate":"https:\/\/www.sestogrado.it\/en\/?s={search_term_string}"},"query-input":{"@type":"PropertyValueSpecification","valueRequired":true,"valueName":"search_term_string"}}],"inLanguage":"en-US"},{"@type":"Organization","@id":"https:\/\/www.sestogrado.it\/en\/#organization","name":"Sestogrado","url":"https:\/\/www.sestogrado.it\/en\/","logo":{"@type":"ImageObject","inLanguage":"en-US","@id":"https:\/\/www.sestogrado.it\/en\/#\/schema\/logo\/image\/","url":"https:\/\/www.sestogrado.it\/wp-content\/uploads\/2015\/03\/sestogrado-favicon.png","contentUrl":"https:\/\/www.sestogrado.it\/wp-content\/uploads\/2015\/03\/sestogrado-favicon.png","width":260,"height":260,"caption":"Sestogrado"},"image":{"@id":"https:\/\/www.sestogrado.it\/en\/#\/schema\/logo\/image\/"},"sameAs":["https:\/\/www.facebook.com\/pages\/Sestogrado\/1542635979353017?ref=bookmarks","https:\/\/www.youtube.com\/channel\/UC847kAfTkaJsWpc1jtQwr3Q"],"hasMerchantReturnPolicy":{"@type":"MerchantReturnPolicy","merchantReturnLink":"https:\/\/www.sestogrado.it\/en\/termini-e-condizioni\/"}}]},"product_brand":"Ferrino","product_price_amount":"179.00","product_price_currency":"EUR","og_availability":"instock","product_availability":"instock","product_condition":"new"},"_links":{"self":[{"href":"https:\/\/www.sestogrado.it\/en\/wp-json\/wp\/v2\/product\/52362","targetHints":{"allow":["GET"]}}],"collection":[{"href":"https:\/\/www.sestogrado.it\/en\/wp-json\/wp\/v2\/product"}],"about":[{"href":"https:\/\/www.sestogrado.it\/en\/wp-json\/wp\/v2\/types\/product"}],"replies":[{"embeddable":true,"href":"https:\/\/www.sestogrado.it\/en\/wp-json\/wp\/v2\/comments?post=52362"}],"wp:featuredmedia":[{"embeddable":true,"href":"https:\/\/www.sestogrado.it\/en\/wp-json\/wp\/v2\/media\/128817"}],"wp:attachment":[{"href":"https:\/\/www.sestogrado.it\/en\/wp-json\/wp\/v2\/media?parent=52362"}],"wp:term":[{"taxonomy":"product_brand","embeddable":true,"href":"https:\/\/www.sestogrado.it\/en\/wp-json\/wp\/v2\/product_brand?post=52362"},{"taxonomy":"product_cat","embeddable":true,"href":"https:\/\/www.sestogrado.it\/en\/wp-json\/wp\/v2\/product_cat?post=52362"},{"taxonomy":"product_tag","embeddable":true,"href":"https:\/\/www.sestogrado.it\/en\/wp-json\/wp\/v2\/product_tag?post=52362"}],"curies":[{"name":"wp","href":"https:\/\/api.w.org\/{rel}","templated":true}]}}