{"id":49855,"date":"2021-01-27T11:26:12","date_gmt":"2021-01-27T10:26:12","guid":{"rendered":"https:\/\/www.sestogrado.it\/?post_type=product&#038;p=49855"},"modified":"2026-04-01T13:39:46","modified_gmt":"2026-04-01T11:39:46","slug":"beal-cordino-in-nylon-4-mm-alpinismo-al-metro","status":"publish","type":"product","link":"https:\/\/www.sestogrado.it\/en\/prodotto\/beal-cordino-in-nylon-4-mm-alpinismo-al-metro\/","title":{"rendered":"Beal 4mm nylon cordelette semistatic cord"},"content":{"rendered":"<p>The 4 mm Nylon cordelette statistic cord is compliant with the <strong>UIAA and EN564 regulations<\/strong> for the mountaineering field use and is particularly suitable to realize pedals, secondary anchors, transport of material, etc.<\/p>\n<p>The 4mm Nylon cordelette statistic cord can be purchased by meter: <strong>1 meter corresponds to 1 unit<\/strong>.<\/p>\n<p>If you want more pieces, purchase the total quantity and then enter the desired lengths and cuts in the <strong>extra info of your order<\/strong>.<\/p>\n<p><em>Example: You need 10m of yellow nylon\u00a0 cordelette: in the notes you write &#8220;two 5m yellow cordelette&#8221;.<\/em><\/p>\n<ul>\n<li>Standard: EN 564<\/li>\n<li>Diameter: 4mm<\/li>\n<li>Material: Polyamide<\/li>\n<li>Weight per meter: 11 g<\/li>\n<li>Breaking load: 400 daN (kg)<\/li>\n<li>Certification: CE | UIAA<\/li>\n<li>Breaking tests carried out internally not covered by any certification: 530 daN (kg)<\/li>\n<\/ul>\n<p><\/p>","protected":false},"excerpt":{"rendered":"<p>The 4 mm Nylon cordelette statistic cord is compliant with the UIAA and EN564 regulations for the mountaineering field use [&hellip;]<\/p>\n","protected":false},"featured_media":49856,"comment_status":"open","ping_status":"closed","template":"","meta":{"_acf_changed":false},"product_brand":[84],"product_cat":[137],"product_tag":[],"class_list":{"0":"post-49855","1":"product","2":"type-product","3":"status-publish","4":"has-post-thumbnail","6":"product_brand-beal","7":"product_cat-fettucce-e-cordini","9":"first","10":"instock","11":"sale","12":"taxable","13":"shipping-taxable","14":"purchasable","15":"product-type-variable"},"acf":[],"yoast_head":"<!-- This site is optimized with the Yoast SEO plugin v26.4 - https:\/\/yoast.com\/wordpress\/plugins\/seo\/ -->\n<title>Beal 4mm nylon cordelette semistatic cord - Sestogrado<\/title>\n<meta name=\"description\" content=\"Il cordino in Nylon 4mm \u00e8 un cordino conforme alla normativa UIAA e EN564 per utilizzo in ambito alpinistico ed \u00e8 particolarmente indicato per la realizzazione di pedali, ancoraggi secondari, trasporto di materiale, etc.Il cordino \u00e8 acquistabile al metro, ogni unit\u00e0 \u00e8 un metro.\u00a0Se si desiderano pi\u00f9 spezzoni, acquistare la quantit\u00e0 totale e poi nelle note dell\u2019ordine inserire le lunghezze e i tagli desiderati.Es: acquisto 10m di cordino giallo e nelle note indico &quot;due cordini da 5m l&#039;uno&quot;.\" \/>\n<meta name=\"robots\" content=\"index, follow, max-snippet:-1, max-image-preview:large, max-video-preview:-1\" \/>\n<link rel=\"canonical\" href=\"https:\/\/www.sestogrado.it\/en\/prodotto\/beal-cordino-in-nylon-4-mm-alpinismo-al-metro\/\" \/>\n<meta property=\"og:locale\" content=\"en_US\" \/>\n<meta property=\"og:type\" content=\"article\" \/>\n<meta property=\"og:title\" content=\"Beal 4mm nylon cordelette semistatic cord - Sestogrado\" \/>\n<meta property=\"og:description\" content=\"Il cordino in Nylon 4mm \u00e8 un cordino conforme alla normativa UIAA e EN564 per utilizzo in ambito alpinistico ed \u00e8 particolarmente indicato per la realizzazione di pedali, ancoraggi secondari, trasporto di materiale, etc.Il cordino \u00e8 acquistabile al metro, ogni unit\u00e0 \u00e8 un metro.\u00a0Se si desiderano pi\u00f9 spezzoni, acquistare la quantit\u00e0 totale e poi nelle note dell\u2019ordine inserire le lunghezze e i tagli desiderati.Es: acquisto 10m di cordino giallo e nelle note indico &quot;due cordini da 5m l&#039;uno&quot;.\" \/>\n<meta property=\"og:url\" content=\"https:\/\/www.sestogrado.it\/en\/prodotto\/beal-cordino-in-nylon-4-mm-alpinismo-al-metro\/\" \/>\n<meta property=\"og:site_name\" content=\"Sestogrado\" \/>\n<meta property=\"article:publisher\" content=\"https:\/\/www.facebook.com\/pages\/Sestogrado\/1542635979353017?ref=bookmarks\" \/>\n<meta property=\"article:modified_time\" content=\"2026-04-01T11:39:46+00:00\" \/>\n<meta property=\"og:image\" content=\"https:\/\/www.sestogrado.it\/wp-content\/uploads\/2021\/01\/BC04.120.Y.png\" \/>\n\t<meta property=\"og:image:width\" content=\"800\" \/>\n\t<meta property=\"og:image:height\" content=\"800\" \/>\n\t<meta property=\"og:image:type\" content=\"image\/png\" \/>\n<meta name=\"twitter:label1\" content=\"Availability\" \/>\n\t<meta name=\"twitter:data1\" content=\"In stock\" \/>\n<script type=\"application\/ld+json\" class=\"yoast-schema-graph\">{\"@context\":\"https:\/\/schema.org\",\"@graph\":[{\"@type\":\"WebPage\",\"@id\":\"https:\/\/www.sestogrado.it\/en\/prodotto\/beal-cordino-in-nylon-4-mm-alpinismo-al-metro\/\",\"url\":\"https:\/\/www.sestogrado.it\/en\/prodotto\/beal-cordino-in-nylon-4-mm-alpinismo-al-metro\/\",\"name\":\"Beal 4mm nylon cordelette semistatic cord - Sestogrado\",\"isPartOf\":{\"@id\":\"https:\/\/www.sestogrado.it\/en\/#website\"},\"primaryImageOfPage\":{\"@id\":\"https:\/\/www.sestogrado.it\/en\/prodotto\/beal-cordino-in-nylon-4-mm-alpinismo-al-metro\/#primaryimage\"},\"image\":{\"@id\":\"https:\/\/www.sestogrado.it\/prodotto\/beal-cordino-in-nylon-4-mm-alpinismo-al-metro\/#primaryimage\"},\"thumbnailUrl\":\"https:\/\/www.sestogrado.it\/wp-content\/uploads\/2021\/01\/BC04.120.Y.png\",\"datePublished\":\"2021-01-27T10:26:12+00:00\",\"dateModified\":\"2026-04-01T11:39:46+00:00\",\"description\":\"Il cordino in Nylon 4mm \u00e8 un cordino conforme alla normativa UIAA e EN564 per utilizzo in ambito alpinistico ed \u00e8 particolarmente indicato per la realizzazione di pedali, ancoraggi secondari, trasporto di materiale, etc.Il cordino \u00e8 acquistabile al metro, ogni unit\u00e0 \u00e8 un metro.\u00a0Se si desiderano pi\u00f9 spezzoni, acquistare la quantit\u00e0 totale e poi nelle note dell\u2019ordine inserire le lunghezze e i tagli desiderati.Es: acquisto 10m di cordino giallo e nelle note indico \\\"due cordini da 5m l'uno\\\".\",\"breadcrumb\":{\"@id\":\"https:\/\/www.sestogrado.it\/en\/prodotto\/beal-cordino-in-nylon-4-mm-alpinismo-al-metro\/#breadcrumb\"},\"inLanguage\":\"en-US\",\"potentialAction\":[{\"@type\":\"ReadAction\",\"target\":[[\"https:\/\/www.sestogrado.it\/en\/prodotto\/beal-cordino-in-nylon-4-mm-alpinismo-al-metro\/\"]]}]},{\"@type\":\"ImageObject\",\"inLanguage\":\"en-US\",\"@id\":\"https:\/\/www.sestogrado.it\/en\/prodotto\/beal-cordino-in-nylon-4-mm-alpinismo-al-metro\/#primaryimage\",\"url\":\"https:\/\/www.sestogrado.it\/wp-content\/uploads\/2021\/01\/BC04.120.Y.png\",\"contentUrl\":\"https:\/\/www.sestogrado.it\/wp-content\/uploads\/2021\/01\/BC04.120.Y.png\",\"width\":800,\"height\":800,\"caption\":\"cordino 4 mm giallo\"},{\"@type\":\"BreadcrumbList\",\"@id\":\"https:\/\/www.sestogrado.it\/en\/prodotto\/beal-cordino-in-nylon-4-mm-alpinismo-al-metro\/#breadcrumb\",\"itemListElement\":[{\"@type\":\"ListItem\",\"position\":1,\"name\":\"Home\",\"item\":\"https:\/\/www.sestogrado.it\/en\/\"},{\"@type\":\"ListItem\",\"position\":2,\"name\":\"Shop\",\"item\":\"https:\/\/www.sestogrado.it\/en\/shop\/\"},{\"@type\":\"ListItem\",\"position\":3,\"name\":\"Beal Cordino in Nylon 4 mm alpinismo al metro\"}]},{\"@type\":\"WebSite\",\"@id\":\"https:\/\/www.sestogrado.it\/en\/#website\",\"url\":\"https:\/\/www.sestogrado.it\/en\/\",\"name\":\"Sestogrado\",\"description\":\"yes we climb\",\"publisher\":{\"@id\":\"https:\/\/www.sestogrado.it\/en\/#organization\"},\"potentialAction\":[{\"@type\":\"SearchAction\",\"target\":{\"@type\":\"EntryPoint\",\"urlTemplate\":\"https:\/\/www.sestogrado.it\/en\/?s={search_term_string}\"},\"query-input\":{\"@type\":\"PropertyValueSpecification\",\"valueRequired\":true,\"valueName\":\"search_term_string\"}}],\"inLanguage\":\"en-US\"},{\"@type\":\"Organization\",\"@id\":\"https:\/\/www.sestogrado.it\/en\/#organization\",\"name\":\"Sestogrado\",\"url\":\"https:\/\/www.sestogrado.it\/en\/\",\"logo\":{\"@type\":\"ImageObject\",\"inLanguage\":\"en-US\",\"@id\":\"https:\/\/www.sestogrado.it\/en\/#\/schema\/logo\/image\/\",\"url\":\"https:\/\/www.sestogrado.it\/wp-content\/uploads\/2015\/03\/sestogrado-favicon.png\",\"contentUrl\":\"https:\/\/www.sestogrado.it\/wp-content\/uploads\/2015\/03\/sestogrado-favicon.png\",\"width\":260,\"height\":260,\"caption\":\"Sestogrado\"},\"image\":{\"@id\":\"https:\/\/www.sestogrado.it\/en\/#\/schema\/logo\/image\/\"},\"sameAs\":[\"https:\/\/www.facebook.com\/pages\/Sestogrado\/1542635979353017?ref=bookmarks\",\"https:\/\/www.youtube.com\/channel\/UC847kAfTkaJsWpc1jtQwr3Q\"],\"hasMerchantReturnPolicy\":{\"@type\":\"MerchantReturnPolicy\",\"merchantReturnLink\":\"https:\/\/www.sestogrado.it\/en\/termini-e-condizioni\/\"}}]}<\/script>\n<meta property=\"product:brand\" content=\"Beal\" \/>\n<meta property=\"og:availability\" content=\"instock\" \/>\n<meta property=\"product:availability\" content=\"instock\" \/>\n<meta property=\"product:condition\" content=\"new\" \/>\n<!-- \/ Yoast SEO plugin. -->","yoast_head_json":{"title":"Beal 4mm nylon cordelette semistatic cord - Sestogrado","description":"Il cordino in Nylon 4mm \u00e8 un cordino conforme alla normativa UIAA e EN564 per utilizzo in ambito alpinistico ed \u00e8 particolarmente indicato per la realizzazione di pedali, ancoraggi secondari, trasporto di materiale, etc.Il cordino \u00e8 acquistabile al metro, ogni unit\u00e0 \u00e8 un metro.\u00a0Se si desiderano pi\u00f9 spezzoni, acquistare la quantit\u00e0 totale e poi nelle note dell\u2019ordine inserire le lunghezze e i tagli desiderati.Es: acquisto 10m di cordino giallo e nelle note indico \"due cordini da 5m l'uno\".","robots":{"index":"index","follow":"follow","max-snippet":"max-snippet:-1","max-image-preview":"max-image-preview:large","max-video-preview":"max-video-preview:-1"},"canonical":"https:\/\/www.sestogrado.it\/en\/prodotto\/beal-cordino-in-nylon-4-mm-alpinismo-al-metro\/","og_locale":"en_US","og_type":"article","og_title":"Beal 4mm nylon cordelette semistatic cord - Sestogrado","og_description":"Il cordino in Nylon 4mm \u00e8 un cordino conforme alla normativa UIAA e EN564 per utilizzo in ambito alpinistico ed \u00e8 particolarmente indicato per la realizzazione di pedali, ancoraggi secondari, trasporto di materiale, etc.Il cordino \u00e8 acquistabile al metro, ogni unit\u00e0 \u00e8 un metro.\u00a0Se si desiderano pi\u00f9 spezzoni, acquistare la quantit\u00e0 totale e poi nelle note dell\u2019ordine inserire le lunghezze e i tagli desiderati.Es: acquisto 10m di cordino giallo e nelle note indico \"due cordini da 5m l'uno\".","og_url":"https:\/\/www.sestogrado.it\/en\/prodotto\/beal-cordino-in-nylon-4-mm-alpinismo-al-metro\/","og_site_name":"Sestogrado","article_publisher":"https:\/\/www.facebook.com\/pages\/Sestogrado\/1542635979353017?ref=bookmarks","article_modified_time":"2026-04-01T11:39:46+00:00","og_image":[{"width":800,"height":800,"url":"https:\/\/www.sestogrado.it\/wp-content\/uploads\/2021\/01\/BC04.120.Y.png","type":"image\/png"}],"twitter_misc":{"Availability":"In stock"},"schema":{"@context":"https:\/\/schema.org","@graph":[{"@type":"WebPage","@id":"https:\/\/www.sestogrado.it\/en\/prodotto\/beal-cordino-in-nylon-4-mm-alpinismo-al-metro\/","url":"https:\/\/www.sestogrado.it\/en\/prodotto\/beal-cordino-in-nylon-4-mm-alpinismo-al-metro\/","name":"Beal 4mm nylon cordelette semistatic cord - Sestogrado","isPartOf":{"@id":"https:\/\/www.sestogrado.it\/en\/#website"},"primaryImageOfPage":{"@id":"https:\/\/www.sestogrado.it\/en\/prodotto\/beal-cordino-in-nylon-4-mm-alpinismo-al-metro\/#primaryimage"},"image":{"@id":"https:\/\/www.sestogrado.it\/prodotto\/beal-cordino-in-nylon-4-mm-alpinismo-al-metro\/#primaryimage"},"thumbnailUrl":"https:\/\/www.sestogrado.it\/wp-content\/uploads\/2021\/01\/BC04.120.Y.png","datePublished":"2021-01-27T10:26:12+00:00","dateModified":"2026-04-01T11:39:46+00:00","description":"Il cordino in Nylon 4mm \u00e8 un cordino conforme alla normativa UIAA e EN564 per utilizzo in ambito alpinistico ed \u00e8 particolarmente indicato per la realizzazione di pedali, ancoraggi secondari, trasporto di materiale, etc.Il cordino \u00e8 acquistabile al metro, ogni unit\u00e0 \u00e8 un metro.\u00a0Se si desiderano pi\u00f9 spezzoni, acquistare la quantit\u00e0 totale e poi nelle note dell\u2019ordine inserire le lunghezze e i tagli desiderati.Es: acquisto 10m di cordino giallo e nelle note indico \"due cordini da 5m l'uno\".","breadcrumb":{"@id":"https:\/\/www.sestogrado.it\/en\/prodotto\/beal-cordino-in-nylon-4-mm-alpinismo-al-metro\/#breadcrumb"},"inLanguage":"en-US","potentialAction":[{"@type":"ReadAction","target":[["https:\/\/www.sestogrado.it\/en\/prodotto\/beal-cordino-in-nylon-4-mm-alpinismo-al-metro\/"]]}]},{"@type":"ImageObject","inLanguage":"en-US","@id":"https:\/\/www.sestogrado.it\/en\/prodotto\/beal-cordino-in-nylon-4-mm-alpinismo-al-metro\/#primaryimage","url":"https:\/\/www.sestogrado.it\/wp-content\/uploads\/2021\/01\/BC04.120.Y.png","contentUrl":"https:\/\/www.sestogrado.it\/wp-content\/uploads\/2021\/01\/BC04.120.Y.png","width":800,"height":800,"caption":"cordino 4 mm giallo"},{"@type":"BreadcrumbList","@id":"https:\/\/www.sestogrado.it\/en\/prodotto\/beal-cordino-in-nylon-4-mm-alpinismo-al-metro\/#breadcrumb","itemListElement":[{"@type":"ListItem","position":1,"name":"Home","item":"https:\/\/www.sestogrado.it\/en\/"},{"@type":"ListItem","position":2,"name":"Shop","item":"https:\/\/www.sestogrado.it\/en\/shop\/"},{"@type":"ListItem","position":3,"name":"Beal Cordino in Nylon 4 mm alpinismo al metro"}]},{"@type":"WebSite","@id":"https:\/\/www.sestogrado.it\/en\/#website","url":"https:\/\/www.sestogrado.it\/en\/","name":"Sestogrado","description":"yes we climb","publisher":{"@id":"https:\/\/www.sestogrado.it\/en\/#organization"},"potentialAction":[{"@type":"SearchAction","target":{"@type":"EntryPoint","urlTemplate":"https:\/\/www.sestogrado.it\/en\/?s={search_term_string}"},"query-input":{"@type":"PropertyValueSpecification","valueRequired":true,"valueName":"search_term_string"}}],"inLanguage":"en-US"},{"@type":"Organization","@id":"https:\/\/www.sestogrado.it\/en\/#organization","name":"Sestogrado","url":"https:\/\/www.sestogrado.it\/en\/","logo":{"@type":"ImageObject","inLanguage":"en-US","@id":"https:\/\/www.sestogrado.it\/en\/#\/schema\/logo\/image\/","url":"https:\/\/www.sestogrado.it\/wp-content\/uploads\/2015\/03\/sestogrado-favicon.png","contentUrl":"https:\/\/www.sestogrado.it\/wp-content\/uploads\/2015\/03\/sestogrado-favicon.png","width":260,"height":260,"caption":"Sestogrado"},"image":{"@id":"https:\/\/www.sestogrado.it\/en\/#\/schema\/logo\/image\/"},"sameAs":["https:\/\/www.facebook.com\/pages\/Sestogrado\/1542635979353017?ref=bookmarks","https:\/\/www.youtube.com\/channel\/UC847kAfTkaJsWpc1jtQwr3Q"],"hasMerchantReturnPolicy":{"@type":"MerchantReturnPolicy","merchantReturnLink":"https:\/\/www.sestogrado.it\/en\/termini-e-condizioni\/"}}]},"product_brand":"Beal","og_availability":"instock","product_availability":"instock","product_condition":"new"},"_links":{"self":[{"href":"https:\/\/www.sestogrado.it\/en\/wp-json\/wp\/v2\/product\/49855","targetHints":{"allow":["GET"]}}],"collection":[{"href":"https:\/\/www.sestogrado.it\/en\/wp-json\/wp\/v2\/product"}],"about":[{"href":"https:\/\/www.sestogrado.it\/en\/wp-json\/wp\/v2\/types\/product"}],"replies":[{"embeddable":true,"href":"https:\/\/www.sestogrado.it\/en\/wp-json\/wp\/v2\/comments?post=49855"}],"wp:featuredmedia":[{"embeddable":true,"href":"https:\/\/www.sestogrado.it\/en\/wp-json\/wp\/v2\/media\/49856"}],"wp:attachment":[{"href":"https:\/\/www.sestogrado.it\/en\/wp-json\/wp\/v2\/media?parent=49855"}],"wp:term":[{"taxonomy":"product_brand","embeddable":true,"href":"https:\/\/www.sestogrado.it\/en\/wp-json\/wp\/v2\/product_brand?post=49855"},{"taxonomy":"product_cat","embeddable":true,"href":"https:\/\/www.sestogrado.it\/en\/wp-json\/wp\/v2\/product_cat?post=49855"},{"taxonomy":"product_tag","embeddable":true,"href":"https:\/\/www.sestogrado.it\/en\/wp-json\/wp\/v2\/product_tag?post=49855"}],"curies":[{"name":"wp","href":"https:\/\/api.w.org\/{rel}","templated":true}]}}