{"id":49140,"date":"2021-01-13T15:10:28","date_gmt":"2021-01-13T14:10:28","guid":{"rendered":"https:\/\/www.sestogrado.it\/?post_type=product&#038;p=49140"},"modified":"2025-12-28T09:32:22","modified_gmt":"2025-12-28T08:32:22","slug":"jollypower-vol2-metodi-di-allenamento-fisico-e-mentale-per-larrampicata-sportiva","status":"publish","type":"product","link":"https:\/\/www.sestogrado.it\/en\/prodotto\/jollypower-vol2-metodi-di-allenamento-fisico-e-mentale-per-larrampicata-sportiva\/","title":{"rendered":"Jollypower Vol 2 &#8211; metodi di allenamento fisico e mentale per l&#8217;arrampicata sportiva"},"content":{"rendered":"<p class=\"qtranxs-available-languages-message qtranxs-available-languages-message-en\">Sorry, this entry is only available in <a href=\"https:\/\/www.sestogrado.it\/it\/wp-json\/wp\/v2\/product\/49140\" class=\"qtranxs-available-language-link qtranxs-available-language-link-it\" title=\"Italiano\">Italiano<\/a>.<\/p>","protected":false},"excerpt":{"rendered":"<p>Sorry, this entry is only available in Italiano.<\/p>\n","protected":false},"featured_media":49142,"comment_status":"open","ping_status":"closed","template":"","meta":{"_acf_changed":false},"product_brand":[99],"product_cat":[98],"product_tag":[],"class_list":{"0":"post-49140","1":"product","2":"type-product","3":"status-publish","4":"has-post-thumbnail","6":"product_brand-versante-sud","7":"product_cat-libri","9":"first","10":"instock","11":"taxable","12":"shipping-taxable","13":"purchasable","14":"product-type-simple"},"acf":[],"yoast_head":"<!-- This site is optimized with the Yoast SEO plugin v26.4 - https:\/\/yoast.com\/wordpress\/plugins\/seo\/ -->\n<title>Jollypower Vol 2 - metodi di allenamento fisico e mentale per l&#039;arrampicata sportiva - Sestogrado<\/title>\n<meta name=\"description\" content=\"Jollypower vol2 - metodi di allenamento fisico e mentale per l&#039;arrampicata sportiva \u00e8 il completamento teorico al volume 1.Se il volume 1 era la pratica,\u00a0il volume 2 \u00e8 tutta la parte di teoria e conoscenza dell&#039;allenamento\u00a0(ma con molte applicazioni pratiche in calce). Il volume 1 \u00e8 l\u2019hardware, il volume 2 il software che lo fa funzionare. Ma non solo. Nel volume 2\u00a0ci sar\u00e0 anche una consistente parte applicativa: tutto quello che riguarda\u00a0il nuovo,\u00a0il cambiamento\u00a0epocale che stiamo vivendo nel mondo del climbing moderno in questi ultimissimi anni.In aggiunta, ci saranno dei capitoli pi\u00f9 pratici che non avevano trovato spazio nel primo volume: la\u00a0mobilit\u00e0\u00a0articolare, lo\u00a0studio\u00a0sistematico dei movimenti\u00a0e degli\u00a0allenamenti\u00a0per il\u00a0nuovo bouldering\u00a0e per lo\u00a0speed.\u00a0Quindi ci sar\u00e0 tutta la parte dell\u2019allenamento mentale. Ma dove inserirla? Tra gli aspetti pratici o teorici? \u00c8 davvero impossibile trovare una risposta: perch\u00e9 la mente, come diceva Milton, risiede in s\u00e9 stessa.\" \/>\n<meta name=\"robots\" content=\"index, follow, max-snippet:-1, max-image-preview:large, max-video-preview:-1\" \/>\n<link rel=\"canonical\" href=\"https:\/\/www.sestogrado.it\/en\/prodotto\/jollypower-vol2-metodi-di-allenamento-fisico-e-mentale-per-larrampicata-sportiva\/\" \/>\n<meta property=\"og:locale\" content=\"en_US\" \/>\n<meta property=\"og:type\" content=\"article\" \/>\n<meta property=\"og:title\" content=\"Jollypower Vol 2 - metodi di allenamento fisico e mentale per l&#039;arrampicata sportiva - Sestogrado\" \/>\n<meta property=\"og:description\" content=\"Jollypower vol2 - metodi di allenamento fisico e mentale per l&#039;arrampicata sportiva \u00e8 il completamento teorico al volume 1.Se il volume 1 era la pratica,\u00a0il volume 2 \u00e8 tutta la parte di teoria e conoscenza dell&#039;allenamento\u00a0(ma con molte applicazioni pratiche in calce). Il volume 1 \u00e8 l\u2019hardware, il volume 2 il software che lo fa funzionare. Ma non solo. Nel volume 2\u00a0ci sar\u00e0 anche una consistente parte applicativa: tutto quello che riguarda\u00a0il nuovo,\u00a0il cambiamento\u00a0epocale che stiamo vivendo nel mondo del climbing moderno in questi ultimissimi anni.In aggiunta, ci saranno dei capitoli pi\u00f9 pratici che non avevano trovato spazio nel primo volume: la\u00a0mobilit\u00e0\u00a0articolare, lo\u00a0studio\u00a0sistematico dei movimenti\u00a0e degli\u00a0allenamenti\u00a0per il\u00a0nuovo bouldering\u00a0e per lo\u00a0speed.\u00a0Quindi ci sar\u00e0 tutta la parte dell\u2019allenamento mentale. Ma dove inserirla? Tra gli aspetti pratici o teorici? \u00c8 davvero impossibile trovare una risposta: perch\u00e9 la mente, come diceva Milton, risiede in s\u00e9 stessa.\" \/>\n<meta property=\"og:url\" content=\"https:\/\/www.sestogrado.it\/en\/prodotto\/jollypower-vol2-metodi-di-allenamento-fisico-e-mentale-per-larrampicata-sportiva\/\" \/>\n<meta property=\"og:site_name\" content=\"Sestogrado\" \/>\n<meta property=\"article:publisher\" content=\"https:\/\/www.facebook.com\/pages\/Sestogrado\/1542635979353017?ref=bookmarks\" \/>\n<meta property=\"article:modified_time\" content=\"2025-12-28T08:32:22+00:00\" \/>\n<meta property=\"og:image\" content=\"https:\/\/www.sestogrado.it\/wp-content\/uploads\/2021\/01\/COP_Jollypower2.jpeg\" \/>\n\t<meta property=\"og:image:width\" content=\"768\" \/>\n\t<meta property=\"og:image:height\" content=\"768\" \/>\n\t<meta property=\"og:image:type\" content=\"image\/jpeg\" \/>\n<meta name=\"twitter:label1\" content=\"Price\" \/>\n\t<meta name=\"twitter:data1\" content=\"&euro;&nbsp;35,00\" \/>\n\t<meta name=\"twitter:label2\" content=\"Availability\" \/>\n\t<meta name=\"twitter:data2\" content=\"In stock\" \/>\n<script type=\"application\/ld+json\" class=\"yoast-schema-graph\">{\"@context\":\"https:\/\/schema.org\",\"@graph\":[{\"@type\":\"WebPage\",\"@id\":\"https:\/\/www.sestogrado.it\/en\/prodotto\/jollypower-vol2-metodi-di-allenamento-fisico-e-mentale-per-larrampicata-sportiva\/\",\"url\":\"https:\/\/www.sestogrado.it\/en\/prodotto\/jollypower-vol2-metodi-di-allenamento-fisico-e-mentale-per-larrampicata-sportiva\/\",\"name\":\"Jollypower Vol 2 - metodi di allenamento fisico e mentale per l'arrampicata sportiva - Sestogrado\",\"isPartOf\":{\"@id\":\"https:\/\/www.sestogrado.it\/en\/#website\"},\"primaryImageOfPage\":{\"@id\":\"https:\/\/www.sestogrado.it\/en\/prodotto\/jollypower-vol2-metodi-di-allenamento-fisico-e-mentale-per-larrampicata-sportiva\/#primaryimage\"},\"image\":{\"@id\":\"https:\/\/www.sestogrado.it\/prodotto\/jollypower-vol2-metodi-di-allenamento-fisico-e-mentale-per-larrampicata-sportiva\/#primaryimage\"},\"thumbnailUrl\":\"https:\/\/www.sestogrado.it\/wp-content\/uploads\/2021\/01\/COP_Jollypower2.jpeg\",\"datePublished\":\"2021-01-13T14:10:28+00:00\",\"dateModified\":\"2025-12-28T08:32:22+00:00\",\"description\":\"Jollypower vol2 - metodi di allenamento fisico e mentale per l'arrampicata sportiva \u00e8 il completamento teorico al volume 1.Se il volume 1 era la pratica,\u00a0il volume 2 \u00e8 tutta la parte di teoria e conoscenza dell'allenamento\u00a0(ma con molte applicazioni pratiche in calce). Il volume 1 \u00e8 l\u2019hardware, il volume 2 il software che lo fa funzionare. Ma non solo. Nel volume 2\u00a0ci sar\u00e0 anche una consistente parte applicativa: tutto quello che riguarda\u00a0il nuovo,\u00a0il cambiamento\u00a0epocale che stiamo vivendo nel mondo del climbing moderno in questi ultimissimi anni.In aggiunta, ci saranno dei capitoli pi\u00f9 pratici che non avevano trovato spazio nel primo volume: la\u00a0mobilit\u00e0\u00a0articolare, lo\u00a0studio\u00a0sistematico dei movimenti\u00a0e degli\u00a0allenamenti\u00a0per il\u00a0nuovo bouldering\u00a0e per lo\u00a0speed.\u00a0Quindi ci sar\u00e0 tutta la parte dell\u2019allenamento mentale. Ma dove inserirla? Tra gli aspetti pratici o teorici? \u00c8 davvero impossibile trovare una risposta: perch\u00e9 la mente, come diceva Milton, risiede in s\u00e9 stessa.\",\"breadcrumb\":{\"@id\":\"https:\/\/www.sestogrado.it\/en\/prodotto\/jollypower-vol2-metodi-di-allenamento-fisico-e-mentale-per-larrampicata-sportiva\/#breadcrumb\"},\"inLanguage\":\"en-US\",\"potentialAction\":[{\"@type\":\"ReadAction\",\"target\":[[\"https:\/\/www.sestogrado.it\/en\/prodotto\/jollypower-vol2-metodi-di-allenamento-fisico-e-mentale-per-larrampicata-sportiva\/\"]]}]},{\"@type\":\"ImageObject\",\"inLanguage\":\"en-US\",\"@id\":\"https:\/\/www.sestogrado.it\/en\/prodotto\/jollypower-vol2-metodi-di-allenamento-fisico-e-mentale-per-larrampicata-sportiva\/#primaryimage\",\"url\":\"https:\/\/www.sestogrado.it\/wp-content\/uploads\/2021\/01\/COP_Jollypower2.jpeg\",\"contentUrl\":\"https:\/\/www.sestogrado.it\/wp-content\/uploads\/2021\/01\/COP_Jollypower2.jpeg\",\"width\":768,\"height\":768,\"caption\":\"jollypower vol2\"},{\"@type\":\"BreadcrumbList\",\"@id\":\"https:\/\/www.sestogrado.it\/en\/prodotto\/jollypower-vol2-metodi-di-allenamento-fisico-e-mentale-per-larrampicata-sportiva\/#breadcrumb\",\"itemListElement\":[{\"@type\":\"ListItem\",\"position\":1,\"name\":\"Home\",\"item\":\"https:\/\/www.sestogrado.it\/en\/\"},{\"@type\":\"ListItem\",\"position\":2,\"name\":\"Shop\",\"item\":\"https:\/\/www.sestogrado.it\/en\/shop\/\"},{\"@type\":\"ListItem\",\"position\":3,\"name\":\"Jollypower Vol 2 &#8211; metodi di allenamento fisico e mentale per l&#8217;arrampicata sportiva\"}]},{\"@type\":\"WebSite\",\"@id\":\"https:\/\/www.sestogrado.it\/en\/#website\",\"url\":\"https:\/\/www.sestogrado.it\/en\/\",\"name\":\"Sestogrado\",\"description\":\"yes we climb\",\"publisher\":{\"@id\":\"https:\/\/www.sestogrado.it\/en\/#organization\"},\"potentialAction\":[{\"@type\":\"SearchAction\",\"target\":{\"@type\":\"EntryPoint\",\"urlTemplate\":\"https:\/\/www.sestogrado.it\/en\/?s={search_term_string}\"},\"query-input\":{\"@type\":\"PropertyValueSpecification\",\"valueRequired\":true,\"valueName\":\"search_term_string\"}}],\"inLanguage\":\"en-US\"},{\"@type\":\"Organization\",\"@id\":\"https:\/\/www.sestogrado.it\/en\/#organization\",\"name\":\"Sestogrado\",\"url\":\"https:\/\/www.sestogrado.it\/en\/\",\"logo\":{\"@type\":\"ImageObject\",\"inLanguage\":\"en-US\",\"@id\":\"https:\/\/www.sestogrado.it\/en\/#\/schema\/logo\/image\/\",\"url\":\"https:\/\/www.sestogrado.it\/wp-content\/uploads\/2015\/03\/sestogrado-favicon.png\",\"contentUrl\":\"https:\/\/www.sestogrado.it\/wp-content\/uploads\/2015\/03\/sestogrado-favicon.png\",\"width\":260,\"height\":260,\"caption\":\"Sestogrado\"},\"image\":{\"@id\":\"https:\/\/www.sestogrado.it\/en\/#\/schema\/logo\/image\/\"},\"sameAs\":[\"https:\/\/www.facebook.com\/pages\/Sestogrado\/1542635979353017?ref=bookmarks\",\"https:\/\/www.youtube.com\/channel\/UC847kAfTkaJsWpc1jtQwr3Q\"],\"hasMerchantReturnPolicy\":{\"@type\":\"MerchantReturnPolicy\",\"merchantReturnLink\":\"https:\/\/www.sestogrado.it\/en\/termini-e-condizioni\/\"}}]}<\/script>\n<meta property=\"product:brand\" content=\"Versante Sud\" \/>\n<meta property=\"product:price:amount\" content=\"35.00\" \/>\n<meta property=\"product:price:currency\" content=\"EUR\" \/>\n<meta property=\"og:availability\" content=\"instock\" \/>\n<meta property=\"product:availability\" content=\"instock\" \/>\n<meta property=\"product:condition\" content=\"new\" \/>\n<!-- \/ Yoast SEO plugin. -->","yoast_head_json":{"title":"Jollypower Vol 2 - metodi di allenamento fisico e mentale per l'arrampicata sportiva - Sestogrado","description":"Jollypower vol2 - metodi di allenamento fisico e mentale per l'arrampicata sportiva \u00e8 il completamento teorico al volume 1.Se il volume 1 era la pratica,\u00a0il volume 2 \u00e8 tutta la parte di teoria e conoscenza dell'allenamento\u00a0(ma con molte applicazioni pratiche in calce). Il volume 1 \u00e8 l\u2019hardware, il volume 2 il software che lo fa funzionare. Ma non solo. Nel volume 2\u00a0ci sar\u00e0 anche una consistente parte applicativa: tutto quello che riguarda\u00a0il nuovo,\u00a0il cambiamento\u00a0epocale che stiamo vivendo nel mondo del climbing moderno in questi ultimissimi anni.In aggiunta, ci saranno dei capitoli pi\u00f9 pratici che non avevano trovato spazio nel primo volume: la\u00a0mobilit\u00e0\u00a0articolare, lo\u00a0studio\u00a0sistematico dei movimenti\u00a0e degli\u00a0allenamenti\u00a0per il\u00a0nuovo bouldering\u00a0e per lo\u00a0speed.\u00a0Quindi ci sar\u00e0 tutta la parte dell\u2019allenamento mentale. Ma dove inserirla? Tra gli aspetti pratici o teorici? \u00c8 davvero impossibile trovare una risposta: perch\u00e9 la mente, come diceva Milton, risiede in s\u00e9 stessa.","robots":{"index":"index","follow":"follow","max-snippet":"max-snippet:-1","max-image-preview":"max-image-preview:large","max-video-preview":"max-video-preview:-1"},"canonical":"https:\/\/www.sestogrado.it\/en\/prodotto\/jollypower-vol2-metodi-di-allenamento-fisico-e-mentale-per-larrampicata-sportiva\/","og_locale":"en_US","og_type":"article","og_title":"Jollypower Vol 2 - metodi di allenamento fisico e mentale per l'arrampicata sportiva - Sestogrado","og_description":"Jollypower vol2 - metodi di allenamento fisico e mentale per l'arrampicata sportiva \u00e8 il completamento teorico al volume 1.Se il volume 1 era la pratica,\u00a0il volume 2 \u00e8 tutta la parte di teoria e conoscenza dell'allenamento\u00a0(ma con molte applicazioni pratiche in calce). Il volume 1 \u00e8 l\u2019hardware, il volume 2 il software che lo fa funzionare. Ma non solo. Nel volume 2\u00a0ci sar\u00e0 anche una consistente parte applicativa: tutto quello che riguarda\u00a0il nuovo,\u00a0il cambiamento\u00a0epocale che stiamo vivendo nel mondo del climbing moderno in questi ultimissimi anni.In aggiunta, ci saranno dei capitoli pi\u00f9 pratici che non avevano trovato spazio nel primo volume: la\u00a0mobilit\u00e0\u00a0articolare, lo\u00a0studio\u00a0sistematico dei movimenti\u00a0e degli\u00a0allenamenti\u00a0per il\u00a0nuovo bouldering\u00a0e per lo\u00a0speed.\u00a0Quindi ci sar\u00e0 tutta la parte dell\u2019allenamento mentale. Ma dove inserirla? Tra gli aspetti pratici o teorici? \u00c8 davvero impossibile trovare una risposta: perch\u00e9 la mente, come diceva Milton, risiede in s\u00e9 stessa.","og_url":"https:\/\/www.sestogrado.it\/en\/prodotto\/jollypower-vol2-metodi-di-allenamento-fisico-e-mentale-per-larrampicata-sportiva\/","og_site_name":"Sestogrado","article_publisher":"https:\/\/www.facebook.com\/pages\/Sestogrado\/1542635979353017?ref=bookmarks","article_modified_time":"2025-12-28T08:32:22+00:00","og_image":[{"width":768,"height":768,"url":"https:\/\/www.sestogrado.it\/wp-content\/uploads\/2021\/01\/COP_Jollypower2.jpeg","type":"image\/jpeg"}],"twitter_misc":{"Price":"&euro;&nbsp;35,00","Availability":"In stock"},"schema":{"@context":"https:\/\/schema.org","@graph":[{"@type":"WebPage","@id":"https:\/\/www.sestogrado.it\/en\/prodotto\/jollypower-vol2-metodi-di-allenamento-fisico-e-mentale-per-larrampicata-sportiva\/","url":"https:\/\/www.sestogrado.it\/en\/prodotto\/jollypower-vol2-metodi-di-allenamento-fisico-e-mentale-per-larrampicata-sportiva\/","name":"Jollypower Vol 2 - metodi di allenamento fisico e mentale per l'arrampicata sportiva - Sestogrado","isPartOf":{"@id":"https:\/\/www.sestogrado.it\/en\/#website"},"primaryImageOfPage":{"@id":"https:\/\/www.sestogrado.it\/en\/prodotto\/jollypower-vol2-metodi-di-allenamento-fisico-e-mentale-per-larrampicata-sportiva\/#primaryimage"},"image":{"@id":"https:\/\/www.sestogrado.it\/prodotto\/jollypower-vol2-metodi-di-allenamento-fisico-e-mentale-per-larrampicata-sportiva\/#primaryimage"},"thumbnailUrl":"https:\/\/www.sestogrado.it\/wp-content\/uploads\/2021\/01\/COP_Jollypower2.jpeg","datePublished":"2021-01-13T14:10:28+00:00","dateModified":"2025-12-28T08:32:22+00:00","description":"Jollypower vol2 - metodi di allenamento fisico e mentale per l'arrampicata sportiva \u00e8 il completamento teorico al volume 1.Se il volume 1 era la pratica,\u00a0il volume 2 \u00e8 tutta la parte di teoria e conoscenza dell'allenamento\u00a0(ma con molte applicazioni pratiche in calce). Il volume 1 \u00e8 l\u2019hardware, il volume 2 il software che lo fa funzionare. Ma non solo. Nel volume 2\u00a0ci sar\u00e0 anche una consistente parte applicativa: tutto quello che riguarda\u00a0il nuovo,\u00a0il cambiamento\u00a0epocale che stiamo vivendo nel mondo del climbing moderno in questi ultimissimi anni.In aggiunta, ci saranno dei capitoli pi\u00f9 pratici che non avevano trovato spazio nel primo volume: la\u00a0mobilit\u00e0\u00a0articolare, lo\u00a0studio\u00a0sistematico dei movimenti\u00a0e degli\u00a0allenamenti\u00a0per il\u00a0nuovo bouldering\u00a0e per lo\u00a0speed.\u00a0Quindi ci sar\u00e0 tutta la parte dell\u2019allenamento mentale. Ma dove inserirla? Tra gli aspetti pratici o teorici? \u00c8 davvero impossibile trovare una risposta: perch\u00e9 la mente, come diceva Milton, risiede in s\u00e9 stessa.","breadcrumb":{"@id":"https:\/\/www.sestogrado.it\/en\/prodotto\/jollypower-vol2-metodi-di-allenamento-fisico-e-mentale-per-larrampicata-sportiva\/#breadcrumb"},"inLanguage":"en-US","potentialAction":[{"@type":"ReadAction","target":[["https:\/\/www.sestogrado.it\/en\/prodotto\/jollypower-vol2-metodi-di-allenamento-fisico-e-mentale-per-larrampicata-sportiva\/"]]}]},{"@type":"ImageObject","inLanguage":"en-US","@id":"https:\/\/www.sestogrado.it\/en\/prodotto\/jollypower-vol2-metodi-di-allenamento-fisico-e-mentale-per-larrampicata-sportiva\/#primaryimage","url":"https:\/\/www.sestogrado.it\/wp-content\/uploads\/2021\/01\/COP_Jollypower2.jpeg","contentUrl":"https:\/\/www.sestogrado.it\/wp-content\/uploads\/2021\/01\/COP_Jollypower2.jpeg","width":768,"height":768,"caption":"jollypower vol2"},{"@type":"BreadcrumbList","@id":"https:\/\/www.sestogrado.it\/en\/prodotto\/jollypower-vol2-metodi-di-allenamento-fisico-e-mentale-per-larrampicata-sportiva\/#breadcrumb","itemListElement":[{"@type":"ListItem","position":1,"name":"Home","item":"https:\/\/www.sestogrado.it\/en\/"},{"@type":"ListItem","position":2,"name":"Shop","item":"https:\/\/www.sestogrado.it\/en\/shop\/"},{"@type":"ListItem","position":3,"name":"Jollypower Vol 2 &#8211; metodi di allenamento fisico e mentale per l&#8217;arrampicata sportiva"}]},{"@type":"WebSite","@id":"https:\/\/www.sestogrado.it\/en\/#website","url":"https:\/\/www.sestogrado.it\/en\/","name":"Sestogrado","description":"yes we climb","publisher":{"@id":"https:\/\/www.sestogrado.it\/en\/#organization"},"potentialAction":[{"@type":"SearchAction","target":{"@type":"EntryPoint","urlTemplate":"https:\/\/www.sestogrado.it\/en\/?s={search_term_string}"},"query-input":{"@type":"PropertyValueSpecification","valueRequired":true,"valueName":"search_term_string"}}],"inLanguage":"en-US"},{"@type":"Organization","@id":"https:\/\/www.sestogrado.it\/en\/#organization","name":"Sestogrado","url":"https:\/\/www.sestogrado.it\/en\/","logo":{"@type":"ImageObject","inLanguage":"en-US","@id":"https:\/\/www.sestogrado.it\/en\/#\/schema\/logo\/image\/","url":"https:\/\/www.sestogrado.it\/wp-content\/uploads\/2015\/03\/sestogrado-favicon.png","contentUrl":"https:\/\/www.sestogrado.it\/wp-content\/uploads\/2015\/03\/sestogrado-favicon.png","width":260,"height":260,"caption":"Sestogrado"},"image":{"@id":"https:\/\/www.sestogrado.it\/en\/#\/schema\/logo\/image\/"},"sameAs":["https:\/\/www.facebook.com\/pages\/Sestogrado\/1542635979353017?ref=bookmarks","https:\/\/www.youtube.com\/channel\/UC847kAfTkaJsWpc1jtQwr3Q"],"hasMerchantReturnPolicy":{"@type":"MerchantReturnPolicy","merchantReturnLink":"https:\/\/www.sestogrado.it\/en\/termini-e-condizioni\/"}}]},"product_brand":"Versante Sud","product_price_amount":"35.00","product_price_currency":"EUR","og_availability":"instock","product_availability":"instock","product_condition":"new"},"_links":{"self":[{"href":"https:\/\/www.sestogrado.it\/en\/wp-json\/wp\/v2\/product\/49140","targetHints":{"allow":["GET"]}}],"collection":[{"href":"https:\/\/www.sestogrado.it\/en\/wp-json\/wp\/v2\/product"}],"about":[{"href":"https:\/\/www.sestogrado.it\/en\/wp-json\/wp\/v2\/types\/product"}],"replies":[{"embeddable":true,"href":"https:\/\/www.sestogrado.it\/en\/wp-json\/wp\/v2\/comments?post=49140"}],"wp:featuredmedia":[{"embeddable":true,"href":"https:\/\/www.sestogrado.it\/en\/wp-json\/wp\/v2\/media\/49142"}],"wp:attachment":[{"href":"https:\/\/www.sestogrado.it\/en\/wp-json\/wp\/v2\/media?parent=49140"}],"wp:term":[{"taxonomy":"product_brand","embeddable":true,"href":"https:\/\/www.sestogrado.it\/en\/wp-json\/wp\/v2\/product_brand?post=49140"},{"taxonomy":"product_cat","embeddable":true,"href":"https:\/\/www.sestogrado.it\/en\/wp-json\/wp\/v2\/product_cat?post=49140"},{"taxonomy":"product_tag","embeddable":true,"href":"https:\/\/www.sestogrado.it\/en\/wp-json\/wp\/v2\/product_tag?post=49140"}],"curies":[{"name":"wp","href":"https:\/\/api.w.org\/{rel}","templated":true}]}}