{"id":48115,"date":"2020-12-30T11:31:30","date_gmt":"2020-12-30T10:31:30","guid":{"rendered":"https:\/\/www.sestogrado.it\/?post_type=product&#038;p=48115"},"modified":"2025-01-05T08:36:12","modified_gmt":"2025-01-05T07:36:12","slug":"grivel-parete-30-zaino-alpinismo-arrampicata","status":"publish","type":"product","link":"https:\/\/www.sestogrado.it\/en\/prodotto\/grivel-parete-30-zaino-alpinismo-arrampicata\/","title":{"rendered":"Grivel Parete 30 zaino alpinismo arrampicata"},"content":{"rendered":"<p>Il Grivel Parete 30 \u00e8 uno zaino da 30 litri di nuova generazione, realizzato per essere versatile, completo e compatto per\u00a0arrampicata e alpinismo. E&#8217; realizzato in CORDURA triple rispstop 305D, un materiale incredibilmente resistente, che lo rende ideale per tutte quelle situazioni in cui lo zaino \u00e8 a contatto diretto con la roccia, in camini, diedri.<\/p>\n<p>Il pannello posteriore termo-formato \u00e8 estremamente confortevole. Anche a pieno carico, fornisce supporto, struttura e imbottitura. Il telaio posteriore rimovibile, i porta piccozza e la cintura amovibili, due tasche laterali e una tasca interna assicurano una grande versatilit\u00e0 nonostante il design minimalista e pulito.<\/p>\n<p>La capacit\u00e0 del Parete 30 \u00e8 ideale per una lunga giornata o per un viaggio di pi\u00f9 giorni minimalista. Invece del tradizionale coperchio superiore, lo zaino ha una chiusura roll-top, che migliora la velocit\u00e0 e l&#8217;accessibilit\u00e0 allo scomparto principale e consente di aumentare o ridurre il volume dello zaino stesso, per renderlo pi\u00f9 compatto, se necessario. Risulta particolarmente comodo, quando si \u00e8 in parete o in situazioni in cui non ci si pu\u00f2 completamente togliere lo zaino, l&#8217;accesso al vano principale anche mediante una zip frontale. In questo modo \u00e8 sufficiente togliersi uno spallaccio per avere accesso immediato al contenuto principale.<\/p>\n<ul>\n<li>Attivit\u00e0: arrampicata, alpinismo<\/li>\n<li>Materiali \/ costruzione \/ tecnologie: CORDURA triple ripstop 305D<\/li>\n<li>Profilo posteriore affusolato per rapido accesso a parte posteriore dell&#8217;imbrago<\/li>\n<li>Pannello posteriore termoformato amovibile<\/li>\n<li>Accesso vano principale anche con zip frontale<\/li>\n<li>Peso: 830 g \/ 690 g senza telaio posteriore<\/li>\n<\/ul>\n<p>&nbsp;<\/p>\n<p>Il Grivel Parete 30 \u00e8 uno zaino leggero e compatto ma resistentissimo, ideale per alpinismo tecnico ed ogni uscita in parete.<\/p>\n<p>&nbsp;<\/p>\n<p>Nata nel 1818 a Courmayeur, la Grivel \u00e8 un\u2019azienda italiana che produce attrezzature ed equipaggiamenti per alpinismo, arrampicata ed outdoor esportando in 26 paesi.\u00a0\u00a0L\u2019azienda ha ottenuto la certificazione GS T\u00dcV dal 1992, ISO 9001 dal 1996, ISO 1400 dal 2004.\u00a0L\u2019obiettivo di\u00a0Grivel \u00e8 di facilitare la vita agli alpinisti e agli amanti della montagna\u00a0con prodotti tecnologicamente avanzati.<\/p>\n","protected":false},"excerpt":{"rendered":"<p>Il Grivel Parete 30 \u00e8 uno zaino da 30 litri di nuova generazione, realizzato per essere versatile, completo e compatto [&hellip;]<\/p>\n","protected":false},"featured_media":48117,"comment_status":"open","ping_status":"closed","template":"","meta":{"_acf_changed":false},"product_brand":[126],"product_cat":[389],"product_tag":[],"class_list":{"0":"post-48115","1":"product","2":"type-product","3":"status-publish","4":"has-post-thumbnail","6":"product_brand-grivel","7":"product_cat-zaini-alpinismo","9":"first","10":"outofstock","11":"sale","12":"taxable","13":"shipping-taxable","14":"purchasable","15":"product-type-simple"},"acf":[],"yoast_head":"<!-- This site is optimized with the Yoast SEO plugin v26.4 - https:\/\/yoast.com\/wordpress\/plugins\/seo\/ -->\n<title>Grivel Parete 30 zaino alpinismo arrampicata - Sestogrado<\/title>\n<meta name=\"description\" content=\"Il Grivel Parete 30 \u00e8 uno zaino da 30 litri di nuova generazione, realizzato per essere versatile, completo e compatto per\u00a0arrampicata e alpinismo. E&#039; realizzato in CORDURA triple rispstop 305D, un materiale incredibilmente resistente, che lo rende ideale per tutte quelle situazioni in cui lo zaino \u00e8 a contatto diretto con la roccia, in camini, diedri.Il pannello posteriore termo-formato \u00e8 estremamente confortevole. Anche a pieno carico, fornisce supporto, struttura e imbottitura. Il telaio posteriore rimovibile, i porta piccozza e la cintura amovibili, due tasche laterali e una tasca interna assicurano una grande versatilit\u00e0 nonostante il design minimalista e pulito.La capacit\u00e0 del Parete 30 \u00e8 ideale per una lunga giornata o per un viaggio di pi\u00f9 giorni minimalista. Invece del tradizionale coperchio superiore, lo zaino ha una chiusura roll-top, che migliora la velocit\u00e0 e l&#039;accessibilit\u00e0 allo scomparto principale e consente di aumentare o ridurre il volume dello zaino stesso, per renderlo pi\u00f9 compatto, se necessario. Risulta particolarmente comodo, quando si \u00e8 in parete o in situazioni in cui non ci si pu\u00f2 completamente togliere lo zaino, l&#039;accesso al vano principale anche mediante una zip frontale. In questo modo \u00e8 sufficiente togliersi uno spallaccio per avere accesso immediato al contenuto principale.\" \/>\n<meta name=\"robots\" content=\"index, follow, max-snippet:-1, max-image-preview:large, max-video-preview:-1\" \/>\n<link rel=\"canonical\" href=\"https:\/\/www.sestogrado.it\/en\/prodotto\/grivel-parete-30-zaino-alpinismo-arrampicata\/\" \/>\n<meta property=\"og:locale\" content=\"en_US\" \/>\n<meta property=\"og:type\" content=\"article\" \/>\n<meta property=\"og:title\" content=\"Grivel Parete 30 zaino alpinismo arrampicata - Sestogrado\" \/>\n<meta property=\"og:description\" content=\"Il Grivel Parete 30 \u00e8 uno zaino da 30 litri di nuova generazione, realizzato per essere versatile, completo e compatto per\u00a0arrampicata e alpinismo. E&#039; realizzato in CORDURA triple rispstop 305D, un materiale incredibilmente resistente, che lo rende ideale per tutte quelle situazioni in cui lo zaino \u00e8 a contatto diretto con la roccia, in camini, diedri.Il pannello posteriore termo-formato \u00e8 estremamente confortevole. Anche a pieno carico, fornisce supporto, struttura e imbottitura. Il telaio posteriore rimovibile, i porta piccozza e la cintura amovibili, due tasche laterali e una tasca interna assicurano una grande versatilit\u00e0 nonostante il design minimalista e pulito.La capacit\u00e0 del Parete 30 \u00e8 ideale per una lunga giornata o per un viaggio di pi\u00f9 giorni minimalista. Invece del tradizionale coperchio superiore, lo zaino ha una chiusura roll-top, che migliora la velocit\u00e0 e l&#039;accessibilit\u00e0 allo scomparto principale e consente di aumentare o ridurre il volume dello zaino stesso, per renderlo pi\u00f9 compatto, se necessario. Risulta particolarmente comodo, quando si \u00e8 in parete o in situazioni in cui non ci si pu\u00f2 completamente togliere lo zaino, l&#039;accesso al vano principale anche mediante una zip frontale. In questo modo \u00e8 sufficiente togliersi uno spallaccio per avere accesso immediato al contenuto principale.\" \/>\n<meta property=\"og:url\" content=\"https:\/\/www.sestogrado.it\/en\/prodotto\/grivel-parete-30-zaino-alpinismo-arrampicata\/\" \/>\n<meta property=\"og:site_name\" content=\"Sestogrado\" \/>\n<meta property=\"article:publisher\" content=\"https:\/\/www.facebook.com\/pages\/Sestogrado\/1542635979353017?ref=bookmarks\" \/>\n<meta property=\"article:modified_time\" content=\"2025-01-05T07:36:12+00:00\" \/>\n<meta property=\"og:image\" content=\"https:\/\/www.sestogrado.it\/wp-content\/uploads\/2020\/12\/01jpeg.jpg\" \/>\n\t<meta property=\"og:image:width\" content=\"1024\" \/>\n\t<meta property=\"og:image:height\" content=\"1024\" \/>\n\t<meta property=\"og:image:type\" content=\"image\/jpeg\" \/>\n<meta name=\"twitter:label1\" content=\"Price\" \/>\n\t<meta name=\"twitter:data1\" content=\"&euro;&nbsp;99,00\" \/>\n\t<meta name=\"twitter:label2\" content=\"Availability\" \/>\n\t<meta name=\"twitter:data2\" content=\"Out of stock\" \/>\n<script type=\"application\/ld+json\" class=\"yoast-schema-graph\">{\"@context\":\"https:\/\/schema.org\",\"@graph\":[{\"@type\":\"WebPage\",\"@id\":\"https:\/\/www.sestogrado.it\/en\/prodotto\/grivel-parete-30-zaino-alpinismo-arrampicata\/\",\"url\":\"https:\/\/www.sestogrado.it\/en\/prodotto\/grivel-parete-30-zaino-alpinismo-arrampicata\/\",\"name\":\"Grivel Parete 30 zaino alpinismo arrampicata - Sestogrado\",\"isPartOf\":{\"@id\":\"https:\/\/www.sestogrado.it\/en\/#website\"},\"primaryImageOfPage\":{\"@id\":\"https:\/\/www.sestogrado.it\/en\/prodotto\/grivel-parete-30-zaino-alpinismo-arrampicata\/#primaryimage\"},\"image\":{\"@id\":\"https:\/\/www.sestogrado.it\/prodotto\/grivel-parete-30-zaino-alpinismo-arrampicata\/#primaryimage\"},\"thumbnailUrl\":\"https:\/\/www.sestogrado.it\/wp-content\/uploads\/2020\/12\/01jpeg.jpg\",\"datePublished\":\"2020-12-30T10:31:30+00:00\",\"dateModified\":\"2025-01-05T07:36:12+00:00\",\"description\":\"Il Grivel Parete 30 \u00e8 uno zaino da 30 litri di nuova generazione, realizzato per essere versatile, completo e compatto per\u00a0arrampicata e alpinismo. E' realizzato in CORDURA triple rispstop 305D, un materiale incredibilmente resistente, che lo rende ideale per tutte quelle situazioni in cui lo zaino \u00e8 a contatto diretto con la roccia, in camini, diedri.Il pannello posteriore termo-formato \u00e8 estremamente confortevole. Anche a pieno carico, fornisce supporto, struttura e imbottitura. Il telaio posteriore rimovibile, i porta piccozza e la cintura amovibili, due tasche laterali e una tasca interna assicurano una grande versatilit\u00e0 nonostante il design minimalista e pulito.La capacit\u00e0 del Parete 30 \u00e8 ideale per una lunga giornata o per un viaggio di pi\u00f9 giorni minimalista. Invece del tradizionale coperchio superiore, lo zaino ha una chiusura roll-top, che migliora la velocit\u00e0 e l'accessibilit\u00e0 allo scomparto principale e consente di aumentare o ridurre il volume dello zaino stesso, per renderlo pi\u00f9 compatto, se necessario. Risulta particolarmente comodo, quando si \u00e8 in parete o in situazioni in cui non ci si pu\u00f2 completamente togliere lo zaino, l'accesso al vano principale anche mediante una zip frontale. In questo modo \u00e8 sufficiente togliersi uno spallaccio per avere accesso immediato al contenuto principale.\",\"breadcrumb\":{\"@id\":\"https:\/\/www.sestogrado.it\/en\/prodotto\/grivel-parete-30-zaino-alpinismo-arrampicata\/#breadcrumb\"},\"inLanguage\":\"en-US\",\"potentialAction\":[{\"@type\":\"ReadAction\",\"target\":[[\"https:\/\/www.sestogrado.it\/en\/prodotto\/grivel-parete-30-zaino-alpinismo-arrampicata\/\"]]}]},{\"@type\":\"ImageObject\",\"inLanguage\":\"en-US\",\"@id\":\"https:\/\/www.sestogrado.it\/en\/prodotto\/grivel-parete-30-zaino-alpinismo-arrampicata\/#primaryimage\",\"url\":\"https:\/\/www.sestogrado.it\/wp-content\/uploads\/2020\/12\/01jpeg.jpg\",\"contentUrl\":\"https:\/\/www.sestogrado.it\/wp-content\/uploads\/2020\/12\/01jpeg.jpg\",\"width\":1024,\"height\":1024,\"caption\":\"grivel parete 30\"},{\"@type\":\"BreadcrumbList\",\"@id\":\"https:\/\/www.sestogrado.it\/en\/prodotto\/grivel-parete-30-zaino-alpinismo-arrampicata\/#breadcrumb\",\"itemListElement\":[{\"@type\":\"ListItem\",\"position\":1,\"name\":\"Home\",\"item\":\"https:\/\/www.sestogrado.it\/en\/\"},{\"@type\":\"ListItem\",\"position\":2,\"name\":\"Shop\",\"item\":\"https:\/\/www.sestogrado.it\/en\/shop\/\"},{\"@type\":\"ListItem\",\"position\":3,\"name\":\"Grivel Parete 30 zaino alpinismo arrampicata\"}]},{\"@type\":\"WebSite\",\"@id\":\"https:\/\/www.sestogrado.it\/en\/#website\",\"url\":\"https:\/\/www.sestogrado.it\/en\/\",\"name\":\"Sestogrado\",\"description\":\"yes we climb\",\"publisher\":{\"@id\":\"https:\/\/www.sestogrado.it\/en\/#organization\"},\"potentialAction\":[{\"@type\":\"SearchAction\",\"target\":{\"@type\":\"EntryPoint\",\"urlTemplate\":\"https:\/\/www.sestogrado.it\/en\/?s={search_term_string}\"},\"query-input\":{\"@type\":\"PropertyValueSpecification\",\"valueRequired\":true,\"valueName\":\"search_term_string\"}}],\"inLanguage\":\"en-US\"},{\"@type\":\"Organization\",\"@id\":\"https:\/\/www.sestogrado.it\/en\/#organization\",\"name\":\"Sestogrado\",\"url\":\"https:\/\/www.sestogrado.it\/en\/\",\"logo\":{\"@type\":\"ImageObject\",\"inLanguage\":\"en-US\",\"@id\":\"https:\/\/www.sestogrado.it\/en\/#\/schema\/logo\/image\/\",\"url\":\"https:\/\/www.sestogrado.it\/wp-content\/uploads\/2015\/03\/sestogrado-favicon.png\",\"contentUrl\":\"https:\/\/www.sestogrado.it\/wp-content\/uploads\/2015\/03\/sestogrado-favicon.png\",\"width\":260,\"height\":260,\"caption\":\"Sestogrado\"},\"image\":{\"@id\":\"https:\/\/www.sestogrado.it\/en\/#\/schema\/logo\/image\/\"},\"sameAs\":[\"https:\/\/www.facebook.com\/pages\/Sestogrado\/1542635979353017?ref=bookmarks\",\"https:\/\/www.youtube.com\/channel\/UC847kAfTkaJsWpc1jtQwr3Q\"],\"hasMerchantReturnPolicy\":{\"@type\":\"MerchantReturnPolicy\",\"merchantReturnLink\":\"https:\/\/www.sestogrado.it\/en\/termini-e-condizioni\/\"}}]}<\/script>\n<meta property=\"product:brand\" content=\"Grivel\" \/>\n<meta property=\"product:price:amount\" content=\"99.00\" \/>\n<meta property=\"product:price:currency\" content=\"EUR\" \/>\n<meta property=\"og:availability\" content=\"out of stock\" \/>\n<meta property=\"product:availability\" content=\"out of stock\" \/>\n<meta property=\"product:condition\" content=\"new\" \/>\n<!-- \/ Yoast SEO plugin. -->","yoast_head_json":{"title":"Grivel Parete 30 zaino alpinismo arrampicata - Sestogrado","description":"Il Grivel Parete 30 \u00e8 uno zaino da 30 litri di nuova generazione, realizzato per essere versatile, completo e compatto per\u00a0arrampicata e alpinismo. E' realizzato in CORDURA triple rispstop 305D, un materiale incredibilmente resistente, che lo rende ideale per tutte quelle situazioni in cui lo zaino \u00e8 a contatto diretto con la roccia, in camini, diedri.Il pannello posteriore termo-formato \u00e8 estremamente confortevole. Anche a pieno carico, fornisce supporto, struttura e imbottitura. Il telaio posteriore rimovibile, i porta piccozza e la cintura amovibili, due tasche laterali e una tasca interna assicurano una grande versatilit\u00e0 nonostante il design minimalista e pulito.La capacit\u00e0 del Parete 30 \u00e8 ideale per una lunga giornata o per un viaggio di pi\u00f9 giorni minimalista. Invece del tradizionale coperchio superiore, lo zaino ha una chiusura roll-top, che migliora la velocit\u00e0 e l'accessibilit\u00e0 allo scomparto principale e consente di aumentare o ridurre il volume dello zaino stesso, per renderlo pi\u00f9 compatto, se necessario. Risulta particolarmente comodo, quando si \u00e8 in parete o in situazioni in cui non ci si pu\u00f2 completamente togliere lo zaino, l'accesso al vano principale anche mediante una zip frontale. In questo modo \u00e8 sufficiente togliersi uno spallaccio per avere accesso immediato al contenuto principale.","robots":{"index":"index","follow":"follow","max-snippet":"max-snippet:-1","max-image-preview":"max-image-preview:large","max-video-preview":"max-video-preview:-1"},"canonical":"https:\/\/www.sestogrado.it\/en\/prodotto\/grivel-parete-30-zaino-alpinismo-arrampicata\/","og_locale":"en_US","og_type":"article","og_title":"Grivel Parete 30 zaino alpinismo arrampicata - Sestogrado","og_description":"Il Grivel Parete 30 \u00e8 uno zaino da 30 litri di nuova generazione, realizzato per essere versatile, completo e compatto per\u00a0arrampicata e alpinismo. E' realizzato in CORDURA triple rispstop 305D, un materiale incredibilmente resistente, che lo rende ideale per tutte quelle situazioni in cui lo zaino \u00e8 a contatto diretto con la roccia, in camini, diedri.Il pannello posteriore termo-formato \u00e8 estremamente confortevole. Anche a pieno carico, fornisce supporto, struttura e imbottitura. Il telaio posteriore rimovibile, i porta piccozza e la cintura amovibili, due tasche laterali e una tasca interna assicurano una grande versatilit\u00e0 nonostante il design minimalista e pulito.La capacit\u00e0 del Parete 30 \u00e8 ideale per una lunga giornata o per un viaggio di pi\u00f9 giorni minimalista. Invece del tradizionale coperchio superiore, lo zaino ha una chiusura roll-top, che migliora la velocit\u00e0 e l'accessibilit\u00e0 allo scomparto principale e consente di aumentare o ridurre il volume dello zaino stesso, per renderlo pi\u00f9 compatto, se necessario. Risulta particolarmente comodo, quando si \u00e8 in parete o in situazioni in cui non ci si pu\u00f2 completamente togliere lo zaino, l'accesso al vano principale anche mediante una zip frontale. In questo modo \u00e8 sufficiente togliersi uno spallaccio per avere accesso immediato al contenuto principale.","og_url":"https:\/\/www.sestogrado.it\/en\/prodotto\/grivel-parete-30-zaino-alpinismo-arrampicata\/","og_site_name":"Sestogrado","article_publisher":"https:\/\/www.facebook.com\/pages\/Sestogrado\/1542635979353017?ref=bookmarks","article_modified_time":"2025-01-05T07:36:12+00:00","og_image":[{"width":1024,"height":1024,"url":"https:\/\/www.sestogrado.it\/wp-content\/uploads\/2020\/12\/01jpeg.jpg","type":"image\/jpeg"}],"twitter_misc":{"Price":"&euro;&nbsp;99,00","Availability":"Out of stock"},"schema":{"@context":"https:\/\/schema.org","@graph":[{"@type":"WebPage","@id":"https:\/\/www.sestogrado.it\/en\/prodotto\/grivel-parete-30-zaino-alpinismo-arrampicata\/","url":"https:\/\/www.sestogrado.it\/en\/prodotto\/grivel-parete-30-zaino-alpinismo-arrampicata\/","name":"Grivel Parete 30 zaino alpinismo arrampicata - Sestogrado","isPartOf":{"@id":"https:\/\/www.sestogrado.it\/en\/#website"},"primaryImageOfPage":{"@id":"https:\/\/www.sestogrado.it\/en\/prodotto\/grivel-parete-30-zaino-alpinismo-arrampicata\/#primaryimage"},"image":{"@id":"https:\/\/www.sestogrado.it\/prodotto\/grivel-parete-30-zaino-alpinismo-arrampicata\/#primaryimage"},"thumbnailUrl":"https:\/\/www.sestogrado.it\/wp-content\/uploads\/2020\/12\/01jpeg.jpg","datePublished":"2020-12-30T10:31:30+00:00","dateModified":"2025-01-05T07:36:12+00:00","description":"Il Grivel Parete 30 \u00e8 uno zaino da 30 litri di nuova generazione, realizzato per essere versatile, completo e compatto per\u00a0arrampicata e alpinismo. E' realizzato in CORDURA triple rispstop 305D, un materiale incredibilmente resistente, che lo rende ideale per tutte quelle situazioni in cui lo zaino \u00e8 a contatto diretto con la roccia, in camini, diedri.Il pannello posteriore termo-formato \u00e8 estremamente confortevole. Anche a pieno carico, fornisce supporto, struttura e imbottitura. Il telaio posteriore rimovibile, i porta piccozza e la cintura amovibili, due tasche laterali e una tasca interna assicurano una grande versatilit\u00e0 nonostante il design minimalista e pulito.La capacit\u00e0 del Parete 30 \u00e8 ideale per una lunga giornata o per un viaggio di pi\u00f9 giorni minimalista. Invece del tradizionale coperchio superiore, lo zaino ha una chiusura roll-top, che migliora la velocit\u00e0 e l'accessibilit\u00e0 allo scomparto principale e consente di aumentare o ridurre il volume dello zaino stesso, per renderlo pi\u00f9 compatto, se necessario. Risulta particolarmente comodo, quando si \u00e8 in parete o in situazioni in cui non ci si pu\u00f2 completamente togliere lo zaino, l'accesso al vano principale anche mediante una zip frontale. In questo modo \u00e8 sufficiente togliersi uno spallaccio per avere accesso immediato al contenuto principale.","breadcrumb":{"@id":"https:\/\/www.sestogrado.it\/en\/prodotto\/grivel-parete-30-zaino-alpinismo-arrampicata\/#breadcrumb"},"inLanguage":"en-US","potentialAction":[{"@type":"ReadAction","target":[["https:\/\/www.sestogrado.it\/en\/prodotto\/grivel-parete-30-zaino-alpinismo-arrampicata\/"]]}]},{"@type":"ImageObject","inLanguage":"en-US","@id":"https:\/\/www.sestogrado.it\/en\/prodotto\/grivel-parete-30-zaino-alpinismo-arrampicata\/#primaryimage","url":"https:\/\/www.sestogrado.it\/wp-content\/uploads\/2020\/12\/01jpeg.jpg","contentUrl":"https:\/\/www.sestogrado.it\/wp-content\/uploads\/2020\/12\/01jpeg.jpg","width":1024,"height":1024,"caption":"grivel parete 30"},{"@type":"BreadcrumbList","@id":"https:\/\/www.sestogrado.it\/en\/prodotto\/grivel-parete-30-zaino-alpinismo-arrampicata\/#breadcrumb","itemListElement":[{"@type":"ListItem","position":1,"name":"Home","item":"https:\/\/www.sestogrado.it\/en\/"},{"@type":"ListItem","position":2,"name":"Shop","item":"https:\/\/www.sestogrado.it\/en\/shop\/"},{"@type":"ListItem","position":3,"name":"Grivel Parete 30 zaino alpinismo arrampicata"}]},{"@type":"WebSite","@id":"https:\/\/www.sestogrado.it\/en\/#website","url":"https:\/\/www.sestogrado.it\/en\/","name":"Sestogrado","description":"yes we climb","publisher":{"@id":"https:\/\/www.sestogrado.it\/en\/#organization"},"potentialAction":[{"@type":"SearchAction","target":{"@type":"EntryPoint","urlTemplate":"https:\/\/www.sestogrado.it\/en\/?s={search_term_string}"},"query-input":{"@type":"PropertyValueSpecification","valueRequired":true,"valueName":"search_term_string"}}],"inLanguage":"en-US"},{"@type":"Organization","@id":"https:\/\/www.sestogrado.it\/en\/#organization","name":"Sestogrado","url":"https:\/\/www.sestogrado.it\/en\/","logo":{"@type":"ImageObject","inLanguage":"en-US","@id":"https:\/\/www.sestogrado.it\/en\/#\/schema\/logo\/image\/","url":"https:\/\/www.sestogrado.it\/wp-content\/uploads\/2015\/03\/sestogrado-favicon.png","contentUrl":"https:\/\/www.sestogrado.it\/wp-content\/uploads\/2015\/03\/sestogrado-favicon.png","width":260,"height":260,"caption":"Sestogrado"},"image":{"@id":"https:\/\/www.sestogrado.it\/en\/#\/schema\/logo\/image\/"},"sameAs":["https:\/\/www.facebook.com\/pages\/Sestogrado\/1542635979353017?ref=bookmarks","https:\/\/www.youtube.com\/channel\/UC847kAfTkaJsWpc1jtQwr3Q"],"hasMerchantReturnPolicy":{"@type":"MerchantReturnPolicy","merchantReturnLink":"https:\/\/www.sestogrado.it\/en\/termini-e-condizioni\/"}}]},"product_brand":"Grivel","product_price_amount":"99.00","product_price_currency":"EUR","og_availability":"out of stock","product_availability":"out of stock","product_condition":"new"},"_links":{"self":[{"href":"https:\/\/www.sestogrado.it\/en\/wp-json\/wp\/v2\/product\/48115","targetHints":{"allow":["GET"]}}],"collection":[{"href":"https:\/\/www.sestogrado.it\/en\/wp-json\/wp\/v2\/product"}],"about":[{"href":"https:\/\/www.sestogrado.it\/en\/wp-json\/wp\/v2\/types\/product"}],"replies":[{"embeddable":true,"href":"https:\/\/www.sestogrado.it\/en\/wp-json\/wp\/v2\/comments?post=48115"}],"wp:featuredmedia":[{"embeddable":true,"href":"https:\/\/www.sestogrado.it\/en\/wp-json\/wp\/v2\/media\/48117"}],"wp:attachment":[{"href":"https:\/\/www.sestogrado.it\/en\/wp-json\/wp\/v2\/media?parent=48115"}],"wp:term":[{"taxonomy":"product_brand","embeddable":true,"href":"https:\/\/www.sestogrado.it\/en\/wp-json\/wp\/v2\/product_brand?post=48115"},{"taxonomy":"product_cat","embeddable":true,"href":"https:\/\/www.sestogrado.it\/en\/wp-json\/wp\/v2\/product_cat?post=48115"},{"taxonomy":"product_tag","embeddable":true,"href":"https:\/\/www.sestogrado.it\/en\/wp-json\/wp\/v2\/product_tag?post=48115"}],"curies":[{"name":"wp","href":"https:\/\/api.w.org\/{rel}","templated":true}]}}