{"id":4808,"date":"2016-04-08T10:03:12","date_gmt":"2016-04-08T08:03:12","guid":{"rendered":"http:\/\/www.sestogrado.it\/?post_type=product&#038;p=4808"},"modified":"2026-04-02T11:20:37","modified_gmt":"2026-04-02T09:20:37","slug":"camp-nano-22-rackpack-set-moschettoni","status":"publish","type":"product","link":"https:\/\/www.sestogrado.it\/en\/prodotto\/camp-nano-22-rackpack-set-moschettoni\/","title":{"rendered":"Camp Nano 22 RackPack carabiner set"},"content":{"rendered":"<p><\/p>\n<div class=\"text-wrap\">\n<div class=\"result-shield-container\"><span class=\"translation\">The Camp Nano 22 is the lightest Camp carabiner and one of the lightest in the world, but it is also the most convenient carabiner when climbing on long alpine routes. <\/span><\/div>\n<div><\/div>\n<div class=\"result-shield-container\"><span class=\"translation\">The Nano 22 is the latest evolution of the Camp carabiner, only 22g in a strong and durable carabiner, with a deep rope housing and a gate designed to facilitate a simple quickdrawing. The nose protects the gate while the particular curvature and the total absence of protrusions facilitate the rope sliding, limiting its wear. <\/span><\/div>\n<div><\/div>\n<div class=\"result-shield-container\"><span class=\"translation\">The exceptional mechanical characteristics make the Nano 22 the ideal carabiner for mountaineering and climbing trad, where Nano 22 in different colors can be associated with its color of friend or nut. Considering its compact size, the Nano 22 makes it easy to secure even with particularly tight rings. <\/span><\/div>\n<ul>\n<li class=\"result-shield-container\"><span class=\"translation\">Record weight of 22g per carabiner <\/span><\/li>\n<li class=\"result-shield-container\"><span class=\"translation\">RackPack with carabiners in 6 different colors coordinated with those of the most used cams <\/span><\/li>\n<li class=\"result-shield-container\"><span class=\"translation\">Can be used with all types of strings <\/span><\/li>\n<li class=\"result-shield-container\"><span class=\"translation\">Significantly reduces the weight and overall dimensions of the equipment <\/span><\/li>\n<li class=\"result-shield-container\"><span class=\"translation\">Maximum functionality <\/span><\/li>\n<\/ul>\n<p><span class=\"translation\">Camp Nano 22, like all the RackPack carabiners, can be used as a normal carabiner to perform all rope handles, but obviously, given the super lightness, it is a carabiner that is best in mountaineering and climbing trad. Less weight means more chances of success.<\/span><\/p>\n<\/div>\n<p>&nbsp;<\/p>\n<p>CAMP (Concezione Articoli Montagna Premana) is situated in the small mountain village of Premana, Italy. This is a place where history, experience, imagination, and verticality have coalesced into a veritable crucible of mountain culture and product engineering. A century and a quarter of innovation that begins with the origins of modern mountaineering and ends with CAMP\u2019s global reputation for producing the lightest piece of gear in nearly every category.<\/p>\n<div class=\"result-footer\"><\/div>\n<p><\/p>","protected":false},"excerpt":{"rendered":"<p>The Camp Nano 22 is the lightest Camp carabiner and one of the lightest in the world, but it is [&hellip;]<\/p>\n","protected":false},"featured_media":10565,"comment_status":"open","ping_status":"closed","template":"","meta":{"_acf_changed":false},"product_brand":[31],"product_cat":[132],"product_tag":[418],"class_list":{"0":"post-4808","1":"product","2":"type-product","3":"status-publish","4":"has-post-thumbnail","6":"product_brand-camp","7":"product_cat-moschettoni","8":"product_tag-moschettoni","10":"first","11":"instock","12":"sale","13":"taxable","14":"shipping-taxable","15":"purchasable","16":"product-type-simple"},"acf":[],"yoast_head":"<!-- This site is optimized with the Yoast SEO plugin v26.4 - https:\/\/yoast.com\/wordpress\/plugins\/seo\/ -->\n<title>Camp Nano 22 RackPack carabiner set - Sestogrado<\/title>\n<meta name=\"description\" content=\"Il Camp Nano 22 \u00e8 il moschettone pi\u00f9 leggero di Camp. Con i suoi 22g il Camp Nano 22 \u00e8 uno dei moschettoni pi\u00f9 leggeri al mondo, ideale per l&#039;alpinismo. Il\u00a0Nano 22 \u00e8 la massima evoluzione del moschettone secondo Camp, solo 22g in un moschettone forte e resistente, con un profondo alloggiamento per la corda.\" \/>\n<meta name=\"robots\" content=\"index, follow, max-snippet:-1, max-image-preview:large, max-video-preview:-1\" \/>\n<link rel=\"canonical\" href=\"https:\/\/www.sestogrado.it\/en\/prodotto\/camp-nano-22-rackpack-set-moschettoni\/\" \/>\n<meta property=\"og:locale\" content=\"en_US\" \/>\n<meta property=\"og:type\" content=\"article\" \/>\n<meta property=\"og:title\" content=\"Camp Nano 22 RackPack carabiner set - Sestogrado\" \/>\n<meta property=\"og:description\" content=\"Il Camp Nano 22 \u00e8 il moschettone pi\u00f9 leggero di Camp. Con i suoi 22g il Camp Nano 22 \u00e8 uno dei moschettoni pi\u00f9 leggeri al mondo, ideale per l&#039;alpinismo. Il\u00a0Nano 22 \u00e8 la massima evoluzione del moschettone secondo Camp, solo 22g in un moschettone forte e resistente, con un profondo alloggiamento per la corda.\" \/>\n<meta property=\"og:url\" content=\"https:\/\/www.sestogrado.it\/en\/prodotto\/camp-nano-22-rackpack-set-moschettoni\/\" \/>\n<meta property=\"og:site_name\" content=\"Sestogrado\" \/>\n<meta property=\"article:publisher\" content=\"https:\/\/www.facebook.com\/pages\/Sestogrado\/1542635979353017?ref=bookmarks\" \/>\n<meta property=\"article:modified_time\" content=\"2026-04-02T09:20:37+00:00\" \/>\n<meta property=\"og:image\" content=\"https:\/\/www.sestogrado.it\/wp-content\/uploads\/2016\/04\/nano-22-01.jpg\" \/>\n\t<meta property=\"og:image:width\" content=\"977\" \/>\n\t<meta property=\"og:image:height\" content=\"1302\" \/>\n\t<meta property=\"og:image:type\" content=\"image\/jpeg\" \/>\n<meta name=\"twitter:label1\" content=\"Price\" \/>\n\t<meta name=\"twitter:data1\" content=\"&euro;&nbsp;44,90\" \/>\n\t<meta name=\"twitter:label2\" content=\"Availability\" \/>\n\t<meta name=\"twitter:data2\" content=\"In stock\" \/>\n<script type=\"application\/ld+json\" class=\"yoast-schema-graph\">{\"@context\":\"https:\/\/schema.org\",\"@graph\":[{\"@type\":\"WebPage\",\"@id\":\"https:\/\/www.sestogrado.it\/en\/prodotto\/camp-nano-22-rackpack-set-moschettoni\/\",\"url\":\"https:\/\/www.sestogrado.it\/en\/prodotto\/camp-nano-22-rackpack-set-moschettoni\/\",\"name\":\"Camp Nano 22 RackPack carabiner set - Sestogrado\",\"isPartOf\":{\"@id\":\"https:\/\/www.sestogrado.it\/en\/#website\"},\"primaryImageOfPage\":{\"@id\":\"https:\/\/www.sestogrado.it\/en\/prodotto\/camp-nano-22-rackpack-set-moschettoni\/#primaryimage\"},\"image\":{\"@id\":\"https:\/\/www.sestogrado.it\/prodotto\/camp-nano-22-rackpack-set-moschettoni\/#primaryimage\"},\"thumbnailUrl\":\"https:\/\/www.sestogrado.it\/wp-content\/uploads\/2016\/04\/nano-22-01.jpg\",\"datePublished\":\"2016-04-08T08:03:12+00:00\",\"dateModified\":\"2026-04-02T09:20:37+00:00\",\"description\":\"Il Camp Nano 22 \u00e8 il moschettone pi\u00f9 leggero di Camp. Con i suoi 22g il Camp Nano 22 \u00e8 uno dei moschettoni pi\u00f9 leggeri al mondo, ideale per l'alpinismo. Il\u00a0Nano 22 \u00e8 la massima evoluzione del moschettone secondo Camp, solo 22g in un moschettone forte e resistente, con un profondo alloggiamento per la corda.\",\"breadcrumb\":{\"@id\":\"https:\/\/www.sestogrado.it\/en\/prodotto\/camp-nano-22-rackpack-set-moschettoni\/#breadcrumb\"},\"inLanguage\":\"en-US\",\"potentialAction\":[{\"@type\":\"ReadAction\",\"target\":[[\"https:\/\/www.sestogrado.it\/en\/prodotto\/camp-nano-22-rackpack-set-moschettoni\/\"]]}]},{\"@type\":\"ImageObject\",\"inLanguage\":\"en-US\",\"@id\":\"https:\/\/www.sestogrado.it\/en\/prodotto\/camp-nano-22-rackpack-set-moschettoni\/#primaryimage\",\"url\":\"https:\/\/www.sestogrado.it\/wp-content\/uploads\/2016\/04\/nano-22-01.jpg\",\"contentUrl\":\"https:\/\/www.sestogrado.it\/wp-content\/uploads\/2016\/04\/nano-22-01.jpg\",\"width\":977,\"height\":1302,\"caption\":\"camp nano 22\"},{\"@type\":\"BreadcrumbList\",\"@id\":\"https:\/\/www.sestogrado.it\/en\/prodotto\/camp-nano-22-rackpack-set-moschettoni\/#breadcrumb\",\"itemListElement\":[{\"@type\":\"ListItem\",\"position\":1,\"name\":\"Home\",\"item\":\"https:\/\/www.sestogrado.it\/en\/\"},{\"@type\":\"ListItem\",\"position\":2,\"name\":\"Shop\",\"item\":\"https:\/\/www.sestogrado.it\/en\/shop\/\"},{\"@type\":\"ListItem\",\"position\":3,\"name\":\"Camp Nano 22 RackPack set moschettoni\"}]},{\"@type\":\"WebSite\",\"@id\":\"https:\/\/www.sestogrado.it\/en\/#website\",\"url\":\"https:\/\/www.sestogrado.it\/en\/\",\"name\":\"Sestogrado\",\"description\":\"yes we climb\",\"publisher\":{\"@id\":\"https:\/\/www.sestogrado.it\/en\/#organization\"},\"potentialAction\":[{\"@type\":\"SearchAction\",\"target\":{\"@type\":\"EntryPoint\",\"urlTemplate\":\"https:\/\/www.sestogrado.it\/en\/?s={search_term_string}\"},\"query-input\":{\"@type\":\"PropertyValueSpecification\",\"valueRequired\":true,\"valueName\":\"search_term_string\"}}],\"inLanguage\":\"en-US\"},{\"@type\":\"Organization\",\"@id\":\"https:\/\/www.sestogrado.it\/en\/#organization\",\"name\":\"Sestogrado\",\"url\":\"https:\/\/www.sestogrado.it\/en\/\",\"logo\":{\"@type\":\"ImageObject\",\"inLanguage\":\"en-US\",\"@id\":\"https:\/\/www.sestogrado.it\/en\/#\/schema\/logo\/image\/\",\"url\":\"https:\/\/www.sestogrado.it\/wp-content\/uploads\/2015\/03\/sestogrado-favicon.png\",\"contentUrl\":\"https:\/\/www.sestogrado.it\/wp-content\/uploads\/2015\/03\/sestogrado-favicon.png\",\"width\":260,\"height\":260,\"caption\":\"Sestogrado\"},\"image\":{\"@id\":\"https:\/\/www.sestogrado.it\/en\/#\/schema\/logo\/image\/\"},\"sameAs\":[\"https:\/\/www.facebook.com\/pages\/Sestogrado\/1542635979353017?ref=bookmarks\",\"https:\/\/www.youtube.com\/channel\/UC847kAfTkaJsWpc1jtQwr3Q\"],\"hasMerchantReturnPolicy\":{\"@type\":\"MerchantReturnPolicy\",\"merchantReturnLink\":\"https:\/\/www.sestogrado.it\/en\/termini-e-condizioni\/\"}}]}<\/script>\n<meta property=\"product:brand\" content=\"Camp\" \/>\n<meta property=\"product:price:amount\" content=\"44.90\" \/>\n<meta property=\"product:price:currency\" content=\"EUR\" \/>\n<meta property=\"og:availability\" content=\"instock\" \/>\n<meta property=\"product:availability\" content=\"instock\" \/>\n<meta property=\"product:condition\" content=\"new\" \/>\n<!-- \/ Yoast SEO plugin. -->","yoast_head_json":{"title":"Camp Nano 22 RackPack carabiner set - Sestogrado","description":"Il Camp Nano 22 \u00e8 il moschettone pi\u00f9 leggero di Camp. Con i suoi 22g il Camp Nano 22 \u00e8 uno dei moschettoni pi\u00f9 leggeri al mondo, ideale per l'alpinismo. Il\u00a0Nano 22 \u00e8 la massima evoluzione del moschettone secondo Camp, solo 22g in un moschettone forte e resistente, con un profondo alloggiamento per la corda.","robots":{"index":"index","follow":"follow","max-snippet":"max-snippet:-1","max-image-preview":"max-image-preview:large","max-video-preview":"max-video-preview:-1"},"canonical":"https:\/\/www.sestogrado.it\/en\/prodotto\/camp-nano-22-rackpack-set-moschettoni\/","og_locale":"en_US","og_type":"article","og_title":"Camp Nano 22 RackPack carabiner set - Sestogrado","og_description":"Il Camp Nano 22 \u00e8 il moschettone pi\u00f9 leggero di Camp. Con i suoi 22g il Camp Nano 22 \u00e8 uno dei moschettoni pi\u00f9 leggeri al mondo, ideale per l'alpinismo. Il\u00a0Nano 22 \u00e8 la massima evoluzione del moschettone secondo Camp, solo 22g in un moschettone forte e resistente, con un profondo alloggiamento per la corda.","og_url":"https:\/\/www.sestogrado.it\/en\/prodotto\/camp-nano-22-rackpack-set-moschettoni\/","og_site_name":"Sestogrado","article_publisher":"https:\/\/www.facebook.com\/pages\/Sestogrado\/1542635979353017?ref=bookmarks","article_modified_time":"2026-04-02T09:20:37+00:00","og_image":[{"width":977,"height":1302,"url":"https:\/\/www.sestogrado.it\/wp-content\/uploads\/2016\/04\/nano-22-01.jpg","type":"image\/jpeg"}],"twitter_misc":{"Price":"&euro;&nbsp;44,90","Availability":"In stock"},"schema":{"@context":"https:\/\/schema.org","@graph":[{"@type":"WebPage","@id":"https:\/\/www.sestogrado.it\/en\/prodotto\/camp-nano-22-rackpack-set-moschettoni\/","url":"https:\/\/www.sestogrado.it\/en\/prodotto\/camp-nano-22-rackpack-set-moschettoni\/","name":"Camp Nano 22 RackPack carabiner set - Sestogrado","isPartOf":{"@id":"https:\/\/www.sestogrado.it\/en\/#website"},"primaryImageOfPage":{"@id":"https:\/\/www.sestogrado.it\/en\/prodotto\/camp-nano-22-rackpack-set-moschettoni\/#primaryimage"},"image":{"@id":"https:\/\/www.sestogrado.it\/prodotto\/camp-nano-22-rackpack-set-moschettoni\/#primaryimage"},"thumbnailUrl":"https:\/\/www.sestogrado.it\/wp-content\/uploads\/2016\/04\/nano-22-01.jpg","datePublished":"2016-04-08T08:03:12+00:00","dateModified":"2026-04-02T09:20:37+00:00","description":"Il Camp Nano 22 \u00e8 il moschettone pi\u00f9 leggero di Camp. Con i suoi 22g il Camp Nano 22 \u00e8 uno dei moschettoni pi\u00f9 leggeri al mondo, ideale per l'alpinismo. Il\u00a0Nano 22 \u00e8 la massima evoluzione del moschettone secondo Camp, solo 22g in un moschettone forte e resistente, con un profondo alloggiamento per la corda.","breadcrumb":{"@id":"https:\/\/www.sestogrado.it\/en\/prodotto\/camp-nano-22-rackpack-set-moschettoni\/#breadcrumb"},"inLanguage":"en-US","potentialAction":[{"@type":"ReadAction","target":[["https:\/\/www.sestogrado.it\/en\/prodotto\/camp-nano-22-rackpack-set-moschettoni\/"]]}]},{"@type":"ImageObject","inLanguage":"en-US","@id":"https:\/\/www.sestogrado.it\/en\/prodotto\/camp-nano-22-rackpack-set-moschettoni\/#primaryimage","url":"https:\/\/www.sestogrado.it\/wp-content\/uploads\/2016\/04\/nano-22-01.jpg","contentUrl":"https:\/\/www.sestogrado.it\/wp-content\/uploads\/2016\/04\/nano-22-01.jpg","width":977,"height":1302,"caption":"camp nano 22"},{"@type":"BreadcrumbList","@id":"https:\/\/www.sestogrado.it\/en\/prodotto\/camp-nano-22-rackpack-set-moschettoni\/#breadcrumb","itemListElement":[{"@type":"ListItem","position":1,"name":"Home","item":"https:\/\/www.sestogrado.it\/en\/"},{"@type":"ListItem","position":2,"name":"Shop","item":"https:\/\/www.sestogrado.it\/en\/shop\/"},{"@type":"ListItem","position":3,"name":"Camp Nano 22 RackPack set moschettoni"}]},{"@type":"WebSite","@id":"https:\/\/www.sestogrado.it\/en\/#website","url":"https:\/\/www.sestogrado.it\/en\/","name":"Sestogrado","description":"yes we climb","publisher":{"@id":"https:\/\/www.sestogrado.it\/en\/#organization"},"potentialAction":[{"@type":"SearchAction","target":{"@type":"EntryPoint","urlTemplate":"https:\/\/www.sestogrado.it\/en\/?s={search_term_string}"},"query-input":{"@type":"PropertyValueSpecification","valueRequired":true,"valueName":"search_term_string"}}],"inLanguage":"en-US"},{"@type":"Organization","@id":"https:\/\/www.sestogrado.it\/en\/#organization","name":"Sestogrado","url":"https:\/\/www.sestogrado.it\/en\/","logo":{"@type":"ImageObject","inLanguage":"en-US","@id":"https:\/\/www.sestogrado.it\/en\/#\/schema\/logo\/image\/","url":"https:\/\/www.sestogrado.it\/wp-content\/uploads\/2015\/03\/sestogrado-favicon.png","contentUrl":"https:\/\/www.sestogrado.it\/wp-content\/uploads\/2015\/03\/sestogrado-favicon.png","width":260,"height":260,"caption":"Sestogrado"},"image":{"@id":"https:\/\/www.sestogrado.it\/en\/#\/schema\/logo\/image\/"},"sameAs":["https:\/\/www.facebook.com\/pages\/Sestogrado\/1542635979353017?ref=bookmarks","https:\/\/www.youtube.com\/channel\/UC847kAfTkaJsWpc1jtQwr3Q"],"hasMerchantReturnPolicy":{"@type":"MerchantReturnPolicy","merchantReturnLink":"https:\/\/www.sestogrado.it\/en\/termini-e-condizioni\/"}}]},"product_brand":"Camp","product_price_amount":"44.90","product_price_currency":"EUR","og_availability":"instock","product_availability":"instock","product_condition":"new"},"_links":{"self":[{"href":"https:\/\/www.sestogrado.it\/en\/wp-json\/wp\/v2\/product\/4808","targetHints":{"allow":["GET"]}}],"collection":[{"href":"https:\/\/www.sestogrado.it\/en\/wp-json\/wp\/v2\/product"}],"about":[{"href":"https:\/\/www.sestogrado.it\/en\/wp-json\/wp\/v2\/types\/product"}],"replies":[{"embeddable":true,"href":"https:\/\/www.sestogrado.it\/en\/wp-json\/wp\/v2\/comments?post=4808"}],"wp:featuredmedia":[{"embeddable":true,"href":"https:\/\/www.sestogrado.it\/en\/wp-json\/wp\/v2\/media\/10565"}],"wp:attachment":[{"href":"https:\/\/www.sestogrado.it\/en\/wp-json\/wp\/v2\/media?parent=4808"}],"wp:term":[{"taxonomy":"product_brand","embeddable":true,"href":"https:\/\/www.sestogrado.it\/en\/wp-json\/wp\/v2\/product_brand?post=4808"},{"taxonomy":"product_cat","embeddable":true,"href":"https:\/\/www.sestogrado.it\/en\/wp-json\/wp\/v2\/product_cat?post=4808"},{"taxonomy":"product_tag","embeddable":true,"href":"https:\/\/www.sestogrado.it\/en\/wp-json\/wp\/v2\/product_tag?post=4808"}],"curies":[{"name":"wp","href":"https:\/\/api.w.org\/{rel}","templated":true}]}}