{"id":46616,"date":"2020-12-11T15:22:26","date_gmt":"2020-12-11T14:22:26","guid":{"rendered":"https:\/\/www.sestogrado.it\/?post_type=product&#038;p=46616"},"modified":"2026-01-28T10:57:21","modified_gmt":"2026-01-28T09:57:21","slug":"black-diamond-torque-guanti-da-alpinismo","status":"publish","type":"product","link":"https:\/\/www.sestogrado.it\/en\/prodotto\/black-diamond-torque-guanti-da-alpinismo\/","title":{"rendered":"Black Diamond Torque guanti da alpinismo"},"content":{"rendered":"<p>I Black Diamond Torque sono dei guanti a vestibilit\u00e0 stretta, con un palmo super aderente. Concepiti per offrire il massimo comfort in temperature tra i -4\u00b0 ed i +7\u00b0, sono dei guanti ideali per misto e drytooling.<\/p>\n<p>I Torque offrono sensibilit\u00e0 e grip senza pari per fornire massima aderenza alla roccia. La membrana in Softshell protegge le mani dal freddo, rimanendo altamente traspirante. L&#8217;inserto in TPU protegge le nocche contro l&#8217;abrasione ed una forma specifica, preformata, offre una impugnabilit\u00e0 senza pari di attrezzi come piccozze o bastoncini. La costruzione senza cucitura sul mignolo, offre elevato comfort anche quando ci si appoggia o si aggancia un attrezzo alla mano.<\/p>\n<ul>\n<li>resistente alle abrasioni, fodera in Softshell<\/li>\n<li>palmo anti slittamente per massima aderenza e grip<\/li>\n<li>fodera in laminato spazzolato<\/li>\n<li>nocche in TPU anti abrasione<\/li>\n<li>costruzione senza cucitura sul mignolo<\/li>\n<li>polsino in neoprene con chiusura a strappo e passante per moschettone<\/li>\n<li>preformato per impugnabilit\u00e0 piccozza<\/li>\n<\/ul>\n<p>&nbsp;<\/p>\n<p>I Black Diamond Torque sono un guanto ideale per le situazioni in cui \u00e8 richiesta sensibilit\u00e0 ed aderenza con la parete, ottimi per arrampicata mista e drytooling.<\/p>\n<p>&nbsp;<\/p>\n<p><em>Consiglio: i Black Diamond Torque vestono leggermente pi\u00f9 stretto di quanto riportato nella tabella delle taglie di Black Diamond. Se si \u00e8 al limite tra una taglia e l&#8217;altra, optare per la misura superiore.<\/em><\/p>\n<p>&nbsp;<\/p>\n<p>Per scegliere la taglia misurarsi la circonferenza del palmo, in corrispondenza delle nocche:<\/p>\n<p><img decoding=\"async\" class=\"size-full wp-image-23609 img-fluid alignnone\" src=\"https:\/\/www.sestogrado.it\/wp-content\/uploads\/2019\/10\/mano.png\" alt=\"mano\" width=\"300\" height=\"300\" srcset=\"https:\/\/www.sestogrado.it\/wp-content\/uploads\/2019\/10\/mano.png 300w, https:\/\/www.sestogrado.it\/wp-content\/uploads\/2019\/10\/mano-100x100.png 100w, https:\/\/www.sestogrado.it\/wp-content\/uploads\/2019\/10\/mano-220x220.png 220w, https:\/\/www.sestogrado.it\/wp-content\/uploads\/2019\/10\/mano-150x150.png 150w, https:\/\/www.sestogrado.it\/wp-content\/uploads\/2019\/10\/mano-45x45.png 45w, https:\/\/www.sestogrado.it\/wp-content\/uploads\/2019\/10\/mano-64x64.png 64w, https:\/\/www.sestogrado.it\/wp-content\/uploads\/2019\/10\/mano-80x80.png 80w\" sizes=\"(max-width: 300px) 100vw, 300px\" \/><\/p>\n<p>&nbsp;<\/p>\n<p>XXS 14.6-15.9cm<\/p>\n<p>XS 18.4-19.7cm<\/p>\n<p>S 19.7-21cm<\/p>\n<p>M 21.5-23cm<\/p>\n<p>L 23-24cm<\/p>\n<p>XL 24-25.4cm<\/p>\n<p>XXL 25.4-26.6cm<\/p>\n<p id=\"tw-target-text\" class=\"tw-data-text tw-text-large tw-ta\" dir=\"ltr\" data-placeholder=\"Traduzione\">Black Diamond dal 1957 rappresenta un punto di riferimento mondiale per l\u2019attrezzatura da arrampicata. Ci\u00f2 che all\u2019inizio era una attivit\u00e0 artigianale con incudine e martello oggi si \u00e8 trasformata in una societ\u00e0 globale con uffici in tre continenti. Il segreto di Black Diamond \u00e8 sempre lo stesso: essere una societ\u00e0 formata da appassionati climber. In Black Diamond si continua a sognare su ci\u00f2 che potrebbe essere e si continua ad essere critici su ci\u00f2 che esiste. E\u2019 cos\u00ec che il processo creativo per la realizzazione della migliore attrezzatura da arrampicata non avr\u00e0 mai fine.<\/p>\n<p>&nbsp;<\/p>\n","protected":false},"excerpt":{"rendered":"<p>I Black Diamond Torque sono dei guanti a vestibilit\u00e0 stretta, con un palmo super aderente. Concepiti per offrire il massimo [&hellip;]<\/p>\n","protected":false},"featured_media":46618,"comment_status":"open","ping_status":"closed","template":"","meta":{"_acf_changed":false},"product_brand":[121],"product_cat":[1428],"product_tag":[],"class_list":{"0":"post-46616","1":"product","2":"type-product","3":"status-publish","4":"has-post-thumbnail","6":"product_brand-black-diamond","7":"product_cat-guanti-da-alpinismo","9":"first","10":"instock","11":"sale","12":"taxable","13":"shipping-taxable","14":"purchasable","15":"product-type-variable"},"acf":[],"yoast_head":"<!-- This site is optimized with the Yoast SEO plugin v26.4 - https:\/\/yoast.com\/wordpress\/plugins\/seo\/ -->\n<title>Black Diamond Torque guanti da alpinismo - Sestogrado<\/title>\n<meta name=\"description\" content=\"I Black Diamond Torque sono dei guanti a vestibilit\u00e0 stretta, con un palmo super aderente. Concepiti per offrire il massimo comfort in temperature tra i -4\u00b0 ed i +7\u00b0, sono dei guanti ideali per misto e drytooling.I Torque offrono sensibilit\u00e0 e grip senza pari per fornire massima aderenza alla roccia. La membrana in Softshell protegge le mani dal freddo, rimanendo altamente traspirante. L&#039;inserto in TPU protegge le nocche contro l&#039;abrasione ed una forma specifica, preformata, offre una impugnabilit\u00e0 senza pari di attrezzi come piccozze o bastoncini. La costruzione senza cucitura sul mignolo, offre elevato comfort anche quando ci si appoggia o si aggancia un attrezzo alla mano.\" \/>\n<meta name=\"robots\" content=\"index, follow, max-snippet:-1, max-image-preview:large, max-video-preview:-1\" \/>\n<link rel=\"canonical\" href=\"https:\/\/www.sestogrado.it\/en\/prodotto\/black-diamond-torque-guanti-da-alpinismo\/\" \/>\n<meta property=\"og:locale\" content=\"en_US\" \/>\n<meta property=\"og:type\" content=\"article\" \/>\n<meta property=\"og:title\" content=\"Black Diamond Torque guanti da alpinismo - Sestogrado\" \/>\n<meta property=\"og:description\" content=\"I Black Diamond Torque sono dei guanti a vestibilit\u00e0 stretta, con un palmo super aderente. Concepiti per offrire il massimo comfort in temperature tra i -4\u00b0 ed i +7\u00b0, sono dei guanti ideali per misto e drytooling.I Torque offrono sensibilit\u00e0 e grip senza pari per fornire massima aderenza alla roccia. La membrana in Softshell protegge le mani dal freddo, rimanendo altamente traspirante. L&#039;inserto in TPU protegge le nocche contro l&#039;abrasione ed una forma specifica, preformata, offre una impugnabilit\u00e0 senza pari di attrezzi come piccozze o bastoncini. La costruzione senza cucitura sul mignolo, offre elevato comfort anche quando ci si appoggia o si aggancia un attrezzo alla mano.\" \/>\n<meta property=\"og:url\" content=\"https:\/\/www.sestogrado.it\/en\/prodotto\/black-diamond-torque-guanti-da-alpinismo\/\" \/>\n<meta property=\"og:site_name\" content=\"Sestogrado\" \/>\n<meta property=\"article:publisher\" content=\"https:\/\/www.facebook.com\/pages\/Sestogrado\/1542635979353017?ref=bookmarks\" \/>\n<meta property=\"article:modified_time\" content=\"2026-01-28T09:57:21+00:00\" \/>\n<meta property=\"og:image\" content=\"https:\/\/www.sestogrado.it\/wp-content\/uploads\/2020\/12\/torque-2021.jpg\" \/>\n\t<meta property=\"og:image:width\" content=\"1152\" \/>\n\t<meta property=\"og:image:height\" content=\"1152\" \/>\n\t<meta property=\"og:image:type\" content=\"image\/jpeg\" \/>\n<meta name=\"twitter:label1\" content=\"Availability\" \/>\n\t<meta name=\"twitter:data1\" content=\"In stock\" \/>\n<script type=\"application\/ld+json\" class=\"yoast-schema-graph\">{\"@context\":\"https:\/\/schema.org\",\"@graph\":[{\"@type\":\"WebPage\",\"@id\":\"https:\/\/www.sestogrado.it\/en\/prodotto\/black-diamond-torque-guanti-da-alpinismo\/\",\"url\":\"https:\/\/www.sestogrado.it\/en\/prodotto\/black-diamond-torque-guanti-da-alpinismo\/\",\"name\":\"Black Diamond Torque guanti da alpinismo - Sestogrado\",\"isPartOf\":{\"@id\":\"https:\/\/www.sestogrado.it\/en\/#website\"},\"primaryImageOfPage\":{\"@id\":\"https:\/\/www.sestogrado.it\/en\/prodotto\/black-diamond-torque-guanti-da-alpinismo\/#primaryimage\"},\"image\":{\"@id\":\"https:\/\/www.sestogrado.it\/prodotto\/black-diamond-torque-guanti-da-alpinismo\/#primaryimage\"},\"thumbnailUrl\":\"https:\/\/www.sestogrado.it\/wp-content\/uploads\/2020\/12\/torque-2021.jpg\",\"datePublished\":\"2020-12-11T14:22:26+00:00\",\"dateModified\":\"2026-01-28T09:57:21+00:00\",\"description\":\"I Black Diamond Torque sono dei guanti a vestibilit\u00e0 stretta, con un palmo super aderente. Concepiti per offrire il massimo comfort in temperature tra i -4\u00b0 ed i +7\u00b0, sono dei guanti ideali per misto e drytooling.I Torque offrono sensibilit\u00e0 e grip senza pari per fornire massima aderenza alla roccia. La membrana in Softshell protegge le mani dal freddo, rimanendo altamente traspirante. L'inserto in TPU protegge le nocche contro l'abrasione ed una forma specifica, preformata, offre una impugnabilit\u00e0 senza pari di attrezzi come piccozze o bastoncini. La costruzione senza cucitura sul mignolo, offre elevato comfort anche quando ci si appoggia o si aggancia un attrezzo alla mano.\",\"breadcrumb\":{\"@id\":\"https:\/\/www.sestogrado.it\/en\/prodotto\/black-diamond-torque-guanti-da-alpinismo\/#breadcrumb\"},\"inLanguage\":\"en-US\",\"potentialAction\":[{\"@type\":\"ReadAction\",\"target\":[[\"https:\/\/www.sestogrado.it\/en\/prodotto\/black-diamond-torque-guanti-da-alpinismo\/\"]]}]},{\"@type\":\"ImageObject\",\"inLanguage\":\"en-US\",\"@id\":\"https:\/\/www.sestogrado.it\/en\/prodotto\/black-diamond-torque-guanti-da-alpinismo\/#primaryimage\",\"url\":\"https:\/\/www.sestogrado.it\/wp-content\/uploads\/2020\/12\/torque-2021.jpg\",\"contentUrl\":\"https:\/\/www.sestogrado.it\/wp-content\/uploads\/2020\/12\/torque-2021.jpg\",\"width\":1152,\"height\":1152,\"caption\":\"black diamond torque\"},{\"@type\":\"BreadcrumbList\",\"@id\":\"https:\/\/www.sestogrado.it\/en\/prodotto\/black-diamond-torque-guanti-da-alpinismo\/#breadcrumb\",\"itemListElement\":[{\"@type\":\"ListItem\",\"position\":1,\"name\":\"Home\",\"item\":\"https:\/\/www.sestogrado.it\/en\/\"},{\"@type\":\"ListItem\",\"position\":2,\"name\":\"Shop\",\"item\":\"https:\/\/www.sestogrado.it\/en\/shop\/\"},{\"@type\":\"ListItem\",\"position\":3,\"name\":\"Black Diamond Torque guanti da alpinismo\"}]},{\"@type\":\"WebSite\",\"@id\":\"https:\/\/www.sestogrado.it\/en\/#website\",\"url\":\"https:\/\/www.sestogrado.it\/en\/\",\"name\":\"Sestogrado\",\"description\":\"yes we climb\",\"publisher\":{\"@id\":\"https:\/\/www.sestogrado.it\/en\/#organization\"},\"potentialAction\":[{\"@type\":\"SearchAction\",\"target\":{\"@type\":\"EntryPoint\",\"urlTemplate\":\"https:\/\/www.sestogrado.it\/en\/?s={search_term_string}\"},\"query-input\":{\"@type\":\"PropertyValueSpecification\",\"valueRequired\":true,\"valueName\":\"search_term_string\"}}],\"inLanguage\":\"en-US\"},{\"@type\":\"Organization\",\"@id\":\"https:\/\/www.sestogrado.it\/en\/#organization\",\"name\":\"Sestogrado\",\"url\":\"https:\/\/www.sestogrado.it\/en\/\",\"logo\":{\"@type\":\"ImageObject\",\"inLanguage\":\"en-US\",\"@id\":\"https:\/\/www.sestogrado.it\/en\/#\/schema\/logo\/image\/\",\"url\":\"https:\/\/www.sestogrado.it\/wp-content\/uploads\/2015\/03\/sestogrado-favicon.png\",\"contentUrl\":\"https:\/\/www.sestogrado.it\/wp-content\/uploads\/2015\/03\/sestogrado-favicon.png\",\"width\":260,\"height\":260,\"caption\":\"Sestogrado\"},\"image\":{\"@id\":\"https:\/\/www.sestogrado.it\/en\/#\/schema\/logo\/image\/\"},\"sameAs\":[\"https:\/\/www.facebook.com\/pages\/Sestogrado\/1542635979353017?ref=bookmarks\",\"https:\/\/www.youtube.com\/channel\/UC847kAfTkaJsWpc1jtQwr3Q\"],\"hasMerchantReturnPolicy\":{\"@type\":\"MerchantReturnPolicy\",\"merchantReturnLink\":\"https:\/\/www.sestogrado.it\/en\/termini-e-condizioni\/\"}}]}<\/script>\n<meta property=\"product:brand\" content=\"Black Diamond\" \/>\n<meta property=\"og:availability\" content=\"instock\" \/>\n<meta property=\"product:availability\" content=\"instock\" \/>\n<meta property=\"product:condition\" content=\"new\" \/>\n<!-- \/ Yoast SEO plugin. -->","yoast_head_json":{"title":"Black Diamond Torque guanti da alpinismo - Sestogrado","description":"I Black Diamond Torque sono dei guanti a vestibilit\u00e0 stretta, con un palmo super aderente. Concepiti per offrire il massimo comfort in temperature tra i -4\u00b0 ed i +7\u00b0, sono dei guanti ideali per misto e drytooling.I Torque offrono sensibilit\u00e0 e grip senza pari per fornire massima aderenza alla roccia. La membrana in Softshell protegge le mani dal freddo, rimanendo altamente traspirante. L'inserto in TPU protegge le nocche contro l'abrasione ed una forma specifica, preformata, offre una impugnabilit\u00e0 senza pari di attrezzi come piccozze o bastoncini. La costruzione senza cucitura sul mignolo, offre elevato comfort anche quando ci si appoggia o si aggancia un attrezzo alla mano.","robots":{"index":"index","follow":"follow","max-snippet":"max-snippet:-1","max-image-preview":"max-image-preview:large","max-video-preview":"max-video-preview:-1"},"canonical":"https:\/\/www.sestogrado.it\/en\/prodotto\/black-diamond-torque-guanti-da-alpinismo\/","og_locale":"en_US","og_type":"article","og_title":"Black Diamond Torque guanti da alpinismo - Sestogrado","og_description":"I Black Diamond Torque sono dei guanti a vestibilit\u00e0 stretta, con un palmo super aderente. Concepiti per offrire il massimo comfort in temperature tra i -4\u00b0 ed i +7\u00b0, sono dei guanti ideali per misto e drytooling.I Torque offrono sensibilit\u00e0 e grip senza pari per fornire massima aderenza alla roccia. La membrana in Softshell protegge le mani dal freddo, rimanendo altamente traspirante. L'inserto in TPU protegge le nocche contro l'abrasione ed una forma specifica, preformata, offre una impugnabilit\u00e0 senza pari di attrezzi come piccozze o bastoncini. La costruzione senza cucitura sul mignolo, offre elevato comfort anche quando ci si appoggia o si aggancia un attrezzo alla mano.","og_url":"https:\/\/www.sestogrado.it\/en\/prodotto\/black-diamond-torque-guanti-da-alpinismo\/","og_site_name":"Sestogrado","article_publisher":"https:\/\/www.facebook.com\/pages\/Sestogrado\/1542635979353017?ref=bookmarks","article_modified_time":"2026-01-28T09:57:21+00:00","og_image":[{"width":1152,"height":1152,"url":"https:\/\/www.sestogrado.it\/wp-content\/uploads\/2020\/12\/torque-2021.jpg","type":"image\/jpeg"}],"twitter_misc":{"Availability":"In stock"},"schema":{"@context":"https:\/\/schema.org","@graph":[{"@type":"WebPage","@id":"https:\/\/www.sestogrado.it\/en\/prodotto\/black-diamond-torque-guanti-da-alpinismo\/","url":"https:\/\/www.sestogrado.it\/en\/prodotto\/black-diamond-torque-guanti-da-alpinismo\/","name":"Black Diamond Torque guanti da alpinismo - Sestogrado","isPartOf":{"@id":"https:\/\/www.sestogrado.it\/en\/#website"},"primaryImageOfPage":{"@id":"https:\/\/www.sestogrado.it\/en\/prodotto\/black-diamond-torque-guanti-da-alpinismo\/#primaryimage"},"image":{"@id":"https:\/\/www.sestogrado.it\/prodotto\/black-diamond-torque-guanti-da-alpinismo\/#primaryimage"},"thumbnailUrl":"https:\/\/www.sestogrado.it\/wp-content\/uploads\/2020\/12\/torque-2021.jpg","datePublished":"2020-12-11T14:22:26+00:00","dateModified":"2026-01-28T09:57:21+00:00","description":"I Black Diamond Torque sono dei guanti a vestibilit\u00e0 stretta, con un palmo super aderente. Concepiti per offrire il massimo comfort in temperature tra i -4\u00b0 ed i +7\u00b0, sono dei guanti ideali per misto e drytooling.I Torque offrono sensibilit\u00e0 e grip senza pari per fornire massima aderenza alla roccia. La membrana in Softshell protegge le mani dal freddo, rimanendo altamente traspirante. L'inserto in TPU protegge le nocche contro l'abrasione ed una forma specifica, preformata, offre una impugnabilit\u00e0 senza pari di attrezzi come piccozze o bastoncini. La costruzione senza cucitura sul mignolo, offre elevato comfort anche quando ci si appoggia o si aggancia un attrezzo alla mano.","breadcrumb":{"@id":"https:\/\/www.sestogrado.it\/en\/prodotto\/black-diamond-torque-guanti-da-alpinismo\/#breadcrumb"},"inLanguage":"en-US","potentialAction":[{"@type":"ReadAction","target":[["https:\/\/www.sestogrado.it\/en\/prodotto\/black-diamond-torque-guanti-da-alpinismo\/"]]}]},{"@type":"ImageObject","inLanguage":"en-US","@id":"https:\/\/www.sestogrado.it\/en\/prodotto\/black-diamond-torque-guanti-da-alpinismo\/#primaryimage","url":"https:\/\/www.sestogrado.it\/wp-content\/uploads\/2020\/12\/torque-2021.jpg","contentUrl":"https:\/\/www.sestogrado.it\/wp-content\/uploads\/2020\/12\/torque-2021.jpg","width":1152,"height":1152,"caption":"black diamond torque"},{"@type":"BreadcrumbList","@id":"https:\/\/www.sestogrado.it\/en\/prodotto\/black-diamond-torque-guanti-da-alpinismo\/#breadcrumb","itemListElement":[{"@type":"ListItem","position":1,"name":"Home","item":"https:\/\/www.sestogrado.it\/en\/"},{"@type":"ListItem","position":2,"name":"Shop","item":"https:\/\/www.sestogrado.it\/en\/shop\/"},{"@type":"ListItem","position":3,"name":"Black Diamond Torque guanti da alpinismo"}]},{"@type":"WebSite","@id":"https:\/\/www.sestogrado.it\/en\/#website","url":"https:\/\/www.sestogrado.it\/en\/","name":"Sestogrado","description":"yes we climb","publisher":{"@id":"https:\/\/www.sestogrado.it\/en\/#organization"},"potentialAction":[{"@type":"SearchAction","target":{"@type":"EntryPoint","urlTemplate":"https:\/\/www.sestogrado.it\/en\/?s={search_term_string}"},"query-input":{"@type":"PropertyValueSpecification","valueRequired":true,"valueName":"search_term_string"}}],"inLanguage":"en-US"},{"@type":"Organization","@id":"https:\/\/www.sestogrado.it\/en\/#organization","name":"Sestogrado","url":"https:\/\/www.sestogrado.it\/en\/","logo":{"@type":"ImageObject","inLanguage":"en-US","@id":"https:\/\/www.sestogrado.it\/en\/#\/schema\/logo\/image\/","url":"https:\/\/www.sestogrado.it\/wp-content\/uploads\/2015\/03\/sestogrado-favicon.png","contentUrl":"https:\/\/www.sestogrado.it\/wp-content\/uploads\/2015\/03\/sestogrado-favicon.png","width":260,"height":260,"caption":"Sestogrado"},"image":{"@id":"https:\/\/www.sestogrado.it\/en\/#\/schema\/logo\/image\/"},"sameAs":["https:\/\/www.facebook.com\/pages\/Sestogrado\/1542635979353017?ref=bookmarks","https:\/\/www.youtube.com\/channel\/UC847kAfTkaJsWpc1jtQwr3Q"],"hasMerchantReturnPolicy":{"@type":"MerchantReturnPolicy","merchantReturnLink":"https:\/\/www.sestogrado.it\/en\/termini-e-condizioni\/"}}]},"product_brand":"Black Diamond","og_availability":"instock","product_availability":"instock","product_condition":"new"},"_links":{"self":[{"href":"https:\/\/www.sestogrado.it\/en\/wp-json\/wp\/v2\/product\/46616","targetHints":{"allow":["GET"]}}],"collection":[{"href":"https:\/\/www.sestogrado.it\/en\/wp-json\/wp\/v2\/product"}],"about":[{"href":"https:\/\/www.sestogrado.it\/en\/wp-json\/wp\/v2\/types\/product"}],"replies":[{"embeddable":true,"href":"https:\/\/www.sestogrado.it\/en\/wp-json\/wp\/v2\/comments?post=46616"}],"wp:featuredmedia":[{"embeddable":true,"href":"https:\/\/www.sestogrado.it\/en\/wp-json\/wp\/v2\/media\/46618"}],"wp:attachment":[{"href":"https:\/\/www.sestogrado.it\/en\/wp-json\/wp\/v2\/media?parent=46616"}],"wp:term":[{"taxonomy":"product_brand","embeddable":true,"href":"https:\/\/www.sestogrado.it\/en\/wp-json\/wp\/v2\/product_brand?post=46616"},{"taxonomy":"product_cat","embeddable":true,"href":"https:\/\/www.sestogrado.it\/en\/wp-json\/wp\/v2\/product_cat?post=46616"},{"taxonomy":"product_tag","embeddable":true,"href":"https:\/\/www.sestogrado.it\/en\/wp-json\/wp\/v2\/product_tag?post=46616"}],"curies":[{"name":"wp","href":"https:\/\/api.w.org\/{rel}","templated":true}]}}