{"id":45366,"date":"2023-10-31T08:00:44","date_gmt":"2023-10-31T07:00:44","guid":{"rendered":"https:\/\/www.sestogrado.it\/?post_type=product&#038;p=45366"},"modified":"2025-11-29T19:05:33","modified_gmt":"2025-11-29T18:05:33","slug":"ferrino-trient-ciaspola-racchette-da-neve","status":"publish","type":"product","link":"https:\/\/www.sestogrado.it\/en\/prodotto\/ferrino-trient-ciaspola-racchette-da-neve\/","title":{"rendered":"Ferrino Trient snowshoes"},"content":{"rendered":"<p>Trient is the perfect snowshoe for a vast variety of excursions on the snow for worry-free use of any terrain, from steep slopes to ice.\u00a0A system of crampons on the side and under the binding gives this model an exceptional grip, even on harder, icy terrain.<\/p>\n<ul>\n<li>Complete with soft bindings with snap-on front and back closure. This system allows perfect pressure distribution over the shoe. Equipped with heel lift.<\/li>\n<li>Suitable for EU sizes: From 41 to 48<\/li>\n<\/ul>\n<p><\/p>","protected":false},"excerpt":{"rendered":"<p>Trient is the perfect snowshoe for a vast variety of excursions on the snow for worry-free use of any terrain, [&hellip;]<\/p>\n","protected":false},"featured_media":45367,"comment_status":"open","ping_status":"closed","template":"","meta":{"_acf_changed":false},"product_brand":[614],"product_cat":[711],"product_tag":[],"class_list":{"0":"post-45366","1":"product","2":"type-product","3":"status-publish","4":"has-post-thumbnail","6":"product_brand-ferrino","7":"product_cat-ciaspole-e-ghette","9":"first","10":"outofstock","11":"sale","12":"taxable","13":"shipping-taxable","14":"purchasable","15":"product-type-simple"},"acf":[],"yoast_head":"<!-- This site is optimized with the Yoast SEO plugin v26.4 - https:\/\/yoast.com\/wordpress\/plugins\/seo\/ -->\n<title>Ferrino Trient snowshoes - Sestogrado<\/title>\n<meta name=\"description\" content=\"Ferrino Trient \u00e8 la racchetta da neve adatta per un&#039;ampissima variet\u00e0 di escursioni su neve e permette di affrontare con tranquillit\u00e0 ogni terreno di montagna, dal ripido al ghiaccio. Grazie al sistema di ramponatura laterale e sotto l&#039;attacco, questo modello di ciaspole garantisce un eccezionale grip anche sui terreni pi\u00f9 duri o ghiacciati. Dotata di sistema di attacco morbido con chiusura frontale e posteriore rapida. Tale sistema permette una perfetta distribuzione della pressione sul scarpone. Dotata di alzatacco.\" \/>\n<meta name=\"robots\" content=\"index, follow, max-snippet:-1, max-image-preview:large, max-video-preview:-1\" \/>\n<link rel=\"canonical\" href=\"https:\/\/www.sestogrado.it\/en\/prodotto\/ferrino-trient-ciaspola-racchette-da-neve\/\" \/>\n<meta property=\"og:locale\" content=\"en_US\" \/>\n<meta property=\"og:type\" content=\"article\" \/>\n<meta property=\"og:title\" content=\"Ferrino Trient snowshoes - Sestogrado\" \/>\n<meta property=\"og:description\" content=\"Ferrino Trient \u00e8 la racchetta da neve adatta per un&#039;ampissima variet\u00e0 di escursioni su neve e permette di affrontare con tranquillit\u00e0 ogni terreno di montagna, dal ripido al ghiaccio. Grazie al sistema di ramponatura laterale e sotto l&#039;attacco, questo modello di ciaspole garantisce un eccezionale grip anche sui terreni pi\u00f9 duri o ghiacciati. Dotata di sistema di attacco morbido con chiusura frontale e posteriore rapida. Tale sistema permette una perfetta distribuzione della pressione sul scarpone. Dotata di alzatacco.\" \/>\n<meta property=\"og:url\" content=\"https:\/\/www.sestogrado.it\/en\/prodotto\/ferrino-trient-ciaspola-racchette-da-neve\/\" \/>\n<meta property=\"og:site_name\" content=\"Sestogrado\" \/>\n<meta property=\"article:publisher\" content=\"https:\/\/www.facebook.com\/pages\/Sestogrado\/1542635979353017?ref=bookmarks\" \/>\n<meta property=\"article:modified_time\" content=\"2025-11-29T18:05:33+00:00\" \/>\n<meta property=\"og:image\" content=\"https:\/\/www.sestogrado.it\/wp-content\/uploads\/2020\/11\/01-4.jpg\" \/>\n\t<meta property=\"og:image:width\" content=\"1600\" \/>\n\t<meta property=\"og:image:height\" content=\"1599\" \/>\n\t<meta property=\"og:image:type\" content=\"image\/jpeg\" \/>\n<meta name=\"twitter:label1\" content=\"Price\" \/>\n\t<meta name=\"twitter:data1\" content=\"&euro;&nbsp;99,00\" \/>\n\t<meta name=\"twitter:label2\" content=\"Availability\" \/>\n\t<meta name=\"twitter:data2\" content=\"Out of stock\" \/>\n<script type=\"application\/ld+json\" class=\"yoast-schema-graph\">{\"@context\":\"https:\/\/schema.org\",\"@graph\":[{\"@type\":\"WebPage\",\"@id\":\"https:\/\/www.sestogrado.it\/en\/prodotto\/ferrino-trient-ciaspola-racchette-da-neve\/\",\"url\":\"https:\/\/www.sestogrado.it\/en\/prodotto\/ferrino-trient-ciaspola-racchette-da-neve\/\",\"name\":\"Ferrino Trient snowshoes - Sestogrado\",\"isPartOf\":{\"@id\":\"https:\/\/www.sestogrado.it\/en\/#website\"},\"primaryImageOfPage\":{\"@id\":\"https:\/\/www.sestogrado.it\/en\/prodotto\/ferrino-trient-ciaspola-racchette-da-neve\/#primaryimage\"},\"image\":{\"@id\":\"https:\/\/www.sestogrado.it\/prodotto\/ferrino-trient-ciaspola-racchette-da-neve\/#primaryimage\"},\"thumbnailUrl\":\"https:\/\/www.sestogrado.it\/wp-content\/uploads\/2020\/11\/01-4.jpg\",\"datePublished\":\"2023-10-31T07:00:44+00:00\",\"dateModified\":\"2025-11-29T18:05:33+00:00\",\"description\":\"Ferrino Trient \u00e8 la racchetta da neve adatta per un'ampissima variet\u00e0 di escursioni su neve e permette di affrontare con tranquillit\u00e0 ogni terreno di montagna, dal ripido al ghiaccio. Grazie al sistema di ramponatura laterale e sotto l'attacco, questo modello di ciaspole garantisce un eccezionale grip anche sui terreni pi\u00f9 duri o ghiacciati. Dotata di sistema di attacco morbido con chiusura frontale e posteriore rapida. Tale sistema permette una perfetta distribuzione della pressione sul scarpone. Dotata di alzatacco.\",\"breadcrumb\":{\"@id\":\"https:\/\/www.sestogrado.it\/en\/prodotto\/ferrino-trient-ciaspola-racchette-da-neve\/#breadcrumb\"},\"inLanguage\":\"en-US\",\"potentialAction\":[{\"@type\":\"ReadAction\",\"target\":[[\"https:\/\/www.sestogrado.it\/en\/prodotto\/ferrino-trient-ciaspola-racchette-da-neve\/\"]]}]},{\"@type\":\"ImageObject\",\"inLanguage\":\"en-US\",\"@id\":\"https:\/\/www.sestogrado.it\/en\/prodotto\/ferrino-trient-ciaspola-racchette-da-neve\/#primaryimage\",\"url\":\"https:\/\/www.sestogrado.it\/wp-content\/uploads\/2020\/11\/01-4.jpg\",\"contentUrl\":\"https:\/\/www.sestogrado.it\/wp-content\/uploads\/2020\/11\/01-4.jpg\",\"width\":1600,\"height\":1599,\"caption\":\"ferrino trient\"},{\"@type\":\"BreadcrumbList\",\"@id\":\"https:\/\/www.sestogrado.it\/en\/prodotto\/ferrino-trient-ciaspola-racchette-da-neve\/#breadcrumb\",\"itemListElement\":[{\"@type\":\"ListItem\",\"position\":1,\"name\":\"Home\",\"item\":\"https:\/\/www.sestogrado.it\/en\/\"},{\"@type\":\"ListItem\",\"position\":2,\"name\":\"Shop\",\"item\":\"https:\/\/www.sestogrado.it\/en\/shop\/\"},{\"@type\":\"ListItem\",\"position\":3,\"name\":\"Ferrino Trient ciaspola racchette da neve\"}]},{\"@type\":\"WebSite\",\"@id\":\"https:\/\/www.sestogrado.it\/en\/#website\",\"url\":\"https:\/\/www.sestogrado.it\/en\/\",\"name\":\"Sestogrado\",\"description\":\"yes we climb\",\"publisher\":{\"@id\":\"https:\/\/www.sestogrado.it\/en\/#organization\"},\"potentialAction\":[{\"@type\":\"SearchAction\",\"target\":{\"@type\":\"EntryPoint\",\"urlTemplate\":\"https:\/\/www.sestogrado.it\/en\/?s={search_term_string}\"},\"query-input\":{\"@type\":\"PropertyValueSpecification\",\"valueRequired\":true,\"valueName\":\"search_term_string\"}}],\"inLanguage\":\"en-US\"},{\"@type\":\"Organization\",\"@id\":\"https:\/\/www.sestogrado.it\/en\/#organization\",\"name\":\"Sestogrado\",\"url\":\"https:\/\/www.sestogrado.it\/en\/\",\"logo\":{\"@type\":\"ImageObject\",\"inLanguage\":\"en-US\",\"@id\":\"https:\/\/www.sestogrado.it\/en\/#\/schema\/logo\/image\/\",\"url\":\"https:\/\/www.sestogrado.it\/wp-content\/uploads\/2015\/03\/sestogrado-favicon.png\",\"contentUrl\":\"https:\/\/www.sestogrado.it\/wp-content\/uploads\/2015\/03\/sestogrado-favicon.png\",\"width\":260,\"height\":260,\"caption\":\"Sestogrado\"},\"image\":{\"@id\":\"https:\/\/www.sestogrado.it\/en\/#\/schema\/logo\/image\/\"},\"sameAs\":[\"https:\/\/www.facebook.com\/pages\/Sestogrado\/1542635979353017?ref=bookmarks\",\"https:\/\/www.youtube.com\/channel\/UC847kAfTkaJsWpc1jtQwr3Q\"],\"hasMerchantReturnPolicy\":{\"@type\":\"MerchantReturnPolicy\",\"merchantReturnLink\":\"https:\/\/www.sestogrado.it\/en\/termini-e-condizioni\/\"}}]}<\/script>\n<meta property=\"product:brand\" content=\"Ferrino\" \/>\n<meta property=\"product:price:amount\" content=\"99.00\" \/>\n<meta property=\"product:price:currency\" content=\"EUR\" \/>\n<meta property=\"og:availability\" content=\"out of stock\" \/>\n<meta property=\"product:availability\" content=\"out of stock\" \/>\n<meta property=\"product:condition\" content=\"new\" \/>\n<!-- \/ Yoast SEO plugin. -->","yoast_head_json":{"title":"Ferrino Trient snowshoes - Sestogrado","description":"Ferrino Trient \u00e8 la racchetta da neve adatta per un'ampissima variet\u00e0 di escursioni su neve e permette di affrontare con tranquillit\u00e0 ogni terreno di montagna, dal ripido al ghiaccio. Grazie al sistema di ramponatura laterale e sotto l'attacco, questo modello di ciaspole garantisce un eccezionale grip anche sui terreni pi\u00f9 duri o ghiacciati. Dotata di sistema di attacco morbido con chiusura frontale e posteriore rapida. Tale sistema permette una perfetta distribuzione della pressione sul scarpone. Dotata di alzatacco.","robots":{"index":"index","follow":"follow","max-snippet":"max-snippet:-1","max-image-preview":"max-image-preview:large","max-video-preview":"max-video-preview:-1"},"canonical":"https:\/\/www.sestogrado.it\/en\/prodotto\/ferrino-trient-ciaspola-racchette-da-neve\/","og_locale":"en_US","og_type":"article","og_title":"Ferrino Trient snowshoes - Sestogrado","og_description":"Ferrino Trient \u00e8 la racchetta da neve adatta per un'ampissima variet\u00e0 di escursioni su neve e permette di affrontare con tranquillit\u00e0 ogni terreno di montagna, dal ripido al ghiaccio. Grazie al sistema di ramponatura laterale e sotto l'attacco, questo modello di ciaspole garantisce un eccezionale grip anche sui terreni pi\u00f9 duri o ghiacciati. Dotata di sistema di attacco morbido con chiusura frontale e posteriore rapida. Tale sistema permette una perfetta distribuzione della pressione sul scarpone. Dotata di alzatacco.","og_url":"https:\/\/www.sestogrado.it\/en\/prodotto\/ferrino-trient-ciaspola-racchette-da-neve\/","og_site_name":"Sestogrado","article_publisher":"https:\/\/www.facebook.com\/pages\/Sestogrado\/1542635979353017?ref=bookmarks","article_modified_time":"2025-11-29T18:05:33+00:00","og_image":[{"width":1600,"height":1599,"url":"https:\/\/www.sestogrado.it\/wp-content\/uploads\/2020\/11\/01-4.jpg","type":"image\/jpeg"}],"twitter_misc":{"Price":"&euro;&nbsp;99,00","Availability":"Out of stock"},"schema":{"@context":"https:\/\/schema.org","@graph":[{"@type":"WebPage","@id":"https:\/\/www.sestogrado.it\/en\/prodotto\/ferrino-trient-ciaspola-racchette-da-neve\/","url":"https:\/\/www.sestogrado.it\/en\/prodotto\/ferrino-trient-ciaspola-racchette-da-neve\/","name":"Ferrino Trient snowshoes - Sestogrado","isPartOf":{"@id":"https:\/\/www.sestogrado.it\/en\/#website"},"primaryImageOfPage":{"@id":"https:\/\/www.sestogrado.it\/en\/prodotto\/ferrino-trient-ciaspola-racchette-da-neve\/#primaryimage"},"image":{"@id":"https:\/\/www.sestogrado.it\/prodotto\/ferrino-trient-ciaspola-racchette-da-neve\/#primaryimage"},"thumbnailUrl":"https:\/\/www.sestogrado.it\/wp-content\/uploads\/2020\/11\/01-4.jpg","datePublished":"2023-10-31T07:00:44+00:00","dateModified":"2025-11-29T18:05:33+00:00","description":"Ferrino Trient \u00e8 la racchetta da neve adatta per un'ampissima variet\u00e0 di escursioni su neve e permette di affrontare con tranquillit\u00e0 ogni terreno di montagna, dal ripido al ghiaccio. Grazie al sistema di ramponatura laterale e sotto l'attacco, questo modello di ciaspole garantisce un eccezionale grip anche sui terreni pi\u00f9 duri o ghiacciati. Dotata di sistema di attacco morbido con chiusura frontale e posteriore rapida. Tale sistema permette una perfetta distribuzione della pressione sul scarpone. Dotata di alzatacco.","breadcrumb":{"@id":"https:\/\/www.sestogrado.it\/en\/prodotto\/ferrino-trient-ciaspola-racchette-da-neve\/#breadcrumb"},"inLanguage":"en-US","potentialAction":[{"@type":"ReadAction","target":[["https:\/\/www.sestogrado.it\/en\/prodotto\/ferrino-trient-ciaspola-racchette-da-neve\/"]]}]},{"@type":"ImageObject","inLanguage":"en-US","@id":"https:\/\/www.sestogrado.it\/en\/prodotto\/ferrino-trient-ciaspola-racchette-da-neve\/#primaryimage","url":"https:\/\/www.sestogrado.it\/wp-content\/uploads\/2020\/11\/01-4.jpg","contentUrl":"https:\/\/www.sestogrado.it\/wp-content\/uploads\/2020\/11\/01-4.jpg","width":1600,"height":1599,"caption":"ferrino trient"},{"@type":"BreadcrumbList","@id":"https:\/\/www.sestogrado.it\/en\/prodotto\/ferrino-trient-ciaspola-racchette-da-neve\/#breadcrumb","itemListElement":[{"@type":"ListItem","position":1,"name":"Home","item":"https:\/\/www.sestogrado.it\/en\/"},{"@type":"ListItem","position":2,"name":"Shop","item":"https:\/\/www.sestogrado.it\/en\/shop\/"},{"@type":"ListItem","position":3,"name":"Ferrino Trient ciaspola racchette da neve"}]},{"@type":"WebSite","@id":"https:\/\/www.sestogrado.it\/en\/#website","url":"https:\/\/www.sestogrado.it\/en\/","name":"Sestogrado","description":"yes we climb","publisher":{"@id":"https:\/\/www.sestogrado.it\/en\/#organization"},"potentialAction":[{"@type":"SearchAction","target":{"@type":"EntryPoint","urlTemplate":"https:\/\/www.sestogrado.it\/en\/?s={search_term_string}"},"query-input":{"@type":"PropertyValueSpecification","valueRequired":true,"valueName":"search_term_string"}}],"inLanguage":"en-US"},{"@type":"Organization","@id":"https:\/\/www.sestogrado.it\/en\/#organization","name":"Sestogrado","url":"https:\/\/www.sestogrado.it\/en\/","logo":{"@type":"ImageObject","inLanguage":"en-US","@id":"https:\/\/www.sestogrado.it\/en\/#\/schema\/logo\/image\/","url":"https:\/\/www.sestogrado.it\/wp-content\/uploads\/2015\/03\/sestogrado-favicon.png","contentUrl":"https:\/\/www.sestogrado.it\/wp-content\/uploads\/2015\/03\/sestogrado-favicon.png","width":260,"height":260,"caption":"Sestogrado"},"image":{"@id":"https:\/\/www.sestogrado.it\/en\/#\/schema\/logo\/image\/"},"sameAs":["https:\/\/www.facebook.com\/pages\/Sestogrado\/1542635979353017?ref=bookmarks","https:\/\/www.youtube.com\/channel\/UC847kAfTkaJsWpc1jtQwr3Q"],"hasMerchantReturnPolicy":{"@type":"MerchantReturnPolicy","merchantReturnLink":"https:\/\/www.sestogrado.it\/en\/termini-e-condizioni\/"}}]},"product_brand":"Ferrino","product_price_amount":"99.00","product_price_currency":"EUR","og_availability":"out of stock","product_availability":"out of stock","product_condition":"new"},"_links":{"self":[{"href":"https:\/\/www.sestogrado.it\/en\/wp-json\/wp\/v2\/product\/45366","targetHints":{"allow":["GET"]}}],"collection":[{"href":"https:\/\/www.sestogrado.it\/en\/wp-json\/wp\/v2\/product"}],"about":[{"href":"https:\/\/www.sestogrado.it\/en\/wp-json\/wp\/v2\/types\/product"}],"replies":[{"embeddable":true,"href":"https:\/\/www.sestogrado.it\/en\/wp-json\/wp\/v2\/comments?post=45366"}],"wp:featuredmedia":[{"embeddable":true,"href":"https:\/\/www.sestogrado.it\/en\/wp-json\/wp\/v2\/media\/45367"}],"wp:attachment":[{"href":"https:\/\/www.sestogrado.it\/en\/wp-json\/wp\/v2\/media?parent=45366"}],"wp:term":[{"taxonomy":"product_brand","embeddable":true,"href":"https:\/\/www.sestogrado.it\/en\/wp-json\/wp\/v2\/product_brand?post=45366"},{"taxonomy":"product_cat","embeddable":true,"href":"https:\/\/www.sestogrado.it\/en\/wp-json\/wp\/v2\/product_cat?post=45366"},{"taxonomy":"product_tag","embeddable":true,"href":"https:\/\/www.sestogrado.it\/en\/wp-json\/wp\/v2\/product_tag?post=45366"}],"curies":[{"name":"wp","href":"https:\/\/api.w.org\/{rel}","templated":true}]}}