{"id":4475,"date":"2016-03-02T11:03:13","date_gmt":"2016-03-02T10:03:13","guid":{"rendered":"http:\/\/www.sestogrado.it\/prodotto\/corde-corde\/beal-cobra-ii-8-6-unicore-dry-cover-mezza-corda-arrampicata\/"},"modified":"2026-02-04T17:06:09","modified_gmt":"2026-02-04T16:06:09","slug":"beal-cobra-ii-8-6-unicore-dry-cover-mezza-corda-arrampicata","status":"publish","type":"product","link":"https:\/\/www.sestogrado.it\/en\/prodotto\/beal-cobra-ii-8-6-unicore-dry-cover-mezza-corda-arrampicata\/","title":{"rendered":"Beal Cobra II 8.6 Unicore Dry cover mezza corda arrampicata"},"content":{"rendered":"<p>La BEAL COBRA II 8.6 \u00e8 una mezza corda di affermata progettazione, polivalente per eccellenza. Con uno spessore di 8.6 \u00e8 robusta e facile da maneggiare. E&#8217;\u00a0una mezza corda classica, ideale per ogni avventura, leggera e versatile per un comodo utilizzo su vie lunghe, in falesia e in alpinismo.<\/p>\n<p>La Cobra II 8.6 beneficia del trattamento <a href=\"https:\/\/www.sestogrado.it\/ecco-la-differenza-tra-una-corda-normale-e-una-unicore\/\" target=\"_blank\" rel=\"noopener noreferrer\">Unicore<\/a>\u00a0che\u00a0le conferisce ulteriore sicurezza, infatti permette di effettuare calate\u00a0in doppia anche se la calza \u00e8 tagliata. Ha una forza di arresto bassa (5.1kN) per alleggerire i punti di ancoraggio ed una calza abbastanza spessa per sopportare le rocce pi\u00f9 aggressive, il tutto per soli 48g\/metro ed un numero di cadute record = 16.<\/p>\n<p>Punti di forza:<\/p>\n<ul>\n<li>eccellente compromesso tra resistenza e leggerezza<\/li>\n<li>forza di arresto bassa e numero di cadute elevato<\/li>\n<li>la corda non subisce rigonfiamenti e rimane flessibile pi\u00f9 a lungo nel tempo<\/li>\n<li>tecnologia <a href=\"https:\/\/www.sestogrado.it\/ecco-la-differenza-tra-una-corda-normale-e-una-unicore\/\" target=\"_blank\" rel=\"noopener noreferrer\">Unicore<\/a><\/li>\n<li>permette di cavarsela in doppia anche se la calza\u00a0\u00e8 tagliata<\/li>\n<li>trattamento Dry Cover<\/li>\n<\/ul>\n<p>La Beal Cobra II 8.6mm ha passato il test per resistenza allo <a href=\"https:\/\/www.sestogrado.it\/spigolo-vivo\/\">spigolo vivo<\/a> introdotto da Beal dal 2002.<\/p>\n<p>&nbsp;<\/p>\n<p>La Beal Cobra II 8.6mm sar\u00e0 la tua compagna ideale\u00a0per alpinismo polivalente, ghiaccio, montagna, grandi vie, terreni di avventura.<\/p>\n<p><img decoding=\"async\" class=\" wp-image-4188 aligncenter\" src=\"https:\/\/www.sestogrado.it\/wp-content\/uploads\/2016\/02\/dc-100.png\" alt=\"dry cover\" width=\"80\" height=\"80\" srcset=\"https:\/\/www.sestogrado.it\/wp-content\/uploads\/2016\/02\/dc-100.png 110w, https:\/\/www.sestogrado.it\/wp-content\/uploads\/2016\/02\/dc-100-100x100.png 100w, https:\/\/www.sestogrado.it\/wp-content\/uploads\/2016\/02\/dc-100-150x150.png 150w, https:\/\/www.sestogrado.it\/wp-content\/uploads\/2016\/02\/dc-100-350x350.png 350w, https:\/\/www.sestogrado.it\/wp-content\/uploads\/2016\/02\/dc-100-45x45.png 45w, https:\/\/www.sestogrado.it\/wp-content\/uploads\/2016\/02\/dc-100-64x64.png 64w\" sizes=\"(max-width: 80px) 100vw, 80px\" \/><\/p>\n<p><strong>Trattamento Dry Cover<\/strong>: trattamento attraverso il quale ciascun filo della calza \u00e8 lavorato prima della fabbricazione con un componente chimico che migliora la resistenza all&#8217;abrasione e lo rende idro repellente. Una corda dry cover \u00e8:<\/p>\n<ul>\n<li>pi\u00f9 resistente alle impurit\u00e0 e umidit\u00e0<\/li>\n<li>pi\u00f9 resistente all&#8217;abrasione<\/li>\n<li>mantiene una migliore fluidit\u00e0 nel passaggio attraverso i moschettoni<\/li>\n<\/ul>\n<p><img decoding=\"async\" class=\" wp-image-4189 aligncenter\" src=\"https:\/\/www.sestogrado.it\/wp-content\/uploads\/2016\/02\/ThermoFluid.png\" alt=\"ThermoFluid\" width=\"97\" height=\"97\" srcset=\"https:\/\/www.sestogrado.it\/wp-content\/uploads\/2016\/02\/ThermoFluid.png 200w, https:\/\/www.sestogrado.it\/wp-content\/uploads\/2016\/02\/ThermoFluid-100x100.png 100w, https:\/\/www.sestogrado.it\/wp-content\/uploads\/2016\/02\/ThermoFluid-150x150.png 150w, https:\/\/www.sestogrado.it\/wp-content\/uploads\/2016\/02\/ThermoFluid-350x350.png 350w, https:\/\/www.sestogrado.it\/wp-content\/uploads\/2016\/02\/ThermoFluid-45x45.png 45w, https:\/\/www.sestogrado.it\/wp-content\/uploads\/2016\/02\/ThermoFluid-64x64.png 64w\" sizes=\"(max-width: 97px) 100vw, 97px\" \/><\/p>\n<p><strong>Trattamento Thermo Fluid<\/strong>: Trattamento ad infrarossi che stabilizza le fibre della guaina e la rende pi\u00f9 omogenea.<\/p>\n<p><img decoding=\"async\" class=\"size-full wp-image-4190 aligncenter\" src=\"https:\/\/www.sestogrado.it\/wp-content\/uploads\/2016\/02\/logoUnicore.png\" alt=\"logoUnicore\" width=\"100\" height=\"101\" srcset=\"https:\/\/www.sestogrado.it\/wp-content\/uploads\/2016\/02\/logoUnicore.png 100w, https:\/\/www.sestogrado.it\/wp-content\/uploads\/2016\/02\/logoUnicore-150x150.png 150w, https:\/\/www.sestogrado.it\/wp-content\/uploads\/2016\/02\/logoUnicore-350x350.png 350w, https:\/\/www.sestogrado.it\/wp-content\/uploads\/2016\/02\/logoUnicore-45x45.png 45w, https:\/\/www.sestogrado.it\/wp-content\/uploads\/2016\/02\/logoUnicore-63x64.png 63w\" sizes=\"(max-width: 100px) 100vw, 100px\" \/><\/p>\n<p><strong>Trattamento Unicore<\/strong>: Processo straordinario che unisce l&#8217;anima e la calza della corda senza modificarne le caratteristiche di morbidezza. Se la calza \u00e8 tagliata o lacerata, l&#8217;anima e la calza restano solidali. Su una corda classica, se la calza si taglia per abrasione su spigolo, fenomeno frequente nei lavori in quota, la calza scorre sull&#8217;anima e si ammassa per diversi metri.<\/p>\n<p>&nbsp;<\/p>\n<p>Beal \u00e8 leader mondiale nella produzione di corde da montagna grazie ad un avanzato sviluppo tecnologico nel processo \u00a0di fabbricazione che gli \u00e8 valso il certificato Iso 9001. Sempre attento alle esigenze degli arrampicatori, \u00e8 stato in grado di apportare dinamicit\u00e0 alla pratica dell&#8217;arrampicata grazie ad un&#8217;intensa attivit\u00e0 di ricerca. In particolare, Black Limit, Program System, trattamento Dry Cover, imbragature Aero, tecnologia Unicore.<\/p>\n","protected":false},"excerpt":{"rendered":"<p>La BEAL COBRA II 8.6 \u00e8 una mezza corda di affermata progettazione, polivalente per eccellenza. Con uno spessore di 8.6 [&hellip;]<\/p>\n","protected":false},"featured_media":38806,"comment_status":"open","ping_status":"closed","template":"","meta":{"_acf_changed":false},"product_brand":[84],"product_cat":[1357],"product_tag":[448,449],"class_list":{"0":"post-4475","1":"product","2":"type-product","3":"status-publish","4":"has-post-thumbnail","6":"product_brand-beal","7":"product_cat-mezze-corde","8":"product_tag-mezza-corda","9":"product_tag-mezze-corde","11":"first","12":"instock","13":"sale","14":"taxable","15":"shipping-taxable","16":"purchasable","17":"product-type-variable"},"acf":[],"yoast_head":"<!-- This site is optimized with the Yoast SEO plugin v26.4 - https:\/\/yoast.com\/wordpress\/plugins\/seo\/ -->\n<title>Beal Cobra II 8.6 Unicore Dry cover mezza corda arrampicata - Sestogrado<\/title>\n<meta name=\"description\" content=\"Beal Cobra II 8.6 mezza corda arrampicata con trattamento dry cover e tecnologia unicore. La Beal Cobra II 8.6 \u00e8 una mezza corda classica, ideale per ogni avventura, leggera e versatile per un comodo utilizzo su vie lunghe, in falesia e in alpinismo.\" \/>\n<meta name=\"robots\" content=\"index, follow, max-snippet:-1, max-image-preview:large, max-video-preview:-1\" \/>\n<link rel=\"canonical\" href=\"https:\/\/www.sestogrado.it\/en\/prodotto\/beal-cobra-ii-8-6-unicore-dry-cover-mezza-corda-arrampicata\/\" \/>\n<meta property=\"og:locale\" content=\"en_US\" \/>\n<meta property=\"og:type\" content=\"article\" \/>\n<meta property=\"og:title\" content=\"Beal Cobra II 8.6 Unicore Dry cover mezza corda arrampicata - Sestogrado\" \/>\n<meta property=\"og:description\" content=\"Beal Cobra II 8.6 mezza corda arrampicata con trattamento dry cover e tecnologia unicore. La Beal Cobra II 8.6 \u00e8 una mezza corda classica, ideale per ogni avventura, leggera e versatile per un comodo utilizzo su vie lunghe, in falesia e in alpinismo.\" \/>\n<meta property=\"og:url\" content=\"https:\/\/www.sestogrado.it\/en\/prodotto\/beal-cobra-ii-8-6-unicore-dry-cover-mezza-corda-arrampicata\/\" \/>\n<meta property=\"og:site_name\" content=\"Sestogrado\" \/>\n<meta property=\"article:publisher\" content=\"https:\/\/www.facebook.com\/pages\/Sestogrado\/1542635979353017?ref=bookmarks\" \/>\n<meta property=\"article:modified_time\" content=\"2026-02-04T16:06:09+00:00\" \/>\n<meta property=\"og:image\" content=\"https:\/\/www.sestogrado.it\/wp-content\/uploads\/2016\/03\/cobra-dry-cover.jpg\" \/>\n\t<meta property=\"og:image:width\" content=\"900\" \/>\n\t<meta property=\"og:image:height\" content=\"900\" \/>\n\t<meta property=\"og:image:type\" content=\"image\/jpeg\" \/>\n<meta name=\"twitter:label1\" content=\"Availability\" \/>\n\t<meta name=\"twitter:data1\" content=\"In stock\" \/>\n<script type=\"application\/ld+json\" class=\"yoast-schema-graph\">{\"@context\":\"https:\/\/schema.org\",\"@graph\":[{\"@type\":\"WebPage\",\"@id\":\"https:\/\/www.sestogrado.it\/en\/prodotto\/beal-cobra-ii-8-6-unicore-dry-cover-mezza-corda-arrampicata\/\",\"url\":\"https:\/\/www.sestogrado.it\/en\/prodotto\/beal-cobra-ii-8-6-unicore-dry-cover-mezza-corda-arrampicata\/\",\"name\":\"Beal Cobra II 8.6 Unicore Dry cover mezza corda arrampicata - Sestogrado\",\"isPartOf\":{\"@id\":\"https:\/\/www.sestogrado.it\/en\/#website\"},\"primaryImageOfPage\":{\"@id\":\"https:\/\/www.sestogrado.it\/en\/prodotto\/beal-cobra-ii-8-6-unicore-dry-cover-mezza-corda-arrampicata\/#primaryimage\"},\"image\":{\"@id\":\"https:\/\/www.sestogrado.it\/prodotto\/beal-cobra-ii-8-6-unicore-dry-cover-mezza-corda-arrampicata\/#primaryimage\"},\"thumbnailUrl\":\"https:\/\/www.sestogrado.it\/wp-content\/uploads\/2016\/03\/cobra-dry-cover.jpg\",\"datePublished\":\"2016-03-02T10:03:13+00:00\",\"dateModified\":\"2026-02-04T16:06:09+00:00\",\"description\":\"Beal Cobra II 8.6 mezza corda arrampicata con trattamento dry cover e tecnologia unicore. La Beal Cobra II 8.6 \u00e8 una mezza corda classica, ideale per ogni avventura, leggera e versatile per un comodo utilizzo su vie lunghe, in falesia e in alpinismo.\",\"breadcrumb\":{\"@id\":\"https:\/\/www.sestogrado.it\/en\/prodotto\/beal-cobra-ii-8-6-unicore-dry-cover-mezza-corda-arrampicata\/#breadcrumb\"},\"inLanguage\":\"en-US\",\"potentialAction\":[{\"@type\":\"ReadAction\",\"target\":[[\"https:\/\/www.sestogrado.it\/en\/prodotto\/beal-cobra-ii-8-6-unicore-dry-cover-mezza-corda-arrampicata\/\"]]}]},{\"@type\":\"ImageObject\",\"inLanguage\":\"en-US\",\"@id\":\"https:\/\/www.sestogrado.it\/en\/prodotto\/beal-cobra-ii-8-6-unicore-dry-cover-mezza-corda-arrampicata\/#primaryimage\",\"url\":\"https:\/\/www.sestogrado.it\/wp-content\/uploads\/2016\/03\/cobra-dry-cover.jpg\",\"contentUrl\":\"https:\/\/www.sestogrado.it\/wp-content\/uploads\/2016\/03\/cobra-dry-cover.jpg\",\"width\":900,\"height\":900,\"caption\":\"beal cobra II\"},{\"@type\":\"BreadcrumbList\",\"@id\":\"https:\/\/www.sestogrado.it\/en\/prodotto\/beal-cobra-ii-8-6-unicore-dry-cover-mezza-corda-arrampicata\/#breadcrumb\",\"itemListElement\":[{\"@type\":\"ListItem\",\"position\":1,\"name\":\"Home\",\"item\":\"https:\/\/www.sestogrado.it\/en\/\"},{\"@type\":\"ListItem\",\"position\":2,\"name\":\"Shop\",\"item\":\"https:\/\/www.sestogrado.it\/en\/shop\/\"},{\"@type\":\"ListItem\",\"position\":3,\"name\":\"Beal Cobra II 8.6 Unicore Dry cover mezza corda arrampicata\"}]},{\"@type\":\"WebSite\",\"@id\":\"https:\/\/www.sestogrado.it\/en\/#website\",\"url\":\"https:\/\/www.sestogrado.it\/en\/\",\"name\":\"Sestogrado\",\"description\":\"yes we climb\",\"publisher\":{\"@id\":\"https:\/\/www.sestogrado.it\/en\/#organization\"},\"potentialAction\":[{\"@type\":\"SearchAction\",\"target\":{\"@type\":\"EntryPoint\",\"urlTemplate\":\"https:\/\/www.sestogrado.it\/en\/?s={search_term_string}\"},\"query-input\":{\"@type\":\"PropertyValueSpecification\",\"valueRequired\":true,\"valueName\":\"search_term_string\"}}],\"inLanguage\":\"en-US\"},{\"@type\":\"Organization\",\"@id\":\"https:\/\/www.sestogrado.it\/en\/#organization\",\"name\":\"Sestogrado\",\"url\":\"https:\/\/www.sestogrado.it\/en\/\",\"logo\":{\"@type\":\"ImageObject\",\"inLanguage\":\"en-US\",\"@id\":\"https:\/\/www.sestogrado.it\/en\/#\/schema\/logo\/image\/\",\"url\":\"https:\/\/www.sestogrado.it\/wp-content\/uploads\/2015\/03\/sestogrado-favicon.png\",\"contentUrl\":\"https:\/\/www.sestogrado.it\/wp-content\/uploads\/2015\/03\/sestogrado-favicon.png\",\"width\":260,\"height\":260,\"caption\":\"Sestogrado\"},\"image\":{\"@id\":\"https:\/\/www.sestogrado.it\/en\/#\/schema\/logo\/image\/\"},\"sameAs\":[\"https:\/\/www.facebook.com\/pages\/Sestogrado\/1542635979353017?ref=bookmarks\",\"https:\/\/www.youtube.com\/channel\/UC847kAfTkaJsWpc1jtQwr3Q\"],\"hasMerchantReturnPolicy\":{\"@type\":\"MerchantReturnPolicy\",\"merchantReturnLink\":\"https:\/\/www.sestogrado.it\/en\/termini-e-condizioni\/\"}}]}<\/script>\n<meta property=\"product:brand\" content=\"Beal\" \/>\n<meta property=\"og:availability\" content=\"instock\" \/>\n<meta property=\"product:availability\" content=\"instock\" \/>\n<meta property=\"product:condition\" content=\"new\" \/>\n<!-- \/ Yoast SEO plugin. -->","yoast_head_json":{"title":"Beal Cobra II 8.6 Unicore Dry cover mezza corda arrampicata - Sestogrado","description":"Beal Cobra II 8.6 mezza corda arrampicata con trattamento dry cover e tecnologia unicore. La Beal Cobra II 8.6 \u00e8 una mezza corda classica, ideale per ogni avventura, leggera e versatile per un comodo utilizzo su vie lunghe, in falesia e in alpinismo.","robots":{"index":"index","follow":"follow","max-snippet":"max-snippet:-1","max-image-preview":"max-image-preview:large","max-video-preview":"max-video-preview:-1"},"canonical":"https:\/\/www.sestogrado.it\/en\/prodotto\/beal-cobra-ii-8-6-unicore-dry-cover-mezza-corda-arrampicata\/","og_locale":"en_US","og_type":"article","og_title":"Beal Cobra II 8.6 Unicore Dry cover mezza corda arrampicata - Sestogrado","og_description":"Beal Cobra II 8.6 mezza corda arrampicata con trattamento dry cover e tecnologia unicore. La Beal Cobra II 8.6 \u00e8 una mezza corda classica, ideale per ogni avventura, leggera e versatile per un comodo utilizzo su vie lunghe, in falesia e in alpinismo.","og_url":"https:\/\/www.sestogrado.it\/en\/prodotto\/beal-cobra-ii-8-6-unicore-dry-cover-mezza-corda-arrampicata\/","og_site_name":"Sestogrado","article_publisher":"https:\/\/www.facebook.com\/pages\/Sestogrado\/1542635979353017?ref=bookmarks","article_modified_time":"2026-02-04T16:06:09+00:00","og_image":[{"width":900,"height":900,"url":"https:\/\/www.sestogrado.it\/wp-content\/uploads\/2016\/03\/cobra-dry-cover.jpg","type":"image\/jpeg"}],"twitter_misc":{"Availability":"In stock"},"schema":{"@context":"https:\/\/schema.org","@graph":[{"@type":"WebPage","@id":"https:\/\/www.sestogrado.it\/en\/prodotto\/beal-cobra-ii-8-6-unicore-dry-cover-mezza-corda-arrampicata\/","url":"https:\/\/www.sestogrado.it\/en\/prodotto\/beal-cobra-ii-8-6-unicore-dry-cover-mezza-corda-arrampicata\/","name":"Beal Cobra II 8.6 Unicore Dry cover mezza corda arrampicata - Sestogrado","isPartOf":{"@id":"https:\/\/www.sestogrado.it\/en\/#website"},"primaryImageOfPage":{"@id":"https:\/\/www.sestogrado.it\/en\/prodotto\/beal-cobra-ii-8-6-unicore-dry-cover-mezza-corda-arrampicata\/#primaryimage"},"image":{"@id":"https:\/\/www.sestogrado.it\/prodotto\/beal-cobra-ii-8-6-unicore-dry-cover-mezza-corda-arrampicata\/#primaryimage"},"thumbnailUrl":"https:\/\/www.sestogrado.it\/wp-content\/uploads\/2016\/03\/cobra-dry-cover.jpg","datePublished":"2016-03-02T10:03:13+00:00","dateModified":"2026-02-04T16:06:09+00:00","description":"Beal Cobra II 8.6 mezza corda arrampicata con trattamento dry cover e tecnologia unicore. La Beal Cobra II 8.6 \u00e8 una mezza corda classica, ideale per ogni avventura, leggera e versatile per un comodo utilizzo su vie lunghe, in falesia e in alpinismo.","breadcrumb":{"@id":"https:\/\/www.sestogrado.it\/en\/prodotto\/beal-cobra-ii-8-6-unicore-dry-cover-mezza-corda-arrampicata\/#breadcrumb"},"inLanguage":"en-US","potentialAction":[{"@type":"ReadAction","target":[["https:\/\/www.sestogrado.it\/en\/prodotto\/beal-cobra-ii-8-6-unicore-dry-cover-mezza-corda-arrampicata\/"]]}]},{"@type":"ImageObject","inLanguage":"en-US","@id":"https:\/\/www.sestogrado.it\/en\/prodotto\/beal-cobra-ii-8-6-unicore-dry-cover-mezza-corda-arrampicata\/#primaryimage","url":"https:\/\/www.sestogrado.it\/wp-content\/uploads\/2016\/03\/cobra-dry-cover.jpg","contentUrl":"https:\/\/www.sestogrado.it\/wp-content\/uploads\/2016\/03\/cobra-dry-cover.jpg","width":900,"height":900,"caption":"beal cobra II"},{"@type":"BreadcrumbList","@id":"https:\/\/www.sestogrado.it\/en\/prodotto\/beal-cobra-ii-8-6-unicore-dry-cover-mezza-corda-arrampicata\/#breadcrumb","itemListElement":[{"@type":"ListItem","position":1,"name":"Home","item":"https:\/\/www.sestogrado.it\/en\/"},{"@type":"ListItem","position":2,"name":"Shop","item":"https:\/\/www.sestogrado.it\/en\/shop\/"},{"@type":"ListItem","position":3,"name":"Beal Cobra II 8.6 Unicore Dry cover mezza corda arrampicata"}]},{"@type":"WebSite","@id":"https:\/\/www.sestogrado.it\/en\/#website","url":"https:\/\/www.sestogrado.it\/en\/","name":"Sestogrado","description":"yes we climb","publisher":{"@id":"https:\/\/www.sestogrado.it\/en\/#organization"},"potentialAction":[{"@type":"SearchAction","target":{"@type":"EntryPoint","urlTemplate":"https:\/\/www.sestogrado.it\/en\/?s={search_term_string}"},"query-input":{"@type":"PropertyValueSpecification","valueRequired":true,"valueName":"search_term_string"}}],"inLanguage":"en-US"},{"@type":"Organization","@id":"https:\/\/www.sestogrado.it\/en\/#organization","name":"Sestogrado","url":"https:\/\/www.sestogrado.it\/en\/","logo":{"@type":"ImageObject","inLanguage":"en-US","@id":"https:\/\/www.sestogrado.it\/en\/#\/schema\/logo\/image\/","url":"https:\/\/www.sestogrado.it\/wp-content\/uploads\/2015\/03\/sestogrado-favicon.png","contentUrl":"https:\/\/www.sestogrado.it\/wp-content\/uploads\/2015\/03\/sestogrado-favicon.png","width":260,"height":260,"caption":"Sestogrado"},"image":{"@id":"https:\/\/www.sestogrado.it\/en\/#\/schema\/logo\/image\/"},"sameAs":["https:\/\/www.facebook.com\/pages\/Sestogrado\/1542635979353017?ref=bookmarks","https:\/\/www.youtube.com\/channel\/UC847kAfTkaJsWpc1jtQwr3Q"],"hasMerchantReturnPolicy":{"@type":"MerchantReturnPolicy","merchantReturnLink":"https:\/\/www.sestogrado.it\/en\/termini-e-condizioni\/"}}]},"product_brand":"Beal","og_availability":"instock","product_availability":"instock","product_condition":"new"},"_links":{"self":[{"href":"https:\/\/www.sestogrado.it\/en\/wp-json\/wp\/v2\/product\/4475","targetHints":{"allow":["GET"]}}],"collection":[{"href":"https:\/\/www.sestogrado.it\/en\/wp-json\/wp\/v2\/product"}],"about":[{"href":"https:\/\/www.sestogrado.it\/en\/wp-json\/wp\/v2\/types\/product"}],"replies":[{"embeddable":true,"href":"https:\/\/www.sestogrado.it\/en\/wp-json\/wp\/v2\/comments?post=4475"}],"wp:featuredmedia":[{"embeddable":true,"href":"https:\/\/www.sestogrado.it\/en\/wp-json\/wp\/v2\/media\/38806"}],"wp:attachment":[{"href":"https:\/\/www.sestogrado.it\/en\/wp-json\/wp\/v2\/media?parent=4475"}],"wp:term":[{"taxonomy":"product_brand","embeddable":true,"href":"https:\/\/www.sestogrado.it\/en\/wp-json\/wp\/v2\/product_brand?post=4475"},{"taxonomy":"product_cat","embeddable":true,"href":"https:\/\/www.sestogrado.it\/en\/wp-json\/wp\/v2\/product_cat?post=4475"},{"taxonomy":"product_tag","embeddable":true,"href":"https:\/\/www.sestogrado.it\/en\/wp-json\/wp\/v2\/product_tag?post=4475"}],"curies":[{"name":"wp","href":"https:\/\/api.w.org\/{rel}","templated":true}]}}