{"id":43119,"date":"2020-10-27T13:10:12","date_gmt":"2020-10-27T12:10:12","guid":{"rendered":"https:\/\/www.sestogrado.it\/?post_type=product&#038;p=43119"},"modified":"2024-09-24T14:59:46","modified_gmt":"2024-09-24T12:59:46","slug":"8b-8bplus-hanna-sacchetto-porta-magnesite-arrampicata","status":"publish","type":"product","link":"https:\/\/www.sestogrado.it\/en\/prodotto\/8b-8bplus-hanna-sacchetto-porta-magnesite-arrampicata\/","title":{"rendered":"8b+ plus Hanna chalk bag"},"content":{"rendered":"<p>Hey folks, the guide book grades this route a 7C but I think it looks more like a 7A.<\/p>\n<p>Hanna is one of those characters constantly downplaying the difficulty grade. Well, she does pull it through though. Guess that makes her a solid 7A climber ?<\/p>\n<p>Anything but simple. Soft pile lining helps for ideal chalk distribution, while the draw string closure seals the chalk bag neatly and keeps your chalk dry. 8BPLUS chalk bags are well-sized with an extra stiffened access rim, so every time you reach back to chalk up you&#8217;ll only feel the chalk on your finger tips. Effortless chalking up. Features brush holders on left and right side. This is a handmade chalk bag developed by climbers for climbers, with no compromises on quality or functionality.<\/p>","protected":false},"excerpt":{"rendered":"<p>Hey folks, the guide book grades this route a 7C but I think it looks more like a 7A. Hanna [&hellip;]<\/p>\n","protected":false},"featured_media":43120,"comment_status":"open","ping_status":"closed","template":"","meta":{"_acf_changed":false},"product_brand":[364],"product_cat":[742],"product_tag":[],"class_list":{"0":"post-43119","1":"product","2":"type-product","3":"status-publish","4":"has-post-thumbnail","6":"product_brand-8b","7":"product_cat-portamagnesite","9":"first","10":"instock","11":"sale","12":"taxable","13":"shipping-taxable","14":"purchasable","15":"product-type-simple"},"acf":[],"yoast_head":"<!-- This site is optimized with the Yoast SEO plugin v26.4 - https:\/\/yoast.com\/wordpress\/plugins\/seo\/ -->\n<title>8b+ plus Hanna chalk bag - Sestogrado<\/title>\n<meta name=\"description\" content=\"Ehi gente, la guida da questa via come un 7C ma a me sembra pi\u00f9 un 7A. Hanna \u00e8 uno di quei personaggi che minimizza costantemente il grado di difficolt\u00e0. Bene, lei ce la fa comunque. Immagino che questo la renda una solida scalatrice di 7A ?La fodera di pile morbida di Hanna aiuta a distribuire il gesso, mentre la chiusura a strappo chiude con cura il sacchetto e mantiene il gesso asciutto. I sacchetti 8BPLUS sono di ottima qualit\u00e0, realizzati con un bordo pi\u00f9 rigido, quindi ogni volta che si infila la mano si tocca il gesso con le punte delle dita. Porta spazzolino (non in dotazione) a sinistra ed a destra. 8b+ plus Hanna \u00e8 un sacchetto porta magnesite fatto a mano, realizzato da climbers per i climbers, senza compromessi di qualit\u00e0 o funzionalit\u00e0.\" \/>\n<meta name=\"robots\" content=\"index, follow, max-snippet:-1, max-image-preview:large, max-video-preview:-1\" \/>\n<link rel=\"canonical\" href=\"https:\/\/www.sestogrado.it\/en\/prodotto\/8b-8bplus-hanna-sacchetto-porta-magnesite-arrampicata\/\" \/>\n<meta property=\"og:locale\" content=\"en_US\" \/>\n<meta property=\"og:type\" content=\"article\" \/>\n<meta property=\"og:title\" content=\"8b+ plus Hanna chalk bag - Sestogrado\" \/>\n<meta property=\"og:description\" content=\"Ehi gente, la guida da questa via come un 7C ma a me sembra pi\u00f9 un 7A. Hanna \u00e8 uno di quei personaggi che minimizza costantemente il grado di difficolt\u00e0. Bene, lei ce la fa comunque. Immagino che questo la renda una solida scalatrice di 7A ?La fodera di pile morbida di Hanna aiuta a distribuire il gesso, mentre la chiusura a strappo chiude con cura il sacchetto e mantiene il gesso asciutto. I sacchetti 8BPLUS sono di ottima qualit\u00e0, realizzati con un bordo pi\u00f9 rigido, quindi ogni volta che si infila la mano si tocca il gesso con le punte delle dita. Porta spazzolino (non in dotazione) a sinistra ed a destra. 8b+ plus Hanna \u00e8 un sacchetto porta magnesite fatto a mano, realizzato da climbers per i climbers, senza compromessi di qualit\u00e0 o funzionalit\u00e0.\" \/>\n<meta property=\"og:url\" content=\"https:\/\/www.sestogrado.it\/en\/prodotto\/8b-8bplus-hanna-sacchetto-porta-magnesite-arrampicata\/\" \/>\n<meta property=\"og:site_name\" content=\"Sestogrado\" \/>\n<meta property=\"article:publisher\" content=\"https:\/\/www.facebook.com\/pages\/Sestogrado\/1542635979353017?ref=bookmarks\" \/>\n<meta property=\"article:modified_time\" content=\"2024-09-24T12:59:46+00:00\" \/>\n<meta property=\"og:image\" content=\"https:\/\/www.sestogrado.it\/wp-content\/uploads\/2020\/10\/01-17.jpg\" \/>\n\t<meta property=\"og:image:width\" content=\"1000\" \/>\n\t<meta property=\"og:image:height\" content=\"1000\" \/>\n\t<meta property=\"og:image:type\" content=\"image\/jpeg\" \/>\n<meta name=\"twitter:label1\" content=\"Price\" \/>\n\t<meta name=\"twitter:data1\" content=\"&euro;&nbsp;27,90\" \/>\n\t<meta name=\"twitter:label2\" content=\"Availability\" \/>\n\t<meta name=\"twitter:data2\" content=\"In stock\" \/>\n<script type=\"application\/ld+json\" class=\"yoast-schema-graph\">{\"@context\":\"https:\/\/schema.org\",\"@graph\":[{\"@type\":\"WebPage\",\"@id\":\"https:\/\/www.sestogrado.it\/en\/prodotto\/8b-8bplus-hanna-sacchetto-porta-magnesite-arrampicata\/\",\"url\":\"https:\/\/www.sestogrado.it\/en\/prodotto\/8b-8bplus-hanna-sacchetto-porta-magnesite-arrampicata\/\",\"name\":\"8b+ plus Hanna chalk bag - Sestogrado\",\"isPartOf\":{\"@id\":\"https:\/\/www.sestogrado.it\/en\/#website\"},\"primaryImageOfPage\":{\"@id\":\"https:\/\/www.sestogrado.it\/en\/prodotto\/8b-8bplus-hanna-sacchetto-porta-magnesite-arrampicata\/#primaryimage\"},\"image\":{\"@id\":\"https:\/\/www.sestogrado.it\/prodotto\/8b-8bplus-hanna-sacchetto-porta-magnesite-arrampicata\/#primaryimage\"},\"thumbnailUrl\":\"https:\/\/www.sestogrado.it\/wp-content\/uploads\/2020\/10\/01-17.jpg\",\"datePublished\":\"2020-10-27T12:10:12+00:00\",\"dateModified\":\"2024-09-24T12:59:46+00:00\",\"description\":\"Ehi gente, la guida da questa via come un 7C ma a me sembra pi\u00f9 un 7A. Hanna \u00e8 uno di quei personaggi che minimizza costantemente il grado di difficolt\u00e0. Bene, lei ce la fa comunque. Immagino che questo la renda una solida scalatrice di 7A ?La fodera di pile morbida di Hanna aiuta a distribuire il gesso, mentre la chiusura a strappo chiude con cura il sacchetto e mantiene il gesso asciutto. I sacchetti 8BPLUS sono di ottima qualit\u00e0, realizzati con un bordo pi\u00f9 rigido, quindi ogni volta che si infila la mano si tocca il gesso con le punte delle dita. Porta spazzolino (non in dotazione) a sinistra ed a destra. 8b+ plus Hanna \u00e8 un sacchetto porta magnesite fatto a mano, realizzato da climbers per i climbers, senza compromessi di qualit\u00e0 o funzionalit\u00e0.\",\"breadcrumb\":{\"@id\":\"https:\/\/www.sestogrado.it\/en\/prodotto\/8b-8bplus-hanna-sacchetto-porta-magnesite-arrampicata\/#breadcrumb\"},\"inLanguage\":\"en-US\",\"potentialAction\":[{\"@type\":\"ReadAction\",\"target\":[[\"https:\/\/www.sestogrado.it\/en\/prodotto\/8b-8bplus-hanna-sacchetto-porta-magnesite-arrampicata\/\"]]}]},{\"@type\":\"ImageObject\",\"inLanguage\":\"en-US\",\"@id\":\"https:\/\/www.sestogrado.it\/en\/prodotto\/8b-8bplus-hanna-sacchetto-porta-magnesite-arrampicata\/#primaryimage\",\"url\":\"https:\/\/www.sestogrado.it\/wp-content\/uploads\/2020\/10\/01-17.jpg\",\"contentUrl\":\"https:\/\/www.sestogrado.it\/wp-content\/uploads\/2020\/10\/01-17.jpg\",\"width\":1000,\"height\":1000,\"caption\":\"hanna\"},{\"@type\":\"BreadcrumbList\",\"@id\":\"https:\/\/www.sestogrado.it\/en\/prodotto\/8b-8bplus-hanna-sacchetto-porta-magnesite-arrampicata\/#breadcrumb\",\"itemListElement\":[{\"@type\":\"ListItem\",\"position\":1,\"name\":\"Home\",\"item\":\"https:\/\/www.sestogrado.it\/en\/\"},{\"@type\":\"ListItem\",\"position\":2,\"name\":\"Shop\",\"item\":\"https:\/\/www.sestogrado.it\/en\/shop\/\"},{\"@type\":\"ListItem\",\"position\":3,\"name\":\"8b+ 8BPLUS Hanna sacchetto porta magnesite arrampicata\"}]},{\"@type\":\"WebSite\",\"@id\":\"https:\/\/www.sestogrado.it\/en\/#website\",\"url\":\"https:\/\/www.sestogrado.it\/en\/\",\"name\":\"Sestogrado\",\"description\":\"yes we climb\",\"publisher\":{\"@id\":\"https:\/\/www.sestogrado.it\/en\/#organization\"},\"potentialAction\":[{\"@type\":\"SearchAction\",\"target\":{\"@type\":\"EntryPoint\",\"urlTemplate\":\"https:\/\/www.sestogrado.it\/en\/?s={search_term_string}\"},\"query-input\":{\"@type\":\"PropertyValueSpecification\",\"valueRequired\":true,\"valueName\":\"search_term_string\"}}],\"inLanguage\":\"en-US\"},{\"@type\":\"Organization\",\"@id\":\"https:\/\/www.sestogrado.it\/en\/#organization\",\"name\":\"Sestogrado\",\"url\":\"https:\/\/www.sestogrado.it\/en\/\",\"logo\":{\"@type\":\"ImageObject\",\"inLanguage\":\"en-US\",\"@id\":\"https:\/\/www.sestogrado.it\/en\/#\/schema\/logo\/image\/\",\"url\":\"https:\/\/www.sestogrado.it\/wp-content\/uploads\/2015\/03\/sestogrado-favicon.png\",\"contentUrl\":\"https:\/\/www.sestogrado.it\/wp-content\/uploads\/2015\/03\/sestogrado-favicon.png\",\"width\":260,\"height\":260,\"caption\":\"Sestogrado\"},\"image\":{\"@id\":\"https:\/\/www.sestogrado.it\/en\/#\/schema\/logo\/image\/\"},\"sameAs\":[\"https:\/\/www.facebook.com\/pages\/Sestogrado\/1542635979353017?ref=bookmarks\",\"https:\/\/www.youtube.com\/channel\/UC847kAfTkaJsWpc1jtQwr3Q\"],\"hasMerchantReturnPolicy\":{\"@type\":\"MerchantReturnPolicy\",\"merchantReturnLink\":\"https:\/\/www.sestogrado.it\/en\/termini-e-condizioni\/\"}}]}<\/script>\n<meta property=\"product:brand\" content=\"8b+\" \/>\n<meta property=\"product:price:amount\" content=\"27.90\" \/>\n<meta property=\"product:price:currency\" content=\"EUR\" \/>\n<meta property=\"og:availability\" content=\"instock\" \/>\n<meta property=\"product:availability\" content=\"instock\" \/>\n<meta property=\"product:condition\" content=\"new\" \/>\n<!-- \/ Yoast SEO plugin. -->","yoast_head_json":{"title":"8b+ plus Hanna chalk bag - Sestogrado","description":"Ehi gente, la guida da questa via come un 7C ma a me sembra pi\u00f9 un 7A. Hanna \u00e8 uno di quei personaggi che minimizza costantemente il grado di difficolt\u00e0. Bene, lei ce la fa comunque. Immagino che questo la renda una solida scalatrice di 7A ?La fodera di pile morbida di Hanna aiuta a distribuire il gesso, mentre la chiusura a strappo chiude con cura il sacchetto e mantiene il gesso asciutto. I sacchetti 8BPLUS sono di ottima qualit\u00e0, realizzati con un bordo pi\u00f9 rigido, quindi ogni volta che si infila la mano si tocca il gesso con le punte delle dita. Porta spazzolino (non in dotazione) a sinistra ed a destra. 8b+ plus Hanna \u00e8 un sacchetto porta magnesite fatto a mano, realizzato da climbers per i climbers, senza compromessi di qualit\u00e0 o funzionalit\u00e0.","robots":{"index":"index","follow":"follow","max-snippet":"max-snippet:-1","max-image-preview":"max-image-preview:large","max-video-preview":"max-video-preview:-1"},"canonical":"https:\/\/www.sestogrado.it\/en\/prodotto\/8b-8bplus-hanna-sacchetto-porta-magnesite-arrampicata\/","og_locale":"en_US","og_type":"article","og_title":"8b+ plus Hanna chalk bag - Sestogrado","og_description":"Ehi gente, la guida da questa via come un 7C ma a me sembra pi\u00f9 un 7A. Hanna \u00e8 uno di quei personaggi che minimizza costantemente il grado di difficolt\u00e0. Bene, lei ce la fa comunque. Immagino che questo la renda una solida scalatrice di 7A ?La fodera di pile morbida di Hanna aiuta a distribuire il gesso, mentre la chiusura a strappo chiude con cura il sacchetto e mantiene il gesso asciutto. I sacchetti 8BPLUS sono di ottima qualit\u00e0, realizzati con un bordo pi\u00f9 rigido, quindi ogni volta che si infila la mano si tocca il gesso con le punte delle dita. Porta spazzolino (non in dotazione) a sinistra ed a destra. 8b+ plus Hanna \u00e8 un sacchetto porta magnesite fatto a mano, realizzato da climbers per i climbers, senza compromessi di qualit\u00e0 o funzionalit\u00e0.","og_url":"https:\/\/www.sestogrado.it\/en\/prodotto\/8b-8bplus-hanna-sacchetto-porta-magnesite-arrampicata\/","og_site_name":"Sestogrado","article_publisher":"https:\/\/www.facebook.com\/pages\/Sestogrado\/1542635979353017?ref=bookmarks","article_modified_time":"2024-09-24T12:59:46+00:00","og_image":[{"width":1000,"height":1000,"url":"https:\/\/www.sestogrado.it\/wp-content\/uploads\/2020\/10\/01-17.jpg","type":"image\/jpeg"}],"twitter_misc":{"Price":"&euro;&nbsp;27,90","Availability":"In stock"},"schema":{"@context":"https:\/\/schema.org","@graph":[{"@type":"WebPage","@id":"https:\/\/www.sestogrado.it\/en\/prodotto\/8b-8bplus-hanna-sacchetto-porta-magnesite-arrampicata\/","url":"https:\/\/www.sestogrado.it\/en\/prodotto\/8b-8bplus-hanna-sacchetto-porta-magnesite-arrampicata\/","name":"8b+ plus Hanna chalk bag - Sestogrado","isPartOf":{"@id":"https:\/\/www.sestogrado.it\/en\/#website"},"primaryImageOfPage":{"@id":"https:\/\/www.sestogrado.it\/en\/prodotto\/8b-8bplus-hanna-sacchetto-porta-magnesite-arrampicata\/#primaryimage"},"image":{"@id":"https:\/\/www.sestogrado.it\/prodotto\/8b-8bplus-hanna-sacchetto-porta-magnesite-arrampicata\/#primaryimage"},"thumbnailUrl":"https:\/\/www.sestogrado.it\/wp-content\/uploads\/2020\/10\/01-17.jpg","datePublished":"2020-10-27T12:10:12+00:00","dateModified":"2024-09-24T12:59:46+00:00","description":"Ehi gente, la guida da questa via come un 7C ma a me sembra pi\u00f9 un 7A. Hanna \u00e8 uno di quei personaggi che minimizza costantemente il grado di difficolt\u00e0. Bene, lei ce la fa comunque. Immagino che questo la renda una solida scalatrice di 7A ?La fodera di pile morbida di Hanna aiuta a distribuire il gesso, mentre la chiusura a strappo chiude con cura il sacchetto e mantiene il gesso asciutto. I sacchetti 8BPLUS sono di ottima qualit\u00e0, realizzati con un bordo pi\u00f9 rigido, quindi ogni volta che si infila la mano si tocca il gesso con le punte delle dita. Porta spazzolino (non in dotazione) a sinistra ed a destra. 8b+ plus Hanna \u00e8 un sacchetto porta magnesite fatto a mano, realizzato da climbers per i climbers, senza compromessi di qualit\u00e0 o funzionalit\u00e0.","breadcrumb":{"@id":"https:\/\/www.sestogrado.it\/en\/prodotto\/8b-8bplus-hanna-sacchetto-porta-magnesite-arrampicata\/#breadcrumb"},"inLanguage":"en-US","potentialAction":[{"@type":"ReadAction","target":[["https:\/\/www.sestogrado.it\/en\/prodotto\/8b-8bplus-hanna-sacchetto-porta-magnesite-arrampicata\/"]]}]},{"@type":"ImageObject","inLanguage":"en-US","@id":"https:\/\/www.sestogrado.it\/en\/prodotto\/8b-8bplus-hanna-sacchetto-porta-magnesite-arrampicata\/#primaryimage","url":"https:\/\/www.sestogrado.it\/wp-content\/uploads\/2020\/10\/01-17.jpg","contentUrl":"https:\/\/www.sestogrado.it\/wp-content\/uploads\/2020\/10\/01-17.jpg","width":1000,"height":1000,"caption":"hanna"},{"@type":"BreadcrumbList","@id":"https:\/\/www.sestogrado.it\/en\/prodotto\/8b-8bplus-hanna-sacchetto-porta-magnesite-arrampicata\/#breadcrumb","itemListElement":[{"@type":"ListItem","position":1,"name":"Home","item":"https:\/\/www.sestogrado.it\/en\/"},{"@type":"ListItem","position":2,"name":"Shop","item":"https:\/\/www.sestogrado.it\/en\/shop\/"},{"@type":"ListItem","position":3,"name":"8b+ 8BPLUS Hanna sacchetto porta magnesite arrampicata"}]},{"@type":"WebSite","@id":"https:\/\/www.sestogrado.it\/en\/#website","url":"https:\/\/www.sestogrado.it\/en\/","name":"Sestogrado","description":"yes we climb","publisher":{"@id":"https:\/\/www.sestogrado.it\/en\/#organization"},"potentialAction":[{"@type":"SearchAction","target":{"@type":"EntryPoint","urlTemplate":"https:\/\/www.sestogrado.it\/en\/?s={search_term_string}"},"query-input":{"@type":"PropertyValueSpecification","valueRequired":true,"valueName":"search_term_string"}}],"inLanguage":"en-US"},{"@type":"Organization","@id":"https:\/\/www.sestogrado.it\/en\/#organization","name":"Sestogrado","url":"https:\/\/www.sestogrado.it\/en\/","logo":{"@type":"ImageObject","inLanguage":"en-US","@id":"https:\/\/www.sestogrado.it\/en\/#\/schema\/logo\/image\/","url":"https:\/\/www.sestogrado.it\/wp-content\/uploads\/2015\/03\/sestogrado-favicon.png","contentUrl":"https:\/\/www.sestogrado.it\/wp-content\/uploads\/2015\/03\/sestogrado-favicon.png","width":260,"height":260,"caption":"Sestogrado"},"image":{"@id":"https:\/\/www.sestogrado.it\/en\/#\/schema\/logo\/image\/"},"sameAs":["https:\/\/www.facebook.com\/pages\/Sestogrado\/1542635979353017?ref=bookmarks","https:\/\/www.youtube.com\/channel\/UC847kAfTkaJsWpc1jtQwr3Q"],"hasMerchantReturnPolicy":{"@type":"MerchantReturnPolicy","merchantReturnLink":"https:\/\/www.sestogrado.it\/en\/termini-e-condizioni\/"}}]},"product_brand":"8b+","product_price_amount":"27.90","product_price_currency":"EUR","og_availability":"instock","product_availability":"instock","product_condition":"new"},"_links":{"self":[{"href":"https:\/\/www.sestogrado.it\/en\/wp-json\/wp\/v2\/product\/43119","targetHints":{"allow":["GET"]}}],"collection":[{"href":"https:\/\/www.sestogrado.it\/en\/wp-json\/wp\/v2\/product"}],"about":[{"href":"https:\/\/www.sestogrado.it\/en\/wp-json\/wp\/v2\/types\/product"}],"replies":[{"embeddable":true,"href":"https:\/\/www.sestogrado.it\/en\/wp-json\/wp\/v2\/comments?post=43119"}],"wp:featuredmedia":[{"embeddable":true,"href":"https:\/\/www.sestogrado.it\/en\/wp-json\/wp\/v2\/media\/43120"}],"wp:attachment":[{"href":"https:\/\/www.sestogrado.it\/en\/wp-json\/wp\/v2\/media?parent=43119"}],"wp:term":[{"taxonomy":"product_brand","embeddable":true,"href":"https:\/\/www.sestogrado.it\/en\/wp-json\/wp\/v2\/product_brand?post=43119"},{"taxonomy":"product_cat","embeddable":true,"href":"https:\/\/www.sestogrado.it\/en\/wp-json\/wp\/v2\/product_cat?post=43119"},{"taxonomy":"product_tag","embeddable":true,"href":"https:\/\/www.sestogrado.it\/en\/wp-json\/wp\/v2\/product_tag?post=43119"}],"curies":[{"name":"wp","href":"https:\/\/api.w.org\/{rel}","templated":true}]}}