{"id":42687,"date":"2020-10-15T10:37:06","date_gmt":"2020-10-15T08:37:06","guid":{"rendered":"https:\/\/www.sestogrado.it\/?post_type=product&#038;p=42687"},"modified":"2020-12-30T14:27:47","modified_gmt":"2020-12-30T13:27:47","slug":"ferrino-andey-castor-ciaspola-racchette-da-neve","status":"publish","type":"product","link":"https:\/\/www.sestogrado.it\/en\/prodotto\/ferrino-andey-castor-ciaspola-racchette-da-neve\/","title":{"rendered":"Ferrino Andey Castor snowshoes"},"content":{"rendered":"<p>Ideal for steep slopes. The compact size is a guarantee\u00a0of excellent sliding over any type of snow.<\/p>\n<ul>\n<li>Suitable for EU shoe sizes: From 34 to 48 with Castor; from 30 to 48 with NF binding<\/li>\n<li>\n<div>WEIGHT MIN (Kg\/g)\u00a01.3 kg<\/div>\n<div>WEIGHT MAX (Kg\/g)\u00a01.4 kg<\/div>\n<div>DIMENSIONS (cm)<br \/>\n52&#215;20,3 cm<\/div>\n<\/li>\n<\/ul>\n<p><\/p>","protected":false},"excerpt":{"rendered":"<p>Ideal for steep slopes. The compact size is a guarantee\u00a0of excellent sliding over any type of snow. Suitable for EU [&hellip;]<\/p>\n","protected":false},"featured_media":42703,"comment_status":"open","ping_status":"closed","template":"","meta":{"_acf_changed":false},"product_brand":[614],"product_cat":[711],"product_tag":[],"class_list":{"0":"post-42687","1":"product","2":"type-product","3":"status-publish","4":"has-post-thumbnail","6":"product_brand-ferrino","7":"product_cat-ciaspole-e-ghette","9":"first","10":"outofstock","11":"sale","12":"taxable","13":"shipping-taxable","14":"purchasable","15":"product-type-simple"},"acf":[],"yoast_head":"<!-- This site is optimized with the Yoast SEO plugin v26.4 - https:\/\/yoast.com\/wordpress\/plugins\/seo\/ -->\n<title>Ferrino Andey Castor snowshoes - Sestogrado<\/title>\n<meta name=\"description\" content=\"La Ferrino Andey Castor \u00e8 una ciaspola adatta a chi si approccia al mondo delle racchette da neve, ideale per percorsi e con difficolt\u00e0 non impegnativi. La Andey Castor \u00e8 ideale per pendii inclinati, la dimensione poco ingombrante garantisce un buon galleggiamento per ogni tipologia di neve. Donne, bambini o generalmente adulti che non pesino pi\u00f9 di 70kg, la Ferrino Andey Castor \u00e8 la compagna ideale per iniziare le tue avventure sulla neve.\" \/>\n<meta name=\"robots\" content=\"index, follow, max-snippet:-1, max-image-preview:large, max-video-preview:-1\" \/>\n<link rel=\"canonical\" href=\"https:\/\/www.sestogrado.it\/en\/prodotto\/ferrino-andey-castor-ciaspola-racchette-da-neve\/\" \/>\n<meta property=\"og:locale\" content=\"en_US\" \/>\n<meta property=\"og:type\" content=\"article\" \/>\n<meta property=\"og:title\" content=\"Ferrino Andey Castor snowshoes - Sestogrado\" \/>\n<meta property=\"og:description\" content=\"La Ferrino Andey Castor \u00e8 una ciaspola adatta a chi si approccia al mondo delle racchette da neve, ideale per percorsi e con difficolt\u00e0 non impegnativi. La Andey Castor \u00e8 ideale per pendii inclinati, la dimensione poco ingombrante garantisce un buon galleggiamento per ogni tipologia di neve. Donne, bambini o generalmente adulti che non pesino pi\u00f9 di 70kg, la Ferrino Andey Castor \u00e8 la compagna ideale per iniziare le tue avventure sulla neve.\" \/>\n<meta property=\"og:url\" content=\"https:\/\/www.sestogrado.it\/en\/prodotto\/ferrino-andey-castor-ciaspola-racchette-da-neve\/\" \/>\n<meta property=\"og:site_name\" content=\"Sestogrado\" \/>\n<meta property=\"article:publisher\" content=\"https:\/\/www.facebook.com\/pages\/Sestogrado\/1542635979353017?ref=bookmarks\" \/>\n<meta property=\"article:modified_time\" content=\"2020-12-30T13:27:47+00:00\" \/>\n<meta property=\"og:image\" content=\"https:\/\/www.sestogrado.it\/wp-content\/uploads\/2020\/10\/01-12.jpg\" \/>\n\t<meta property=\"og:image:width\" content=\"1400\" \/>\n\t<meta property=\"og:image:height\" content=\"1399\" \/>\n\t<meta property=\"og:image:type\" content=\"image\/jpeg\" \/>\n<meta name=\"twitter:label1\" content=\"Price\" \/>\n\t<meta name=\"twitter:data1\" content=\"&euro;&nbsp;99,90\" \/>\n\t<meta name=\"twitter:label2\" content=\"Availability\" \/>\n\t<meta name=\"twitter:data2\" content=\"Out of stock\" \/>\n<script type=\"application\/ld+json\" class=\"yoast-schema-graph\">{\"@context\":\"https:\/\/schema.org\",\"@graph\":[{\"@type\":\"WebPage\",\"@id\":\"https:\/\/www.sestogrado.it\/en\/prodotto\/ferrino-andey-castor-ciaspola-racchette-da-neve\/\",\"url\":\"https:\/\/www.sestogrado.it\/en\/prodotto\/ferrino-andey-castor-ciaspola-racchette-da-neve\/\",\"name\":\"Ferrino Andey Castor snowshoes - Sestogrado\",\"isPartOf\":{\"@id\":\"https:\/\/www.sestogrado.it\/en\/#website\"},\"primaryImageOfPage\":{\"@id\":\"https:\/\/www.sestogrado.it\/en\/prodotto\/ferrino-andey-castor-ciaspola-racchette-da-neve\/#primaryimage\"},\"image\":{\"@id\":\"https:\/\/www.sestogrado.it\/prodotto\/ferrino-andey-castor-ciaspola-racchette-da-neve\/#primaryimage\"},\"thumbnailUrl\":\"https:\/\/www.sestogrado.it\/wp-content\/uploads\/2020\/10\/01-12.jpg\",\"datePublished\":\"2020-10-15T08:37:06+00:00\",\"dateModified\":\"2020-12-30T13:27:47+00:00\",\"description\":\"La Ferrino Andey Castor \u00e8 una ciaspola adatta a chi si approccia al mondo delle racchette da neve, ideale per percorsi e con difficolt\u00e0 non impegnativi. La Andey Castor \u00e8 ideale per pendii inclinati, la dimensione poco ingombrante garantisce un buon galleggiamento per ogni tipologia di neve. Donne, bambini o generalmente adulti che non pesino pi\u00f9 di 70kg, la Ferrino Andey Castor \u00e8 la compagna ideale per iniziare le tue avventure sulla neve.\",\"breadcrumb\":{\"@id\":\"https:\/\/www.sestogrado.it\/en\/prodotto\/ferrino-andey-castor-ciaspola-racchette-da-neve\/#breadcrumb\"},\"inLanguage\":\"en-US\",\"potentialAction\":[{\"@type\":\"ReadAction\",\"target\":[[\"https:\/\/www.sestogrado.it\/en\/prodotto\/ferrino-andey-castor-ciaspola-racchette-da-neve\/\"]]}]},{\"@type\":\"ImageObject\",\"inLanguage\":\"en-US\",\"@id\":\"https:\/\/www.sestogrado.it\/en\/prodotto\/ferrino-andey-castor-ciaspola-racchette-da-neve\/#primaryimage\",\"url\":\"https:\/\/www.sestogrado.it\/wp-content\/uploads\/2020\/10\/01-12.jpg\",\"contentUrl\":\"https:\/\/www.sestogrado.it\/wp-content\/uploads\/2020\/10\/01-12.jpg\",\"width\":1400,\"height\":1399,\"caption\":\"ferrino andey castor\"},{\"@type\":\"BreadcrumbList\",\"@id\":\"https:\/\/www.sestogrado.it\/en\/prodotto\/ferrino-andey-castor-ciaspola-racchette-da-neve\/#breadcrumb\",\"itemListElement\":[{\"@type\":\"ListItem\",\"position\":1,\"name\":\"Home\",\"item\":\"https:\/\/www.sestogrado.it\/en\/\"},{\"@type\":\"ListItem\",\"position\":2,\"name\":\"Shop\",\"item\":\"https:\/\/www.sestogrado.it\/en\/shop\/\"},{\"@type\":\"ListItem\",\"position\":3,\"name\":\"Ferrino Andey Castor snowshoes\"}]},{\"@type\":\"WebSite\",\"@id\":\"https:\/\/www.sestogrado.it\/en\/#website\",\"url\":\"https:\/\/www.sestogrado.it\/en\/\",\"name\":\"Sestogrado\",\"description\":\"yes we climb\",\"publisher\":{\"@id\":\"https:\/\/www.sestogrado.it\/en\/#organization\"},\"potentialAction\":[{\"@type\":\"SearchAction\",\"target\":{\"@type\":\"EntryPoint\",\"urlTemplate\":\"https:\/\/www.sestogrado.it\/en\/?s={search_term_string}\"},\"query-input\":{\"@type\":\"PropertyValueSpecification\",\"valueRequired\":true,\"valueName\":\"search_term_string\"}}],\"inLanguage\":\"en-US\"},{\"@type\":\"Organization\",\"@id\":\"https:\/\/www.sestogrado.it\/en\/#organization\",\"name\":\"Sestogrado\",\"url\":\"https:\/\/www.sestogrado.it\/en\/\",\"logo\":{\"@type\":\"ImageObject\",\"inLanguage\":\"en-US\",\"@id\":\"https:\/\/www.sestogrado.it\/en\/#\/schema\/logo\/image\/\",\"url\":\"https:\/\/www.sestogrado.it\/wp-content\/uploads\/2015\/03\/sestogrado-favicon.png\",\"contentUrl\":\"https:\/\/www.sestogrado.it\/wp-content\/uploads\/2015\/03\/sestogrado-favicon.png\",\"width\":260,\"height\":260,\"caption\":\"Sestogrado\"},\"image\":{\"@id\":\"https:\/\/www.sestogrado.it\/en\/#\/schema\/logo\/image\/\"},\"sameAs\":[\"https:\/\/www.facebook.com\/pages\/Sestogrado\/1542635979353017?ref=bookmarks\",\"https:\/\/www.youtube.com\/channel\/UC847kAfTkaJsWpc1jtQwr3Q\"],\"hasMerchantReturnPolicy\":{\"@type\":\"MerchantReturnPolicy\",\"merchantReturnLink\":\"https:\/\/www.sestogrado.it\/en\/termini-e-condizioni\/\"}}]}<\/script>\n<meta property=\"product:brand\" content=\"Ferrino\" \/>\n<meta property=\"product:price:amount\" content=\"99.90\" \/>\n<meta property=\"product:price:currency\" content=\"EUR\" \/>\n<meta property=\"og:availability\" content=\"out of stock\" \/>\n<meta property=\"product:availability\" content=\"out of stock\" \/>\n<meta property=\"product:condition\" content=\"new\" \/>\n<!-- \/ Yoast SEO plugin. -->","yoast_head_json":{"title":"Ferrino Andey Castor snowshoes - Sestogrado","description":"La Ferrino Andey Castor \u00e8 una ciaspola adatta a chi si approccia al mondo delle racchette da neve, ideale per percorsi e con difficolt\u00e0 non impegnativi. La Andey Castor \u00e8 ideale per pendii inclinati, la dimensione poco ingombrante garantisce un buon galleggiamento per ogni tipologia di neve. Donne, bambini o generalmente adulti che non pesino pi\u00f9 di 70kg, la Ferrino Andey Castor \u00e8 la compagna ideale per iniziare le tue avventure sulla neve.","robots":{"index":"index","follow":"follow","max-snippet":"max-snippet:-1","max-image-preview":"max-image-preview:large","max-video-preview":"max-video-preview:-1"},"canonical":"https:\/\/www.sestogrado.it\/en\/prodotto\/ferrino-andey-castor-ciaspola-racchette-da-neve\/","og_locale":"en_US","og_type":"article","og_title":"Ferrino Andey Castor snowshoes - Sestogrado","og_description":"La Ferrino Andey Castor \u00e8 una ciaspola adatta a chi si approccia al mondo delle racchette da neve, ideale per percorsi e con difficolt\u00e0 non impegnativi. La Andey Castor \u00e8 ideale per pendii inclinati, la dimensione poco ingombrante garantisce un buon galleggiamento per ogni tipologia di neve. Donne, bambini o generalmente adulti che non pesino pi\u00f9 di 70kg, la Ferrino Andey Castor \u00e8 la compagna ideale per iniziare le tue avventure sulla neve.","og_url":"https:\/\/www.sestogrado.it\/en\/prodotto\/ferrino-andey-castor-ciaspola-racchette-da-neve\/","og_site_name":"Sestogrado","article_publisher":"https:\/\/www.facebook.com\/pages\/Sestogrado\/1542635979353017?ref=bookmarks","article_modified_time":"2020-12-30T13:27:47+00:00","og_image":[{"width":1400,"height":1399,"url":"https:\/\/www.sestogrado.it\/wp-content\/uploads\/2020\/10\/01-12.jpg","type":"image\/jpeg"}],"twitter_misc":{"Price":"&euro;&nbsp;99,90","Availability":"Out of stock"},"schema":{"@context":"https:\/\/schema.org","@graph":[{"@type":"WebPage","@id":"https:\/\/www.sestogrado.it\/en\/prodotto\/ferrino-andey-castor-ciaspola-racchette-da-neve\/","url":"https:\/\/www.sestogrado.it\/en\/prodotto\/ferrino-andey-castor-ciaspola-racchette-da-neve\/","name":"Ferrino Andey Castor snowshoes - Sestogrado","isPartOf":{"@id":"https:\/\/www.sestogrado.it\/en\/#website"},"primaryImageOfPage":{"@id":"https:\/\/www.sestogrado.it\/en\/prodotto\/ferrino-andey-castor-ciaspola-racchette-da-neve\/#primaryimage"},"image":{"@id":"https:\/\/www.sestogrado.it\/prodotto\/ferrino-andey-castor-ciaspola-racchette-da-neve\/#primaryimage"},"thumbnailUrl":"https:\/\/www.sestogrado.it\/wp-content\/uploads\/2020\/10\/01-12.jpg","datePublished":"2020-10-15T08:37:06+00:00","dateModified":"2020-12-30T13:27:47+00:00","description":"La Ferrino Andey Castor \u00e8 una ciaspola adatta a chi si approccia al mondo delle racchette da neve, ideale per percorsi e con difficolt\u00e0 non impegnativi. La Andey Castor \u00e8 ideale per pendii inclinati, la dimensione poco ingombrante garantisce un buon galleggiamento per ogni tipologia di neve. Donne, bambini o generalmente adulti che non pesino pi\u00f9 di 70kg, la Ferrino Andey Castor \u00e8 la compagna ideale per iniziare le tue avventure sulla neve.","breadcrumb":{"@id":"https:\/\/www.sestogrado.it\/en\/prodotto\/ferrino-andey-castor-ciaspola-racchette-da-neve\/#breadcrumb"},"inLanguage":"en-US","potentialAction":[{"@type":"ReadAction","target":[["https:\/\/www.sestogrado.it\/en\/prodotto\/ferrino-andey-castor-ciaspola-racchette-da-neve\/"]]}]},{"@type":"ImageObject","inLanguage":"en-US","@id":"https:\/\/www.sestogrado.it\/en\/prodotto\/ferrino-andey-castor-ciaspola-racchette-da-neve\/#primaryimage","url":"https:\/\/www.sestogrado.it\/wp-content\/uploads\/2020\/10\/01-12.jpg","contentUrl":"https:\/\/www.sestogrado.it\/wp-content\/uploads\/2020\/10\/01-12.jpg","width":1400,"height":1399,"caption":"ferrino andey castor"},{"@type":"BreadcrumbList","@id":"https:\/\/www.sestogrado.it\/en\/prodotto\/ferrino-andey-castor-ciaspola-racchette-da-neve\/#breadcrumb","itemListElement":[{"@type":"ListItem","position":1,"name":"Home","item":"https:\/\/www.sestogrado.it\/en\/"},{"@type":"ListItem","position":2,"name":"Shop","item":"https:\/\/www.sestogrado.it\/en\/shop\/"},{"@type":"ListItem","position":3,"name":"Ferrino Andey Castor snowshoes"}]},{"@type":"WebSite","@id":"https:\/\/www.sestogrado.it\/en\/#website","url":"https:\/\/www.sestogrado.it\/en\/","name":"Sestogrado","description":"yes we climb","publisher":{"@id":"https:\/\/www.sestogrado.it\/en\/#organization"},"potentialAction":[{"@type":"SearchAction","target":{"@type":"EntryPoint","urlTemplate":"https:\/\/www.sestogrado.it\/en\/?s={search_term_string}"},"query-input":{"@type":"PropertyValueSpecification","valueRequired":true,"valueName":"search_term_string"}}],"inLanguage":"en-US"},{"@type":"Organization","@id":"https:\/\/www.sestogrado.it\/en\/#organization","name":"Sestogrado","url":"https:\/\/www.sestogrado.it\/en\/","logo":{"@type":"ImageObject","inLanguage":"en-US","@id":"https:\/\/www.sestogrado.it\/en\/#\/schema\/logo\/image\/","url":"https:\/\/www.sestogrado.it\/wp-content\/uploads\/2015\/03\/sestogrado-favicon.png","contentUrl":"https:\/\/www.sestogrado.it\/wp-content\/uploads\/2015\/03\/sestogrado-favicon.png","width":260,"height":260,"caption":"Sestogrado"},"image":{"@id":"https:\/\/www.sestogrado.it\/en\/#\/schema\/logo\/image\/"},"sameAs":["https:\/\/www.facebook.com\/pages\/Sestogrado\/1542635979353017?ref=bookmarks","https:\/\/www.youtube.com\/channel\/UC847kAfTkaJsWpc1jtQwr3Q"],"hasMerchantReturnPolicy":{"@type":"MerchantReturnPolicy","merchantReturnLink":"https:\/\/www.sestogrado.it\/en\/termini-e-condizioni\/"}}]},"product_brand":"Ferrino","product_price_amount":"99.90","product_price_currency":"EUR","og_availability":"out of stock","product_availability":"out of stock","product_condition":"new"},"_links":{"self":[{"href":"https:\/\/www.sestogrado.it\/en\/wp-json\/wp\/v2\/product\/42687","targetHints":{"allow":["GET"]}}],"collection":[{"href":"https:\/\/www.sestogrado.it\/en\/wp-json\/wp\/v2\/product"}],"about":[{"href":"https:\/\/www.sestogrado.it\/en\/wp-json\/wp\/v2\/types\/product"}],"replies":[{"embeddable":true,"href":"https:\/\/www.sestogrado.it\/en\/wp-json\/wp\/v2\/comments?post=42687"}],"wp:featuredmedia":[{"embeddable":true,"href":"https:\/\/www.sestogrado.it\/en\/wp-json\/wp\/v2\/media\/42703"}],"wp:attachment":[{"href":"https:\/\/www.sestogrado.it\/en\/wp-json\/wp\/v2\/media?parent=42687"}],"wp:term":[{"taxonomy":"product_brand","embeddable":true,"href":"https:\/\/www.sestogrado.it\/en\/wp-json\/wp\/v2\/product_brand?post=42687"},{"taxonomy":"product_cat","embeddable":true,"href":"https:\/\/www.sestogrado.it\/en\/wp-json\/wp\/v2\/product_cat?post=42687"},{"taxonomy":"product_tag","embeddable":true,"href":"https:\/\/www.sestogrado.it\/en\/wp-json\/wp\/v2\/product_tag?post=42687"}],"curies":[{"name":"wp","href":"https:\/\/api.w.org\/{rel}","templated":true}]}}