{"id":4202,"date":"2016-02-08T12:08:22","date_gmt":"2016-02-08T11:08:22","guid":{"rendered":"http:\/\/www.sestogrado.it\/prodotto\/corde-corde\/beal-opera-8-5-unicore-dry-cover-corda-arrampicata\/"},"modified":"2026-05-04T12:58:00","modified_gmt":"2026-05-04T10:58:00","slug":"beal-opera-8-5-unicore-dry-cover-corda-arrampicata","status":"publish","type":"product","link":"https:\/\/www.sestogrado.it\/en\/prodotto\/beal-opera-8-5-unicore-dry-cover-corda-arrampicata\/","title":{"rendered":"Beal Opera 8.5 Unicore Dry cover single rope"},"content":{"rendered":"<p>Weighing in at only 48 g per meter, the Opera 8.5 is the firstsub 50g rope and is the lightest and thinest single rope on themarket. The rope is made with technology that combines allof B\u00e9al&#8217;s know-how, resulting in low impact forces,\u00a0<strong><a class=\"unicore\" href=\"http:\/\/www.unicore-process.com\/\">UNICORE technology<\/a><\/strong>, DRY COVER protection and the\u00a0<strong><a class=\"unicore\" href=\"http:\/\/www.beal-planet.com\/en\/cordes-a-simple\/water-repellent.html\">UIAA Water Rellent<\/a><\/strong>\u00a0standard for the GOLDEN DRY version.<\/p>\n<p>This ultra-supple,ultralight rope will please the most demanding sport climberswhile remaining versatile for mountaineering.<\/p>\n<div class=\"table-responsive\"><table class=\"table\" border=\"0\" width=\"100%\" cellspacing=\"5\" cellpadding=\"0\">\n<tbody>\n<tr>\n<td width=\"46%\"><strong>STRONG POINTS:<\/strong><br \/>\n&#8211; Ultralight.<br \/>\n&#8211; Ultra supple.<br \/>\n&#8211; Versatile.<br \/>\n&#8211; Offers all the advantages<br \/>\nof\u00a0<strong><a class=\"unicore\" href=\"http:\/\/www.unicore-process.com\/\">UNICORE technology<\/a><\/strong>.<\/td>\n<td valign=\"top\" width=\"54%\"><strong>USES:\u00a0<\/strong><br \/>\n<img decoding=\"async\" src=\"http:\/\/www.beal-planet.com\/2014\/img\/img\/1-pf.png\" alt=\"\" width=\"25\" height=\"25\" align=\"left\" border=\"0\" \/>Top level climber.<img decoding=\"async\" src=\"http:\/\/www.beal-planet.com\/2014\/img\/img\/12-pf.png\" alt=\"\" width=\"25\" height=\"25\" align=\"left\" border=\"0\" \/>\u00a0<img decoding=\"async\" src=\"http:\/\/www.beal-planet.com\/2014\/img\/img\/00-pf.png\" alt=\"\" width=\"25\" height=\"25\" align=\"middle\" border=\"0\" \/>\u00a0\u00a0General climber \/ mountaineer.<\/td>\n<\/tr>\n<\/tbody>\n<\/table><\/div>\n<p><img decoding=\"async\" src=\"http:\/\/www.beal-planet.com\/2014\/img\/Log_ThermoFluid.png\" \/>\u00a0<img decoding=\"async\" src=\"http:\/\/www.beal-planet.com\/2014\/img\/awards_unicore.jpg\" \/>\u00a0<img decoding=\"async\" src=\"http:\/\/www.beal-planet.com\/2014\/img\/Log_UNICORE.png\" \/>\u00a0<img decoding=\"async\" src=\"http:\/\/www.beal-planet.com\/2014\/img\/Log_UIAA_WR.png\" \/><\/p>\n<p>&nbsp;<\/p>\n<div><i>If you are not a guide, If you are not a high level climber or mountaineer, If you need advice&#8230;<\/i><\/div>\n<div class=\"table-responsive\"><table class=\"table\" class=\"tablactivicty\">\n<tbody>\n<tr>\n<td><\/td>\n<td><img decoding=\"async\" src=\"http:\/\/www.beal-planet.com\/2014\/img\/activity-indoor-on.png\" \/><\/td>\n<td><img decoding=\"async\" src=\"http:\/\/www.beal-planet.com\/2014\/img\/activity-occas-on.png\" \/><\/td>\n<td><img decoding=\"async\" src=\"http:\/\/www.beal-planet.com\/2014\/img\/activity-sport-on.png\" \/><\/td>\n<td><img decoding=\"async\" src=\"http:\/\/www.beal-planet.com\/2014\/img\/activity-hn-on.png\" \/><\/td>\n<td><img decoding=\"async\" src=\"http:\/\/www.beal-planet.com\/2014\/img\/activity-grande-voie-on.png\" \/><\/td>\n<td><img decoding=\"async\" src=\"http:\/\/www.beal-planet.com\/2014\/img\/activity-alpi-on.png\" \/><\/td>\n<td><img decoding=\"async\" src=\"http:\/\/www.beal-planet.com\/2014\/img\/activity-mixte-on.png\" \/><\/td>\n<td><img decoding=\"async\" src=\"http:\/\/www.beal-planet.com\/2014\/img\/activity-cascade-on.png\" \/><\/td>\n<td><img decoding=\"async\" src=\"http:\/\/www.beal-planet.com\/2014\/img\/activity-rando-on.png\" \/><\/td>\n<td><img decoding=\"async\" src=\"http:\/\/www.beal-planet.com\/2014\/img\/activity-glacier-on.png\" \/><\/td>\n<\/tr>\n<tr class=\"tract\">\n<td><img decoding=\"async\" src=\"http:\/\/www.beal-planet.com\/2014\/img\/gamme-golden-dry-on.png\" width=\"65px\" \/><\/td>\n<td class=\"tdact\"><\/td>\n<td class=\"tdact\"><\/td>\n<td class=\"tdact\"><img decoding=\"async\" src=\"http:\/\/www.beal-planet.com\/2014\/img\/star2.png\" width=\"10\" height=\"9\" \/><img decoding=\"async\" src=\"http:\/\/www.beal-planet.com\/2014\/img\/star2.png\" width=\"10\" height=\"9\" \/><img decoding=\"async\" src=\"http:\/\/www.beal-planet.com\/2014\/img\/star2.png\" width=\"10\" height=\"9\" \/><\/td>\n<td class=\"tdact\"><img decoding=\"async\" src=\"http:\/\/www.beal-planet.com\/2014\/img\/star2.png\" width=\"10\" height=\"9\" \/><img decoding=\"async\" src=\"http:\/\/www.beal-planet.com\/2014\/img\/star2.png\" width=\"10\" height=\"9\" \/><img decoding=\"async\" src=\"http:\/\/www.beal-planet.com\/2014\/img\/star2.png\" width=\"10\" height=\"9\" \/><img decoding=\"async\" src=\"http:\/\/www.beal-planet.com\/2014\/img\/star2.png\" width=\"10\" height=\"9\" \/><img decoding=\"async\" src=\"http:\/\/www.beal-planet.com\/2014\/img\/star2.png\" width=\"10\" height=\"9\" \/><\/td>\n<td class=\"tdact\"><img decoding=\"async\" src=\"http:\/\/www.beal-planet.com\/2014\/img\/star2.png\" width=\"10\" height=\"9\" \/><img decoding=\"async\" src=\"http:\/\/www.beal-planet.com\/2014\/img\/star2.png\" width=\"10\" height=\"9\" \/><\/td>\n<td class=\"tdact\"><img decoding=\"async\" src=\"http:\/\/www.beal-planet.com\/2014\/img\/star2.png\" width=\"10\" height=\"9\" \/><img decoding=\"async\" src=\"http:\/\/www.beal-planet.com\/2014\/img\/star2.png\" width=\"10\" height=\"9\" \/><img decoding=\"async\" src=\"http:\/\/www.beal-planet.com\/2014\/img\/star2.png\" width=\"10\" height=\"9\" \/><img decoding=\"async\" src=\"http:\/\/www.beal-planet.com\/2014\/img\/star2.png\" width=\"10\" height=\"9\" \/><\/td>\n<td class=\"tdact\"><img decoding=\"async\" src=\"http:\/\/www.beal-planet.com\/2014\/img\/star2.png\" width=\"10\" height=\"9\" \/><img decoding=\"async\" src=\"http:\/\/www.beal-planet.com\/2014\/img\/star2.png\" width=\"10\" height=\"9\" \/><\/td>\n<td class=\"tdact\"><img decoding=\"async\" src=\"http:\/\/www.beal-planet.com\/2014\/img\/star2.png\" width=\"10\" height=\"9\" \/><\/td>\n<td class=\"tdact\"><img decoding=\"async\" src=\"http:\/\/www.beal-planet.com\/2014\/img\/star2.png\" width=\"10\" height=\"9\" \/><\/td>\n<td class=\"tdact tdact2\"><img decoding=\"async\" src=\"http:\/\/www.beal-planet.com\/2014\/img\/star2.png\" width=\"10\" height=\"9\" \/><\/td>\n<\/tr>\n<tr class=\"tract\">\n<td><img decoding=\"async\" src=\"http:\/\/www.beal-planet.com\/2014\/img\/gamme-dry-cover-on.png\" width=\"65px\" \/><\/td>\n<td class=\"tdact\"><\/td>\n<td class=\"tdact\"><\/td>\n<td class=\"tdact\"><img decoding=\"async\" src=\"http:\/\/www.beal-planet.com\/2014\/img\/star2.png\" width=\"10\" height=\"9\" \/><img decoding=\"async\" src=\"http:\/\/www.beal-planet.com\/2014\/img\/star2.png\" width=\"10\" height=\"9\" \/><img decoding=\"async\" src=\"http:\/\/www.beal-planet.com\/2014\/img\/star2.png\" width=\"10\" height=\"9\" \/><\/td>\n<td class=\"tdact\"><img decoding=\"async\" src=\"http:\/\/www.beal-planet.com\/2014\/img\/star2.png\" width=\"10\" height=\"9\" \/><img decoding=\"async\" src=\"http:\/\/www.beal-planet.com\/2014\/img\/star2.png\" width=\"10\" height=\"9\" \/><img decoding=\"async\" src=\"http:\/\/www.beal-planet.com\/2014\/img\/star2.png\" width=\"10\" height=\"9\" \/><img decoding=\"async\" src=\"http:\/\/www.beal-planet.com\/2014\/img\/star2.png\" width=\"10\" height=\"9\" \/><img decoding=\"async\" src=\"http:\/\/www.beal-planet.com\/2014\/img\/star2.png\" width=\"10\" height=\"9\" \/><\/td>\n<td class=\"tdact\"><img decoding=\"async\" src=\"http:\/\/www.beal-planet.com\/2014\/img\/star2.png\" width=\"10\" height=\"9\" \/><img decoding=\"async\" src=\"http:\/\/www.beal-planet.com\/2014\/img\/star2.png\" width=\"10\" height=\"9\" \/><\/td>\n<td class=\"tdact\"><img decoding=\"async\" src=\"http:\/\/www.beal-planet.com\/2014\/img\/star2.png\" width=\"10\" height=\"9\" \/><img decoding=\"async\" src=\"http:\/\/www.beal-planet.com\/2014\/img\/star2.png\" width=\"10\" height=\"9\" \/><img decoding=\"async\" src=\"http:\/\/www.beal-planet.com\/2014\/img\/star2.png\" width=\"10\" height=\"9\" \/><\/td>\n<td class=\"tdact\"><img decoding=\"async\" src=\"http:\/\/www.beal-planet.com\/2014\/img\/star2.png\" width=\"10\" height=\"9\" \/><img decoding=\"async\" src=\"http:\/\/www.beal-planet.com\/2014\/img\/star2.png\" width=\"10\" height=\"9\" \/><\/td>\n<td class=\"tdact\"><\/td>\n<td class=\"tdact\"><img decoding=\"async\" src=\"http:\/\/www.beal-planet.com\/2014\/img\/star2.png\" width=\"10\" height=\"9\" \/><\/td>\n<\/tr>\n<\/tbody>\n<\/table><\/div>\n<p><strong>Attention:<\/strong><\/p>\n<p><img decoding=\"async\" src=\"http:\/\/www.beal-planet.com\/2014\/img\/icon_warning4.jpg\" alt=\"\" width=\"24\" height=\"24\" align=\"left\" \/>Used as single rope, this is not a rope to put in all hands, or in all belaying devices: Its thinness makes it a rope which absolutely demands an expert belayer. In effect, traditional belay devices will offer reduced braking, and some automatic belay devices may not work at all.<\/p>\n<p>&nbsp;<\/p>\n<p>BEAL has been making rope history since the 80\u2019s. Passion and research led to the development of the concept of dynamic ropes, changing the climbing world forever. The\u00a0BEAL team is fully integrated into its work, caring about new technology applications, test reports, as well as emotions and enthusiasms. Evolution is what lets BEAL anticipate changes and stay tuned with climbers\u2019 everyday needs.<\/p>\n<p>&nbsp;<\/p>","protected":false},"excerpt":{"rendered":"<p class=\"qtranxs-available-languages-message qtranxs-available-languages-message-en\">Sorry, this entry is only available in <a href=\"https:\/\/www.sestogrado.it\/it\/wp-json\/wp\/v2\/product\/4202\" class=\"qtranxs-available-language-link qtranxs-available-language-link-it\" title=\"Italiano\">Italiano<\/a>.<\/p>\n","protected":false},"featured_media":39011,"comment_status":"open","ping_status":"closed","template":"","meta":{"_acf_changed":false},"product_brand":[84],"product_cat":[136],"product_tag":[446,450],"class_list":{"0":"post-4202","1":"product","2":"type-product","3":"status-publish","4":"has-post-thumbnail","6":"product_brand-beal","7":"product_cat-corde-corde","8":"product_tag-corda-tripla-omologazione","9":"product_tag-corda-unicore","11":"first","12":"instock","13":"sale","14":"taxable","15":"shipping-taxable","16":"purchasable","17":"product-type-variable"},"acf":[],"yoast_head":"<!-- This site is optimized with the Yoast SEO plugin v26.4 - https:\/\/yoast.com\/wordpress\/plugins\/seo\/ -->\n<title>Beal Opera 8.5 Unicore Dry cover single rope - Sestogrado<\/title>\n<meta name=\"description\" content=\"Beal Opera 8.5 mm corda top di gamma Beal con trattamento unicore e tripla omologazione. La corda da arrampicata pi\u00f9 leggera in commercio. La Opera 8.5 \u00e8 una corda ultra fluida e leggera dedicata agli arrampicatori pi\u00f9 esigenti o chi ne vuole fare un utilizzo polivalente in ambiente alpinistico.\" \/>\n<meta name=\"robots\" content=\"index, follow, max-snippet:-1, max-image-preview:large, max-video-preview:-1\" \/>\n<link rel=\"canonical\" href=\"https:\/\/www.sestogrado.it\/en\/prodotto\/beal-opera-8-5-unicore-dry-cover-corda-arrampicata\/\" \/>\n<meta property=\"og:locale\" content=\"en_US\" \/>\n<meta property=\"og:type\" content=\"article\" \/>\n<meta property=\"og:title\" content=\"Beal Opera 8.5 Unicore Dry cover single rope - Sestogrado\" \/>\n<meta property=\"og:description\" content=\"Beal Opera 8.5 mm corda top di gamma Beal con trattamento unicore e tripla omologazione. La corda da arrampicata pi\u00f9 leggera in commercio. La Opera 8.5 \u00e8 una corda ultra fluida e leggera dedicata agli arrampicatori pi\u00f9 esigenti o chi ne vuole fare un utilizzo polivalente in ambiente alpinistico.\" \/>\n<meta property=\"og:url\" content=\"https:\/\/www.sestogrado.it\/en\/prodotto\/beal-opera-8-5-unicore-dry-cover-corda-arrampicata\/\" \/>\n<meta property=\"og:site_name\" content=\"Sestogrado\" \/>\n<meta property=\"article:publisher\" content=\"https:\/\/www.facebook.com\/pages\/Sestogrado\/1542635979353017?ref=bookmarks\" \/>\n<meta property=\"article:modified_time\" content=\"2026-05-04T10:58:00+00:00\" \/>\n<meta property=\"og:image\" content=\"https:\/\/www.sestogrado.it\/wp-content\/uploads\/2016\/02\/03-3.jpg\" \/>\n\t<meta property=\"og:image:width\" content=\"1200\" \/>\n\t<meta property=\"og:image:height\" content=\"1200\" \/>\n\t<meta property=\"og:image:type\" content=\"image\/jpeg\" \/>\n<meta name=\"twitter:label1\" content=\"Availability\" \/>\n\t<meta name=\"twitter:data1\" content=\"In stock\" \/>\n<script type=\"application\/ld+json\" class=\"yoast-schema-graph\">{\"@context\":\"https:\/\/schema.org\",\"@graph\":[{\"@type\":\"WebPage\",\"@id\":\"https:\/\/www.sestogrado.it\/en\/prodotto\/beal-opera-8-5-unicore-dry-cover-corda-arrampicata\/\",\"url\":\"https:\/\/www.sestogrado.it\/en\/prodotto\/beal-opera-8-5-unicore-dry-cover-corda-arrampicata\/\",\"name\":\"Beal Opera 8.5 Unicore Dry cover single rope - Sestogrado\",\"isPartOf\":{\"@id\":\"https:\/\/www.sestogrado.it\/en\/#website\"},\"primaryImageOfPage\":{\"@id\":\"https:\/\/www.sestogrado.it\/en\/prodotto\/beal-opera-8-5-unicore-dry-cover-corda-arrampicata\/#primaryimage\"},\"image\":{\"@id\":\"https:\/\/www.sestogrado.it\/prodotto\/beal-opera-8-5-unicore-dry-cover-corda-arrampicata\/#primaryimage\"},\"thumbnailUrl\":\"https:\/\/www.sestogrado.it\/wp-content\/uploads\/2016\/02\/03-3.jpg\",\"datePublished\":\"2016-02-08T11:08:22+00:00\",\"dateModified\":\"2026-05-04T10:58:00+00:00\",\"description\":\"Beal Opera 8.5 mm corda top di gamma Beal con trattamento unicore e tripla omologazione. La corda da arrampicata pi\u00f9 leggera in commercio. La Opera 8.5 \u00e8 una corda ultra fluida e leggera dedicata agli arrampicatori pi\u00f9 esigenti o chi ne vuole fare un utilizzo polivalente in ambiente alpinistico.\",\"breadcrumb\":{\"@id\":\"https:\/\/www.sestogrado.it\/en\/prodotto\/beal-opera-8-5-unicore-dry-cover-corda-arrampicata\/#breadcrumb\"},\"inLanguage\":\"en-US\",\"potentialAction\":[{\"@type\":\"ReadAction\",\"target\":[[\"https:\/\/www.sestogrado.it\/en\/prodotto\/beal-opera-8-5-unicore-dry-cover-corda-arrampicata\/\"]]}]},{\"@type\":\"ImageObject\",\"inLanguage\":\"en-US\",\"@id\":\"https:\/\/www.sestogrado.it\/en\/prodotto\/beal-opera-8-5-unicore-dry-cover-corda-arrampicata\/#primaryimage\",\"url\":\"https:\/\/www.sestogrado.it\/wp-content\/uploads\/2016\/02\/03-3.jpg\",\"contentUrl\":\"https:\/\/www.sestogrado.it\/wp-content\/uploads\/2016\/02\/03-3.jpg\",\"width\":1200,\"height\":1200,\"caption\":\"beal opera 8.5 verde\"},{\"@type\":\"BreadcrumbList\",\"@id\":\"https:\/\/www.sestogrado.it\/en\/prodotto\/beal-opera-8-5-unicore-dry-cover-corda-arrampicata\/#breadcrumb\",\"itemListElement\":[{\"@type\":\"ListItem\",\"position\":1,\"name\":\"Home\",\"item\":\"https:\/\/www.sestogrado.it\/en\/\"},{\"@type\":\"ListItem\",\"position\":2,\"name\":\"Shop\",\"item\":\"https:\/\/www.sestogrado.it\/en\/shop\/\"},{\"@type\":\"ListItem\",\"position\":3,\"name\":\"Beal Opera 8.5 Unicore Dry cover corda arrampicata\"}]},{\"@type\":\"WebSite\",\"@id\":\"https:\/\/www.sestogrado.it\/en\/#website\",\"url\":\"https:\/\/www.sestogrado.it\/en\/\",\"name\":\"Sestogrado\",\"description\":\"yes we climb\",\"publisher\":{\"@id\":\"https:\/\/www.sestogrado.it\/en\/#organization\"},\"potentialAction\":[{\"@type\":\"SearchAction\",\"target\":{\"@type\":\"EntryPoint\",\"urlTemplate\":\"https:\/\/www.sestogrado.it\/en\/?s={search_term_string}\"},\"query-input\":{\"@type\":\"PropertyValueSpecification\",\"valueRequired\":true,\"valueName\":\"search_term_string\"}}],\"inLanguage\":\"en-US\"},{\"@type\":\"Organization\",\"@id\":\"https:\/\/www.sestogrado.it\/en\/#organization\",\"name\":\"Sestogrado\",\"url\":\"https:\/\/www.sestogrado.it\/en\/\",\"logo\":{\"@type\":\"ImageObject\",\"inLanguage\":\"en-US\",\"@id\":\"https:\/\/www.sestogrado.it\/en\/#\/schema\/logo\/image\/\",\"url\":\"https:\/\/www.sestogrado.it\/wp-content\/uploads\/2015\/03\/sestogrado-favicon.png\",\"contentUrl\":\"https:\/\/www.sestogrado.it\/wp-content\/uploads\/2015\/03\/sestogrado-favicon.png\",\"width\":260,\"height\":260,\"caption\":\"Sestogrado\"},\"image\":{\"@id\":\"https:\/\/www.sestogrado.it\/en\/#\/schema\/logo\/image\/\"},\"sameAs\":[\"https:\/\/www.facebook.com\/pages\/Sestogrado\/1542635979353017?ref=bookmarks\",\"https:\/\/www.youtube.com\/channel\/UC847kAfTkaJsWpc1jtQwr3Q\"],\"hasMerchantReturnPolicy\":{\"@type\":\"MerchantReturnPolicy\",\"merchantReturnLink\":\"https:\/\/www.sestogrado.it\/en\/termini-e-condizioni\/\"}}]}<\/script>\n<meta property=\"product:brand\" content=\"Beal\" \/>\n<meta property=\"og:availability\" content=\"instock\" \/>\n<meta property=\"product:availability\" content=\"instock\" \/>\n<meta property=\"product:condition\" content=\"new\" \/>\n<!-- \/ Yoast SEO plugin. -->","yoast_head_json":{"title":"Beal Opera 8.5 Unicore Dry cover single rope - Sestogrado","description":"Beal Opera 8.5 mm corda top di gamma Beal con trattamento unicore e tripla omologazione. La corda da arrampicata pi\u00f9 leggera in commercio. La Opera 8.5 \u00e8 una corda ultra fluida e leggera dedicata agli arrampicatori pi\u00f9 esigenti o chi ne vuole fare un utilizzo polivalente in ambiente alpinistico.","robots":{"index":"index","follow":"follow","max-snippet":"max-snippet:-1","max-image-preview":"max-image-preview:large","max-video-preview":"max-video-preview:-1"},"canonical":"https:\/\/www.sestogrado.it\/en\/prodotto\/beal-opera-8-5-unicore-dry-cover-corda-arrampicata\/","og_locale":"en_US","og_type":"article","og_title":"Beal Opera 8.5 Unicore Dry cover single rope - Sestogrado","og_description":"Beal Opera 8.5 mm corda top di gamma Beal con trattamento unicore e tripla omologazione. La corda da arrampicata pi\u00f9 leggera in commercio. La Opera 8.5 \u00e8 una corda ultra fluida e leggera dedicata agli arrampicatori pi\u00f9 esigenti o chi ne vuole fare un utilizzo polivalente in ambiente alpinistico.","og_url":"https:\/\/www.sestogrado.it\/en\/prodotto\/beal-opera-8-5-unicore-dry-cover-corda-arrampicata\/","og_site_name":"Sestogrado","article_publisher":"https:\/\/www.facebook.com\/pages\/Sestogrado\/1542635979353017?ref=bookmarks","article_modified_time":"2026-05-04T10:58:00+00:00","og_image":[{"width":1200,"height":1200,"url":"https:\/\/www.sestogrado.it\/wp-content\/uploads\/2016\/02\/03-3.jpg","type":"image\/jpeg"}],"twitter_misc":{"Availability":"In stock"},"schema":{"@context":"https:\/\/schema.org","@graph":[{"@type":"WebPage","@id":"https:\/\/www.sestogrado.it\/en\/prodotto\/beal-opera-8-5-unicore-dry-cover-corda-arrampicata\/","url":"https:\/\/www.sestogrado.it\/en\/prodotto\/beal-opera-8-5-unicore-dry-cover-corda-arrampicata\/","name":"Beal Opera 8.5 Unicore Dry cover single rope - Sestogrado","isPartOf":{"@id":"https:\/\/www.sestogrado.it\/en\/#website"},"primaryImageOfPage":{"@id":"https:\/\/www.sestogrado.it\/en\/prodotto\/beal-opera-8-5-unicore-dry-cover-corda-arrampicata\/#primaryimage"},"image":{"@id":"https:\/\/www.sestogrado.it\/prodotto\/beal-opera-8-5-unicore-dry-cover-corda-arrampicata\/#primaryimage"},"thumbnailUrl":"https:\/\/www.sestogrado.it\/wp-content\/uploads\/2016\/02\/03-3.jpg","datePublished":"2016-02-08T11:08:22+00:00","dateModified":"2026-05-04T10:58:00+00:00","description":"Beal Opera 8.5 mm corda top di gamma Beal con trattamento unicore e tripla omologazione. La corda da arrampicata pi\u00f9 leggera in commercio. La Opera 8.5 \u00e8 una corda ultra fluida e leggera dedicata agli arrampicatori pi\u00f9 esigenti o chi ne vuole fare un utilizzo polivalente in ambiente alpinistico.","breadcrumb":{"@id":"https:\/\/www.sestogrado.it\/en\/prodotto\/beal-opera-8-5-unicore-dry-cover-corda-arrampicata\/#breadcrumb"},"inLanguage":"en-US","potentialAction":[{"@type":"ReadAction","target":[["https:\/\/www.sestogrado.it\/en\/prodotto\/beal-opera-8-5-unicore-dry-cover-corda-arrampicata\/"]]}]},{"@type":"ImageObject","inLanguage":"en-US","@id":"https:\/\/www.sestogrado.it\/en\/prodotto\/beal-opera-8-5-unicore-dry-cover-corda-arrampicata\/#primaryimage","url":"https:\/\/www.sestogrado.it\/wp-content\/uploads\/2016\/02\/03-3.jpg","contentUrl":"https:\/\/www.sestogrado.it\/wp-content\/uploads\/2016\/02\/03-3.jpg","width":1200,"height":1200,"caption":"beal opera 8.5 verde"},{"@type":"BreadcrumbList","@id":"https:\/\/www.sestogrado.it\/en\/prodotto\/beal-opera-8-5-unicore-dry-cover-corda-arrampicata\/#breadcrumb","itemListElement":[{"@type":"ListItem","position":1,"name":"Home","item":"https:\/\/www.sestogrado.it\/en\/"},{"@type":"ListItem","position":2,"name":"Shop","item":"https:\/\/www.sestogrado.it\/en\/shop\/"},{"@type":"ListItem","position":3,"name":"Beal Opera 8.5 Unicore Dry cover corda arrampicata"}]},{"@type":"WebSite","@id":"https:\/\/www.sestogrado.it\/en\/#website","url":"https:\/\/www.sestogrado.it\/en\/","name":"Sestogrado","description":"yes we climb","publisher":{"@id":"https:\/\/www.sestogrado.it\/en\/#organization"},"potentialAction":[{"@type":"SearchAction","target":{"@type":"EntryPoint","urlTemplate":"https:\/\/www.sestogrado.it\/en\/?s={search_term_string}"},"query-input":{"@type":"PropertyValueSpecification","valueRequired":true,"valueName":"search_term_string"}}],"inLanguage":"en-US"},{"@type":"Organization","@id":"https:\/\/www.sestogrado.it\/en\/#organization","name":"Sestogrado","url":"https:\/\/www.sestogrado.it\/en\/","logo":{"@type":"ImageObject","inLanguage":"en-US","@id":"https:\/\/www.sestogrado.it\/en\/#\/schema\/logo\/image\/","url":"https:\/\/www.sestogrado.it\/wp-content\/uploads\/2015\/03\/sestogrado-favicon.png","contentUrl":"https:\/\/www.sestogrado.it\/wp-content\/uploads\/2015\/03\/sestogrado-favicon.png","width":260,"height":260,"caption":"Sestogrado"},"image":{"@id":"https:\/\/www.sestogrado.it\/en\/#\/schema\/logo\/image\/"},"sameAs":["https:\/\/www.facebook.com\/pages\/Sestogrado\/1542635979353017?ref=bookmarks","https:\/\/www.youtube.com\/channel\/UC847kAfTkaJsWpc1jtQwr3Q"],"hasMerchantReturnPolicy":{"@type":"MerchantReturnPolicy","merchantReturnLink":"https:\/\/www.sestogrado.it\/en\/termini-e-condizioni\/"}}]},"product_brand":"Beal","og_availability":"instock","product_availability":"instock","product_condition":"new"},"_links":{"self":[{"href":"https:\/\/www.sestogrado.it\/en\/wp-json\/wp\/v2\/product\/4202","targetHints":{"allow":["GET"]}}],"collection":[{"href":"https:\/\/www.sestogrado.it\/en\/wp-json\/wp\/v2\/product"}],"about":[{"href":"https:\/\/www.sestogrado.it\/en\/wp-json\/wp\/v2\/types\/product"}],"replies":[{"embeddable":true,"href":"https:\/\/www.sestogrado.it\/en\/wp-json\/wp\/v2\/comments?post=4202"}],"wp:featuredmedia":[{"embeddable":true,"href":"https:\/\/www.sestogrado.it\/en\/wp-json\/wp\/v2\/media\/39011"}],"wp:attachment":[{"href":"https:\/\/www.sestogrado.it\/en\/wp-json\/wp\/v2\/media?parent=4202"}],"wp:term":[{"taxonomy":"product_brand","embeddable":true,"href":"https:\/\/www.sestogrado.it\/en\/wp-json\/wp\/v2\/product_brand?post=4202"},{"taxonomy":"product_cat","embeddable":true,"href":"https:\/\/www.sestogrado.it\/en\/wp-json\/wp\/v2\/product_cat?post=4202"},{"taxonomy":"product_tag","embeddable":true,"href":"https:\/\/www.sestogrado.it\/en\/wp-json\/wp\/v2\/product_tag?post=4202"}],"curies":[{"name":"wp","href":"https:\/\/api.w.org\/{rel}","templated":true}]}}