{"id":41857,"date":"2020-10-01T16:16:31","date_gmt":"2020-10-01T14:16:31","guid":{"rendered":"https:\/\/www.sestogrado.it\/?post_type=product&#038;p=41857"},"modified":"2026-03-13T10:47:58","modified_gmt":"2026-03-13T09:47:58","slug":"grivel-g10-wide-new-classic-rampone-pianta-larga-per-snowboard-e-telemark","status":"publish","type":"product","link":"https:\/\/www.sestogrado.it\/en\/prodotto\/grivel-g10-wide-new-classic-rampone-pianta-larga-per-snowboard-e-telemark\/","title":{"rendered":"Grivel G10 Wide New Classic crampon for snowboarding"},"content":{"rendered":"<p>G10 wide is the crampon designed for those who practice snowboarding, telemarking and all activities that require the use of boots larger than normal. It has the front wider than the stantard one.\u00a0 It has 10 slightly rounded steel points (6 in the front part and 4 in the rear part), not too long in order to facilitate the walk. Not bulky, it is comfortable to carry in the backpack. Regulation bar in the center, adjustable according to the size of the shoe. Available with New matic and New classic binding systems. Equipped with the famous Grivel proactive\u00a0<a href=\"https:\/\/grivel.com\/blogs\/news\/grivel-proactive-antibott\" target=\"_blank\" rel=\"noopener noreferrer\">Antibott<\/a>\u00a0both in the front and the rear. Versatility is its strongest feature.<\/p>\n<ul>\n<li>Activities:mountaineering with snowboard \/ telemark<\/li>\n<li>Materials\/construction\/technologies:\u00a0steel, plastic<\/li>\n<li>Certification: CE EN 893, UIAA 153<\/li>\n<li>Weight: 770g (27,2 oz)<\/li>\n<li>Sizes: 35-46<\/li>\n<li>Antibott: front and rear<\/li>\n<\/ul>\n<p><\/p>","protected":false},"excerpt":{"rendered":"<p>G10 wide is the crampon designed for those who practice snowboarding, telemarking and all activities that require the use of [&hellip;]<\/p>\n","protected":false},"featured_media":181650,"comment_status":"open","ping_status":"closed","template":"","meta":{"_acf_changed":false},"product_brand":[126],"product_cat":[153],"product_tag":[],"class_list":{"0":"post-41857","1":"product","2":"type-product","3":"status-publish","4":"has-post-thumbnail","6":"product_brand-grivel","7":"product_cat-ramponi","9":"first","10":"outofstock","11":"sale","12":"taxable","13":"shipping-taxable","14":"purchasable","15":"product-type-simple"},"acf":[],"yoast_head":"<!-- This site is optimized with the Yoast SEO plugin v26.4 - https:\/\/yoast.com\/wordpress\/plugins\/seo\/ -->\n<title>Grivel G10 Wide New Classic crampon for snowboarding - Sestogrado<\/title>\n<meta name=\"description\" content=\"G10 wide \u00e8 il rampone concepito per chi pratica snowboard, telemark e tutte le attivit\u00e0 che richiedono l&#039;uso di scarpe un po pi\u00f9 ingombranti. Possiede la parte anteriore pi\u00f9 larga di quella standard. Possiede 10 punte in acciaio, di cui 6 anteriori e 4 posteriori, non troppo lunghe che facilitano la camminata. Non ingombrante, \u00e8 comodo da trasportare nello zaino. Barretta flex al centro regolabile a seconda della misura della scarpa. Disponibile con attacco New-Matic Wide EVO e New-Classic Wide EVO. Dotato del famoso sistema\u00a0Antibott\u00a0proattivo Grivel sia nella parte anteriore che posteriore. La polivalenza \u00e8 il suo punto forte.\" \/>\n<meta name=\"robots\" content=\"index, follow, max-snippet:-1, max-image-preview:large, max-video-preview:-1\" \/>\n<link rel=\"canonical\" href=\"https:\/\/www.sestogrado.it\/en\/prodotto\/grivel-g10-wide-new-classic-rampone-pianta-larga-per-snowboard-e-telemark\/\" \/>\n<meta property=\"og:locale\" content=\"en_US\" \/>\n<meta property=\"og:type\" content=\"article\" \/>\n<meta property=\"og:title\" content=\"Grivel G10 Wide New Classic crampon for snowboarding - Sestogrado\" \/>\n<meta property=\"og:description\" content=\"G10 wide \u00e8 il rampone concepito per chi pratica snowboard, telemark e tutte le attivit\u00e0 che richiedono l&#039;uso di scarpe un po pi\u00f9 ingombranti. Possiede la parte anteriore pi\u00f9 larga di quella standard. Possiede 10 punte in acciaio, di cui 6 anteriori e 4 posteriori, non troppo lunghe che facilitano la camminata. Non ingombrante, \u00e8 comodo da trasportare nello zaino. Barretta flex al centro regolabile a seconda della misura della scarpa. Disponibile con attacco New-Matic Wide EVO e New-Classic Wide EVO. Dotato del famoso sistema\u00a0Antibott\u00a0proattivo Grivel sia nella parte anteriore che posteriore. La polivalenza \u00e8 il suo punto forte.\" \/>\n<meta property=\"og:url\" content=\"https:\/\/www.sestogrado.it\/en\/prodotto\/grivel-g10-wide-new-classic-rampone-pianta-larga-per-snowboard-e-telemark\/\" \/>\n<meta property=\"og:site_name\" content=\"Sestogrado\" \/>\n<meta property=\"article:publisher\" content=\"https:\/\/www.facebook.com\/pages\/Sestogrado\/1542635979353017?ref=bookmarks\" \/>\n<meta property=\"article:modified_time\" content=\"2026-03-13T09:47:58+00:00\" \/>\n<meta property=\"og:image\" content=\"https:\/\/www.sestogrado.it\/wp-content\/uploads\/2020\/10\/wide.jpg\" \/>\n\t<meta property=\"og:image:width\" content=\"1400\" \/>\n\t<meta property=\"og:image:height\" content=\"1400\" \/>\n\t<meta property=\"og:image:type\" content=\"image\/jpeg\" \/>\n<meta name=\"twitter:label1\" content=\"Price\" \/>\n\t<meta name=\"twitter:data1\" content=\"&euro;&nbsp;109,00\" \/>\n\t<meta name=\"twitter:label2\" content=\"Availability\" \/>\n\t<meta name=\"twitter:data2\" content=\"Out of stock\" \/>\n<script type=\"application\/ld+json\" class=\"yoast-schema-graph\">{\"@context\":\"https:\/\/schema.org\",\"@graph\":[{\"@type\":\"WebPage\",\"@id\":\"https:\/\/www.sestogrado.it\/en\/prodotto\/grivel-g10-wide-new-classic-rampone-pianta-larga-per-snowboard-e-telemark\/\",\"url\":\"https:\/\/www.sestogrado.it\/en\/prodotto\/grivel-g10-wide-new-classic-rampone-pianta-larga-per-snowboard-e-telemark\/\",\"name\":\"Grivel G10 Wide New Classic crampon for snowboarding - Sestogrado\",\"isPartOf\":{\"@id\":\"https:\/\/www.sestogrado.it\/en\/#website\"},\"primaryImageOfPage\":{\"@id\":\"https:\/\/www.sestogrado.it\/en\/prodotto\/grivel-g10-wide-new-classic-rampone-pianta-larga-per-snowboard-e-telemark\/#primaryimage\"},\"image\":{\"@id\":\"https:\/\/www.sestogrado.it\/prodotto\/grivel-g10-wide-new-classic-rampone-pianta-larga-per-snowboard-e-telemark\/#primaryimage\"},\"thumbnailUrl\":\"https:\/\/www.sestogrado.it\/wp-content\/uploads\/2020\/10\/wide.jpg\",\"datePublished\":\"2020-10-01T14:16:31+00:00\",\"dateModified\":\"2026-03-13T09:47:58+00:00\",\"description\":\"G10 wide \u00e8 il rampone concepito per chi pratica snowboard, telemark e tutte le attivit\u00e0 che richiedono l'uso di scarpe un po pi\u00f9 ingombranti. Possiede la parte anteriore pi\u00f9 larga di quella standard. Possiede 10 punte in acciaio, di cui 6 anteriori e 4 posteriori, non troppo lunghe che facilitano la camminata. Non ingombrante, \u00e8 comodo da trasportare nello zaino. Barretta flex al centro regolabile a seconda della misura della scarpa. Disponibile con attacco New-Matic Wide EVO e New-Classic Wide EVO. Dotato del famoso sistema\u00a0Antibott\u00a0proattivo Grivel sia nella parte anteriore che posteriore. La polivalenza \u00e8 il suo punto forte.\",\"breadcrumb\":{\"@id\":\"https:\/\/www.sestogrado.it\/en\/prodotto\/grivel-g10-wide-new-classic-rampone-pianta-larga-per-snowboard-e-telemark\/#breadcrumb\"},\"inLanguage\":\"en-US\",\"potentialAction\":[{\"@type\":\"ReadAction\",\"target\":[[\"https:\/\/www.sestogrado.it\/en\/prodotto\/grivel-g10-wide-new-classic-rampone-pianta-larga-per-snowboard-e-telemark\/\"]]}]},{\"@type\":\"ImageObject\",\"inLanguage\":\"en-US\",\"@id\":\"https:\/\/www.sestogrado.it\/en\/prodotto\/grivel-g10-wide-new-classic-rampone-pianta-larga-per-snowboard-e-telemark\/#primaryimage\",\"url\":\"https:\/\/www.sestogrado.it\/wp-content\/uploads\/2020\/10\/wide.jpg\",\"contentUrl\":\"https:\/\/www.sestogrado.it\/wp-content\/uploads\/2020\/10\/wide.jpg\",\"width\":1400,\"height\":1400,\"caption\":\"g10 wide\"},{\"@type\":\"BreadcrumbList\",\"@id\":\"https:\/\/www.sestogrado.it\/en\/prodotto\/grivel-g10-wide-new-classic-rampone-pianta-larga-per-snowboard-e-telemark\/#breadcrumb\",\"itemListElement\":[{\"@type\":\"ListItem\",\"position\":1,\"name\":\"Home\",\"item\":\"https:\/\/www.sestogrado.it\/en\/\"},{\"@type\":\"ListItem\",\"position\":2,\"name\":\"Shop\",\"item\":\"https:\/\/www.sestogrado.it\/en\/shop\/\"},{\"@type\":\"ListItem\",\"position\":3,\"name\":\"Grivel G10 Wide New Classic EVO rampone pianta larga per snowboard e telemark\"}]},{\"@type\":\"WebSite\",\"@id\":\"https:\/\/www.sestogrado.it\/en\/#website\",\"url\":\"https:\/\/www.sestogrado.it\/en\/\",\"name\":\"Sestogrado\",\"description\":\"yes we climb\",\"publisher\":{\"@id\":\"https:\/\/www.sestogrado.it\/en\/#organization\"},\"potentialAction\":[{\"@type\":\"SearchAction\",\"target\":{\"@type\":\"EntryPoint\",\"urlTemplate\":\"https:\/\/www.sestogrado.it\/en\/?s={search_term_string}\"},\"query-input\":{\"@type\":\"PropertyValueSpecification\",\"valueRequired\":true,\"valueName\":\"search_term_string\"}}],\"inLanguage\":\"en-US\"},{\"@type\":\"Organization\",\"@id\":\"https:\/\/www.sestogrado.it\/en\/#organization\",\"name\":\"Sestogrado\",\"url\":\"https:\/\/www.sestogrado.it\/en\/\",\"logo\":{\"@type\":\"ImageObject\",\"inLanguage\":\"en-US\",\"@id\":\"https:\/\/www.sestogrado.it\/en\/#\/schema\/logo\/image\/\",\"url\":\"https:\/\/www.sestogrado.it\/wp-content\/uploads\/2015\/03\/sestogrado-favicon.png\",\"contentUrl\":\"https:\/\/www.sestogrado.it\/wp-content\/uploads\/2015\/03\/sestogrado-favicon.png\",\"width\":260,\"height\":260,\"caption\":\"Sestogrado\"},\"image\":{\"@id\":\"https:\/\/www.sestogrado.it\/en\/#\/schema\/logo\/image\/\"},\"sameAs\":[\"https:\/\/www.facebook.com\/pages\/Sestogrado\/1542635979353017?ref=bookmarks\",\"https:\/\/www.youtube.com\/channel\/UC847kAfTkaJsWpc1jtQwr3Q\"],\"hasMerchantReturnPolicy\":{\"@type\":\"MerchantReturnPolicy\",\"merchantReturnLink\":\"https:\/\/www.sestogrado.it\/en\/termini-e-condizioni\/\"}}]}<\/script>\n<meta property=\"product:brand\" content=\"Grivel\" \/>\n<meta property=\"product:price:amount\" content=\"109.00\" \/>\n<meta property=\"product:price:currency\" content=\"EUR\" \/>\n<meta property=\"og:availability\" content=\"out of stock\" \/>\n<meta property=\"product:availability\" content=\"out of stock\" \/>\n<meta property=\"product:condition\" content=\"new\" \/>\n<!-- \/ Yoast SEO plugin. -->","yoast_head_json":{"title":"Grivel G10 Wide New Classic crampon for snowboarding - Sestogrado","description":"G10 wide \u00e8 il rampone concepito per chi pratica snowboard, telemark e tutte le attivit\u00e0 che richiedono l'uso di scarpe un po pi\u00f9 ingombranti. Possiede la parte anteriore pi\u00f9 larga di quella standard. Possiede 10 punte in acciaio, di cui 6 anteriori e 4 posteriori, non troppo lunghe che facilitano la camminata. Non ingombrante, \u00e8 comodo da trasportare nello zaino. Barretta flex al centro regolabile a seconda della misura della scarpa. Disponibile con attacco New-Matic Wide EVO e New-Classic Wide EVO. Dotato del famoso sistema\u00a0Antibott\u00a0proattivo Grivel sia nella parte anteriore che posteriore. La polivalenza \u00e8 il suo punto forte.","robots":{"index":"index","follow":"follow","max-snippet":"max-snippet:-1","max-image-preview":"max-image-preview:large","max-video-preview":"max-video-preview:-1"},"canonical":"https:\/\/www.sestogrado.it\/en\/prodotto\/grivel-g10-wide-new-classic-rampone-pianta-larga-per-snowboard-e-telemark\/","og_locale":"en_US","og_type":"article","og_title":"Grivel G10 Wide New Classic crampon for snowboarding - Sestogrado","og_description":"G10 wide \u00e8 il rampone concepito per chi pratica snowboard, telemark e tutte le attivit\u00e0 che richiedono l'uso di scarpe un po pi\u00f9 ingombranti. Possiede la parte anteriore pi\u00f9 larga di quella standard. Possiede 10 punte in acciaio, di cui 6 anteriori e 4 posteriori, non troppo lunghe che facilitano la camminata. Non ingombrante, \u00e8 comodo da trasportare nello zaino. Barretta flex al centro regolabile a seconda della misura della scarpa. Disponibile con attacco New-Matic Wide EVO e New-Classic Wide EVO. Dotato del famoso sistema\u00a0Antibott\u00a0proattivo Grivel sia nella parte anteriore che posteriore. La polivalenza \u00e8 il suo punto forte.","og_url":"https:\/\/www.sestogrado.it\/en\/prodotto\/grivel-g10-wide-new-classic-rampone-pianta-larga-per-snowboard-e-telemark\/","og_site_name":"Sestogrado","article_publisher":"https:\/\/www.facebook.com\/pages\/Sestogrado\/1542635979353017?ref=bookmarks","article_modified_time":"2026-03-13T09:47:58+00:00","og_image":[{"width":1400,"height":1400,"url":"https:\/\/www.sestogrado.it\/wp-content\/uploads\/2020\/10\/wide.jpg","type":"image\/jpeg"}],"twitter_misc":{"Price":"&euro;&nbsp;109,00","Availability":"Out of stock"},"schema":{"@context":"https:\/\/schema.org","@graph":[{"@type":"WebPage","@id":"https:\/\/www.sestogrado.it\/en\/prodotto\/grivel-g10-wide-new-classic-rampone-pianta-larga-per-snowboard-e-telemark\/","url":"https:\/\/www.sestogrado.it\/en\/prodotto\/grivel-g10-wide-new-classic-rampone-pianta-larga-per-snowboard-e-telemark\/","name":"Grivel G10 Wide New Classic crampon for snowboarding - Sestogrado","isPartOf":{"@id":"https:\/\/www.sestogrado.it\/en\/#website"},"primaryImageOfPage":{"@id":"https:\/\/www.sestogrado.it\/en\/prodotto\/grivel-g10-wide-new-classic-rampone-pianta-larga-per-snowboard-e-telemark\/#primaryimage"},"image":{"@id":"https:\/\/www.sestogrado.it\/prodotto\/grivel-g10-wide-new-classic-rampone-pianta-larga-per-snowboard-e-telemark\/#primaryimage"},"thumbnailUrl":"https:\/\/www.sestogrado.it\/wp-content\/uploads\/2020\/10\/wide.jpg","datePublished":"2020-10-01T14:16:31+00:00","dateModified":"2026-03-13T09:47:58+00:00","description":"G10 wide \u00e8 il rampone concepito per chi pratica snowboard, telemark e tutte le attivit\u00e0 che richiedono l'uso di scarpe un po pi\u00f9 ingombranti. Possiede la parte anteriore pi\u00f9 larga di quella standard. Possiede 10 punte in acciaio, di cui 6 anteriori e 4 posteriori, non troppo lunghe che facilitano la camminata. Non ingombrante, \u00e8 comodo da trasportare nello zaino. Barretta flex al centro regolabile a seconda della misura della scarpa. Disponibile con attacco New-Matic Wide EVO e New-Classic Wide EVO. Dotato del famoso sistema\u00a0Antibott\u00a0proattivo Grivel sia nella parte anteriore che posteriore. La polivalenza \u00e8 il suo punto forte.","breadcrumb":{"@id":"https:\/\/www.sestogrado.it\/en\/prodotto\/grivel-g10-wide-new-classic-rampone-pianta-larga-per-snowboard-e-telemark\/#breadcrumb"},"inLanguage":"en-US","potentialAction":[{"@type":"ReadAction","target":[["https:\/\/www.sestogrado.it\/en\/prodotto\/grivel-g10-wide-new-classic-rampone-pianta-larga-per-snowboard-e-telemark\/"]]}]},{"@type":"ImageObject","inLanguage":"en-US","@id":"https:\/\/www.sestogrado.it\/en\/prodotto\/grivel-g10-wide-new-classic-rampone-pianta-larga-per-snowboard-e-telemark\/#primaryimage","url":"https:\/\/www.sestogrado.it\/wp-content\/uploads\/2020\/10\/wide.jpg","contentUrl":"https:\/\/www.sestogrado.it\/wp-content\/uploads\/2020\/10\/wide.jpg","width":1400,"height":1400,"caption":"g10 wide"},{"@type":"BreadcrumbList","@id":"https:\/\/www.sestogrado.it\/en\/prodotto\/grivel-g10-wide-new-classic-rampone-pianta-larga-per-snowboard-e-telemark\/#breadcrumb","itemListElement":[{"@type":"ListItem","position":1,"name":"Home","item":"https:\/\/www.sestogrado.it\/en\/"},{"@type":"ListItem","position":2,"name":"Shop","item":"https:\/\/www.sestogrado.it\/en\/shop\/"},{"@type":"ListItem","position":3,"name":"Grivel G10 Wide New Classic EVO rampone pianta larga per snowboard e telemark"}]},{"@type":"WebSite","@id":"https:\/\/www.sestogrado.it\/en\/#website","url":"https:\/\/www.sestogrado.it\/en\/","name":"Sestogrado","description":"yes we climb","publisher":{"@id":"https:\/\/www.sestogrado.it\/en\/#organization"},"potentialAction":[{"@type":"SearchAction","target":{"@type":"EntryPoint","urlTemplate":"https:\/\/www.sestogrado.it\/en\/?s={search_term_string}"},"query-input":{"@type":"PropertyValueSpecification","valueRequired":true,"valueName":"search_term_string"}}],"inLanguage":"en-US"},{"@type":"Organization","@id":"https:\/\/www.sestogrado.it\/en\/#organization","name":"Sestogrado","url":"https:\/\/www.sestogrado.it\/en\/","logo":{"@type":"ImageObject","inLanguage":"en-US","@id":"https:\/\/www.sestogrado.it\/en\/#\/schema\/logo\/image\/","url":"https:\/\/www.sestogrado.it\/wp-content\/uploads\/2015\/03\/sestogrado-favicon.png","contentUrl":"https:\/\/www.sestogrado.it\/wp-content\/uploads\/2015\/03\/sestogrado-favicon.png","width":260,"height":260,"caption":"Sestogrado"},"image":{"@id":"https:\/\/www.sestogrado.it\/en\/#\/schema\/logo\/image\/"},"sameAs":["https:\/\/www.facebook.com\/pages\/Sestogrado\/1542635979353017?ref=bookmarks","https:\/\/www.youtube.com\/channel\/UC847kAfTkaJsWpc1jtQwr3Q"],"hasMerchantReturnPolicy":{"@type":"MerchantReturnPolicy","merchantReturnLink":"https:\/\/www.sestogrado.it\/en\/termini-e-condizioni\/"}}]},"product_brand":"Grivel","product_price_amount":"109.00","product_price_currency":"EUR","og_availability":"out of stock","product_availability":"out of stock","product_condition":"new"},"_links":{"self":[{"href":"https:\/\/www.sestogrado.it\/en\/wp-json\/wp\/v2\/product\/41857","targetHints":{"allow":["GET"]}}],"collection":[{"href":"https:\/\/www.sestogrado.it\/en\/wp-json\/wp\/v2\/product"}],"about":[{"href":"https:\/\/www.sestogrado.it\/en\/wp-json\/wp\/v2\/types\/product"}],"replies":[{"embeddable":true,"href":"https:\/\/www.sestogrado.it\/en\/wp-json\/wp\/v2\/comments?post=41857"}],"wp:featuredmedia":[{"embeddable":true,"href":"https:\/\/www.sestogrado.it\/en\/wp-json\/wp\/v2\/media\/181650"}],"wp:attachment":[{"href":"https:\/\/www.sestogrado.it\/en\/wp-json\/wp\/v2\/media?parent=41857"}],"wp:term":[{"taxonomy":"product_brand","embeddable":true,"href":"https:\/\/www.sestogrado.it\/en\/wp-json\/wp\/v2\/product_brand?post=41857"},{"taxonomy":"product_cat","embeddable":true,"href":"https:\/\/www.sestogrado.it\/en\/wp-json\/wp\/v2\/product_cat?post=41857"},{"taxonomy":"product_tag","embeddable":true,"href":"https:\/\/www.sestogrado.it\/en\/wp-json\/wp\/v2\/product_tag?post=41857"}],"curies":[{"name":"wp","href":"https:\/\/api.w.org\/{rel}","templated":true}]}}