{"id":41761,"date":"2020-09-29T11:32:22","date_gmt":"2020-09-29T09:32:22","guid":{"rendered":"https:\/\/www.sestogrado.it\/?post_type=product&#038;p=41761"},"modified":"2026-04-07T11:57:42","modified_gmt":"2026-04-07T09:57:42","slug":"camp-tempest-mitt-evo-moffola-imbottita-isolante-impermeabile","status":"publish","type":"product","link":"https:\/\/www.sestogrado.it\/en\/prodotto\/camp-tempest-mitt-evo-moffola-imbottita-isolante-impermeabile\/","title":{"rendered":"Camp Tempest Mitt Evo lightweight insulated mitten"},"content":{"rendered":"<p><\/p>\n<ul>\n<li>Insulated mittens that fold away to expose the fingers and thumb for technical maneuvers<\/li>\n<li>Small magnets hold the fold-away flaps in place when opened<\/li>\n<li>Open-Close system on the wrist can be operated with one hand \u2013 just pull on the Close side to snug it up and the Open side to release and open<\/li>\n<li>Palm is reinforced with synthetic fabric for extra grip and durability<\/li>\n<li>Outer material is lightweight nylon with WR treatment<\/li>\n<li>Microfleece lining for warmth and comfort<\/li>\n<li>PrimaLoft\u00ae Gold 200 g\/m2 insulation on the main body, PrimaLoft\u00ae Gold 100 g\/m2 insulation on the palm, PrimaLoft Gold 160 g\/m2 on the thumb<\/li>\n<li>Terry wipe on the back of the thumb<\/li>\n<li>Elastic wrist leashes and buckles for clipping the mittens together<\/li>\n<li>Carrying bag included<\/li>\n<\/ul>\n<p>The Tempest Mitt Evo is a lightweight insulated mitten that allows the fingers and thumb to be exposed quickly and easily with fold-away flaps. This brings the benefits of mittens to winter athletes who also need their fingers for technical maneuvers. Small magnets hold the fold-away flaps in place when they are opened. The outer material is lightweight and highly weather resistant and each part of the glove uses insulation that is optimized for the specific zone \u2013 PrimaLoft\u00ae Gold 200 g\/m2 insulation on the main body, PrimaLoft\u00ae Gold 100 g\/m2 insulation on the palm, PrimaLoft Gold 160 g\/m2 on the thumb. The Open-Close system on the wrist is easy to operate with one hand \u2013 just pull on the Close side to snug it up and the Open side to release and open. The palm is reinforced with synthetic fabric for good grip and durability and the microfleece lining ensures a high level of warmth and comfort.<\/p>","protected":false},"excerpt":{"rendered":"<p>Insulated mittens that fold away to expose the fingers and thumb for technical maneuvers Small magnets hold the fold-away flaps [&hellip;]<\/p>\n","protected":false},"featured_media":41766,"comment_status":"open","ping_status":"closed","template":"","meta":{"_acf_changed":false},"product_brand":[31],"product_cat":[1429],"product_tag":[],"class_list":{"0":"post-41761","1":"product","2":"type-product","3":"status-publish","4":"has-post-thumbnail","6":"product_brand-camp","7":"product_cat-hot","9":"first","10":"instock","11":"sale","12":"taxable","13":"shipping-taxable","14":"purchasable","15":"product-type-variable"},"acf":[],"yoast_head":"<!-- This site is optimized with the Yoast SEO plugin v26.4 - https:\/\/yoast.com\/wordpress\/plugins\/seo\/ -->\n<title>Camp Tempest Mitt Evo lightweight insulated mitten - Sestogrado<\/title>\n<meta name=\"description\" content=\"Il Camp Tempest Mitt Evo \u00e8 una moffola imbottita dotata di flap che consentono di scoprire le dita (compreso il pollice) per compiere operazioni di precisione. Il sistema \u00e8 pratico e veloce, con dei piccoli magneti che permettono di fissare le coperture, quando aperte, al dorso della moffola. Il leggero tessuto esterno, altamente resistente agli agenti atmosferici, \u00e8 combinato con un&#039;imbottitura differenziata, ottimizzata per ciascuna zona della mano. Il sistema Open-Close migliora l\u2019isolamento termico e permette di chiudere e aprire il polso con estrema facilit\u00e0 in ogni condizione. Il palmo \u00e8 rinforzato per garantire grip e durata e l&#039;interno \u00e8 caratterizzato da una morbida fodera che aumenta la sensazione di calore.\" \/>\n<meta name=\"robots\" content=\"index, follow, max-snippet:-1, max-image-preview:large, max-video-preview:-1\" \/>\n<link rel=\"canonical\" href=\"https:\/\/www.sestogrado.it\/en\/prodotto\/camp-tempest-mitt-evo-moffola-imbottita-isolante-impermeabile\/\" \/>\n<meta property=\"og:locale\" content=\"en_US\" \/>\n<meta property=\"og:type\" content=\"article\" \/>\n<meta property=\"og:title\" content=\"Camp Tempest Mitt Evo lightweight insulated mitten - Sestogrado\" \/>\n<meta property=\"og:description\" content=\"Il Camp Tempest Mitt Evo \u00e8 una moffola imbottita dotata di flap che consentono di scoprire le dita (compreso il pollice) per compiere operazioni di precisione. Il sistema \u00e8 pratico e veloce, con dei piccoli magneti che permettono di fissare le coperture, quando aperte, al dorso della moffola. Il leggero tessuto esterno, altamente resistente agli agenti atmosferici, \u00e8 combinato con un&#039;imbottitura differenziata, ottimizzata per ciascuna zona della mano. Il sistema Open-Close migliora l\u2019isolamento termico e permette di chiudere e aprire il polso con estrema facilit\u00e0 in ogni condizione. Il palmo \u00e8 rinforzato per garantire grip e durata e l&#039;interno \u00e8 caratterizzato da una morbida fodera che aumenta la sensazione di calore.\" \/>\n<meta property=\"og:url\" content=\"https:\/\/www.sestogrado.it\/en\/prodotto\/camp-tempest-mitt-evo-moffola-imbottita-isolante-impermeabile\/\" \/>\n<meta property=\"og:site_name\" content=\"Sestogrado\" \/>\n<meta property=\"article:publisher\" content=\"https:\/\/www.facebook.com\/pages\/Sestogrado\/1542635979353017?ref=bookmarks\" \/>\n<meta property=\"article:modified_time\" content=\"2026-04-07T09:57:42+00:00\" \/>\n<meta property=\"og:image\" content=\"https:\/\/www.sestogrado.it\/wp-content\/uploads\/2020\/09\/01-14.jpg\" \/>\n\t<meta property=\"og:image:width\" content=\"1600\" \/>\n\t<meta property=\"og:image:height\" content=\"1600\" \/>\n\t<meta property=\"og:image:type\" content=\"image\/jpeg\" \/>\n<meta name=\"twitter:label1\" content=\"Availability\" \/>\n\t<meta name=\"twitter:data1\" content=\"In stock\" \/>\n<script type=\"application\/ld+json\" class=\"yoast-schema-graph\">{\"@context\":\"https:\/\/schema.org\",\"@graph\":[{\"@type\":\"WebPage\",\"@id\":\"https:\/\/www.sestogrado.it\/en\/prodotto\/camp-tempest-mitt-evo-moffola-imbottita-isolante-impermeabile\/\",\"url\":\"https:\/\/www.sestogrado.it\/en\/prodotto\/camp-tempest-mitt-evo-moffola-imbottita-isolante-impermeabile\/\",\"name\":\"Camp Tempest Mitt Evo lightweight insulated mitten - Sestogrado\",\"isPartOf\":{\"@id\":\"https:\/\/www.sestogrado.it\/en\/#website\"},\"primaryImageOfPage\":{\"@id\":\"https:\/\/www.sestogrado.it\/en\/prodotto\/camp-tempest-mitt-evo-moffola-imbottita-isolante-impermeabile\/#primaryimage\"},\"image\":{\"@id\":\"https:\/\/www.sestogrado.it\/prodotto\/camp-tempest-mitt-evo-moffola-imbottita-isolante-impermeabile\/#primaryimage\"},\"thumbnailUrl\":\"https:\/\/www.sestogrado.it\/wp-content\/uploads\/2020\/09\/01-14.jpg\",\"datePublished\":\"2020-09-29T09:32:22+00:00\",\"dateModified\":\"2026-04-07T09:57:42+00:00\",\"description\":\"Il Camp Tempest Mitt Evo \u00e8 una moffola imbottita dotata di flap che consentono di scoprire le dita (compreso il pollice) per compiere operazioni di precisione. Il sistema \u00e8 pratico e veloce, con dei piccoli magneti che permettono di fissare le coperture, quando aperte, al dorso della moffola. Il leggero tessuto esterno, altamente resistente agli agenti atmosferici, \u00e8 combinato con un'imbottitura differenziata, ottimizzata per ciascuna zona della mano. Il sistema Open-Close migliora l\u2019isolamento termico e permette di chiudere e aprire il polso con estrema facilit\u00e0 in ogni condizione. Il palmo \u00e8 rinforzato per garantire grip e durata e l'interno \u00e8 caratterizzato da una morbida fodera che aumenta la sensazione di calore.\",\"breadcrumb\":{\"@id\":\"https:\/\/www.sestogrado.it\/en\/prodotto\/camp-tempest-mitt-evo-moffola-imbottita-isolante-impermeabile\/#breadcrumb\"},\"inLanguage\":\"en-US\",\"potentialAction\":[{\"@type\":\"ReadAction\",\"target\":[[\"https:\/\/www.sestogrado.it\/en\/prodotto\/camp-tempest-mitt-evo-moffola-imbottita-isolante-impermeabile\/\"]]}]},{\"@type\":\"ImageObject\",\"inLanguage\":\"en-US\",\"@id\":\"https:\/\/www.sestogrado.it\/en\/prodotto\/camp-tempest-mitt-evo-moffola-imbottita-isolante-impermeabile\/#primaryimage\",\"url\":\"https:\/\/www.sestogrado.it\/wp-content\/uploads\/2020\/09\/01-14.jpg\",\"contentUrl\":\"https:\/\/www.sestogrado.it\/wp-content\/uploads\/2020\/09\/01-14.jpg\",\"width\":1600,\"height\":1600,\"caption\":\"camp tempest mitt evo\"},{\"@type\":\"BreadcrumbList\",\"@id\":\"https:\/\/www.sestogrado.it\/en\/prodotto\/camp-tempest-mitt-evo-moffola-imbottita-isolante-impermeabile\/#breadcrumb\",\"itemListElement\":[{\"@type\":\"ListItem\",\"position\":1,\"name\":\"Home\",\"item\":\"https:\/\/www.sestogrado.it\/en\/\"},{\"@type\":\"ListItem\",\"position\":2,\"name\":\"Shop\",\"item\":\"https:\/\/www.sestogrado.it\/en\/shop\/\"},{\"@type\":\"ListItem\",\"position\":3,\"name\":\"Camp Tempest Mitt Evo moffola imbottita isolante impermeabile\"}]},{\"@type\":\"WebSite\",\"@id\":\"https:\/\/www.sestogrado.it\/en\/#website\",\"url\":\"https:\/\/www.sestogrado.it\/en\/\",\"name\":\"Sestogrado\",\"description\":\"yes we climb\",\"publisher\":{\"@id\":\"https:\/\/www.sestogrado.it\/en\/#organization\"},\"potentialAction\":[{\"@type\":\"SearchAction\",\"target\":{\"@type\":\"EntryPoint\",\"urlTemplate\":\"https:\/\/www.sestogrado.it\/en\/?s={search_term_string}\"},\"query-input\":{\"@type\":\"PropertyValueSpecification\",\"valueRequired\":true,\"valueName\":\"search_term_string\"}}],\"inLanguage\":\"en-US\"},{\"@type\":\"Organization\",\"@id\":\"https:\/\/www.sestogrado.it\/en\/#organization\",\"name\":\"Sestogrado\",\"url\":\"https:\/\/www.sestogrado.it\/en\/\",\"logo\":{\"@type\":\"ImageObject\",\"inLanguage\":\"en-US\",\"@id\":\"https:\/\/www.sestogrado.it\/en\/#\/schema\/logo\/image\/\",\"url\":\"https:\/\/www.sestogrado.it\/wp-content\/uploads\/2015\/03\/sestogrado-favicon.png\",\"contentUrl\":\"https:\/\/www.sestogrado.it\/wp-content\/uploads\/2015\/03\/sestogrado-favicon.png\",\"width\":260,\"height\":260,\"caption\":\"Sestogrado\"},\"image\":{\"@id\":\"https:\/\/www.sestogrado.it\/en\/#\/schema\/logo\/image\/\"},\"sameAs\":[\"https:\/\/www.facebook.com\/pages\/Sestogrado\/1542635979353017?ref=bookmarks\",\"https:\/\/www.youtube.com\/channel\/UC847kAfTkaJsWpc1jtQwr3Q\"],\"hasMerchantReturnPolicy\":{\"@type\":\"MerchantReturnPolicy\",\"merchantReturnLink\":\"https:\/\/www.sestogrado.it\/en\/termini-e-condizioni\/\"}}]}<\/script>\n<meta property=\"product:brand\" content=\"Camp\" \/>\n<meta property=\"og:availability\" content=\"instock\" \/>\n<meta property=\"product:availability\" content=\"instock\" \/>\n<meta property=\"product:condition\" content=\"new\" \/>\n<!-- \/ Yoast SEO plugin. -->","yoast_head_json":{"title":"Camp Tempest Mitt Evo lightweight insulated mitten - Sestogrado","description":"Il Camp Tempest Mitt Evo \u00e8 una moffola imbottita dotata di flap che consentono di scoprire le dita (compreso il pollice) per compiere operazioni di precisione. Il sistema \u00e8 pratico e veloce, con dei piccoli magneti che permettono di fissare le coperture, quando aperte, al dorso della moffola. Il leggero tessuto esterno, altamente resistente agli agenti atmosferici, \u00e8 combinato con un'imbottitura differenziata, ottimizzata per ciascuna zona della mano. Il sistema Open-Close migliora l\u2019isolamento termico e permette di chiudere e aprire il polso con estrema facilit\u00e0 in ogni condizione. Il palmo \u00e8 rinforzato per garantire grip e durata e l'interno \u00e8 caratterizzato da una morbida fodera che aumenta la sensazione di calore.","robots":{"index":"index","follow":"follow","max-snippet":"max-snippet:-1","max-image-preview":"max-image-preview:large","max-video-preview":"max-video-preview:-1"},"canonical":"https:\/\/www.sestogrado.it\/en\/prodotto\/camp-tempest-mitt-evo-moffola-imbottita-isolante-impermeabile\/","og_locale":"en_US","og_type":"article","og_title":"Camp Tempest Mitt Evo lightweight insulated mitten - Sestogrado","og_description":"Il Camp Tempest Mitt Evo \u00e8 una moffola imbottita dotata di flap che consentono di scoprire le dita (compreso il pollice) per compiere operazioni di precisione. Il sistema \u00e8 pratico e veloce, con dei piccoli magneti che permettono di fissare le coperture, quando aperte, al dorso della moffola. Il leggero tessuto esterno, altamente resistente agli agenti atmosferici, \u00e8 combinato con un'imbottitura differenziata, ottimizzata per ciascuna zona della mano. Il sistema Open-Close migliora l\u2019isolamento termico e permette di chiudere e aprire il polso con estrema facilit\u00e0 in ogni condizione. Il palmo \u00e8 rinforzato per garantire grip e durata e l'interno \u00e8 caratterizzato da una morbida fodera che aumenta la sensazione di calore.","og_url":"https:\/\/www.sestogrado.it\/en\/prodotto\/camp-tempest-mitt-evo-moffola-imbottita-isolante-impermeabile\/","og_site_name":"Sestogrado","article_publisher":"https:\/\/www.facebook.com\/pages\/Sestogrado\/1542635979353017?ref=bookmarks","article_modified_time":"2026-04-07T09:57:42+00:00","og_image":[{"width":1600,"height":1600,"url":"https:\/\/www.sestogrado.it\/wp-content\/uploads\/2020\/09\/01-14.jpg","type":"image\/jpeg"}],"twitter_misc":{"Availability":"In stock"},"schema":{"@context":"https:\/\/schema.org","@graph":[{"@type":"WebPage","@id":"https:\/\/www.sestogrado.it\/en\/prodotto\/camp-tempest-mitt-evo-moffola-imbottita-isolante-impermeabile\/","url":"https:\/\/www.sestogrado.it\/en\/prodotto\/camp-tempest-mitt-evo-moffola-imbottita-isolante-impermeabile\/","name":"Camp Tempest Mitt Evo lightweight insulated mitten - Sestogrado","isPartOf":{"@id":"https:\/\/www.sestogrado.it\/en\/#website"},"primaryImageOfPage":{"@id":"https:\/\/www.sestogrado.it\/en\/prodotto\/camp-tempest-mitt-evo-moffola-imbottita-isolante-impermeabile\/#primaryimage"},"image":{"@id":"https:\/\/www.sestogrado.it\/prodotto\/camp-tempest-mitt-evo-moffola-imbottita-isolante-impermeabile\/#primaryimage"},"thumbnailUrl":"https:\/\/www.sestogrado.it\/wp-content\/uploads\/2020\/09\/01-14.jpg","datePublished":"2020-09-29T09:32:22+00:00","dateModified":"2026-04-07T09:57:42+00:00","description":"Il Camp Tempest Mitt Evo \u00e8 una moffola imbottita dotata di flap che consentono di scoprire le dita (compreso il pollice) per compiere operazioni di precisione. Il sistema \u00e8 pratico e veloce, con dei piccoli magneti che permettono di fissare le coperture, quando aperte, al dorso della moffola. Il leggero tessuto esterno, altamente resistente agli agenti atmosferici, \u00e8 combinato con un'imbottitura differenziata, ottimizzata per ciascuna zona della mano. Il sistema Open-Close migliora l\u2019isolamento termico e permette di chiudere e aprire il polso con estrema facilit\u00e0 in ogni condizione. Il palmo \u00e8 rinforzato per garantire grip e durata e l'interno \u00e8 caratterizzato da una morbida fodera che aumenta la sensazione di calore.","breadcrumb":{"@id":"https:\/\/www.sestogrado.it\/en\/prodotto\/camp-tempest-mitt-evo-moffola-imbottita-isolante-impermeabile\/#breadcrumb"},"inLanguage":"en-US","potentialAction":[{"@type":"ReadAction","target":[["https:\/\/www.sestogrado.it\/en\/prodotto\/camp-tempest-mitt-evo-moffola-imbottita-isolante-impermeabile\/"]]}]},{"@type":"ImageObject","inLanguage":"en-US","@id":"https:\/\/www.sestogrado.it\/en\/prodotto\/camp-tempest-mitt-evo-moffola-imbottita-isolante-impermeabile\/#primaryimage","url":"https:\/\/www.sestogrado.it\/wp-content\/uploads\/2020\/09\/01-14.jpg","contentUrl":"https:\/\/www.sestogrado.it\/wp-content\/uploads\/2020\/09\/01-14.jpg","width":1600,"height":1600,"caption":"camp tempest mitt evo"},{"@type":"BreadcrumbList","@id":"https:\/\/www.sestogrado.it\/en\/prodotto\/camp-tempest-mitt-evo-moffola-imbottita-isolante-impermeabile\/#breadcrumb","itemListElement":[{"@type":"ListItem","position":1,"name":"Home","item":"https:\/\/www.sestogrado.it\/en\/"},{"@type":"ListItem","position":2,"name":"Shop","item":"https:\/\/www.sestogrado.it\/en\/shop\/"},{"@type":"ListItem","position":3,"name":"Camp Tempest Mitt Evo moffola imbottita isolante impermeabile"}]},{"@type":"WebSite","@id":"https:\/\/www.sestogrado.it\/en\/#website","url":"https:\/\/www.sestogrado.it\/en\/","name":"Sestogrado","description":"yes we climb","publisher":{"@id":"https:\/\/www.sestogrado.it\/en\/#organization"},"potentialAction":[{"@type":"SearchAction","target":{"@type":"EntryPoint","urlTemplate":"https:\/\/www.sestogrado.it\/en\/?s={search_term_string}"},"query-input":{"@type":"PropertyValueSpecification","valueRequired":true,"valueName":"search_term_string"}}],"inLanguage":"en-US"},{"@type":"Organization","@id":"https:\/\/www.sestogrado.it\/en\/#organization","name":"Sestogrado","url":"https:\/\/www.sestogrado.it\/en\/","logo":{"@type":"ImageObject","inLanguage":"en-US","@id":"https:\/\/www.sestogrado.it\/en\/#\/schema\/logo\/image\/","url":"https:\/\/www.sestogrado.it\/wp-content\/uploads\/2015\/03\/sestogrado-favicon.png","contentUrl":"https:\/\/www.sestogrado.it\/wp-content\/uploads\/2015\/03\/sestogrado-favicon.png","width":260,"height":260,"caption":"Sestogrado"},"image":{"@id":"https:\/\/www.sestogrado.it\/en\/#\/schema\/logo\/image\/"},"sameAs":["https:\/\/www.facebook.com\/pages\/Sestogrado\/1542635979353017?ref=bookmarks","https:\/\/www.youtube.com\/channel\/UC847kAfTkaJsWpc1jtQwr3Q"],"hasMerchantReturnPolicy":{"@type":"MerchantReturnPolicy","merchantReturnLink":"https:\/\/www.sestogrado.it\/en\/termini-e-condizioni\/"}}]},"product_brand":"Camp","og_availability":"instock","product_availability":"instock","product_condition":"new"},"_links":{"self":[{"href":"https:\/\/www.sestogrado.it\/en\/wp-json\/wp\/v2\/product\/41761","targetHints":{"allow":["GET"]}}],"collection":[{"href":"https:\/\/www.sestogrado.it\/en\/wp-json\/wp\/v2\/product"}],"about":[{"href":"https:\/\/www.sestogrado.it\/en\/wp-json\/wp\/v2\/types\/product"}],"replies":[{"embeddable":true,"href":"https:\/\/www.sestogrado.it\/en\/wp-json\/wp\/v2\/comments?post=41761"}],"wp:featuredmedia":[{"embeddable":true,"href":"https:\/\/www.sestogrado.it\/en\/wp-json\/wp\/v2\/media\/41766"}],"wp:attachment":[{"href":"https:\/\/www.sestogrado.it\/en\/wp-json\/wp\/v2\/media?parent=41761"}],"wp:term":[{"taxonomy":"product_brand","embeddable":true,"href":"https:\/\/www.sestogrado.it\/en\/wp-json\/wp\/v2\/product_brand?post=41761"},{"taxonomy":"product_cat","embeddable":true,"href":"https:\/\/www.sestogrado.it\/en\/wp-json\/wp\/v2\/product_cat?post=41761"},{"taxonomy":"product_tag","embeddable":true,"href":"https:\/\/www.sestogrado.it\/en\/wp-json\/wp\/v2\/product_tag?post=41761"}],"curies":[{"name":"wp","href":"https:\/\/api.w.org\/{rel}","templated":true}]}}