{"id":41745,"date":"2020-11-20T08:10:24","date_gmt":"2020-11-20T07:10:24","guid":{"rendered":"https:\/\/www.sestogrado.it\/?post_type=product&#038;p=41745"},"modified":"2026-03-24T18:21:10","modified_gmt":"2026-03-24T17:21:10","slug":"camp-cassin-rocket-chiodo-vite-da-ghiaccio","status":"publish","type":"product","link":"https:\/\/www.sestogrado.it\/en\/prodotto\/camp-cassin-rocket-chiodo-vite-da-ghiaccio\/","title":{"rendered":"Cassin Rocket ice screw"},"content":{"rendered":"<p><\/p>\n<ul>\n<li>Top-level ice screws designed for advanced alpinists and ice climbers<\/li>\n<li>Lightweight, strong and durable chromoly steel construction<\/li>\n<li>Reverse angle threads for smooth driving and maximum holding power<\/li>\n<li>Front teeth are engineered for the fastest and easiest placements even in the coldest, most compact ice<\/li>\n<li>Chromoly steel hanger aligns with the screw to pull in an optimal direction for maximum holding power and racks well on either side of the harness<\/li>\n<li>Fold out crank knobs are color coded for easy identification<\/li>\n<li>EN 568 certified<\/li>\n<\/ul>\n<p>The Rocket is a top-level workhorse for alpinists and ice climbers who rely on their ice screws in big mountain terrain. The chromoly steel construction is lightweight, strong and durable. The front teeth have been engineered for the fastest placements even in the coldest, most compact ice. Reverse angle threads ensure smooth driving and maximum holding power. Compact chromoly hanger aligns with the screw to pull in an optimal direction and racks well on both sides of the harness. Fold out crank knobs are color coded for easy identification.<\/p>","protected":false},"excerpt":{"rendered":"<p>Top-level ice screws designed for advanced alpinists and ice climbers Lightweight, strong and durable chromoly steel construction Reverse angle threads [&hellip;]<\/p>\n","protected":false},"featured_media":41747,"comment_status":"open","ping_status":"closed","template":"","meta":{"_acf_changed":false},"product_brand":[31],"product_cat":[1313],"product_tag":[],"class_list":{"0":"post-41745","1":"product","2":"type-product","3":"status-publish","4":"has-post-thumbnail","6":"product_brand-camp","7":"product_cat-viti","9":"first","10":"instock","11":"sale","12":"taxable","13":"shipping-taxable","14":"purchasable","15":"product-type-variable"},"acf":[],"yoast_head":"<!-- This site is optimized with the Yoast SEO plugin v26.4 - https:\/\/yoast.com\/wordpress\/plugins\/seo\/ -->\n<title>Cassin Rocket ice screw - Sestogrado<\/title>\n<meta name=\"description\" content=\"La Cassin Rocket \u00e8\u00a0una vite da ghiaccio di alto livello pronta a soddisfare tutte le esigenze di ice climber e alpinisti sulle grandi vie in quota. Presenta una costruzione leggera e robusta, con tubo e placchetta in acciaio al cromo-molibdeno. La filettatura inversa garantisce un&#039;ottima tenuta in ogni situazione mentre la fresa frontale \u00e8 disegnata per posizionamenti facili e veloci anche nel ghiaccio pi\u00f9 freddo e compatto. La placchetta \u00e8 piegata e in asse con la vite, assicurando un ottimale trasferimento del carico e un facile trasporto dell&#039;attrezzo su entrambi i lati dell&#039;imbragatura. I pomelli sono di diversi colori per un&#039;immediata identificazione della lunghezza.\" \/>\n<meta name=\"robots\" content=\"index, follow, max-snippet:-1, max-image-preview:large, max-video-preview:-1\" \/>\n<link rel=\"canonical\" href=\"https:\/\/www.sestogrado.it\/en\/prodotto\/camp-cassin-rocket-chiodo-vite-da-ghiaccio\/\" \/>\n<meta property=\"og:locale\" content=\"en_US\" \/>\n<meta property=\"og:type\" content=\"article\" \/>\n<meta property=\"og:title\" content=\"Cassin Rocket ice screw - Sestogrado\" \/>\n<meta property=\"og:description\" content=\"La Cassin Rocket \u00e8\u00a0una vite da ghiaccio di alto livello pronta a soddisfare tutte le esigenze di ice climber e alpinisti sulle grandi vie in quota. Presenta una costruzione leggera e robusta, con tubo e placchetta in acciaio al cromo-molibdeno. La filettatura inversa garantisce un&#039;ottima tenuta in ogni situazione mentre la fresa frontale \u00e8 disegnata per posizionamenti facili e veloci anche nel ghiaccio pi\u00f9 freddo e compatto. La placchetta \u00e8 piegata e in asse con la vite, assicurando un ottimale trasferimento del carico e un facile trasporto dell&#039;attrezzo su entrambi i lati dell&#039;imbragatura. I pomelli sono di diversi colori per un&#039;immediata identificazione della lunghezza.\" \/>\n<meta property=\"og:url\" content=\"https:\/\/www.sestogrado.it\/en\/prodotto\/camp-cassin-rocket-chiodo-vite-da-ghiaccio\/\" \/>\n<meta property=\"og:site_name\" content=\"Sestogrado\" \/>\n<meta property=\"article:publisher\" content=\"https:\/\/www.facebook.com\/pages\/Sestogrado\/1542635979353017?ref=bookmarks\" \/>\n<meta property=\"article:modified_time\" content=\"2026-03-24T17:21:10+00:00\" \/>\n<meta property=\"og:image\" content=\"https:\/\/www.sestogrado.it\/wp-content\/uploads\/2020\/09\/rocket16.jpg\" \/>\n\t<meta property=\"og:image:width\" content=\"1400\" \/>\n\t<meta property=\"og:image:height\" content=\"1400\" \/>\n\t<meta property=\"og:image:type\" content=\"image\/jpeg\" \/>\n<meta name=\"twitter:label1\" content=\"Availability\" \/>\n\t<meta name=\"twitter:data1\" content=\"In stock\" \/>\n<script type=\"application\/ld+json\" class=\"yoast-schema-graph\">{\"@context\":\"https:\/\/schema.org\",\"@graph\":[{\"@type\":\"WebPage\",\"@id\":\"https:\/\/www.sestogrado.it\/en\/prodotto\/camp-cassin-rocket-chiodo-vite-da-ghiaccio\/\",\"url\":\"https:\/\/www.sestogrado.it\/en\/prodotto\/camp-cassin-rocket-chiodo-vite-da-ghiaccio\/\",\"name\":\"Cassin Rocket ice screw - Sestogrado\",\"isPartOf\":{\"@id\":\"https:\/\/www.sestogrado.it\/en\/#website\"},\"primaryImageOfPage\":{\"@id\":\"https:\/\/www.sestogrado.it\/en\/prodotto\/camp-cassin-rocket-chiodo-vite-da-ghiaccio\/#primaryimage\"},\"image\":{\"@id\":\"https:\/\/www.sestogrado.it\/prodotto\/camp-cassin-rocket-chiodo-vite-da-ghiaccio\/#primaryimage\"},\"thumbnailUrl\":\"https:\/\/www.sestogrado.it\/wp-content\/uploads\/2020\/09\/rocket16.jpg\",\"datePublished\":\"2020-11-20T07:10:24+00:00\",\"dateModified\":\"2026-03-24T17:21:10+00:00\",\"description\":\"La Cassin Rocket \u00e8\u00a0una vite da ghiaccio di alto livello pronta a soddisfare tutte le esigenze di ice climber e alpinisti sulle grandi vie in quota. Presenta una costruzione leggera e robusta, con tubo e placchetta in acciaio al cromo-molibdeno. La filettatura inversa garantisce un'ottima tenuta in ogni situazione mentre la fresa frontale \u00e8 disegnata per posizionamenti facili e veloci anche nel ghiaccio pi\u00f9 freddo e compatto. La placchetta \u00e8 piegata e in asse con la vite, assicurando un ottimale trasferimento del carico e un facile trasporto dell'attrezzo su entrambi i lati dell'imbragatura. I pomelli sono di diversi colori per un'immediata identificazione della lunghezza.\",\"breadcrumb\":{\"@id\":\"https:\/\/www.sestogrado.it\/en\/prodotto\/camp-cassin-rocket-chiodo-vite-da-ghiaccio\/#breadcrumb\"},\"inLanguage\":\"en-US\",\"potentialAction\":[{\"@type\":\"ReadAction\",\"target\":[[\"https:\/\/www.sestogrado.it\/en\/prodotto\/camp-cassin-rocket-chiodo-vite-da-ghiaccio\/\"]]}]},{\"@type\":\"ImageObject\",\"inLanguage\":\"en-US\",\"@id\":\"https:\/\/www.sestogrado.it\/en\/prodotto\/camp-cassin-rocket-chiodo-vite-da-ghiaccio\/#primaryimage\",\"url\":\"https:\/\/www.sestogrado.it\/wp-content\/uploads\/2020\/09\/rocket16.jpg\",\"contentUrl\":\"https:\/\/www.sestogrado.it\/wp-content\/uploads\/2020\/09\/rocket16.jpg\",\"width\":1400,\"height\":1400,\"caption\":\"cassin rocket16\"},{\"@type\":\"BreadcrumbList\",\"@id\":\"https:\/\/www.sestogrado.it\/en\/prodotto\/camp-cassin-rocket-chiodo-vite-da-ghiaccio\/#breadcrumb\",\"itemListElement\":[{\"@type\":\"ListItem\",\"position\":1,\"name\":\"Home\",\"item\":\"https:\/\/www.sestogrado.it\/en\/\"},{\"@type\":\"ListItem\",\"position\":2,\"name\":\"Shop\",\"item\":\"https:\/\/www.sestogrado.it\/en\/shop\/\"},{\"@type\":\"ListItem\",\"position\":3,\"name\":\"Camp Rocket chiodo vite da ghiaccio\"}]},{\"@type\":\"WebSite\",\"@id\":\"https:\/\/www.sestogrado.it\/en\/#website\",\"url\":\"https:\/\/www.sestogrado.it\/en\/\",\"name\":\"Sestogrado\",\"description\":\"yes we climb\",\"publisher\":{\"@id\":\"https:\/\/www.sestogrado.it\/en\/#organization\"},\"potentialAction\":[{\"@type\":\"SearchAction\",\"target\":{\"@type\":\"EntryPoint\",\"urlTemplate\":\"https:\/\/www.sestogrado.it\/en\/?s={search_term_string}\"},\"query-input\":{\"@type\":\"PropertyValueSpecification\",\"valueRequired\":true,\"valueName\":\"search_term_string\"}}],\"inLanguage\":\"en-US\"},{\"@type\":\"Organization\",\"@id\":\"https:\/\/www.sestogrado.it\/en\/#organization\",\"name\":\"Sestogrado\",\"url\":\"https:\/\/www.sestogrado.it\/en\/\",\"logo\":{\"@type\":\"ImageObject\",\"inLanguage\":\"en-US\",\"@id\":\"https:\/\/www.sestogrado.it\/en\/#\/schema\/logo\/image\/\",\"url\":\"https:\/\/www.sestogrado.it\/wp-content\/uploads\/2015\/03\/sestogrado-favicon.png\",\"contentUrl\":\"https:\/\/www.sestogrado.it\/wp-content\/uploads\/2015\/03\/sestogrado-favicon.png\",\"width\":260,\"height\":260,\"caption\":\"Sestogrado\"},\"image\":{\"@id\":\"https:\/\/www.sestogrado.it\/en\/#\/schema\/logo\/image\/\"},\"sameAs\":[\"https:\/\/www.facebook.com\/pages\/Sestogrado\/1542635979353017?ref=bookmarks\",\"https:\/\/www.youtube.com\/channel\/UC847kAfTkaJsWpc1jtQwr3Q\"],\"hasMerchantReturnPolicy\":{\"@type\":\"MerchantReturnPolicy\",\"merchantReturnLink\":\"https:\/\/www.sestogrado.it\/en\/termini-e-condizioni\/\"}}]}<\/script>\n<meta property=\"product:brand\" content=\"Camp\" \/>\n<meta property=\"og:availability\" content=\"instock\" \/>\n<meta property=\"product:availability\" content=\"instock\" \/>\n<meta property=\"product:condition\" content=\"new\" \/>\n<!-- \/ Yoast SEO plugin. -->","yoast_head_json":{"title":"Cassin Rocket ice screw - Sestogrado","description":"La Cassin Rocket \u00e8\u00a0una vite da ghiaccio di alto livello pronta a soddisfare tutte le esigenze di ice climber e alpinisti sulle grandi vie in quota. Presenta una costruzione leggera e robusta, con tubo e placchetta in acciaio al cromo-molibdeno. La filettatura inversa garantisce un'ottima tenuta in ogni situazione mentre la fresa frontale \u00e8 disegnata per posizionamenti facili e veloci anche nel ghiaccio pi\u00f9 freddo e compatto. La placchetta \u00e8 piegata e in asse con la vite, assicurando un ottimale trasferimento del carico e un facile trasporto dell'attrezzo su entrambi i lati dell'imbragatura. I pomelli sono di diversi colori per un'immediata identificazione della lunghezza.","robots":{"index":"index","follow":"follow","max-snippet":"max-snippet:-1","max-image-preview":"max-image-preview:large","max-video-preview":"max-video-preview:-1"},"canonical":"https:\/\/www.sestogrado.it\/en\/prodotto\/camp-cassin-rocket-chiodo-vite-da-ghiaccio\/","og_locale":"en_US","og_type":"article","og_title":"Cassin Rocket ice screw - Sestogrado","og_description":"La Cassin Rocket \u00e8\u00a0una vite da ghiaccio di alto livello pronta a soddisfare tutte le esigenze di ice climber e alpinisti sulle grandi vie in quota. Presenta una costruzione leggera e robusta, con tubo e placchetta in acciaio al cromo-molibdeno. La filettatura inversa garantisce un'ottima tenuta in ogni situazione mentre la fresa frontale \u00e8 disegnata per posizionamenti facili e veloci anche nel ghiaccio pi\u00f9 freddo e compatto. La placchetta \u00e8 piegata e in asse con la vite, assicurando un ottimale trasferimento del carico e un facile trasporto dell'attrezzo su entrambi i lati dell'imbragatura. I pomelli sono di diversi colori per un'immediata identificazione della lunghezza.","og_url":"https:\/\/www.sestogrado.it\/en\/prodotto\/camp-cassin-rocket-chiodo-vite-da-ghiaccio\/","og_site_name":"Sestogrado","article_publisher":"https:\/\/www.facebook.com\/pages\/Sestogrado\/1542635979353017?ref=bookmarks","article_modified_time":"2026-03-24T17:21:10+00:00","og_image":[{"width":1400,"height":1400,"url":"https:\/\/www.sestogrado.it\/wp-content\/uploads\/2020\/09\/rocket16.jpg","type":"image\/jpeg"}],"twitter_misc":{"Availability":"In stock"},"schema":{"@context":"https:\/\/schema.org","@graph":[{"@type":"WebPage","@id":"https:\/\/www.sestogrado.it\/en\/prodotto\/camp-cassin-rocket-chiodo-vite-da-ghiaccio\/","url":"https:\/\/www.sestogrado.it\/en\/prodotto\/camp-cassin-rocket-chiodo-vite-da-ghiaccio\/","name":"Cassin Rocket ice screw - Sestogrado","isPartOf":{"@id":"https:\/\/www.sestogrado.it\/en\/#website"},"primaryImageOfPage":{"@id":"https:\/\/www.sestogrado.it\/en\/prodotto\/camp-cassin-rocket-chiodo-vite-da-ghiaccio\/#primaryimage"},"image":{"@id":"https:\/\/www.sestogrado.it\/prodotto\/camp-cassin-rocket-chiodo-vite-da-ghiaccio\/#primaryimage"},"thumbnailUrl":"https:\/\/www.sestogrado.it\/wp-content\/uploads\/2020\/09\/rocket16.jpg","datePublished":"2020-11-20T07:10:24+00:00","dateModified":"2026-03-24T17:21:10+00:00","description":"La Cassin Rocket \u00e8\u00a0una vite da ghiaccio di alto livello pronta a soddisfare tutte le esigenze di ice climber e alpinisti sulle grandi vie in quota. Presenta una costruzione leggera e robusta, con tubo e placchetta in acciaio al cromo-molibdeno. La filettatura inversa garantisce un'ottima tenuta in ogni situazione mentre la fresa frontale \u00e8 disegnata per posizionamenti facili e veloci anche nel ghiaccio pi\u00f9 freddo e compatto. La placchetta \u00e8 piegata e in asse con la vite, assicurando un ottimale trasferimento del carico e un facile trasporto dell'attrezzo su entrambi i lati dell'imbragatura. I pomelli sono di diversi colori per un'immediata identificazione della lunghezza.","breadcrumb":{"@id":"https:\/\/www.sestogrado.it\/en\/prodotto\/camp-cassin-rocket-chiodo-vite-da-ghiaccio\/#breadcrumb"},"inLanguage":"en-US","potentialAction":[{"@type":"ReadAction","target":[["https:\/\/www.sestogrado.it\/en\/prodotto\/camp-cassin-rocket-chiodo-vite-da-ghiaccio\/"]]}]},{"@type":"ImageObject","inLanguage":"en-US","@id":"https:\/\/www.sestogrado.it\/en\/prodotto\/camp-cassin-rocket-chiodo-vite-da-ghiaccio\/#primaryimage","url":"https:\/\/www.sestogrado.it\/wp-content\/uploads\/2020\/09\/rocket16.jpg","contentUrl":"https:\/\/www.sestogrado.it\/wp-content\/uploads\/2020\/09\/rocket16.jpg","width":1400,"height":1400,"caption":"cassin rocket16"},{"@type":"BreadcrumbList","@id":"https:\/\/www.sestogrado.it\/en\/prodotto\/camp-cassin-rocket-chiodo-vite-da-ghiaccio\/#breadcrumb","itemListElement":[{"@type":"ListItem","position":1,"name":"Home","item":"https:\/\/www.sestogrado.it\/en\/"},{"@type":"ListItem","position":2,"name":"Shop","item":"https:\/\/www.sestogrado.it\/en\/shop\/"},{"@type":"ListItem","position":3,"name":"Camp Rocket chiodo vite da ghiaccio"}]},{"@type":"WebSite","@id":"https:\/\/www.sestogrado.it\/en\/#website","url":"https:\/\/www.sestogrado.it\/en\/","name":"Sestogrado","description":"yes we climb","publisher":{"@id":"https:\/\/www.sestogrado.it\/en\/#organization"},"potentialAction":[{"@type":"SearchAction","target":{"@type":"EntryPoint","urlTemplate":"https:\/\/www.sestogrado.it\/en\/?s={search_term_string}"},"query-input":{"@type":"PropertyValueSpecification","valueRequired":true,"valueName":"search_term_string"}}],"inLanguage":"en-US"},{"@type":"Organization","@id":"https:\/\/www.sestogrado.it\/en\/#organization","name":"Sestogrado","url":"https:\/\/www.sestogrado.it\/en\/","logo":{"@type":"ImageObject","inLanguage":"en-US","@id":"https:\/\/www.sestogrado.it\/en\/#\/schema\/logo\/image\/","url":"https:\/\/www.sestogrado.it\/wp-content\/uploads\/2015\/03\/sestogrado-favicon.png","contentUrl":"https:\/\/www.sestogrado.it\/wp-content\/uploads\/2015\/03\/sestogrado-favicon.png","width":260,"height":260,"caption":"Sestogrado"},"image":{"@id":"https:\/\/www.sestogrado.it\/en\/#\/schema\/logo\/image\/"},"sameAs":["https:\/\/www.facebook.com\/pages\/Sestogrado\/1542635979353017?ref=bookmarks","https:\/\/www.youtube.com\/channel\/UC847kAfTkaJsWpc1jtQwr3Q"],"hasMerchantReturnPolicy":{"@type":"MerchantReturnPolicy","merchantReturnLink":"https:\/\/www.sestogrado.it\/en\/termini-e-condizioni\/"}}]},"product_brand":"Camp","og_availability":"instock","product_availability":"instock","product_condition":"new"},"_links":{"self":[{"href":"https:\/\/www.sestogrado.it\/en\/wp-json\/wp\/v2\/product\/41745","targetHints":{"allow":["GET"]}}],"collection":[{"href":"https:\/\/www.sestogrado.it\/en\/wp-json\/wp\/v2\/product"}],"about":[{"href":"https:\/\/www.sestogrado.it\/en\/wp-json\/wp\/v2\/types\/product"}],"replies":[{"embeddable":true,"href":"https:\/\/www.sestogrado.it\/en\/wp-json\/wp\/v2\/comments?post=41745"}],"wp:featuredmedia":[{"embeddable":true,"href":"https:\/\/www.sestogrado.it\/en\/wp-json\/wp\/v2\/media\/41747"}],"wp:attachment":[{"href":"https:\/\/www.sestogrado.it\/en\/wp-json\/wp\/v2\/media?parent=41745"}],"wp:term":[{"taxonomy":"product_brand","embeddable":true,"href":"https:\/\/www.sestogrado.it\/en\/wp-json\/wp\/v2\/product_brand?post=41745"},{"taxonomy":"product_cat","embeddable":true,"href":"https:\/\/www.sestogrado.it\/en\/wp-json\/wp\/v2\/product_cat?post=41745"},{"taxonomy":"product_tag","embeddable":true,"href":"https:\/\/www.sestogrado.it\/en\/wp-json\/wp\/v2\/product_tag?post=41745"}],"curies":[{"name":"wp","href":"https:\/\/api.w.org\/{rel}","templated":true}]}}