{"id":41736,"date":"2025-11-07T08:00:36","date_gmt":"2025-11-07T07:00:36","guid":{"rendered":"https:\/\/www.sestogrado.it\/?post_type=product&#038;p=41736"},"modified":"2026-04-22T10:42:12","modified_gmt":"2026-04-22T08:42:12","slug":"powerball-nsd-diablo-evo-autostart-pro-giroscopio-allenamento-arrampicata","status":"publish","type":"product","link":"https:\/\/www.sestogrado.it\/en\/prodotto\/powerball-nsd-diablo-evo-autostart-pro-giroscopio-allenamento-arrampicata\/","title":{"rendered":"Powerball Icon Diablo Evo Autostart Classic giroscopio allenamento arrampicata"},"content":{"rendered":"<p class=\"qtranxs-available-languages-message qtranxs-available-languages-message-en\">Sorry, this entry is only available in <a href=\"https:\/\/www.sestogrado.it\/it\/wp-json\/wp\/v2\/product\/41736\" class=\"qtranxs-available-language-link qtranxs-available-language-link-it\" title=\"Italiano\">Italiano<\/a>.<\/p>","protected":false},"excerpt":{"rendered":"<p>Sorry, this entry is only available in Italiano.<\/p>\n","protected":false},"featured_media":202570,"comment_status":"open","ping_status":"closed","template":"","meta":{"_acf_changed":false},"product_brand":[360],"product_cat":[303],"product_tag":[],"class_list":{"0":"post-41736","1":"product","2":"type-product","3":"status-publish","4":"has-post-thumbnail","6":"product_brand-powerball","7":"product_cat-allenamento","9":"first","10":"instock","11":"sale","12":"taxable","13":"shipping-taxable","14":"purchasable","15":"product-type-simple"},"acf":[],"yoast_head":"<!-- This site is optimized with the Yoast SEO plugin v26.4 - https:\/\/yoast.com\/wordpress\/plugins\/seo\/ -->\n<title>Powerball Icon Diablo Evo Autostart Classic giroscopio allenamento arrampicata - Sestogrado<\/title>\n<meta name=\"description\" content=\"Powerball Icon Diablo Evo Autostart Classic coniuga con successo un design etereo con la potenza pura. La sua elegante scocca in acciaio specchiato ospita un pesante rotore in zinco massiccio, in grado di generare ben 27 kg di potenza mentre gira nella tua mano.GUSCIO IN ACCIAIO A SPECCHIO \u2013 Il Powerball Diablo \u00e8 dotato di un guscio in acciaio cromato a specchio, che risulta fresco e leggero al tatto. Pi\u00f9 piccolo del 10% rispetto ai modelli Powerball standard, il Powerball Diablo \u00e8 ideale anche per mani medio piccole.\" \/>\n<meta name=\"robots\" content=\"index, follow, max-snippet:-1, max-image-preview:large, max-video-preview:-1\" \/>\n<link rel=\"canonical\" href=\"https:\/\/www.sestogrado.it\/en\/prodotto\/powerball-nsd-diablo-evo-autostart-pro-giroscopio-allenamento-arrampicata\/\" \/>\n<meta property=\"og:locale\" content=\"en_US\" \/>\n<meta property=\"og:type\" content=\"article\" \/>\n<meta property=\"og:title\" content=\"Powerball Icon Diablo Evo Autostart Classic giroscopio allenamento arrampicata - Sestogrado\" \/>\n<meta property=\"og:description\" content=\"Powerball Icon Diablo Evo Autostart Classic coniuga con successo un design etereo con la potenza pura. La sua elegante scocca in acciaio specchiato ospita un pesante rotore in zinco massiccio, in grado di generare ben 27 kg di potenza mentre gira nella tua mano.GUSCIO IN ACCIAIO A SPECCHIO \u2013 Il Powerball Diablo \u00e8 dotato di un guscio in acciaio cromato a specchio, che risulta fresco e leggero al tatto. Pi\u00f9 piccolo del 10% rispetto ai modelli Powerball standard, il Powerball Diablo \u00e8 ideale anche per mani medio piccole.\" \/>\n<meta property=\"og:url\" content=\"https:\/\/www.sestogrado.it\/en\/prodotto\/powerball-nsd-diablo-evo-autostart-pro-giroscopio-allenamento-arrampicata\/\" \/>\n<meta property=\"og:site_name\" content=\"Sestogrado\" \/>\n<meta property=\"article:publisher\" content=\"https:\/\/www.facebook.com\/pages\/Sestogrado\/1542635979353017?ref=bookmarks\" \/>\n<meta property=\"article:modified_time\" content=\"2026-04-22T08:42:12+00:00\" \/>\n<meta property=\"og:image\" content=\"https:\/\/www.sestogrado.it\/wp-content\/uploads\/2020\/09\/01-22.jpg\" \/>\n\t<meta property=\"og:image:width\" content=\"1080\" \/>\n\t<meta property=\"og:image:height\" content=\"1080\" \/>\n\t<meta property=\"og:image:type\" content=\"image\/jpeg\" \/>\n<meta name=\"twitter:label1\" content=\"Price\" \/>\n\t<meta name=\"twitter:data1\" content=\"&euro;&nbsp;89,90\" \/>\n\t<meta name=\"twitter:label2\" content=\"Availability\" \/>\n\t<meta name=\"twitter:data2\" content=\"In stock\" \/>\n<script type=\"application\/ld+json\" class=\"yoast-schema-graph\">{\"@context\":\"https:\/\/schema.org\",\"@graph\":[{\"@type\":\"WebPage\",\"@id\":\"https:\/\/www.sestogrado.it\/en\/prodotto\/powerball-nsd-diablo-evo-autostart-pro-giroscopio-allenamento-arrampicata\/\",\"url\":\"https:\/\/www.sestogrado.it\/en\/prodotto\/powerball-nsd-diablo-evo-autostart-pro-giroscopio-allenamento-arrampicata\/\",\"name\":\"Powerball Icon Diablo Evo Autostart Classic giroscopio allenamento arrampicata - Sestogrado\",\"isPartOf\":{\"@id\":\"https:\/\/www.sestogrado.it\/en\/#website\"},\"primaryImageOfPage\":{\"@id\":\"https:\/\/www.sestogrado.it\/en\/prodotto\/powerball-nsd-diablo-evo-autostart-pro-giroscopio-allenamento-arrampicata\/#primaryimage\"},\"image\":{\"@id\":\"https:\/\/www.sestogrado.it\/prodotto\/powerball-nsd-diablo-evo-autostart-pro-giroscopio-allenamento-arrampicata\/#primaryimage\"},\"thumbnailUrl\":\"https:\/\/www.sestogrado.it\/wp-content\/uploads\/2020\/09\/01-22.jpg\",\"datePublished\":\"2025-11-07T07:00:36+00:00\",\"dateModified\":\"2026-04-22T08:42:12+00:00\",\"description\":\"Powerball Icon Diablo Evo Autostart Classic coniuga con successo un design etereo con la potenza pura. La sua elegante scocca in acciaio specchiato ospita un pesante rotore in zinco massiccio, in grado di generare ben 27 kg di potenza mentre gira nella tua mano.GUSCIO IN ACCIAIO A SPECCHIO \u2013 Il Powerball Diablo \u00e8 dotato di un guscio in acciaio cromato a specchio, che risulta fresco e leggero al tatto. Pi\u00f9 piccolo del 10% rispetto ai modelli Powerball standard, il Powerball Diablo \u00e8 ideale anche per mani medio piccole.\",\"breadcrumb\":{\"@id\":\"https:\/\/www.sestogrado.it\/en\/prodotto\/powerball-nsd-diablo-evo-autostart-pro-giroscopio-allenamento-arrampicata\/#breadcrumb\"},\"inLanguage\":\"en-US\",\"potentialAction\":[{\"@type\":\"ReadAction\",\"target\":[[\"https:\/\/www.sestogrado.it\/en\/prodotto\/powerball-nsd-diablo-evo-autostart-pro-giroscopio-allenamento-arrampicata\/\"]]}]},{\"@type\":\"ImageObject\",\"inLanguage\":\"en-US\",\"@id\":\"https:\/\/www.sestogrado.it\/en\/prodotto\/powerball-nsd-diablo-evo-autostart-pro-giroscopio-allenamento-arrampicata\/#primaryimage\",\"url\":\"https:\/\/www.sestogrado.it\/wp-content\/uploads\/2020\/09\/01-22.jpg\",\"contentUrl\":\"https:\/\/www.sestogrado.it\/wp-content\/uploads\/2020\/09\/01-22.jpg\",\"width\":1080,\"height\":1080,\"caption\":\"diablo\"},{\"@type\":\"BreadcrumbList\",\"@id\":\"https:\/\/www.sestogrado.it\/en\/prodotto\/powerball-nsd-diablo-evo-autostart-pro-giroscopio-allenamento-arrampicata\/#breadcrumb\",\"itemListElement\":[{\"@type\":\"ListItem\",\"position\":1,\"name\":\"Home\",\"item\":\"https:\/\/www.sestogrado.it\/en\/\"},{\"@type\":\"ListItem\",\"position\":2,\"name\":\"Shop\",\"item\":\"https:\/\/www.sestogrado.it\/en\/shop\/\"},{\"@type\":\"ListItem\",\"position\":3,\"name\":\"Powerball Icon Diablo Evo Autostart Classic giroscopio allenamento arrampicata\"}]},{\"@type\":\"WebSite\",\"@id\":\"https:\/\/www.sestogrado.it\/en\/#website\",\"url\":\"https:\/\/www.sestogrado.it\/en\/\",\"name\":\"Sestogrado\",\"description\":\"yes we climb\",\"publisher\":{\"@id\":\"https:\/\/www.sestogrado.it\/en\/#organization\"},\"potentialAction\":[{\"@type\":\"SearchAction\",\"target\":{\"@type\":\"EntryPoint\",\"urlTemplate\":\"https:\/\/www.sestogrado.it\/en\/?s={search_term_string}\"},\"query-input\":{\"@type\":\"PropertyValueSpecification\",\"valueRequired\":true,\"valueName\":\"search_term_string\"}}],\"inLanguage\":\"en-US\"},{\"@type\":\"Organization\",\"@id\":\"https:\/\/www.sestogrado.it\/en\/#organization\",\"name\":\"Sestogrado\",\"url\":\"https:\/\/www.sestogrado.it\/en\/\",\"logo\":{\"@type\":\"ImageObject\",\"inLanguage\":\"en-US\",\"@id\":\"https:\/\/www.sestogrado.it\/en\/#\/schema\/logo\/image\/\",\"url\":\"https:\/\/www.sestogrado.it\/wp-content\/uploads\/2015\/03\/sestogrado-favicon.png\",\"contentUrl\":\"https:\/\/www.sestogrado.it\/wp-content\/uploads\/2015\/03\/sestogrado-favicon.png\",\"width\":260,\"height\":260,\"caption\":\"Sestogrado\"},\"image\":{\"@id\":\"https:\/\/www.sestogrado.it\/en\/#\/schema\/logo\/image\/\"},\"sameAs\":[\"https:\/\/www.facebook.com\/pages\/Sestogrado\/1542635979353017?ref=bookmarks\",\"https:\/\/www.youtube.com\/channel\/UC847kAfTkaJsWpc1jtQwr3Q\"],\"hasMerchantReturnPolicy\":{\"@type\":\"MerchantReturnPolicy\",\"merchantReturnLink\":\"https:\/\/www.sestogrado.it\/en\/termini-e-condizioni\/\"}}]}<\/script>\n<meta property=\"product:brand\" content=\"Powerball\" \/>\n<meta property=\"product:price:amount\" content=\"89.90\" \/>\n<meta property=\"product:price:currency\" content=\"EUR\" \/>\n<meta property=\"og:availability\" content=\"instock\" \/>\n<meta property=\"product:availability\" content=\"instock\" \/>\n<meta property=\"product:condition\" content=\"new\" \/>\n<!-- \/ Yoast SEO plugin. -->","yoast_head_json":{"title":"Powerball Icon Diablo Evo Autostart Classic giroscopio allenamento arrampicata - Sestogrado","description":"Powerball Icon Diablo Evo Autostart Classic coniuga con successo un design etereo con la potenza pura. La sua elegante scocca in acciaio specchiato ospita un pesante rotore in zinco massiccio, in grado di generare ben 27 kg di potenza mentre gira nella tua mano.GUSCIO IN ACCIAIO A SPECCHIO \u2013 Il Powerball Diablo \u00e8 dotato di un guscio in acciaio cromato a specchio, che risulta fresco e leggero al tatto. Pi\u00f9 piccolo del 10% rispetto ai modelli Powerball standard, il Powerball Diablo \u00e8 ideale anche per mani medio piccole.","robots":{"index":"index","follow":"follow","max-snippet":"max-snippet:-1","max-image-preview":"max-image-preview:large","max-video-preview":"max-video-preview:-1"},"canonical":"https:\/\/www.sestogrado.it\/en\/prodotto\/powerball-nsd-diablo-evo-autostart-pro-giroscopio-allenamento-arrampicata\/","og_locale":"en_US","og_type":"article","og_title":"Powerball Icon Diablo Evo Autostart Classic giroscopio allenamento arrampicata - Sestogrado","og_description":"Powerball Icon Diablo Evo Autostart Classic coniuga con successo un design etereo con la potenza pura. La sua elegante scocca in acciaio specchiato ospita un pesante rotore in zinco massiccio, in grado di generare ben 27 kg di potenza mentre gira nella tua mano.GUSCIO IN ACCIAIO A SPECCHIO \u2013 Il Powerball Diablo \u00e8 dotato di un guscio in acciaio cromato a specchio, che risulta fresco e leggero al tatto. Pi\u00f9 piccolo del 10% rispetto ai modelli Powerball standard, il Powerball Diablo \u00e8 ideale anche per mani medio piccole.","og_url":"https:\/\/www.sestogrado.it\/en\/prodotto\/powerball-nsd-diablo-evo-autostart-pro-giroscopio-allenamento-arrampicata\/","og_site_name":"Sestogrado","article_publisher":"https:\/\/www.facebook.com\/pages\/Sestogrado\/1542635979353017?ref=bookmarks","article_modified_time":"2026-04-22T08:42:12+00:00","og_image":[{"width":1080,"height":1080,"url":"https:\/\/www.sestogrado.it\/wp-content\/uploads\/2020\/09\/01-22.jpg","type":"image\/jpeg"}],"twitter_misc":{"Price":"&euro;&nbsp;89,90","Availability":"In stock"},"schema":{"@context":"https:\/\/schema.org","@graph":[{"@type":"WebPage","@id":"https:\/\/www.sestogrado.it\/en\/prodotto\/powerball-nsd-diablo-evo-autostart-pro-giroscopio-allenamento-arrampicata\/","url":"https:\/\/www.sestogrado.it\/en\/prodotto\/powerball-nsd-diablo-evo-autostart-pro-giroscopio-allenamento-arrampicata\/","name":"Powerball Icon Diablo Evo Autostart Classic giroscopio allenamento arrampicata - Sestogrado","isPartOf":{"@id":"https:\/\/www.sestogrado.it\/en\/#website"},"primaryImageOfPage":{"@id":"https:\/\/www.sestogrado.it\/en\/prodotto\/powerball-nsd-diablo-evo-autostart-pro-giroscopio-allenamento-arrampicata\/#primaryimage"},"image":{"@id":"https:\/\/www.sestogrado.it\/prodotto\/powerball-nsd-diablo-evo-autostart-pro-giroscopio-allenamento-arrampicata\/#primaryimage"},"thumbnailUrl":"https:\/\/www.sestogrado.it\/wp-content\/uploads\/2020\/09\/01-22.jpg","datePublished":"2025-11-07T07:00:36+00:00","dateModified":"2026-04-22T08:42:12+00:00","description":"Powerball Icon Diablo Evo Autostart Classic coniuga con successo un design etereo con la potenza pura. La sua elegante scocca in acciaio specchiato ospita un pesante rotore in zinco massiccio, in grado di generare ben 27 kg di potenza mentre gira nella tua mano.GUSCIO IN ACCIAIO A SPECCHIO \u2013 Il Powerball Diablo \u00e8 dotato di un guscio in acciaio cromato a specchio, che risulta fresco e leggero al tatto. Pi\u00f9 piccolo del 10% rispetto ai modelli Powerball standard, il Powerball Diablo \u00e8 ideale anche per mani medio piccole.","breadcrumb":{"@id":"https:\/\/www.sestogrado.it\/en\/prodotto\/powerball-nsd-diablo-evo-autostart-pro-giroscopio-allenamento-arrampicata\/#breadcrumb"},"inLanguage":"en-US","potentialAction":[{"@type":"ReadAction","target":[["https:\/\/www.sestogrado.it\/en\/prodotto\/powerball-nsd-diablo-evo-autostart-pro-giroscopio-allenamento-arrampicata\/"]]}]},{"@type":"ImageObject","inLanguage":"en-US","@id":"https:\/\/www.sestogrado.it\/en\/prodotto\/powerball-nsd-diablo-evo-autostart-pro-giroscopio-allenamento-arrampicata\/#primaryimage","url":"https:\/\/www.sestogrado.it\/wp-content\/uploads\/2020\/09\/01-22.jpg","contentUrl":"https:\/\/www.sestogrado.it\/wp-content\/uploads\/2020\/09\/01-22.jpg","width":1080,"height":1080,"caption":"diablo"},{"@type":"BreadcrumbList","@id":"https:\/\/www.sestogrado.it\/en\/prodotto\/powerball-nsd-diablo-evo-autostart-pro-giroscopio-allenamento-arrampicata\/#breadcrumb","itemListElement":[{"@type":"ListItem","position":1,"name":"Home","item":"https:\/\/www.sestogrado.it\/en\/"},{"@type":"ListItem","position":2,"name":"Shop","item":"https:\/\/www.sestogrado.it\/en\/shop\/"},{"@type":"ListItem","position":3,"name":"Powerball Icon Diablo Evo Autostart Classic giroscopio allenamento arrampicata"}]},{"@type":"WebSite","@id":"https:\/\/www.sestogrado.it\/en\/#website","url":"https:\/\/www.sestogrado.it\/en\/","name":"Sestogrado","description":"yes we climb","publisher":{"@id":"https:\/\/www.sestogrado.it\/en\/#organization"},"potentialAction":[{"@type":"SearchAction","target":{"@type":"EntryPoint","urlTemplate":"https:\/\/www.sestogrado.it\/en\/?s={search_term_string}"},"query-input":{"@type":"PropertyValueSpecification","valueRequired":true,"valueName":"search_term_string"}}],"inLanguage":"en-US"},{"@type":"Organization","@id":"https:\/\/www.sestogrado.it\/en\/#organization","name":"Sestogrado","url":"https:\/\/www.sestogrado.it\/en\/","logo":{"@type":"ImageObject","inLanguage":"en-US","@id":"https:\/\/www.sestogrado.it\/en\/#\/schema\/logo\/image\/","url":"https:\/\/www.sestogrado.it\/wp-content\/uploads\/2015\/03\/sestogrado-favicon.png","contentUrl":"https:\/\/www.sestogrado.it\/wp-content\/uploads\/2015\/03\/sestogrado-favicon.png","width":260,"height":260,"caption":"Sestogrado"},"image":{"@id":"https:\/\/www.sestogrado.it\/en\/#\/schema\/logo\/image\/"},"sameAs":["https:\/\/www.facebook.com\/pages\/Sestogrado\/1542635979353017?ref=bookmarks","https:\/\/www.youtube.com\/channel\/UC847kAfTkaJsWpc1jtQwr3Q"],"hasMerchantReturnPolicy":{"@type":"MerchantReturnPolicy","merchantReturnLink":"https:\/\/www.sestogrado.it\/en\/termini-e-condizioni\/"}}]},"product_brand":"Powerball","product_price_amount":"89.90","product_price_currency":"EUR","og_availability":"instock","product_availability":"instock","product_condition":"new"},"_links":{"self":[{"href":"https:\/\/www.sestogrado.it\/en\/wp-json\/wp\/v2\/product\/41736","targetHints":{"allow":["GET"]}}],"collection":[{"href":"https:\/\/www.sestogrado.it\/en\/wp-json\/wp\/v2\/product"}],"about":[{"href":"https:\/\/www.sestogrado.it\/en\/wp-json\/wp\/v2\/types\/product"}],"replies":[{"embeddable":true,"href":"https:\/\/www.sestogrado.it\/en\/wp-json\/wp\/v2\/comments?post=41736"}],"wp:featuredmedia":[{"embeddable":true,"href":"https:\/\/www.sestogrado.it\/en\/wp-json\/wp\/v2\/media\/202570"}],"wp:attachment":[{"href":"https:\/\/www.sestogrado.it\/en\/wp-json\/wp\/v2\/media?parent=41736"}],"wp:term":[{"taxonomy":"product_brand","embeddable":true,"href":"https:\/\/www.sestogrado.it\/en\/wp-json\/wp\/v2\/product_brand?post=41736"},{"taxonomy":"product_cat","embeddable":true,"href":"https:\/\/www.sestogrado.it\/en\/wp-json\/wp\/v2\/product_cat?post=41736"},{"taxonomy":"product_tag","embeddable":true,"href":"https:\/\/www.sestogrado.it\/en\/wp-json\/wp\/v2\/product_tag?post=41736"}],"curies":[{"name":"wp","href":"https:\/\/api.w.org\/{rel}","templated":true}]}}