{"id":41463,"date":"2020-09-24T09:32:27","date_gmt":"2020-09-24T07:32:27","guid":{"rendered":"https:\/\/www.sestogrado.it\/?post_type=product&#038;p=41463"},"modified":"2026-02-05T12:40:44","modified_gmt":"2026-02-05T11:40:44","slug":"camp-ascent-auto-semi-auto-ramponi","status":"publish","type":"product","link":"https:\/\/www.sestogrado.it\/en\/prodotto\/camp-ascent-auto-semi-auto-ramponi\/","title":{"rendered":"Camp Ascent auto\/semi-auto crampon"},"content":{"rendered":"<p>The Ascent is a lightweight steel crampon for mountaineering. It uses a minimalist design to reduce weight without compromising performance. The compact frame is particularly rigid and the points are positioned for aggressive traction and maximum stability. The Ascent Auto\/Semi-Auto is delivered standard with both automatic and semi-auto toe bails. Binding parts are interchangeable between Auto\/Semi-Auto\/Universal (sold separately). The fit can be optimized with the micro-adjustable flexible linking bar, 2 front bail positions, 2 heel bail positions and 3 heel bail height settings. Dynamic anti-balling plates prevent snow build-up<\/p>\n<ul>\n<li>Lightweight steel crampons for mountaineering<\/li>\n<li>Asymmetric design and flexible linking bar follow the contours of modern boots to ensure a precise fit<\/li>\n<li>Binding parts are interchangeable between Auto\/Semi-Auto\/Universal (sold separately)<\/li>\n<li>Compact frame takes up less space in the pack<\/li>\n<li>Delivered standard with automatic and semi-auto toe bails<\/li>\n<li>Dynamic anti-balling plates included<\/li>\n<li>Micro-adjustable linking bar for fine-tuning the length<\/li>\n<li>Dyneema\u00ae linking straps (available separately) reduce weight and allow the crampons to fold onto themselves for tighter packability<\/li>\n<li>2 front bail positions, 2 heel bail positions, 3 heel bail height settings<\/li>\n<li>Adjustable fold-over carrying case with lashing straps included<\/li>\n<\/ul>\n<p><\/p>","protected":false},"excerpt":{"rendered":"<p>The Ascent is a lightweight steel crampon for mountaineering. It uses a minimalist design to reduce weight without compromising performance. [&hellip;]<\/p>\n","protected":false},"featured_media":41464,"comment_status":"open","ping_status":"closed","template":"","meta":{"_acf_changed":false},"product_brand":[31],"product_cat":[153],"product_tag":[],"class_list":{"0":"post-41463","1":"product","2":"type-product","3":"status-publish","4":"has-post-thumbnail","6":"product_brand-camp","7":"product_cat-ramponi","9":"first","10":"instock","11":"sale","12":"taxable","13":"shipping-taxable","14":"purchasable","15":"product-type-simple"},"acf":[],"yoast_head":"<!-- This site is optimized with the Yoast SEO plugin v26.4 - https:\/\/yoast.com\/wordpress\/plugins\/seo\/ -->\n<title>Camp Ascent auto\/semi-auto crampon - Sestogrado<\/title>\n<meta name=\"description\" content=\"Camp Ascent auto\/semi-auto \u00e8 un rampone in acciaio a 10 punte. Il suo design minimalista permette una considerevole riduzione di peso senza interferire nelle prestazioni. La struttura compatta dell&#039;Ascent \u00e8 infatti particolarmente rigida, con punte aggressive che garantiscono notevole trazione e grande stabilit\u00e0. La versatilit\u00e0 \u00e8 assicurata dalla totale intercambiabilit\u00e0 dei sistemi di allacciatura: \u00e8 infatti possibile passare dall&#039;allacciatura automatica alla semiautomatica sostituendo l&#039;archetto frontale con la cuffia inclusa nella confezione (ed eventualmente all&#039;allacciatura universale sostituendo la talloniera di serie con quella specifica disponibile separatamente). L&#039;asta a doppia fila di fori consente una regolazione precisa e veloce della lunghezza, coprendo un range estremamente ampio. La perfetta calzata \u00e8 garantita dalle molteplici regolazioni: l&#039;archetto frontale e la talloniera su 2 posizioni e la leva posteriore su 3 posizioni. L&#039;antibott ad azione attiva impedisce l&#039;accumulo di neve tra le punte.\" \/>\n<meta name=\"robots\" content=\"index, follow, max-snippet:-1, max-image-preview:large, max-video-preview:-1\" \/>\n<link rel=\"canonical\" href=\"https:\/\/www.sestogrado.it\/en\/prodotto\/camp-ascent-auto-semi-auto-ramponi\/\" \/>\n<meta property=\"og:locale\" content=\"en_US\" \/>\n<meta property=\"og:type\" content=\"article\" \/>\n<meta property=\"og:title\" content=\"Camp Ascent auto\/semi-auto crampon - Sestogrado\" \/>\n<meta property=\"og:description\" content=\"Camp Ascent auto\/semi-auto \u00e8 un rampone in acciaio a 10 punte. Il suo design minimalista permette una considerevole riduzione di peso senza interferire nelle prestazioni. La struttura compatta dell&#039;Ascent \u00e8 infatti particolarmente rigida, con punte aggressive che garantiscono notevole trazione e grande stabilit\u00e0. La versatilit\u00e0 \u00e8 assicurata dalla totale intercambiabilit\u00e0 dei sistemi di allacciatura: \u00e8 infatti possibile passare dall&#039;allacciatura automatica alla semiautomatica sostituendo l&#039;archetto frontale con la cuffia inclusa nella confezione (ed eventualmente all&#039;allacciatura universale sostituendo la talloniera di serie con quella specifica disponibile separatamente). L&#039;asta a doppia fila di fori consente una regolazione precisa e veloce della lunghezza, coprendo un range estremamente ampio. La perfetta calzata \u00e8 garantita dalle molteplici regolazioni: l&#039;archetto frontale e la talloniera su 2 posizioni e la leva posteriore su 3 posizioni. L&#039;antibott ad azione attiva impedisce l&#039;accumulo di neve tra le punte.\" \/>\n<meta property=\"og:url\" content=\"https:\/\/www.sestogrado.it\/en\/prodotto\/camp-ascent-auto-semi-auto-ramponi\/\" \/>\n<meta property=\"og:site_name\" content=\"Sestogrado\" \/>\n<meta property=\"article:publisher\" content=\"https:\/\/www.facebook.com\/pages\/Sestogrado\/1542635979353017?ref=bookmarks\" \/>\n<meta property=\"article:modified_time\" content=\"2026-02-05T11:40:44+00:00\" \/>\n<meta property=\"og:image\" content=\"https:\/\/www.sestogrado.it\/wp-content\/uploads\/2020\/09\/01-9.jpg\" \/>\n\t<meta property=\"og:image:width\" content=\"1200\" \/>\n\t<meta property=\"og:image:height\" content=\"1200\" \/>\n\t<meta property=\"og:image:type\" content=\"image\/jpeg\" \/>\n<meta name=\"twitter:label1\" content=\"Price\" \/>\n\t<meta name=\"twitter:data1\" content=\"&euro;&nbsp;149,00\" \/>\n\t<meta name=\"twitter:label2\" content=\"Availability\" \/>\n\t<meta name=\"twitter:data2\" content=\"In stock\" \/>\n<script type=\"application\/ld+json\" class=\"yoast-schema-graph\">{\"@context\":\"https:\/\/schema.org\",\"@graph\":[{\"@type\":\"WebPage\",\"@id\":\"https:\/\/www.sestogrado.it\/en\/prodotto\/camp-ascent-auto-semi-auto-ramponi\/\",\"url\":\"https:\/\/www.sestogrado.it\/en\/prodotto\/camp-ascent-auto-semi-auto-ramponi\/\",\"name\":\"Camp Ascent auto\/semi-auto crampon - Sestogrado\",\"isPartOf\":{\"@id\":\"https:\/\/www.sestogrado.it\/en\/#website\"},\"primaryImageOfPage\":{\"@id\":\"https:\/\/www.sestogrado.it\/en\/prodotto\/camp-ascent-auto-semi-auto-ramponi\/#primaryimage\"},\"image\":{\"@id\":\"https:\/\/www.sestogrado.it\/prodotto\/camp-ascent-auto-semi-auto-ramponi\/#primaryimage\"},\"thumbnailUrl\":\"https:\/\/www.sestogrado.it\/wp-content\/uploads\/2020\/09\/01-9.jpg\",\"datePublished\":\"2020-09-24T07:32:27+00:00\",\"dateModified\":\"2026-02-05T11:40:44+00:00\",\"description\":\"Camp Ascent auto\/semi-auto \u00e8 un rampone in acciaio a 10 punte. Il suo design minimalista permette una considerevole riduzione di peso senza interferire nelle prestazioni. La struttura compatta dell'Ascent \u00e8 infatti particolarmente rigida, con punte aggressive che garantiscono notevole trazione e grande stabilit\u00e0. La versatilit\u00e0 \u00e8 assicurata dalla totale intercambiabilit\u00e0 dei sistemi di allacciatura: \u00e8 infatti possibile passare dall'allacciatura automatica alla semiautomatica sostituendo l'archetto frontale con la cuffia inclusa nella confezione (ed eventualmente all'allacciatura universale sostituendo la talloniera di serie con quella specifica disponibile separatamente). L'asta a doppia fila di fori consente una regolazione precisa e veloce della lunghezza, coprendo un range estremamente ampio. La perfetta calzata \u00e8 garantita dalle molteplici regolazioni: l'archetto frontale e la talloniera su 2 posizioni e la leva posteriore su 3 posizioni. L'antibott ad azione attiva impedisce l'accumulo di neve tra le punte.\",\"breadcrumb\":{\"@id\":\"https:\/\/www.sestogrado.it\/en\/prodotto\/camp-ascent-auto-semi-auto-ramponi\/#breadcrumb\"},\"inLanguage\":\"en-US\",\"potentialAction\":[{\"@type\":\"ReadAction\",\"target\":[[\"https:\/\/www.sestogrado.it\/en\/prodotto\/camp-ascent-auto-semi-auto-ramponi\/\"]]}]},{\"@type\":\"ImageObject\",\"inLanguage\":\"en-US\",\"@id\":\"https:\/\/www.sestogrado.it\/en\/prodotto\/camp-ascent-auto-semi-auto-ramponi\/#primaryimage\",\"url\":\"https:\/\/www.sestogrado.it\/wp-content\/uploads\/2020\/09\/01-9.jpg\",\"contentUrl\":\"https:\/\/www.sestogrado.it\/wp-content\/uploads\/2020\/09\/01-9.jpg\",\"width\":1200,\"height\":1200,\"caption\":\"camp ascent auto\/semi-auto\"},{\"@type\":\"BreadcrumbList\",\"@id\":\"https:\/\/www.sestogrado.it\/en\/prodotto\/camp-ascent-auto-semi-auto-ramponi\/#breadcrumb\",\"itemListElement\":[{\"@type\":\"ListItem\",\"position\":1,\"name\":\"Home\",\"item\":\"https:\/\/www.sestogrado.it\/en\/\"},{\"@type\":\"ListItem\",\"position\":2,\"name\":\"Shop\",\"item\":\"https:\/\/www.sestogrado.it\/en\/shop\/\"},{\"@type\":\"ListItem\",\"position\":3,\"name\":\"Camp Ascent auto\/semi-auto ramponi\"}]},{\"@type\":\"WebSite\",\"@id\":\"https:\/\/www.sestogrado.it\/en\/#website\",\"url\":\"https:\/\/www.sestogrado.it\/en\/\",\"name\":\"Sestogrado\",\"description\":\"yes we climb\",\"publisher\":{\"@id\":\"https:\/\/www.sestogrado.it\/en\/#organization\"},\"potentialAction\":[{\"@type\":\"SearchAction\",\"target\":{\"@type\":\"EntryPoint\",\"urlTemplate\":\"https:\/\/www.sestogrado.it\/en\/?s={search_term_string}\"},\"query-input\":{\"@type\":\"PropertyValueSpecification\",\"valueRequired\":true,\"valueName\":\"search_term_string\"}}],\"inLanguage\":\"en-US\"},{\"@type\":\"Organization\",\"@id\":\"https:\/\/www.sestogrado.it\/en\/#organization\",\"name\":\"Sestogrado\",\"url\":\"https:\/\/www.sestogrado.it\/en\/\",\"logo\":{\"@type\":\"ImageObject\",\"inLanguage\":\"en-US\",\"@id\":\"https:\/\/www.sestogrado.it\/en\/#\/schema\/logo\/image\/\",\"url\":\"https:\/\/www.sestogrado.it\/wp-content\/uploads\/2015\/03\/sestogrado-favicon.png\",\"contentUrl\":\"https:\/\/www.sestogrado.it\/wp-content\/uploads\/2015\/03\/sestogrado-favicon.png\",\"width\":260,\"height\":260,\"caption\":\"Sestogrado\"},\"image\":{\"@id\":\"https:\/\/www.sestogrado.it\/en\/#\/schema\/logo\/image\/\"},\"sameAs\":[\"https:\/\/www.facebook.com\/pages\/Sestogrado\/1542635979353017?ref=bookmarks\",\"https:\/\/www.youtube.com\/channel\/UC847kAfTkaJsWpc1jtQwr3Q\"],\"hasMerchantReturnPolicy\":{\"@type\":\"MerchantReturnPolicy\",\"merchantReturnLink\":\"https:\/\/www.sestogrado.it\/en\/termini-e-condizioni\/\"}}]}<\/script>\n<meta property=\"product:brand\" content=\"Camp\" \/>\n<meta property=\"product:price:amount\" content=\"149.00\" \/>\n<meta property=\"product:price:currency\" content=\"EUR\" \/>\n<meta property=\"og:availability\" content=\"instock\" \/>\n<meta property=\"product:availability\" content=\"instock\" \/>\n<meta property=\"product:condition\" content=\"new\" \/>\n<!-- \/ Yoast SEO plugin. -->","yoast_head_json":{"title":"Camp Ascent auto\/semi-auto crampon - Sestogrado","description":"Camp Ascent auto\/semi-auto \u00e8 un rampone in acciaio a 10 punte. Il suo design minimalista permette una considerevole riduzione di peso senza interferire nelle prestazioni. La struttura compatta dell'Ascent \u00e8 infatti particolarmente rigida, con punte aggressive che garantiscono notevole trazione e grande stabilit\u00e0. La versatilit\u00e0 \u00e8 assicurata dalla totale intercambiabilit\u00e0 dei sistemi di allacciatura: \u00e8 infatti possibile passare dall'allacciatura automatica alla semiautomatica sostituendo l'archetto frontale con la cuffia inclusa nella confezione (ed eventualmente all'allacciatura universale sostituendo la talloniera di serie con quella specifica disponibile separatamente). L'asta a doppia fila di fori consente una regolazione precisa e veloce della lunghezza, coprendo un range estremamente ampio. La perfetta calzata \u00e8 garantita dalle molteplici regolazioni: l'archetto frontale e la talloniera su 2 posizioni e la leva posteriore su 3 posizioni. L'antibott ad azione attiva impedisce l'accumulo di neve tra le punte.","robots":{"index":"index","follow":"follow","max-snippet":"max-snippet:-1","max-image-preview":"max-image-preview:large","max-video-preview":"max-video-preview:-1"},"canonical":"https:\/\/www.sestogrado.it\/en\/prodotto\/camp-ascent-auto-semi-auto-ramponi\/","og_locale":"en_US","og_type":"article","og_title":"Camp Ascent auto\/semi-auto crampon - Sestogrado","og_description":"Camp Ascent auto\/semi-auto \u00e8 un rampone in acciaio a 10 punte. Il suo design minimalista permette una considerevole riduzione di peso senza interferire nelle prestazioni. La struttura compatta dell'Ascent \u00e8 infatti particolarmente rigida, con punte aggressive che garantiscono notevole trazione e grande stabilit\u00e0. La versatilit\u00e0 \u00e8 assicurata dalla totale intercambiabilit\u00e0 dei sistemi di allacciatura: \u00e8 infatti possibile passare dall'allacciatura automatica alla semiautomatica sostituendo l'archetto frontale con la cuffia inclusa nella confezione (ed eventualmente all'allacciatura universale sostituendo la talloniera di serie con quella specifica disponibile separatamente). L'asta a doppia fila di fori consente una regolazione precisa e veloce della lunghezza, coprendo un range estremamente ampio. La perfetta calzata \u00e8 garantita dalle molteplici regolazioni: l'archetto frontale e la talloniera su 2 posizioni e la leva posteriore su 3 posizioni. L'antibott ad azione attiva impedisce l'accumulo di neve tra le punte.","og_url":"https:\/\/www.sestogrado.it\/en\/prodotto\/camp-ascent-auto-semi-auto-ramponi\/","og_site_name":"Sestogrado","article_publisher":"https:\/\/www.facebook.com\/pages\/Sestogrado\/1542635979353017?ref=bookmarks","article_modified_time":"2026-02-05T11:40:44+00:00","og_image":[{"width":1200,"height":1200,"url":"https:\/\/www.sestogrado.it\/wp-content\/uploads\/2020\/09\/01-9.jpg","type":"image\/jpeg"}],"twitter_misc":{"Price":"&euro;&nbsp;149,00","Availability":"In stock"},"schema":{"@context":"https:\/\/schema.org","@graph":[{"@type":"WebPage","@id":"https:\/\/www.sestogrado.it\/en\/prodotto\/camp-ascent-auto-semi-auto-ramponi\/","url":"https:\/\/www.sestogrado.it\/en\/prodotto\/camp-ascent-auto-semi-auto-ramponi\/","name":"Camp Ascent auto\/semi-auto crampon - Sestogrado","isPartOf":{"@id":"https:\/\/www.sestogrado.it\/en\/#website"},"primaryImageOfPage":{"@id":"https:\/\/www.sestogrado.it\/en\/prodotto\/camp-ascent-auto-semi-auto-ramponi\/#primaryimage"},"image":{"@id":"https:\/\/www.sestogrado.it\/prodotto\/camp-ascent-auto-semi-auto-ramponi\/#primaryimage"},"thumbnailUrl":"https:\/\/www.sestogrado.it\/wp-content\/uploads\/2020\/09\/01-9.jpg","datePublished":"2020-09-24T07:32:27+00:00","dateModified":"2026-02-05T11:40:44+00:00","description":"Camp Ascent auto\/semi-auto \u00e8 un rampone in acciaio a 10 punte. Il suo design minimalista permette una considerevole riduzione di peso senza interferire nelle prestazioni. La struttura compatta dell'Ascent \u00e8 infatti particolarmente rigida, con punte aggressive che garantiscono notevole trazione e grande stabilit\u00e0. La versatilit\u00e0 \u00e8 assicurata dalla totale intercambiabilit\u00e0 dei sistemi di allacciatura: \u00e8 infatti possibile passare dall'allacciatura automatica alla semiautomatica sostituendo l'archetto frontale con la cuffia inclusa nella confezione (ed eventualmente all'allacciatura universale sostituendo la talloniera di serie con quella specifica disponibile separatamente). L'asta a doppia fila di fori consente una regolazione precisa e veloce della lunghezza, coprendo un range estremamente ampio. La perfetta calzata \u00e8 garantita dalle molteplici regolazioni: l'archetto frontale e la talloniera su 2 posizioni e la leva posteriore su 3 posizioni. L'antibott ad azione attiva impedisce l'accumulo di neve tra le punte.","breadcrumb":{"@id":"https:\/\/www.sestogrado.it\/en\/prodotto\/camp-ascent-auto-semi-auto-ramponi\/#breadcrumb"},"inLanguage":"en-US","potentialAction":[{"@type":"ReadAction","target":[["https:\/\/www.sestogrado.it\/en\/prodotto\/camp-ascent-auto-semi-auto-ramponi\/"]]}]},{"@type":"ImageObject","inLanguage":"en-US","@id":"https:\/\/www.sestogrado.it\/en\/prodotto\/camp-ascent-auto-semi-auto-ramponi\/#primaryimage","url":"https:\/\/www.sestogrado.it\/wp-content\/uploads\/2020\/09\/01-9.jpg","contentUrl":"https:\/\/www.sestogrado.it\/wp-content\/uploads\/2020\/09\/01-9.jpg","width":1200,"height":1200,"caption":"camp ascent auto\/semi-auto"},{"@type":"BreadcrumbList","@id":"https:\/\/www.sestogrado.it\/en\/prodotto\/camp-ascent-auto-semi-auto-ramponi\/#breadcrumb","itemListElement":[{"@type":"ListItem","position":1,"name":"Home","item":"https:\/\/www.sestogrado.it\/en\/"},{"@type":"ListItem","position":2,"name":"Shop","item":"https:\/\/www.sestogrado.it\/en\/shop\/"},{"@type":"ListItem","position":3,"name":"Camp Ascent auto\/semi-auto ramponi"}]},{"@type":"WebSite","@id":"https:\/\/www.sestogrado.it\/en\/#website","url":"https:\/\/www.sestogrado.it\/en\/","name":"Sestogrado","description":"yes we climb","publisher":{"@id":"https:\/\/www.sestogrado.it\/en\/#organization"},"potentialAction":[{"@type":"SearchAction","target":{"@type":"EntryPoint","urlTemplate":"https:\/\/www.sestogrado.it\/en\/?s={search_term_string}"},"query-input":{"@type":"PropertyValueSpecification","valueRequired":true,"valueName":"search_term_string"}}],"inLanguage":"en-US"},{"@type":"Organization","@id":"https:\/\/www.sestogrado.it\/en\/#organization","name":"Sestogrado","url":"https:\/\/www.sestogrado.it\/en\/","logo":{"@type":"ImageObject","inLanguage":"en-US","@id":"https:\/\/www.sestogrado.it\/en\/#\/schema\/logo\/image\/","url":"https:\/\/www.sestogrado.it\/wp-content\/uploads\/2015\/03\/sestogrado-favicon.png","contentUrl":"https:\/\/www.sestogrado.it\/wp-content\/uploads\/2015\/03\/sestogrado-favicon.png","width":260,"height":260,"caption":"Sestogrado"},"image":{"@id":"https:\/\/www.sestogrado.it\/en\/#\/schema\/logo\/image\/"},"sameAs":["https:\/\/www.facebook.com\/pages\/Sestogrado\/1542635979353017?ref=bookmarks","https:\/\/www.youtube.com\/channel\/UC847kAfTkaJsWpc1jtQwr3Q"],"hasMerchantReturnPolicy":{"@type":"MerchantReturnPolicy","merchantReturnLink":"https:\/\/www.sestogrado.it\/en\/termini-e-condizioni\/"}}]},"product_brand":"Camp","product_price_amount":"149.00","product_price_currency":"EUR","og_availability":"instock","product_availability":"instock","product_condition":"new"},"_links":{"self":[{"href":"https:\/\/www.sestogrado.it\/en\/wp-json\/wp\/v2\/product\/41463","targetHints":{"allow":["GET"]}}],"collection":[{"href":"https:\/\/www.sestogrado.it\/en\/wp-json\/wp\/v2\/product"}],"about":[{"href":"https:\/\/www.sestogrado.it\/en\/wp-json\/wp\/v2\/types\/product"}],"replies":[{"embeddable":true,"href":"https:\/\/www.sestogrado.it\/en\/wp-json\/wp\/v2\/comments?post=41463"}],"wp:featuredmedia":[{"embeddable":true,"href":"https:\/\/www.sestogrado.it\/en\/wp-json\/wp\/v2\/media\/41464"}],"wp:attachment":[{"href":"https:\/\/www.sestogrado.it\/en\/wp-json\/wp\/v2\/media?parent=41463"}],"wp:term":[{"taxonomy":"product_brand","embeddable":true,"href":"https:\/\/www.sestogrado.it\/en\/wp-json\/wp\/v2\/product_brand?post=41463"},{"taxonomy":"product_cat","embeddable":true,"href":"https:\/\/www.sestogrado.it\/en\/wp-json\/wp\/v2\/product_cat?post=41463"},{"taxonomy":"product_tag","embeddable":true,"href":"https:\/\/www.sestogrado.it\/en\/wp-json\/wp\/v2\/product_tag?post=41463"}],"curies":[{"name":"wp","href":"https:\/\/api.w.org\/{rel}","templated":true}]}}