{"id":41085,"date":"2020-11-20T08:00:31","date_gmt":"2020-11-20T07:00:31","guid":{"rendered":"https:\/\/www.sestogrado.it\/?post_type=product&#038;p=41085"},"modified":"2026-02-07T20:17:50","modified_gmt":"2026-02-07T19:17:50","slug":"camp-cassin-rocket-plus-chiodo-vite-da-ghiaccio","status":"publish","type":"product","link":"https:\/\/www.sestogrado.it\/en\/prodotto\/camp-cassin-rocket-plus-chiodo-vite-da-ghiaccio\/","title":{"rendered":"Cassin Rocket Plus ice screws with integrated Dyneema slings"},"content":{"rendered":"<p>The Rocket Plus uses an integrated Dyneema sling to eliminate the need for a quickdraw. With a Photon Wire carabiner, it is one of the lightest ice screws in the world and has the benefit of being able to be placed and removed while clipped to the rope. The fixed Dyneema sling has two loops for easy operation. The top loop is for racking and short fixing at anchors and the bottom loop is designed to be pre-equipped with a carabiner. The chromoly steel construction is lightweight, strong and durable. The front teeth have been engineered for the fastest placements even in the coldest, most compact ice. Reverse angle threads ensure smooth driving and maximum holding power.<\/p>\n<ul>\n<li>Rocket ice screws with integrated Dyneema slings eliminate the need for a quickdraw<\/li>\n<li>Lightweight, strong and durable chromoly steel construction<\/li>\n<li>Reverse angle threads for smooth driving and maximum holding power<\/li>\n<li>Front teeth are engineered for the fastest and easiest placements even in the coldest, most compact ice<\/li>\n<li>Chromoly steel hanger spins freely on the screw which allows the screw to be placed and removed while clipped to the rope<\/li>\n<li>Fixed Dyneema sling has two loops \u2013 the top loop is for racking and short fixing at anchors, the bottom loop is designed to be pre-equipped with a carabiner<\/li>\n<li>Fixed aluminum alloy levers for the fastest possible placements and differentiated color knobs for easy identification<\/li>\n<li>EN 568 certified<\/li>\n<\/ul>\n<p><\/p>","protected":false},"excerpt":{"rendered":"<p>The Rocket Plus uses an integrated Dyneema sling to eliminate the need for a quickdraw. With a Photon Wire carabiner, [&hellip;]<\/p>\n","protected":false},"featured_media":41087,"comment_status":"open","ping_status":"closed","template":"","meta":{"_acf_changed":false},"product_brand":[31],"product_cat":[1313],"product_tag":[],"class_list":{"0":"post-41085","1":"product","2":"type-product","3":"status-publish","4":"has-post-thumbnail","6":"product_brand-camp","7":"product_cat-viti","9":"first","10":"instock","11":"sale","12":"taxable","13":"shipping-taxable","14":"purchasable","15":"product-type-variable"},"acf":[],"yoast_head":"<!-- This site is optimized with the Yoast SEO plugin v26.4 - https:\/\/yoast.com\/wordpress\/plugins\/seo\/ -->\n<title>Cassin Rocket Plus ice screws with integrated Dyneema slings - Sestogrado<\/title>\n<meta name=\"description\" content=\"I Cassin Rocket Plus sono delle viti da ghiaccio con la fettuccia in Dyneema\u00ae integrata, che eliminano la\u00a0necessit\u00e0 di avere con s\u00e9 i rinvii. Combinate con moschettoni Nano 22 o Photon Wire, sono tra le pi\u00f9 leggere protezioni da ghiaccio sul mercato e offrono il vantaggio di poter essere piazzate e rimosse con la corda rinviata, aumentando la sicurezza del capocordata e riducendo il rischio di perderle da parte del secondo. Le fettucce in Dyneema\u00ae presentano due asole per i moschettoni: la prima, superiore, per il trasporto delle viti sull&#039;imbragatura e l&#039;allestimento di una sosta; la seconda, inferiore, per l&#039;uso come viti preparate e limitare l&#039;attrito delle corde. Le Rocket Plus presentano una costruzione leggera e robusta, con tubo in acciaio al cromo-molibdeno. La filettatura inversa garantisce un&#039;ottima tenuta in ogni situazione mentre la fresa frontale \u00e8 disegnata per posizionamenti facili e veloci anche nel ghiaccio pi\u00f9 freddo e compatto.\" \/>\n<meta name=\"robots\" content=\"index, follow, max-snippet:-1, max-image-preview:large, max-video-preview:-1\" \/>\n<link rel=\"canonical\" href=\"https:\/\/www.sestogrado.it\/en\/prodotto\/camp-cassin-rocket-plus-chiodo-vite-da-ghiaccio\/\" \/>\n<meta property=\"og:locale\" content=\"en_US\" \/>\n<meta property=\"og:type\" content=\"article\" \/>\n<meta property=\"og:title\" content=\"Cassin Rocket Plus ice screws with integrated Dyneema slings - Sestogrado\" \/>\n<meta property=\"og:description\" content=\"I Cassin Rocket Plus sono delle viti da ghiaccio con la fettuccia in Dyneema\u00ae integrata, che eliminano la\u00a0necessit\u00e0 di avere con s\u00e9 i rinvii. Combinate con moschettoni Nano 22 o Photon Wire, sono tra le pi\u00f9 leggere protezioni da ghiaccio sul mercato e offrono il vantaggio di poter essere piazzate e rimosse con la corda rinviata, aumentando la sicurezza del capocordata e riducendo il rischio di perderle da parte del secondo. Le fettucce in Dyneema\u00ae presentano due asole per i moschettoni: la prima, superiore, per il trasporto delle viti sull&#039;imbragatura e l&#039;allestimento di una sosta; la seconda, inferiore, per l&#039;uso come viti preparate e limitare l&#039;attrito delle corde. Le Rocket Plus presentano una costruzione leggera e robusta, con tubo in acciaio al cromo-molibdeno. La filettatura inversa garantisce un&#039;ottima tenuta in ogni situazione mentre la fresa frontale \u00e8 disegnata per posizionamenti facili e veloci anche nel ghiaccio pi\u00f9 freddo e compatto.\" \/>\n<meta property=\"og:url\" content=\"https:\/\/www.sestogrado.it\/en\/prodotto\/camp-cassin-rocket-plus-chiodo-vite-da-ghiaccio\/\" \/>\n<meta property=\"og:site_name\" content=\"Sestogrado\" \/>\n<meta property=\"article:publisher\" content=\"https:\/\/www.facebook.com\/pages\/Sestogrado\/1542635979353017?ref=bookmarks\" \/>\n<meta property=\"article:modified_time\" content=\"2026-02-07T19:17:50+00:00\" \/>\n<meta property=\"og:image\" content=\"https:\/\/www.sestogrado.it\/wp-content\/uploads\/2020\/09\/Rocket-16.jpg\" \/>\n\t<meta property=\"og:image:width\" content=\"1600\" \/>\n\t<meta property=\"og:image:height\" content=\"1600\" \/>\n\t<meta property=\"og:image:type\" content=\"image\/jpeg\" \/>\n<meta name=\"twitter:label1\" content=\"Availability\" \/>\n\t<meta name=\"twitter:data1\" content=\"In stock\" \/>\n<script type=\"application\/ld+json\" class=\"yoast-schema-graph\">{\"@context\":\"https:\/\/schema.org\",\"@graph\":[{\"@type\":\"WebPage\",\"@id\":\"https:\/\/www.sestogrado.it\/en\/prodotto\/camp-cassin-rocket-plus-chiodo-vite-da-ghiaccio\/\",\"url\":\"https:\/\/www.sestogrado.it\/en\/prodotto\/camp-cassin-rocket-plus-chiodo-vite-da-ghiaccio\/\",\"name\":\"Cassin Rocket Plus ice screws with integrated Dyneema slings - Sestogrado\",\"isPartOf\":{\"@id\":\"https:\/\/www.sestogrado.it\/en\/#website\"},\"primaryImageOfPage\":{\"@id\":\"https:\/\/www.sestogrado.it\/en\/prodotto\/camp-cassin-rocket-plus-chiodo-vite-da-ghiaccio\/#primaryimage\"},\"image\":{\"@id\":\"https:\/\/www.sestogrado.it\/prodotto\/camp-cassin-rocket-plus-chiodo-vite-da-ghiaccio\/#primaryimage\"},\"thumbnailUrl\":\"https:\/\/www.sestogrado.it\/wp-content\/uploads\/2020\/09\/Rocket-16.jpg\",\"datePublished\":\"2020-11-20T07:00:31+00:00\",\"dateModified\":\"2026-02-07T19:17:50+00:00\",\"description\":\"I Cassin Rocket Plus sono delle viti da ghiaccio con la fettuccia in Dyneema\u00ae integrata, che eliminano la\u00a0necessit\u00e0 di avere con s\u00e9 i rinvii. Combinate con moschettoni Nano 22 o Photon Wire, sono tra le pi\u00f9 leggere protezioni da ghiaccio sul mercato e offrono il vantaggio di poter essere piazzate e rimosse con la corda rinviata, aumentando la sicurezza del capocordata e riducendo il rischio di perderle da parte del secondo. Le fettucce in Dyneema\u00ae presentano due asole per i moschettoni: la prima, superiore, per il trasporto delle viti sull'imbragatura e l'allestimento di una sosta; la seconda, inferiore, per l'uso come viti preparate e limitare l'attrito delle corde. Le Rocket Plus presentano una costruzione leggera e robusta, con tubo in acciaio al cromo-molibdeno. La filettatura inversa garantisce un'ottima tenuta in ogni situazione mentre la fresa frontale \u00e8 disegnata per posizionamenti facili e veloci anche nel ghiaccio pi\u00f9 freddo e compatto.\",\"breadcrumb\":{\"@id\":\"https:\/\/www.sestogrado.it\/en\/prodotto\/camp-cassin-rocket-plus-chiodo-vite-da-ghiaccio\/#breadcrumb\"},\"inLanguage\":\"en-US\",\"potentialAction\":[{\"@type\":\"ReadAction\",\"target\":[[\"https:\/\/www.sestogrado.it\/en\/prodotto\/camp-cassin-rocket-plus-chiodo-vite-da-ghiaccio\/\"]]}]},{\"@type\":\"ImageObject\",\"inLanguage\":\"en-US\",\"@id\":\"https:\/\/www.sestogrado.it\/en\/prodotto\/camp-cassin-rocket-plus-chiodo-vite-da-ghiaccio\/#primaryimage\",\"url\":\"https:\/\/www.sestogrado.it\/wp-content\/uploads\/2020\/09\/Rocket-16.jpg\",\"contentUrl\":\"https:\/\/www.sestogrado.it\/wp-content\/uploads\/2020\/09\/Rocket-16.jpg\",\"width\":1600,\"height\":1600,\"caption\":\"cassin rocket plus 16\"},{\"@type\":\"BreadcrumbList\",\"@id\":\"https:\/\/www.sestogrado.it\/en\/prodotto\/camp-cassin-rocket-plus-chiodo-vite-da-ghiaccio\/#breadcrumb\",\"itemListElement\":[{\"@type\":\"ListItem\",\"position\":1,\"name\":\"Home\",\"item\":\"https:\/\/www.sestogrado.it\/en\/\"},{\"@type\":\"ListItem\",\"position\":2,\"name\":\"Shop\",\"item\":\"https:\/\/www.sestogrado.it\/en\/shop\/\"},{\"@type\":\"ListItem\",\"position\":3,\"name\":\"Camp Cassin Rocket Plus chiodo vite da ghiaccio\"}]},{\"@type\":\"WebSite\",\"@id\":\"https:\/\/www.sestogrado.it\/en\/#website\",\"url\":\"https:\/\/www.sestogrado.it\/en\/\",\"name\":\"Sestogrado\",\"description\":\"yes we climb\",\"publisher\":{\"@id\":\"https:\/\/www.sestogrado.it\/en\/#organization\"},\"potentialAction\":[{\"@type\":\"SearchAction\",\"target\":{\"@type\":\"EntryPoint\",\"urlTemplate\":\"https:\/\/www.sestogrado.it\/en\/?s={search_term_string}\"},\"query-input\":{\"@type\":\"PropertyValueSpecification\",\"valueRequired\":true,\"valueName\":\"search_term_string\"}}],\"inLanguage\":\"en-US\"},{\"@type\":\"Organization\",\"@id\":\"https:\/\/www.sestogrado.it\/en\/#organization\",\"name\":\"Sestogrado\",\"url\":\"https:\/\/www.sestogrado.it\/en\/\",\"logo\":{\"@type\":\"ImageObject\",\"inLanguage\":\"en-US\",\"@id\":\"https:\/\/www.sestogrado.it\/en\/#\/schema\/logo\/image\/\",\"url\":\"https:\/\/www.sestogrado.it\/wp-content\/uploads\/2015\/03\/sestogrado-favicon.png\",\"contentUrl\":\"https:\/\/www.sestogrado.it\/wp-content\/uploads\/2015\/03\/sestogrado-favicon.png\",\"width\":260,\"height\":260,\"caption\":\"Sestogrado\"},\"image\":{\"@id\":\"https:\/\/www.sestogrado.it\/en\/#\/schema\/logo\/image\/\"},\"sameAs\":[\"https:\/\/www.facebook.com\/pages\/Sestogrado\/1542635979353017?ref=bookmarks\",\"https:\/\/www.youtube.com\/channel\/UC847kAfTkaJsWpc1jtQwr3Q\"],\"hasMerchantReturnPolicy\":{\"@type\":\"MerchantReturnPolicy\",\"merchantReturnLink\":\"https:\/\/www.sestogrado.it\/en\/termini-e-condizioni\/\"}}]}<\/script>\n<meta property=\"product:brand\" content=\"Camp\" \/>\n<meta property=\"og:availability\" content=\"instock\" \/>\n<meta property=\"product:availability\" content=\"instock\" \/>\n<meta property=\"product:condition\" content=\"new\" \/>\n<!-- \/ Yoast SEO plugin. -->","yoast_head_json":{"title":"Cassin Rocket Plus ice screws with integrated Dyneema slings - Sestogrado","description":"I Cassin Rocket Plus sono delle viti da ghiaccio con la fettuccia in Dyneema\u00ae integrata, che eliminano la\u00a0necessit\u00e0 di avere con s\u00e9 i rinvii. Combinate con moschettoni Nano 22 o Photon Wire, sono tra le pi\u00f9 leggere protezioni da ghiaccio sul mercato e offrono il vantaggio di poter essere piazzate e rimosse con la corda rinviata, aumentando la sicurezza del capocordata e riducendo il rischio di perderle da parte del secondo. Le fettucce in Dyneema\u00ae presentano due asole per i moschettoni: la prima, superiore, per il trasporto delle viti sull'imbragatura e l'allestimento di una sosta; la seconda, inferiore, per l'uso come viti preparate e limitare l'attrito delle corde. Le Rocket Plus presentano una costruzione leggera e robusta, con tubo in acciaio al cromo-molibdeno. La filettatura inversa garantisce un'ottima tenuta in ogni situazione mentre la fresa frontale \u00e8 disegnata per posizionamenti facili e veloci anche nel ghiaccio pi\u00f9 freddo e compatto.","robots":{"index":"index","follow":"follow","max-snippet":"max-snippet:-1","max-image-preview":"max-image-preview:large","max-video-preview":"max-video-preview:-1"},"canonical":"https:\/\/www.sestogrado.it\/en\/prodotto\/camp-cassin-rocket-plus-chiodo-vite-da-ghiaccio\/","og_locale":"en_US","og_type":"article","og_title":"Cassin Rocket Plus ice screws with integrated Dyneema slings - Sestogrado","og_description":"I Cassin Rocket Plus sono delle viti da ghiaccio con la fettuccia in Dyneema\u00ae integrata, che eliminano la\u00a0necessit\u00e0 di avere con s\u00e9 i rinvii. Combinate con moschettoni Nano 22 o Photon Wire, sono tra le pi\u00f9 leggere protezioni da ghiaccio sul mercato e offrono il vantaggio di poter essere piazzate e rimosse con la corda rinviata, aumentando la sicurezza del capocordata e riducendo il rischio di perderle da parte del secondo. Le fettucce in Dyneema\u00ae presentano due asole per i moschettoni: la prima, superiore, per il trasporto delle viti sull'imbragatura e l'allestimento di una sosta; la seconda, inferiore, per l'uso come viti preparate e limitare l'attrito delle corde. Le Rocket Plus presentano una costruzione leggera e robusta, con tubo in acciaio al cromo-molibdeno. La filettatura inversa garantisce un'ottima tenuta in ogni situazione mentre la fresa frontale \u00e8 disegnata per posizionamenti facili e veloci anche nel ghiaccio pi\u00f9 freddo e compatto.","og_url":"https:\/\/www.sestogrado.it\/en\/prodotto\/camp-cassin-rocket-plus-chiodo-vite-da-ghiaccio\/","og_site_name":"Sestogrado","article_publisher":"https:\/\/www.facebook.com\/pages\/Sestogrado\/1542635979353017?ref=bookmarks","article_modified_time":"2026-02-07T19:17:50+00:00","og_image":[{"width":1600,"height":1600,"url":"https:\/\/www.sestogrado.it\/wp-content\/uploads\/2020\/09\/Rocket-16.jpg","type":"image\/jpeg"}],"twitter_misc":{"Availability":"In stock"},"schema":{"@context":"https:\/\/schema.org","@graph":[{"@type":"WebPage","@id":"https:\/\/www.sestogrado.it\/en\/prodotto\/camp-cassin-rocket-plus-chiodo-vite-da-ghiaccio\/","url":"https:\/\/www.sestogrado.it\/en\/prodotto\/camp-cassin-rocket-plus-chiodo-vite-da-ghiaccio\/","name":"Cassin Rocket Plus ice screws with integrated Dyneema slings - Sestogrado","isPartOf":{"@id":"https:\/\/www.sestogrado.it\/en\/#website"},"primaryImageOfPage":{"@id":"https:\/\/www.sestogrado.it\/en\/prodotto\/camp-cassin-rocket-plus-chiodo-vite-da-ghiaccio\/#primaryimage"},"image":{"@id":"https:\/\/www.sestogrado.it\/prodotto\/camp-cassin-rocket-plus-chiodo-vite-da-ghiaccio\/#primaryimage"},"thumbnailUrl":"https:\/\/www.sestogrado.it\/wp-content\/uploads\/2020\/09\/Rocket-16.jpg","datePublished":"2020-11-20T07:00:31+00:00","dateModified":"2026-02-07T19:17:50+00:00","description":"I Cassin Rocket Plus sono delle viti da ghiaccio con la fettuccia in Dyneema\u00ae integrata, che eliminano la\u00a0necessit\u00e0 di avere con s\u00e9 i rinvii. Combinate con moschettoni Nano 22 o Photon Wire, sono tra le pi\u00f9 leggere protezioni da ghiaccio sul mercato e offrono il vantaggio di poter essere piazzate e rimosse con la corda rinviata, aumentando la sicurezza del capocordata e riducendo il rischio di perderle da parte del secondo. Le fettucce in Dyneema\u00ae presentano due asole per i moschettoni: la prima, superiore, per il trasporto delle viti sull'imbragatura e l'allestimento di una sosta; la seconda, inferiore, per l'uso come viti preparate e limitare l'attrito delle corde. Le Rocket Plus presentano una costruzione leggera e robusta, con tubo in acciaio al cromo-molibdeno. La filettatura inversa garantisce un'ottima tenuta in ogni situazione mentre la fresa frontale \u00e8 disegnata per posizionamenti facili e veloci anche nel ghiaccio pi\u00f9 freddo e compatto.","breadcrumb":{"@id":"https:\/\/www.sestogrado.it\/en\/prodotto\/camp-cassin-rocket-plus-chiodo-vite-da-ghiaccio\/#breadcrumb"},"inLanguage":"en-US","potentialAction":[{"@type":"ReadAction","target":[["https:\/\/www.sestogrado.it\/en\/prodotto\/camp-cassin-rocket-plus-chiodo-vite-da-ghiaccio\/"]]}]},{"@type":"ImageObject","inLanguage":"en-US","@id":"https:\/\/www.sestogrado.it\/en\/prodotto\/camp-cassin-rocket-plus-chiodo-vite-da-ghiaccio\/#primaryimage","url":"https:\/\/www.sestogrado.it\/wp-content\/uploads\/2020\/09\/Rocket-16.jpg","contentUrl":"https:\/\/www.sestogrado.it\/wp-content\/uploads\/2020\/09\/Rocket-16.jpg","width":1600,"height":1600,"caption":"cassin rocket plus 16"},{"@type":"BreadcrumbList","@id":"https:\/\/www.sestogrado.it\/en\/prodotto\/camp-cassin-rocket-plus-chiodo-vite-da-ghiaccio\/#breadcrumb","itemListElement":[{"@type":"ListItem","position":1,"name":"Home","item":"https:\/\/www.sestogrado.it\/en\/"},{"@type":"ListItem","position":2,"name":"Shop","item":"https:\/\/www.sestogrado.it\/en\/shop\/"},{"@type":"ListItem","position":3,"name":"Camp Cassin Rocket Plus chiodo vite da ghiaccio"}]},{"@type":"WebSite","@id":"https:\/\/www.sestogrado.it\/en\/#website","url":"https:\/\/www.sestogrado.it\/en\/","name":"Sestogrado","description":"yes we climb","publisher":{"@id":"https:\/\/www.sestogrado.it\/en\/#organization"},"potentialAction":[{"@type":"SearchAction","target":{"@type":"EntryPoint","urlTemplate":"https:\/\/www.sestogrado.it\/en\/?s={search_term_string}"},"query-input":{"@type":"PropertyValueSpecification","valueRequired":true,"valueName":"search_term_string"}}],"inLanguage":"en-US"},{"@type":"Organization","@id":"https:\/\/www.sestogrado.it\/en\/#organization","name":"Sestogrado","url":"https:\/\/www.sestogrado.it\/en\/","logo":{"@type":"ImageObject","inLanguage":"en-US","@id":"https:\/\/www.sestogrado.it\/en\/#\/schema\/logo\/image\/","url":"https:\/\/www.sestogrado.it\/wp-content\/uploads\/2015\/03\/sestogrado-favicon.png","contentUrl":"https:\/\/www.sestogrado.it\/wp-content\/uploads\/2015\/03\/sestogrado-favicon.png","width":260,"height":260,"caption":"Sestogrado"},"image":{"@id":"https:\/\/www.sestogrado.it\/en\/#\/schema\/logo\/image\/"},"sameAs":["https:\/\/www.facebook.com\/pages\/Sestogrado\/1542635979353017?ref=bookmarks","https:\/\/www.youtube.com\/channel\/UC847kAfTkaJsWpc1jtQwr3Q"],"hasMerchantReturnPolicy":{"@type":"MerchantReturnPolicy","merchantReturnLink":"https:\/\/www.sestogrado.it\/en\/termini-e-condizioni\/"}}]},"product_brand":"Camp","og_availability":"instock","product_availability":"instock","product_condition":"new"},"_links":{"self":[{"href":"https:\/\/www.sestogrado.it\/en\/wp-json\/wp\/v2\/product\/41085","targetHints":{"allow":["GET"]}}],"collection":[{"href":"https:\/\/www.sestogrado.it\/en\/wp-json\/wp\/v2\/product"}],"about":[{"href":"https:\/\/www.sestogrado.it\/en\/wp-json\/wp\/v2\/types\/product"}],"replies":[{"embeddable":true,"href":"https:\/\/www.sestogrado.it\/en\/wp-json\/wp\/v2\/comments?post=41085"}],"wp:featuredmedia":[{"embeddable":true,"href":"https:\/\/www.sestogrado.it\/en\/wp-json\/wp\/v2\/media\/41087"}],"wp:attachment":[{"href":"https:\/\/www.sestogrado.it\/en\/wp-json\/wp\/v2\/media?parent=41085"}],"wp:term":[{"taxonomy":"product_brand","embeddable":true,"href":"https:\/\/www.sestogrado.it\/en\/wp-json\/wp\/v2\/product_brand?post=41085"},{"taxonomy":"product_cat","embeddable":true,"href":"https:\/\/www.sestogrado.it\/en\/wp-json\/wp\/v2\/product_cat?post=41085"},{"taxonomy":"product_tag","embeddable":true,"href":"https:\/\/www.sestogrado.it\/en\/wp-json\/wp\/v2\/product_tag?post=41085"}],"curies":[{"name":"wp","href":"https:\/\/api.w.org\/{rel}","templated":true}]}}