{"id":408,"date":"2015-03-10T19:15:43","date_gmt":"2015-03-10T18:15:43","guid":{"rendered":"http:\/\/www.sestogrado.it\/?post_type=product&#038;p=408"},"modified":"2025-12-05T17:26:20","modified_gmt":"2025-12-05T16:26:20","slug":"camp-photon-lock-moschettone-a-ghiera-superleggero","status":"publish","type":"product","link":"https:\/\/www.sestogrado.it\/en\/prodotto\/camp-photon-lock-moschettone-a-ghiera-superleggero\/","title":{"rendered":"Camp Photon Lock screwgate carabiner"},"content":{"rendered":"<p>The Photon Lock is the anchor biner of choice for alpinists and multi-pitch climbers. Its full-size design gives it great versatility for any kind of climbing \u2013 this is especially noticeable while wearing gloves. The patented SphereLock closure \u00a0minimizes play between the gate and nose for enhanced safety and performance, and the new body design increases rigidity and strength without increasing weight.<\/p>\n<ul>\n<li>Our lightest locking carabiner<\/li>\n<li>New slim nose profile features our proprietary SphereLock closure that minimizes play between the gate and nose for enhanced safety and performance<\/li>\n<li>Optimized new body design increases rigidity and strength without increasing weight<\/li>\n<li>Full-size design is great for use while wearing gloves<\/li>\n<\/ul>\n<p>&nbsp;<\/p>\n<p>CAMP (Concezione Articoli Montagna Premana) is situated in the small mountain village of Premana, Italy. This is a place where history, experience, imagination, and verticality have coalesced into a veritable crucible of mountain culture and product engineering. A century and a quarter of innovation that begins with the origins of modern mountaineering and ends with CAMP\u2019s global reputation for producing the lightest piece of gear in nearly every category.<\/p>","protected":false},"excerpt":{"rendered":"<p>The Photon Lock is the anchor biner of choice for alpinists and multi-pitch climbers. Its full-size design gives it great [&hellip;]<\/p>\n","protected":false},"featured_media":35196,"comment_status":"open","ping_status":"closed","template":"","meta":{"_acf_changed":false},"product_brand":[31],"product_cat":[17,132],"product_tag":[],"class_list":{"0":"post-408","1":"product","2":"type-product","3":"status-publish","4":"has-post-thumbnail","6":"product_brand-camp","7":"product_cat-ferramenta","8":"product_cat-moschettoni","10":"first","11":"instock","12":"sale","13":"taxable","14":"shipping-taxable","15":"purchasable","16":"product-type-variable"},"acf":[],"yoast_head":"<!-- This site is optimized with the Yoast SEO plugin v26.4 - https:\/\/yoast.com\/wordpress\/plugins\/seo\/ -->\n<title>Camp Photon Lock screwgate carabiner - Sestogrado<\/title>\n<meta name=\"description\" content=\"I moschettoni a ghiera leggeri sono delle rarit\u00e0, specialmente se di dimensioni full-size.Il Photon, moschettone a ghiera superleggero con chiusura SphereLock brevettato \u00e8 uno di questi, unendo brillantemente entrambe le caratteristiche. Proprio per le sue dimensioni \u00e8 comodo da usare anche indossando i guanti ed \u00e8 quindi ideale per l\u2019alpinismo, dove la leggerezza \u00e8 fondamentale. Il naso particolarmente sottile, con chiusura SphereLock super sottile, permette di agganciarlo e rimuoverlo facilmente da fettucce, cordini e chiodi, facendone il moschettone ideale per le soste.\" \/>\n<meta name=\"robots\" content=\"index, follow, max-snippet:-1, max-image-preview:large, max-video-preview:-1\" \/>\n<link rel=\"canonical\" href=\"https:\/\/www.sestogrado.it\/en\/prodotto\/camp-photon-lock-moschettone-a-ghiera-superleggero\/\" \/>\n<meta property=\"og:locale\" content=\"en_US\" \/>\n<meta property=\"og:type\" content=\"article\" \/>\n<meta property=\"og:title\" content=\"Camp Photon Lock screwgate carabiner - Sestogrado\" \/>\n<meta property=\"og:description\" content=\"I moschettoni a ghiera leggeri sono delle rarit\u00e0, specialmente se di dimensioni full-size.Il Photon, moschettone a ghiera superleggero con chiusura SphereLock brevettato \u00e8 uno di questi, unendo brillantemente entrambe le caratteristiche. Proprio per le sue dimensioni \u00e8 comodo da usare anche indossando i guanti ed \u00e8 quindi ideale per l\u2019alpinismo, dove la leggerezza \u00e8 fondamentale. Il naso particolarmente sottile, con chiusura SphereLock super sottile, permette di agganciarlo e rimuoverlo facilmente da fettucce, cordini e chiodi, facendone il moschettone ideale per le soste.\" \/>\n<meta property=\"og:url\" content=\"https:\/\/www.sestogrado.it\/en\/prodotto\/camp-photon-lock-moschettone-a-ghiera-superleggero\/\" \/>\n<meta property=\"og:site_name\" content=\"Sestogrado\" \/>\n<meta property=\"article:publisher\" content=\"https:\/\/www.facebook.com\/pages\/Sestogrado\/1542635979353017?ref=bookmarks\" \/>\n<meta property=\"article:modified_time\" content=\"2025-12-05T16:26:20+00:00\" \/>\n<meta property=\"og:image\" content=\"https:\/\/www.sestogrado.it\/wp-content\/uploads\/2015\/03\/02-7.jpg\" \/>\n\t<meta property=\"og:image:width\" content=\"1400\" \/>\n\t<meta property=\"og:image:height\" content=\"1400\" \/>\n\t<meta property=\"og:image:type\" content=\"image\/jpeg\" \/>\n<meta name=\"twitter:label1\" content=\"Availability\" \/>\n\t<meta name=\"twitter:data1\" content=\"In stock\" \/>\n<script type=\"application\/ld+json\" class=\"yoast-schema-graph\">{\"@context\":\"https:\/\/schema.org\",\"@graph\":[{\"@type\":\"WebPage\",\"@id\":\"https:\/\/www.sestogrado.it\/en\/prodotto\/camp-photon-lock-moschettone-a-ghiera-superleggero\/\",\"url\":\"https:\/\/www.sestogrado.it\/en\/prodotto\/camp-photon-lock-moschettone-a-ghiera-superleggero\/\",\"name\":\"Camp Photon Lock screwgate carabiner - Sestogrado\",\"isPartOf\":{\"@id\":\"https:\/\/www.sestogrado.it\/en\/#website\"},\"primaryImageOfPage\":{\"@id\":\"https:\/\/www.sestogrado.it\/en\/prodotto\/camp-photon-lock-moschettone-a-ghiera-superleggero\/#primaryimage\"},\"image\":{\"@id\":\"https:\/\/www.sestogrado.it\/prodotto\/camp-photon-lock-moschettone-a-ghiera-superleggero\/#primaryimage\"},\"thumbnailUrl\":\"https:\/\/www.sestogrado.it\/wp-content\/uploads\/2015\/03\/02-7.jpg\",\"datePublished\":\"2015-03-10T18:15:43+00:00\",\"dateModified\":\"2025-12-05T16:26:20+00:00\",\"description\":\"I moschettoni a ghiera leggeri sono delle rarit\u00e0, specialmente se di dimensioni full-size.Il Photon, moschettone a ghiera superleggero con chiusura SphereLock brevettato \u00e8 uno di questi, unendo brillantemente entrambe le caratteristiche. Proprio per le sue dimensioni \u00e8 comodo da usare anche indossando i guanti ed \u00e8 quindi ideale per l\u2019alpinismo, dove la leggerezza \u00e8 fondamentale. Il naso particolarmente sottile, con chiusura SphereLock super sottile, permette di agganciarlo e rimuoverlo facilmente da fettucce, cordini e chiodi, facendone il moschettone ideale per le soste.\",\"breadcrumb\":{\"@id\":\"https:\/\/www.sestogrado.it\/en\/prodotto\/camp-photon-lock-moschettone-a-ghiera-superleggero\/#breadcrumb\"},\"inLanguage\":\"en-US\",\"potentialAction\":[{\"@type\":\"ReadAction\",\"target\":[[\"https:\/\/www.sestogrado.it\/en\/prodotto\/camp-photon-lock-moschettone-a-ghiera-superleggero\/\"]]}]},{\"@type\":\"ImageObject\",\"inLanguage\":\"en-US\",\"@id\":\"https:\/\/www.sestogrado.it\/en\/prodotto\/camp-photon-lock-moschettone-a-ghiera-superleggero\/#primaryimage\",\"url\":\"https:\/\/www.sestogrado.it\/wp-content\/uploads\/2015\/03\/02-7.jpg\",\"contentUrl\":\"https:\/\/www.sestogrado.it\/wp-content\/uploads\/2015\/03\/02-7.jpg\",\"width\":1400,\"height\":1400,\"caption\":\"camp photon lock canna fucile\"},{\"@type\":\"BreadcrumbList\",\"@id\":\"https:\/\/www.sestogrado.it\/en\/prodotto\/camp-photon-lock-moschettone-a-ghiera-superleggero\/#breadcrumb\",\"itemListElement\":[{\"@type\":\"ListItem\",\"position\":1,\"name\":\"Home\",\"item\":\"https:\/\/www.sestogrado.it\/en\/\"},{\"@type\":\"ListItem\",\"position\":2,\"name\":\"Shop\",\"item\":\"https:\/\/www.sestogrado.it\/en\/shop\/\"},{\"@type\":\"ListItem\",\"position\":3,\"name\":\"Camp Photon Lock moschettone a ghiera\"}]},{\"@type\":\"WebSite\",\"@id\":\"https:\/\/www.sestogrado.it\/en\/#website\",\"url\":\"https:\/\/www.sestogrado.it\/en\/\",\"name\":\"Sestogrado\",\"description\":\"yes we climb\",\"publisher\":{\"@id\":\"https:\/\/www.sestogrado.it\/en\/#organization\"},\"potentialAction\":[{\"@type\":\"SearchAction\",\"target\":{\"@type\":\"EntryPoint\",\"urlTemplate\":\"https:\/\/www.sestogrado.it\/en\/?s={search_term_string}\"},\"query-input\":{\"@type\":\"PropertyValueSpecification\",\"valueRequired\":true,\"valueName\":\"search_term_string\"}}],\"inLanguage\":\"en-US\"},{\"@type\":\"Organization\",\"@id\":\"https:\/\/www.sestogrado.it\/en\/#organization\",\"name\":\"Sestogrado\",\"url\":\"https:\/\/www.sestogrado.it\/en\/\",\"logo\":{\"@type\":\"ImageObject\",\"inLanguage\":\"en-US\",\"@id\":\"https:\/\/www.sestogrado.it\/en\/#\/schema\/logo\/image\/\",\"url\":\"https:\/\/www.sestogrado.it\/wp-content\/uploads\/2015\/03\/sestogrado-favicon.png\",\"contentUrl\":\"https:\/\/www.sestogrado.it\/wp-content\/uploads\/2015\/03\/sestogrado-favicon.png\",\"width\":260,\"height\":260,\"caption\":\"Sestogrado\"},\"image\":{\"@id\":\"https:\/\/www.sestogrado.it\/en\/#\/schema\/logo\/image\/\"},\"sameAs\":[\"https:\/\/www.facebook.com\/pages\/Sestogrado\/1542635979353017?ref=bookmarks\",\"https:\/\/www.youtube.com\/channel\/UC847kAfTkaJsWpc1jtQwr3Q\"],\"hasMerchantReturnPolicy\":{\"@type\":\"MerchantReturnPolicy\",\"merchantReturnLink\":\"https:\/\/www.sestogrado.it\/en\/termini-e-condizioni\/\"}}]}<\/script>\n<meta property=\"product:brand\" content=\"Camp\" \/>\n<meta property=\"og:availability\" content=\"instock\" \/>\n<meta property=\"product:availability\" content=\"instock\" \/>\n<meta property=\"product:condition\" content=\"new\" \/>\n<!-- \/ Yoast SEO plugin. -->","yoast_head_json":{"title":"Camp Photon Lock screwgate carabiner - Sestogrado","description":"I moschettoni a ghiera leggeri sono delle rarit\u00e0, specialmente se di dimensioni full-size.Il Photon, moschettone a ghiera superleggero con chiusura SphereLock brevettato \u00e8 uno di questi, unendo brillantemente entrambe le caratteristiche. Proprio per le sue dimensioni \u00e8 comodo da usare anche indossando i guanti ed \u00e8 quindi ideale per l\u2019alpinismo, dove la leggerezza \u00e8 fondamentale. Il naso particolarmente sottile, con chiusura SphereLock super sottile, permette di agganciarlo e rimuoverlo facilmente da fettucce, cordini e chiodi, facendone il moschettone ideale per le soste.","robots":{"index":"index","follow":"follow","max-snippet":"max-snippet:-1","max-image-preview":"max-image-preview:large","max-video-preview":"max-video-preview:-1"},"canonical":"https:\/\/www.sestogrado.it\/en\/prodotto\/camp-photon-lock-moschettone-a-ghiera-superleggero\/","og_locale":"en_US","og_type":"article","og_title":"Camp Photon Lock screwgate carabiner - Sestogrado","og_description":"I moschettoni a ghiera leggeri sono delle rarit\u00e0, specialmente se di dimensioni full-size.Il Photon, moschettone a ghiera superleggero con chiusura SphereLock brevettato \u00e8 uno di questi, unendo brillantemente entrambe le caratteristiche. Proprio per le sue dimensioni \u00e8 comodo da usare anche indossando i guanti ed \u00e8 quindi ideale per l\u2019alpinismo, dove la leggerezza \u00e8 fondamentale. Il naso particolarmente sottile, con chiusura SphereLock super sottile, permette di agganciarlo e rimuoverlo facilmente da fettucce, cordini e chiodi, facendone il moschettone ideale per le soste.","og_url":"https:\/\/www.sestogrado.it\/en\/prodotto\/camp-photon-lock-moschettone-a-ghiera-superleggero\/","og_site_name":"Sestogrado","article_publisher":"https:\/\/www.facebook.com\/pages\/Sestogrado\/1542635979353017?ref=bookmarks","article_modified_time":"2025-12-05T16:26:20+00:00","og_image":[{"width":1400,"height":1400,"url":"https:\/\/www.sestogrado.it\/wp-content\/uploads\/2015\/03\/02-7.jpg","type":"image\/jpeg"}],"twitter_misc":{"Availability":"In stock"},"schema":{"@context":"https:\/\/schema.org","@graph":[{"@type":"WebPage","@id":"https:\/\/www.sestogrado.it\/en\/prodotto\/camp-photon-lock-moschettone-a-ghiera-superleggero\/","url":"https:\/\/www.sestogrado.it\/en\/prodotto\/camp-photon-lock-moschettone-a-ghiera-superleggero\/","name":"Camp Photon Lock screwgate carabiner - Sestogrado","isPartOf":{"@id":"https:\/\/www.sestogrado.it\/en\/#website"},"primaryImageOfPage":{"@id":"https:\/\/www.sestogrado.it\/en\/prodotto\/camp-photon-lock-moschettone-a-ghiera-superleggero\/#primaryimage"},"image":{"@id":"https:\/\/www.sestogrado.it\/prodotto\/camp-photon-lock-moschettone-a-ghiera-superleggero\/#primaryimage"},"thumbnailUrl":"https:\/\/www.sestogrado.it\/wp-content\/uploads\/2015\/03\/02-7.jpg","datePublished":"2015-03-10T18:15:43+00:00","dateModified":"2025-12-05T16:26:20+00:00","description":"I moschettoni a ghiera leggeri sono delle rarit\u00e0, specialmente se di dimensioni full-size.Il Photon, moschettone a ghiera superleggero con chiusura SphereLock brevettato \u00e8 uno di questi, unendo brillantemente entrambe le caratteristiche. Proprio per le sue dimensioni \u00e8 comodo da usare anche indossando i guanti ed \u00e8 quindi ideale per l\u2019alpinismo, dove la leggerezza \u00e8 fondamentale. Il naso particolarmente sottile, con chiusura SphereLock super sottile, permette di agganciarlo e rimuoverlo facilmente da fettucce, cordini e chiodi, facendone il moschettone ideale per le soste.","breadcrumb":{"@id":"https:\/\/www.sestogrado.it\/en\/prodotto\/camp-photon-lock-moschettone-a-ghiera-superleggero\/#breadcrumb"},"inLanguage":"en-US","potentialAction":[{"@type":"ReadAction","target":[["https:\/\/www.sestogrado.it\/en\/prodotto\/camp-photon-lock-moschettone-a-ghiera-superleggero\/"]]}]},{"@type":"ImageObject","inLanguage":"en-US","@id":"https:\/\/www.sestogrado.it\/en\/prodotto\/camp-photon-lock-moschettone-a-ghiera-superleggero\/#primaryimage","url":"https:\/\/www.sestogrado.it\/wp-content\/uploads\/2015\/03\/02-7.jpg","contentUrl":"https:\/\/www.sestogrado.it\/wp-content\/uploads\/2015\/03\/02-7.jpg","width":1400,"height":1400,"caption":"camp photon lock canna fucile"},{"@type":"BreadcrumbList","@id":"https:\/\/www.sestogrado.it\/en\/prodotto\/camp-photon-lock-moschettone-a-ghiera-superleggero\/#breadcrumb","itemListElement":[{"@type":"ListItem","position":1,"name":"Home","item":"https:\/\/www.sestogrado.it\/en\/"},{"@type":"ListItem","position":2,"name":"Shop","item":"https:\/\/www.sestogrado.it\/en\/shop\/"},{"@type":"ListItem","position":3,"name":"Camp Photon Lock moschettone a ghiera"}]},{"@type":"WebSite","@id":"https:\/\/www.sestogrado.it\/en\/#website","url":"https:\/\/www.sestogrado.it\/en\/","name":"Sestogrado","description":"yes we climb","publisher":{"@id":"https:\/\/www.sestogrado.it\/en\/#organization"},"potentialAction":[{"@type":"SearchAction","target":{"@type":"EntryPoint","urlTemplate":"https:\/\/www.sestogrado.it\/en\/?s={search_term_string}"},"query-input":{"@type":"PropertyValueSpecification","valueRequired":true,"valueName":"search_term_string"}}],"inLanguage":"en-US"},{"@type":"Organization","@id":"https:\/\/www.sestogrado.it\/en\/#organization","name":"Sestogrado","url":"https:\/\/www.sestogrado.it\/en\/","logo":{"@type":"ImageObject","inLanguage":"en-US","@id":"https:\/\/www.sestogrado.it\/en\/#\/schema\/logo\/image\/","url":"https:\/\/www.sestogrado.it\/wp-content\/uploads\/2015\/03\/sestogrado-favicon.png","contentUrl":"https:\/\/www.sestogrado.it\/wp-content\/uploads\/2015\/03\/sestogrado-favicon.png","width":260,"height":260,"caption":"Sestogrado"},"image":{"@id":"https:\/\/www.sestogrado.it\/en\/#\/schema\/logo\/image\/"},"sameAs":["https:\/\/www.facebook.com\/pages\/Sestogrado\/1542635979353017?ref=bookmarks","https:\/\/www.youtube.com\/channel\/UC847kAfTkaJsWpc1jtQwr3Q"],"hasMerchantReturnPolicy":{"@type":"MerchantReturnPolicy","merchantReturnLink":"https:\/\/www.sestogrado.it\/en\/termini-e-condizioni\/"}}]},"product_brand":"Camp","og_availability":"instock","product_availability":"instock","product_condition":"new"},"_links":{"self":[{"href":"https:\/\/www.sestogrado.it\/en\/wp-json\/wp\/v2\/product\/408","targetHints":{"allow":["GET"]}}],"collection":[{"href":"https:\/\/www.sestogrado.it\/en\/wp-json\/wp\/v2\/product"}],"about":[{"href":"https:\/\/www.sestogrado.it\/en\/wp-json\/wp\/v2\/types\/product"}],"replies":[{"embeddable":true,"href":"https:\/\/www.sestogrado.it\/en\/wp-json\/wp\/v2\/comments?post=408"}],"wp:featuredmedia":[{"embeddable":true,"href":"https:\/\/www.sestogrado.it\/en\/wp-json\/wp\/v2\/media\/35196"}],"wp:attachment":[{"href":"https:\/\/www.sestogrado.it\/en\/wp-json\/wp\/v2\/media?parent=408"}],"wp:term":[{"taxonomy":"product_brand","embeddable":true,"href":"https:\/\/www.sestogrado.it\/en\/wp-json\/wp\/v2\/product_brand?post=408"},{"taxonomy":"product_cat","embeddable":true,"href":"https:\/\/www.sestogrado.it\/en\/wp-json\/wp\/v2\/product_cat?post=408"},{"taxonomy":"product_tag","embeddable":true,"href":"https:\/\/www.sestogrado.it\/en\/wp-json\/wp\/v2\/product_tag?post=408"}],"curies":[{"name":"wp","href":"https:\/\/api.w.org\/{rel}","templated":true}]}}